{"id":6515,"date":"2022-11-22T17:53:32","date_gmt":"2022-11-22T17:53:32","guid":{"rendered":"https:\/\/mumablue.com\/blog\/?page_id=6515"},"modified":"2025-06-02T16:27:39","modified_gmt":"2025-06-02T16:27:39","slug":"cuentos-sobre-empatia-para-ninos-audiocuentos-gratis","status":"publish","type":"page","link":"https:\/\/www.mumablue.com\/blog\/cuentos-sobre-empatia-para-ninos-audiocuentos-gratis\/","title":{"rendered":"Cuentos sobre empat\u00eda para ni\u00f1os + audiocuentos gratis"},"content":{"rendered":"<p><img decoding=\"async\" loading=\"lazy\" class=\"alignnone size-full wp-image-6532\" src=\"https:\/\/www.mumablue.com\/blog\/wp-content\/uploads\/2022\/11\/Cuentos-de-empat\u00eda.jpg\" alt=\"Cuentos sobre empat\u00eda para ni\u00f1os\" width=\"500\" height=\"500\" srcset=\"https:\/\/www.mumablue.com\/blog\/wp-content\/uploads\/2022\/11\/Cuentos-de-empat\u00eda.jpg 500w, https:\/\/www.mumablue.com\/blog\/wp-content\/uploads\/2022\/11\/Cuentos-de-empat\u00eda-300x300.jpg 300w, https:\/\/www.mumablue.com\/blog\/wp-content\/uploads\/2022\/11\/Cuentos-de-empat\u00eda-150x150.jpg 150w\" sizes=\"(max-width: 500px) 100vw, 500px\" \/><\/p>\n<p>La comprensi\u00f3n de los sentimientos de otras personas <strong>es un valor que debe cultivarse desde la infancia<\/strong>, por eso son munchos los padres que buscan cuentos sobre empat\u00eda para ni\u00f1os que les ayuden a desarrollar la habilidad de colocarse en el lugar de otras personas.<\/p>\n<p>Por eso hemos querido elaborar una selecci\u00f3n de cuentos sobre empat\u00eda para ni\u00f1os, relatos in\u00e9ditos que pod\u00e9is leer directamente a los peques. Cuentos que, adem\u00e1s, incluyen una <strong>versi\u00f3n en audiocuento para una experiencia m\u00e1s enriquecedora e inmersiva<\/strong>, ya que las m\u00fasicas que los ambientan ilustran perfectamente las diferentes emociones de cada parte del relato. \u00a1Esperamos que os resulten de utilidad!<\/p>\n<h2>Cuentos sobre empat\u00eda para ni\u00f1os para leer y escuchar<\/h2>\n<p style=\"text-align: left;\"><strong><span style=\"color: #3366ff;\">\ud83c\udf6d<\/span><\/strong><strong><span style=\"color: #3366ff;\">\u00a0<a style=\"color: #3366ff;\" href=\"https:\/\/www.mumablue.com\/blog\/cuento-divertido-para-leer\/\">La verdadera historia de Hansel y Grettel<\/a><\/span><\/strong><\/p>\n<p>Revisi\u00f3n del cuento cl\u00e1sico en el que se ofrece el punto de vista de la bruja. \u00bfRealmente ella era tan malvada y los ni\u00f1os tan buenos y desvalidos? Tal vez si conocemos el relato que la bruja tiene que contarnos, le concedamos, al menos, el beneficio de la duda. Un cuento diferente que invita a empatizar con el supuesto malo del cuento. <span style=\"color: #3366ff;\"><a style=\"color: #3366ff;\" href=\"https:\/\/www.mumablue.com\/blog\/cuento-divertido-para-leer\/\">Leer<\/a><\/span>.<\/p>\n<p><a href=\"https:\/\/www.mumablue.com\/blog\/cuento-de-extraterrestres-para-ninos-audiocuento-gratis\/\"><strong><span style=\"color: #3366ff;\">\ud83d\udc7d Planeta Gelatina<\/span><\/strong><\/a><\/p>\n<p>Unos extraterrestres han robado el im\u00e1n que dota de gravedad a la Tierra y ahora todo flota por los aires. El ni\u00f1o protagonista de este cuento viajar\u00e1 hasta el planeta Gelatina para tratar de encontrar una soluci\u00f3n beneficiosa para todos, mediante la comprensi\u00f3n de las necesidades de estos extra\u00f1os alien\u00edgenas. <span style=\"color: #3366ff;\"><a style=\"color: #3366ff;\" href=\"https:\/\/www.mumablue.com\/blog\/cuento-de-extraterrestres-para-ninos-audiocuento-gratis\/\">Leer<\/a><\/span>.<\/p>\n<p><a href=\"https:\/\/www.mumablue.com\/esp\/nuestros-cuentos-personalizados\/planeta-gelatina?utm_source=blog&amp;utm_medium=banner&amp;utm_campaign=p\u00e1ginas-audiocuentos&amp;utm_content=cuentos-empatia\"><img decoding=\"async\" loading=\"lazy\" class=\"alignnone wp-image-6516 size-full\" src=\"https:\/\/www.mumablue.com\/blog\/wp-content\/uploads\/2022\/11\/Cuento-personalizado-de-empat\u00eda.jpg\" alt=\"cuento sobre empat\u00eda para ni\u00f1os\" width=\"715\" height=\"162\" srcset=\"https:\/\/www.mumablue.com\/blog\/wp-content\/uploads\/2022\/11\/Cuento-personalizado-de-empat\u00eda.jpg 715w, https:\/\/www.mumablue.com\/blog\/wp-content\/uploads\/2022\/11\/Cuento-personalizado-de-empat\u00eda-300x68.jpg 300w, https:\/\/www.mumablue.com\/blog\/wp-content\/uploads\/2022\/11\/Cuento-personalizado-de-empat\u00eda-624x141.jpg 624w\" sizes=\"(max-width: 715px) 100vw, 715px\" \/><\/a><\/p>\n<p><a href=\"https:\/\/www.mumablue.com\/blog\/cuento-de-hadas-para-leer-a-los-ninos\/\"><strong><span style=\"color: #3366ff;\">\u2744\ufe0f\u00a0El hada del invierno<\/span><\/strong><\/a><\/p>\n<p>El hada del invierno ha hecho desaparecer el oto\u00f1o y los animales del bosque est\u00e1n completamente desconcertados. Ella mantiene un punto de vista ego\u00edsta, hasta que un peque\u00f1o rat\u00f3n le hace ver las consecuencias de sus actos. Gracias a ello, el hada lograr\u00e1 empatizar con los habitantes del bosque y corregir su actitud. <a href=\"https:\/\/www.mumablue.com\/blog\/cuento-de-hadas-para-leer-a-los-ninos\/\"><span style=\"color: #3366ff;\">Leer<\/span><\/a>.<\/p>\n<p><strong><span style=\"color: #3366ff;\">\ud83e\uddda\u200d\u2640\ufe0f <\/span><\/strong><a href=\"https:\/\/www.mumablue.com\/blog\/cuento-de-hadas-madrinas-para-ninos-audiocuento\/\"><strong><span style=\"color: #3366ff;\">La magia de Mumablue<\/span><\/strong><\/a><\/p>\n<p>Cuando la mala suerte se apodera del d\u00eda a d\u00eda del protagonista, organizar\u00e1 un casting para encontrar un hada madrina. Las candidatas son maravillosas, pero la tercera de ellas parece no controlar muy bien la magia. Sin embargo, la empat\u00eda por esta peque\u00f1a hada har\u00e1 que se convierta en la elegida. <a href=\"https:\/\/www.mumablue.com\/blog\/cuento-de-hadas-madrinas-para-ninos-audiocuento\/\"><span style=\"color: #3366ff;\">Leer<\/span><\/a>.<\/p>\n<h2><a href=\"https:\/\/www.mumablue.com\/esp\/nuestros-cuentos-personalizados\/la-magia-del-nombre-mi-nino?utm_source=blog&amp;utm_medium=banner&amp;utm_campaign=p\u00e1ginas-audiocuentos&amp;utm_content=cuentos-empatia\"><img decoding=\"async\" loading=\"lazy\" class=\"alignnone wp-image-6519 size-full\" src=\"https:\/\/www.mumablue.com\/blog\/wp-content\/uploads\/2022\/11\/Cuento-para-trabajar-la-empat\u00eda-personalizado.jpg\" alt=\"cuento sobre empat\u00eda para ni\u00f1os\" width=\"715\" height=\"162\" srcset=\"https:\/\/www.mumablue.com\/blog\/wp-content\/uploads\/2022\/11\/Cuento-para-trabajar-la-empat\u00eda-personalizado.jpg 715w, https:\/\/www.mumablue.com\/blog\/wp-content\/uploads\/2022\/11\/Cuento-para-trabajar-la-empat\u00eda-personalizado-300x68.jpg 300w, https:\/\/www.mumablue.com\/blog\/wp-content\/uploads\/2022\/11\/Cuento-para-trabajar-la-empat\u00eda-personalizado-624x141.jpg 624w\" sizes=\"(max-width: 715px) 100vw, 715px\" \/><\/a><\/h2>\n<p><span style=\"color: #3366ff;\">\ud83d\udc3b <strong><a style=\"color: #3366ff;\" href=\"https:\/\/www.mumablue.com\/blog\/cuento-contra-el-bullying-audiocuento-gratis\/\">Aventuras en Alaska<\/a>\u00a0<\/strong><\/span><\/p>\n<p>En este cuento, el peque\u00f1o protagonista apoyar\u00e1 a Sam, un oso que ha sido rechazado por el grupo por considerarlos lento y torpe. Se trata de un relato que trata el tema del bulling desde el punto de vista de la empat\u00eda y ense\u00f1a que todos tienen cualidades especiales que debe ser valoradas. <span style=\"color: #3366ff;\"><a style=\"color: #3366ff;\" href=\"https:\/\/www.mumablue.com\/blog\/cuento-contra-el-bullying-audiocuento-gratis\/\">Leer<\/a><\/span>.<\/p>\n<p><strong><span style=\"color: #3366ff;\">\ud83e\udd84 <a style=\"color: #3366ff;\" href=\"https:\/\/www.mumablue.com\/blog\/cuento-de-unicornios-para-ninos-audio-cuento-gratis\/\">El Reino de Miri\u00f1\u00e1n<\/a><\/span>\u00a0<\/strong><\/p>\n<p>La codicia de los humanos fue la responsable de que los unicornios huyeran de Miri\u00f1\u00e1n y se refugiaran en la Isla de las Orop\u00e9ndolas. El ni\u00f1o protagonista de esta historia tiene la misi\u00f3n de localizar a Otis, el \u00faltimo unicornio del Reino, reagruparlo con su familia y lograr que hombres y unicornios vuelvan a vivir en armon\u00eda. <a href=\"https:\/\/www.mumablue.com\/blog\/cuento-de-unicornios-para-ninos-audio-cuento-gratis\/\"><span style=\"color: #3366ff;\">Leer.<\/span><\/a><\/p>\n<h2><img decoding=\"async\" loading=\"lazy\" class=\"alignnone size-full wp-image-6092\" src=\"https:\/\/www.mumablue.com\/blog\/wp-content\/uploads\/2022\/07\/Cuentos-personalizados-Mumablue.jpg\" alt=\"Regalar cuentos personalizados\" width=\"500\" height=\"185\" srcset=\"https:\/\/www.mumablue.com\/blog\/wp-content\/uploads\/2022\/07\/Cuentos-personalizados-Mumablue.jpg 500w, https:\/\/www.mumablue.com\/blog\/wp-content\/uploads\/2022\/07\/Cuentos-personalizados-Mumablue-300x111.jpg 300w\" sizes=\"(max-width: 500px) 100vw, 500px\" \/><\/h2>\n<h2>Cuentos sobre empat\u00eda para regalar a los ni\u00f1os<\/h2>\n<p>La empat\u00eda es un valor que debe trabajarse concienzudamente con los ni\u00f1os, ya que ellos no disponen a\u00fan de los mecanismos formados que permiten empatizar de manera espont\u00e1nea. M\u00e1s all\u00e1 de los cuentos tradicionales, <strong>los cuentos personalizados ayudan a interiorizar mejor valores como la empat\u00eda<\/strong>. Esto es as\u00ed porque, al ser el ni\u00f1o lector el protagonista del relato con su nombre propio y su avatar, hace suyos m\u00e1s f\u00e1cilmente los sentimientos del protagonista.<\/p>\n<p>Si tienes inter\u00e9s por estos relatos tan especiales y quieres descubrir cuentos sobre empat\u00eda personalizados, te invitamos a echar un vistazo al cat\u00e1logo de cuentos <span style=\"color: #3366ff;\"><a style=\"color: #3366ff;\" href=\"https:\/\/www.mumablue.com\/?utm_source=blog&amp;utm_medium=link&amp;utm_campaign=p\u00e1ginas-audiocuentos&amp;utm_content=cuentos-empatia\">Mumablue<\/a><\/span>, donde puedes encontrar <strong>cuidadas ediciones en papel de algunos de los cuentos sobre empat\u00eda<\/strong> que te hemos facilitado en este art\u00edculo, as\u00ed como muchos otros que educan en valores como la amistad, la generosidad, la bondad, la familia o la valent\u00eda, entre otros. <strong>\u00a1No dudes que un cuento personalizado es un gran regalo!<\/strong> Los ni\u00f1os alucinan vi\u00e9ndose dentro del cuento y protagonizando en exclusiva su propia historia de fantas\u00eda.<\/p>\n<div style='text-align:left' class='yasr-auto-insert-visitor'><\/div>","protected":false},"excerpt":{"rendered":"<p>La comprensi\u00f3n de los sentimientos de otras personas es un valor que debe cultivarse desde la infancia, por eso son munchos los padres que buscan cuentos sobre empat\u00eda para ni\u00f1os que les ayuden a desarrollar la habilidad de colocarse en el lugar de otras personas. Por eso hemos querido elaborar una selecci\u00f3n de cuentos sobre [&hellip;]<\/p>\n","protected":false},"author":6,"featured_media":0,"parent":0,"menu_order":0,"comment_status":"closed","ping_status":"closed","template":"","meta":{"yasr_overall_rating":0,"yasr_post_is_review":"","yasr_auto_insert_disabled":"","yasr_review_type":""},"yasr_visitor_votes":{"number_of_votes":8,"sum_votes":32,"stars_attributes":{"read_only":false,"span_bottom":false}},"yoast_head":"<!-- This site is optimized with the Yoast SEO plugin v14.5 - https:\/\/yoast.com\/wordpress\/plugins\/seo\/ -->\n<meta name=\"description\" content=\"Selecci\u00f3n de cuentos sobre empat\u00eda para ni\u00f1os, para leer o escuchar, que ayudan a los peques a comprender los sentimientos de los dem\u00e1s. \u00a1Son gratis!\" \/>\n<meta name=\"robots\" content=\"index, follow\" \/>\n<meta name=\"googlebot\" content=\"index, follow, max-snippet:-1, max-image-preview:large, max-video-preview:-1\" \/>\n<meta name=\"bingbot\" content=\"index, follow, max-snippet:-1, max-image-preview:large, max-video-preview:-1\" \/>\n<link rel=\"canonical\" href=\"https:\/\/www.mumablue.com\/blog\/cuentos-sobre-empatia-para-ninos-audiocuentos-gratis\/\" \/>\n<meta property=\"og:locale\" content=\"es_ES\" \/>\n<meta property=\"og:type\" content=\"article\" \/>\n<meta property=\"og:title\" content=\"Cuentos sobre empat\u00eda para ni\u00f1os + audiocuentos gratis - Blog Mumablue\" \/>\n<meta property=\"og:description\" content=\"Selecci\u00f3n de cuentos sobre empat\u00eda para ni\u00f1os, para leer o escuchar, que ayudan a los peques a comprender los sentimientos de los dem\u00e1s. \u00a1Son gratis!\" \/>\n<meta property=\"og:url\" content=\"https:\/\/www.mumablue.com\/blog\/cuentos-sobre-empatia-para-ninos-audiocuentos-gratis\/\" \/>\n<meta property=\"og:site_name\" content=\"Blog Mumablue\" \/>\n<meta property=\"article:publisher\" content=\"https:\/\/www.facebook.com\/mumablue\/\" \/>\n<meta property=\"article:modified_time\" content=\"2025-06-02T16:27:39+00:00\" \/>\n<meta property=\"og:image\" content=\"https:\/\/www.mumablue.com\/blog\/wp-content\/uploads\/2022\/11\/Cuentos-de-empat\u00eda.jpg\" \/>\n<meta name=\"twitter:card\" content=\"summary_large_image\" \/>\n<script type=\"application\/ld+json\" class=\"yoast-schema-graph\">{\"@context\":\"https:\/\/schema.org\",\"@graph\":[{\"@type\":\"Organization\",\"@id\":\"https:\/\/www.mumablue.com\/blog\/#organization\",\"name\":\"Mumablue\",\"url\":\"https:\/\/www.mumablue.com\/blog\/\",\"sameAs\":[\"https:\/\/www.facebook.com\/mumablue\/\",\"https:\/\/www.instagram.com\/mumablue\/?hl=es\"],\"logo\":{\"@type\":\"ImageObject\",\"@id\":\"https:\/\/www.mumablue.com\/blog\/#logo\",\"inLanguage\":\"es\",\"url\":\"https:\/\/www.mumablue.com\/blog\/wp-content\/uploads\/2020\/05\/Blog-Mumablue.png\",\"width\":749,\"height\":269,\"caption\":\"Mumablue\"},\"image\":{\"@id\":\"https:\/\/www.mumablue.com\/blog\/#logo\"}},{\"@type\":\"WebSite\",\"@id\":\"https:\/\/www.mumablue.com\/blog\/#website\",\"url\":\"https:\/\/www.mumablue.com\/blog\/\",\"name\":\"Blog Mumablue\",\"description\":\"Un blog de cuentos y audiocuentos gratis para ni\\u00f1os.\",\"publisher\":{\"@id\":\"https:\/\/www.mumablue.com\/blog\/#organization\"},\"potentialAction\":[{\"@type\":\"SearchAction\",\"target\":\"https:\/\/www.mumablue.com\/blog\/?s={search_term_string}\",\"query-input\":\"required name=search_term_string\"}],\"inLanguage\":\"es\"},{\"@type\":\"ImageObject\",\"@id\":\"https:\/\/www.mumablue.com\/blog\/cuentos-sobre-empatia-para-ninos-audiocuentos-gratis\/#primaryimage\",\"inLanguage\":\"es\",\"url\":\"https:\/\/www.mumablue.com\/blog\/wp-content\/uploads\/2022\/11\/Cuentos-de-empat\\u00eda.jpg\",\"width\":500,\"height\":500,\"caption\":\"Cuentos sobre empat\\u00eda para ni\\u00f1os\"},{\"@type\":\"WebPage\",\"@id\":\"https:\/\/www.mumablue.com\/blog\/cuentos-sobre-empatia-para-ninos-audiocuentos-gratis\/#webpage\",\"url\":\"https:\/\/www.mumablue.com\/blog\/cuentos-sobre-empatia-para-ninos-audiocuentos-gratis\/\",\"name\":\"Cuentos sobre empat\\u00eda para ni\\u00f1os + audiocuentos gratis - Blog Mumablue\",\"isPartOf\":{\"@id\":\"https:\/\/www.mumablue.com\/blog\/#website\"},\"primaryImageOfPage\":{\"@id\":\"https:\/\/www.mumablue.com\/blog\/cuentos-sobre-empatia-para-ninos-audiocuentos-gratis\/#primaryimage\"},\"datePublished\":\"2022-11-22T17:53:32+00:00\",\"dateModified\":\"2025-06-02T16:27:39+00:00\",\"description\":\"Selecci\\u00f3n de cuentos sobre empat\\u00eda para ni\\u00f1os, para leer o escuchar, que ayudan a los peques a comprender los sentimientos de los dem\\u00e1s. \\u00a1Son gratis!\",\"inLanguage\":\"es\",\"potentialAction\":[{\"@type\":\"ReadAction\",\"target\":[\"https:\/\/www.mumablue.com\/blog\/cuentos-sobre-empatia-para-ninos-audiocuentos-gratis\/\"]}]}]}<\/script>\n<!-- \/ Yoast SEO plugin. -->","_links":{"self":[{"href":"https:\/\/www.mumablue.com\/blog\/wp-json\/wp\/v2\/pages\/6515"}],"collection":[{"href":"https:\/\/www.mumablue.com\/blog\/wp-json\/wp\/v2\/pages"}],"about":[{"href":"https:\/\/www.mumablue.com\/blog\/wp-json\/wp\/v2\/types\/page"}],"author":[{"embeddable":true,"href":"https:\/\/www.mumablue.com\/blog\/wp-json\/wp\/v2\/users\/6"}],"replies":[{"embeddable":true,"href":"https:\/\/www.mumablue.com\/blog\/wp-json\/wp\/v2\/comments?post=6515"}],"version-history":[{"count":4,"href":"https:\/\/www.mumablue.com\/blog\/wp-json\/wp\/v2\/pages\/6515\/revisions"}],"predecessor-version":[{"id":7621,"href":"https:\/\/www.mumablue.com\/blog\/wp-json\/wp\/v2\/pages\/6515\/revisions\/7621"}],"wp:attachment":[{"href":"https:\/\/www.mumablue.com\/blog\/wp-json\/wp\/v2\/media?parent=6515"}],"curies":[{"name":"wp","href":"https:\/\/api.w.org\/{rel}","templated":true}]}}