{"id":6491,"date":"2022-10-26T08:17:47","date_gmt":"2022-10-26T08:17:47","guid":{"rendered":"https:\/\/mumablue.com\/blog\/?page_id=6491"},"modified":"2025-05-23T07:57:10","modified_gmt":"2025-05-23T07:57:10","slug":"cuento-de-halloween-corto-para-ninos-audiocuento","status":"publish","type":"page","link":"https:\/\/www.mumablue.com\/blog\/cuento-de-halloween-corto-para-ninos-audiocuento\/","title":{"rendered":"Cuento de Halloween corto para ni\u00f1os \u00a1Con audiocuento!"},"content":{"rendered":"<p><img decoding=\"async\" loading=\"lazy\" class=\"alignnone wp-image-3148 size-full\" src=\"https:\/\/www.mumablue.com\/blog\/wp-content\/uploads\/2020\/11\/Audiocuentos-Halloween-cuentos.jpg\" alt=\"cuento de Halloween corto\" width=\"500\" height=\"500\" srcset=\"https:\/\/www.mumablue.com\/blog\/wp-content\/uploads\/2020\/11\/Audiocuentos-Halloween-cuentos.jpg 500w, https:\/\/www.mumablue.com\/blog\/wp-content\/uploads\/2020\/11\/Audiocuentos-Halloween-cuentos-300x300.jpg 300w, https:\/\/www.mumablue.com\/blog\/wp-content\/uploads\/2020\/11\/Audiocuentos-Halloween-cuentos-150x150.jpg 150w\" sizes=\"(max-width: 500px) 100vw, 500px\" \/><\/p>\n<p>\u00bfBuscas un cuento de Halloween corto para leer a los ni\u00f1os que adem\u00e1s sea terror\u00edficamente divertido? \u00a1Has llegado al lugar perfecto! <strong>Con este cuento teatralizado los peques se lo pasar\u00e1n de miedo, porque es para partirse de risa.<\/strong> Es la Noche de Halloween y los monstruos del viejo caser\u00f3n se preparan para aterrorizar a los ni\u00f1os que lleguen buscando golosinas. Pero lo cierto es que son unos monstruos un poco chapuceros. \u00a1Prep\u00e1rate a impostar voces! Os vais a divertir de lo lindo.<\/p>\n<h2>Audiocuento Noche de Halloween<\/h2>\n<p>Antes de que contin\u00faes, espera, porque tenemos una sorpresa: pod\u00e9is escuchar esta obra de teatro dramatizada.<strong> \u00a1Un audiocuento que consigui\u00f3 m\u00e1s de 4.000 escuchas en tres semanas!<\/strong> Desde su publicaci\u00f3n, ya re\u00fane 45.000 escuchas. Todo un \u00e9xito que no os pod\u00e9is perder. Si prefieres el texto para leer o representar, lo encuentras un poquito m\u00e1s abajo.<\/p>\n<h6><script src=\"https:\/\/www.buzzsprout.com\/937792\/6065836-noche-de-halloween.js?container_id=buzzsprout-player-6065836&#038;player=small\" type=\"text\/javascript\" charset=\"utf-8\"><\/script>M\u00fasica: CC 0 <span style=\"color: #0000ff;\"><a style=\"color: #0000ff;\" href=\"https:\/\/freepd.com\/horror.php\">Consecrated Ground<\/a>,<span style=\"color: #000000;\"> por <\/span><\/span>Alexander Nakarada.<\/h6>\n<blockquote>\n<h3><img decoding=\"async\" loading=\"lazy\" class=\"alignnone wp-image-583 ls-is-cached lazyloaded\" src=\"https:\/\/www.mumablue.com\/blog\/wp-content\/uploads\/2020\/03\/favicon.ico\" alt=\"\" width=\"44\" height=\"44\" data-src=\"https:\/\/www.mumablue.com\/blog\/wp-content\/uploads\/2020\/03\/favicon.ico\" \/>\u00a0\u00a0<span style=\"color: #800080;\">\u00a1Descubre <\/span><span style=\"color: #800080;\"><a href=\"https:\/\/www.mumablue.com\/blog\/cuentos-de-halloween-para-ninos-gratis-audiocuentos\/\" target=\"_blank\" rel=\"noopener noreferrer\"><span style=\"color: #3366ff;\">m\u00e1s cuentos de Halloween<\/span><\/a> terror\u00edficamente divertidos!<\/span><\/h3>\n<\/blockquote>\n<p><a href=\"https:\/\/www.mumablue.com\/esp\/nuestros-cuentos-personalizados\/cuento-de-brujas-personalizado\/?utm_source=blog&amp;utm_medium=banner&amp;utm_campaign=p\u00e1ginas-audiocuentos&amp;utm_content=cuento-halloween\" target=\"_blank\" rel=\"noopener noreferrer\"><img decoding=\"async\" loading=\"lazy\" class=\"alignnone wp-image-6326 size-full\" src=\"https:\/\/www.mumablue.com\/blog\/wp-content\/uploads\/2022\/10\/Cuento-de-miedo.png\" alt=\"Cuento de Halloween para leer\" width=\"715\" height=\"162\" srcset=\"https:\/\/www.mumablue.com\/blog\/wp-content\/uploads\/2022\/10\/Cuento-de-miedo.png 715w, https:\/\/www.mumablue.com\/blog\/wp-content\/uploads\/2022\/10\/Cuento-de-miedo-300x68.png 300w, https:\/\/www.mumablue.com\/blog\/wp-content\/uploads\/2022\/10\/Cuento-de-miedo-624x141.png 624w\" sizes=\"(max-width: 715px) 100vw, 715px\" \/><\/a><\/p>\n<h2>Cuento de Halloween corto para leer o representar en familia<\/h2>\n<p>A continuaci\u00f3n encontrar\u00e1s el texto de este cuento de Halloween corto para ni\u00f1os. \u00a1Ah! Y te dejamos una m\u00fasica para que leas sobre ella este cuento de Halloween corto para leer y se cree un ambiente misterioso.<strong> \u00a1Pod\u00e9is representar esta obra de teatro en familia!<\/strong><\/p>\n<p><iframe style=\"border: 0; width: 100%; height: 42px;\" src=\"https:\/\/bandcamp.com\/EmbeddedPlayer\/album=568453945\/size=small\/bgcol=ffffff\/linkcol=0687f5\/track=3547858211\/transparent=true\/\" seamless=\"\"><a href=\"https:\/\/alexandernakarada.bandcamp.com\/album\/this-is-halloween\">This is Halloween by Alexander Nakarada<\/a><\/iframe><\/p>\n<h2 style=\"text-align: center;\">Noche de Halloween<\/h2>\n<p><span style=\"font-weight: 400;\"><strong>BRUJA: <\/strong>(NARRADOR) Buenas noches, queridos ni\u00f1os y ni\u00f1as\u2026 Se acerca la noche de Halloween. \u00a1Es la noche m\u00e1s importante para los monstruos! Vampiros, momias, zombies, fantasmas, esqueletos, brujas\u2026 todos se preparan para su gran fiesta, con un \u00fanico objetivo: <\/span><span style=\"font-weight: 400;\">Asustar a los ni\u00f1os y ni\u00f1as como t\u00fa.<\/span><\/p>\n<p><span style=\"font-weight: 400;\">S\u00f3lo los que se\u00e1is REALMENTE valientes podr\u00e9is soportar esta aterradora pequehistoria. \u00a1T\u00fa! S\u00ed, t\u00fa, que est\u00e1s al otro lado del altavoz. \u00bfEres lo suficientemente valiente? \u00bfS\u00ed? \u00bfSegurooo? \u00a1Pues acomp\u00e1\u00f1ame, te llevar\u00e9 a la mansi\u00f3n encantada para que pases una noche terror\u00edfica! Pero antes\u2026 apagar\u00e9 esta vela y nos quedaremos a oscuras\u2026<\/span><\/p>\n<p><span style=\"font-weight: 400;\"><strong>T\u00cdA ANGUSTIAS:<\/strong> (ANGUSTIADA) \u00a1Por todos los diablos! \u00a1No llegamos! <\/span><span style=\"font-weight: 400;\"> \u00a1Est\u00e1 anocheciendo! \u00a1Orden! \u00bfPero vosotros sois monstruos o gallinas sin cabeza? \u00a1Van a empezar a llegar los ni\u00f1os mortales y no tenemos nada preparado!<\/span><\/p>\n<p><span style=\"font-weight: 400;\"><strong>VAMPIRO:<\/strong> \u00bfAs\u00ed voy bien?<\/span><\/p>\n<p><span style=\"font-weight: 400;\"><strong>T\u00cdA ANGUSTIAS:<\/strong> Pero vamos a ver\u2026 \u00a1d\u00f3nde vas con esa capa ra\u00edda! M\u00e1s que un vampiro, pareces armario apolillado.<\/span><\/p>\n<p><span style=\"font-weight: 400;\"><strong>NI\u00d1A MOMIA:<\/strong> T\u00eda Angustias\u2026 \u00bfhas visto mis vendas? Me las quit\u00e9 para lavarlas y\u2026 <\/span><\/p>\n<p><span style=\"font-weight: 400;\"><strong>T\u00cdA ANGUSTIAS:<\/strong> \u00a1Ay, \u00abNoquierita\u00bb, querida, no lo s\u00e9! Ve a buscar en las&#8230;<\/span><\/p>\n<p><span style=\"font-weight: 400;\"><strong>NI\u00d1A MOMIA:<\/strong> \u00a1\u00a1No quiero!!<\/span><\/p>\n<p><span style=\"font-weight: 400;\"><strong>T\u00cdA ANGUSTIAS:<\/strong> (RESOPLA) A ver\u2026 \u00bfAlguien ha visto las vendas de la momia \u00abNo quiero\u00bb?<\/span><\/p>\n<p><span style=\"font-weight: 400;\"><strong>FRANKENSTEIN:<\/strong> Si era lo que estaba tendido fuera las ha cogido abuela t\u00eda Socorro para pasear a Huesitos. <\/span><\/p>\n<p><span style=\"font-weight: 400;\"><strong>T\u00cdA ANGUSTIAS:<\/strong> (RESIGNADA) Noquierita, un d\u00eda vas a perder la cabeza. <\/span><\/p>\n<p><span style=\"font-weight: 400;\"><strong>MONSTRUITO:<\/strong> \u00a1\u00a1Mam\u00e1, he perdido la cabeza!!<\/span><\/p>\n<p><span style=\"font-weight: 400;\"><strong>T\u00cdA ANGUSTIAS:<\/strong> (REGA\u00d1ONA) \u00a1Claro! \u00a1S\u00ed es que lo dejas todo por ah\u00ed tirado y luego no encuentras nada!<\/span><\/p>\n<p><span style=\"font-weight: 400;\"><strong>\u00c1NIMA NI\u00d1A:<\/strong> (VOZ FANTASMAL) Maaaaamaaaaaaa&#8230; ven a jugar con nosotroooooos\u2026.<\/span><\/p>\n<p><span style=\"font-weight: 400;\"><strong>T\u00cdA ANGUSTIAS:<\/strong> Cari\u00f1o, ahora no puedo, \u00bfno ves que estoy ocupada?<\/span><\/p>\n<p><span style=\"font-weight: 400;\"><strong>\u00c1NIMA NI\u00d1A:<\/strong> (VOZ POSE\u00cdDA) \u00a1\u00a1Ven a jugar con nosotros!!<\/span><\/p>\n<p><span style=\"font-weight: 400;\"><strong>T\u00cdA ANGUSTIAS:<\/strong> \u00a1Ay, el t\u00edo Vampi ya sale del ata\u00fad! <\/span><\/p>\n<p><span style=\"font-weight: 400;\"><strong>ABUELO:<\/strong> (QUEJIDO DE ANCIANO) Noooo, son mis rodillas, que cada d\u00eda me cuesta m\u00e1s levantarme. \u00a1Ese no madruga ni por barra libre de sangre!<\/span><\/p>\n<p><span style=\"font-weight: 400;\"><strong>FANTASMA<\/strong>: \u00a1Mi s\u00e1bana! \u00a1\u00a1He perdido mi s\u00e1bana!! (LLORIQUEA) \u00a1Justo hoy, que debuto como fantasma en Halloween!<\/span><\/p>\n<p><span style=\"font-weight: 400;\"><strong>T\u00cdA ANGUSTIAS:<\/strong> A ver\u2026 calma. \u00bfAlguien ha visto la s\u00e1bana de Plasma el fantasma?<\/span><\/p>\n<p><strong>ABUELO:<\/strong> <span style=\"font-weight: 400;\">Creo que la ha cogido la peque\u00f1a vampira\u2026 dec\u00eda que ten\u00eda sue\u00f1o y que se iba a la cama.<\/span><\/p>\n<p><span style=\"font-weight: 400;\"><strong>T\u00cdA ANGUSTIAS:<\/strong> \u00a1Ya est\u00e1 Ernesto, el espectro, dando la lata con el pianito. (GRITA) \u00a1Ernesto, toca m\u00e1s bajito!<\/span><\/p>\n<p><span style=\"font-weight: 400;\"><strong>ERNESTO:<\/strong> (VOZ ESPECTRAL) Estoy practicando el r\u00e9quiem.<\/span><\/p>\n<p><span style=\"font-weight: 400;\"><strong>ERNESTO:<\/strong> (VOZ RID\u00cdCULA)<\/span><span style=\"font-weight: 400;\"> \u00bfQu\u00e9 te parece si les asusto as\u00ed, con voz de \u201cotra tumba\u201d?<\/span><\/p>\n<p><span style=\"font-weight: 400;\"><strong>T\u00cdA ANGUSTIAS:<\/strong> \u00a1Querr\u00e1s decir voz de UL-TRA-TUMBA!<\/span><\/p>\n<p><span style=\"font-weight: 400;\"><strong>ERNESTO:<\/strong> \u00a1De otra tumba da m\u00e1s miedo! \u00bfno? A m\u00ed, por lo menos&#8230;<\/span><\/p>\n<p><span style=\"font-weight: 400;\"><strong>MONSTRUITO:<\/strong> (TAP\u00c1NDOSE LA NARIZ) Aqu\u00ed huele fatal. \u00bfQui\u00e9n ha sido?<\/span><\/p>\n<p><span style=\"font-weight: 400;\"><strong>\u00c1NIMA NI\u00d1A:<\/strong> (VOZ FANTASMAL, CANTARINA) \u00a1El que primero lo huele, debajo lo tiene!<\/span><\/p>\n<p><span style=\"font-weight: 400;\"><strong>T\u00cdA ANGUSTIAS:<\/strong> \u00a1Ni\u00f1os, un poco de respeto! (SUSURRO) Es el abuelo Zombi, que acaba de llegar. (ORDENA) Ve a ayudarle a colocarse los andrajos, corre. Y t\u00fa, abre una ventana\u2026<\/span><\/p>\n<p><span style=\"font-weight: 400;\"><strong>T\u00cdA ANGUSTIAS: <\/strong>(LLAMA) \u00a1Abuela Socorro! \u00bfHas tra\u00eddo la tierra del cementerio para plantar los crisantemos?<\/span><\/p>\n<p><span style=\"font-weight: 400;\"><strong>ABUELA:<\/strong> No, todav\u00eda no he terminado de empaquetar los caramelos con sabor a caca.<\/span><\/p>\n<p><span style=\"font-weight: 400;\"><strong>T\u00cdA ANGUSTIAS:<\/strong> Ni\u00f1o, dile a la t\u00eda Catrina que venga.<\/span><\/p>\n<p><span style=\"font-weight: 400;\"><strong>T\u00cdA CATRINA:<\/strong> (SIN DIENTES, ACENTO MEXICANO) \u00bfQu\u00e9 se te ofrece, Angustias?<\/span><\/p>\n<p><span style=\"font-weight: 400;\"><strong>T\u00cdA ANGUSTIAS:<\/strong> Tienes aqu\u00ed tu mand\u00edbula, col\u00f3catela antes de que alguien la pise.<\/span><\/p>\n<p><em>TOC, TOC, TOC<\/em><\/p>\n<p><span style=\"font-weight: 400;\"><strong>T\u00cdA ANGUSTIAS:<\/strong> \u00a1Ay! \u00a1Ese debe de ser Coco!<\/span><\/p>\n<p><span style=\"font-weight: 400;\"><strong>MONSTRUITO:<\/strong> \u00bfCoco? (ENTUSIASMADO) \u00bf\u00bfEl de la pel\u00edcula?? <\/span><\/p>\n<p><span style=\"font-weight: 400;\"><strong>T\u00cdA ANGUSTIAS:<\/strong> Noooo. El coco. Que se come a los ni\u00f1os que duermen poco. <\/span><\/p>\n<p><span style=\"font-weight: 400;\"><strong>T\u00cdA CATRINA:<\/strong> \u00a1Ay, Coco! \u00a1Me enamor\u00f3 esa pel\u00edcula! \u00a1Y esa versi\u00f3n de Chabela est\u00e1 bien bonita! (CANTA MIENTRAS SE ALEJA) <\/span><\/p>\n<p><i><span style=\"font-weight: 400;\">Ay, de m\u00ed, llorona, llorona&#8230;. <\/span><\/i><\/p>\n<p><i><span style=\"font-weight: 400;\">Llorona de azul celeste.<\/span><\/i><\/p>\n<p><i><span style=\"font-weight: 400;\">Y aunque la vida me cueste, llorona,<\/span><\/i><\/p>\n<p><i><span style=\"font-weight: 400;\">No dejar\u00e9 de quererte.<\/span><\/i><\/p>\n<p><i><span style=\"font-weight: 400;\">\u00a1No dejar\u00e9 de quererte!<\/span><\/i><\/p>\n<p><span style=\"font-weight: 400;\"><strong>T\u00cdA ANGUSTIAS:<\/strong> \u00a1Ya es la hora! \u00bfEstamos listos? \u00bfD\u00f3nde est\u00e1 el peque\u00f1o monstruo que vive dentro del armario?<\/span><\/p>\n<p><span style=\"font-weight: 400;\"><strong>MONSTRUITO:<\/strong> Dice que no quiere salir. Que le dan miedo los ni\u00f1os.<\/span><\/p>\n<p><span style=\"font-weight: 400;\"><strong>T\u00cdA ANGUSTIAS:<\/strong> (INDIGNADA) \u00a1Habrase visto!<\/span><\/p>\n<p><em><span style=\"font-weight: 400;\">DIN DON<\/span><\/em><\/p>\n<p><span style=\"font-weight: 400;\"><strong>T\u00cdA ANGUSTIAS:<\/strong> (CON URGENCIA) \u00a1Ah\u00ed est\u00e1n! \u00a1\u00a1Ya han llegado los primeros!!<\/span><span style=\"font-weight: 400;\"> \u00bfPreparados? (CARRASPEO)<\/span><\/p>\n<p><span style=\"font-weight: 400;\"><strong>NI\u00d1A REPELENTE:<\/strong> \u00a1\u00a1\u00bfTruco o trato?!!<\/span><\/p>\n<p><span style=\"font-weight: 400;\"><strong>MONSTRUOS: <\/strong>(UN\u00cdSONO) \u00a1Buh! <\/span><\/p>\n<p><span style=\"font-weight: 400;\"><strong>NI\u00d1A REPELENTE:<\/strong> \u00a1Pues vaya monstruos m\u00e1s cutres! \u00a1No asustar\u00edais ni a un rat\u00f3n!<\/span><\/p>\n<p><span style=\"font-weight: 400;\"><strong>T\u00cdA ANGUSTIAS:<\/strong> Y encima est\u00e1 empezando a llover. \u00a1Qu\u00e9 desastre!<\/span><\/p>\n<p><span style=\"font-weight: 400;\"><strong>ABUELO:<\/strong> Otro a\u00f1o m\u00e1s que hemos fracasado\u2026 \u00a1Hala! \u00bfAlguien se apunta a jugar un Parch\u00eds?<\/span><\/p>\n<p><span style=\"font-weight: 400;\"><strong>BRUJA: <\/strong>(NARRADOR) Despu\u00e9s de esta espeluznante historia, supongo que no quedar\u00e1 ning\u00fan ni\u00f1o escuchando. \u00a1Ah! \u00a1T\u00fa! He de reconocer que has sido muy valiente pasando esta noche terror\u00edfica en la mansi\u00f3n encantada llena de aterradores monstruos\u2026 Bueno, hay que reconocer que hoy, precisamente hoy, no daban mucho miedo\u2026 \u00bfverdad? Tal vez el pr\u00f3ximo a\u00f1o les salga mejor. Ahora toca irse a dormir\u2026 <\/span><\/p>\n<p><span style=\"font-weight: 400;\">Pero antes\u2026 apagar\u00e9 esta vela para quedarnos a oscuras\u2026 <\/span><\/p>\n<p><em>SOPLA LA VELA<\/em><\/p>\n<p><a href=\"https:\/\/www.mumablue.com\/esp\/nuestros-cuentos-personalizados\/cuento-de-brujas-personalizado\/?utm_source=blog&amp;utm_medium=banner&amp;utm_campaign=p\u00e1ginas-audiocuentos&amp;utm_content=cuento-halloween\" target=\"_blank\" rel=\"noopener noreferrer\"><img decoding=\"async\" loading=\"lazy\" class=\"alignnone wp-image-6326 size-full\" src=\"https:\/\/www.mumablue.com\/blog\/wp-content\/uploads\/2022\/10\/Cuento-de-miedo.png\" alt=\"Cuento de Halloween para leer\" width=\"715\" height=\"162\" srcset=\"https:\/\/www.mumablue.com\/blog\/wp-content\/uploads\/2022\/10\/Cuento-de-miedo.png 715w, https:\/\/www.mumablue.com\/blog\/wp-content\/uploads\/2022\/10\/Cuento-de-miedo-300x68.png 300w, https:\/\/www.mumablue.com\/blog\/wp-content\/uploads\/2022\/10\/Cuento-de-miedo-624x141.png 624w\" sizes=\"(max-width: 715px) 100vw, 715px\" \/><\/a><\/p>\n<h2>Este no es el \u00fanico cuento de Halloween corto. \u00a1Descubre m\u00e1s!<\/h2>\n<p>\u00bfOs ha gustado jugar a representar este cuento de Halloween corto y divertido? Si lo hab\u00e9is representado, estamos seguros de que os hab\u00e9is divertido much\u00edsimo fingiendo las diferentes voces. \u00a1Pero este Cuento de Halloween para leer no es todo lo que tenemos para ofrecerte! Tenemos una sorpresa alucinante.<strong> \u00a1Resulta que los monstruos protagonistas de \u00abNoche de Halloween\u00bb tienen su propio cuento y audiocuento!<\/strong><\/p>\n<p>Echa un vistazo a la p\u00e1gina <span style=\"color: #3366ff;\"><a style=\"color: #3366ff;\" href=\"https:\/\/www.mumablue.com\/blog\/mumablue\/audiocuentos-para-halloween\/\">Audiocuentos para Halloween<\/a><\/span> y con\u00f3celos a todos en profundidad: qui\u00e9nes son, cu\u00e1l es su car\u00e1cter, c\u00f3mo se comportan&#8230; y, sobre todo, cu\u00e1l es su propia historia. Tambi\u00e9n <strong>puedes descubrir cuentos para leer y audiocuentos de todos los g\u00e9neros<\/strong> en nuestra secci\u00f3n de <span style=\"color: #3366ff;\"><a style=\"color: #3366ff;\" href=\"https:\/\/www.mumablue.com\/blog\/cuentos-infantiles-para-leer-cortos-gratis\/\">cuentos infantiles gratis<\/a><\/span>.<\/p>\n<div style='text-align:left' class='yasr-auto-insert-visitor'><\/div>","protected":false},"excerpt":{"rendered":"<p>\u00bfBuscas un cuento de Halloween corto para leer a los ni\u00f1os que adem\u00e1s sea terror\u00edficamente divertido? \u00a1Has llegado al lugar perfecto! Con este cuento teatralizado los peques se lo pasar\u00e1n de miedo, porque es para partirse de risa. Es la Noche de Halloween y los monstruos del viejo caser\u00f3n se preparan para aterrorizar a los [&hellip;]<\/p>\n","protected":false},"author":6,"featured_media":0,"parent":0,"menu_order":0,"comment_status":"closed","ping_status":"closed","template":"","meta":{"yasr_overall_rating":0,"yasr_post_is_review":"","yasr_auto_insert_disabled":"","yasr_review_type":""},"yasr_visitor_votes":{"number_of_votes":13,"sum_votes":42,"stars_attributes":{"read_only":false,"span_bottom":false}},"yoast_head":"<!-- This site is optimized with the Yoast SEO plugin v14.5 - https:\/\/yoast.com\/wordpress\/plugins\/seo\/ -->\n<meta name=\"description\" content=\"Este cuento de Halloween corto para ni\u00f1os es una divertida obra de teatro para leer o representar. Su audiocuento gratuito acumula ya 47.000 escuchas \u00a1Mira!\" \/>\n<meta name=\"robots\" content=\"index, follow\" \/>\n<meta name=\"googlebot\" content=\"index, follow, max-snippet:-1, max-image-preview:large, max-video-preview:-1\" \/>\n<meta name=\"bingbot\" content=\"index, follow, max-snippet:-1, max-image-preview:large, max-video-preview:-1\" \/>\n<link rel=\"canonical\" href=\"https:\/\/www.mumablue.com\/blog\/cuento-de-halloween-corto-para-ninos-audiocuento\/\" \/>\n<meta property=\"og:locale\" content=\"es_ES\" \/>\n<meta property=\"og:type\" content=\"article\" \/>\n<meta property=\"og:title\" content=\"Cuento de Halloween corto para ni\u00f1os \u00a1Con audiocuento! - Blog Mumablue\" \/>\n<meta property=\"og:description\" content=\"Este cuento de Halloween corto para ni\u00f1os es una divertida obra de teatro para leer o representar. Su audiocuento gratuito acumula ya 47.000 escuchas \u00a1Mira!\" \/>\n<meta property=\"og:url\" content=\"https:\/\/www.mumablue.com\/blog\/cuento-de-halloween-corto-para-ninos-audiocuento\/\" \/>\n<meta property=\"og:site_name\" content=\"Blog Mumablue\" \/>\n<meta property=\"article:publisher\" content=\"https:\/\/www.facebook.com\/mumablue\/\" \/>\n<meta property=\"article:modified_time\" content=\"2025-05-23T07:57:10+00:00\" \/>\n<meta property=\"og:image\" content=\"https:\/\/www.mumablue.com\/blog\/wp-content\/uploads\/2020\/11\/Audiocuentos-Halloween-cuentos.jpg\" \/>\n<meta name=\"twitter:card\" content=\"summary_large_image\" \/>\n<script type=\"application\/ld+json\" class=\"yoast-schema-graph\">{\"@context\":\"https:\/\/schema.org\",\"@graph\":[{\"@type\":\"Organization\",\"@id\":\"https:\/\/www.mumablue.com\/blog\/#organization\",\"name\":\"Mumablue\",\"url\":\"https:\/\/www.mumablue.com\/blog\/\",\"sameAs\":[\"https:\/\/www.facebook.com\/mumablue\/\",\"https:\/\/www.instagram.com\/mumablue\/?hl=es\"],\"logo\":{\"@type\":\"ImageObject\",\"@id\":\"https:\/\/www.mumablue.com\/blog\/#logo\",\"inLanguage\":\"es\",\"url\":\"https:\/\/www.mumablue.com\/blog\/wp-content\/uploads\/2020\/05\/Blog-Mumablue.png\",\"width\":749,\"height\":269,\"caption\":\"Mumablue\"},\"image\":{\"@id\":\"https:\/\/www.mumablue.com\/blog\/#logo\"}},{\"@type\":\"WebSite\",\"@id\":\"https:\/\/www.mumablue.com\/blog\/#website\",\"url\":\"https:\/\/www.mumablue.com\/blog\/\",\"name\":\"Blog Mumablue\",\"description\":\"Un blog de cuentos y audiocuentos gratis para ni\\u00f1os.\",\"publisher\":{\"@id\":\"https:\/\/www.mumablue.com\/blog\/#organization\"},\"potentialAction\":[{\"@type\":\"SearchAction\",\"target\":\"https:\/\/www.mumablue.com\/blog\/?s={search_term_string}\",\"query-input\":\"required name=search_term_string\"}],\"inLanguage\":\"es\"},{\"@type\":\"ImageObject\",\"@id\":\"https:\/\/www.mumablue.com\/blog\/cuento-de-halloween-corto-para-ninos-audiocuento\/#primaryimage\",\"inLanguage\":\"es\",\"url\":\"https:\/\/www.mumablue.com\/blog\/wp-content\/uploads\/2020\/11\/Audiocuentos-Halloween-cuentos.jpg\",\"width\":500,\"height\":500,\"caption\":\"cuento de Halloween para leer\"},{\"@type\":\"WebPage\",\"@id\":\"https:\/\/www.mumablue.com\/blog\/cuento-de-halloween-corto-para-ninos-audiocuento\/#webpage\",\"url\":\"https:\/\/www.mumablue.com\/blog\/cuento-de-halloween-corto-para-ninos-audiocuento\/\",\"name\":\"Cuento de Halloween corto para ni\\u00f1os \\u00a1Con audiocuento! - Blog Mumablue\",\"isPartOf\":{\"@id\":\"https:\/\/www.mumablue.com\/blog\/#website\"},\"primaryImageOfPage\":{\"@id\":\"https:\/\/www.mumablue.com\/blog\/cuento-de-halloween-corto-para-ninos-audiocuento\/#primaryimage\"},\"datePublished\":\"2022-10-26T08:17:47+00:00\",\"dateModified\":\"2025-05-23T07:57:10+00:00\",\"description\":\"Este cuento de Halloween corto para ni\\u00f1os es una divertida obra de teatro para leer o representar. Su audiocuento gratuito acumula ya 47.000 escuchas \\u00a1Mira!\",\"inLanguage\":\"es\",\"potentialAction\":[{\"@type\":\"ReadAction\",\"target\":[\"https:\/\/www.mumablue.com\/blog\/cuento-de-halloween-corto-para-ninos-audiocuento\/\"]}]}]}<\/script>\n<!-- \/ Yoast SEO plugin. -->","_links":{"self":[{"href":"https:\/\/www.mumablue.com\/blog\/wp-json\/wp\/v2\/pages\/6491"}],"collection":[{"href":"https:\/\/www.mumablue.com\/blog\/wp-json\/wp\/v2\/pages"}],"about":[{"href":"https:\/\/www.mumablue.com\/blog\/wp-json\/wp\/v2\/types\/page"}],"author":[{"embeddable":true,"href":"https:\/\/www.mumablue.com\/blog\/wp-json\/wp\/v2\/users\/6"}],"replies":[{"embeddable":true,"href":"https:\/\/www.mumablue.com\/blog\/wp-json\/wp\/v2\/comments?post=6491"}],"version-history":[{"count":5,"href":"https:\/\/www.mumablue.com\/blog\/wp-json\/wp\/v2\/pages\/6491\/revisions"}],"predecessor-version":[{"id":7542,"href":"https:\/\/www.mumablue.com\/blog\/wp-json\/wp\/v2\/pages\/6491\/revisions\/7542"}],"wp:attachment":[{"href":"https:\/\/www.mumablue.com\/blog\/wp-json\/wp\/v2\/media?parent=6491"}],"curies":[{"name":"wp","href":"https:\/\/api.w.org\/{rel}","templated":true}]}}