{"id":6485,"date":"2022-10-21T14:35:32","date_gmt":"2022-10-21T14:35:32","guid":{"rendered":"https:\/\/mumablue.com\/blog\/?page_id=6485"},"modified":"2025-06-03T07:41:48","modified_gmt":"2025-06-03T07:41:48","slug":"cuentos-de-superheroes-en-ingles-cortos-audiocuento","status":"publish","type":"page","link":"https:\/\/www.mumablue.com\/blog\/cuentos-de-superheroes-en-ingles-cortos-audiocuento\/","title":{"rendered":"Cuentos de superh\u00e9roes en ingl\u00e9s cortos + audiocuento"},"content":{"rendered":"<p><img decoding=\"async\" loading=\"lazy\" class=\"alignnone size-full wp-image-6450\" src=\"https:\/\/www.mumablue.com\/blog\/wp-content\/uploads\/2022\/10\/Superpowers-500.jpg\" alt=\"cuentos de superh\u00e9roes en ingl\u00e9s\" width=\"500\" height=\"500\" srcset=\"https:\/\/www.mumablue.com\/blog\/wp-content\/uploads\/2022\/10\/Superpowers-500.jpg 500w, https:\/\/www.mumablue.com\/blog\/wp-content\/uploads\/2022\/10\/Superpowers-500-300x300.jpg 300w, https:\/\/www.mumablue.com\/blog\/wp-content\/uploads\/2022\/10\/Superpowers-500-150x150.jpg 150w\" sizes=\"(max-width: 500px) 100vw, 500px\" \/><\/p>\n<p>Muchos pap\u00e1s y mam\u00e1s buscan cuentos de superh\u00e9roes en ingl\u00e9s para favorecer que sus hijos lean en este idioma. Si es tu caso, has llegado al lugar indicado, ya que aqu\u00ed encontrar\u00e1 <strong>\u00abSuperpowers\u00bb, un cuento para leer online, educativo y con valores<\/strong>, con el que tu peque disfrutar\u00e1 mucho.<\/p>\n<p>Como material adicional, hemos creado una versi\u00f3n en audiocuento, de manera que el ni\u00f1o o la ni\u00f1a <strong>pueda escucharlo simult\u00e1neamente y comenzar a educar el o\u00eddo en la fon\u00e9tica inglesa<\/strong>, tan importante para la comprensi\u00f3n y aprendizaje real de este idioma. Sin entretenernos m\u00e1s, te dejamos los materiales para practicar con estos cuentos de superh\u00e9roes en ingl\u00e9s.<\/p>\n<h2>Audiocuento de superh\u00e9roes en ingl\u00e9s para practicar el <em>listening<\/em><\/h2>\n<h6><script src=\"https:\/\/www.buzzsprout.com\/1767941\/10586076-superpowers.js?container_id=buzzsprout-player-10586076&#038;player=small\" type=\"text\/javascript\" charset=\"utf-8\"><\/script><b>M\u00fasica:\u00a0<\/b>Public Domain &#8211;\u00a0<span style=\"color: #3366ff;\"><a style=\"color: #3366ff;\" href=\"https:\/\/freepd.com\/Page2\/\" target=\"_blank\" rel=\"noopener noreferrer\">Opening theme B<\/a>\u00a0<\/span>por Kevin MacLeod;\u00a0<span style=\"color: #3366ff;\"><a style=\"color: #3366ff;\" href=\"https:\/\/freepd.com\/upbeat.php\" target=\"_blank\" rel=\"noopener noreferrer\">Be Chillin<\/a><\/span>\u00a0y\u00a0<span style=\"color: #3366ff;\"><a style=\"color: #3366ff;\" href=\"https:\/\/freepd.com\/world.php\" target=\"_blank\" rel=\"noopener noreferrer\">Be Jammin<\/a><\/span>, por Alexander Nakarada;\u00a0<span style=\"color: #3366ff;\"><a style=\"color: #3366ff;\" href=\"https:\/\/freepd.com\/epic.php\" target=\"_blank\" rel=\"noopener noreferrer\">Heroic adventure<\/a><\/span>, por Rafael Krux.<\/h6>\n<p>Aqu\u00ed tienes el texto escrito para poder leer el cuento online.<\/p>\n<h2 style=\"text-align: center;\">Superpowers<\/h2>\n<blockquote><p>Mumablue loves stories about superheroes. Whenever he reads one, he likes to imagine that he has amazing powers: the ability to can fly, turn invisible or move objects with his mind.<\/p>\n<p>Mumablue knows that this isn\u2019t really possible \u2014 it only happens in stories.<\/p>\n<p>What\u2019s more, a lot of the time he doesn\u2019t even feel very brave: he is scared of the dark, worries that there are monsters under the bed and is scared every time he sees a creepy crawly.<\/p>\n<p>Today Mumablue is really excited. It\u2019s Invention Day at school! Inventors from around the world are coming to show off their wild and crazy inventions.<\/p>\n<p>One invention in particular catches Mumablue\u2019s eye. Mrs Nexus has invented the Powerator, a machine that gives you superpowers! Mumablue is thrilled.<\/p>\n<p>\u00abThis is my big chance to become a superhero!\u201d<\/p>\n<p>But while Mrs Nexus is getting ready to do a demonstration, her invention starts making a strange noise. It short-circuits and bursts into flames!<\/p>\n<p>The fire quickly spreads to all the other inventions: the Loverator, the Straight to your Sofa Teleport and the Cloning Machine for Work Hours. Everything starts to burn\u2026<\/p>\n<p>Everyone panics! People start running this way and that. At first Mumablue is frozen with fear, but he knows what he has to do.<\/p>\n<p>\u00abI need to find a fire extinguisher!\u201d<\/p>\n<p>Mumablue plucks up all his COURAGE. He uses his DETERMINATION to locate the fire extinguisher. It\u2019s very heavy but he feels STRONG. Then, FAST as lightening, he goes to put out the fire.<\/p>\n<p>But the room must be evacuated first! Being INTELLIGENT, Mumablue climbs the ladder of The Cloud Maker to find an emergency exit. And showing great LEADERSHIP, he tells people to head calmly to the exit.<\/p>\n<p>Once everyone has left, Mumablue turns on the fire extinguisher and, PATIENTLY and with great PERSISTENCE, puts out the fire. he finds it hard to breathe!<\/p>\n<p>Mumablue has put out the fire. He is coughing and spluttering, and his face is covered in soot. But everyone congratulates him \u2014 they all clap and cheer!<\/p>\n<p>\u00abYou\u2019re a hero, Mumablue!\u201d<br \/>\n\u201cBetter than that\u2026 You\u2019re a superhero!\u201d<\/p>\n<p>By acting so bravely, he has shown that he has superpowers: courage, determination, strength, speed, intelligence, leadership, patience and persistence. Mumablue has saved the school!<\/p>\n<p>Mumablue is beside himself with joy. He is a real superhero!<\/p>\n<p>\u00abMrs Nexus, the Powerator worked!\u201d<br \/>\n\u00abNo. The truth is, the superpowers were already yours\u201d.<\/p>\n<p>Mumablue understands that all the superpowers already lived inside him. And that everyone, absolutely everyone, has extraordinary gifts inside them. You just have to let them out.<\/p>\n<p>To reward Mumablue for his heroic actions, Mrs Nexus asks if he would like to try the Powerator.<\/p>\n<p>\u00abWasn\u2019t it destroyed in the fire?\u201d<br \/>\n\u00abLuckily, I always carry a pocket version with me\u201d.<\/p>\n<p>Under the expectant gazes of teachers and pupils, Mrs Nexus points the Powerator at Mumablue. he is surrounded by a halo of light. And a miracle happens!<\/p>\n<p>Mumablue starts to float up into the air. He can fly! And that\u2019s not all: he can move objects with his mind, pick up furniture with just his little finger and read people\u2019s thoughts.<\/p>\n<p>\u00abIt\u2019s amazing!\u201d<\/p>\n<p>Thanks to his new superpowers and the power he has always carried inside him, Mumablue can help anyone who needs it. And the kinder he is, the more love he will receive. And the more love he receives, the greater his superpowers will be. And with everyone happy and content, Mumablue says goodbye until next time.<\/p><\/blockquote>\n<h2>Recomendamos el mejor de los cuentos de superh\u00e9roes en ingl\u00e9s<\/h2>\n<p><img decoding=\"async\" loading=\"lazy\" class=\"alignnone size-full wp-image-6456\" src=\"https:\/\/www.mumablue.com\/blog\/wp-content\/uploads\/2022\/10\/Cuento-personalizado-de-superh\u00e9roes.jpg\" alt=\"cuento de superh\u00e9roes en ingl\u00e9s\" width=\"500\" height=\"423\" srcset=\"https:\/\/www.mumablue.com\/blog\/wp-content\/uploads\/2022\/10\/Cuento-personalizado-de-superh\u00e9roes.jpg 500w, https:\/\/www.mumablue.com\/blog\/wp-content\/uploads\/2022\/10\/Cuento-personalizado-de-superh\u00e9roes-300x254.jpg 300w\" sizes=\"(max-width: 500px) 100vw, 500px\" \/><\/p>\n<p>Si a tu peque le ha gustado la historia, ponemos a tu disposici\u00f3n la versi\u00f3n impresa, cuidadosamente ilustrada, con un extra inigualable: <strong>el cuento personalizado para que tu peque sea el protagonista del relato<\/strong>. \u00ab<span style=\"color: #3366ff;\"><a style=\"color: #3366ff;\" href=\"https:\/\/www.mumablue.com\/esp\/nuestros-cuentos-personalizados\/superpoderes?utm_source=blog&amp;utm_medium=link&amp;utm_campaign=p\u00e1ginas-audiocuentos&amp;utm_content=cuentos-superheroes-ingles\" target=\"_blank\" rel=\"noopener noreferrer\">Superpowers<\/a><\/span>\u00bb personalizado es uno de los cuentos de superh\u00e9roes en ingl\u00e9s que mayor inter\u00e9s despierta en los ni\u00f1os, ya que al verse reflejados con su nombre y sus rasgos f\u00edsicos, se activan de inmediato las ganas de leerlo. La mejor idea para hacer un buen regalo.<\/p>\n<p>Puedes personalizar a tu peque y ver c\u00f3mo quedar\u00eda dentro de la historia, gracias a que es posible realizar una previsualizaci\u00f3n completa del cuento, totalmente gratis. Est\u00e1 disponible en 11 idiomas, <strong>puedes seleccionar el idioma ingl\u00e9s al final del proceso de personalizaci\u00f3n.<\/strong> \u00a1Es uno de los cuentos Mumablue m\u00e1s vendidos! Por algo ser\u00e1 \ud83d\ude42<\/p>\n<p>Si te han gustado estas propuestas de cuentos de superh\u00e9roes en ingl\u00e9s, la buena noticia es que <strong>tenemos muchos m\u00e1s de diferentes temas<\/strong>. Visita nuestra p\u00e1gina de <strong><span style=\"color: #3366ff;\"><a style=\"color: #3366ff;\" href=\"https:\/\/www.mumablue.com\/blog\/cuentos-en-ingles-infantiles-cortos-audiocuentos-gratis\/\" target=\"_blank\" rel=\"noopener noreferrer\">cuentos infantiles en ingl\u00e9s<\/a><\/span><\/strong> y disfrutad de muchas m\u00e1s historias. Tambi\u00e9n ofrecemos m\u00e1s de\u00a0<strong><span style=\"color: #3366ff;\"><a style=\"color: #3366ff;\" href=\"https:\/\/www.mumablue.com\/blog\/cuentos-infantiles-para-leer-cortos-gratis\/\" target=\"_blank\" rel=\"noopener noreferrer\">100 cuentos en espa\u00f1ol gratis<\/a><\/span>,<\/strong> con sus audiocuentos y totalmente gratis. \u00a1Nuestra misi\u00f3n es despertar en los ni\u00f1os el amor por la lectura y el relato oral!<\/p>\n<div style='text-align:left' class='yasr-auto-insert-visitor'><\/div>","protected":false},"excerpt":{"rendered":"<p>Muchos pap\u00e1s y mam\u00e1s buscan cuentos de superh\u00e9roes en ingl\u00e9s para favorecer que sus hijos lean en este idioma. Si es tu caso, has llegado al lugar indicado, ya que aqu\u00ed encontrar\u00e1 \u00abSuperpowers\u00bb, un cuento para leer online, educativo y con valores, con el que tu peque disfrutar\u00e1 mucho. Como material adicional, hemos creado una [&hellip;]<\/p>\n","protected":false},"author":6,"featured_media":0,"parent":0,"menu_order":0,"comment_status":"closed","ping_status":"closed","template":"","meta":{"yasr_overall_rating":0,"yasr_post_is_review":"","yasr_auto_insert_disabled":"","yasr_review_type":""},"yasr_visitor_votes":{"number_of_votes":12,"sum_votes":43,"stars_attributes":{"read_only":false,"span_bottom":false}},"yoast_head":"<!-- This site is optimized with the Yoast SEO plugin v14.5 - https:\/\/yoast.com\/wordpress\/plugins\/seo\/ -->\n<meta name=\"description\" content=\"Con estos cuentos de superh\u00e9roes en ingl\u00e9s tu peque disfrutar\u00e1 de un precioso relato mientras aprende este idioma leyendo o escuchando el audiocuento.\" \/>\n<meta name=\"robots\" content=\"index, follow\" \/>\n<meta name=\"googlebot\" content=\"index, follow, max-snippet:-1, max-image-preview:large, max-video-preview:-1\" \/>\n<meta name=\"bingbot\" content=\"index, follow, max-snippet:-1, max-image-preview:large, max-video-preview:-1\" \/>\n<link rel=\"canonical\" href=\"https:\/\/www.mumablue.com\/blog\/cuentos-de-superheroes-en-ingles-cortos-audiocuento\/\" \/>\n<meta property=\"og:locale\" content=\"es_ES\" \/>\n<meta property=\"og:type\" content=\"article\" \/>\n<meta property=\"og:title\" content=\"Cuentos de superh\u00e9roes en ingl\u00e9s cortos + audiocuento - Blog Mumablue\" \/>\n<meta property=\"og:description\" content=\"Con estos cuentos de superh\u00e9roes en ingl\u00e9s tu peque disfrutar\u00e1 de un precioso relato mientras aprende este idioma leyendo o escuchando el audiocuento.\" \/>\n<meta property=\"og:url\" content=\"https:\/\/www.mumablue.com\/blog\/cuentos-de-superheroes-en-ingles-cortos-audiocuento\/\" \/>\n<meta property=\"og:site_name\" content=\"Blog Mumablue\" \/>\n<meta property=\"article:publisher\" content=\"https:\/\/www.facebook.com\/mumablue\/\" \/>\n<meta property=\"article:modified_time\" content=\"2025-06-03T07:41:48+00:00\" \/>\n<meta property=\"og:image\" content=\"https:\/\/www.mumablue.com\/blog\/wp-content\/uploads\/2022\/10\/Superpowers-500.jpg\" \/>\n<meta name=\"twitter:card\" content=\"summary_large_image\" \/>\n<script type=\"application\/ld+json\" class=\"yoast-schema-graph\">{\"@context\":\"https:\/\/schema.org\",\"@graph\":[{\"@type\":\"Organization\",\"@id\":\"https:\/\/www.mumablue.com\/blog\/#organization\",\"name\":\"Mumablue\",\"url\":\"https:\/\/www.mumablue.com\/blog\/\",\"sameAs\":[\"https:\/\/www.facebook.com\/mumablue\/\",\"https:\/\/www.instagram.com\/mumablue\/?hl=es\"],\"logo\":{\"@type\":\"ImageObject\",\"@id\":\"https:\/\/www.mumablue.com\/blog\/#logo\",\"inLanguage\":\"es\",\"url\":\"https:\/\/www.mumablue.com\/blog\/wp-content\/uploads\/2020\/05\/Blog-Mumablue.png\",\"width\":749,\"height\":269,\"caption\":\"Mumablue\"},\"image\":{\"@id\":\"https:\/\/www.mumablue.com\/blog\/#logo\"}},{\"@type\":\"WebSite\",\"@id\":\"https:\/\/www.mumablue.com\/blog\/#website\",\"url\":\"https:\/\/www.mumablue.com\/blog\/\",\"name\":\"Blog Mumablue\",\"description\":\"Un blog de cuentos y audiocuentos gratis para ni\\u00f1os.\",\"publisher\":{\"@id\":\"https:\/\/www.mumablue.com\/blog\/#organization\"},\"potentialAction\":[{\"@type\":\"SearchAction\",\"target\":\"https:\/\/www.mumablue.com\/blog\/?s={search_term_string}\",\"query-input\":\"required name=search_term_string\"}],\"inLanguage\":\"es\"},{\"@type\":\"ImageObject\",\"@id\":\"https:\/\/www.mumablue.com\/blog\/cuentos-de-superheroes-en-ingles-cortos-audiocuento\/#primaryimage\",\"inLanguage\":\"es\",\"url\":\"https:\/\/www.mumablue.com\/blog\/wp-content\/uploads\/2022\/10\/Superpowers-500.jpg\",\"width\":500,\"height\":500,\"caption\":\"cuentos de superh\\u00e9roes en ingl\\u00e9s\"},{\"@type\":\"WebPage\",\"@id\":\"https:\/\/www.mumablue.com\/blog\/cuentos-de-superheroes-en-ingles-cortos-audiocuento\/#webpage\",\"url\":\"https:\/\/www.mumablue.com\/blog\/cuentos-de-superheroes-en-ingles-cortos-audiocuento\/\",\"name\":\"Cuentos de superh\\u00e9roes en ingl\\u00e9s cortos + audiocuento - Blog Mumablue\",\"isPartOf\":{\"@id\":\"https:\/\/www.mumablue.com\/blog\/#website\"},\"primaryImageOfPage\":{\"@id\":\"https:\/\/www.mumablue.com\/blog\/cuentos-de-superheroes-en-ingles-cortos-audiocuento\/#primaryimage\"},\"datePublished\":\"2022-10-21T14:35:32+00:00\",\"dateModified\":\"2025-06-03T07:41:48+00:00\",\"description\":\"Con estos cuentos de superh\\u00e9roes en ingl\\u00e9s tu peque disfrutar\\u00e1 de un precioso relato mientras aprende este idioma leyendo o escuchando el audiocuento.\",\"inLanguage\":\"es\",\"potentialAction\":[{\"@type\":\"ReadAction\",\"target\":[\"https:\/\/www.mumablue.com\/blog\/cuentos-de-superheroes-en-ingles-cortos-audiocuento\/\"]}]}]}<\/script>\n<!-- \/ Yoast SEO plugin. -->","_links":{"self":[{"href":"https:\/\/www.mumablue.com\/blog\/wp-json\/wp\/v2\/pages\/6485"}],"collection":[{"href":"https:\/\/www.mumablue.com\/blog\/wp-json\/wp\/v2\/pages"}],"about":[{"href":"https:\/\/www.mumablue.com\/blog\/wp-json\/wp\/v2\/types\/page"}],"author":[{"embeddable":true,"href":"https:\/\/www.mumablue.com\/blog\/wp-json\/wp\/v2\/users\/6"}],"replies":[{"embeddable":true,"href":"https:\/\/www.mumablue.com\/blog\/wp-json\/wp\/v2\/comments?post=6485"}],"version-history":[{"count":2,"href":"https:\/\/www.mumablue.com\/blog\/wp-json\/wp\/v2\/pages\/6485\/revisions"}],"predecessor-version":[{"id":7636,"href":"https:\/\/www.mumablue.com\/blog\/wp-json\/wp\/v2\/pages\/6485\/revisions\/7636"}],"wp:attachment":[{"href":"https:\/\/www.mumablue.com\/blog\/wp-json\/wp\/v2\/media?parent=6485"}],"curies":[{"name":"wp","href":"https:\/\/api.w.org\/{rel}","templated":true}]}}