{"id":6472,"date":"2022-12-05T10:41:27","date_gmt":"2022-12-05T10:41:27","guid":{"rendered":"https:\/\/mumablue.com\/blog\/?page_id=6472"},"modified":"2025-06-03T07:45:17","modified_gmt":"2025-06-03T07:45:17","slug":"cuentos-de-brujas-en-ingles-cortos-audiocuentos","status":"publish","type":"page","link":"https:\/\/www.mumablue.com\/blog\/cuentos-de-brujas-en-ingles-cortos-audiocuentos\/","title":{"rendered":"Cuentos de brujas en ingl\u00e9s cortos + audiocuentos"},"content":{"rendered":"<p><img decoding=\"async\" loading=\"lazy\" class=\"alignnone size-full wp-image-6476\" src=\"https:\/\/www.mumablue.com\/blog\/wp-content\/uploads\/2022\/10\/The-little-witch-Bluefire-1.jpg\" alt=\"cuentos de brujas en ingl\u00e9s\" width=\"500\" height=\"500\" srcset=\"https:\/\/www.mumablue.com\/blog\/wp-content\/uploads\/2022\/10\/The-little-witch-Bluefire-1.jpg 500w, https:\/\/www.mumablue.com\/blog\/wp-content\/uploads\/2022\/10\/The-little-witch-Bluefire-1-300x300.jpg 300w, https:\/\/www.mumablue.com\/blog\/wp-content\/uploads\/2022\/10\/The-little-witch-Bluefire-1-150x150.jpg 150w\" sizes=\"(max-width: 500px) 100vw, 500px\" \/><\/p>\n<p>Los cuentos de brujas en ingl\u00e9s son una buena idea para incentivar que nuestros peques lean en este idioma, ya que se trata de relatos revestidos de gran atractivo para ellos: la fantas\u00eda, la magia y ese puntito de miedo es una combinaci\u00f3n que a los ni\u00f1os les encanta. En esta ocasi\u00f3n os traemos \u00abThe little witch Bluefire\u00bb,<strong> la historia de una brujita con un poder tan extra\u00f1o como, en apariencia inservible<\/strong>, y su experiencia en la escuela de brujer\u00eda. Este cuento pone de relieve el valor de no rechazar al diferente.<\/p>\n<p>Como contenido adicional, hemos creado un audiocuento de la brujita Fuegoazul, de modo que <strong>tu peque pueda escuchar esta versi\u00f3n sonora y comenzar a familiarizarse con la lengua inglesa<\/strong> en el plano hablado. Es ideal para que lo escuche de modo simult\u00e1neo a la lectura, aunque tambi\u00e9n puede disfrutarse de forma independiente. \u00a1Aprender\u00e1 sin darse cuenta!<\/p>\n<p>Audiocuento de brujas en ingl\u00e9s para entrenar el o\u00eddo en este idioma<\/p>\n<h6><script src=\"https:\/\/www.buzzsprout.com\/1767941\/10527518-the-little-witch-bluefire.js?container_id=buzzsprout-player-10527518&#038;player=small\" type=\"text\/javascript\" charset=\"utf-8\"><\/script><b>Music:\u00a0<\/b>Public Domain &#8211;\u00a0<span style=\"color: #3366ff;\"><a style=\"color: #3366ff;\" href=\"https:\/\/www.youtube.com\/playlist?list=PLzmgree8Fgt7F_XuBVpX1-kfqglG_Oa5i\" target=\"_blank\" rel=\"noopener noreferrer\">M\u00fasica para Halloween<\/a><\/span>\u00a0(TMSC)<\/h6>\n<p>A continuaci\u00f3n te dejamos el texto escrito, en ingl\u00e9s, para que pod\u00e1is leerlo directamente.<\/p>\n<h2 style=\"text-align: center;\">The little witch Bluefire<\/h2>\n<blockquote><p>Freya had discovered she had powers on her 7th birthday.\u00a0During that birthday, rather than blowing out the candles, she lit them. Yes, you heard that correctly.<\/p>\n<p>Before her mom could get the match to the cake, Freya&#8217;s fingers burst into strange blue flames.<\/p>\n<p>That&#8217;s how, on her seventh birthday, Freya gained a year&#8230; and lost a name: from that moment on, everyone would call her \u00abLittle Witch Bluefire\u00bb.<\/p>\n<p>Little Witch Bluefire came from an important lineage of witches. Her reat-great-great-great-grandmother was already listed in the family&#8217;s witch family tree, although it is likely that her witch lineage came from much further back.<\/p>\n<p>Little witch Bluefire, however, had a problem: her only magic was that silly blue fire that was good for nothing but lighting the kitchen fire. What a dud!<\/p>\n<p>Little witch knew, from the Great Book of Witches&#8217; History, that witches could fly on their broomsticks, turn people into frogs or change their shape, but she could do none of those things! What&#8217;s more! She didn&#8217;t even have pyrokinesis, which is the power to set fire at a distance, but simply had fingers that lit up as if they were a lighter. Well, that was a load of rubbish magic that was useless!<\/p>\n<p>So when she turned 18, Bluefire did not go to the University, but enrolled in the Superior School of Witchcraft, in case the reason was that she was doing something wrong.<\/p>\n<p>But her problem did not go away. Not only was her individual talent useless, but she possessed none of the elemental powers of witches.<\/p>\n<p>In Flight class, she set the broom on fire just by touching it. And all the student witches fled in terror so as not to get burned, because witches are VERY afraid of being<br \/>\nburned to death at a bonfire.<\/p>\n<p>In Transfiguration class she failed to turn a mouse into a toad, a worm, or even a shrew. She only managed to burn its tail.<\/p>\n<p>And in class of Hurricanes and storms, she only generated a shower of sparks that Madame<br \/>\nThunder had to extinguish causing a copious downpour. Well, what a mess! Her power only served to light the fire in the cauldron.<\/p>\n<p>\u00abOh my goodness, I don&#8217;t know what I&#8217;ve done with the matches&#8230; Lend me a hand, Bluefire!\u00bb, said an old witch.<\/p>\n<p>\u00abComing, Madame Potion!\u00bb<\/p>\n<p>Bluefire felt inferior, she thought she was stupid and that she would never be able to cast a single spell. She failed all her subjects: Telekinesis, Broomstick Flying, Transfiguration, Potion Science, Spellcasting&#8230; Even Superhuman Gymnastics, which everyone passed!<\/p>\n<p>The teachers were very worried about Bluefire. It was clear that she made an effort, studied hard, knew all the spells by heart and recited them incessantly:<\/p>\n<p>\u00abBlack storm cloud muddles,<br \/>\nbig downpours and lightning,<br \/>\nturn the water of the puddles<br \/>\ninto seas so frightening\u00bb.<\/p>\n<p>But she could do nothing but make her little blue fire gush forth.<\/p>\n<p>Then her tutor, Madame Cadabra, went to the High Council of Teaching Witchcraft. Its members, the wisest and most powerful witches and wizards on Earth, ordered Bluefire to appear before them.<\/p>\n<p>When she arrived, they asked her to show them her power. Bluefire obeyed. Little bluish flames emerged from her fingertips. Then, the Great witch spoke:<\/p>\n<p>\u00abIt&#8217;s not magic, it&#8217;s a fatuous fire\u00bb, said the Great witch.<\/p>\n<p>All witches were surprise:<\/p>\n<p>\u00abOhhhh, unbelievable!\u00bb<br \/>\n\u00abA fatuous fire? It can&#8217;t be\u00bb.<br \/>\n\u00abI&#8217;ve never seen a case like this in 100 years!\u00bb<br \/>\n\u00abAmazing! Of what nature\u00bb<\/p>\n<p>\u00abSilence!\u00bb, ordered the Great witch.<\/p>\n<p>The room was silent. Only the flight of a fly couldbe heard. After a while, the Great witch said:<\/p>\n<p>\u00abMy dear\u2026 this is not an individual talent&#8230; that fire is the spirit of a very, very powerful ancestor, who endows you with supreme power: your great-great-great-grandmother. Thanks to her spirit you not only have the elemental powers, but you possess ALL the higher powers of magic\u00bb.<\/p>\n<p>\u00abSo, I&#8217;m not useless?\u00bb, asked Bluefire.<\/p>\n<p>\u00abOf course not! On the contrary. It so happens that the Superior School of Magic is too small for you. You need to train this supreme power at the Academy of Gifted Witches\u00bb.<\/p>\n<p>And so it was that Bluefire entered the Academy of Gifted Witches to let her magnificent powers come out. She no longer felt like a freak. In just one year she had become one of the most powerful witches in the world and when she graduated she was made an Honorary Member of the High Council of Witchcraft Teachers. In time, she would become Witch Dean. And when she died, after 160 years, she became a purple fire fatuous waiting for her great-great-great-granddaughter to be born\u2026<\/p><\/blockquote>\n<h2><img decoding=\"async\" loading=\"lazy\" class=\"alignnone wp-image-6581\" src=\"https:\/\/www.mumablue.com\/blog\/wp-content\/uploads\/2022\/12\/Hansel-Grettel.jpg\" alt=\"Cuentos de brujas en ingl\u00e9s\" width=\"500\" height=\"500\" srcset=\"https:\/\/www.mumablue.com\/blog\/wp-content\/uploads\/2022\/12\/Hansel-Grettel.jpg 624w, https:\/\/www.mumablue.com\/blog\/wp-content\/uploads\/2022\/12\/Hansel-Grettel-300x300.jpg 300w, https:\/\/www.mumablue.com\/blog\/wp-content\/uploads\/2022\/12\/Hansel-Grettel-150x150.jpg 150w\" sizes=\"(max-width: 500px) 100vw, 500px\" \/><\/h2>\n<h2>Otro de los cuentos de brujas en ingl\u00e9s m\u00e1s valorados<\/h2>\n<p>Si te has quedado con ganas de m\u00e1s cuentos de brujas en ingl\u00e9s, te dejamos una propuesta de los m\u00e1s original: se trata de un relato en el que <strong>la mism\u00edsima bruja del cuento \u00abLa casita de chocolate\u00bb ofrece su propio punto de vista<\/strong> de la historia, una perspectiva tan divertida como sorprendente que ayudar\u00e1 a los ni\u00f1os a entender el valor del punto de vista. Primero que nada, aqu\u00ed tienes el audiocuento.<\/p>\n<h6><script src=\"https:\/\/www.buzzsprout.com\/1767941\/9266389-the-true-story-of-hansel-and-gretel.js?container_id=buzzsprout-player-9266389&#038;player=small\" type=\"text\/javascript\" charset=\"utf-8\"><\/script>Music: CC 0 <span style=\"color: #0000ff;\"><a style=\"color: #0000ff;\" href=\"https:\/\/freepd.com\/Page2\/\" target=\"_blank\" rel=\"noopener noreferrer\">Fairy Dance<\/a><\/span> and <span style=\"color: #0000ff;\"><a style=\"color: #0000ff;\" href=\"https:\/\/www.boorp.com\/musica_libera_mp3_royalty_free_senza_copyright\/mp3_magic_in_the_garden_royalty_free_musica_libera_senza_diritti_autore.php\" target=\"_blank\" rel=\"noopener noreferrer\">Magic in the garden<\/a><\/span> by Rafael Krux; CC 3.0 <span style=\"color: #0000ff;\"><a style=\"color: #0000ff;\" href=\"https:\/\/freepd.com\/misc.php\" target=\"_blank\" rel=\"noopener noreferrer\">Magical transition<\/a>,<span style=\"color: #000000;\"><a style=\"color: #0000ff;\" href=\"https:\/\/freepd.com\/misc.php\" target=\"_blank\" rel=\"noopener noreferrer\"> Witch Waltz<\/a> , <a style=\"color: #0000ff;\" href=\"https:\/\/freepd.com\/Page2\/\" target=\"_blank\" rel=\"noopener noreferrer\">Donkey in the Dancehall<\/a> and <a style=\"color: #0000ff;\" href=\"https:\/\/incompetech.filmmusic.io\/song\/5738-aquarium\" target=\"_blank\" rel=\"noopener noreferrer\">Aquarium<\/a>, by Kevin MacLeod<\/span><\/span><\/h6>\n<h2>The true story of Hansel and Gretel<\/h2>\n<blockquote><p>Hello, dear children. Let me introduce myself: I am the witch from Hansel and Gretel\u2019s fairy tale, but don\u2019t be afraid! You mustn\u2019t be afraid of me: everything those two children told about me is a rotten lie. They made it all up! If you will allow me, I would like to tell you the real story, what really happened.<\/p>\n<p>One day I was so quiet in my little house in the forest, cooking my magic potions, when two children appeared out of nowhere and started tearing pieces off the walls, the doors, the windows\u2026 and then they ate them!<\/p>\n<p>Apparently they had been lost in the forest for a few days, with no food or water. They thought my little house was made of chocolate! What nonsense! If it were, I would have eaten it myself a long time ago! My house is made of bricks, plaster and plasterboard, just like everybody else\u2019s.<\/p>\n<p>I\u2019m a witch, and everyone knows that children and witches don\u2019t get along. Children create a lot of fuss: they baffle the spirits with their screams, chase away lizards and bats (which are the basis of any self-respecting magic potion), and wear our pointy hats to disguise themselves all the time.<\/p>\n<p>But Hansel and Gretel gave me a bit of grief. So I invited them in and offered them a nice snack: milk with sugared scones, apples and nuts. They told me that their stepmother had abandoned them in the forest with the excuse that she had no money to feed them. What a wicked lady! So I told them they could stay with me if they would help me with some chores.<\/p>\n<p>But as it turned out, Hansel and Gretel were naughty! I asked Hansel to go to the stable to take care of the cattle, but he was lazy and locked himself behind bars so I couldn\u2019t find him, and he spent the whole day sleeping. What a lazy bum!<\/p>\n<p>Later he said that it was me who locked him in a cage to fatten him up and, when he was fat, to eat him\u2026 Besides being lazy, he was a liar! I don\u2019t like children, not even on pizza!<\/p>\n<p>I asked Gretel to help me in the kitchen, but she did things to annoy me! Change the sugar for salt, for example. Have you tried milk with salt, it\u2019s disgusting! I don\u2019t recommend fried eggs with sugar either\u2026 She would also unscrew the faucet so when I would turned it on, water would shoot out and hit me in the face.<\/p>\n<p>She would use my flying broom to sweep (flying brooms are very sensitive, they can\u2019t stand too much pressure) or she would pour a liter of soap in the washing machine and the kitchen would look like that foam party from the fairs. A horrible disaster! One day, when I was about to put a loaf of bread in the oven\u2026 Gretel pushed me and tried to make me fall in! That was the straw that broke the camel\u2019s back! I got very angry and sent them back to their stepmother. How sorry I am for that poor woman!<\/p>\n<p>The story they told afterwards, you already know it: that their wicked stepmother had abandoned them to their fate in the forest and that a much more wicked witch had locked them up to fatten them up and then eat them. What ungrateful people! I repeat: we witches do not eat children, they are all bones. We prefer mac and cheese. Oh, and they didn\u2019t get home on a duck either. How big would a duck have to be to carry a child on its back? Have we gone mad? I took them myself on my flying broom and they didn\u2019t even pay for the gas!<\/p>\n<p>And this is my version of the story. But who would believe a lonely witch rather than two seemingly innocent children? No one! Well, no one except their stepmother, who looked at me with pity while they wanted to set fire to my little house, which, I repeat, was not made of chocolate, nor candy, because those things only exist in fairy tales and this is a very real story.<\/p>\n<p>So you know, kids, if you ever want to know how a story really happened, you should ask all the parties involved. Remember: the good guys aren\u2019t so good, and the bad guys aren\u2019t so bad.<\/p><\/blockquote>\n<h2>Otros cuentos de brujas en ingl\u00e9s que os van a encantar<\/h2>\n<p><img decoding=\"async\" loading=\"lazy\" class=\"alignnone wp-image-6461 size-full\" title=\"cuentos de brujas en ingl\u00e9s\" src=\"https:\/\/www.mumablue.com\/blog\/wp-content\/uploads\/2022\/10\/cuento-personalizado-de-brujas.jpg\" alt=\"cuentos de monstruos en ingl\u00e9s\" width=\"500\" height=\"423\" srcset=\"https:\/\/www.mumablue.com\/blog\/wp-content\/uploads\/2022\/10\/cuento-personalizado-de-brujas.jpg 500w, https:\/\/www.mumablue.com\/blog\/wp-content\/uploads\/2022\/10\/cuento-personalizado-de-brujas-300x254.jpg 300w\" sizes=\"(max-width: 500px) 100vw, 500px\" \/><\/p>\n<p>Si os ha gustado esta historia, os invitamos a descubrir otros cuentos de brujas en ingl\u00e9s muy interesantes. El primero de ellos es \u00abThe true story of Hansel and Gretel\u00bb, un cuento donde <strong>se cambia el punto de vista del cuento cl\u00e1sico de \u00abLa casita de chocolate\u00bb<\/strong>. En \u00e9l, la bruja ofrece su versi\u00f3n de la historia, y descubre el aut\u00e9ntico car\u00e1cter de Hansel y Gretel. \u00a1Una historia muy divertida que tambi\u00e9n viene acompa\u00f1ada de su correspondiente audiocuento.<\/p>\n<p>Otra idea maravillosa si est\u00e1s buscando cuentos de brujas en ingl\u00e9s impresos en papel, es <a href=\"https:\/\/www.mumablue.com\/esp\/nuestros-cuentos-personalizados\/cuento-de-brujas-personalizado?utm_source=blog&amp;utm_medium=link&amp;utm_campaign=p\u00e1ginas-audiocuentos&amp;utm_content=cuentos-brujas-ingles\" target=\"_blank\" rel=\"noopener noreferrer\">\u00ab<span style=\"color: #3366ff;\">Nombre de tu peque on Halloween night<\/span>\u00ab,<\/a> <strong>un cuento personalizado en el que tu peque protagonizar\u00e1 la historia en primera persona<\/strong>, con su nombre y una ilustraci\u00f3n que lo representar\u00e1 f\u00edsicamente en todas las p\u00e1ginas. \u00a1El mejor regalo para ni\u00f1os y ni\u00f1as! Crea el suyo en exclusiva y <strong>podr\u00e1s escoger entre ingl\u00e9s brit\u00e1nico o americano.<\/strong><\/p>\n<p>\u00bfTe has quedado con ganas de m\u00e1s? \u00a1No te preocupes! En nuestra p\u00e1gina<strong>\u00a0<span style=\"color: #3366ff;\"><a style=\"color: #3366ff;\" href=\"https:\/\/www.mumablue.com\/blog\/cuentos-en-ingles-infantiles-cortos-audiocuentos-gratis\/\" target=\"_blank\" rel=\"noopener noreferrer\">cuentos infantiles en ingl\u00e9s<\/a><\/span><\/strong> <strong>encontrar\u00e1s muchos otros de todos los g\u00e9neros y temas<\/strong>. Adem\u00e1s, es posible escuchar todos ellos, y muchos m\u00e1s, en nuestra secci\u00f3n de cuentos infantiles en espa\u00f1ol, donde encontrar\u00e1s m\u00e1s de <strong><span style=\"color: #3366ff;\"><a style=\"color: #3366ff;\" href=\"https:\/\/www.mumablue.com\/blog\/cuentos-infantiles-para-leer-cortos-gratis\/\" target=\"_blank\" rel=\"noopener noreferrer\">100 cuentos y audiocuentos en espa\u00f1ol, gratis<\/a><\/span><\/strong>.<\/p>\n<div style='text-align:left' class='yasr-auto-insert-visitor'><\/div>","protected":false},"excerpt":{"rendered":"<p>Los cuentos de brujas en ingl\u00e9s son una buena idea para incentivar que nuestros peques lean en este idioma, ya que se trata de relatos revestidos de gran atractivo para ellos: la fantas\u00eda, la magia y ese puntito de miedo es una combinaci\u00f3n que a los ni\u00f1os les encanta. En esta ocasi\u00f3n os traemos \u00abThe [&hellip;]<\/p>\n","protected":false},"author":6,"featured_media":0,"parent":0,"menu_order":0,"comment_status":"closed","ping_status":"closed","template":"","meta":{"yasr_overall_rating":0,"yasr_post_is_review":"","yasr_auto_insert_disabled":"","yasr_review_type":""},"yasr_visitor_votes":{"number_of_votes":5,"sum_votes":20,"stars_attributes":{"read_only":false,"span_bottom":false}},"yoast_head":"<!-- This site is optimized with the Yoast SEO plugin v14.5 - https:\/\/yoast.com\/wordpress\/plugins\/seo\/ -->\n<meta name=\"description\" content=\"Distintos cuentos de brujas en ingl\u00e9s para leer online, en versi\u00f3n audiocuento para practicar el &quot;listening&quot; y en formato papel personalizado para regalar.\" \/>\n<meta name=\"robots\" content=\"index, follow\" \/>\n<meta name=\"googlebot\" content=\"index, follow, max-snippet:-1, max-image-preview:large, max-video-preview:-1\" \/>\n<meta name=\"bingbot\" content=\"index, follow, max-snippet:-1, max-image-preview:large, max-video-preview:-1\" \/>\n<link rel=\"canonical\" href=\"https:\/\/www.mumablue.com\/blog\/cuentos-de-brujas-en-ingles-cortos-audiocuentos\/\" \/>\n<meta property=\"og:locale\" content=\"es_ES\" \/>\n<meta property=\"og:type\" content=\"article\" \/>\n<meta property=\"og:title\" content=\"Cuentos de brujas en ingl\u00e9s cortos + audiocuentos - Blog Mumablue\" \/>\n<meta property=\"og:description\" content=\"Distintos cuentos de brujas en ingl\u00e9s para leer online, en versi\u00f3n audiocuento para practicar el &quot;listening&quot; y en formato papel personalizado para regalar.\" \/>\n<meta property=\"og:url\" content=\"https:\/\/www.mumablue.com\/blog\/cuentos-de-brujas-en-ingles-cortos-audiocuentos\/\" \/>\n<meta property=\"og:site_name\" content=\"Blog Mumablue\" \/>\n<meta property=\"article:publisher\" content=\"https:\/\/www.facebook.com\/mumablue\/\" \/>\n<meta property=\"article:modified_time\" content=\"2025-06-03T07:45:17+00:00\" \/>\n<meta property=\"og:image\" content=\"https:\/\/www.mumablue.com\/blog\/wp-content\/uploads\/2022\/10\/The-little-witch-Bluefire-1.jpg\" \/>\n<meta name=\"twitter:card\" content=\"summary_large_image\" \/>\n<script type=\"application\/ld+json\" class=\"yoast-schema-graph\">{\"@context\":\"https:\/\/schema.org\",\"@graph\":[{\"@type\":\"Organization\",\"@id\":\"https:\/\/www.mumablue.com\/blog\/#organization\",\"name\":\"Mumablue\",\"url\":\"https:\/\/www.mumablue.com\/blog\/\",\"sameAs\":[\"https:\/\/www.facebook.com\/mumablue\/\",\"https:\/\/www.instagram.com\/mumablue\/?hl=es\"],\"logo\":{\"@type\":\"ImageObject\",\"@id\":\"https:\/\/www.mumablue.com\/blog\/#logo\",\"inLanguage\":\"es\",\"url\":\"https:\/\/www.mumablue.com\/blog\/wp-content\/uploads\/2020\/05\/Blog-Mumablue.png\",\"width\":749,\"height\":269,\"caption\":\"Mumablue\"},\"image\":{\"@id\":\"https:\/\/www.mumablue.com\/blog\/#logo\"}},{\"@type\":\"WebSite\",\"@id\":\"https:\/\/www.mumablue.com\/blog\/#website\",\"url\":\"https:\/\/www.mumablue.com\/blog\/\",\"name\":\"Blog Mumablue\",\"description\":\"Un blog de cuentos y audiocuentos gratis para ni\\u00f1os.\",\"publisher\":{\"@id\":\"https:\/\/www.mumablue.com\/blog\/#organization\"},\"potentialAction\":[{\"@type\":\"SearchAction\",\"target\":\"https:\/\/www.mumablue.com\/blog\/?s={search_term_string}\",\"query-input\":\"required name=search_term_string\"}],\"inLanguage\":\"es\"},{\"@type\":\"ImageObject\",\"@id\":\"https:\/\/www.mumablue.com\/blog\/cuentos-de-brujas-en-ingles-cortos-audiocuentos\/#primaryimage\",\"inLanguage\":\"es\",\"url\":\"https:\/\/www.mumablue.com\/blog\/wp-content\/uploads\/2022\/10\/The-little-witch-Bluefire-1.jpg\",\"width\":500,\"height\":500,\"caption\":\"cuentos de brujas en ingl\\u00e9s\"},{\"@type\":\"WebPage\",\"@id\":\"https:\/\/www.mumablue.com\/blog\/cuentos-de-brujas-en-ingles-cortos-audiocuentos\/#webpage\",\"url\":\"https:\/\/www.mumablue.com\/blog\/cuentos-de-brujas-en-ingles-cortos-audiocuentos\/\",\"name\":\"Cuentos de brujas en ingl\\u00e9s cortos + audiocuentos - Blog Mumablue\",\"isPartOf\":{\"@id\":\"https:\/\/www.mumablue.com\/blog\/#website\"},\"primaryImageOfPage\":{\"@id\":\"https:\/\/www.mumablue.com\/blog\/cuentos-de-brujas-en-ingles-cortos-audiocuentos\/#primaryimage\"},\"datePublished\":\"2022-12-05T10:41:27+00:00\",\"dateModified\":\"2025-06-03T07:45:17+00:00\",\"description\":\"Distintos cuentos de brujas en ingl\\u00e9s para leer online, en versi\\u00f3n audiocuento para practicar el \\\"listening\\\" y en formato papel personalizado para regalar.\",\"inLanguage\":\"es\",\"potentialAction\":[{\"@type\":\"ReadAction\",\"target\":[\"https:\/\/www.mumablue.com\/blog\/cuentos-de-brujas-en-ingles-cortos-audiocuentos\/\"]}]}]}<\/script>\n<!-- \/ Yoast SEO plugin. -->","_links":{"self":[{"href":"https:\/\/www.mumablue.com\/blog\/wp-json\/wp\/v2\/pages\/6472"}],"collection":[{"href":"https:\/\/www.mumablue.com\/blog\/wp-json\/wp\/v2\/pages"}],"about":[{"href":"https:\/\/www.mumablue.com\/blog\/wp-json\/wp\/v2\/types\/page"}],"author":[{"embeddable":true,"href":"https:\/\/www.mumablue.com\/blog\/wp-json\/wp\/v2\/users\/6"}],"replies":[{"embeddable":true,"href":"https:\/\/www.mumablue.com\/blog\/wp-json\/wp\/v2\/comments?post=6472"}],"version-history":[{"count":6,"href":"https:\/\/www.mumablue.com\/blog\/wp-json\/wp\/v2\/pages\/6472\/revisions"}],"predecessor-version":[{"id":7639,"href":"https:\/\/www.mumablue.com\/blog\/wp-json\/wp\/v2\/pages\/6472\/revisions\/7639"}],"wp:attachment":[{"href":"https:\/\/www.mumablue.com\/blog\/wp-json\/wp\/v2\/media?parent=6472"}],"curies":[{"name":"wp","href":"https:\/\/api.w.org\/{rel}","templated":true}]}}