{"id":6428,"date":"2022-12-07T16:14:31","date_gmt":"2022-12-07T16:14:31","guid":{"rendered":"https:\/\/mumablue.com\/blog\/?page_id=6428"},"modified":"2022-12-07T16:14:31","modified_gmt":"2022-12-07T16:14:31","slug":"cuentos-del-espacio-en-ingles-gratis-audiocuentos","status":"publish","type":"page","link":"https:\/\/www.mumablue.com\/blog\/cuentos-del-espacio-en-ingles-gratis-audiocuentos\/","title":{"rendered":"Cuentos del espacio en ingl\u00e9s gratis + audiocuentos"},"content":{"rendered":"<p><img decoding=\"async\" loading=\"lazy\" class=\"alignnone size-full wp-image-6438\" src=\"https:\/\/www.mumablue.com\/blog\/wp-content\/uploads\/2022\/10\/Cheese-Moon_500.jpg\" alt=\"Cuentos del espacio en ingl\u00e9s\" width=\"500\" height=\"500\" srcset=\"https:\/\/www.mumablue.com\/blog\/wp-content\/uploads\/2022\/10\/Cheese-Moon_500.jpg 500w, https:\/\/www.mumablue.com\/blog\/wp-content\/uploads\/2022\/10\/Cheese-Moon_500-300x300.jpg 300w, https:\/\/www.mumablue.com\/blog\/wp-content\/uploads\/2022\/10\/Cheese-Moon_500-150x150.jpg 150w\" sizes=\"(max-width: 500px) 100vw, 500px\" \/><\/p>\n<p>Los mejores cuentos del espacio en ingl\u00e9s te esperan a continuaci\u00f3n. Presentamos \u00abCheese moon\u00bb, una bonita historia sobre <strong>un grupo de ni\u00f1os que viajan a la luna acompa\u00f1ados por unos extraterrestres<\/strong> para tratar de averiguar si realmente est\u00e1 hecha de queso. Es una historia sencilla, uno de los cuentos del espacio en ingl\u00e9s m\u00e1s entretenidos.<\/p>\n<p>Adem\u00e1s, tambi\u00e9n es posible disfrutar de su versi\u00f3n en audiocuento, de manera que el ni\u00f1o pueda escuchar el relato a la vez que lee el texto online, <strong>aprendiendo la pronunciaci\u00f3n, un ejercicio de listening divertido<\/strong> y ameno que le ayudar\u00e1 a familiarizarse con la fon\u00e9tica inglesa.<\/p>\n<h2>Audiocuento del espacio en ingl\u00e9s para entrenar el o\u00eddo<\/h2>\n<h6><script src=\"https:\/\/www.buzzsprout.com\/1767941\/9146333-cheese-moon.js?container_id=buzzsprout-player-9146333&#038;player=small\" type=\"text\/javascript\" charset=\"utf-8\"><\/script>Music Public Domain: <span style=\"color: #3366ff;\"><a style=\"color: #3366ff;\" href=\"https:\/\/freepd.com\/scoring.php\" target=\"_blank\" rel=\"noopener noreferrer\">Magic in the garden<\/a><\/span>\u00a0by Rafael Krux. CC 3.0 <span style=\"color: #3366ff;\"><a style=\"color: #3366ff;\" href=\"https:\/\/freepd.com\/scoring.php\" target=\"_blank\" rel=\"noopener noreferrer\">Driving concern<\/a><\/span>\u00a0by Kevin MacLeod. CC 4.0 <span style=\"color: #3366ff;\"><a style=\"color: #3366ff;\" href=\"https:\/\/alexandernakarada.bandcamp.com\/track\/bouchedag-3\" target=\"_blank\" rel=\"noopener noreferrer\">Bouchedag<\/a><\/span>\u00a0by Alexander Nakarada.<\/h6>\n<h2 style=\"text-align: center;\">Cheese Moon<\/h2>\n<blockquote><p><span style=\"font-weight: 400;\">Jada, Charlotte and Huxley were playing in their tree hut when they heard noises coming from a clearing in <\/span><span style=\"font-weight: 400;\">the <\/span>forest. The sun had set and darkness was\u00a0 beginning to fall over Villablue, but a strange glow\u00a0<span style=\"font-weight: 400;\">was emanating from the clearing.\u00a0<\/span><\/p>\n<p><span style=\"font-weight: 400;\">The children approached stealthily, hiding behind the bushes so they could observe without being discovered. And what they saw left them frozen:\u00a0<\/span><span style=\"font-weight: 400;\">Aliens were running around a spaceship!<\/span><\/p>\n<p><span style=\"font-size: 1rem;\">\u00abLet&#8217;s go, if they discover us they will take us to their <\/span><span style=\"font-weight: 400;\">planet and experiment on us! I saw it once in a movie\u00bb, <span style=\"font-size: 1rem;\">exclaimed Huxley.<\/span><\/span><\/p>\n<p><span style=\"font-size: 1rem;\">Charlotte remained mute. She was very frightened. But\u00a0<\/span><span style=\"font-weight: 400;\">the truth is that those aliens didn&#8217;t seem to be a threat. They were playing, jumping and laughing. Jada realized that they were children, just like them.<\/span><\/p>\n<p><span style=\"font-size: 1rem;\">\u00abThey won&#8217;t do anything to us! <\/span><span style=\"font-weight: 400;\">They just want to play\u00bb, said Jada.<\/span><\/p>\n<p><span style=\"font-weight: 400;\">And before any of them could react, Jada was <\/span><span style=\"font-weight: 400;\">already heading towards them with determination.<\/span><\/p>\n<p><span style=\"font-weight: 400;\">\u00abHello! Welcome to Villablue, did you lose your way?\u00bb, Jada asked.<\/span><\/p>\n<p><span style=\"font-weight: 400;\">The aliens did not speak their language, but they had\u00a0<\/span><span style=\"font-weight: 400;\">an automatic translation system to communicate with the Earthlings.<\/span><\/p>\n<p><span style=\"font-weight: 400;\">\u00ab<\/span><span style=\"font-size: 1rem;\">No, we know the Earth very well, we usually come\u00a0<\/span><span style=\"font-weight: 400;\">here once a year on a school trip\u00bb, replied one of the aliens.<\/span><\/p>\n<p><span style=\"font-weight: 400;\">The extraterrestrials explained to Jada that they <\/span><span style=\"font-weight: 400;\">sometimes borrowed their father&#8217;s spaceship and ventured out into the universe.<\/span><\/p>\n<p>\u00ab\u00a1Woooow! I&#8217;d love to meet the moon &#8211; I hear it&#8217;s made of cheese!\u00bb, exclaimed Jada.<\/p>\n<p><span style=\"font-weight: 400;\">The aliens looked at each other, displeased, as\u00a0<\/span><span style=\"font-weight: 400;\">they did not know what cheese was. On their planet there were no mammals and therefore they had no milk to make cheese.<\/span><\/p>\n<p><span style=\"font-weight: 400;\">\u00ab<\/span><span style=\"font-size: 1rem;\">If you want you can join us\u00bb -invited them the alien.<\/span><\/p>\n<p><span style=\"font-weight: 400;\">Jada was overjoyed. She couldn&#8217;t believe she was\u00a0<\/span><span style=\"font-weight: 400;\">going to travel to Space! She thought her parents wouldn&#8217;t worry, since she had permission to sleep in the tree house that night. It took her a while to convince Charlottee and Huxley, but finally the three of them boarded the ship. What other chance in life would they have to go up in a spaceship?<\/span><\/p>\n<p>The liftoff was spectacular, and very fast! Once through the atmosphere, Jada saw the Earth getting farther and farther away. The alien spacecraft was incredibly fast.\u00a0It wasn&#8217;t long before the descent began.They had reached the moon!\u00a0The aliens gave them spacesuits before opening the\u00a0hatch.<\/p>\n<p><span style=\"font-weight: 400;\">The moon was amazing! Rather than walking, you had to move around in little jumps, almost like floating. It was so much fun! However, Jada was a little disappointed to discover that the moon was not made of cheese: it&#8217;s hard rind was made of stone and dust. There was nothing but craters, not the Gruyere cheese holes it looked like when the moon was viewed from earth.<\/span><\/p>\n<p><span style=\"font-weight: 400;\">Still, kids and aliens had a great time &#8211; they played and laughed so much that they got hungry like wolves!\u00a0<\/span><\/p>\n<p><span style=\"font-weight: 400;\">Fortunately, Jada, Charlotte and Huxley had all the provisions in their backpacks with which they planned to spend their special night in the cabin. So they organized an unusual picnic. Crackers, sandwiches, cookies, chips&#8230; and different kinds of cheese! The aliens loved it!<\/span><\/p>\n<p><span style=\"font-size: 1rem;\">\u00abGood thing the moon is not made of cheese, <\/span><span style=\"font-weight: 400;\">otherwise we would have eaten it long ago\u00bb -said the alien.<\/span><\/p>\n<p><span style=\"font-weight: 400;\">They all<\/span> laughed <span style=\"font-weight: 400;\">heartily.<\/span> <span style=\"font-weight: 400;\">Earthlings and aliens had spent a formidable night!\u00a0<\/span><span style=\"font-weight: 400;\">An experience they would never forget.\u00a0<\/span><\/p>\n<p><span style=\"font-weight: 400;\">Since that adventure, Jada always looked up at the sky on moonlit nights. And even though she saw for herself that it was a celestial body made of rock, she never stopped imagining that it was a big Gruyere cheese.<\/span><\/p><\/blockquote>\n<h2>Otros cuentos del espacio en ingl\u00e9s y de muchos temas m\u00e1s<\/h2>\n<p><img decoding=\"async\" loading=\"lazy\" class=\"alignnone size-full wp-image-6429\" src=\"https:\/\/www.mumablue.com\/blog\/wp-content\/uploads\/2022\/10\/Cuento-personalizado-extraterrestres.jpg\" alt=\"cuentos del espacio en ingl\u00e9s\" width=\"500\" height=\"500\" srcset=\"https:\/\/www.mumablue.com\/blog\/wp-content\/uploads\/2022\/10\/Cuento-personalizado-extraterrestres.jpg 500w, https:\/\/www.mumablue.com\/blog\/wp-content\/uploads\/2022\/10\/Cuento-personalizado-extraterrestres-300x300.jpg 300w, https:\/\/www.mumablue.com\/blog\/wp-content\/uploads\/2022\/10\/Cuento-personalizado-extraterrestres-150x150.jpg 150w\" sizes=\"(max-width: 500px) 100vw, 500px\" \/><\/p>\n<p>Si os ha gustado \u00abCheese moon\u00bb, es una gran noticia, porque tenemos m\u00e1s cuentos del espacio en ingl\u00e9s que tambi\u00e9n os van a resultar interesantes, estamos seguros. Hablamos de \u00abJelly planet\u00bb, que cuenta <strong>la historia de unos extraterrestres que roban la gravedad de la Tierra<\/strong>. Tambi\u00e9n pod\u00e9is encontrar la versi\u00f3n en audiocuento gratis.<\/p>\n<p>\u00a1Pero hay m\u00e1s sorpresas! Si lo prefer\u00eds, <span style=\"color: #000000;\">\u00abJelly planet\u00bb<\/span> lo pod\u00e9is <span style=\"color: #3366ff;\"><a style=\"color: #3366ff;\" href=\"https:\/\/www.mumablue.com\/esp\/nuestros-cuentos-personalizados\/planeta-gelatina?utm_source=blog&amp;utm_medium=blog-content&amp;utm_campaign=article-page&amp;utm_content=cuentos-espacio-en-ingles\" target=\"_blank\" rel=\"noopener noreferrer\">comprar en su versi\u00f3n impresa<\/a><\/span>, personalizada, <strong>un cuento en el que tu peque protagonizar\u00e1 la historia en primera persona<\/strong> con su nombre y sus rasgos f\u00edsicos. Una vez personalizado podr\u00e1s acceder a una previsualizaci\u00f3n completa. Este cuento est\u00e1 disponible en 11 idiomas, entre ellos en ingl\u00e9s.<\/p>\n<p>Y si os hab\u00e9is quedado con ganas de m\u00e1s, <strong>os invitamos a descubrir todos los\u00a0<span style=\"color: #3366ff;\"><a style=\"color: #3366ff;\" href=\"https:\/\/www.mumablue.com\/blog\/cuentos-en-ingles-infantiles-cortos-audiocuentos-gratis\/\" target=\"_blank\" rel=\"noopener noreferrer\">cuentos infantiles en ingl\u00e9s gratis<\/a><\/span><\/strong>. Cada uno de los cuentos dispone de su versi\u00f3n en audiocuento, tambi\u00e9n en ingl\u00e9s, de manera que los ni\u00f1os puedan escucharlo mientras lo leen y practicar el <em>listening<\/em>. Y si en alg\u00fan otro momento os apetece descubrir las versiones en espa\u00f1ol, <strong>tienes disponibles m\u00e1s de <span style=\"color: #3366ff;\"><a style=\"color: #3366ff;\" href=\"https:\/\/www.mumablue.com\/blog\/cuentos-infantiles-para-leer-cortos-gratis\/\" target=\"_blank\" rel=\"noopener noreferrer\">100 cuentos en espa\u00f1ol gratis<\/a><\/span>,<\/strong> con sus audiocuentos.<\/p>\n<div style='text-align:left' class='yasr-auto-insert-visitor'><\/div>","protected":false},"excerpt":{"rendered":"<p>Los mejores cuentos del espacio en ingl\u00e9s te esperan a continuaci\u00f3n. Presentamos \u00abCheese moon\u00bb, una bonita historia sobre un grupo de ni\u00f1os que viajan a la luna acompa\u00f1ados por unos extraterrestres para tratar de averiguar si realmente est\u00e1 hecha de queso. Es una historia sencilla, uno de los cuentos del espacio en ingl\u00e9s m\u00e1s entretenidos. [&hellip;]<\/p>\n","protected":false},"author":6,"featured_media":0,"parent":0,"menu_order":0,"comment_status":"closed","ping_status":"closed","template":"","meta":{"yasr_overall_rating":0,"yasr_post_is_review":"","yasr_auto_insert_disabled":"","yasr_review_type":"BlogPosting"},"yasr_visitor_votes":{"number_of_votes":1,"sum_votes":3,"stars_attributes":{"read_only":false,"span_bottom":false}},"yoast_head":"<!-- This site is optimized with the Yoast SEO plugin v14.5 - https:\/\/yoast.com\/wordpress\/plugins\/seo\/ -->\n<meta name=\"description\" content=\"Cuentos del espacio en ingl\u00e9s para que los ni\u00f1os lean y desarrollen el o\u00eddo gracias a la versi\u00f3n en audiocuento. \u00a1Aprender\u00e1n ingl\u00e9s sin darse cuenta!\" \/>\n<meta name=\"robots\" content=\"index, follow\" \/>\n<meta name=\"googlebot\" content=\"index, follow, max-snippet:-1, max-image-preview:large, max-video-preview:-1\" \/>\n<meta name=\"bingbot\" content=\"index, follow, max-snippet:-1, max-image-preview:large, max-video-preview:-1\" \/>\n<link rel=\"canonical\" href=\"https:\/\/www.mumablue.com\/blog\/cuentos-del-espacio-en-ingles-gratis-audiocuentos\/\" \/>\n<meta property=\"og:locale\" content=\"es_ES\" \/>\n<meta property=\"og:type\" content=\"article\" \/>\n<meta property=\"og:title\" content=\"Cuentos del espacio en ingl\u00e9s gratis + audiocuentos - Blog Mumablue\" \/>\n<meta property=\"og:description\" content=\"Cuentos del espacio en ingl\u00e9s para que los ni\u00f1os lean y desarrollen el o\u00eddo gracias a la versi\u00f3n en audiocuento. \u00a1Aprender\u00e1n ingl\u00e9s sin darse cuenta!\" \/>\n<meta property=\"og:url\" content=\"https:\/\/www.mumablue.com\/blog\/cuentos-del-espacio-en-ingles-gratis-audiocuentos\/\" \/>\n<meta property=\"og:site_name\" content=\"Blog Mumablue\" \/>\n<meta property=\"article:publisher\" content=\"https:\/\/www.facebook.com\/mumablue\/\" \/>\n<meta property=\"og:image\" content=\"https:\/\/www.mumablue.com\/blog\/wp-content\/uploads\/2022\/10\/Cheese-Moon_500.jpg\" \/>\n<meta name=\"twitter:card\" content=\"summary_large_image\" \/>\n<script type=\"application\/ld+json\" class=\"yoast-schema-graph\">{\"@context\":\"https:\/\/schema.org\",\"@graph\":[{\"@type\":\"Organization\",\"@id\":\"https:\/\/www.mumablue.com\/blog\/#organization\",\"name\":\"Mumablue\",\"url\":\"https:\/\/www.mumablue.com\/blog\/\",\"sameAs\":[\"https:\/\/www.facebook.com\/mumablue\/\",\"https:\/\/www.instagram.com\/mumablue\/?hl=es\"],\"logo\":{\"@type\":\"ImageObject\",\"@id\":\"https:\/\/www.mumablue.com\/blog\/#logo\",\"inLanguage\":\"es\",\"url\":\"https:\/\/www.mumablue.com\/blog\/wp-content\/uploads\/2020\/05\/Blog-Mumablue.png\",\"width\":749,\"height\":269,\"caption\":\"Mumablue\"},\"image\":{\"@id\":\"https:\/\/www.mumablue.com\/blog\/#logo\"}},{\"@type\":\"WebSite\",\"@id\":\"https:\/\/www.mumablue.com\/blog\/#website\",\"url\":\"https:\/\/www.mumablue.com\/blog\/\",\"name\":\"Blog Mumablue\",\"description\":\"Un blog de cuentos y audiocuentos gratis para ni\\u00f1os.\",\"publisher\":{\"@id\":\"https:\/\/www.mumablue.com\/blog\/#organization\"},\"potentialAction\":[{\"@type\":\"SearchAction\",\"target\":\"https:\/\/www.mumablue.com\/blog\/?s={search_term_string}\",\"query-input\":\"required name=search_term_string\"}],\"inLanguage\":\"es\"},{\"@type\":\"ImageObject\",\"@id\":\"https:\/\/www.mumablue.com\/blog\/cuentos-del-espacio-en-ingles-gratis-audiocuentos\/#primaryimage\",\"inLanguage\":\"es\",\"url\":\"https:\/\/www.mumablue.com\/blog\/wp-content\/uploads\/2022\/10\/Cheese-Moon_500.jpg\",\"width\":500,\"height\":500,\"caption\":\"Cuentos del espacio en ingl\\u00e9s\"},{\"@type\":\"WebPage\",\"@id\":\"https:\/\/www.mumablue.com\/blog\/cuentos-del-espacio-en-ingles-gratis-audiocuentos\/#webpage\",\"url\":\"https:\/\/www.mumablue.com\/blog\/cuentos-del-espacio-en-ingles-gratis-audiocuentos\/\",\"name\":\"Cuentos del espacio en ingl\\u00e9s gratis + audiocuentos - Blog Mumablue\",\"isPartOf\":{\"@id\":\"https:\/\/www.mumablue.com\/blog\/#website\"},\"primaryImageOfPage\":{\"@id\":\"https:\/\/www.mumablue.com\/blog\/cuentos-del-espacio-en-ingles-gratis-audiocuentos\/#primaryimage\"},\"datePublished\":\"2022-12-07T16:14:31+00:00\",\"dateModified\":\"2022-12-07T16:14:31+00:00\",\"description\":\"Cuentos del espacio en ingl\\u00e9s para que los ni\\u00f1os lean y desarrollen el o\\u00eddo gracias a la versi\\u00f3n en audiocuento. \\u00a1Aprender\\u00e1n ingl\\u00e9s sin darse cuenta!\",\"inLanguage\":\"es\",\"potentialAction\":[{\"@type\":\"ReadAction\",\"target\":[\"https:\/\/www.mumablue.com\/blog\/cuentos-del-espacio-en-ingles-gratis-audiocuentos\/\"]}]}]}<\/script>\n<!-- \/ Yoast SEO plugin. -->","_links":{"self":[{"href":"https:\/\/www.mumablue.com\/blog\/wp-json\/wp\/v2\/pages\/6428"}],"collection":[{"href":"https:\/\/www.mumablue.com\/blog\/wp-json\/wp\/v2\/pages"}],"about":[{"href":"https:\/\/www.mumablue.com\/blog\/wp-json\/wp\/v2\/types\/page"}],"author":[{"embeddable":true,"href":"https:\/\/www.mumablue.com\/blog\/wp-json\/wp\/v2\/users\/6"}],"replies":[{"embeddable":true,"href":"https:\/\/www.mumablue.com\/blog\/wp-json\/wp\/v2\/comments?post=6428"}],"version-history":[{"count":4,"href":"https:\/\/www.mumablue.com\/blog\/wp-json\/wp\/v2\/pages\/6428\/revisions"}],"predecessor-version":[{"id":6471,"href":"https:\/\/www.mumablue.com\/blog\/wp-json\/wp\/v2\/pages\/6428\/revisions\/6471"}],"wp:attachment":[{"href":"https:\/\/www.mumablue.com\/blog\/wp-json\/wp\/v2\/media?parent=6428"}],"curies":[{"name":"wp","href":"https:\/\/api.w.org\/{rel}","templated":true}]}}