{"id":6419,"date":"2022-10-20T09:01:03","date_gmt":"2022-10-20T09:01:03","guid":{"rendered":"https:\/\/mumablue.com\/blog\/?page_id=6419"},"modified":"2025-06-03T07:35:18","modified_gmt":"2025-06-03T07:35:18","slug":"cuentos-de-halloween-en-ingles-teatro-audiocuento-gratis","status":"publish","type":"page","link":"https:\/\/www.mumablue.com\/blog\/cuentos-de-halloween-en-ingles-teatro-audiocuento-gratis\/","title":{"rendered":"Cuentos de Halloween en ingl\u00e9s: teatro + audiocuento gratis"},"content":{"rendered":"<p><img decoding=\"async\" loading=\"lazy\" class=\"alignnone wp-image-6421 size-full\" src=\"https:\/\/www.mumablue.com\/blog\/wp-content\/uploads\/2022\/10\/Halloween-Night-2.jpg\" alt=\"cuentos de Halloween en ingl\u00e9s\" width=\"500\" height=\"500\" srcset=\"https:\/\/www.mumablue.com\/blog\/wp-content\/uploads\/2022\/10\/Halloween-Night-2.jpg 500w, https:\/\/www.mumablue.com\/blog\/wp-content\/uploads\/2022\/10\/Halloween-Night-2-300x300.jpg 300w, https:\/\/www.mumablue.com\/blog\/wp-content\/uploads\/2022\/10\/Halloween-Night-2-150x150.jpg 150w\" sizes=\"(max-width: 500px) 100vw, 500px\" \/><\/p>\n<p>En esta \u00e9poca es muy habitual que los padres busquen cuentos de Halloween en ingl\u00e9s para incentivar a sus hijos a leer en este idioma. Hoy os traemos una propuesta muy especial: uno de los cuentos de Halloween en ingl\u00e9s m\u00e1s divertidos y sencillos de leer, ya que <strong>se trata de un relato teatralizado que a tu peque le resultar\u00e1 m\u00e1s ameno.<\/strong><\/p>\n<p>Adem\u00e1s, hay una sorpresa, ya que incluye la versi\u00f3n en audiocuento, una pieza dramatizada, llena de \u00abaterradoras\u00bb m\u00fasicas y efectos, que ayudar\u00e1n a tu peque a comprender mejor el texto escrito. Adem\u00e1s, <strong>se puede escuchar de forma independiente para educar el o\u00eddo en la fon\u00e9tica inglesa<\/strong>. \u00a1Un ejercicio de <em>listening<\/em> que no se espera!<\/p>\n<h2>Audiocuento de Halloween en ingl\u00e9s: el <em>listening <\/em>m\u00e1s divertido<\/h2>\n<h6><script src=\"https:\/\/www.buzzsprout.com\/1767941\/9426887-halloween-night.js?container_id=buzzsprout-player-9426887&#038;player=small\" type=\"text\/javascript\" charset=\"utf-8\"><\/script>Public Domain Music:\u00a0<span style=\"color: #3366ff;\"><a style=\"color: #3366ff;\" href=\"https:\/\/freepd.com\/horror.php\" target=\"_blank\" rel=\"noopener noreferrer\">Consecrated Ground<\/a><\/span>, by Alexander Nakarada<\/h6>\n<p>A continuaci\u00f3n te dejamos el texto para que lo pod\u00e1is leer online, directamente.<\/p>\n<h2 style=\"text-align: center;\">Noche de Halloween<\/h2>\n<blockquote><p><strong>Witch narrator:<\/strong> Good evening, dear boys and girls&#8230; Halloween night is coming. It&#8217;s the most important night for monsters! Vampires, mummies, zombies, ghosts, skeletons, witches&#8230; they are all getting ready for their big party, with only one goal: (WHISPER) To scare boys and girls like you. (WITCHY LAUGH) Only those of you who are REALLY brave will be able to endure this terrifying short and sweet story. You! Yes, you! On the other side of the speaker&#8230; Are you brave enough? Yes? Are you sure? Then come with me, I&#8217;ll take you to the haunted mansion for a terrifying night!<\/p>\n<p><strong>Lady Anguish<\/strong>: (ANGUSTIATED) What the devil! We will not be ready on time! It&#8217;s getting dark! Get it together! Are you monsters or headless chickens? The mortal children are going to start arriving and we have nothing ready!<\/p>\n<p><strong>Vampire:<\/strong> (ROARING VOICE): Do I look good in this suit?<\/p>\n<p><strong>Lady Anguish:<\/strong> Oh my\u2026! Where are you going with that ratty cape! You don\u00b4t look like a vampire, you look like a moth-eaten closet.<\/p>\n<p><strong>Little Mummy:<\/strong> Lady Anguish&#8230; have you seen my bandages? I took them off to wash them and&#8230;<\/p>\n<p><strong>Lady Anguish:<\/strong> Oh, Denialy, dear, I don&#8217;t know! Go and look in the&#8230;<\/p>\n<p><strong>Little Mummy:<\/strong> (INTERRUMP) I don&#8217;t want to!!!!<\/p>\n<p><strong>Lady Anguish:<\/strong> (SNORTS) Let&#8217;s see! (TO OTHERS) Has anyone seen mummy Denialy\u2019s bandages?<\/p>\n<p><strong>Frankenstein:<\/strong> If that&#8217;s what was lying outside, auntie Suffering took them to walk Doggy Bones.<\/p>\n<p><strong>Doggy Bones:<\/strong> (BARKING)<\/p>\n<p><strong>Lady Anguish:<\/strong> (RESIGNED): Denialy, one day you&#8217;re going to lose your mind.<\/p>\n<p><strong>Little Monster:<\/strong> Mom, I&#8217;ve lost my mind!!!!<\/p>\n<p><strong>Lady Anguish:<\/strong> (CHUCKLING): I&#8217;m not bloody surprised!! You leave everything lying around and then you can&#8217;t find anything!<\/p>\n<p><strong>Ghost girl:<\/strong> (GHOSTLY VOICE) Mooooommmyyyyy&#8230; (GHOSTLY LAUGHS) Come and play with us&#8230; (GHOSTLY LAUGHS)<\/p>\n<p><strong>Lady Anguish:<\/strong> Honey, I can&#8217;t play now, don&#8217;t you see I&#8217;m busy?<\/p>\n<p><strong>Ghost girl:<\/strong> (DEVIL VOICE) Come and play with us!!!!<\/p>\n<p><strong>Lady Anguish:<\/strong> Don&#8217;t use that voice! You&#8217;ll hurt your throat!<\/p>\n<p><strong>Ghost girl:<\/strong> (SWEET VOICE) As you wish, mommy.<\/p>\n<p><strong>Lady Anguish:<\/strong> Oh, Uncle Vampi is coming out of the coffin!<\/p>\n<p><strong>Grandpa:<\/strong> Noooo, it&#8217;s my knees, it&#8217;s getting harder and harder to get up every day\u2026 Vampi? He won&#8217;t get up early, not even for an open bar of blood!<\/p>\n<p><strong>Yost ghost:<\/strong> (ANXIOUS AND TIMID VOICE) My sheet! I&#8217;ve lost my sheet!!! (CRIES) Just today, when I make my debut as a ghost on Halloween!<\/p>\n<p><strong>Lady Anguish:<\/strong> Let&#8217;s see&#8230; keep calm. (TO OTHERS, RESIGNED) Has anyone seen Yost the ghost&#8217;s sheet?<\/p>\n<p><strong>Grandpa:<\/strong> I think the little vampire took it&#8230; she said she was sleepy and was going to bed.<\/p>\n<p><strong>Lady Anguish:<\/strong> Now? But the sun has just set!!<\/p>\n<p>(GLOOMY PIANO)<\/p>\n<p><strong>Lady Anguish:<\/strong> There&#8217;s Lecter, the specter, fussing with the piano. (SHOUTS) Lecteeeer, play quieter!<\/p>\n<p><strong>Lecter:<\/strong> (SPECTRAL VOICE, FAR AWAY) I&#8217;m practicing the requiem.<\/p>\n<p><strong>Lady Anguish:<\/strong> Where did you get that voice?<\/p>\n<p><strong>Lecter:<\/strong> (RIDICULOUS AND HIGH-PITCHED VOICE): What do you think if I scare the children<br \/>\nlike this, with the voice of \u00abother tomb\u00bb?<\/p>\n<p><strong>Lady Anguish:<\/strong> You mean \u201cvoice of UL-TRA-TOMB\u201d!<\/p>\n<p><strong>Lecter:<\/strong> (RIDICULOUS AND HIGH-PITCHED VOICE): From other tomb, it&#8217;s scarier, isn&#8217;t it? To<br \/>\nme, at least&#8230;<\/p>\n<p><strong>Little Monster: <\/strong>(COVERING NOSE): It smells awful in here. Who did it?<\/p>\n<p><strong>Ghost girl:<\/strong> (MOCKER, SINGING): If you smeeeeelt it, you deeeeeeealt it.<\/p>\n<p><strong>Lady Anguish:<\/strong> Guys, a little respect! (WHISPERING) It&#8217;s Grandpa Zombie, he&#8217;s just arrived. (URGE TO CHILD 1) Go help him put on his rags, run. (URGE TO CHILD 2) And you, open a window&#8230;<\/p>\n<p><strong>Lady Anguish:<\/strong> (CALLING) Granny Potions! Have you brought the soil from the cemetery to<br \/>\nplant the chrysanthemums?<\/p>\n<p><strong>Granny Potions:<\/strong> (WITCHY VOICE) No, I haven&#8217;t finished packing the poop-flavored candy yet (WITCHY LAUGH)<\/p>\n<p><strong>Lady Anguish:<\/strong> Child, tell your aunt Catrina to come here.<\/p>\n<p><strong>Catrina<\/strong>: What can I help you, Lady Anguish?<\/p>\n<p><strong>Lady Anguish:<\/strong> You forgot your jaw on the floor, snap it back into your skull before someone steps on it.<\/p>\n<p><strong>Lady Anguish:<\/strong> Oh, that must be the bogeyman!<\/p>\n<p><strong>Catrina:<\/strong> Who is the bogeyman?<\/p>\n<p><strong>Lady Anguish:<\/strong> I think in Mexico they call it \u00abcoco\u00bb.<\/p>\n<p><strong>Little Monster:<\/strong> Coco? (ENTHUSIASED) The one from the movie?<\/p>\n<p><strong>Lady Anguish:<\/strong> Noooo. The bogeyman. Who takes away children who sleep poorly who sleep too little.<\/p>\n<p><strong>Catrina:<\/strong> Oh, Coco! I love that movie! And the version they did of the Chabela Vargas song is very nice! (SINGS)<\/p>\n<p><em>Y aunque la vida me cueste, llorona,<\/em><br \/>\n<em>no dejar\u00e9 de quererte.<\/em><\/p>\n<p>(CLOCK CHIMES)<\/p>\n<p><strong>Lady Anguish:<\/strong> It&#8217;s time! Is everyone ready? Where&#8217;s the little monster that lives inside the closet?<\/p>\n<p><strong>Grandpa: <\/strong>He says he doesn&#8217;t want to come out. He&#8217;s afraid of children.<\/p>\n<p><strong>Lady Anguish:<\/strong> What nonsense!<\/p>\n<p>(DOORBELL)<\/p>\n<p><strong>Lady Anguish:<\/strong> (URGENTLY): There they are, the first ones have arrived!!! (PAUSE)\u00a0Ready? (HAWK)<\/p>\n<p>(OPENS OLD GATE)<\/p>\n<p><strong>Mortal girl:<\/strong> Trick or treat?!!!!<\/p>\n<p><strong>All monsters:<\/strong> Booooooh! Booooooooooohh )<\/p>\n<p>(SILENCE)<\/p>\n<p><strong>Mortal girl:<\/strong> Well, some bunch of monsters you are! You wouldn\u2019t even scare a mouse!<\/p>\n<p><strong>Yoast ghost:<\/strong> Again the repellent girl!<\/p>\n<p>(THUNDER)<\/p>\n<p><strong>Lady Anguish:<\/strong> And on top of everything else&#8230; it starts to rain. What a mess!<\/p>\n<p><strong>Grandpa:<\/strong> Another year that we&#8217;ve failed&#8230; There! Anyone want to play a game of Yahtzee?<\/p>\n<p>(DOOR CLOSING)<\/p>\n<p><strong>Witch narrator:<\/strong> After this spooky story, I guess there won&#8217;t be any children left listening. (PAUSE) Ah, you! I have to admit that you have been very brave spending this terrifying night in the haunted mansion full of terrifying monsters&#8230; Well, I have to admit that today, precisely today, they weren&#8217;t very scary&#8230; were they? Maybe next year they will do better. Now it&#8217;s time<br \/>\nto go to sleep&#8230;\u00a0But first&#8230; I&#8217;ll blow out this candle to keep us in the dark&#8230;<\/p>\n<p>(BLOW CANDLE)<\/p><\/blockquote>\n<h2>Cuentos de Halloween en ingl\u00e9s personalizados e impresos<\/h2>\n<p>Si lo que buscas son cuentos de Halloween en ingl\u00e9s editados en papel, tenemos una propuesta que os dejar\u00e1 con la boca abierta. Se trata del cuento \u00ab<span style=\"color: #3366ff;\"><a style=\"color: #3366ff;\" href=\"https:\/\/www.mumablue.com\/esp\/nuestros-cuentos-personalizados\/cuento-de-brujas-personalizado?utm_source=blog&amp;utm_medium=link&amp;utm_campaign=p\u00e1ginas-audiocuentos&amp;utm_content=cuentos-halloween-ingles\" target=\"_blank\" rel=\"noopener noreferrer\">Nombre on Halloween night<\/a><\/span>\u00ab, un <strong>relato de brujas personalizado en el que tu peque protagonizar\u00e1 la historia<\/strong> en primera persona, con su nombre y sus rasgos f\u00edsicos. \u00a1Imposible que se resista a leer en ingl\u00e9s con esta propuesta! Personal\u00edzalo para tu peque y elige entre ingl\u00e9s brit\u00e1nico o ingl\u00e9s americano.<\/p>\n<p>Si te interesa, puedes personalizar el avatar de tu peque, que saldr\u00e1 en todas las ilustraciones, y generar una previsualizaci\u00f3n del cuento completo, totalmente gratis. De ese modo podr\u00e1s leerlo completo y observar sus bonitas ilustraciones. <strong>Al final del proceso de personalizaci\u00f3n podr\u00e1s elegir el idioma ingl\u00e9s.<\/strong><\/p>\n<p>Si te han gustado nuestras propuestas de cuentos de Halloween en ingl\u00e9s, te animamos a visitar nuestra p\u00e1gina de <span style=\"color: #3366ff;\"><a style=\"color: #3366ff;\" href=\"https:\/\/www.mumablue.com\/blog\/cuentos-en-ingles-infantiles-cortos-audiocuentos-gratis\/\" target=\"_blank\" rel=\"noopener noreferrer\">cuentos infantiles en ingles<\/a><\/span>, todos son gratis. Adem\u00e1s, puedes escuchar el podcast de <span style=\"color: #3366ff;\"><a style=\"color: #3366ff;\" href=\"https:\/\/www.mumablue.com\/blog\/free-audio-stories-for-kids-short-sweet-stories\/?lang=en\" target=\"_blank\" rel=\"noopener noreferrer\">audiocuentos en ingl\u00e9s<\/a><\/span>. Y si prefieres disfrutar de ellos en espa\u00f1ol, <strong>tienes disponibles m\u00e1s de <span style=\"color: #3366ff;\"><a style=\"color: #3366ff;\" href=\"https:\/\/www.mumablue.com\/blog\/cuentos-infantiles-para-leer-cortos-gratis\/\" target=\"_blank\" rel=\"noopener noreferrer\">100 cuentos en espa\u00f1ol gratis<\/a><\/span>,<\/strong> con sus audiocuentos.<\/p>\n<div style='text-align:left' class='yasr-auto-insert-visitor'><\/div>","protected":false},"excerpt":{"rendered":"<p>En esta \u00e9poca es muy habitual que los padres busquen cuentos de Halloween en ingl\u00e9s para incentivar a sus hijos a leer en este idioma. Hoy os traemos una propuesta muy especial: uno de los cuentos de Halloween en ingl\u00e9s m\u00e1s divertidos y sencillos de leer, ya que se trata de un relato teatralizado que [&hellip;]<\/p>\n","protected":false},"author":6,"featured_media":0,"parent":0,"menu_order":0,"comment_status":"closed","ping_status":"closed","template":"","meta":{"yasr_overall_rating":0,"yasr_post_is_review":"","yasr_auto_insert_disabled":"","yasr_review_type":""},"yasr_visitor_votes":{"number_of_votes":5,"sum_votes":13,"stars_attributes":{"read_only":false,"span_bottom":false}},"yoast_head":"<!-- This site is optimized with the Yoast SEO plugin v14.5 - https:\/\/yoast.com\/wordpress\/plugins\/seo\/ -->\n<meta name=\"description\" content=\"Disfruta gratis de cuentos de Halloween en ingl\u00e9s en dos versiones: para leer online y para escuchar, y te proponemos un cuento personalizado de brujas.\" \/>\n<meta name=\"robots\" content=\"index, follow\" \/>\n<meta name=\"googlebot\" content=\"index, follow, max-snippet:-1, max-image-preview:large, max-video-preview:-1\" \/>\n<meta name=\"bingbot\" content=\"index, follow, max-snippet:-1, max-image-preview:large, max-video-preview:-1\" \/>\n<link rel=\"canonical\" href=\"https:\/\/www.mumablue.com\/blog\/cuentos-de-halloween-en-ingles-teatro-audiocuento-gratis\/\" \/>\n<meta property=\"og:locale\" content=\"es_ES\" \/>\n<meta property=\"og:type\" content=\"article\" \/>\n<meta property=\"og:title\" content=\"Cuentos de Halloween en ingl\u00e9s: teatro + audiocuento gratis - Blog Mumablue\" \/>\n<meta property=\"og:description\" content=\"Disfruta gratis de cuentos de Halloween en ingl\u00e9s en dos versiones: para leer online y para escuchar, y te proponemos un cuento personalizado de brujas.\" \/>\n<meta property=\"og:url\" content=\"https:\/\/www.mumablue.com\/blog\/cuentos-de-halloween-en-ingles-teatro-audiocuento-gratis\/\" \/>\n<meta property=\"og:site_name\" content=\"Blog Mumablue\" \/>\n<meta property=\"article:publisher\" content=\"https:\/\/www.facebook.com\/mumablue\/\" \/>\n<meta property=\"article:modified_time\" content=\"2025-06-03T07:35:18+00:00\" \/>\n<meta property=\"og:image\" content=\"https:\/\/www.mumablue.com\/blog\/wp-content\/uploads\/2022\/10\/Halloween-Night-2.jpg\" \/>\n<meta name=\"twitter:card\" content=\"summary_large_image\" \/>\n<script type=\"application\/ld+json\" class=\"yoast-schema-graph\">{\"@context\":\"https:\/\/schema.org\",\"@graph\":[{\"@type\":\"Organization\",\"@id\":\"https:\/\/www.mumablue.com\/blog\/#organization\",\"name\":\"Mumablue\",\"url\":\"https:\/\/www.mumablue.com\/blog\/\",\"sameAs\":[\"https:\/\/www.facebook.com\/mumablue\/\",\"https:\/\/www.instagram.com\/mumablue\/?hl=es\"],\"logo\":{\"@type\":\"ImageObject\",\"@id\":\"https:\/\/www.mumablue.com\/blog\/#logo\",\"inLanguage\":\"es\",\"url\":\"https:\/\/www.mumablue.com\/blog\/wp-content\/uploads\/2020\/05\/Blog-Mumablue.png\",\"width\":749,\"height\":269,\"caption\":\"Mumablue\"},\"image\":{\"@id\":\"https:\/\/www.mumablue.com\/blog\/#logo\"}},{\"@type\":\"WebSite\",\"@id\":\"https:\/\/www.mumablue.com\/blog\/#website\",\"url\":\"https:\/\/www.mumablue.com\/blog\/\",\"name\":\"Blog Mumablue\",\"description\":\"Un blog de cuentos y audiocuentos gratis para ni\\u00f1os.\",\"publisher\":{\"@id\":\"https:\/\/www.mumablue.com\/blog\/#organization\"},\"potentialAction\":[{\"@type\":\"SearchAction\",\"target\":\"https:\/\/www.mumablue.com\/blog\/?s={search_term_string}\",\"query-input\":\"required name=search_term_string\"}],\"inLanguage\":\"es\"},{\"@type\":\"ImageObject\",\"@id\":\"https:\/\/www.mumablue.com\/blog\/cuentos-de-halloween-en-ingles-teatro-audiocuento-gratis\/#primaryimage\",\"inLanguage\":\"es\",\"url\":\"https:\/\/www.mumablue.com\/blog\/wp-content\/uploads\/2022\/10\/Halloween-Night-2.jpg\",\"width\":500,\"height\":500,\"caption\":\"cuento de Halloween en ingl\\u00e9s\"},{\"@type\":\"WebPage\",\"@id\":\"https:\/\/www.mumablue.com\/blog\/cuentos-de-halloween-en-ingles-teatro-audiocuento-gratis\/#webpage\",\"url\":\"https:\/\/www.mumablue.com\/blog\/cuentos-de-halloween-en-ingles-teatro-audiocuento-gratis\/\",\"name\":\"Cuentos de Halloween en ingl\\u00e9s: teatro + audiocuento gratis - Blog Mumablue\",\"isPartOf\":{\"@id\":\"https:\/\/www.mumablue.com\/blog\/#website\"},\"primaryImageOfPage\":{\"@id\":\"https:\/\/www.mumablue.com\/blog\/cuentos-de-halloween-en-ingles-teatro-audiocuento-gratis\/#primaryimage\"},\"datePublished\":\"2022-10-20T09:01:03+00:00\",\"dateModified\":\"2025-06-03T07:35:18+00:00\",\"description\":\"Disfruta gratis de cuentos de Halloween en ingl\\u00e9s en dos versiones: para leer online y para escuchar, y te proponemos un cuento personalizado de brujas.\",\"inLanguage\":\"es\",\"potentialAction\":[{\"@type\":\"ReadAction\",\"target\":[\"https:\/\/www.mumablue.com\/blog\/cuentos-de-halloween-en-ingles-teatro-audiocuento-gratis\/\"]}]}]}<\/script>\n<!-- \/ Yoast SEO plugin. -->","_links":{"self":[{"href":"https:\/\/www.mumablue.com\/blog\/wp-json\/wp\/v2\/pages\/6419"}],"collection":[{"href":"https:\/\/www.mumablue.com\/blog\/wp-json\/wp\/v2\/pages"}],"about":[{"href":"https:\/\/www.mumablue.com\/blog\/wp-json\/wp\/v2\/types\/page"}],"author":[{"embeddable":true,"href":"https:\/\/www.mumablue.com\/blog\/wp-json\/wp\/v2\/users\/6"}],"replies":[{"embeddable":true,"href":"https:\/\/www.mumablue.com\/blog\/wp-json\/wp\/v2\/comments?post=6419"}],"version-history":[{"count":6,"href":"https:\/\/www.mumablue.com\/blog\/wp-json\/wp\/v2\/pages\/6419\/revisions"}],"predecessor-version":[{"id":7631,"href":"https:\/\/www.mumablue.com\/blog\/wp-json\/wp\/v2\/pages\/6419\/revisions\/7631"}],"wp:attachment":[{"href":"https:\/\/www.mumablue.com\/blog\/wp-json\/wp\/v2\/media?parent=6419"}],"curies":[{"name":"wp","href":"https:\/\/api.w.org\/{rel}","templated":true}]}}