{"id":6404,"date":"2022-10-19T13:05:48","date_gmt":"2022-10-19T13:05:48","guid":{"rendered":"https:\/\/mumablue.com\/blog\/?page_id=6404"},"modified":"2025-06-03T07:42:54","modified_gmt":"2025-06-03T07:42:54","slug":"cuentos-en-ingles-infantiles-cortos-audiocuentos-gratis","status":"publish","type":"page","link":"https:\/\/www.mumablue.com\/blog\/cuentos-en-ingles-infantiles-cortos-audiocuentos-gratis\/","title":{"rendered":"Cuentos en ingl\u00e9s infantiles cortos + audiocuentos gratis"},"content":{"rendered":"<p><img decoding=\"async\" loading=\"lazy\" class=\"alignnone size-full wp-image-6405\" src=\"https:\/\/www.mumablue.com\/blog\/wp-content\/uploads\/2022\/10\/cuentos-para-aprender-ingl\u00e9s.jpg\" alt=\"cuentos en ingl\u00e9s infantiles\" width=\"815\" height=\"590\" srcset=\"https:\/\/www.mumablue.com\/blog\/wp-content\/uploads\/2022\/10\/cuentos-para-aprender-ingl\u00e9s.jpg 815w, https:\/\/www.mumablue.com\/blog\/wp-content\/uploads\/2022\/10\/cuentos-para-aprender-ingl\u00e9s-300x217.jpg 300w, https:\/\/www.mumablue.com\/blog\/wp-content\/uploads\/2022\/10\/cuentos-para-aprender-ingl\u00e9s-768x556.jpg 768w, https:\/\/www.mumablue.com\/blog\/wp-content\/uploads\/2022\/10\/cuentos-para-aprender-ingl\u00e9s-624x452.jpg 624w\" sizes=\"(max-width: 815px) 100vw, 815px\" \/><\/p>\n<p>Somos muchos los pap\u00e1s y mam\u00e1s que estamos a la caza de cuentos en ingl\u00e9s infantiles, con el objetivo de que nuestros peques practiquen el ingl\u00e9s, ya que la lectura continuada es el mejor modo de aprender un idioma. Sabemos que nuestros contenidos resultan de utilidad a muchos padres y maestros, ya que, adem\u00e1s, son educativos y ricos en valores. Por eso <strong>hemos creado diferentes cuentos en ingl\u00e9s infantiles, cortos, gratis y diferentes<\/strong> a los relatos infantiles a los que estamos acostumbrados: nuestros cuentos ofrecen una <span style=\"font-size: 1rem;\">visi\u00f3n moderna y actual del relato infantil.<\/span><\/p>\n<p>Pero eso no es todo. Como extra, hemos querido convertir cada uno de estos cuentos en ingl\u00e9s infantiles en audiocuento, de modo que el peque\u00f1o <strong>pueda leer el texto y acompa\u00f1ar la lectura con la versi\u00f3n hablada<\/strong>, lo que favorecer\u00e1 su entendimiento de la lengua inglesa hablada. \u00a1Practicar el <em>listening<\/em> nunca fue tan divertido! Aqu\u00ed puedes escuchar un ejemplo.<\/p>\n<h6><script src=\"https:\/\/www.buzzsprout.com\/1767941\/9454701-it-must-be-house-elves.js?container_id=buzzsprout-player-9454701&#038;player=small\" type=\"text\/javascript\" charset=\"utf-8\"><\/script>Public Domain Music: <span style=\"color: #3366ff;\"><a style=\"color: #3366ff;\" href=\"https:\/\/freepd.com\/misc.php\" target=\"_blank\" rel=\"noopener noreferrer\">Funkeriffic<\/a><\/span>,\u00a0<span style=\"color: #3366ff;\"><a style=\"color: #3366ff;\" href=\"https:\/\/freepd.com\/comedy.php\" target=\"_blank\" rel=\"noopener noreferrer\">Krampu\u2019s Workshop<\/a><\/span>\u00a0y CC 3.0\u00a0<span style=\"color: #3366ff;\"><a style=\"color: #3366ff;\" href=\"https:\/\/incompetech.filmmusic.io\/song\/3480-cartoon-pizzicato\">Cartoon Pizzicato<\/a>,<\/span> by\u00a0 Kevin MacLeod, and <span style=\"color: #3366ff;\"><a style=\"color: #3366ff;\" href=\"https:\/\/freepd.com\/Page2\/\">Twinkle, twinkle, little bat<\/a><\/span>.<\/h6>\n<p>A continuaci\u00f3n te dejamos un listado con los cuentos en ingl\u00e9s infantiles disponibles. <strong>A\u00f1adimos nuevos cuentos peri\u00f3dicamente<\/strong>, as\u00ed que no olvides agregar esta p\u00e1gina a tus favoritos para tenerla siempre a mano.<\/p>\n<h2>Cuentos en ingl\u00e9s infantiles y audiocuentos para practicar el <em>listenin<\/em>g<\/h2>\n<p><strong>\ud83c\udff4\u200d\u2620 <span style=\"color: #3366ff;\"><a style=\"color: #3366ff;\" href=\"https:\/\/www.mumablue.com\/blog\/cuentos-de-piratas-en-ingles-audiocuento\/\" target=\"_blank\" rel=\"noopener noreferrer\">The pirate Misfortune<\/a><\/span><\/strong><\/p>\n<p>Los cuentos de piratas se encuentran entre los favoritos de los ni\u00f1os. En este cuento conocer\u00e1n a <strong>un pirata muy peculiar que navega por el mundo en busca de una isla perdida<\/strong> en la que enterrar el tesoro m\u00e1s extraordinario que se ha contemplado jam\u00e1s. Una historia muy divertida que Incluye versi\u00f3n de audio llena de ambientes y m\u00fasicas para una experiencia inmersiva mucho m\u00e1s did\u00e1ctica. <a href=\"https:\/\/www.mumablue.com\/blog\/cuentos-de-piratas-en-ingles-audiocuento\/\" target=\"_blank\" rel=\"noopener noreferrer\"><span style=\"color: #3366ff;\">Ver cuento<\/span><\/a>.<\/p>\n<p>\ud83d\udc7b<strong> <a href=\"https:\/\/www.mumablue.com\/blog\/cuentos-de-fantasmas-en-ingles-cortos\/\" target=\"_blank\" rel=\"noopener noreferrer\"><span style=\"color: #3366ff;\">Yost, the ghost<\/span><\/a><\/strong><\/p>\n<p>Esta divertida historia de fantasmas se ha convertido en uno de los cuentos en ingl\u00e9s infantiles m\u00e1s reconocidos en su versi\u00f3n en espa\u00f1ol. Ahora hemos creado la versi\u00f3n en ingl\u00e9s de este relato, que trata de <strong>un fantasma que acaba de heredar un castillo y no sabe asustar<\/strong>. Incluye un audiocuento con el que los peques se parten de risa. <a href=\"https:\/\/www.mumablue.com\/blog\/cuentos-de-fantasmas-en-ingles-cortos\/\"><span style=\"color: #3366ff;\">Ver cuento<\/span><\/a>.<\/p>\n<p><strong>\ud83c\udf83<\/strong> <span style=\"color: #3366ff;\"><strong><a style=\"color: #3366ff;\" href=\"https:\/\/www.mumablue.com\/blog\/cuentos-de-halloween-en-ingles-teatro-audiocuento-gratis\/\" target=\"_blank\" rel=\"noopener noreferrer\">Halloween night<\/a><\/strong><\/span><\/p>\n<p>M\u00e1s que de un cuento, <strong>tu peque disfrutar\u00e1 de un texto teatralizado<\/strong>, un g\u00e9nero que, por su car\u00e1cter dialogado, simplifica la estructura de las frases y hace m\u00e1s amable el acercamiento al idioma ingl\u00e9s. En este relato, <strong>los monstruos del viejo caser\u00f3n se preparan para asustar<\/strong> en la noche de Halloween, pero lo cierto es que son un poquito \u00abdesastre\u00bb. Una obra muy divertida que incluye audiocuento teatralizado. <span style=\"color: #3366ff;\"><a style=\"color: #3366ff;\" href=\"https:\/\/www.mumablue.com\/blog\/cuentos-de-halloween-en-ingles-teatro-audiocuento-gratis\/\" target=\"_blank\" rel=\"noopener noreferrer\">Ver cuento<\/a><\/span>.<\/p>\n<h4><strong>\ud83c\udf6d <a href=\"https:\/\/www.mumablue.com\/blog\/cuentos-de-brujas-en-ingles-cortos-audiocuentos\/\" target=\"_blank\" rel=\"noopener noreferrer\"><span style=\"color: #3366ff;\">The true story of Hansel and Gretel<\/span><\/a>\u00a0<\/strong><\/h4>\n<p>Durante siglos, la historia que hemos conocido de \u00abLa casita de chocolate\u00bb fue la que nos contaron los peque\u00f1os Habsel y Gretel. Pero, <strong>\u00bfy si hubiera trascendido la versi\u00f3n de la bruja?<\/strong> En este cuento, la hechicera relata lo que realmente ocurri\u00f3 y pone en entredicho la veracidad de la versi\u00f3n m\u00e1s conocida. <a href=\"https:\/\/www.mumablue.com\/blog\/cuentos-de-brujas-en-ingles-cortos-audiocuentos\/\" target=\"_blank\" rel=\"noopener noreferrer\"><span style=\"color: #3366ff;\">Ver cuento.<\/span><\/a><\/p>\n<p>\ud83d\udc32\u00a0<strong><span style=\"color: #3366ff;\"><a style=\"color: #3366ff;\" href=\"https:\/\/www.mumablue.com\/blog\/cuentos-de-princesas-en-ingles-cortos-audiocuento\/\" target=\"_blank\" rel=\"noopener noreferrer\">The princess and the dragon<\/a><\/span>\u00a0<\/strong><\/p>\n<p>Este cuento de princesas y dragones tiene un final sorprendente. Se trata de un relato que gustar\u00e1 tanto a ni\u00f1as como a ni\u00f1os, ya que <strong>el peso de la historia se reparte equitativamente entre la princesa y el drag\u00f3n<\/strong>. Incluye una versi\u00f3n en audiocuento que traslada al oyente hasta el interior de la misma guarida de la fiera.\u00a0 <span style=\"color: #3366ff;\"><a style=\"color: #3366ff;\" href=\"https:\/\/www.mumablue.com\/blog\/cuentos-de-princesas-en-ingles-cortos-audiocuento\/\" target=\"_blank\" rel=\"noopener noreferrer\">Ver cuento<\/a><\/span>.<\/p>\n<p><strong>\ud83e\uddb8\u200d\u2642\ufe0f <a href=\"https:\/\/www.mumablue.com\/blog\/cuentos-de-superheroes-en-ingles-cortos-audiocuento\/\" target=\"_blank\" rel=\"noopener noreferrer\"><span style=\"color: #3366ff;\">Superpowers<\/span><\/a><\/strong><\/p>\n<p>De entre los cuentos en ingl\u00e9s infantiles, los de superh\u00e9roes son unos de los que mejor acogida tienen entre ni\u00f1os y ni\u00f1as. En esta historia, el protagonista no s\u00f3lo <strong>lograr\u00e1 superpoderes como volar o mover objetos con la mente<\/strong>, sino que tambi\u00e9n descubrir\u00e1, gracias a su heroica acci\u00f3n, todos los superpoderes que todos llevamos dentro. <span style=\"color: #3366ff;\"><a style=\"color: #3366ff;\" href=\"https:\/\/www.mumablue.com\/blog\/cuentos-de-superheroes-en-ingles-cortos-audiocuento\/\" target=\"_blank\" rel=\"noopener noreferrer\">Ver cuento<\/a><\/span>.<\/p>\n<h4><strong>\ud83c\udf12 <\/strong><strong><a href=\"https:\/\/www.mumablue.com\/blog\/cuentos-de-monstruos-en-ingles-cortos-audiocuentos\/\" target=\"_blank\" rel=\"noopener noreferrer\"><span style=\"color: #3366ff;\">The little monster that lived inside the closet<\/span><\/a><\/strong><\/h4>\n<p>El cuento de monstruos que <strong>cambia el punto de vista para que los peques les pierdan el miedo.<\/strong> Una historia sorprendente en la que el peque\u00f1o monstruo que vive dentro del armario est\u00e1 aterrorizado porque&#8230; \u00a1cree que vive un ni\u00f1o fuera del armario! <a href=\"https:\/\/www.mumablue.com\/blog\/cuentos-de-monstruos-en-ingles-cortos-audiocuentos\/\" target=\"_blank\" rel=\"noopener noreferrer\"><span style=\"color: #3366ff;\">Ver cuento<\/span><\/a>.<\/p>\n<h4><strong>\ud83d\udd2e <a href=\"https:\/\/www.mumablue.com\/blog\/cuentos-de-brujas-en-ingles-cortos-audiocuentos\/\" target=\"_blank\" rel=\"noopener noreferrer\"><span style=\"color: #3366ff;\">The little witch Bluefire<\/span><\/a>\u00a0<\/strong><\/h4>\n<p>Un precioso cuento sobre una bruja con un poder tan sorprendente como inservible. La peque\u00f1a Freya acabar\u00e1 descubriendo el aut\u00e9ntico valor de su don sobrenatural. Un relato que habla de las altas capacidades de algunos ni\u00f1os. <a href=\"https:\/\/www.mumablue.com\/blog\/cuentos-de-brujas-en-ingles-cortos-audiocuentos\/\" target=\"_blank\" rel=\"noopener noreferrer\"><span style=\"color: #3366ff;\">Ver cuento.<\/span><\/a><\/p>\n<p>Si te han gustado nuestras propuestas, puedes encontrar las versiones originales en espa\u00f1ol (son m\u00e1s de 100 cuentos y audiocuentos gratis) en nuestra p\u00e1gina de <span style=\"color: #3366ff;\"><a style=\"color: #3366ff;\" href=\"https:\/\/www.mumablue.com\/blog\/cuentos-infantiles-para-leer-cortos-gratis\/\" target=\"_blank\" rel=\"noopener noreferrer\">cuentos infantiles para leer y escuchar en espa\u00f1ol<\/a>.<\/span> \u00a1No te lo pierdas! Adem\u00e1s, <strong>te invitamos a que conozcas nuestros cuentos personalizados impresos para regalar<\/strong>. \u00a1Tu peque protagonizar\u00e1 las historias en primera persona, con su nombre e ilustraciones con sus rasgos f\u00edsicos! Est\u00e1n disponibles en 11 idiomas, entre ellos el ingl\u00e9s. Echa un vistazo a nuestro <a href=\"https:\/\/www.mumablue.com\/esp\/nuestros-cuentos-personalizados?utm_source=blog&amp;utm_medium=link&amp;utm_campaign=p\u00e1ginas-audiocuentos&amp;utm_content=cuentos-ingles-infantiles\" target=\"_blank\" rel=\"noopener noreferrer\"><span style=\"color: #3366ff;\">cat\u00e1logo de cuentos personalizados<\/span><\/a> para regalar.<\/p>\n<div style='text-align:left' class='yasr-auto-insert-visitor'><\/div>","protected":false},"excerpt":{"rendered":"<p>Somos muchos los pap\u00e1s y mam\u00e1s que estamos a la caza de cuentos en ingl\u00e9s infantiles, con el objetivo de que nuestros peques practiquen el ingl\u00e9s, ya que la lectura continuada es el mejor modo de aprender un idioma. Sabemos que nuestros contenidos resultan de utilidad a muchos padres y maestros, ya que, adem\u00e1s, son [&hellip;]<\/p>\n","protected":false},"author":6,"featured_media":0,"parent":0,"menu_order":0,"comment_status":"closed","ping_status":"closed","template":"","meta":{"yasr_overall_rating":0,"yasr_post_is_review":"","yasr_auto_insert_disabled":"","yasr_review_type":""},"yasr_visitor_votes":{"number_of_votes":77,"sum_votes":336,"stars_attributes":{"read_only":false,"span_bottom":false}},"yoast_head":"<!-- This site is optimized with the Yoast SEO plugin v14.5 - https:\/\/yoast.com\/wordpress\/plugins\/seo\/ -->\n<meta name=\"description\" content=\"Descubre los mejores cuentos en ingl\u00e9s infantiles online para que tu peque lea en este idioma. \u00a1Incluyen versi\u00f3n en audiocuento para practicar el listening!\" \/>\n<meta name=\"robots\" content=\"index, follow\" \/>\n<meta name=\"googlebot\" content=\"index, follow, max-snippet:-1, max-image-preview:large, max-video-preview:-1\" \/>\n<meta name=\"bingbot\" content=\"index, follow, max-snippet:-1, max-image-preview:large, max-video-preview:-1\" \/>\n<link rel=\"canonical\" href=\"https:\/\/www.mumablue.com\/blog\/cuentos-en-ingles-infantiles-cortos-audiocuentos-gratis\/\" \/>\n<meta property=\"og:locale\" content=\"es_ES\" \/>\n<meta property=\"og:type\" content=\"article\" \/>\n<meta property=\"og:title\" content=\"Cuentos en ingl\u00e9s infantiles cortos + audiocuentos gratis - Blog Mumablue\" \/>\n<meta property=\"og:description\" content=\"Descubre los mejores cuentos en ingl\u00e9s infantiles online para que tu peque lea en este idioma. \u00a1Incluyen versi\u00f3n en audiocuento para practicar el listening!\" \/>\n<meta property=\"og:url\" content=\"https:\/\/www.mumablue.com\/blog\/cuentos-en-ingles-infantiles-cortos-audiocuentos-gratis\/\" \/>\n<meta property=\"og:site_name\" content=\"Blog Mumablue\" \/>\n<meta property=\"article:publisher\" content=\"https:\/\/www.facebook.com\/mumablue\/\" \/>\n<meta property=\"article:modified_time\" content=\"2025-06-03T07:42:54+00:00\" \/>\n<meta property=\"og:image\" content=\"https:\/\/www.mumablue.com\/blog\/wp-content\/uploads\/2022\/10\/cuentos-para-aprender-ingl\u00e9s.jpg\" \/>\n<meta name=\"twitter:card\" content=\"summary_large_image\" \/>\n<script type=\"application\/ld+json\" class=\"yoast-schema-graph\">{\"@context\":\"https:\/\/schema.org\",\"@graph\":[{\"@type\":\"Organization\",\"@id\":\"https:\/\/www.mumablue.com\/blog\/#organization\",\"name\":\"Mumablue\",\"url\":\"https:\/\/www.mumablue.com\/blog\/\",\"sameAs\":[\"https:\/\/www.facebook.com\/mumablue\/\",\"https:\/\/www.instagram.com\/mumablue\/?hl=es\"],\"logo\":{\"@type\":\"ImageObject\",\"@id\":\"https:\/\/www.mumablue.com\/blog\/#logo\",\"inLanguage\":\"es\",\"url\":\"https:\/\/www.mumablue.com\/blog\/wp-content\/uploads\/2020\/05\/Blog-Mumablue.png\",\"width\":749,\"height\":269,\"caption\":\"Mumablue\"},\"image\":{\"@id\":\"https:\/\/www.mumablue.com\/blog\/#logo\"}},{\"@type\":\"WebSite\",\"@id\":\"https:\/\/www.mumablue.com\/blog\/#website\",\"url\":\"https:\/\/www.mumablue.com\/blog\/\",\"name\":\"Blog Mumablue\",\"description\":\"Un blog de cuentos y audiocuentos gratis para ni\\u00f1os.\",\"publisher\":{\"@id\":\"https:\/\/www.mumablue.com\/blog\/#organization\"},\"potentialAction\":[{\"@type\":\"SearchAction\",\"target\":\"https:\/\/www.mumablue.com\/blog\/?s={search_term_string}\",\"query-input\":\"required name=search_term_string\"}],\"inLanguage\":\"es\"},{\"@type\":\"ImageObject\",\"@id\":\"https:\/\/www.mumablue.com\/blog\/cuentos-en-ingles-infantiles-cortos-audiocuentos-gratis\/#primaryimage\",\"inLanguage\":\"es\",\"url\":\"https:\/\/www.mumablue.com\/blog\/wp-content\/uploads\/2022\/10\/cuentos-para-aprender-ingl\\u00e9s.jpg\",\"width\":815,\"height\":590,\"caption\":\"cuentos en ingl\\u00e9s infantiles\"},{\"@type\":\"WebPage\",\"@id\":\"https:\/\/www.mumablue.com\/blog\/cuentos-en-ingles-infantiles-cortos-audiocuentos-gratis\/#webpage\",\"url\":\"https:\/\/www.mumablue.com\/blog\/cuentos-en-ingles-infantiles-cortos-audiocuentos-gratis\/\",\"name\":\"Cuentos en ingl\\u00e9s infantiles cortos + audiocuentos gratis - Blog Mumablue\",\"isPartOf\":{\"@id\":\"https:\/\/www.mumablue.com\/blog\/#website\"},\"primaryImageOfPage\":{\"@id\":\"https:\/\/www.mumablue.com\/blog\/cuentos-en-ingles-infantiles-cortos-audiocuentos-gratis\/#primaryimage\"},\"datePublished\":\"2022-10-19T13:05:48+00:00\",\"dateModified\":\"2025-06-03T07:42:54+00:00\",\"description\":\"Descubre los mejores cuentos en ingl\\u00e9s infantiles online para que tu peque lea en este idioma. \\u00a1Incluyen versi\\u00f3n en audiocuento para practicar el listening!\",\"inLanguage\":\"es\",\"potentialAction\":[{\"@type\":\"ReadAction\",\"target\":[\"https:\/\/www.mumablue.com\/blog\/cuentos-en-ingles-infantiles-cortos-audiocuentos-gratis\/\"]}]}]}<\/script>\n<!-- \/ Yoast SEO plugin. -->","_links":{"self":[{"href":"https:\/\/www.mumablue.com\/blog\/wp-json\/wp\/v2\/pages\/6404"}],"collection":[{"href":"https:\/\/www.mumablue.com\/blog\/wp-json\/wp\/v2\/pages"}],"about":[{"href":"https:\/\/www.mumablue.com\/blog\/wp-json\/wp\/v2\/types\/page"}],"author":[{"embeddable":true,"href":"https:\/\/www.mumablue.com\/blog\/wp-json\/wp\/v2\/users\/6"}],"replies":[{"embeddable":true,"href":"https:\/\/www.mumablue.com\/blog\/wp-json\/wp\/v2\/comments?post=6404"}],"version-history":[{"count":9,"href":"https:\/\/www.mumablue.com\/blog\/wp-json\/wp\/v2\/pages\/6404\/revisions"}],"predecessor-version":[{"id":7637,"href":"https:\/\/www.mumablue.com\/blog\/wp-json\/wp\/v2\/pages\/6404\/revisions\/7637"}],"wp:attachment":[{"href":"https:\/\/www.mumablue.com\/blog\/wp-json\/wp\/v2\/media?parent=6404"}],"curies":[{"name":"wp","href":"https:\/\/api.w.org\/{rel}","templated":true}]}}