{"id":6389,"date":"2022-10-19T12:27:49","date_gmt":"2022-10-19T12:27:49","guid":{"rendered":"https:\/\/mumablue.com\/blog\/?page_id=6389"},"modified":"2025-06-03T07:39:31","modified_gmt":"2025-06-03T07:39:31","slug":"cuentos-de-princesas-en-ingles-cortos-audiocuento","status":"publish","type":"page","link":"https:\/\/www.mumablue.com\/blog\/cuentos-de-princesas-en-ingles-cortos-audiocuento\/","title":{"rendered":"Cuentos de princesas en ingl\u00e9s cortos + audiocuento"},"content":{"rendered":"<p><img decoding=\"async\" loading=\"lazy\" class=\"alignnone size-full wp-image-6391\" src=\"https:\/\/www.mumablue.com\/blog\/wp-content\/uploads\/2022\/10\/Princess-and-dragon-500.jpg\" alt=\"Cuentos de princesas en ingl\u00e9s\" width=\"500\" height=\"500\" srcset=\"https:\/\/www.mumablue.com\/blog\/wp-content\/uploads\/2022\/10\/Princess-and-dragon-500.jpg 500w, https:\/\/www.mumablue.com\/blog\/wp-content\/uploads\/2022\/10\/Princess-and-dragon-500-300x300.jpg 300w, https:\/\/www.mumablue.com\/blog\/wp-content\/uploads\/2022\/10\/Princess-and-dragon-500-150x150.jpg 150w\" sizes=\"(max-width: 500px) 100vw, 500px\" \/><\/p>\n<p>Si estabas buscando cuentos de princesas en ingl\u00e9s, cortos, que <strong>ayuden a tu peque a familiarizarse con este idioma mientras se divierte<\/strong>, est\u00e1s en el mejor lugar, ya que tenemos diferentes propuestas que seguro resultan de tu inter\u00e9s. En primer lugar, te traemos la historia \u00abThe princess and the dragon\u00bb, un relato de princesas y dragones para leer online.<\/p>\n<p>\u00a1Pero eso no es todo! <strong>Te ofrecemos, adem\u00e1s, su versi\u00f3n en audiocuento<\/strong>, de modo que tu peque pueda escucharlo mientras lee el texto, o de modo independiente, y practicar el <em>listening<\/em> de una manera de lo m\u00e1s amena y divertida.<\/p>\n<h2>Audiocuento de princesas en ingl\u00e9s para practicar el <em>listening<\/em><\/h2>\n<h6><script src=\"https:\/\/www.buzzsprout.com\/1767941\/9387585-the-princess-and-the-dragon.js?container_id=buzzsprout-player-9387585&#038;player=small\" type=\"text\/javascript\" charset=\"utf-8\"><\/script>M\u00fasica: CC 0 \u00a0<span style=\"color: #3366ff;\"><a style=\"color: #3366ff;\" href=\"https:\/\/freesound.org\/people\/cormi\/sounds\/101981\/#\" target=\"_blank\" rel=\"noopener noreferrer\">Troubadour<\/a><\/span>, por Cormi.<\/h6>\n<p><strong>A continuaci\u00f3n puedes acceder al texto para leerlo directamente online<\/strong>. \u00abThe princess and the dragon\u00bb est\u00e1 basado en un microrrelato <span style=\"font-weight: 400;\">del periodista y escritor <span style=\"color: #3366ff;\"><a style=\"color: #3366ff;\" href=\"http:\/\/1antologiademinificcion.blogspot.com\/2017\/10\/diego-sanudo.html\" target=\"_blank\" rel=\"noopener noreferrer\">Diego Sa\u00f1udo Arce<\/a><\/span>, publicado en su obra \u201cJuego de ni\u00f1os\u201d (Editorial La Tinta del Silencio).<\/span><\/p>\n<h2 style=\"text-align: center;\">The princess and the dragon<\/h2>\n<blockquote><p>The princess tapped her fingers nervously on the huge wooden table. Impatient tapping that was amplified in the echo of the cave.<\/p>\n<p>\u00abDo you think any of them will come today?\u00bb, she asked.<\/p>\n<p>She received only a snort in reply. The dragon couldn&#8217;t speak. Sure, it was a dragon. But that didn&#8217;t matter to the princess. Her concern was quite another: it had been months since any knight had come to her rescue.\u00a0The lambs were no longer enough to satisfy the dragon&#8217;s hunger. And the princess was afraid.<\/p>\n<p>A few days ago, she could no longer remember how many, the princess had heard a metallic sound outside the cave, believing that, at last, her \u00a0long-awaited knight had arrived to rescue her. The dragon sat up, quickly. It lurked and prepared to spit its deadly flare.<\/p>\n<p>But nothing happened. The noise had been caused by the wind stirring up the mountain of helmets and armor that belonged to the many knights devoured by the dragon. Its fire was extinguished and two light wisps of smoke escaped from its nostrils.<\/p>\n<p>\u00abDon&#8217;t lose hope, maybe one will appear tomorrow\u00bb, thought the princess.<\/p>\n<p>Day by day time was increasing. And with it, the dragon&#8217;s hunger increased. When he felt he was about to faint, he chewed on the old bones that piled up at the bottom of the cave. But the princess knew that they would not last long and shuddered with fear at the thought of her fate.<\/p>\n<p>On another occasion, only a few days after the last knight who tried, unsuccessfully, to rescue the princess had arrived, they had heard hoofbeats of a horse approaching, galloping, into the cave. It was indeed a horse. But no knight was riding on it. It was saddled and was dressed in a coat of mail with the colors and coats of arms of the last rider that the dragon devoured.<\/p>\n<p>The princess gently lured the horse and guided it -poor small animal- into the dragon&#8217;s hungry jaws.\u00a0That would be enough for now, but&#8230; how long would it survive?<\/p>\n<p>The princess was worried. It had been months since any knight had come to her rescue and her beloved dragon was nothing but skin and bone.<\/p>\n<p>\u00abNothing I can do, dear dragon, to keep you from starving to death\u00bb.<\/p><\/blockquote>\n<h2>Cuentos de princesas en ingl\u00e9s, personalizados e impresos<\/h2>\n<p><img decoding=\"async\" loading=\"lazy\" class=\"alignnone size-full wp-image-6411\" src=\"https:\/\/www.mumablue.com\/blog\/wp-content\/uploads\/2022\/10\/cuento-personalizado-princesas-ingl\u00e9s.jpg\" alt=\"cuentos de princesas en ingl\u00e9s\" width=\"500\" height=\"500\" srcset=\"https:\/\/www.mumablue.com\/blog\/wp-content\/uploads\/2022\/10\/cuento-personalizado-princesas-ingl\u00e9s.jpg 500w, https:\/\/www.mumablue.com\/blog\/wp-content\/uploads\/2022\/10\/cuento-personalizado-princesas-ingl\u00e9s-300x300.jpg 300w, https:\/\/www.mumablue.com\/blog\/wp-content\/uploads\/2022\/10\/cuento-personalizado-princesas-ingl\u00e9s-150x150.jpg 150w\" sizes=\"(max-width: 500px) 100vw, 500px\" \/><\/p>\n<p>La siguiente propuesta es una fant\u00e1stica idea si tienes que hacer un regalo a alg\u00fan ni\u00f1o o ni\u00f1a que desee tener entre sus manos cuentos de princesas en ingl\u00e9s para aprender mientras se divierte. Se trata del cuento \u00ab<span style=\"color: #3366ff;\"><a style=\"color: #3366ff;\" href=\"https:\/\/www.mumablue.com\/esp\/nuestros-cuentos-personalizados\/frozen-disney-elsa-y-anna?utm_source=blog&amp;utm_medium=link&amp;utm_campaign=p\u00e1ginas-audiocuentos&amp;utm_content=cuentos-princesas-ingles\" target=\"_blank\" rel=\"noopener noreferrer\">Nombre de tu peque, Elsa y Anna<\/a><\/span>\u00ab, <strong>un cuento personalizado, editado en colaboraci\u00f3n con \u00a9Disney<\/strong>, en el que tu peque protagonizar\u00e1 una historia de Frozen in\u00e9dita. \u00a1Va a alucinar!<\/p>\n<p>Tan solo debes personalizar a tu peque con su nombre y sus rasgos f\u00edsicos y <strong>podr\u00e1s acceder, completamente gratis, a una previsualizaci\u00f3n del cuento en su totalidad<\/strong>. Este cuento de princesas personalizado est\u00e1 disponible en ingl\u00e9s, tan solo debes seleccionar el idioma al final del proceso de personalizaci\u00f3n, en la p\u00e1gina donde puede subir una fotograf\u00eda del ni\u00f1o o ni\u00f1a y escribir una dedicatoria personalizada. \u00a1Sin duda el mejor de los cuentos de princesas en ingl\u00e9s para que tu peque se sienta atra\u00eddo y practique la lectura en este idioma!<\/p>\n<p>Si te han gustado nuestras propuestas de cuentos de princesas en ingl\u00e9s, <strong>te invitamos a descubrir muchos <span style=\"color: #3366ff;\"><a style=\"color: #3366ff;\" href=\"https:\/\/www.mumablue.com\/blog\/cuentos-en-ingles-infantiles-cortos-audiocuentos-gratis\/\" target=\"_blank\" rel=\"noopener noreferrer\">otros cuentos en ingl\u00e9s<\/a><\/span><\/strong>, as\u00ed como a disfrutar de numerosos <span style=\"color: #3366ff;\"><a style=\"color: #3366ff;\" href=\"https:\/\/www.mumablue.com\/blog\/free-audio-stories-for-kids-short-sweet-stories\/?lang=en\" target=\"_blank\" rel=\"noopener noreferrer\">audiocuentos en ingl\u00e9s<\/a><\/span> de manera totalmente gratis. Y si quieres acceder a cuentos y audiocuentos gratis en espa\u00f1ol, te ofrecemos m\u00e1s de <span style=\"color: #3366ff;\"><a style=\"color: #3366ff;\" href=\"https:\/\/www.mumablue.com\/blog\/cuentos-infantiles-para-leer-cortos-gratis\/\" target=\"_blank\" rel=\"noopener noreferrer\">100 cuentos gratis en espa\u00f1ol<\/a><\/span> en nuestro blog.<\/p>\n<div style='text-align:left' class='yasr-auto-insert-visitor'><\/div>","protected":false},"excerpt":{"rendered":"<p>Si estabas buscando cuentos de princesas en ingl\u00e9s, cortos, que ayuden a tu peque a familiarizarse con este idioma mientras se divierte, est\u00e1s en el mejor lugar, ya que tenemos diferentes propuestas que seguro resultan de tu inter\u00e9s. En primer lugar, te traemos la historia \u00abThe princess and the dragon\u00bb, un relato de princesas y [&hellip;]<\/p>\n","protected":false},"author":6,"featured_media":0,"parent":0,"menu_order":0,"comment_status":"closed","ping_status":"closed","template":"","meta":{"yasr_overall_rating":0,"yasr_post_is_review":"","yasr_auto_insert_disabled":"","yasr_review_type":""},"yasr_visitor_votes":{"number_of_votes":6,"sum_votes":23,"stars_attributes":{"read_only":false,"span_bottom":false}},"yoast_head":"<!-- This site is optimized with the Yoast SEO plugin v14.5 - https:\/\/yoast.com\/wordpress\/plugins\/seo\/ -->\n<meta name=\"description\" content=\"\u00a1Los mejores cuentos de princesas en ingl\u00e9s y los m\u00e1s variados! Para leer online, audiocuento graris y opci\u00f3n de cuento personalizado impreso a todo color.\" \/>\n<meta name=\"robots\" content=\"index, follow\" \/>\n<meta name=\"googlebot\" content=\"index, follow, max-snippet:-1, max-image-preview:large, max-video-preview:-1\" \/>\n<meta name=\"bingbot\" content=\"index, follow, max-snippet:-1, max-image-preview:large, max-video-preview:-1\" \/>\n<link rel=\"canonical\" href=\"https:\/\/www.mumablue.com\/blog\/cuentos-de-princesas-en-ingles-cortos-audiocuento\/\" \/>\n<meta property=\"og:locale\" content=\"es_ES\" \/>\n<meta property=\"og:type\" content=\"article\" \/>\n<meta property=\"og:title\" content=\"Cuentos de princesas en ingl\u00e9s cortos + audiocuento - Blog Mumablue\" \/>\n<meta property=\"og:description\" content=\"\u00a1Los mejores cuentos de princesas en ingl\u00e9s y los m\u00e1s variados! Para leer online, audiocuento graris y opci\u00f3n de cuento personalizado impreso a todo color.\" \/>\n<meta property=\"og:url\" content=\"https:\/\/www.mumablue.com\/blog\/cuentos-de-princesas-en-ingles-cortos-audiocuento\/\" \/>\n<meta property=\"og:site_name\" content=\"Blog Mumablue\" \/>\n<meta property=\"article:publisher\" content=\"https:\/\/www.facebook.com\/mumablue\/\" \/>\n<meta property=\"article:modified_time\" content=\"2025-06-03T07:39:31+00:00\" \/>\n<meta property=\"og:image\" content=\"https:\/\/www.mumablue.com\/blog\/wp-content\/uploads\/2022\/10\/Princess-and-dragon-500.jpg\" \/>\n<meta name=\"twitter:card\" content=\"summary_large_image\" \/>\n<script type=\"application\/ld+json\" class=\"yoast-schema-graph\">{\"@context\":\"https:\/\/schema.org\",\"@graph\":[{\"@type\":\"Organization\",\"@id\":\"https:\/\/www.mumablue.com\/blog\/#organization\",\"name\":\"Mumablue\",\"url\":\"https:\/\/www.mumablue.com\/blog\/\",\"sameAs\":[\"https:\/\/www.facebook.com\/mumablue\/\",\"https:\/\/www.instagram.com\/mumablue\/?hl=es\"],\"logo\":{\"@type\":\"ImageObject\",\"@id\":\"https:\/\/www.mumablue.com\/blog\/#logo\",\"inLanguage\":\"es\",\"url\":\"https:\/\/www.mumablue.com\/blog\/wp-content\/uploads\/2020\/05\/Blog-Mumablue.png\",\"width\":749,\"height\":269,\"caption\":\"Mumablue\"},\"image\":{\"@id\":\"https:\/\/www.mumablue.com\/blog\/#logo\"}},{\"@type\":\"WebSite\",\"@id\":\"https:\/\/www.mumablue.com\/blog\/#website\",\"url\":\"https:\/\/www.mumablue.com\/blog\/\",\"name\":\"Blog Mumablue\",\"description\":\"Un blog de cuentos y audiocuentos gratis para ni\\u00f1os.\",\"publisher\":{\"@id\":\"https:\/\/www.mumablue.com\/blog\/#organization\"},\"potentialAction\":[{\"@type\":\"SearchAction\",\"target\":\"https:\/\/www.mumablue.com\/blog\/?s={search_term_string}\",\"query-input\":\"required name=search_term_string\"}],\"inLanguage\":\"es\"},{\"@type\":\"ImageObject\",\"@id\":\"https:\/\/www.mumablue.com\/blog\/cuentos-de-princesas-en-ingles-cortos-audiocuento\/#primaryimage\",\"inLanguage\":\"es\",\"url\":\"https:\/\/www.mumablue.com\/blog\/wp-content\/uploads\/2022\/10\/Princess-and-dragon-500.jpg\",\"width\":500,\"height\":500,\"caption\":\"Cuentos de princesas en ingl\\u00e9s\"},{\"@type\":\"WebPage\",\"@id\":\"https:\/\/www.mumablue.com\/blog\/cuentos-de-princesas-en-ingles-cortos-audiocuento\/#webpage\",\"url\":\"https:\/\/www.mumablue.com\/blog\/cuentos-de-princesas-en-ingles-cortos-audiocuento\/\",\"name\":\"Cuentos de princesas en ingl\\u00e9s cortos + audiocuento - Blog Mumablue\",\"isPartOf\":{\"@id\":\"https:\/\/www.mumablue.com\/blog\/#website\"},\"primaryImageOfPage\":{\"@id\":\"https:\/\/www.mumablue.com\/blog\/cuentos-de-princesas-en-ingles-cortos-audiocuento\/#primaryimage\"},\"datePublished\":\"2022-10-19T12:27:49+00:00\",\"dateModified\":\"2025-06-03T07:39:31+00:00\",\"description\":\"\\u00a1Los mejores cuentos de princesas en ingl\\u00e9s y los m\\u00e1s variados! Para leer online, audiocuento graris y opci\\u00f3n de cuento personalizado impreso a todo color.\",\"inLanguage\":\"es\",\"potentialAction\":[{\"@type\":\"ReadAction\",\"target\":[\"https:\/\/www.mumablue.com\/blog\/cuentos-de-princesas-en-ingles-cortos-audiocuento\/\"]}]}]}<\/script>\n<!-- \/ Yoast SEO plugin. -->","_links":{"self":[{"href":"https:\/\/www.mumablue.com\/blog\/wp-json\/wp\/v2\/pages\/6389"}],"collection":[{"href":"https:\/\/www.mumablue.com\/blog\/wp-json\/wp\/v2\/pages"}],"about":[{"href":"https:\/\/www.mumablue.com\/blog\/wp-json\/wp\/v2\/types\/page"}],"author":[{"embeddable":true,"href":"https:\/\/www.mumablue.com\/blog\/wp-json\/wp\/v2\/users\/6"}],"replies":[{"embeddable":true,"href":"https:\/\/www.mumablue.com\/blog\/wp-json\/wp\/v2\/comments?post=6389"}],"version-history":[{"count":5,"href":"https:\/\/www.mumablue.com\/blog\/wp-json\/wp\/v2\/pages\/6389\/revisions"}],"predecessor-version":[{"id":7635,"href":"https:\/\/www.mumablue.com\/blog\/wp-json\/wp\/v2\/pages\/6389\/revisions\/7635"}],"wp:attachment":[{"href":"https:\/\/www.mumablue.com\/blog\/wp-json\/wp\/v2\/media?parent=6389"}],"curies":[{"name":"wp","href":"https:\/\/api.w.org\/{rel}","templated":true}]}}