{"id":6387,"date":"2022-10-19T11:44:58","date_gmt":"2022-10-19T11:44:58","guid":{"rendered":"https:\/\/mumablue.com\/blog\/?page_id=6387"},"modified":"2025-06-03T07:36:06","modified_gmt":"2025-06-03T07:36:06","slug":"cuentos-de-fantasmas-en-ingles-cortos","status":"publish","type":"page","link":"https:\/\/www.mumablue.com\/blog\/cuentos-de-fantasmas-en-ingles-cortos\/","title":{"rendered":"Cuentos de fantasmas en ingl\u00e9s cortos + audiocuento"},"content":{"rendered":"<p><img decoding=\"async\" loading=\"lazy\" class=\"alignnone size-full wp-image-6378\" src=\"https:\/\/www.mumablue.com\/blog\/wp-content\/uploads\/2022\/10\/Yost-the-ghost-audio-story-500.jpg\" alt=\"cuento de fantasmas en ingl\u00e9s\" width=\"500\" height=\"500\" srcset=\"https:\/\/www.mumablue.com\/blog\/wp-content\/uploads\/2022\/10\/Yost-the-ghost-audio-story-500.jpg 500w, https:\/\/www.mumablue.com\/blog\/wp-content\/uploads\/2022\/10\/Yost-the-ghost-audio-story-500-300x300.jpg 300w, https:\/\/www.mumablue.com\/blog\/wp-content\/uploads\/2022\/10\/Yost-the-ghost-audio-story-500-150x150.jpg 150w\" sizes=\"(max-width: 500px) 100vw, 500px\" \/><\/p>\n<p><strong>Los cuentos de fantasmas en ingl\u00e9s se encuentran entre los preferidos por los ni\u00f1os<\/strong> a la hora de enfrentarse a relatos que no est\u00e1n escritos en su idioma materno, ya que se trata de un tema muy atractivo, a causa de la atm\u00f3sfera fant\u00e1stica y de misterio que rodea este tipo de relatos. Es por eso que los cuentos de fantasmas en ingl\u00e9s pueden ayudar a los peques <strong>a familiarizarse con este idioma de un modo natural y divertido.<\/strong><\/p>\n<p>En Mumablue te traemos uno de nuestros mejores cuentos de fantasmas en ingl\u00e9s, \u00abYost, the ghost\u00bb, <strong>un cuento corto y sencillo que, adem\u00e1s, ofrece una versi\u00f3n en audiocuento,<\/strong> de modo que el ni\u00f1o que lo lea pueda escucharlo de manera simult\u00e1nea y practicar el listening. Aqu\u00ed te dejamos el audio y un poco m\u00e1s abajo encontrar\u00e9is el texto.<\/p>\n<h2>Audio cuento de fantasmas en ingl\u00e9s. \u00a1Practica el <em>listening<\/em>!<\/h2>\n<h6><script src=\"https:\/\/www.buzzsprout.com\/1767941\/9333726-yost-the-ghost.js?container_id=buzzsprout-player-9333726&#038;player=small\" type=\"text\/javascript\" charset=\"utf-8\"><\/script>Public Domain Music:\u00a0<span style=\"color: #3366ff;\"><a style=\"color: #3366ff;\" href=\"https:\/\/freepd.com\/horror.php\" target=\"_blank\" rel=\"noopener noreferrer\">Nightmare<\/a><\/span>, by Alexander Nakarada;\u00a0<span style=\"color: #3366ff;\"><a style=\"color: #3366ff;\" href=\"https:\/\/freepd.com\/misc.php\" target=\"_blank\" rel=\"noopener noreferrer\">Ambush in Rattlesnake Gulch<\/a><\/span>, by Brian Boyko;\u00a0<span style=\"color: #3366ff;\"><a style=\"color: #3366ff;\" href=\"https:\/\/freepd.com\/scoring.php\" target=\"_blank\" rel=\"noopener noreferrer\">Magic in the Garden<\/a><\/span>, by Rafael Krux.<\/h6>\n<p><strong>A continuaci\u00f3n te dejamos el texto escrito<\/strong> para que tu peque pueda leerlo directamente, si as\u00ed lo prefiere.<\/p>\n<h2 style=\"text-align: center;\">Yost the ghost<\/h2>\n<blockquote><p>That night Yost, the ghost, went out for the first time to walk the corridors of the castle. Host had no experience, he was a novice ghost. He had inherited that dilapidated castle from his uncle Lecter, the specter who is mean, obscene and like to demean. Thank goodness it was it was still clean!<\/p>\n<p>Yost, on the other hand, was a very arrogant ghost. But his uncle Lecter, the specter, had left him no decent clothes in the closet. So he wore a simple white sheet.<\/p>\n<p>He was very restless! It was his first night on the job! Yost, the ghost, held a candle in his hand and dragged an iron ball attached to the ankle by a shackle. His bones sounded like a rattle!<\/p>\n<p>Suddenly, he went pale. Pale under the sheet. At the end of the gallery was a little girl. How nerve racking! He was going to give his first scare and he wanted it to be perfect. Yost backed behind the corner. He tied his sheet, polished his ball and shackle, gargled and trained his voice a little.<\/p>\n<p><span style=\"font-size: 1rem;\">\u00abDO, RE, MI, FA, SOL, LA, SI, <\/span>DOOOO\u00bb<\/p>\n<p>When he was ready, he took a deep breath and began to walk down the gallery, ululating, raising his arms, dragging his chains, making a face like a bad ghost (although you couldn&#8217;t see him because he was under the sheet).<\/p>\n<p>The girl saw him approaching, but didn&#8217;t budge a hair on his jerkin. It was clear that Yost, the ghost, didn&#8217;t scare her one bit. . Yost was strained, pained, drained&#8230;. And ashamed! He blew<br \/>\nhis boogers with the beak of the sheet. Pearl, the girl, looked at him with disdain.<\/p>\n<p>\u00abYou wouldn&#8217;t scare even a mouse! Get out of here, newbie! I said get out of here new! -said the arrogant girl\u00bb<\/p>\n<p>Yost, the ghost, couldn&#8217;t take it anymore. As a novice ghost he was very overwhelmed, so he burst into tears. He cried so hard and so loud that, within minutes, his sheet was floating in a puddle on the floor.<\/p>\n<p>Pearl, the girl, picked up the sheet and gave it to the laundry maid. Yost was dipped in burning hot water, filled with soap, scrubbed on the washboard and rinsed with ice water. As if that wasn&#8217;t enough, they twisted him to wring him out. What a beating!\u00a0Then they hung him from a rope in the sun, between a pair of polo shirts and panties. What a disgrace!<\/p>\n<p>The next day, the maid picked up Yost, the ghost, from the rope. She starched him, perfumed him and ironed him. Not a wrinkle was left on him &#8211; who knew he was 1,200 years old!<\/p>\n<p>Yost, the ghost walked the castle&#8217;s corridors again that night. He went up to the battlements, down to the dungeons, discovered secret passages and hidden spiral staircases. He felt beautiful, lustrous, pompous&#8230; so much so that he thought he no longer fit in that ruined castle. So, he hung a sign from the lift gate, a notice that read:\u00a0\u00abGhost needed.\u00bb<\/p>\n<p>And so, without any baggage, he moved into the luxurious palace where his friend Fatima, the anima, lived. Who, by the way, told him to stay with her forever because he was very, very, handsome.<\/p><\/blockquote>\n<h2>Cuentos de fantasmas y brujas personalizados \u00a1Otra gran opci\u00f3n!<\/h2>\n<p>Si lo que te interesar\u00eda es que tu peque tuviera cuentos en ingl\u00e9s entre sus manos, nuestra propuesta te va a sorprender. <strong>\u00bfQu\u00e9 tal si aprendiera ingl\u00e9s con un cuento personalizado?<\/strong> Al ser el propio ni\u00f1o o ni\u00f1a el protagonista absoluto del relato, es seguro que prestar\u00e1 mucha m\u00e1s atenci\u00f3n y que estos cuentos personalizados en ingl\u00e9s despertar\u00e1n su inter\u00e9s de inmediato.<\/p>\n<p>Nuestra propuesta es \u00ab<span style=\"color: #3366ff;\"><a style=\"color: #3366ff;\" href=\"https:\/\/www.mumablue.com\/esp\/nuestros-cuentos-personalizados\/cuento-personalizado-de-piratas?utm_source=blog&amp;utm_medium=link&amp;utm_campaign=p\u00e1ginas-audiocuentos&amp;utm_content=cuentos-fantasmas-ingles\">Nombre de tu peque and the pirate treasure<\/a><\/span>\u00ab, un cuento personalizado que incluye un pirata fantasma de lo m\u00e1s inusual. Esta es, adem\u00e1s, una historia de aventuras llena de valores, un cuento impreso a todo color, lleno de bonitas ilustraciones, que <strong>podr\u00e1s personalizar con el nombre y rasgos f\u00edsicos del ni\u00f1o<\/strong> a quien se lo vayas a regalar, de manera que sea \u00e9l quien protagonice la historia en primera persona. Una vez que lo personalices, podr\u00e1s escoger el idioma, as\u00ed como acceder a una previsualizaci\u00f3n completa y gratuita del cuento completo.<\/p>\n<p><img decoding=\"async\" loading=\"lazy\" class=\"alignnone wp-image-6415 size-full\" src=\"https:\/\/www.mumablue.com\/blog\/wp-content\/uploads\/2022\/10\/cuento-personalizado-brujas-ingl\u00e9s.jpg\" alt=\"cuentos de fantasmas en ingl\u00e9s\" width=\"500\" height=\"500\" srcset=\"https:\/\/www.mumablue.com\/blog\/wp-content\/uploads\/2022\/10\/cuento-personalizado-brujas-ingl\u00e9s.jpg 500w, https:\/\/www.mumablue.com\/blog\/wp-content\/uploads\/2022\/10\/cuento-personalizado-brujas-ingl\u00e9s-300x300.jpg 300w, https:\/\/www.mumablue.com\/blog\/wp-content\/uploads\/2022\/10\/cuento-personalizado-brujas-ingl\u00e9s-150x150.jpg 150w\" sizes=\"(max-width: 500px) 100vw, 500px\" \/><\/p>\n<p>Si a tu peque, adem\u00e1s de los fantasmas, le gustan las brujas, tal vez prefiera el cuento personalizado \u00ab<span style=\"color: #3366ff;\"><a style=\"color: #3366ff;\" href=\"https:\/\/www.mumablue.com\/esp\/nuestros-cuentos-personalizados\/cuento-de-brujas-personalizado?utm_source=blog&amp;utm_medium=link&amp;utm_campaign=p\u00e1ginas-audiocuentos&amp;utm_content=cuentos-fantasmas-ingles\" target=\"_blank\" rel=\"noopener noreferrer\">Nombre de tu peque on Halloween night<\/a><\/span>\u00ab, un enternecedor relato ambientado en la noche de Halloween, en el que <strong>el ni\u00f1o o ni\u00f1a protagonista derrotar\u00e1 a la malvada bruja<\/strong> gracias a su pericia e inteligencia. Puedes escoger entre 11 idiomas, entre ellos ingl\u00e9s brit\u00e1nico o ingl\u00e9s americano, y previsualizarlo entero totalmente gratis.<\/p>\n<p>Si te han gustado nuestras propuestas gratuitas de cuentos de fantasmas en ingl\u00e9s, puedes encontrar muchos m\u00e1s en nuestra p\u00e1gina de <span style=\"color: #3366ff;\"><a style=\"color: #3366ff;\" href=\"https:\/\/www.mumablue.com\/blog\/cuentos-en-ingles-infantiles-cortos-audiocuentos-gratis\/\" target=\"_blank\" rel=\"noopener noreferrer\">cuentos infantiles en ingl\u00e9s gratuitos<\/a><\/span>, o <strong>escuchar otros muchos <span style=\"color: #3366ff;\"><a style=\"color: #3366ff;\" href=\"https:\/\/www.mumablue.com\/blog\/free-audio-stories-for-kids-short-sweet-stories\/?lang=en\" target=\"_blank\" rel=\"noopener noreferrer\">audiocuentos en ingl\u00e9s<\/a><\/span> en nuestro podcast.<\/strong> Y si deseas conocer nuestros cuentos y audiocuentos gratis en espa\u00f1ol, puedes encontrar m\u00e1s de <span style=\"color: #3366ff;\"><a style=\"color: #3366ff;\" href=\"https:\/\/www.mumablue.com\/blog\/cuentos-infantiles-para-leer-cortos-gratis\/\" target=\"_blank\" rel=\"noopener noreferrer\">100 cuentos gratis en espa\u00f1ol<\/a><\/span> en nuestro blog.<\/p>\n<div style='text-align:left' class='yasr-auto-insert-visitor'><\/div>","protected":false},"excerpt":{"rendered":"<p>Los cuentos de fantasmas en ingl\u00e9s se encuentran entre los preferidos por los ni\u00f1os a la hora de enfrentarse a relatos que no est\u00e1n escritos en su idioma materno, ya que se trata de un tema muy atractivo, a causa de la atm\u00f3sfera fant\u00e1stica y de misterio que rodea este tipo de relatos. Es por [&hellip;]<\/p>\n","protected":false},"author":6,"featured_media":0,"parent":0,"menu_order":0,"comment_status":"closed","ping_status":"closed","template":"","meta":{"yasr_overall_rating":0,"yasr_post_is_review":"","yasr_auto_insert_disabled":"","yasr_review_type":""},"yasr_visitor_votes":{"number_of_votes":3,"sum_votes":11,"stars_attributes":{"read_only":false,"span_bottom":false}},"yoast_head":"<!-- This site is optimized with the Yoast SEO plugin v14.5 - https:\/\/yoast.com\/wordpress\/plugins\/seo\/ -->\n<meta name=\"description\" content=\"No te pierdas estas propuestas de cuentos de fantasmas en ingl\u00e9s, para leer online, con versi\u00f3n en audiocuento gratis o ediciones de cuentos personalizados.\" \/>\n<meta name=\"robots\" content=\"index, follow\" \/>\n<meta name=\"googlebot\" content=\"index, follow, max-snippet:-1, max-image-preview:large, max-video-preview:-1\" \/>\n<meta name=\"bingbot\" content=\"index, follow, max-snippet:-1, max-image-preview:large, max-video-preview:-1\" \/>\n<link rel=\"canonical\" href=\"https:\/\/www.mumablue.com\/blog\/cuentos-de-fantasmas-en-ingles-cortos\/\" \/>\n<meta property=\"og:locale\" content=\"es_ES\" \/>\n<meta property=\"og:type\" content=\"article\" \/>\n<meta property=\"og:title\" content=\"Cuentos de fantasmas en ingl\u00e9s cortos + audiocuento - Blog Mumablue\" \/>\n<meta property=\"og:description\" content=\"No te pierdas estas propuestas de cuentos de fantasmas en ingl\u00e9s, para leer online, con versi\u00f3n en audiocuento gratis o ediciones de cuentos personalizados.\" \/>\n<meta property=\"og:url\" content=\"https:\/\/www.mumablue.com\/blog\/cuentos-de-fantasmas-en-ingles-cortos\/\" \/>\n<meta property=\"og:site_name\" content=\"Blog Mumablue\" \/>\n<meta property=\"article:publisher\" content=\"https:\/\/www.facebook.com\/mumablue\/\" \/>\n<meta property=\"article:modified_time\" content=\"2025-06-03T07:36:06+00:00\" \/>\n<meta property=\"og:image\" content=\"https:\/\/www.mumablue.com\/blog\/wp-content\/uploads\/2022\/10\/Yost-the-ghost-audio-story-500.jpg\" \/>\n<meta name=\"twitter:card\" content=\"summary_large_image\" \/>\n<script type=\"application\/ld+json\" class=\"yoast-schema-graph\">{\"@context\":\"https:\/\/schema.org\",\"@graph\":[{\"@type\":\"Organization\",\"@id\":\"https:\/\/www.mumablue.com\/blog\/#organization\",\"name\":\"Mumablue\",\"url\":\"https:\/\/www.mumablue.com\/blog\/\",\"sameAs\":[\"https:\/\/www.facebook.com\/mumablue\/\",\"https:\/\/www.instagram.com\/mumablue\/?hl=es\"],\"logo\":{\"@type\":\"ImageObject\",\"@id\":\"https:\/\/www.mumablue.com\/blog\/#logo\",\"inLanguage\":\"es\",\"url\":\"https:\/\/www.mumablue.com\/blog\/wp-content\/uploads\/2020\/05\/Blog-Mumablue.png\",\"width\":749,\"height\":269,\"caption\":\"Mumablue\"},\"image\":{\"@id\":\"https:\/\/www.mumablue.com\/blog\/#logo\"}},{\"@type\":\"WebSite\",\"@id\":\"https:\/\/www.mumablue.com\/blog\/#website\",\"url\":\"https:\/\/www.mumablue.com\/blog\/\",\"name\":\"Blog Mumablue\",\"description\":\"Un blog de cuentos y audiocuentos gratis para ni\\u00f1os.\",\"publisher\":{\"@id\":\"https:\/\/www.mumablue.com\/blog\/#organization\"},\"potentialAction\":[{\"@type\":\"SearchAction\",\"target\":\"https:\/\/www.mumablue.com\/blog\/?s={search_term_string}\",\"query-input\":\"required name=search_term_string\"}],\"inLanguage\":\"es\"},{\"@type\":\"ImageObject\",\"@id\":\"https:\/\/www.mumablue.com\/blog\/cuentos-de-fantasmas-en-ingles-cortos\/#primaryimage\",\"inLanguage\":\"es\",\"url\":\"https:\/\/www.mumablue.com\/blog\/wp-content\/uploads\/2022\/10\/Yost-the-ghost-audio-story-500.jpg\",\"width\":500,\"height\":500,\"caption\":\"cuento de fantasmas en ingl\\u00e9s\"},{\"@type\":\"WebPage\",\"@id\":\"https:\/\/www.mumablue.com\/blog\/cuentos-de-fantasmas-en-ingles-cortos\/#webpage\",\"url\":\"https:\/\/www.mumablue.com\/blog\/cuentos-de-fantasmas-en-ingles-cortos\/\",\"name\":\"Cuentos de fantasmas en ingl\\u00e9s cortos + audiocuento - Blog Mumablue\",\"isPartOf\":{\"@id\":\"https:\/\/www.mumablue.com\/blog\/#website\"},\"primaryImageOfPage\":{\"@id\":\"https:\/\/www.mumablue.com\/blog\/cuentos-de-fantasmas-en-ingles-cortos\/#primaryimage\"},\"datePublished\":\"2022-10-19T11:44:58+00:00\",\"dateModified\":\"2025-06-03T07:36:06+00:00\",\"description\":\"No te pierdas estas propuestas de cuentos de fantasmas en ingl\\u00e9s, para leer online, con versi\\u00f3n en audiocuento gratis o ediciones de cuentos personalizados.\",\"inLanguage\":\"es\",\"potentialAction\":[{\"@type\":\"ReadAction\",\"target\":[\"https:\/\/www.mumablue.com\/blog\/cuentos-de-fantasmas-en-ingles-cortos\/\"]}]}]}<\/script>\n<!-- \/ Yoast SEO plugin. -->","_links":{"self":[{"href":"https:\/\/www.mumablue.com\/blog\/wp-json\/wp\/v2\/pages\/6387"}],"collection":[{"href":"https:\/\/www.mumablue.com\/blog\/wp-json\/wp\/v2\/pages"}],"about":[{"href":"https:\/\/www.mumablue.com\/blog\/wp-json\/wp\/v2\/types\/page"}],"author":[{"embeddable":true,"href":"https:\/\/www.mumablue.com\/blog\/wp-json\/wp\/v2\/users\/6"}],"replies":[{"embeddable":true,"href":"https:\/\/www.mumablue.com\/blog\/wp-json\/wp\/v2\/comments?post=6387"}],"version-history":[{"count":7,"href":"https:\/\/www.mumablue.com\/blog\/wp-json\/wp\/v2\/pages\/6387\/revisions"}],"predecessor-version":[{"id":7632,"href":"https:\/\/www.mumablue.com\/blog\/wp-json\/wp\/v2\/pages\/6387\/revisions\/7632"}],"wp:attachment":[{"href":"https:\/\/www.mumablue.com\/blog\/wp-json\/wp\/v2\/media?parent=6387"}],"curies":[{"name":"wp","href":"https:\/\/api.w.org\/{rel}","templated":true}]}}