{"id":6362,"date":"2022-10-19T10:53:10","date_gmt":"2022-10-19T10:53:10","guid":{"rendered":"https:\/\/mumablue.com\/blog\/?page_id=6362"},"modified":"2025-06-03T07:38:21","modified_gmt":"2025-06-03T07:38:21","slug":"cuentos-de-piratas-en-ingles-audiocuento","status":"publish","type":"page","link":"https:\/\/www.mumablue.com\/blog\/cuentos-de-piratas-en-ingles-audiocuento\/","title":{"rendered":"Cuentos de piratas en ingl\u00e9s para ni\u00f1os + audiocuento"},"content":{"rendered":"<p><img decoding=\"async\" loading=\"lazy\" class=\"alignnone size-full wp-image-6363\" src=\"https:\/\/www.mumablue.com\/blog\/wp-content\/uploads\/2022\/10\/Pirate-Misfortune_500.jpg\" alt=\"cuento de piratas en ingl\u00e9s\" width=\"500\" height=\"500\" srcset=\"https:\/\/www.mumablue.com\/blog\/wp-content\/uploads\/2022\/10\/Pirate-Misfortune_500.jpg 500w, https:\/\/www.mumablue.com\/blog\/wp-content\/uploads\/2022\/10\/Pirate-Misfortune_500-300x300.jpg 300w, https:\/\/www.mumablue.com\/blog\/wp-content\/uploads\/2022\/10\/Pirate-Misfortune_500-150x150.jpg 150w\" sizes=\"(max-width: 500px) 100vw, 500px\" \/><\/p>\n<p>Son muchos los pap\u00e1s y mam\u00e1s que buscan cuentos de piratas en ingl\u00e9s para que su peque se vaya familiarizando con el idioma, pero lo cierto es que <strong>no siempre es f\u00e1cil conseguir que el ni\u00f1o mantenga la atenci\u00f3n sobre el texto<\/strong>, al tratarse de un idioma que, por norma general, suele requerir un sobreesfuerzo en la lectura.<\/p>\n<p>En Mumablue nos dimos cuenta y por eso decidimos crear <strong>cuentos en ingl\u00e9s con aundiocuentos, de modo que el peque pueda escucharlos en paralelo a la lectura<\/strong> (o de forma independiente, claro) y as\u00ed, dem\u00e1s, practicar el <em>listening<\/em>. A coontinucaci\u00f3n te dejamos el audiocuento y el texto del cuento de piratas en ingl\u00e9s \u00abThe pirate Misfortune\u00bb (El pirata Malapata). \u00a1Es muy divertido!<\/p>\n<h2>Audiocuento de piratas en ingl\u00e9s, ideal para practicar el <em>listening<\/em><\/h2>\n<h6><script src=\"https:\/\/www.buzzsprout.com\/1767941\/9151756-the-pirate-misfortune.js?container_id=buzzsprout-player-9151756&#038;player=small\" type=\"text\/javascript\" charset=\"utf-8\"><\/script>Music: CC 0: <span style=\"color: #3366ff;\"><a style=\"color: #3366ff;\" href=\"https:\/\/freepd.com\/Page2\/\">Fairy Dance<\/a><\/span> by Rafael Krux, CC 4.0 <span style=\"color: #3366ff;\"><a style=\"color: #3366ff;\" href=\"https:\/\/alexandernakarada.bandcamp.com\/track\/overture-2\">Overture<\/a><\/span>, by Alexander Nakarada.<\/h6>\n<p>Aqu\u00ed se puede leer el texto de este cuento de piratas en ingl\u00e9s.<\/p>\n<h2 style=\"text-align: center;\">The Pirate Misfortune<\/h2>\n<blockquote><p>The pirate Misfortune jumped from the ship deck into the boat and got his feet wet.<\/p>\n<p>\u00ab\u00a1Manta Rays and Thunder Crabs! Now my feet will smell like rotten fish again\u00bb.<\/p>\n<p>The pirate had been sailing for three months with his crew in search of a lost island. And for three months it had not stopped raining. Only the last two days the sun had come out and the pirates had managed to dry their clothes by hanging them on the cables of the mast. More than a pirate ship, the galleon \u201cAnchovy\u201d looked like a clothesline.<\/p>\n<p>Under normal circumstances, the pirate Misfortune would have been furious at getting his feet wet and would have made half the crew walk the plank. But today he was happy &#8211; at last they could bury the biggest treasure any band of pirates had ever put their hands on! So spectacular was the treasure that it had almost sunk the galleon \u201cAnchovy\u201d because of its great weight!<\/p>\n<p>\u00abAt last the day has come! Neptune has assisted us! Behold, pirates, the lost island\u00bb- exclaimed pirate Misfortune.<\/p>\n<p>\u00abMy captain, I&#8217;m afraid this is not the lost island we were looking for\u00bb, reply, timidly, one cabin boy.<\/p>\n<p>\u00abHow do you know!\u00bb, growled the pirate.<\/p>\n<p>\u00abBecause the word itself says it: LOST. This island has already been found, so its not lost, my captain.\u00bb<\/p>\n<p><img decoding=\"async\" loading=\"lazy\" class=\"alignnone size-full wp-image-6370\" src=\"https:\/\/www.mumablue.com\/blog\/wp-content\/uploads\/2022\/10\/historia-de-piratas-en-ingl\u00e9s.jpg\" alt=\"cuentos de piratas en ingl\u00e9s\" width=\"500\" height=\"376\" srcset=\"https:\/\/www.mumablue.com\/blog\/wp-content\/uploads\/2022\/10\/historia-de-piratas-en-ingl\u00e9s.jpg 500w, https:\/\/www.mumablue.com\/blog\/wp-content\/uploads\/2022\/10\/historia-de-piratas-en-ingl\u00e9s-300x226.jpg 300w\" sizes=\"(max-width: 500px) 100vw, 500px\" \/><\/p>\n<p>The pirate Misfortune hesitated for a moment. He thought the cabin boy was right. The moment you find an island, its no longer lost! The pirate Misfortune kept quiet, lifted his eye patch to get a better look at the island. Then he began to circle around in circles, muttering words under his breath as he waved his hook. After pondering for a long moment under the expectant gaze of his crew of miscreants, he said almost to himself:<\/p>\n<p><span style=\"font-size: 1rem;\">\u00abNo matter. We&#8217;ll bury the treasure here anyway\u00bb.\u00a0<\/span>And, addressing the crew he added: <span style=\"font-size: 1rem;\">\u00abI order you to bury the treasure here and, then, <\/span>lose the island!\u00bb<\/p>\n<p>\u00abBut, my Captain&#8230; if we lose the island, we lose the treasure as well\u00bb, explained the cabin boy nervously.<\/p>\n<p>\u00abThen I order you to bury the treasure, lose the island and find it again\u00bb, ordered the pirate after thinking for a few seconds.<\/p>\n<p>\u00abBut my Captain, if we find the island again\u2026 it would no longer be a lost island!\u00bb, dared the cabin boy to reply, once again.<\/p>\n<p>The pirate Misfortune snorted. His face turned red, purple and then blue. The entire crew shuddered.<\/p>\n<p>\u00abTHEN&#8230;! I order you to bury the treasure, lose the island and lose the treasure!\u00bb<\/p>\n<p>And so it is, in the middle of the ocean, there is a lost island with a lost treasure &#8230; that no one has ever managed to find! If you ever sail the Atlantic, keep a close eye on the horizon &#8211; you might just find the lost island and unearth the most magnificent pirate treasure ever known!<\/p><\/blockquote>\n<h2>Otras ideas de cuentos de piratas en ingl\u00e9s. \u00a1Mejor personalizados!<\/h2>\n<p><img decoding=\"async\" loading=\"lazy\" class=\"alignnone size-full wp-image-6367\" src=\"https:\/\/www.mumablue.com\/blog\/wp-content\/uploads\/2022\/10\/El-tesoro-pirata-ingl\u00e9s.jpg\" alt=\"cuentos de piratas en ingl\u00e9s\" width=\"500\" height=\"500\" srcset=\"https:\/\/www.mumablue.com\/blog\/wp-content\/uploads\/2022\/10\/El-tesoro-pirata-ingl\u00e9s.jpg 500w, https:\/\/www.mumablue.com\/blog\/wp-content\/uploads\/2022\/10\/El-tesoro-pirata-ingl\u00e9s-300x300.jpg 300w, https:\/\/www.mumablue.com\/blog\/wp-content\/uploads\/2022\/10\/El-tesoro-pirata-ingl\u00e9s-150x150.jpg 150w\" sizes=\"(max-width: 500px) 100vw, 500px\" \/><\/p>\n<p>Si lo que est\u00e1s buscando son <strong>cuentos de piratas en ingl\u00e9s para regalar a los ni\u00f1os, impresos y con ilustraciones<\/strong>, tenemos una sugerencia que seguro te va a encantar. Se trata de un cuento personalizado que tiene como protagonista al mism\u00edsimo \u00abpirate Misfortune\u00bb. \u00a1S\u00ed! Una nueva historia con este estramb\u00f3tico protagonista, a todo color, en la que tu peque ser\u00e1 el protagonista principal y vivir\u00e1 una aventura pirata maravillosa.<\/p>\n<p>Se trata de \u00ab<span style=\"color: #3366ff;\"><a style=\"color: #3366ff;\" href=\"https:\/\/www.mumablue.com\/esp\/nuestros-cuentos-personalizados\/cuento-personalizado-de-piratas?utm_source=blog&amp;utm_medium=link&amp;utm_campaign=p\u00e1ginas-audiocuentos&amp;utm_content=cuentos-piratas-ingles\" target=\"_blank\" rel=\"noopener noreferrer\">Nombre de tu peque y el tesoro pirata<\/a><\/span>\u00ab.<strong> Puedes personalizar a tu peque con su nombre y rasgos f\u00edsicos<\/strong> y acceder a una previsualizaci\u00f3n completa del cuento completo totalmente gratis, para valorar si se ajusta a tus necesidades o a los gustos del ni\u00f1o lector. Est\u00e1 <strong>disponible en 11 idiomas, entre ellos el ingl\u00e9s<\/strong>, que podr\u00e1s seleccionar al final del proceso de personalizaci\u00f3n, antes de realizar la previsualizaci\u00f3n.<\/p>\n<p>Esperamos que nuestras propuestas sobre cuentos de piratas en ingl\u00e9s para ni\u00f1os te hayan resultado atractivas y de utilidad.<strong> Si quieres encontrar otros cuentos y audio cuentos en ingl\u00e9s,<\/strong> puedes visitar nuestra <span style=\"color: #3366ff;\"><a style=\"color: #3366ff;\" href=\"https:\/\/www.mumablue.com\/blog\/cuentos-en-ingles-infantiles-cortos-audiocuentos-gratis\/\" target=\"_blank\" rel=\"noopener noreferrer\">p\u00e1gina de cuentos en ingl\u00e9s infantiles<\/a><\/span> o que tu peque acceda directamente a este podcast de <span style=\"color: #3366ff;\"><a style=\"color: #3366ff;\" href=\"https:\/\/www.mumablue.com\/blog\/free-audio-stories-for-kids-short-sweet-stories\/?lang=en\" target=\"_blank\" rel=\"noopener noreferrer\">audiocuentos en ingl\u00e9s para ni\u00f1os<\/a><\/span>, totalmente gratis.<\/p>\n<p>Y si deseas disfrutar de <strong>cuentos y audiocuentos gratis en espa\u00f1ol<\/strong>, hemos creado m\u00e1s de <span style=\"color: #3366ff;\"><a style=\"color: #3366ff;\" href=\"https:\/\/www.mumablue.com\/blog\/cuentos-infantiles-para-leer-cortos-gratis\/\" target=\"_blank\" rel=\"noopener noreferrer\">100 cuentos gratis en espa\u00f1ol<\/a><\/span> en nuestro blog para que tu peque aprenda mientras se divierte.<\/p>\n<div style='text-align:left' class='yasr-auto-insert-visitor'><\/div>","protected":false},"excerpt":{"rendered":"<p>Son muchos los pap\u00e1s y mam\u00e1s que buscan cuentos de piratas en ingl\u00e9s para que su peque se vaya familiarizando con el idioma, pero lo cierto es que no siempre es f\u00e1cil conseguir que el ni\u00f1o mantenga la atenci\u00f3n sobre el texto, al tratarse de un idioma que, por norma general, suele requerir un sobreesfuerzo [&hellip;]<\/p>\n","protected":false},"author":6,"featured_media":0,"parent":0,"menu_order":0,"comment_status":"closed","ping_status":"closed","template":"","meta":{"yasr_overall_rating":0,"yasr_post_is_review":"","yasr_auto_insert_disabled":"","yasr_review_type":""},"yasr_visitor_votes":{"number_of_votes":11,"sum_votes":38,"stars_attributes":{"read_only":false,"span_bottom":false}},"yoast_head":"<!-- This site is optimized with the Yoast SEO plugin v14.5 - https:\/\/yoast.com\/wordpress\/plugins\/seo\/ -->\n<meta name=\"description\" content=\"Echa un vistazo a estos cuentos de piratas en ingl\u00e9s, para leer online y escuchar en audiocuento. \u00a1As\u00ed los ni\u00f1os pueden practicar el listening!\" \/>\n<meta name=\"robots\" content=\"index, follow\" \/>\n<meta name=\"googlebot\" content=\"index, follow, max-snippet:-1, max-image-preview:large, max-video-preview:-1\" \/>\n<meta name=\"bingbot\" content=\"index, follow, max-snippet:-1, max-image-preview:large, max-video-preview:-1\" \/>\n<link rel=\"canonical\" href=\"https:\/\/www.mumablue.com\/blog\/cuentos-de-piratas-en-ingles-audiocuento\/\" \/>\n<meta property=\"og:locale\" content=\"es_ES\" \/>\n<meta property=\"og:type\" content=\"article\" \/>\n<meta property=\"og:title\" content=\"Cuentos de piratas en ingl\u00e9s para ni\u00f1os + audiocuento - Blog Mumablue\" \/>\n<meta property=\"og:description\" content=\"Echa un vistazo a estos cuentos de piratas en ingl\u00e9s, para leer online y escuchar en audiocuento. \u00a1As\u00ed los ni\u00f1os pueden practicar el listening!\" \/>\n<meta property=\"og:url\" content=\"https:\/\/www.mumablue.com\/blog\/cuentos-de-piratas-en-ingles-audiocuento\/\" \/>\n<meta property=\"og:site_name\" content=\"Blog Mumablue\" \/>\n<meta property=\"article:publisher\" content=\"https:\/\/www.facebook.com\/mumablue\/\" \/>\n<meta property=\"article:modified_time\" content=\"2025-06-03T07:38:21+00:00\" \/>\n<meta property=\"og:image\" content=\"https:\/\/www.mumablue.com\/blog\/wp-content\/uploads\/2022\/10\/Pirate-Misfortune_500.jpg\" \/>\n<meta name=\"twitter:card\" content=\"summary_large_image\" \/>\n<script type=\"application\/ld+json\" class=\"yoast-schema-graph\">{\"@context\":\"https:\/\/schema.org\",\"@graph\":[{\"@type\":\"Organization\",\"@id\":\"https:\/\/www.mumablue.com\/blog\/#organization\",\"name\":\"Mumablue\",\"url\":\"https:\/\/www.mumablue.com\/blog\/\",\"sameAs\":[\"https:\/\/www.facebook.com\/mumablue\/\",\"https:\/\/www.instagram.com\/mumablue\/?hl=es\"],\"logo\":{\"@type\":\"ImageObject\",\"@id\":\"https:\/\/www.mumablue.com\/blog\/#logo\",\"inLanguage\":\"es\",\"url\":\"https:\/\/www.mumablue.com\/blog\/wp-content\/uploads\/2020\/05\/Blog-Mumablue.png\",\"width\":749,\"height\":269,\"caption\":\"Mumablue\"},\"image\":{\"@id\":\"https:\/\/www.mumablue.com\/blog\/#logo\"}},{\"@type\":\"WebSite\",\"@id\":\"https:\/\/www.mumablue.com\/blog\/#website\",\"url\":\"https:\/\/www.mumablue.com\/blog\/\",\"name\":\"Blog Mumablue\",\"description\":\"Un blog de cuentos y audiocuentos gratis para ni\\u00f1os.\",\"publisher\":{\"@id\":\"https:\/\/www.mumablue.com\/blog\/#organization\"},\"potentialAction\":[{\"@type\":\"SearchAction\",\"target\":\"https:\/\/www.mumablue.com\/blog\/?s={search_term_string}\",\"query-input\":\"required name=search_term_string\"}],\"inLanguage\":\"es\"},{\"@type\":\"ImageObject\",\"@id\":\"https:\/\/www.mumablue.com\/blog\/cuentos-de-piratas-en-ingles-audiocuento\/#primaryimage\",\"inLanguage\":\"es\",\"url\":\"https:\/\/www.mumablue.com\/blog\/wp-content\/uploads\/2022\/10\/Pirate-Misfortune_500.jpg\",\"width\":500,\"height\":500,\"caption\":\"cuento de piratas en ingl\\u00e9s\"},{\"@type\":\"WebPage\",\"@id\":\"https:\/\/www.mumablue.com\/blog\/cuentos-de-piratas-en-ingles-audiocuento\/#webpage\",\"url\":\"https:\/\/www.mumablue.com\/blog\/cuentos-de-piratas-en-ingles-audiocuento\/\",\"name\":\"Cuentos de piratas en ingl\\u00e9s para ni\\u00f1os + audiocuento - Blog Mumablue\",\"isPartOf\":{\"@id\":\"https:\/\/www.mumablue.com\/blog\/#website\"},\"primaryImageOfPage\":{\"@id\":\"https:\/\/www.mumablue.com\/blog\/cuentos-de-piratas-en-ingles-audiocuento\/#primaryimage\"},\"datePublished\":\"2022-10-19T10:53:10+00:00\",\"dateModified\":\"2025-06-03T07:38:21+00:00\",\"description\":\"Echa un vistazo a estos cuentos de piratas en ingl\\u00e9s, para leer online y escuchar en audiocuento. \\u00a1As\\u00ed los ni\\u00f1os pueden practicar el listening!\",\"inLanguage\":\"es\",\"potentialAction\":[{\"@type\":\"ReadAction\",\"target\":[\"https:\/\/www.mumablue.com\/blog\/cuentos-de-piratas-en-ingles-audiocuento\/\"]}]}]}<\/script>\n<!-- \/ Yoast SEO plugin. -->","_links":{"self":[{"href":"https:\/\/www.mumablue.com\/blog\/wp-json\/wp\/v2\/pages\/6362"}],"collection":[{"href":"https:\/\/www.mumablue.com\/blog\/wp-json\/wp\/v2\/pages"}],"about":[{"href":"https:\/\/www.mumablue.com\/blog\/wp-json\/wp\/v2\/types\/page"}],"author":[{"embeddable":true,"href":"https:\/\/www.mumablue.com\/blog\/wp-json\/wp\/v2\/users\/6"}],"replies":[{"embeddable":true,"href":"https:\/\/www.mumablue.com\/blog\/wp-json\/wp\/v2\/comments?post=6362"}],"version-history":[{"count":7,"href":"https:\/\/www.mumablue.com\/blog\/wp-json\/wp\/v2\/pages\/6362\/revisions"}],"predecessor-version":[{"id":7634,"href":"https:\/\/www.mumablue.com\/blog\/wp-json\/wp\/v2\/pages\/6362\/revisions\/7634"}],"wp:attachment":[{"href":"https:\/\/www.mumablue.com\/blog\/wp-json\/wp\/v2\/media?parent=6362"}],"curies":[{"name":"wp","href":"https:\/\/api.w.org\/{rel}","templated":true}]}}