{"id":6297,"date":"2022-10-04T09:16:01","date_gmt":"2022-10-04T09:16:01","guid":{"rendered":"https:\/\/mumablue.com\/blog\/?page_id=6297"},"modified":"2025-06-03T07:48:41","modified_gmt":"2025-06-03T07:48:41","slug":"cuentos-de-animales-cortos-audiocuentos-gratis","status":"publish","type":"page","link":"https:\/\/www.mumablue.com\/blog\/cuentos-de-animales-cortos-audiocuentos-gratis\/","title":{"rendered":"Cuentos de animales cortos + audiocuentos gratis"},"content":{"rendered":"<p><img decoding=\"async\" loading=\"lazy\" class=\"alignnone size-full wp-image-6298\" src=\"https:\/\/www.mumablue.com\/blog\/wp-content\/uploads\/2022\/10\/Audiocuentos-de-animales-gratis.jpg\" alt=\"cuentos de animales cortos\" width=\"500\" height=\"500\" srcset=\"https:\/\/www.mumablue.com\/blog\/wp-content\/uploads\/2022\/10\/Audiocuentos-de-animales-gratis.jpg 500w, https:\/\/www.mumablue.com\/blog\/wp-content\/uploads\/2022\/10\/Audiocuentos-de-animales-gratis-300x300.jpg 300w, https:\/\/www.mumablue.com\/blog\/wp-content\/uploads\/2022\/10\/Audiocuentos-de-animales-gratis-150x150.jpg 150w\" sizes=\"(max-width: 500px) 100vw, 500px\" \/><\/p>\n<p>\u00bfBuscas cuentos de animales cortos, gratis y educativos? \u00a1Has llegado al sitio perfecto! A continuaci\u00f3n podr\u00e1s encontrar muchos de ellos, llenos de valores y \u00a1sorpresa!, con su propio audiocuento, de modo que t\u00fa mismo puedas elegir si <strong>se lo quieres leer a tu peque directamente o prefieres pon\u00e9rselo en versi\u00f3n para escuchar<\/strong>.<\/p>\n<p>Estos cuentos de animales cortos no tienen mucho que ver con las f\u00e1bulas tradicionales, no buscan transmitir una ense\u00f1anza a trav\u00e9s de una moraleja, sino que<strong> educan mediante una serie de valores subyacentes<\/strong> al relato muy f\u00e1ciles de asimilar por los ni\u00f1os. Es por eso que a pap\u00e1s y mam\u00e1s les gustan tanto o m\u00e1s que a sus propios peques.<\/p>\n<h2>Cuentos de animales cortos para leer o escuchar<\/h2>\n<p>\ud83d\udc36\u00a0<span style=\"color: #3366ff;\"><strong><a style=\"color: #3366ff;\" href=\"https:\/\/www.mumablue.com\/blog\/cuento-de-un-perro-ninos-audiocuento\/\" target=\"_blank\" rel=\"noopener noreferrer\">El perrito de la estaci\u00f3n<\/a><\/strong><\/span><\/p>\n<p>El peque\u00f1o Brinco se separ\u00f3 de su amito Tom\u00e9 cuando iban a tomar un tren. Han pasado varios a\u00f1os, pero Brinco a\u00fan sigue esperando en el and\u00e9n a que regrese. Este es un cuento corto de animales lleno de ternura, con final feliz, que transmite los valores de la amistad, la paciencia y la lealtad. <span style=\"color: #3366ff;\"><a style=\"color: #3366ff;\" href=\"https:\/\/www.mumablue.com\/blog\/cuento-de-un-perro-ninos-audiocuento\/\" target=\"_blank\" rel=\"noopener noreferrer\">Leer<\/a>.<\/span><\/p>\n<p><strong>\ud83d\udc3a\u00a0<\/strong><span style=\"color: #3366ff;\"><a style=\"color: #3366ff;\" href=\"https:\/\/www.mumablue.com\/blog\/cuento-del-lobo-feroz-diferente-y-muy-divertido\/\" target=\"_blank\" rel=\"noopener noreferrer\"><strong><span style=\"color: #3366ff;\">Don Lobo busca trabajo<\/span><\/strong><\/a><\/span><\/p>\n<p>El lobo feroz est\u00e1 harto de ser siempre el personaje malo de los cuentos, as\u00ed que acudir\u00e1 a la oficina de empleo en busca de un nuevo trabajo. Un relato teatralizado y lleno de humor que ense\u00f1a a no dejarse llevar por el qu\u00e9 dir\u00e1n y a ser fiel a uno mismo. <span style=\"color: #3366ff;\"><a style=\"color: #3366ff;\" href=\"https:\/\/www.mumablue.com\/blog\/cuento-del-lobo-feroz-diferente-y-muy-divertido\/\" target=\"_blank\" rel=\"noopener noreferrer\">Leer<\/a><\/span>.<\/p>\n<p><strong>\ud83d\udc27\u00a0<\/strong><span style=\"color: #3366ff;\"><a style=\"color: #3366ff;\" href=\"https:\/\/www.mumablue.com\/blog\/cuento-de-animales-para-leer-a-los-ninos\/\" target=\"_blank\" rel=\"noopener noreferrer\"><strong><span style=\"color: #3366ff;\">El viaje de Ping\u00fci<\/span><\/strong><\/a><\/span><\/p>\n<p>Harta de que todo lo que le rodea sea blanco y Azul, una peque\u00f1a ping\u00fcina decide abandonar su casa en la Ant\u00e1rtida y viajar en busca de El Mundo de Colores. Por el camino conocer\u00e1 otros animales que le hablar\u00e1n de sus viajes. Un cuento que pone en valor la curiosidad infantil, la necesidad de explorar, pero tambi\u00e9n la importancia del arraigo y la familia. <span style=\"color: #3366ff;\"><a style=\"color: #3366ff;\" href=\"https:\/\/www.mumablue.com\/blog\/cuento-de-animales-para-leer-a-los-ninos\/\" target=\"_blank\" rel=\"noopener noreferrer\">Leer<\/a><\/span>.<\/p>\n<p>\ud83d\udc3b\u00a0<strong><span style=\"color: #3366ff;\"><a style=\"color: #3366ff;\" href=\"https:\/\/www.mumablue.com\/blog\/cuento-contra-el-bullying-audiocuento-gratis\/\" target=\"_blank\" rel=\"noopener noreferrer\">Aventuras en Alaska<\/a><\/span>\u00a0<\/strong><\/p>\n<p>Son vacaciones de verano y el ni\u00f1o protagonista regresa a su caba\u00f1a de veraneo. Al reencontrarse con sus amigos los osos descubrir\u00e1 que Sam ha sido excluido del grupo. Este es uno de los cuentos de animales cortos que lucha contra el bullying a trav\u00e9s de los valores de la amistad y el respeto <a href=\"https:\/\/www.mumablue.com\/blog\/cuento-contra-el-bullying-audiocuento-gratis\/\" target=\"_blank\" rel=\"noopener noreferrer\"><span style=\"color: #3366ff;\">Leer<\/span><\/a>.<\/p>\n<h4><strong>\ud83d\ude80 <a href=\"https:\/\/www.mumablue.com\/blog\/cuento-del-universo-para-leer-aprender\/\" target=\"_blank\" rel=\"noopener noreferrer\"><span style=\"color: #3366ff;\">La estrella de mar que viaj\u00f3 al Espacio<\/span><\/a><\/strong><\/h4>\n<p>\u00c9rase una vez una estrella de mar que quer\u00eda ser una estrella del cielo, viajar por el universo y conocer a sus antepasados celestes. En este cuento se pone de relieve la importancia de conocer los or\u00edgenes, la necesidad de explorar otros lugares, as\u00ed como valorar la realizad que nos ha tocado vivir. <a href=\"https:\/\/www.mumablue.com\/blog\/cuento-del-universo-para-leer-aprender\/\" target=\"_blank\" rel=\"noopener noreferrer\"><span style=\"color: #3366ff;\">Leer<\/span><\/a>.<\/p>\n<h4><strong>\ud83e\udd84\u00a0<span style=\"color: #3366ff;\"><a style=\"color: #3366ff;\" href=\"https:\/\/www.mumablue.com\/blog\/cuento-de-unicornios-para-leer\/\" target=\"_blank\" rel=\"noopener noreferrer\">Al unicornio se le ha ca\u00eddo su cuerno de leche<\/a><\/span><\/strong><\/h4>\n<p>El peque\u00f1o unicornio tiene una gran preocupaci\u00f3n: a todos sus amigos se les ha ca\u00eddo el cuerno de leche y lucen ya bonitos cuernos permanentes, pero a \u00e9l no Este es uno de esos cuentos de animales cortos que buscan la identificaci\u00f3n con el ni\u00f1o y ense\u00f1a el valor de la paciencia. <span style=\"color: #3366ff;\"><a style=\"color: #3366ff;\" href=\"https:\/\/www.mumablue.com\/blog\/cuento-de-unicornios-para-leer\/\" target=\"_blank\" rel=\"noopener noreferrer\">Leer<\/a>.<\/span><\/p>\n<p><strong><a href=\"https:\/\/www.mumablue.com\/blog\/cuento-con-moraleja-para-leer-a-los-ninos\/\" target=\"_blank\" rel=\"noopener noreferrer\">\ud83e\udd80 <span style=\"color: #3366ff;\">El cangrejito manco<\/span><\/a><\/strong><\/p>\n<p>El peque\u00f1o cangrejo perdi\u00f3 una de sus pinzas cuando un cangrejo abus\u00f3n se la retorci\u00f3 en el colegio. Sin embargo, este problema acabar\u00e1 convirti\u00e9ndose en una ventaja. Este es un cuento que pone de relieve el problema del bullying y que ense\u00f1a que los abusones siempre acaban recibiendo su merecido. <span style=\"color: #3366ff;\"><a style=\"color: #3366ff;\" href=\"https:\/\/www.mumablue.com\/blog\/cuento-con-moraleja-para-leer-a-los-ninos\/\" target=\"_blank\" rel=\"noopener noreferrer\">Leer.<\/a><\/span><\/p>\n<h4>\ud83d\udc36 <span style=\"color: #3366ff;\"><a style=\"color: #3366ff;\" href=\"https:\/\/www.mumablue.com\/blog\/cuento-sobre-la-muerte-de-una-mascota-para-ninos\/\" target=\"_blank\" rel=\"noopener noreferrer\">Polvo de estrellas<\/a><\/span><\/h4>\n<p>Un cuento de animales que aborda la muerte de una mascota de manera sutil e indirecta y explican que cuando los animales de compa\u00f1\u00eda se hacen mayores se van a vivir a un jard\u00edn m\u00e1gico en el que todo vuelve a ser posible. <span style=\"color: #3366ff;\"><a style=\"color: #3366ff;\" href=\"https:\/\/www.mumablue.com\/blog\/cuento-sobre-la-muerte-de-una-mascota-para-ninos\/\" target=\"_blank\" rel=\"noopener noreferrer\">Leer<\/a>.<\/span><\/p>\n<p><strong>\ud83c\udf0a\u00a0<span style=\"color: #3366ff;\"><a style=\"color: #3366ff;\" href=\"https:\/\/www.mumablue.com\/blog\/cuento-para-superar-el-miedo-audiocuento-gratis\/\" target=\"_blank\" rel=\"noopener noreferrer\">Burbujas<\/a><\/span><\/strong><\/p>\n<p>El peque\u00f1o protagonista de esta historia conocer\u00e1 a Marena, una simp\u00e1tica tortuguita marina. Juntos aprender\u00e1n a superar sus miedos y descubrir\u00e1n lugares maravillosos. Un cuento que pone en valor la amistad, la confianza y la necesidad de superar los temores que no so reales.\u00a0 <a href=\"https:\/\/www.mumablue.com\/blog\/cuento-para-superar-el-miedo-audiocuento-gratis\/\" target=\"_blank\" rel=\"noopener noreferrer\"><span style=\"color: #3366ff;\">Leer.<\/span><\/a><\/p>\n<h4><strong>\ud83d\udc0d <span style=\"color: #3366ff;\"><a style=\"color: #3366ff;\" href=\"https:\/\/www.mumablue.com\/blog\/cuento-de-hermanos-grimm-poco-conocido\/\" target=\"_blank\" rel=\"noopener noreferrer\">La serpiente blanca (Hermanos Grimm)<\/a><\/span><\/strong><\/h4>\n<p>Versi\u00f3n del poco conocido cuento de los Hermanos Grimm en el que un sirviente se convertir\u00e1 en rey gracias a que, por su bondad, recibe el don de poder hablar con los animales. Un relato cl\u00e1sico adaptado a un lenguaje m\u00e1s contempor\u00e1neo que habla de c\u00f3mo acabamos recibiendo lo que damos a los dem\u00e1s. <span style=\"color: #3366ff;\"><a style=\"color: #3366ff;\" href=\"https:\/\/www.mumablue.com\/blog\/cuento-de-hermanos-grimm-poco-conocido\/\" target=\"_blank\" rel=\"noopener noreferrer\">Leer<\/a><\/span>.<\/p>\n<h4><strong>\ud83d\udc33 <span style=\"color: #3366ff;\"><a style=\"color: #3366ff;\" href=\"https:\/\/www.mumablue.com\/blog\/cuento-de-ecologia-para-leer-a-los-ninos\/\">Unas extra\u00f1as medusas<\/a><\/span><\/strong><\/h4>\n<p>Todos los peces de Fondo Coral se est\u00e1n poniendo muy enfermos y no se sabe por qu\u00e9. Se sospecha que es culpa de unas nuevas medusas, pero en realidad se trata de pl\u00e1sticos que est\u00e1n asfixiando el mar. Este es uno de los cuentos de animales cortos que mejor aborda el problema medioambiental. <span style=\"color: #3366ff;\"><a style=\"color: #3366ff;\" href=\"https:\/\/www.mumablue.com\/blog\/cuento-de-ecologia-para-leer-a-los-ninos\/\" target=\"_blank\" rel=\"noopener noreferrer\">Leer<\/a><\/span>.<\/p>\n<h2>Cuentos de insectos para leer y escuchar<\/h2>\n<p><strong>\ud83c\udfaa<span style=\"color: #3366ff;\">\u00a0<\/span><\/strong><span style=\"color: #3366ff;\"><a style=\"color: #3366ff;\" href=\"https:\/\/www.mumablue.com\/blog\/cuento-del-circo-para-ninos-audiocuento-gratis\/\" target=\"_blank\" rel=\"noopener noreferrer\"><strong><span style=\"color: #3366ff;\">La domadora de hormigas<\/span><\/strong><\/a><\/span><\/p>\n<p>La ni\u00f1a protagonista sue\u00f1a con convertirse en una domadora de hormigas. Pronto conocer\u00e1 a un misterioso personajes que le ense\u00f1ar\u00e1 el aut\u00e9ntico secreto. Este relato habla de lo valiosa que es la confianza en uno mismo y ense\u00f1a a no rendirse. <span style=\"color: #3366ff;\"><a style=\"color: #3366ff;\" href=\"https:\/\/www.mumablue.com\/blog\/cuento-del-circo-para-ninos-audiocuento-gratis\/\" target=\"_blank\" rel=\"noopener noreferrer\">Leer<\/a>.<\/span><\/p>\n<h4><strong>\ud83e\udd8b\u00a0<span style=\"color: #3366ff;\"><a style=\"color: #3366ff;\" href=\"https:\/\/www.mumablue.com\/blog\/cuento-con-valores-para-leer\/\" target=\"_blank\" rel=\"noopener noreferrer\">La mariposa de los hielos<\/a><\/span><\/strong><\/h4>\n<p>A pesar de ser una preciosa mariposa como hecha de cristal, todos los insectos la rechazan por el mero hecho de ser diferente. Esto ser\u00e1 as\u00ed hasta que una vieja oruga desvele que se trata de una criatura especial con una importante misi\u00f3n. Este cuento ense\u00f1a a no rechazar al diferente. <span style=\"color: #3366ff;\"><a style=\"color: #3366ff;\" href=\"https:\/\/www.mumablue.com\/blog\/cuento-con-valores-para-leer\/\" target=\"_blank\" rel=\"noopener noreferrer\">Leer<\/a>.<\/span><\/p>\n<p><strong>\ud83d\udc0c <span style=\"color: #3366ff;\"><a style=\"color: #3366ff;\" href=\"https:\/\/www.mumablue.com\/blog\/cuento-de-un-caracol-para-ninos\/\" target=\"_blank\" rel=\"noopener noreferrer\">El caracol atrapado en el tiempo<\/a>\u00a0<\/span><\/strong><\/p>\n<p>Floppy es un peque\u00f1o caracol que sue\u00f1a con llegar m\u00e1s all\u00e1 del trozo de jard\u00edn en el que vive, pero cada vez que se pone en camino sucede algo muy extra\u00f1o \u00a1Es como si estuviera atrapado en el tiempo! Este cuento ense\u00f1a que las apariencias enga\u00f1an y anima a hacer frente a las adversidades para cambiar el destino. <span style=\"color: #3366ff;\"><a style=\"color: #3366ff;\" href=\"https:\/\/www.mumablue.com\/blog\/cuento-de-un-caracol-para-ninos\/\" target=\"_blank\" rel=\"noopener noreferrer\">Leer<\/a><\/span>.<\/p>\n<h2>Poemas de animales cortos y educativos<\/h2>\n<p>\ud83c\udf3e<span style=\"color: #3366ff;\">\u00a0<a style=\"color: #3366ff;\" href=\"https:\/\/www.mumablue.com\/blog\/poema-con-aliteracion-para-ninos-audiocuento\/\" target=\"_blank\" rel=\"noopener noreferrer\"><strong><span style=\"color: #3366ff;\">El baile de la lib\u00e9lula<\/span><\/strong><\/a><\/span><strong>\u00a0<\/strong><\/p>\n<p>En esta poes\u00eda se ense\u00f1a a los ni\u00f1os en qu\u00e9 consiste la figura ret\u00f3rica de la aliteraci\u00f3n. Se trata de un poema lleno de musicalidad para leer con los ni\u00f1os y que tambi\u00e9n se puede escuchar en versi\u00f3n de audio, ambientada con m\u00fasica de Chopin.<span style=\"color: #3366ff;\"> <a style=\"color: #3366ff;\" href=\"https:\/\/www.mumablue.com\/blog\/poema-con-aliteracion-para-ninos-audiocuento\/\" target=\"_blank\" rel=\"noopener noreferrer\">Leer<\/a><\/span>.<\/p>\n<h4><strong>\ud83d\udc09 <a href=\"https:\/\/www.mumablue.com\/blog\/poema-de-humor-para-ninos\/\" target=\"_blank\" rel=\"noopener noreferrer\"><span style=\"color: #3366ff;\">\u00a1He capturado un drag\u00f3n!<\/span><\/a><\/strong><\/h4>\n<p>Todos los ni\u00f1os estar\u00edan encantados de tener un drag\u00f3n. En este bonito poema, a trav\u00e9s de versos llenos de valores, se explica todo lo necesario para lograr atrapar un precioso drag\u00f3n. <a href=\"https:\/\/www.mumablue.com\/blog\/poema-de-humor-para-ninos\/\" target=\"_blank\" rel=\"noopener noreferrer\">Leer<\/a>.<\/p>\n<p><strong>\ud83d\udc37 <\/strong><span style=\"color: #3366ff;\"><a style=\"color: #3366ff;\" href=\"https:\/\/www.mumablue.com\/blog\/poesia-animales-de-la-granja-divertida-y-original\/\" target=\"_blank\" rel=\"noopener noreferrer\"><strong><span style=\"color: #3366ff;\">La Granja Majareta<\/span><\/strong><\/a><\/span><\/p>\n<p>Esta poes\u00eda sobre animales de la granja es para partirse de risa. Los ni\u00f1os m\u00e1s peques aprender\u00e1n los animales a trav\u00e9s de unos versos muy divertidos. Adem\u00e1s, incluye la versi\u00f3n para escuchar con los sonidos de los diferentes animales. <span style=\"color: #3366ff;\"><a style=\"color: #3366ff;\" href=\"https:\/\/www.mumablue.com\/blog\/poesia-animales-de-la-granja-divertida-y-original\/\">Leer<\/a><\/span>.<\/p>\n<h2>Cuentos de animales cortos personalizados<\/h2>\n<p>Si te han gustado nuestros cuentos, pero quieres ir un paso m\u00e1s all\u00e1, te recomendamos que eches un vistazo a estos <span style=\"color: #3366ff;\"><a style=\"color: #3366ff;\" href=\"https:\/\/www.mumablue.com\/?utm_source=blog&amp;utm_medium=link&amp;utm_campaign=p\u00e1ginas-audiocuentos&amp;utm_content=cuentos-animales-cortos\" target=\"_blank\" rel=\"noopener noreferrer\">cuentos personalizados<\/a><\/span>. Aventuras en Alaska y Burbujas, que has podido ver m\u00e1s arriba, son dos de los relatos que tienen como protagonistas a los animales, a un oso y una tortuga marina, respectivamente. <strong>Tu peque podr\u00e1 protagonizar las historias en primera persona junto a ellos. <\/strong><\/p>\n<p>Pero no son los \u00fanicos: si a tu peque le gustan los unicornios, disfrutar\u00e1 con cuentos como \u00abEl Reino de Miri\u00f1\u00e1n\u00bb o \u00abAtrapa una estrella\u00bb. En \u00abChucheritis\u00bb dos peques de tu elecci\u00f3n protagonizar\u00e1n una aventura emocionante junto a una simp\u00e1tica ardilla. Y<strong> si quieres que viva una experiencia lectora aut\u00e9nticamente inmersiva<\/strong>, te recomendamos \u00abEl misterio del ratoncito P\u00e9rez\u00bb, el \u00fanico cuento personalizado del mundo tipo \u00abelige tu propia aventura\u00bb, as\u00ed tu peque no s\u00f3lo portagonizar\u00e1 la historia con su nombre y una ilustraci\u00f3n que lo representa f\u00edsicamente, sino que se har\u00e1 due\u00f1o del relato.<\/p>\n<div style='text-align:left' class='yasr-auto-insert-visitor'><\/div>","protected":false},"excerpt":{"rendered":"<p>\u00bfBuscas cuentos de animales cortos, gratis y educativos? \u00a1Has llegado al sitio perfecto! A continuaci\u00f3n podr\u00e1s encontrar muchos de ellos, llenos de valores y \u00a1sorpresa!, con su propio audiocuento, de modo que t\u00fa mismo puedas elegir si se lo quieres leer a tu peque directamente o prefieres pon\u00e9rselo en versi\u00f3n para escuchar. Estos cuentos de [&hellip;]<\/p>\n","protected":false},"author":6,"featured_media":0,"parent":0,"menu_order":0,"comment_status":"closed","ping_status":"closed","template":"","meta":{"yasr_overall_rating":0,"yasr_post_is_review":"","yasr_auto_insert_disabled":"","yasr_review_type":""},"yasr_visitor_votes":{"number_of_votes":11,"sum_votes":50,"stars_attributes":{"read_only":false,"span_bottom":false}},"yoast_head":"<!-- This site is optimized with the Yoast SEO plugin v14.5 - https:\/\/yoast.com\/wordpress\/plugins\/seo\/ -->\n<meta name=\"description\" content=\"Accede totalmente gratis a los mejores cuentos de animales cortos. Relatos in\u00e9ditos y llenos de valores necesarios en la actualidad. \u00a1Incluyen audiocuentos!\" \/>\n<meta name=\"robots\" content=\"index, follow\" \/>\n<meta name=\"googlebot\" content=\"index, follow, max-snippet:-1, max-image-preview:large, max-video-preview:-1\" \/>\n<meta name=\"bingbot\" content=\"index, follow, max-snippet:-1, max-image-preview:large, max-video-preview:-1\" \/>\n<link rel=\"canonical\" href=\"https:\/\/www.mumablue.com\/blog\/cuentos-de-animales-cortos-audiocuentos-gratis\/\" \/>\n<meta property=\"og:locale\" content=\"es_ES\" \/>\n<meta property=\"og:type\" content=\"article\" \/>\n<meta property=\"og:title\" content=\"Cuentos de animales cortos + audiocuentos gratis - Blog Mumablue\" \/>\n<meta property=\"og:description\" content=\"Accede totalmente gratis a los mejores cuentos de animales cortos. Relatos in\u00e9ditos y llenos de valores necesarios en la actualidad. \u00a1Incluyen audiocuentos!\" \/>\n<meta property=\"og:url\" content=\"https:\/\/www.mumablue.com\/blog\/cuentos-de-animales-cortos-audiocuentos-gratis\/\" \/>\n<meta property=\"og:site_name\" content=\"Blog Mumablue\" \/>\n<meta property=\"article:publisher\" content=\"https:\/\/www.facebook.com\/mumablue\/\" \/>\n<meta property=\"article:modified_time\" content=\"2025-06-03T07:48:41+00:00\" \/>\n<meta property=\"og:image\" content=\"https:\/\/www.mumablue.com\/blog\/wp-content\/uploads\/2022\/10\/Audiocuentos-de-animales-gratis.jpg\" \/>\n<meta name=\"twitter:card\" content=\"summary_large_image\" \/>\n<script type=\"application\/ld+json\" class=\"yoast-schema-graph\">{\"@context\":\"https:\/\/schema.org\",\"@graph\":[{\"@type\":\"Organization\",\"@id\":\"https:\/\/www.mumablue.com\/blog\/#organization\",\"name\":\"Mumablue\",\"url\":\"https:\/\/www.mumablue.com\/blog\/\",\"sameAs\":[\"https:\/\/www.facebook.com\/mumablue\/\",\"https:\/\/www.instagram.com\/mumablue\/?hl=es\"],\"logo\":{\"@type\":\"ImageObject\",\"@id\":\"https:\/\/www.mumablue.com\/blog\/#logo\",\"inLanguage\":\"es\",\"url\":\"https:\/\/www.mumablue.com\/blog\/wp-content\/uploads\/2020\/05\/Blog-Mumablue.png\",\"width\":749,\"height\":269,\"caption\":\"Mumablue\"},\"image\":{\"@id\":\"https:\/\/www.mumablue.com\/blog\/#logo\"}},{\"@type\":\"WebSite\",\"@id\":\"https:\/\/www.mumablue.com\/blog\/#website\",\"url\":\"https:\/\/www.mumablue.com\/blog\/\",\"name\":\"Blog Mumablue\",\"description\":\"Un blog de cuentos y audiocuentos gratis para ni\\u00f1os.\",\"publisher\":{\"@id\":\"https:\/\/www.mumablue.com\/blog\/#organization\"},\"potentialAction\":[{\"@type\":\"SearchAction\",\"target\":\"https:\/\/www.mumablue.com\/blog\/?s={search_term_string}\",\"query-input\":\"required name=search_term_string\"}],\"inLanguage\":\"es\"},{\"@type\":\"ImageObject\",\"@id\":\"https:\/\/www.mumablue.com\/blog\/cuentos-de-animales-cortos-audiocuentos-gratis\/#primaryimage\",\"inLanguage\":\"es\",\"url\":\"https:\/\/www.mumablue.com\/blog\/wp-content\/uploads\/2022\/10\/Audiocuentos-de-animales-gratis.jpg\",\"width\":500,\"height\":500,\"caption\":\"cuentos de animales cortos\"},{\"@type\":\"WebPage\",\"@id\":\"https:\/\/www.mumablue.com\/blog\/cuentos-de-animales-cortos-audiocuentos-gratis\/#webpage\",\"url\":\"https:\/\/www.mumablue.com\/blog\/cuentos-de-animales-cortos-audiocuentos-gratis\/\",\"name\":\"Cuentos de animales cortos + audiocuentos gratis - Blog Mumablue\",\"isPartOf\":{\"@id\":\"https:\/\/www.mumablue.com\/blog\/#website\"},\"primaryImageOfPage\":{\"@id\":\"https:\/\/www.mumablue.com\/blog\/cuentos-de-animales-cortos-audiocuentos-gratis\/#primaryimage\"},\"datePublished\":\"2022-10-04T09:16:01+00:00\",\"dateModified\":\"2025-06-03T07:48:41+00:00\",\"description\":\"Accede totalmente gratis a los mejores cuentos de animales cortos. Relatos in\\u00e9ditos y llenos de valores necesarios en la actualidad. \\u00a1Incluyen audiocuentos!\",\"inLanguage\":\"es\",\"potentialAction\":[{\"@type\":\"ReadAction\",\"target\":[\"https:\/\/www.mumablue.com\/blog\/cuentos-de-animales-cortos-audiocuentos-gratis\/\"]}]}]}<\/script>\n<!-- \/ Yoast SEO plugin. -->","_links":{"self":[{"href":"https:\/\/www.mumablue.com\/blog\/wp-json\/wp\/v2\/pages\/6297"}],"collection":[{"href":"https:\/\/www.mumablue.com\/blog\/wp-json\/wp\/v2\/pages"}],"about":[{"href":"https:\/\/www.mumablue.com\/blog\/wp-json\/wp\/v2\/types\/page"}],"author":[{"embeddable":true,"href":"https:\/\/www.mumablue.com\/blog\/wp-json\/wp\/v2\/users\/6"}],"replies":[{"embeddable":true,"href":"https:\/\/www.mumablue.com\/blog\/wp-json\/wp\/v2\/comments?post=6297"}],"version-history":[{"count":2,"href":"https:\/\/www.mumablue.com\/blog\/wp-json\/wp\/v2\/pages\/6297\/revisions"}],"predecessor-version":[{"id":7641,"href":"https:\/\/www.mumablue.com\/blog\/wp-json\/wp\/v2\/pages\/6297\/revisions\/7641"}],"wp:attachment":[{"href":"https:\/\/www.mumablue.com\/blog\/wp-json\/wp\/v2\/media?parent=6297"}],"curies":[{"name":"wp","href":"https:\/\/api.w.org\/{rel}","templated":true}]}}