{"id":6121,"date":"2023-05-10T09:10:49","date_gmt":"2023-05-10T09:10:49","guid":{"rendered":"https:\/\/mumablue.com\/blog\/?page_id=6121"},"modified":"2023-05-10T09:50:04","modified_gmt":"2023-05-10T09:50:04","slug":"especial-caperucita-rebelde-la-saga-de-audiocuentos-mas-divertida","status":"publish","type":"page","link":"https:\/\/www.mumablue.com\/blog\/especial-caperucita-rebelde-la-saga-de-audiocuentos-mas-divertida\/","title":{"rendered":"Especial Caperucita Rebelde: la saga de audiocuentos m\u00e1s divertida"},"content":{"rendered":"<p><strong><img decoding=\"async\" loading=\"lazy\" class=\"alignnone size-full wp-image-6123\" src=\"https:\/\/www.mumablue.com\/blog\/wp-content\/uploads\/2022\/08\/ESPECIAL-Caperucita-Rebelde-2.jpg\" alt=\"Especial Caperucita Rebelde\" width=\"500\" height=\"500\" srcset=\"https:\/\/www.mumablue.com\/blog\/wp-content\/uploads\/2022\/08\/ESPECIAL-Caperucita-Rebelde-2.jpg 500w, https:\/\/www.mumablue.com\/blog\/wp-content\/uploads\/2022\/08\/ESPECIAL-Caperucita-Rebelde-2-300x300.jpg 300w, https:\/\/www.mumablue.com\/blog\/wp-content\/uploads\/2022\/08\/ESPECIAL-Caperucita-Rebelde-2-150x150.jpg 150w\" sizes=\"(max-width: 500px) 100vw, 500px\" \/><\/strong><\/p>\n<p>Si has llegado hasta aqu\u00ed, seguro que es porque est\u00e1s buscando audiocuentos de Caperucita Roja. Si es as\u00ed, debes saber que nuestra propuesta va mucho m\u00e1s all\u00e1: <strong>hemos partido de la protagonista de cuento m\u00e1s famosa e internacional<\/strong>, dot\u00e1ndola de personalidad y convirti\u00e9ndola en due\u00f1a no solo de su cuento, sino de otros cuentos cl\u00e1sicos muy conocidos.<\/p>\n<p><strong>Caperucita est\u00e1 harta de su historia<\/strong>, cree que es antigua, est\u00e1 obsoleta y, lo m\u00e1s importante, implica demasiados disgustos. Un buen d\u00eda,<strong> decide rebelarse contra la narradora del cuento<\/strong> y toma las riendas de su propio relato. El lobo feroz y la abuelita se mostrar\u00e1n de acuerdo con esta decisi\u00f3n, cansados de llevar siglos soportando las mismas desgracias una y otra vez.<\/p>\n<p>El plan de Caperucita sale tan bien que <strong>decide intervenir en otros relatos para mejorar la historia y la suerte de sus protagonistas<\/strong>. As\u00ed, Caperucita Rebelde transitar\u00e1 por El Pa\u00eds de las Maravillas o ayudar\u00e1 a Cenicienta a plantarle cara a sus odiosas hermanastras.<\/p>\n<p><strong>\u00bfY qu\u00e9 fue del lobo feroz?<\/strong> \u00c9l tambi\u00e9n protagoniza una historia en la que toma las riendas de su destino. Os dejamos los audiocuentos de Caperucita Roja (Ahora ya Caperucita Rebelde) a continuaci\u00f3n. \u00a1Tu peque y t\u00fa os partir\u00e9is de risa!<\/p>\n<h2>Audiocuentos de Caperucita Roja: m\u00e1s all\u00e1 del cuento cl\u00e1sico<\/h2>\n<div id=\"buzzsprout-player-6395023\"><\/div>\n<p><script src=\"https:\/\/www.buzzsprout.com\/937792\/6395023-caperucita-rebelde.js?container_id=buzzsprout-player-6395023&#038;player=small\" type=\"text\/javascript\" charset=\"utf-8\"><\/script><\/p>\n<div id=\"buzzsprout-player-9307771\"><\/div>\n<p><script src=\"https:\/\/www.buzzsprout.com\/937792\/9307771-caperucita-rebelde-en-el-pais-de-las-maravillas.js?container_id=buzzsprout-player-9307771&#038;player=small\" type=\"text\/javascript\" charset=\"utf-8\"><\/script><\/p>\n<div id=\"buzzsprout-player-10784038\"><\/div>\n<p><script src=\"https:\/\/www.buzzsprout.com\/937792\/10784038-caperucita-rebelde-y-cenicienta.js?container_id=buzzsprout-player-10784038&#038;player=small\" type=\"text\/javascript\" charset=\"utf-8\"><\/script><\/p>\n<div id=\"buzzsprout-player-8405467\"><\/div>\n<p><script src=\"https:\/\/www.buzzsprout.com\/937792\/8405467-don-lobo-busca-trabajo.js?container_id=buzzsprout-player-8405467&#038;player=small\" type=\"text\/javascript\" charset=\"utf-8\"><\/script><\/p>\n<p>Los audiocuentos de Caperucita Roja son unos de los m\u00e1s buscados. Muchos padres rescatan este cl\u00e1sico de la literatura infantil para transmit\u00edrselo a sus peques. Sin embargo, aunque est\u00e1 muy bien conocer la literatura de los cuentos cl\u00e1sicos, lo cierto es que <strong>el relato no sigue una l\u00ednea educativa muy actual<\/strong>.<\/p>\n<p>En el pasado, los cuentos cl\u00e1sicos se dotaban de una moraleja y transmit\u00edan una ense\u00f1anza a trav\u00e9s del miedo. Hoy en d\u00eda, la educaci\u00f3n a trav\u00e9s de los cuentos est\u00e1 m\u00e1s <strong>basada en valores y desde un punto de vista positivo<\/strong>, mediante la trasposici\u00f3n o referentes actuales a la realidad de los ni\u00f1os hoy en d\u00eda. Es por eso que los audiocuentos de Caperucita Roja, aunque son muchos, siempre recogen la misma versi\u00f3n, un relato que no es acorde con los tiempos ni supone una herramienta educativa de utilidad en la actualidad.<\/p>\n<h2>Audiocuentos de Caperucita Rebelde que fomentan valores actuales<\/h2>\n<p>A trav\u00e9s de nuestros audiocuentos de Caperucita Rebelde, hemos recuperado al personaje, pero lo hemos dotado de una personalidad m\u00e1s cercana a los valores educativos actuales. La coletilla \u00abrebelde\u00bb no se refiere a que nuestra peque\u00f1a protagonista sea una ni\u00f1a d\u00edscola en relaci\u00f3n a los suyos, sino que esa rebeli\u00f3n se produce contra la narradora de <strong>un cuento que la ni\u00f1a considera anticuado y cruel. <\/strong><\/p>\n<p>As\u00ed, estos audiocuentos de Caperucita fomentan la disconformidad con lo establecido desde la capacidad cr\u00edtica, <strong>el empoderamiento de la ni\u00f1a frente a lo que no le parece justo<\/strong> y la defensa de unos valores basados en la independencia de lo impuesto. Sin duda una propuesta mucho m\u00e1s actual que ya empieza a calar en el imaginario colectivo infantil y en el modo en el que los padres educan a sus hijos para que sepan afrontar los retos del mundo actual.<\/p>\n<p>\u00bfTe han gustado? \u00a1Echa una oreja a estos <a href=\"https:\/\/www.mumablue.com\/blog\/audiocuentos-de-humor\/\" target=\"_blank\" rel=\"noopener noreferrer\"><span style=\"color: #3366ff;\">audiocuentos de humor<\/span><\/a>! \u00a1Y no olvides compartirlos con otros pap\u00e1s y mam\u00e1s!<\/p>\n<p>&nbsp;<\/p>\n<div style='text-align:left' class='yasr-auto-insert-visitor'><\/div>","protected":false},"excerpt":{"rendered":"<p>Si has llegado hasta aqu\u00ed, seguro que es porque est\u00e1s buscando audiocuentos de Caperucita Roja. Si es as\u00ed, debes saber que nuestra propuesta va mucho m\u00e1s all\u00e1: hemos partido de la protagonista de cuento m\u00e1s famosa e internacional, dot\u00e1ndola de personalidad y convirti\u00e9ndola en due\u00f1a no solo de su cuento, sino de otros cuentos cl\u00e1sicos [&hellip;]<\/p>\n","protected":false},"author":6,"featured_media":0,"parent":0,"menu_order":0,"comment_status":"closed","ping_status":"closed","template":"","meta":{"yasr_overall_rating":0,"yasr_post_is_review":"","yasr_auto_insert_disabled":"","yasr_review_type":"BlogPosting"},"yasr_visitor_votes":{"number_of_votes":60,"sum_votes":279,"stars_attributes":{"read_only":false,"span_bottom":false}},"yoast_head":"<!-- This site is optimized with the Yoast SEO plugin v14.5 - https:\/\/yoast.com\/wordpress\/plugins\/seo\/ -->\n<meta name=\"robots\" content=\"index, follow\" \/>\n<meta name=\"googlebot\" content=\"index, follow, max-snippet:-1, max-image-preview:large, max-video-preview:-1\" \/>\n<meta name=\"bingbot\" content=\"index, follow, max-snippet:-1, max-image-preview:large, max-video-preview:-1\" \/>\n<link rel=\"canonical\" href=\"https:\/\/www.mumablue.com\/blog\/especial-caperucita-rebelde-la-saga-de-audiocuentos-mas-divertida\/\" \/>\n<meta property=\"og:locale\" content=\"es_ES\" \/>\n<meta property=\"og:type\" content=\"article\" \/>\n<meta property=\"og:title\" content=\"Especial Caperucita Rebelde: la saga de audiocuentos m\u00e1s divertida - Blog Mumablue\" \/>\n<meta property=\"og:description\" content=\"Si has llegado hasta aqu\u00ed, seguro que es porque est\u00e1s buscando audiocuentos de Caperucita Roja. Si es as\u00ed, debes saber que nuestra propuesta va mucho m\u00e1s all\u00e1: hemos partido de la protagonista de cuento m\u00e1s famosa e internacional, dot\u00e1ndola de personalidad y convirti\u00e9ndola en due\u00f1a no solo de su cuento, sino de otros cuentos cl\u00e1sicos [&hellip;]\" \/>\n<meta property=\"og:url\" content=\"https:\/\/www.mumablue.com\/blog\/especial-caperucita-rebelde-la-saga-de-audiocuentos-mas-divertida\/\" \/>\n<meta property=\"og:site_name\" content=\"Blog Mumablue\" \/>\n<meta property=\"article:publisher\" content=\"https:\/\/www.facebook.com\/mumablue\/\" \/>\n<meta property=\"article:modified_time\" content=\"2023-05-10T09:50:04+00:00\" \/>\n<meta property=\"og:image\" content=\"https:\/\/www.mumablue.com\/blog\/wp-content\/uploads\/2022\/08\/ESPECIAL-Caperucita-Rebelde-2.jpg\" \/>\n<meta name=\"twitter:card\" content=\"summary_large_image\" \/>\n<script type=\"application\/ld+json\" class=\"yoast-schema-graph\">{\"@context\":\"https:\/\/schema.org\",\"@graph\":[{\"@type\":\"Organization\",\"@id\":\"https:\/\/www.mumablue.com\/blog\/#organization\",\"name\":\"Mumablue\",\"url\":\"https:\/\/www.mumablue.com\/blog\/\",\"sameAs\":[\"https:\/\/www.facebook.com\/mumablue\/\",\"https:\/\/www.instagram.com\/mumablue\/?hl=es\"],\"logo\":{\"@type\":\"ImageObject\",\"@id\":\"https:\/\/www.mumablue.com\/blog\/#logo\",\"inLanguage\":\"es\",\"url\":\"https:\/\/www.mumablue.com\/blog\/wp-content\/uploads\/2020\/05\/Blog-Mumablue.png\",\"width\":749,\"height\":269,\"caption\":\"Mumablue\"},\"image\":{\"@id\":\"https:\/\/www.mumablue.com\/blog\/#logo\"}},{\"@type\":\"WebSite\",\"@id\":\"https:\/\/www.mumablue.com\/blog\/#website\",\"url\":\"https:\/\/www.mumablue.com\/blog\/\",\"name\":\"Blog Mumablue\",\"description\":\"Un blog de cuentos y audiocuentos gratis para ni\\u00f1os.\",\"publisher\":{\"@id\":\"https:\/\/www.mumablue.com\/blog\/#organization\"},\"potentialAction\":[{\"@type\":\"SearchAction\",\"target\":\"https:\/\/www.mumablue.com\/blog\/?s={search_term_string}\",\"query-input\":\"required name=search_term_string\"}],\"inLanguage\":\"es\"},{\"@type\":\"ImageObject\",\"@id\":\"https:\/\/www.mumablue.com\/blog\/especial-caperucita-rebelde-la-saga-de-audiocuentos-mas-divertida\/#primaryimage\",\"inLanguage\":\"es\",\"url\":\"https:\/\/www.mumablue.com\/blog\/wp-content\/uploads\/2022\/08\/ESPECIAL-Caperucita-Rebelde-2.jpg\",\"width\":500,\"height\":500,\"caption\":\"Especial Caperucita Rebelde\"},{\"@type\":\"WebPage\",\"@id\":\"https:\/\/www.mumablue.com\/blog\/especial-caperucita-rebelde-la-saga-de-audiocuentos-mas-divertida\/#webpage\",\"url\":\"https:\/\/www.mumablue.com\/blog\/especial-caperucita-rebelde-la-saga-de-audiocuentos-mas-divertida\/\",\"name\":\"Especial Caperucita Rebelde: la saga de audiocuentos m\\u00e1s divertida - Blog Mumablue\",\"isPartOf\":{\"@id\":\"https:\/\/www.mumablue.com\/blog\/#website\"},\"primaryImageOfPage\":{\"@id\":\"https:\/\/www.mumablue.com\/blog\/especial-caperucita-rebelde-la-saga-de-audiocuentos-mas-divertida\/#primaryimage\"},\"datePublished\":\"2023-05-10T09:10:49+00:00\",\"dateModified\":\"2023-05-10T09:50:04+00:00\",\"inLanguage\":\"es\",\"potentialAction\":[{\"@type\":\"ReadAction\",\"target\":[\"https:\/\/www.mumablue.com\/blog\/especial-caperucita-rebelde-la-saga-de-audiocuentos-mas-divertida\/\"]}]}]}<\/script>\n<!-- \/ Yoast SEO plugin. -->","_links":{"self":[{"href":"https:\/\/www.mumablue.com\/blog\/wp-json\/wp\/v2\/pages\/6121"}],"collection":[{"href":"https:\/\/www.mumablue.com\/blog\/wp-json\/wp\/v2\/pages"}],"about":[{"href":"https:\/\/www.mumablue.com\/blog\/wp-json\/wp\/v2\/types\/page"}],"author":[{"embeddable":true,"href":"https:\/\/www.mumablue.com\/blog\/wp-json\/wp\/v2\/users\/6"}],"replies":[{"embeddable":true,"href":"https:\/\/www.mumablue.com\/blog\/wp-json\/wp\/v2\/comments?post=6121"}],"version-history":[{"count":4,"href":"https:\/\/www.mumablue.com\/blog\/wp-json\/wp\/v2\/pages\/6121\/revisions"}],"predecessor-version":[{"id":6839,"href":"https:\/\/www.mumablue.com\/blog\/wp-json\/wp\/v2\/pages\/6121\/revisions\/6839"}],"wp:attachment":[{"href":"https:\/\/www.mumablue.com\/blog\/wp-json\/wp\/v2\/media?parent=6121"}],"curies":[{"name":"wp","href":"https:\/\/api.w.org\/{rel}","templated":true}]}}