{"id":5964,"date":"2022-05-24T14:56:21","date_gmt":"2022-05-24T14:56:21","guid":{"rendered":"https:\/\/mumablue.com\/blog\/?page_id=5964"},"modified":"2025-06-02T16:32:34","modified_gmt":"2025-06-02T16:32:34","slug":"poema-con-palabras-esdrujulas-ninos-primaria","status":"publish","type":"page","link":"https:\/\/www.mumablue.com\/blog\/poema-con-palabras-esdrujulas-ninos-primaria\/","title":{"rendered":"Poema con palabras esdr\u00fajulas para ni\u00f1os de Primaria"},"content":{"rendered":"<p><img decoding=\"async\" loading=\"lazy\" class=\"alignnone size-full wp-image-5965\" src=\"https:\/\/www.mumablue.com\/blog\/wp-content\/uploads\/2022\/05\/Conjuro-esdr\u00fajulo-2.jpg\" alt=\"Poema con palabras esdr\u00fajulas\" width=\"500\" height=\"500\" srcset=\"https:\/\/www.mumablue.com\/blog\/wp-content\/uploads\/2022\/05\/Conjuro-esdr\u00fajulo-2.jpg 500w, https:\/\/www.mumablue.com\/blog\/wp-content\/uploads\/2022\/05\/Conjuro-esdr\u00fajulo-2-300x300.jpg 300w, https:\/\/www.mumablue.com\/blog\/wp-content\/uploads\/2022\/05\/Conjuro-esdr\u00fajulo-2-150x150.jpg 150w\" sizes=\"(max-width: 500px) 100vw, 500px\" \/><\/p>\n<p><span style=\"color: #3366ff;\"><a style=\"color: #3366ff;\" href=\"https:\/\/www.mumablue.com\/?utm_source=blog&amp;utm_medium=link&amp;utm_campaign=p\u00e1ginas-audiocuentos&amp;utm_content=poema-palabras-esdrujulas\">Mumablue<\/a><\/span> te trae un divertido poema con palabras esdr\u00fajulas que ayudar\u00e1 a que tu peque no solo aprenda a identificar estas palabras, sino tambi\u00e9n a que se enamore de ellas. <strong>\u00bfAcaso hay algo que mole m\u00e1s en ese mundo que una palabra esdr\u00fajula?<\/strong> \u00a1No lo creo! Son diferentes, divertidas, cantarinas&#8230; \u00a1Y rebeldes!<\/p>\n<p><strong>\u00abConjuro esdr\u00fajulo\u00bb es un poema con palabras esdr\u00fajulas muy divertido.<\/strong> Mientras hacemos una pestilente poci\u00f3n m\u00e1gica, los ni\u00f1os de Primaria aprender\u00e1n a reconocer este tipo de palabras a la vez que nutren su vocabulario.<\/p>\n<p>A continuaci\u00f3n os dejamos este <strong>poema con palabras esdr\u00fajulas recitado por una bruja muy especial<\/strong>. \u00a1Al final incluye un apartado did\u00e1ctico que explica a los ni\u00f1os de Primaria en qu\u00e9 consisten y c\u00f3mo se diferencian las palabras esdr\u00fajulas!<\/p>\n<h6><script src=\"https:\/\/www.buzzsprout.com\/937792\/10527469-conjuro-esdrujulo.js?container_id=buzzsprout-player-10527469&#038;player=small\" type=\"text\/javascript\" charset=\"utf-8\"><\/script>M\u00fasicas y efectos: PD &#8211; <span style=\"color: #3366ff;\"><a style=\"color: #3366ff;\" href=\"https:\/\/freepd.com\/misc.php\">Brewing potions<\/a><\/span>, por Rafael Krux;\u00a0\u00a0<span style=\"color: #3366ff;\"><a style=\"color: #3366ff;\" href=\"https:\/\/freesound.org\/people\/OGsoundFX\/sounds\/423005\/\">Chemistry reaction<\/a><\/span>, por\u00a0 OGsoundFX.<\/h6>\n<p>Si lo prefieres,<strong> te dejamos el poema por escrito para que tu peque pueda aprend\u00e9rselo<\/strong> y localizar de un vistazo todas las palabras esdr\u00fajulas que contiene. \u00a1Las marcamos en otro color para que sea m\u00e1s sencillo!<\/p>\n<h2 style=\"text-align: center;\">Poema con palabras esdr\u00fajulas: Conjuro esdr\u00fajulo<\/h2>\n<p style=\"text-align: center;\">\u00a1Regresa, <span style=\"color: #ff6600;\">murci\u00e9lago<\/span>, al cas\u00f3n de la <span style=\"color: #ff6600;\">ci\u00e9naga<\/span>!<br \/>\nVen <span style=\"color: #ff6600;\">r\u00e1pido<\/span>, raudo, la puerta est\u00e1 abierta.<br \/>\nInvoco a los <span style=\"color: #ff6600;\">c\u00edclopes<\/span>, criaturas <span style=\"color: #ff6600;\">fant\u00e1sticas<\/span>,<br \/>\n<span style=\"color: #ff6600;\">ej\u00e9rcitos t\u00e9tricos<\/span>, <span style=\"color: #ff6600;\">dr\u00edades sarc\u00e1sticas<\/span>.<\/p>\n<p style=\"text-align: center;\">Con conjuro <span style=\"color: #ff6600;\">esdr\u00fajulo<\/span>\u00a0lograr\u00e9 mi meta:<br \/>\n\u00a1Un hechizo <span style=\"color: #ff6600;\">m\u00e1gico<\/span>! Apunta la receta.<\/p>\n<p style=\"text-align: center;\">A\u00f1ado un <span style=\"color: #ff6600;\">tub\u00e9rculo<\/span> al hirviente caldero,<br \/>\nalas de <span style=\"color: #ff6600;\">lib\u00e9lula<\/span>, barbas de carnero.<br \/>\nTruenos y <span style=\"color: #ff6600;\">rel\u00e1mpagos<\/span>, sapos y <span style=\"color: #ff6600;\">tar\u00e1ntulas<\/span><br \/>\n\u00a1<span style=\"color: #ff6600;\">Escu\u00e1lidas v\u00edboras<\/span>, que son muy <span style=\"color: #ff6600;\">simp\u00e1ticas<\/span>!<\/p>\n<p style=\"text-align: center;\">Leyendo las <span style=\"color: #ff6600;\">cr\u00f3nicas<\/span> de tiempos <span style=\"color: #ff6600;\">ca\u00f3ticos<\/span><br \/>\n-cuando las <span style=\"color: #ff6600;\">pir\u00e1mides<\/span> guardaban <span style=\"color: #ff6600;\">sarc\u00f3fagos<\/span>-,<br \/>\nveo un dibujo <span style=\"color: #ff6600;\">p\u00e9treo<\/span> en una de sus <span style=\"color: #ff6600;\">p\u00e1ginas<\/span>,<br \/>\n\u00a1<span style=\"color: #ff6600;\">C\u00edrculo<\/span> de brujas con piedras de <span style=\"color: #ff6600;\">l\u00e1pidas<\/span>!<\/p>\n<p style=\"text-align: center;\">Agrego a la <span style=\"color: #ff6600;\">p\u00f3cima p\u00e1jaros jur\u00e1sicos<\/span>,<br \/>\nhiel de <span style=\"color: #ff6600;\">\u00e1rboles<\/span> muertos, hongos <span style=\"color: #ff6600;\">arom\u00e1ticos<\/span>,<br \/>\npringosos <span style=\"color: #ff6600;\">tent\u00e1culos<\/span> de <em>kraken<\/em> <span style=\"color: #ff6600;\">aut\u00e9ntico<\/span>,<br \/>\nlenguas de tritones de aspecto <span style=\"color: #ff6600;\">esperp\u00e9ntico<\/span>.<\/p>\n<p style=\"text-align: center;\">Con los ingredientes dentro del caldero,<br \/>\nlos cuezo en las aguas de los cinco <span style=\"color: #ff6600;\">oc\u00e9anos<\/span>.<br \/>\nA\u00f1ado un pellizco de sabrosa <span style=\"color: #ff6600;\">p\u00f3lvora<\/span>,<br \/>\nque sienta muy bien a gargantas <span style=\"color: #ff6600;\">af\u00f3nicas<\/span>.<\/p>\n<p style=\"text-align: center;\">Remuevo, remuevo\u2026 \u00a1Ya humea el caldero!<br \/>\n\u00bfTe atreves t\u00fa ahora? Ten en cuenta esto:<br \/>\nUn conjuro <span style=\"color: #ff6600;\">esdr\u00fajulo<\/span> no es cosa de brujas,<br \/>\nUn conjuro <span style=\"color: #ff6600;\">esdr\u00fajulo<\/span> es cosa de <span style=\"color: #ff6600;\">br\u00fajulas<\/span>.<\/p>\n<h2>Qu\u00e9 son las palabras esdr\u00fajulas para ni\u00f1os de Primaria<\/h2>\n<p><strong>Las palabras esdr\u00fajulas son aquellas que tienen la s\u00edlaba t\u00f3nica<\/strong> (la que se pronuncia con m\u00e1s fuerza) en la antepen\u00faltima s\u00edlaba. As\u00ed, palabras como murci\u00e9lago, fant\u00e1stico o lib\u00e9lula, por ejemplo, son esdr\u00fajulas. Mira: murci\u00c9lago, fant\u00c1stico, lib\u00c9lula.<\/p>\n<p>En el cole ense\u00f1an las palabras agudas, las llanas\u2026 \u00a1y las esdr\u00fajulas, que son las que m\u00e1s molan! Y no solo porque suenen genial, sino porque <strong>las palabras esdr\u00fajulas siempre llevan tilde.<\/strong> \u00a1De manera que es muy sencillo no equivocarse cuando se hace un dictado en clase de lengua!<\/p>\n<p>Las palabras esdr\u00fajulas se llaman as\u00ed por una raz\u00f3n muy divertida. <strong>La palabra \u201cesdr\u00fajula\u201d viene de la palabra italiana <em>sdrucciolo<\/em><\/strong>, que significa resbal\u00f3n. <em>Sdrucciolo<\/em> era la palabra que se utilizaba para nombrar aquellos versos que terminaban con la antepen\u00faltima s\u00edlaba acentuada, pues daba la sensaci\u00f3n de que las s\u00edlabas restantes se resbalaban o escurr\u00edan.<\/p>\n<p><strong>\u00a1Otra curiosidad muy divertida es que la propia palabra \u201cesdr\u00fajula\u201d es esdr\u00fajula!<\/strong> Ahora, te propongo un juego: intenta encontrar todas las palabras esdr\u00fajulas que puedas. \u00a1Hay much\u00edsimas!<\/p>\n<h2>Otros poemas did\u00e1cticos muy divertidos<\/h2>\n<p>Esperamos que tu peque haya disfrutado con este poema con palabras esdr\u00fajulas y haya aprendido mogoll\u00f3n. Si os ha gustado, <strong>os proponemos otros poemas did\u00e1cticos que hemos ideado<\/strong>, como por ejemplo \u00ab<span style=\"color: #3366ff;\"><a style=\"color: #3366ff;\" href=\"https:\/\/www.mumablue.com\/blog\/poema-con-aliteracion-para-ninos-audiocuento\/\" target=\"_blank\" rel=\"noopener noreferrer\">El baile de la lib\u00e9lula<\/a><\/span>\u00ab, donde se ense\u00f1a <strong>en qu\u00e9 consiste la figura ret\u00f3rica de la aliteraci\u00f3n <\/strong>a ni\u00f1os de Segundo ciclo de Primaria.<\/p>\n<p>Los ni\u00f1os del primer ciclo de Primaria <strong>pueden aprender el nombre y curiosidades de los planetas de nuestro sistema solar<\/strong> escuchando el \u00ab<span style=\"color: #3366ff;\"><a style=\"color: #3366ff;\" href=\"https:\/\/www.mumablue.com\/blog\/poema-de-los-planetas-para-ninos-audiocuento-gratis\/\" target=\"_blank\" rel=\"noopener noreferrer\">Poema de los planetas<\/a><\/span>\u00ab, una aventura espacial que rima, ense\u00f1a y hace so\u00f1ar. Tambi\u00e9n disfrutar\u00e1n mucho con \u00ab<a href=\"https:\/\/www.mumablue.com\/blog\/poesia-animales-de-la-granja-divertida-y-original\/\" target=\"_blank\" rel=\"noopener noreferrer\"><span style=\"color: #3366ff;\">La granja majareta<\/span><\/a>\u00ab, un poema muy loco y divertido con el que, adem\u00e1s, los peques de infantil pueden aprender los animales.<\/p>\n<p>Y si lo que queremos es ense\u00f1arles a que elijan bien cu\u00e1l ser\u00e1 su porvenir, nada mejor que leer o escuchar <a href=\"https:\/\/www.mumablue.com\/blog\/poema-para-ninos-de-primaria-con-rima-valores\/\" target=\"_blank\" rel=\"noopener noreferrer\"><span style=\"color: #3366ff;\">Qu\u00e9 quiero ser de mayor<\/span><\/a>, una preciosa poes\u00eda que<strong> habla de la aspiraci\u00f3n de seguir siempre siendo un ni\u00f1o libre, generoso y bondadoso.<\/strong><\/p>\n<p>Si te ha gustado este poema con palabras esdr\u00fajulas para ni\u00f1os de Primaria o cualquiera de nuestros poemas did\u00e1cticos para que los ni\u00f1os aprendan mientras se divierten, <strong>comp\u00e1rtelos con otros ni\u00f1os y pap\u00e1s y ay\u00fadanos con nuestra labor educativa.<\/strong><\/p>\n<p>Imagen: <span style=\"color: #3366ff;\"><a style=\"color: #3366ff;\" href=\"https:\/\/www.freepik.es\/vector-gratis\/chica-bruja-hace-pocion-magica-amor-caldero-ilustracion-fantasia-dibujos-animados-vectoriales-interior-habitacion-mago-olla-hirviendo-nube-humo-rosa-forma-corazon-mujer-disfrazada-mago_22753098.htm?query=potion&amp;from_query=p%C3%B3cima\" target=\"_blank\" rel=\"noopener noreferrer\">Caldero<\/a><\/span> (Freepik)<\/p>\n<div style='text-align:left' class='yasr-auto-insert-visitor'><\/div>","protected":false},"excerpt":{"rendered":"<p>Mumablue te trae un divertido poema con palabras esdr\u00fajulas que ayudar\u00e1 a que tu peque no solo aprenda a identificar estas palabras, sino tambi\u00e9n a que se enamore de ellas. \u00bfAcaso hay algo que mole m\u00e1s en ese mundo que una palabra esdr\u00fajula? \u00a1No lo creo! Son diferentes, divertidas, cantarinas&#8230; \u00a1Y rebeldes! \u00abConjuro esdr\u00fajulo\u00bb es [&hellip;]<\/p>\n","protected":false},"author":6,"featured_media":0,"parent":0,"menu_order":0,"comment_status":"closed","ping_status":"closed","template":"","meta":{"yasr_overall_rating":0,"yasr_post_is_review":"","yasr_auto_insert_disabled":"","yasr_review_type":""},"yasr_visitor_votes":{"number_of_votes":20,"sum_votes":82,"stars_attributes":{"read_only":false,"span_bottom":false}},"yoast_head":"<!-- This site is optimized with the Yoast SEO plugin v14.5 - https:\/\/yoast.com\/wordpress\/plugins\/seo\/ -->\n<meta name=\"description\" content=\"&quot;Conjuro esdr\u00fajulo&quot; es un poema con palabras esdr\u00fajulas para ni\u00f1os de primaria en el que una misteriosa bruja ense\u00f1a a elabrorar una rara poci\u00f3n. \u00a1Y recita!\" \/>\n<meta name=\"robots\" content=\"index, follow\" \/>\n<meta name=\"googlebot\" content=\"index, follow, max-snippet:-1, max-image-preview:large, max-video-preview:-1\" \/>\n<meta name=\"bingbot\" content=\"index, follow, max-snippet:-1, max-image-preview:large, max-video-preview:-1\" \/>\n<link rel=\"canonical\" href=\"https:\/\/www.mumablue.com\/blog\/poema-con-palabras-esdrujulas-ninos-primaria\/\" \/>\n<meta property=\"og:locale\" content=\"es_ES\" \/>\n<meta property=\"og:type\" content=\"article\" \/>\n<meta property=\"og:title\" content=\"Poema con palabras esdr\u00fajulas para ni\u00f1os de Primaria - Blog Mumablue\" \/>\n<meta property=\"og:description\" content=\"&quot;Conjuro esdr\u00fajulo&quot; es un poema con palabras esdr\u00fajulas para ni\u00f1os de primaria en el que una misteriosa bruja ense\u00f1a a elabrorar una rara poci\u00f3n. \u00a1Y recita!\" \/>\n<meta property=\"og:url\" content=\"https:\/\/www.mumablue.com\/blog\/poema-con-palabras-esdrujulas-ninos-primaria\/\" \/>\n<meta property=\"og:site_name\" content=\"Blog Mumablue\" \/>\n<meta property=\"article:publisher\" content=\"https:\/\/www.facebook.com\/mumablue\/\" \/>\n<meta property=\"article:modified_time\" content=\"2025-06-02T16:32:34+00:00\" \/>\n<meta property=\"og:image\" content=\"https:\/\/www.mumablue.com\/blog\/wp-content\/uploads\/2022\/05\/Conjuro-esdr\u00fajulo-2.jpg\" \/>\n<meta name=\"twitter:card\" content=\"summary_large_image\" \/>\n<script type=\"application\/ld+json\" class=\"yoast-schema-graph\">{\"@context\":\"https:\/\/schema.org\",\"@graph\":[{\"@type\":\"Organization\",\"@id\":\"https:\/\/www.mumablue.com\/blog\/#organization\",\"name\":\"Mumablue\",\"url\":\"https:\/\/www.mumablue.com\/blog\/\",\"sameAs\":[\"https:\/\/www.facebook.com\/mumablue\/\",\"https:\/\/www.instagram.com\/mumablue\/?hl=es\"],\"logo\":{\"@type\":\"ImageObject\",\"@id\":\"https:\/\/www.mumablue.com\/blog\/#logo\",\"inLanguage\":\"es\",\"url\":\"https:\/\/www.mumablue.com\/blog\/wp-content\/uploads\/2020\/05\/Blog-Mumablue.png\",\"width\":749,\"height\":269,\"caption\":\"Mumablue\"},\"image\":{\"@id\":\"https:\/\/www.mumablue.com\/blog\/#logo\"}},{\"@type\":\"WebSite\",\"@id\":\"https:\/\/www.mumablue.com\/blog\/#website\",\"url\":\"https:\/\/www.mumablue.com\/blog\/\",\"name\":\"Blog Mumablue\",\"description\":\"Un blog de cuentos y audiocuentos gratis para ni\\u00f1os.\",\"publisher\":{\"@id\":\"https:\/\/www.mumablue.com\/blog\/#organization\"},\"potentialAction\":[{\"@type\":\"SearchAction\",\"target\":\"https:\/\/www.mumablue.com\/blog\/?s={search_term_string}\",\"query-input\":\"required name=search_term_string\"}],\"inLanguage\":\"es\"},{\"@type\":\"ImageObject\",\"@id\":\"https:\/\/www.mumablue.com\/blog\/poema-con-palabras-esdrujulas-ninos-primaria\/#primaryimage\",\"inLanguage\":\"es\",\"url\":\"https:\/\/www.mumablue.com\/blog\/wp-content\/uploads\/2022\/05\/Conjuro-esdr\\u00fajulo-2.jpg\",\"width\":500,\"height\":500,\"caption\":\"Poema con palabras esdr\\u00fajulas\"},{\"@type\":\"WebPage\",\"@id\":\"https:\/\/www.mumablue.com\/blog\/poema-con-palabras-esdrujulas-ninos-primaria\/#webpage\",\"url\":\"https:\/\/www.mumablue.com\/blog\/poema-con-palabras-esdrujulas-ninos-primaria\/\",\"name\":\"Poema con palabras esdr\\u00fajulas para ni\\u00f1os de Primaria - Blog Mumablue\",\"isPartOf\":{\"@id\":\"https:\/\/www.mumablue.com\/blog\/#website\"},\"primaryImageOfPage\":{\"@id\":\"https:\/\/www.mumablue.com\/blog\/poema-con-palabras-esdrujulas-ninos-primaria\/#primaryimage\"},\"datePublished\":\"2022-05-24T14:56:21+00:00\",\"dateModified\":\"2025-06-02T16:32:34+00:00\",\"description\":\"\\\"Conjuro esdr\\u00fajulo\\\" es un poema con palabras esdr\\u00fajulas para ni\\u00f1os de primaria en el que una misteriosa bruja ense\\u00f1a a elabrorar una rara poci\\u00f3n. \\u00a1Y recita!\",\"inLanguage\":\"es\",\"potentialAction\":[{\"@type\":\"ReadAction\",\"target\":[\"https:\/\/www.mumablue.com\/blog\/poema-con-palabras-esdrujulas-ninos-primaria\/\"]}]}]}<\/script>\n<!-- \/ Yoast SEO plugin. -->","_links":{"self":[{"href":"https:\/\/www.mumablue.com\/blog\/wp-json\/wp\/v2\/pages\/5964"}],"collection":[{"href":"https:\/\/www.mumablue.com\/blog\/wp-json\/wp\/v2\/pages"}],"about":[{"href":"https:\/\/www.mumablue.com\/blog\/wp-json\/wp\/v2\/types\/page"}],"author":[{"embeddable":true,"href":"https:\/\/www.mumablue.com\/blog\/wp-json\/wp\/v2\/users\/6"}],"replies":[{"embeddable":true,"href":"https:\/\/www.mumablue.com\/blog\/wp-json\/wp\/v2\/comments?post=5964"}],"version-history":[{"count":2,"href":"https:\/\/www.mumablue.com\/blog\/wp-json\/wp\/v2\/pages\/5964\/revisions"}],"predecessor-version":[{"id":7624,"href":"https:\/\/www.mumablue.com\/blog\/wp-json\/wp\/v2\/pages\/5964\/revisions\/7624"}],"wp:attachment":[{"href":"https:\/\/www.mumablue.com\/blog\/wp-json\/wp\/v2\/media?parent=5964"}],"curies":[{"name":"wp","href":"https:\/\/api.w.org\/{rel}","templated":true}]}}