{"id":5956,"date":"2022-05-24T13:01:00","date_gmt":"2022-05-24T13:01:00","guid":{"rendered":"https:\/\/mumablue.com\/blog\/?page_id=5956"},"modified":"2025-06-02T16:30:27","modified_gmt":"2025-06-02T16:30:27","slug":"poema-educativo-para-ninos-recoger-habitacion","status":"publish","type":"page","link":"https:\/\/www.mumablue.com\/blog\/poema-educativo-para-ninos-recoger-habitacion\/","title":{"rendered":"Poema educativo para ni\u00f1os: \u00a1A recoger la habitaci\u00f3n!"},"content":{"rendered":"<p><img decoding=\"async\" loading=\"lazy\" class=\"alignnone size-full wp-image-5957\" src=\"https:\/\/www.mumablue.com\/blog\/wp-content\/uploads\/2022\/05\/A-recoger-la-habitaci\u00f3n-2.jpg\" alt=\"Poema educativo para ni\u00f1os\" width=\"500\" height=\"500\" srcset=\"https:\/\/www.mumablue.com\/blog\/wp-content\/uploads\/2022\/05\/A-recoger-la-habitaci\u00f3n-2.jpg 500w, https:\/\/www.mumablue.com\/blog\/wp-content\/uploads\/2022\/05\/A-recoger-la-habitaci\u00f3n-2-300x300.jpg 300w, https:\/\/www.mumablue.com\/blog\/wp-content\/uploads\/2022\/05\/A-recoger-la-habitaci\u00f3n-2-150x150.jpg 150w\" sizes=\"(max-width: 500px) 100vw, 500px\" \/><\/p>\n<p>Os dejamos un divertido poema educativo para ni\u00f1os que <strong>ense\u00f1a el buen h\u00e1bito de mantener la habitaci\u00f3n ordenada<\/strong>. Se trata de una poes\u00eda que anima a tu peque a ponerse manos a la obra y le ofrece una pautas para hacerlo de la mejor forma posible, siempre a partir de elementos reconocibles por \u00e9l.<\/p>\n<p>Este poema educativo para ni\u00f1os persigue el objetivo de ense\u00f1ar a los ni\u00f1os a poner orden en su cuarto. <strong>Dispone de una versi\u00f3n en audio con una din\u00e1mica m\u00fasica de fondo<\/strong>, que se aligera con la intervenci\u00f3n de una voz infantil que hace que los ni\u00f1os se identifiquen a\u00fan m\u00e1s con el mensaje.\u00a0 Si deseas leerlo directamente, encuentras el texto debajo.<\/p>\n<h6><script src=\"https:\/\/www.buzzsprout.com\/937792\/10401856-a-recoger-la-habitacion.js?container_id=buzzsprout-player-10401856&#038;player=small\" type=\"text\/javascript\" charset=\"utf-8\"><\/script>M\u00fasica:\u00a0Dominio P\u00fablico &#8211;\u00a0<span style=\"color: #3366ff;\"><a style=\"color: #3366ff;\" href=\"https:\/\/freepd.com\/comedy.php\">Wakka wakka<\/a><\/span>, por Brian Teoh.<\/h6>\n<h2 style=\"text-align: center;\">Poema educativo para ni\u00f1os: \u00a1A recoger la habitaci\u00f3n!<\/h2>\n<p style=\"text-align: center;\">Con gran energ\u00eda y decisi\u00f3n<br \/>\ntoca recoger la habitaci\u00f3n.<br \/>\n\u00a1F\u00edjate la que has liado!<br \/>\n\u00a1Parece que pas\u00f3 un tornado!<\/p>\n<p style=\"text-align: center;\">Empezaremos quitando<br \/>\nlos trastos que hay por el suelo.<br \/>\n\u00a1Porque, si no, los pisamos<br \/>\ny se clavan en los dedos!<\/p>\n<p style=\"text-align: center;\">Cada cosa va a en su caja,<br \/>\n\u00a1No mezcles todas las piezas!<br \/>\nO despu\u00e9s no encontrar\u00e1s<br \/>\nni los pies ni las cabezas.<\/p>\n<p style=\"text-align: center;\">Miraremos por rincones,<br \/>\nrendijas y recovecos,<br \/>\nson el t\u00edpico escondite<br \/>\nde decenas de mu\u00f1ecos.<\/p>\n<p style=\"text-align: center;\">Debajo de tu camita<br \/>\nhay juguetes olvidados.<br \/>\nTambi\u00e9n han aparecido\u2026<br \/>\n\u00a1Dos calcetines sudados!<\/p>\n<p style=\"text-align: center;\">Colocaremos los libros:<br \/>\nvan de mayor a menor,<br \/>\n\u00a1Si no est\u00e1n escalonados<br \/>\na mam\u00e1 le dar\u00e1 TOC!<\/p>\n<p style=\"text-align: center;\">\u00a1Y espera a que vea esto!<br \/>\n\u00a1Le va a dar un patat\u00fas!<br \/>\nHa aparecido en tu armario\u2026<br \/>\n\u00a1Un pringoso chupa-chups!<\/p>\n<p style=\"text-align: center;\">Tiramos a la basura<br \/>\nlo que ya no sirve m\u00e1s:<br \/>\npapel sucio, piezas sueltas\u2026<br \/>\n\u00a1Y no olvides reciclar!<\/p>\n<p style=\"text-align: center;\">Cada cosa est\u00e1 en sus sitio,<br \/>\nqu\u00e9 alegr\u00eda, qu\u00e9 emoci\u00f3n.<br \/>\n\u00a1Mira qu\u00e9 recogidita<br \/>\nqued\u00f3 ya tu habitaci\u00f3n!<\/p>\n<h2>Otros cuentos y poemas educativos muy divertidos<\/h2>\n<p>Si te ha gustado nuestro poema educativo para ni\u00f1os sobre la importancia de ordenar la habitaci\u00f3n, seguro que te encanta nuestro cuento teatralizado \u00ab<a href=\"https:\/\/www.mumablue.com\/blog\/cuento-de-juguetes-divertido-y-educativo-audiocuento\/\" target=\"_blank\" rel=\"noopener noreferrer\"><span style=\"color: #3366ff;\">Juguetes en problemas<\/span><\/a>\u00ab, donde <strong>se aborda el mismo tema pero desde un punto de vista diferente<\/strong>: las dificultades a las que se enfrentan cada noche los juguetes cuando se quedan tirados por ah\u00ed.<\/p>\n<p>Adem\u00e1s <strong>encontrar\u00e1s m\u00e1s como este poema educativo para ni\u00f1os en nuestra secci\u00f3n de <span style=\"color: #3366ff;\"><a style=\"color: #3366ff;\" href=\"https:\/\/www.mumablue.com\/blog\/poesias-para-ninos-cortas\/\" target=\"_blank\" rel=\"noopener noreferrer\">Poes\u00eda para ni\u00f1os<\/a><\/span>.<\/strong> Las hay para todos los gustos: para aprender a comer de todo, sobre las peleas entre hermanos, cu\u00e1l es la mejor cosa que uno puede ser de mayor, alocados animales de la granja, sobre igualdad de g\u00e9nero&#8230; \u00a1Y tambi\u00e9n, did\u00e1cticos! Tu peque aprender\u00e1, a golpe de rima, los planetas, qu\u00e9 son las palabras esdr\u00fajulas o en qu\u00e9 consiste la figura ret\u00f3rica de la aliteraci\u00f3n.<\/p>\n<p>Si os gustan los cuentos con valores, tenemos <strong>una idea para regalo que no te podr\u00e1s creer: se trata de cuentos personalizados impresos<\/strong> a todo color en los que tu peque es el aut\u00e9ntico protagonista, gracias a que podr\u00e1 vivir cada historia con su nombre propio y una ilustraci\u00f3n que lo representar\u00e1 con gran fidelidad. \u00a1Echa un vistazo al <span style=\"color: #3366ff;\"><a style=\"color: #3366ff;\" href=\"https:\/\/www.mumablue.com\/esp\/nuestros-cuentos-personalizados?utm_source=blog&amp;utm_medium=link&amp;utm_campaign=p\u00e1ginas-audiocuentos&amp;utm_content=poema-educativo\" target=\"_blank\" rel=\"noopener noreferrer\">cat\u00e1logo Mumablue<\/a><\/span>! Son una delicia \ud83d\ude0d<\/p>\n<div style='text-align:left' class='yasr-auto-insert-visitor'><\/div>","protected":false},"excerpt":{"rendered":"<p>Os dejamos un divertido poema educativo para ni\u00f1os que ense\u00f1a el buen h\u00e1bito de mantener la habitaci\u00f3n ordenada. Se trata de una poes\u00eda que anima a tu peque a ponerse manos a la obra y le ofrece una pautas para hacerlo de la mejor forma posible, siempre a partir de elementos reconocibles por \u00e9l. Este [&hellip;]<\/p>\n","protected":false},"author":6,"featured_media":0,"parent":0,"menu_order":0,"comment_status":"closed","ping_status":"closed","template":"","meta":{"yasr_overall_rating":0,"yasr_post_is_review":"","yasr_auto_insert_disabled":"","yasr_review_type":""},"yasr_visitor_votes":{"number_of_votes":27,"sum_votes":115,"stars_attributes":{"read_only":false,"span_bottom":false}},"yoast_head":"<!-- This site is optimized with the Yoast SEO plugin v14.5 - https:\/\/yoast.com\/wordpress\/plugins\/seo\/ -->\n<meta name=\"description\" content=\"Un poema educativo para ni\u00f1os que anima y da unas pautas a los peques para ordenar su habitaci\u00f3n. \u00a1Con divertida versi\u00f3n de audio y sorpresas que no espera!\" \/>\n<meta name=\"robots\" content=\"index, follow\" \/>\n<meta name=\"googlebot\" content=\"index, follow, max-snippet:-1, max-image-preview:large, max-video-preview:-1\" \/>\n<meta name=\"bingbot\" content=\"index, follow, max-snippet:-1, max-image-preview:large, max-video-preview:-1\" \/>\n<link rel=\"canonical\" href=\"https:\/\/www.mumablue.com\/blog\/poema-educativo-para-ninos-recoger-habitacion\/\" \/>\n<meta property=\"og:locale\" content=\"es_ES\" \/>\n<meta property=\"og:type\" content=\"article\" \/>\n<meta property=\"og:title\" content=\"Poema educativo para ni\u00f1os: \u00a1A recoger la habitaci\u00f3n! - Blog Mumablue\" \/>\n<meta property=\"og:description\" content=\"Un poema educativo para ni\u00f1os que anima y da unas pautas a los peques para ordenar su habitaci\u00f3n. \u00a1Con divertida versi\u00f3n de audio y sorpresas que no espera!\" \/>\n<meta property=\"og:url\" content=\"https:\/\/www.mumablue.com\/blog\/poema-educativo-para-ninos-recoger-habitacion\/\" \/>\n<meta property=\"og:site_name\" content=\"Blog Mumablue\" \/>\n<meta property=\"article:publisher\" content=\"https:\/\/www.facebook.com\/mumablue\/\" \/>\n<meta property=\"article:modified_time\" content=\"2025-06-02T16:30:27+00:00\" \/>\n<meta property=\"og:image\" content=\"https:\/\/www.mumablue.com\/blog\/wp-content\/uploads\/2022\/05\/A-recoger-la-habitaci\u00f3n-2.jpg\" \/>\n<meta name=\"twitter:card\" content=\"summary_large_image\" \/>\n<script type=\"application\/ld+json\" class=\"yoast-schema-graph\">{\"@context\":\"https:\/\/schema.org\",\"@graph\":[{\"@type\":\"Organization\",\"@id\":\"https:\/\/www.mumablue.com\/blog\/#organization\",\"name\":\"Mumablue\",\"url\":\"https:\/\/www.mumablue.com\/blog\/\",\"sameAs\":[\"https:\/\/www.facebook.com\/mumablue\/\",\"https:\/\/www.instagram.com\/mumablue\/?hl=es\"],\"logo\":{\"@type\":\"ImageObject\",\"@id\":\"https:\/\/www.mumablue.com\/blog\/#logo\",\"inLanguage\":\"es\",\"url\":\"https:\/\/www.mumablue.com\/blog\/wp-content\/uploads\/2020\/05\/Blog-Mumablue.png\",\"width\":749,\"height\":269,\"caption\":\"Mumablue\"},\"image\":{\"@id\":\"https:\/\/www.mumablue.com\/blog\/#logo\"}},{\"@type\":\"WebSite\",\"@id\":\"https:\/\/www.mumablue.com\/blog\/#website\",\"url\":\"https:\/\/www.mumablue.com\/blog\/\",\"name\":\"Blog Mumablue\",\"description\":\"Un blog de cuentos y audiocuentos gratis para ni\\u00f1os.\",\"publisher\":{\"@id\":\"https:\/\/www.mumablue.com\/blog\/#organization\"},\"potentialAction\":[{\"@type\":\"SearchAction\",\"target\":\"https:\/\/www.mumablue.com\/blog\/?s={search_term_string}\",\"query-input\":\"required name=search_term_string\"}],\"inLanguage\":\"es\"},{\"@type\":\"ImageObject\",\"@id\":\"https:\/\/www.mumablue.com\/blog\/poema-educativo-para-ninos-recoger-habitacion\/#primaryimage\",\"inLanguage\":\"es\",\"url\":\"https:\/\/www.mumablue.com\/blog\/wp-content\/uploads\/2022\/05\/A-recoger-la-habitaci\\u00f3n-2.jpg\",\"width\":500,\"height\":500,\"caption\":\"Poema educativo para ni\\u00f1os\"},{\"@type\":\"WebPage\",\"@id\":\"https:\/\/www.mumablue.com\/blog\/poema-educativo-para-ninos-recoger-habitacion\/#webpage\",\"url\":\"https:\/\/www.mumablue.com\/blog\/poema-educativo-para-ninos-recoger-habitacion\/\",\"name\":\"Poema educativo para ni\\u00f1os: \\u00a1A recoger la habitaci\\u00f3n! - Blog Mumablue\",\"isPartOf\":{\"@id\":\"https:\/\/www.mumablue.com\/blog\/#website\"},\"primaryImageOfPage\":{\"@id\":\"https:\/\/www.mumablue.com\/blog\/poema-educativo-para-ninos-recoger-habitacion\/#primaryimage\"},\"datePublished\":\"2022-05-24T13:01:00+00:00\",\"dateModified\":\"2025-06-02T16:30:27+00:00\",\"description\":\"Un poema educativo para ni\\u00f1os que anima y da unas pautas a los peques para ordenar su habitaci\\u00f3n. \\u00a1Con divertida versi\\u00f3n de audio y sorpresas que no espera!\",\"inLanguage\":\"es\",\"potentialAction\":[{\"@type\":\"ReadAction\",\"target\":[\"https:\/\/www.mumablue.com\/blog\/poema-educativo-para-ninos-recoger-habitacion\/\"]}]}]}<\/script>\n<!-- \/ Yoast SEO plugin. -->","_links":{"self":[{"href":"https:\/\/www.mumablue.com\/blog\/wp-json\/wp\/v2\/pages\/5956"}],"collection":[{"href":"https:\/\/www.mumablue.com\/blog\/wp-json\/wp\/v2\/pages"}],"about":[{"href":"https:\/\/www.mumablue.com\/blog\/wp-json\/wp\/v2\/types\/page"}],"author":[{"embeddable":true,"href":"https:\/\/www.mumablue.com\/blog\/wp-json\/wp\/v2\/users\/6"}],"replies":[{"embeddable":true,"href":"https:\/\/www.mumablue.com\/blog\/wp-json\/wp\/v2\/comments?post=5956"}],"version-history":[{"count":4,"href":"https:\/\/www.mumablue.com\/blog\/wp-json\/wp\/v2\/pages\/5956\/revisions"}],"predecessor-version":[{"id":7623,"href":"https:\/\/www.mumablue.com\/blog\/wp-json\/wp\/v2\/pages\/5956\/revisions\/7623"}],"wp:attachment":[{"href":"https:\/\/www.mumablue.com\/blog\/wp-json\/wp\/v2\/media?parent=5956"}],"curies":[{"name":"wp","href":"https:\/\/api.w.org\/{rel}","templated":true}]}}