{"id":5948,"date":"2022-05-24T12:06:53","date_gmt":"2022-05-24T12:06:53","guid":{"rendered":"https:\/\/mumablue.com\/blog\/?page_id=5948"},"modified":"2025-06-02T16:29:26","modified_gmt":"2025-06-02T16:29:26","slug":"cuento-sobre-la-tecnologia-educativo-audiocuento","status":"publish","type":"page","link":"https:\/\/www.mumablue.com\/blog\/cuento-sobre-la-tecnologia-educativo-audiocuento\/","title":{"rendered":"Cuento sobre la tecnolog\u00eda educativo + audiocuento"},"content":{"rendered":"<p><img decoding=\"async\" loading=\"lazy\" class=\"alignnone size-full wp-image-5949\" src=\"https:\/\/www.mumablue.com\/blog\/wp-content\/uploads\/2022\/05\/Captura-de-pantalla-2.jpg\" alt=\"Cuento sobre la tecnolog\u00eda\" width=\"500\" height=\"500\" srcset=\"https:\/\/www.mumablue.com\/blog\/wp-content\/uploads\/2022\/05\/Captura-de-pantalla-2.jpg 500w, https:\/\/www.mumablue.com\/blog\/wp-content\/uploads\/2022\/05\/Captura-de-pantalla-2-300x300.jpg 300w, https:\/\/www.mumablue.com\/blog\/wp-content\/uploads\/2022\/05\/Captura-de-pantalla-2-150x150.jpg 150w\" sizes=\"(max-width: 500px) 100vw, 500px\" \/><\/p>\n<p>Muchos pap\u00e1s y mam\u00e1s buscamos un cuento sobre la tecnolog\u00eda para explicarle a nuestros hijos los riesgos que comporta no hacer un uso responsable. En <a href=\"https:\/\/www.mumablue.com\/?utm_source=blog&amp;utm_medium=link&amp;utm_campaign=p\u00e1ginas-audiocuentos&amp;utm_content=cuento-tecnologia\"><span style=\"color: #3366ff;\">Mumablue<\/span><\/a> quer\u00edamos tratar este tema de la mejor manera que sabemos: con un cuento que haga ver a los peques <strong>lo peligroso que es pasar muchas horas delante de las pantallas.<\/strong><\/p>\n<p>\u00abCaptura de pantalla\u00bb es un cuento sobre la tecnolog\u00eda, teatralizado, que narra la historia de Arturito, un ni\u00f1o que es tragado por la pantalla mientras juega con la <em>tablet<\/em>. Al otro lado, en un mundo virtual, fr\u00edo y lleno de sobresaltos, conocer\u00e1 a otros ni\u00f1os que fueron v\u00edctimas de la captura de pantalla. \u00bfLograr\u00e1 Arturito regresar junto a su familia antes de que sea demasiado tarde? Incluye una secci\u00f3n final que <strong>explica a los ni\u00f1os las ventajas y desventajas de las pantallas.<\/strong><\/p>\n<p>Puedes escuchar este cuento sobre la tecnolog\u00eda en su versi\u00f3n en audiocuento, con sugerentes m\u00fasicas o efectos a continuaci\u00f3n. <strong>Si prefieres leerlo directamente o representarlo en familia, te dejamos el gui\u00f3n<\/strong> m\u00e1s adelante.<\/p>\n<h6><script src=\"https:\/\/www.buzzsprout.com\/937792\/10610884-captura-de-pantalla.js?container_id=buzzsprout-player-10610884&#038;player=small\" type=\"text\/javascript\" charset=\"utf-8\"><\/script><b>M\u00fasica:\u00a0<\/b>Public Domain-\u00a0<span style=\"color: #3366ff;\"><a style=\"color: #3366ff;\" href=\"https:\/\/freepd.com\/upbeat.php\">Funshine<\/a><\/span>, por Kevin MacLeod. <b>Efecto:<\/b>\u00a0CC 3.0 &#8211;\u00a0<span style=\"color: #3366ff;\"><a style=\"color: #3366ff;\" href=\"https:\/\/freesound.org\/people\/SkyernAklea\/sounds\/519627\/\">Swit off TV<\/a><\/span>\u00a0(SkyernAklea)<\/h6>\n<h2>Cuento sobre la tecnolog\u00eda para educar en el uso responsable: \u00abCaptura de pantalla\u00bb<\/h2>\n<p>ARTURITO: Ay, uf, nononono\u2026 \u00a1S\u00ed! Bien.<\/p>\n<p>MADRE: (A LO LEJOS) \u00a1Arturito! \u00a1Deja ya los videojuegos, que te vas a quedar tonto!<\/p>\n<p>YOUTUBER: \u00a1Hola! Bienvenidos a mi canal. Hoy os ense\u00f1ar\u00e9 c\u00f3mo hacer bolas de papel<br \/>\narrugado. \u00a1No olvid\u00e9is suscribiros y darle like!<\/p>\n<p>MADRE: (A LO LEJOS) \u00a1Arturito! \u00bfQuieres dejar ya la \u00a0y ponerte a hacer algo de provecho!<\/p>\n<p>ARTURITO: \u00a1Acaba este v\u00eddeo y ya, mam\u00e1! \u00a1Ahhhhhhhhhhhh!<\/p>\n<p>(PAUSA)<\/p>\n<p>ARTURITO: Pero\u2026 \u00bfQu\u00e9 ha pasado? (ASUSTADO) \u00a1\u00a1\u00bfD\u00f3nde estoy?!!<\/p>\n<p>ANDRE\u00cdTA: \u00a1Hola!<\/p>\n<p>ARTURITO: \u00a1Ahhhhh! \u00bfQui\u00e9n eres?<\/p>\n<p>ANDRE\u00cdTA: Hmmmm, ya veo\u2026 eres nuevo por aqu\u00ed.<\/p>\n<p>ARTURITO: \u00bfD\u00f3nde estoy?<\/p>\n<p>ANDRE\u00cdTA: Est\u00e1s al otro lado\u2026<\/p>\n<p>ARTURITO: \u00bfAl otro lado? \u00a1Al otro lado de d\u00f3nde!<\/p>\n<p>ANDRE\u00cdTA: Eres v\u00edctima de una captura de pantalla. Ahora est\u00e1s encerrado aqu\u00ed.<\/p>\n<p>ANITA: \u00a1Anda! Otro infeliz. Me llamo Anita, llevo aqu\u00ed tres meses. \u00bfY t\u00fa?<\/p>\n<p>ARTURITO: Soy Arturito\u2026 \u00a1\u00a1Y yo no deber\u00eda estar aqu\u00ed!!<\/p>\n<p>ANDRE\u00cdTA: (PARA S\u00cd) S\u00ed, eso dicen todos<\/p>\n<p>ANITA: \u00a1Que vienen! \u00a1Huid!<\/p>\n<p>TODOS: (GRITAN)<\/p>\n<p>ANITA: \u00a1Uf! Por poco<\/p>\n<p>ARTURITO: \u00bfQu\u00e9 ha sido eso?<\/p>\n<p>ANDRE\u00cdTA: Los comecocos.<\/p>\n<p>ARTURITO: \u00bfLos comecocos?<\/p>\n<p>ANDRE\u00cdTA: Los comecocos, el Pacman. (EN VOZ BAJA) Ahora vives donde todas las cosas que est\u00e1n al otro lado de la pantalla.<\/p>\n<p>ARTURITO: Pero, \u00bfc\u00f3mo se sale de aqu\u00ed?<\/p>\n<p>ANITA: No hay salida\u2026<\/p>\n<p>ANDRE\u00cdTA: Excepto que\u2026<\/p>\n<p>YOUTUBER: (INTERRUMPE) \u00a1Hola! Bienvenidos a mi canal. \u00a1No olvid\u00e9is suscribiros y darle like!<\/p>\n<p>ANDRE\u00cdTA: \u00a1Buenooooo! El pesao. Disimulad, que no vea que le vemos\u2026.<\/p>\n<p>TODOS: (SILVAN)<\/p>\n<p>YOUTUBER: (ALEJ\u00c1NDOSE) \u00a1No olvid\u00e9is suscribiros y darle like! \u00a1No olvid\u00e9is suscribiros y darle like! \u00a1No olvid\u00e9is suscribiros y darle like! \u00a1No olvid\u00e9is suscribiros y darle like!<\/p>\n<p>ARTURITO: \u00a1Oh! \u00a1Likes! \u00a1Me encantan los likes!<\/p>\n<p>ANITA: \u00a1Nooooo! \u00a1No digas eso!<\/p>\n<p>ANDRE\u00cdTA: \u00a1Poneos a resguardo!<\/p>\n<p>ARTURITO: (AT\u00d3NITO) \u00bfEst\u00e1n lloviendo <em>megustas<\/em>?<\/p>\n<p>ANDRE\u00cdTA: (ENTRE DIENTES) S\u00ed, hay que tener mucho cuidado con lo que se dice aqu\u00ed dentro\u2026<\/p>\n<p>BORJA: (VOZ ININTELIGIBLE) Hola, \u00bfQui\u00e9n es este ni\u00f1o? \u00bfes que hay nuevas incorporaciones?<\/p>\n<p>ANITA: Se llama Arturito. Acaba de llegar.<\/p>\n<p>BORJA: Encantado, soy Borja.<\/p>\n<p>ARTURITO: (SUSURRA) \u00bfQu\u00e9 le pasa en la boca?<\/p>\n<p>ANDRE\u00cdTA: (EN VOZ BAJA) Nada, es que lleva aqu\u00ed tanto tiempo que se le est\u00e1 olvidando hablar.<\/p>\n<p>ARTURITO: (LLORIQUEA) Ayayayayayay\u2026 yo me quiero ir a mi casa, de verdad.<br \/>\n(HIST\u00c9RICO) \u00a1\u00a1\u00a1Quiero salir de aqu\u00ed!!!<\/p>\n<p>ANITA: \u00a1Otro que se pone hist\u00e9rico!<\/p>\n<p>ANDRE\u00cdTA: Toma, respira dentro de esta bolsa, tranquil\u00edzate<\/p>\n<p>ARTURITO: (RESPIRA, AGITADO, DENTRO DE LA BOLSA DE PAPEL)<\/p>\n<p>ANDRE\u00cdTA: \u00bfMejor?<\/p>\n<p>ARTURITO: (HABLA DENTRO DE LA BOLSA) Un poco\u2026 (SIGUE RESPIRANDO DENTRO DE LA BOLSA Y SE VA CALMANDO) Ay, jop\u00e9, vaya l\u00edo\u2026 \u00bfYa no voy a ver a mi madre nunca m\u00e1s? \u00bfNi a mi padre? \u00bfNi a mis hermanos?<\/p>\n<p>ANITA: \u00bfCrees que ya est\u00e1 preparado?<\/p>\n<p>ANDRE\u00cdTA: Yo creo que s\u00ed\u2026 EJEM\u2026 Arturito, mira, ver\u00e1s. Este es tu mando.<\/p>\n<p>ARTURITO: \u00bfMi mando?<\/p>\n<p>ANDRE\u00cdTA: S\u00ed, con este bot\u00f3n enciendes tu pantalla y ves lo que ocurre al otro lado. Mira.<\/p>\n<p>ARTURITO: Oh, oh, oh, es mi casa. \u00a1Es mi madre! \u00bfMam\u00e1!? \u00a1MAM\u00c1\u00c1\u00c1\u00c1\u00c1\u00c1!<\/p>\n<p>ANITA: No te esfuerces, no puede o\u00edrte.<\/p>\n<p>(ARTURITO DA GOLPES PARA ROMPER LA PANTALLA)<\/p>\n<p>ARTURITO: \u00a1Oh! Est\u00e1n jugando al parch\u00eds. \u00a1Todos juntos! \u00a1PAPA\u00c1\u00c1\u00c1\u00c1\u00c1A!\u00a0 (DIENTES APRETADOS) Tiene que haber alg\u00fan modo de romper esto.<\/p>\n<p>ANDRE\u00cdTA: Qu\u00e9date el mando. \u00dasalo cuando los eches de menos.<\/p>\n<p>ARTURITO: \u00a1Oh! \u00a1Oooooh! Ahora van a leer juntos ese cuento tan bonito que tanto me<br \/>\ngusta.<\/p>\n<p>ANITA: Sin ti<\/p>\n<p>ARTURITO: (TRISTE) Sin m\u00ed. (PAUSA) \u00bfY no me echan de menos?<\/p>\n<p>ANDRE\u00cdTA: \u00bfHace cu\u00e1nto que no pasas tiempo con ellos?<\/p>\n<p>ARTURITO: (SE LAMENTA) \u00a1Ni me acuerdo!<\/p>\n<p>ANDRE\u00cdTA: Por eso no te echan de menos, porque ya nunca est\u00e1s.<\/p>\n<p>ARTURITO: Pero, \u00bfno se dan cuenta de que he desaparecido?<\/p>\n<p>ANITA: (RISA) \u00a1Es que no has desaparecido! Tu cuerpo sigue en el mundo real,<br \/>\ndelante de la <em>tablet<\/em>.<\/p>\n<p>ANDRE\u00cdTA: Es solo tu mente la que est\u00e1 atrapada por la captura de pantalla.<\/p>\n<p>ANITA: S\u00ed, tu cuerpo es m\u00e1s bien como un\u2026 un\u2026<\/p>\n<p>ANDRE\u00cdTA: Un holograma<\/p>\n<p>ANITA: \u00a1Eso!<\/p>\n<p>ARTURITO: \u00bfUn HOLO- QU\u00c9EEE?<\/p>\n<p>ANITA: \u00a1Las luces que dejan ciego! \u00a1Poneos las gafas de sol!<\/p>\n<p>ANDRE\u00cdTA: \u00a1Uyyysss! Por poco<\/p>\n<p>ARTURITO: Esto no mola, quiero volver a casa, con mi familia. Y hacer cosas: jugar, leer, bajar al parque y montar en bici. \u00a1No quiero quedarme capturado por esta pantalla!<\/p>\n<p>ANDRE\u00cdTA: Solo hay un modo de salir de aqu\u00ed, pero no est\u00e1 en tu mano.<\/p>\n<p>ARTURITO: \u00bfY entonces? (SUPLICANTE) \u00bfDe qui\u00e9n depende?<\/p>\n<p>ANITA: De ellos.<\/p>\n<p>ARTURITO: \u00bfDe mis padres?<\/p>\n<p>ANDRE\u00cdTA: S\u00ed, tienen que rescatarte antes de que tu cuerpo desaparezca del todo.<\/p>\n<p>ANITA: \u00a1Espera, espera! Creo que va a ocurrir algo. \u00a1Sube el volumen!<\/p>\n<p>MADRE: \u00a1Venga, coged los patines que nos vamos al parque!<\/p>\n<p>HERMANITA: \u00a1Yo no quiero llevar casco!<\/p>\n<p>MADRE: \u00bfC\u00f3mo que no? \u00bfQu\u00e9 quieres? \u00bfRomperte la crisma? \u00a1O te lo pones<br \/>\no no hay patines! (AL NI\u00d1O) \u00a1Arturito! Deja la <em>tablet<\/em> y es la \u00faltima vez que te lo digo.<\/p>\n<p>ANDRE\u00cdTA: S\u00ed, s\u00ed\u2026 venga, hazlo, madre de Arturito\u2026. \u00a1T\u00fa puedes!<\/p>\n<p>MADRE:\u00a0 \u00a1Arturito! \u00a1Qu\u00e9 vengas ya te digo, hoooombre! Que llevas toda la tarde pegado a la pantallita. \u00a1Te vas a quedar sin neuronas!<\/p>\n<p>ARTURITO: (EMOCIONADO) \u00a1Mam\u00e1aaa! \u00a1Eres t\u00fa! \u00a1Cu\u00e1nto te quiero!<\/p>\n<p>MADRE: \u00a1Ni <em>te quiero<\/em> ni <em>te quiera<\/em>! Que no me hagas la pelota, que te he dicho que se acab\u00f3 la <em>tablet<\/em> y se acab\u00f3. Ponte el abrigo yaaaa, hombreeee\u2026<\/p>\n<p>AMBAS NI\u00d1AS: \u00a1Bien!<\/p>\n<p>ANITA: Qu\u00e9 suerte ha tenido. Le ha salvado su madre en el \u00faltimo momento.<\/p>\n<p>ANDRE\u00cdTA: S\u00ed, ya empezaba a desaparecer\u2026<\/p>\n<p>ANITA: Bueno, \u00bfJugamos a algo del mundo real? \u00bfA las palabras encadenadas?<\/p>\n<p>BORJA: \u00a1Oh s\u00ed, me encanta ese juego!<\/p>\n<p>ANDRE\u00cdTA: No, a eso no. Que a Borja no se le entiende un pimiento. \u00bfA la gallinita ciega? Como los tres estamos miopes perdidos\u2026<\/p>\n<p>ANDRE\u00cdTA: \u00a1Venga! \u00a1Yo la llevo!<\/p>\n<h2>Los peligros de las nuevas tecnolog\u00edas explicados a los ni\u00f1os<\/h2>\n<p>M\u00e1s all\u00e1 de este cuento sobre la tecnolog\u00eda donde se aborda el tema en clave de humor, debes saber que<strong> las pantallas son uno de los grandes inventos de la historia de la humanidad.<\/strong> Gracias a las pantallas podemos, por ejemplo, ver cine, trabajar con ordenadores o tener encuentros virtuales con amigos o familiares. Pero, si bien las pantallas nos acercan a qui\u00e9nes est\u00e1n lejos, tambi\u00e9n pueden acabar alej\u00e1ndonos de quienes est\u00e1n cerca.<\/p>\n<p><strong>Abusar de las pantallas puede provocar que nos aislemos de nuestros seres queridos<\/strong>, como le pas\u00f3 a Arturito. Tambi\u00e9n son malas para la vista, porque el ojo humano no est\u00e1 preparado para pasar demasiado tiempo mirando un objeto luminoso.<\/p>\n<p>Otros problemas que ocasiona el abuso de las pantallas son <strong>sacar peores notas, dormir poco y peor, que te vuelvas m\u00e1s <em>enfadica<\/em><\/strong>, que tengas problemas para atender o concentrarte, que engordes mucho, que te pongas triste o retraso en el lenguaje, como le pas\u00f3 a Borja.<\/p>\n<p>Las pantallas pueden parecerte muy atractivas, pero en realidad no lo son tanto. <strong>No ofrecen olores, no puedes tocar lo que hay tras ellas<\/strong> y no puedes jugar con ellas igual que lo haces con tus amigos.<\/p>\n<p><strong>\u00a1Tampoco son necesarias para entretenerte!<\/strong> \u00a1Es mejor dejar volar la imaginaci\u00f3n leyendo bonitos <span style=\"color: #3366ff;\"><a style=\"color: #3366ff;\" href=\"https:\/\/www.mumablue.com\/esp\/nuestros-cuentos-personalizados?utm_source=blog&amp;utm_medium=link&amp;utm_campaign=p\u00e1ginas-audiocuentos&amp;utm_content=cuento-tecnologia\" target=\"_blank\" rel=\"noopener noreferrer\">cuentos Mumablue para regalo<\/a><\/span> en los que t\u00fa eres el protagonista o escuchando tus <span style=\"color: #3366ff;\"><a style=\"color: #3366ff;\" href=\"https:\/\/www.mumablue.com\/blog\/pequehistorias\/\" target=\"_blank\" rel=\"noopener noreferrer\">pequehistorias<\/a><\/span> favoritas! Usa las pantallas, pero poquito, el tiempo que mam\u00e1 o pap\u00e1 te digan que es el adecuado para tu edad.<\/p>\n<h2>Otros cuentos educativos y con valores que os gustar\u00e1n<\/h2>\n<p>Si hab\u00e9is disfrutado con este cuento sobre la tecnolog\u00eda centrado en el uso de pantallas, te damos la posibilidad de descubrir otros muchos <strong>cuentos y audiocuentos que ense\u00f1an a los peques a desarrollar buenos h\u00e1bitos en el mundo actual.<\/strong> Os recomendamos escuchar o leer \u00ab<a href=\"https:\/\/www.mumablue.com\/blog\/cuento-sobre-el-tiempo-para-ninos-audiocuento-gratis\/\" target=\"_blank\" rel=\"noopener noreferrer\"><span style=\"color: #3366ff;\">Los ladrones de tiempo<\/span><\/a>\u00ab, un cuento que ense\u00f1a qu\u00e9 h\u00e1bitos o rutinas de la vida nos roban los minutos sin que nos demos cuenta, entre ellos, pasar mucho tiempo delante de la tele. No es un cuento sobre la tecnolog\u00eda como tal, pero aborda el tema de forma secundaria.<\/p>\n<p>En \u00ab<span style=\"color: #3366ff;\"><a style=\"color: #3366ff;\" href=\"https:\/\/www.mumablue.com\/blog\/cuento-educativo-para-leer\/\" target=\"_blank\" rel=\"noopener noreferrer\">El Museo del Silencio<\/a><\/span>\u00ab, los peques aprender\u00e1n <strong>lo importante que es expresar los sentimientos y ser capaces de comunicarnos<\/strong> con otras personas, y entender\u00e1n que \u00abal decir lo que nunca se hab\u00eda dicho, sucedi\u00f3 lo que nunca hab\u00eda sucedido\u00bb.<\/p>\n<p>Si deseas inculcarle a tu peque <strong>valores relacionados con la ecolog\u00eda y el cuidado del medio ambiente<\/strong>, te recomendamos dos: \u00ab<span style=\"color: #3366ff;\"><a style=\"color: #3366ff;\" href=\"https:\/\/www.mumablue.com\/blog\/cuento-de-ecologia-para-leer-a-los-ninos\/\" target=\"_blank\" rel=\"noopener noreferrer\">Unas extra\u00f1as medusas<\/a><\/span>\u00ab, que aborda el problema de los pl\u00e1sticos en los oc\u00e9anos, y \u00ab<a href=\"https:\/\/www.mumablue.com\/blog\/cuento-sobre-el-medio-ambiente-para-ninos-audiocuento\/\" target=\"_blank\" rel=\"noopener noreferrer\"><span style=\"color: #3366ff;\">Ondina<\/span><\/a>\u00ab, sobre el respeto de los entornos naturales cuando vamos de excursi\u00f3n al campo.<\/p>\n<p><strong>Y si lo que buscas son cuentos sobre la igualdad de g\u00e9nero<\/strong>, \u00ab<span style=\"color: #3366ff;\"><a style=\"color: #3366ff;\" href=\"https:\/\/www.mumablue.com\/blog\/cuento-de-igualdad-de-genero-divertido-audiocuento\/\" target=\"_blank\" rel=\"noopener noreferrer\">El pr\u00edncipe Catapulto<\/a><\/span>\u00bb es una divertida opci\u00f3n. Nos cuenta que ni las princesas tienen por qu\u00e9 ser salvadas por un pr\u00edncipe, ni los pr\u00edncipes deben cargar con el yugo de ser los libertadores de princesas. Esta ruptura con los estereotipos de los cuentos cl\u00e1sicos tambi\u00e9n se refleja en el poema \u00ab<span style=\"color: #3366ff;\"><a style=\"color: #3366ff;\" href=\"https:\/\/www.mumablue.com\/blog\/poesia-para-ninos-con-valores-divertida\/\" target=\"_blank\" rel=\"noopener noreferrer\">El sue\u00f1o de la Bella Durmiente<\/a><\/span>\u00ab.<\/p>\n<p>En relaci\u00f3n a <strong>los aprendizajes necesarios dentro de su propia rutina<\/strong>, puedes encontrar \u00ab<span style=\"color: #3366ff;\"><a style=\"color: #3366ff;\" href=\"https:\/\/www.mumablue.com\/blog\/cuento-para-comer-una-poesia-muy-divertida\/\" target=\"_blank\" rel=\"noopener noreferrer\">Un cuento para comer<\/a><\/span>\u00bb un poema que anima a comer de todo. Tambi\u00e9n el poema de hermanos que se pelean \u00ab<span style=\"color: #3366ff;\"><a style=\"color: #3366ff;\" href=\"https:\/\/www.mumablue.com\/blog\/poema-de-hermanos-para-ninos-audiopoesia-gratis\/\" target=\"_blank\" rel=\"noopener noreferrer\">Gritafuerte y gritam\u00e1s<\/a><\/span>\u00ab, o la poes\u00eda titulada \u00ab\u00a1A recoger la habitaci\u00f3n!\u00bb. Para hacerle entender la importancia de ser ordenado, el cuento teatralizado \u00ab<a href=\"https:\/\/www.mumablue.com\/blog\/cuento-de-juguetes-divertido-y-educativo-audiocuento\/\" target=\"_blank\" rel=\"noopener noreferrer\"><span style=\"color: #3366ff;\">Juguetes en problemas<\/span><\/a>\u00bb es una buena idea.<\/p>\n<p>En el blog de Mumablue encontrar\u00e1s un mont\u00f3n de propuestas educativas. Si te ha gustado este cuento sobre la tecnolog\u00eda explicada a los ni\u00f1os, no lo dudes y<strong> comp\u00e1rtelo con otros pap\u00e1s para que nuestro proyecto nunca se acabe.<\/strong><\/p>\n<div style='text-align:left' class='yasr-auto-insert-visitor'><\/div>","protected":false},"excerpt":{"rendered":"<p>Muchos pap\u00e1s y mam\u00e1s buscamos un cuento sobre la tecnolog\u00eda para explicarle a nuestros hijos los riesgos que comporta no hacer un uso responsable. En Mumablue quer\u00edamos tratar este tema de la mejor manera que sabemos: con un cuento que haga ver a los peques lo peligroso que es pasar muchas horas delante de las [&hellip;]<\/p>\n","protected":false},"author":6,"featured_media":0,"parent":0,"menu_order":0,"comment_status":"closed","ping_status":"closed","template":"","meta":{"yasr_overall_rating":0,"yasr_post_is_review":"","yasr_auto_insert_disabled":"","yasr_review_type":""},"yasr_visitor_votes":{"number_of_votes":17,"sum_votes":76,"stars_attributes":{"read_only":false,"span_bottom":false}},"yoast_head":"<!-- This site is optimized with the Yoast SEO plugin v14.5 - https:\/\/yoast.com\/wordpress\/plugins\/seo\/ -->\n<meta name=\"description\" content=\"Este cuento sobre la tecnolog\u00eda se centra en los riesgos de un uso excesivo de las pantallas por parte de los m\u00e1s peques. \u00a1Con audiocuento teatralizado!\" \/>\n<meta name=\"robots\" content=\"index, follow\" \/>\n<meta name=\"googlebot\" content=\"index, follow, max-snippet:-1, max-image-preview:large, max-video-preview:-1\" \/>\n<meta name=\"bingbot\" content=\"index, follow, max-snippet:-1, max-image-preview:large, max-video-preview:-1\" \/>\n<link rel=\"canonical\" href=\"https:\/\/www.mumablue.com\/blog\/cuento-sobre-la-tecnologia-educativo-audiocuento\/\" \/>\n<meta property=\"og:locale\" content=\"es_ES\" \/>\n<meta property=\"og:type\" content=\"article\" \/>\n<meta property=\"og:title\" content=\"Cuento sobre la tecnolog\u00eda educativo + audiocuento - Blog Mumablue\" \/>\n<meta property=\"og:description\" content=\"Este cuento sobre la tecnolog\u00eda se centra en los riesgos de un uso excesivo de las pantallas por parte de los m\u00e1s peques. \u00a1Con audiocuento teatralizado!\" \/>\n<meta property=\"og:url\" content=\"https:\/\/www.mumablue.com\/blog\/cuento-sobre-la-tecnologia-educativo-audiocuento\/\" \/>\n<meta property=\"og:site_name\" content=\"Blog Mumablue\" \/>\n<meta property=\"article:publisher\" content=\"https:\/\/www.facebook.com\/mumablue\/\" \/>\n<meta property=\"article:modified_time\" content=\"2025-06-02T16:29:26+00:00\" \/>\n<meta property=\"og:image\" content=\"https:\/\/www.mumablue.com\/blog\/wp-content\/uploads\/2022\/05\/Captura-de-pantalla-2.jpg\" \/>\n<meta name=\"twitter:card\" content=\"summary_large_image\" \/>\n<script type=\"application\/ld+json\" class=\"yoast-schema-graph\">{\"@context\":\"https:\/\/schema.org\",\"@graph\":[{\"@type\":\"Organization\",\"@id\":\"https:\/\/www.mumablue.com\/blog\/#organization\",\"name\":\"Mumablue\",\"url\":\"https:\/\/www.mumablue.com\/blog\/\",\"sameAs\":[\"https:\/\/www.facebook.com\/mumablue\/\",\"https:\/\/www.instagram.com\/mumablue\/?hl=es\"],\"logo\":{\"@type\":\"ImageObject\",\"@id\":\"https:\/\/www.mumablue.com\/blog\/#logo\",\"inLanguage\":\"es\",\"url\":\"https:\/\/www.mumablue.com\/blog\/wp-content\/uploads\/2020\/05\/Blog-Mumablue.png\",\"width\":749,\"height\":269,\"caption\":\"Mumablue\"},\"image\":{\"@id\":\"https:\/\/www.mumablue.com\/blog\/#logo\"}},{\"@type\":\"WebSite\",\"@id\":\"https:\/\/www.mumablue.com\/blog\/#website\",\"url\":\"https:\/\/www.mumablue.com\/blog\/\",\"name\":\"Blog Mumablue\",\"description\":\"Un blog de cuentos y audiocuentos gratis para ni\\u00f1os.\",\"publisher\":{\"@id\":\"https:\/\/www.mumablue.com\/blog\/#organization\"},\"potentialAction\":[{\"@type\":\"SearchAction\",\"target\":\"https:\/\/www.mumablue.com\/blog\/?s={search_term_string}\",\"query-input\":\"required name=search_term_string\"}],\"inLanguage\":\"es\"},{\"@type\":\"ImageObject\",\"@id\":\"https:\/\/www.mumablue.com\/blog\/cuento-sobre-la-tecnologia-educativo-audiocuento\/#primaryimage\",\"inLanguage\":\"es\",\"url\":\"https:\/\/www.mumablue.com\/blog\/wp-content\/uploads\/2022\/05\/Captura-de-pantalla-2.jpg\",\"width\":500,\"height\":500,\"caption\":\"Cuento sobre la tecnolog\\u00eda\"},{\"@type\":\"WebPage\",\"@id\":\"https:\/\/www.mumablue.com\/blog\/cuento-sobre-la-tecnologia-educativo-audiocuento\/#webpage\",\"url\":\"https:\/\/www.mumablue.com\/blog\/cuento-sobre-la-tecnologia-educativo-audiocuento\/\",\"name\":\"Cuento sobre la tecnolog\\u00eda educativo + audiocuento - Blog Mumablue\",\"isPartOf\":{\"@id\":\"https:\/\/www.mumablue.com\/blog\/#website\"},\"primaryImageOfPage\":{\"@id\":\"https:\/\/www.mumablue.com\/blog\/cuento-sobre-la-tecnologia-educativo-audiocuento\/#primaryimage\"},\"datePublished\":\"2022-05-24T12:06:53+00:00\",\"dateModified\":\"2025-06-02T16:29:26+00:00\",\"description\":\"Este cuento sobre la tecnolog\\u00eda se centra en los riesgos de un uso excesivo de las pantallas por parte de los m\\u00e1s peques. \\u00a1Con audiocuento teatralizado!\",\"inLanguage\":\"es\",\"potentialAction\":[{\"@type\":\"ReadAction\",\"target\":[\"https:\/\/www.mumablue.com\/blog\/cuento-sobre-la-tecnologia-educativo-audiocuento\/\"]}]}]}<\/script>\n<!-- \/ Yoast SEO plugin. -->","_links":{"self":[{"href":"https:\/\/www.mumablue.com\/blog\/wp-json\/wp\/v2\/pages\/5948"}],"collection":[{"href":"https:\/\/www.mumablue.com\/blog\/wp-json\/wp\/v2\/pages"}],"about":[{"href":"https:\/\/www.mumablue.com\/blog\/wp-json\/wp\/v2\/types\/page"}],"author":[{"embeddable":true,"href":"https:\/\/www.mumablue.com\/blog\/wp-json\/wp\/v2\/users\/6"}],"replies":[{"embeddable":true,"href":"https:\/\/www.mumablue.com\/blog\/wp-json\/wp\/v2\/comments?post=5948"}],"version-history":[{"count":2,"href":"https:\/\/www.mumablue.com\/blog\/wp-json\/wp\/v2\/pages\/5948\/revisions"}],"predecessor-version":[{"id":7622,"href":"https:\/\/www.mumablue.com\/blog\/wp-json\/wp\/v2\/pages\/5948\/revisions\/7622"}],"wp:attachment":[{"href":"https:\/\/www.mumablue.com\/blog\/wp-json\/wp\/v2\/media?parent=5948"}],"curies":[{"name":"wp","href":"https:\/\/api.w.org\/{rel}","templated":true}]}}