{"id":5911,"date":"2022-05-24T09:07:39","date_gmt":"2022-05-24T09:07:39","guid":{"rendered":"https:\/\/mumablue.com\/blog\/?page_id=5911"},"modified":"2025-06-02T16:25:04","modified_gmt":"2025-06-02T16:25:04","slug":"cuento-de-un-perro-ninos-audiocuento","status":"publish","type":"page","link":"https:\/\/www.mumablue.com\/blog\/cuento-de-un-perro-ninos-audiocuento\/","title":{"rendered":"Cuento de un perro fiel para ni\u00f1os + audiocuento"},"content":{"rendered":"<p><img decoding=\"async\" loading=\"lazy\" class=\"alignnone size-full wp-image-5920\" src=\"https:\/\/www.mumablue.com\/blog\/wp-content\/uploads\/2022\/05\/El-perrito-de-la-estaci\u00f3n.jpg\" alt=\"cuento de un perro\" width=\"500\" height=\"500\" srcset=\"https:\/\/www.mumablue.com\/blog\/wp-content\/uploads\/2022\/05\/El-perrito-de-la-estaci\u00f3n.jpg 500w, https:\/\/www.mumablue.com\/blog\/wp-content\/uploads\/2022\/05\/El-perrito-de-la-estaci\u00f3n-300x300.jpg 300w, https:\/\/www.mumablue.com\/blog\/wp-content\/uploads\/2022\/05\/El-perrito-de-la-estaci\u00f3n-150x150.jpg 150w\" sizes=\"(max-width: 500px) 100vw, 500px\" \/><\/p>\n<p>Hoy os traemos el bonito cuento de un perro con el que <strong>los ni\u00f1os descubrir\u00e1n el gran coraz\u00f3n que tienen nuestros amigos peludos<\/strong>. Se trata de \u00abEl perrito de la estaci\u00f3n\u00bb, una historia de p\u00e9rdida y espera, con final feliz, en la que un perrito logra reencontrase con su amo despu\u00e9s de mucho tiempo.<\/p>\n<p>En el barullo de la vieja estaci\u00f3n, Brinco pierde a Tom\u00e9, quien est\u00e1 a punto de subirse a un tren que lo llevar\u00e1 lejos.<strong> Desde ese d\u00edas, Brinco esperar\u00e1 a Tom\u00e9, d\u00eda tras d\u00eda, en el and\u00e9n de la vieja estaci\u00f3n.<\/strong> Ser\u00e1 su amiga Madeja, una gatita callejera, quien le anime a dejar de esperar y lanzarse a buscarlo. Un cuento que habla de amistad, fidelidad, paciencia y arrojo.<\/p>\n<p>Te dejamos <strong>este cuento de un perro para escuchar, una versi\u00f3n inmersiva<\/strong> en la que tu peque se trasladar\u00e1 a la estaci\u00f3n de tren gracias a su ambientaci\u00f3n sonora. Si prefieres leerle el cuento t\u00fa mismo, puedes encontrar el texto m\u00e1s abajo.<\/p>\n<h6><script src=\"https:\/\/www.buzzsprout.com\/937792\/10499319-el-perrito-de-la-estacion.js?container_id=buzzsprout-player-10499319&#038;player=small\" type=\"text\/javascript\" charset=\"utf-8\"><\/script> <b>M\u00fasica: <\/b>Public Domain-\u00a0<span style=\"color: #3366ff;\"><a style=\"color: #3366ff;\" href=\"https:\/\/freepd.com\/romantic.php\">Piano Magic Motive<\/a><\/span>, por Kevin MacLeod;\u00a0<span style=\"color: #3366ff;\"><a style=\"color: #3366ff;\" href=\"https:\/\/freepd.com\/romantic.php\">Winter<\/a><\/span>, por Alexander Nakarada;\u00a0<span style=\"color: #3366ff;\"><a style=\"color: #3366ff;\" href=\"https:\/\/freepd.com\/upbeat.php\">Inventing Flight<\/a><\/span>, por Brian Teoh;\u00a0<span style=\"color: #3366ff;\"><a style=\"color: #3366ff;\" href=\"https:\/\/freepd.com\/romantic.php\">Romantic Inspiration<\/a><\/span>, por Rafael Krux.<\/h6>\n<p><a href=\"https:\/\/www.mumablue.com\/esp\/nuestros-cuentos-personalizados\/cuento-personalizado-papa?utm_source=blog&amp;utm_medium=banner&amp;utm_campaign=paginas-audiocuentos&amp;utm_content=cuento-perro\" target=\"_blank\" rel=\"noopener\"><img decoding=\"async\" loading=\"lazy\" class=\"alignnone wp-image-7482 size-full\" src=\"https:\/\/www.mumablue.com\/blog\/wp-content\/uploads\/2025\/04\/Banner-Padre-1.jpg\" alt=\"\" width=\"300\" height=\"460\" srcset=\"https:\/\/www.mumablue.com\/blog\/wp-content\/uploads\/2025\/04\/Banner-Padre-1.jpg 300w, https:\/\/www.mumablue.com\/blog\/wp-content\/uploads\/2025\/04\/Banner-Padre-1-196x300.jpg 196w\" sizes=\"(max-width: 300px) 100vw, 300px\" \/><\/a><\/p>\n<h2>Cuento de un perro\u00a0 para leer: \u00abEl perrito de la estaci\u00f3n\u00bb<\/h2>\n<p>Hac\u00eda ya dos a\u00f1os que Brinco viv\u00eda en la vieja estaci\u00f3n. Tan solo era un cachorro cuando vio por \u00faltima vez a Tom\u00e9, su humano mejor amigo. Brinco no recordaba mucho de aquel d\u00eda, solo que iban a subir en un tren con destino a alg\u00fan lugar, cuando perdi\u00f3 de vista a Tom\u00e9. Y que, de pronto, a su alrededor todo eran piernas de gente que corr\u00eda, apresurada. Brinco ladraba, llamando a Tom\u00e9. Pero sus ladridos quedaban ahogados por rugidos de trenes y silbatos de viejas locomotoras. El caos de prisa y ruido asust\u00f3 mucho a Brinco, de manera que se refugi\u00f3 bajo un banco de piedra. All\u00ed se qued\u00f3, temblando de miedo, hasta que lleg\u00f3 la noche y la estaci\u00f3n qued\u00f3 vac\u00eda. Todav\u00eda recordaba la visi\u00f3n, entre l\u00e1grimas, del tren haci\u00e9ndose cada vez m\u00e1s peque\u00f1ito a medida que se alejaba.<\/p>\n<p>Hac\u00eda ya dos a\u00f1os de aqu\u00e9l d\u00eda. Y ni uno solo hab\u00eda dejado Brinco de esperar en la estaci\u00f3n, por si Tom\u00e9 volv\u00eda. Sal\u00eda de debajo del banco que hab\u00eda convertido en su refugio, moviendo el rabo, cada vez que un nuevo tren llegaba a la estaci\u00f3n. Pero Tom\u00e9 nunca bajaba de ninguno de ellos. Entonces Madeja, una gata callejera que acud\u00eda cada d\u00eda a la vieja estaci\u00f3n en busca de restos de comida, se le acercaba en silencio.<\/p>\n<p>-\u00bfTampoco ha habido suerte con este tren? -maull\u00f3 la gatita.<br \/>\n-No, en este tampoco ha venido. Tal vez regrese ma\u00f1ana -respondi\u00f3 Brinco, a\u00fan lleno de optimismo.<\/p>\n<p>Brinco estaba seguro que Tom\u00e9 no se hab\u00eda olvidado de \u00e9l. Y por eso esperaba en la vieja estaci\u00f3n y acud\u00eda a recibir, esperanzado, a los pasajeros de cada tren que paraba.<\/p>\n<p>Al principio fue duro. Brinco pas\u00f3 mucho fr\u00edo, tuvo que sobrevivir buscando comida en la basura. Algunos alimentos le provocaban dolor de tripa. Los d\u00edas de lluvia, Brinco acababa empapado, y los guardias de la estaci\u00f3n le persegu\u00edan para capturarlo y llevarlo a la perrera. Pero Brinco siempre lograba superar las adversidades: el deseo de reencontrarse con Tom\u00e9 era mucho m\u00e1s fuerte. De modo que pronto los guardias se acostumbraron a \u00e9l, y muchos pasajeros le cogieron cari\u00f1o. Algunos de ellos le saludaban cuando bajaban del tren; otros, le ofrec\u00edan los restos de sus bocadillos. Y Brinco siempre guardaba un pedazo para su amiga Madeja.<\/p>\n<p>-Ya han pasado dos a\u00f1os, Brinco. No va a volver. No sigas esperando -le aconsej\u00f3 la gata.<br \/>\n-Pero entonces, \u00bfqu\u00e9 har\u00e9? \u00bfA d\u00f3nde ir\u00e9? Mi \u00fanica ilusi\u00f3n es volver a estar con Tom\u00e9 -respondi\u00f3 el perrito.<br \/>\n-No digo que renuncies a tu sue\u00f1o, Brinco. Ve a buscarle. Deja de esperar que venga hasta ti y ve t\u00fa a su encuentro.<br \/>\n-Pero, Madeja, No s\u00e9 a d\u00f3nde nos dirig\u00edamos. Ni siquiera pude ver qu\u00e9 tren cogi\u00f3. \u00bfPor d\u00f3nde podr\u00eda empezar a buscar?<br \/>\n-No lo s\u00e9, Brinco. Pero aqu\u00ed parece que no va a volver.<\/p>\n<p>Aquella noche Brinco la pas\u00f3 despierto, pensando en las palabras de su amiga Madeja. \u00a1La gata ten\u00eda raz\u00f3n! Si quer\u00eda que algo cambiara, ten\u00eda que hacer algo diferente. De manera que, al amanecer, Brinco se col\u00f3 en el vag\u00f3n de carga del primer tren que par\u00f3 en la vieja estaci\u00f3n. \u00a1Buscar\u00eda por todas las ciudades, hasta en el \u00faltimo pueblo, si hac\u00eda falta! No renunciar\u00eda nunca a reencontrarse con Tom\u00e9.<\/p>\n<p>***<\/p>\n<p>Hac\u00eda ya dos a\u00f1os de aqu\u00e9l d\u00eda. Y Tom\u00e9 estaba triste. Hab\u00eda perdido a Brinco, su cachorrito, el d\u00eda que cogi\u00f3 aquel tren en la vieja estaci\u00f3n. No recordaba c\u00f3mo pas\u00f3, s\u00f3lo que Brinco caminaba a su lado y, de repente, ya no estaba. Busc\u00f3 por todo el and\u00e9n, chocando con cientos de personas que corr\u00edan, apresuradas. Llam\u00e1ndolo a voces. Pero sus gritos quedaban ahogados por rugidos de trenes y silbatos de viejas locomotoras. Tom\u00e9 no quiso subir al tren, no quiso abandonar a Brinco. Pero sus t\u00edos hab\u00edan gastado todos sus ahorros en aquellos billetes y no tuvo otra opci\u00f3n que subir a bordo con ellos. Todav\u00eda recordaba la visi\u00f3n, entre l\u00e1grimas, de la vieja estaci\u00f3n haci\u00e9ndose cada vez m\u00e1s peque\u00f1ita a medida que el tren se alejaba.<\/p>\n<p>Desde ese momento, Tom\u00e9 hab\u00eda ahorrado cada c\u00e9ntimo para poder, alg\u00fan d\u00eda, comprar un billete de regreso a la vieja estaci\u00f3n. \u00a1Y ese d\u00eda hab\u00eda llegado!<\/p>\n<p>-Perder\u00e1s ese dinero y no lograr\u00e1s nada. \u00bfAcaso crees que un perro espera dos a\u00f1os en una estaci\u00f3n? -le advirti\u00f3 su t\u00eda.<br \/>\n-Como no lograr\u00e9 nada es si no lo intento, t\u00eda.<br \/>\n-T\u00fa ver\u00e1s. Pero no te hagas muchas ilusiones.<\/p>\n<p>Tom\u00e9 subi\u00f3 al primer tren del amanecer con la esperanza de reencontrarse con su amigo. El camino era largo. A\u00fan as\u00ed no le venci\u00f3 el cansancio. La ilusi\u00f3n por volver a abrazar a Brinco era mucho m\u00e1s fuerte.<\/p>\n<p>Tom\u00e9 viajaba mirando a trav\u00e9s de la ventana. Le gustaba contemplar el paisaje.<br \/>\nBrinco viajaba en el espacio entre dos vagones. Le gustaba sentir el viento acariciando su hocico.<\/p>\n<p>Y quiso el destino que ambos trenes se detuvieran en la misma estaci\u00f3n. Y que los vagones de Tom\u00e9 y de Brinco quedaran a la misma altura. Entonces se vieron.<\/p>\n<p>-\u00a1Paren el tren! \u00a1Paren el tren! \u00a1Es una emergencia! -grit\u00f3 Tom\u00e9 mientras se pon\u00eda en pie de un salto.<\/p>\n<p>Tom\u00e9 sali\u00f3 corriendo, atraves\u00f3 el vag\u00f3n de cuatro zancadas y salt\u00f3 del tren justo cuando el jefe de estaci\u00f3n tocaba el silbato para autorizar de nuevo la marcha.<br \/>\nBrinco tambi\u00e9n salt\u00f3 al and\u00e9n. Ambos se quedaron esperando a que marcharan los trenes, cada uno a un lado de las v\u00edas. Fueron unos segundos que parecieron una eternidad. Al fin, Brinco y Tom\u00e9 pudieron reencontrarse.<\/p>\n<p>-Mi querido Brinco. \u00a1Cu\u00e1nto te he echado de menos! No nos separaremos nunca m\u00e1s -dijo Tom\u00e9, con l\u00e1grimas en los ojos.<br \/>\n-\u00bfVes c\u00f3mo los sue\u00f1os se cumplen? \u00a1Pero hay que perseguirlos! -se escuch\u00f3 maullar a sus espaldas.<br \/>\n-\u00a1Madeja! \u00bfPero t\u00fa qu\u00e9 haces aqu\u00ed? -se sorprendi\u00f3 Brinco.<br \/>\n-Crees que te habr\u00eda dejado solo. Los amigos nunca se abandonan.<br \/>\n-Y t\u00fa\u2026 \u00bfves c\u00f3mo s\u00ed que iba a volver a buscarme? -hizo ver el perrito.<br \/>\n-Bueno, a veces el destino necesita que ambas partes den un paso adelante\u2026<\/p>\n<p>Desde ese d\u00eda, Brinco y Tom\u00e9 jam\u00e1s se volvieron a separar; tampoco de Madeja, quien se fue a vivir con ellos a una bonita casa en el campo. Y los tres vivieron felices para siempre. Y nunca dejaron de perseguir sus sue\u00f1os.<\/p>\n<p><img decoding=\"async\" loading=\"lazy\" class=\"alignnone size-full wp-image-5916\" src=\"https:\/\/www.mumablue.com\/blog\/wp-content\/uploads\/2022\/05\/Polvo-de-estrellas_.jpg\" alt=\"cuento de un perro\" width=\"500\" height=\"500\" srcset=\"https:\/\/www.mumablue.com\/blog\/wp-content\/uploads\/2022\/05\/Polvo-de-estrellas_.jpg 500w, https:\/\/www.mumablue.com\/blog\/wp-content\/uploads\/2022\/05\/Polvo-de-estrellas_-300x300.jpg 300w, https:\/\/www.mumablue.com\/blog\/wp-content\/uploads\/2022\/05\/Polvo-de-estrellas_-150x150.jpg 150w\" sizes=\"(max-width: 500px) 100vw, 500px\" \/><\/p>\n<h2>M\u00e1s cuentos y audiocuentos de animales<\/h2>\n<p>Si a tu peque le gustan los cuentos de animales, tenemos buenas noticias, porque m\u00e1s all\u00e1 de este cuento de un perro que acab\u00e1is de disfrutar, <strong>os ofrecemos otros muchos relatos que tienen animales como protagonistas<\/strong> y que se alejan del concepto de f\u00e1bula tradicional, en busca de un planteamiento m\u00e1s actual.<\/p>\n<p>Si est\u00e1is buscando <strong>un cuento de un perro porque vuestra mascota os ha dejado hace poco<\/strong> o est\u00e1 a punto de hacerlo, es probable que a tu peque le ayude saber que vivir\u00e1 en un lugar mejor y m\u00e1gico bajo los cuidados de la se\u00f1ora Estigia. De esto trata \u00ab<span style=\"color: #3366ff;\"><a style=\"color: #3366ff;\" href=\"https:\/\/www.mumablue.com\/blog\/cuento-sobre-la-muerte-de-una-mascota-para-ninos\/\" target=\"_blank\" rel=\"noopener noreferrer\">Polvo de estrellas<\/a><\/span>\u00ab.<\/p>\n<p>\u00a1Pero espera, que falta lo mejor! Os proponemos <strong>el \u00fanico audiocuento del mundo en formato \u00abelige tu propia aventura\u00bb<\/strong>. Se trata de \u00ab<span style=\"color: #3366ff;\"><a style=\"color: #3366ff;\" href=\"https:\/\/www.mumablue.com\/blog\/cuento-del-ratoncito-perez-audiocuento-elige-tu-aventura-gratis\/\" target=\"_blank\" rel=\"noopener noreferrer\">El misterio del ratoncito P\u00e9rez<\/a><\/span>\u00bb , un relato en el que tu peque deber\u00e1 buscar a este simp\u00e1tico roedor tomando las decisiones correctas, saltando de audio en audio. Una propuesta interactiva en la que, aunque no sea un cuento de un perro, podr\u00e1 rescatar a uno y ayudarle a encontrar a su due\u00f1o.<\/p>\n<p>Y si os gusta, aqu\u00ed viene la sorpresa: \u00a1Podr\u00e9is conseguirlo en edici\u00f3n impresa para regalo, personalizado con el nombre y la ilustraci\u00f3n de tu peque en cada p\u00e1gina! Se trata de \u00ab<span style=\"color: #3366ff;\"><a style=\"color: #3366ff;\" href=\"https:\/\/www.mumablue.com\/esp\/nuestros-cuentos-personalizados\/cuento-personalizado-ratoncito-perez?utm_source=blog&amp;utm_medium=link&amp;utm_campaign=p\u00e1ginas-audiocuentos&amp;utm_content=cuento-perro\" target=\"_blank\" rel=\"noopener noreferrer\">(Nombre de tu peque) y el misterio del ratoncito P\u00e9rez<\/a><\/span>\u00ab, <strong>un cuento personalizado interactivo \u00fanico en el mundo, protagonizado en exclusiva por tu peque<\/strong>. Haz clic en la siguiente imagen para conseguirlo.<\/p>\n<p><a href=\"https:\/\/www.mumablue.com\/esp\/nuestros-cuentos-personalizados\/cuento-personalizado-mama?utm_source=blog&amp;utm_medium=banner&amp;utm_campaign=paginas-audiocuentos&amp;utm_content=cuentos-leer\" target=\"_blank\" rel=\"noopener\"><img decoding=\"async\" loading=\"lazy\" class=\"alignnone wp-image-7470 size-full\" src=\"https:\/\/www.mumablue.com\/blog\/wp-content\/uploads\/2025\/04\/Banner-Madre.jpg\" alt=\"\" width=\"300\" height=\"460\" srcset=\"https:\/\/www.mumablue.com\/blog\/wp-content\/uploads\/2025\/04\/Banner-Madre.jpg 300w, https:\/\/www.mumablue.com\/blog\/wp-content\/uploads\/2025\/04\/Banner-Madre-196x300.jpg 196w\" sizes=\"(max-width: 300px) 100vw, 300px\" \/><\/a><\/p>\n<p>Tambi\u00e9n <strong>os proponemos otros cuentos y audiocuentos gratuitos<\/strong>, el \u00ab<span style=\"color: #3366ff;\"><a style=\"color: #3366ff;\" href=\"https:\/\/www.mumablue.com\/blog\/cuento-de-animales-para-leer-a-los-ninos\/\" target=\"_blank\" rel=\"noopener noreferrer\">Viaje de Ping\u00fci<\/a><\/span>\u00ab, un relato en el que una peque\u00f1a ping\u00fcina se aleja flotando en un trozo de hielo dispuesta a conocer el Mundo de Colores. Durante su aventura conocer\u00e1 a diversos animalitos marinos, como una ballena o un cormor\u00e1n. Tambi\u00e9n puede gustarle \u00ab<span style=\"color: #3366ff;\"><a style=\"color: #3366ff;\" href=\"https:\/\/www.mumablue.com\/blog\/cuento-con-moraleja-para-leer-a-los-ninos\/\" target=\"_blank\" rel=\"noopener noreferrer\">El cangrejito manco<\/a><\/span>\u00ab, que cuenta la historia de c\u00f3mo un cangrejo que hab\u00eda perdido una pinza se acaba librando del terminar en el puchero.<\/p>\n<p>Si a tu peque le flipan los <strong>cuentos de todos esos animalitos o bichos que encuentra en los jardines<\/strong>, seguro que disfrutar\u00e1 con propuestas como \u00ab<a href=\"https:\/\/www.mumablue.com\/blog\/cuento-del-circo-para-ninos-audiocuento-gratis\/\" target=\"_blank\" rel=\"noopener noreferrer\"><span style=\"color: #3366ff;\">La domadora de hormigas<\/span><\/a>\u00ab, \u00ab<span style=\"color: #3366ff;\"><a style=\"color: #3366ff;\" href=\"https:\/\/www.mumablue.com\/blog\/cuento-de-un-caracol-para-ninos\/\" target=\"_blank\" rel=\"noopener noreferrer\">El caracol atrapado en el tiempo<\/a><\/span>\u00bb o \u00ab<a href=\"https:\/\/www.mumablue.com\/blog\/cuento-con-valores-para-leer\/\" target=\"_blank\" rel=\"noopener noreferrer\"><span style=\"color: #3366ff;\">La mariposa de los hielos<\/span><\/a>\u00ab, todos ellos con bonitos mensajes basados en valores.<\/p>\n<p>Ven\u00edas buscando un cuento de un perro y has encontrado mucho m\u00e1s. \u00a1Esperamos que disfrut\u00e9is con nuestras propuestas! <strong>Os animamos a compartir nuestros cuentos y audiocuentos<\/strong>, y a echarle un vistazo al cat\u00e1logo de los cuentos personalizados Mumablue. \u00a1Sin duda son la mejor idea cuando hay que hacer un regalo!<\/p>\n<p>Imagen de portada: <span style=\"color: #3366ff;\"><a style=\"color: #3366ff;\" href=\"https:\/\/www.freepik.es\/vectores\/locomotora\" target=\"_blank\" rel=\"noopener noreferrer\">Locomotora<\/a> <span style=\"color: #333333;\">(upklyak -freepik)<\/span><\/span><\/p>\n<div style='text-align:left' class='yasr-auto-insert-visitor'><\/div>","protected":false},"excerpt":{"rendered":"<p>Hoy os traemos el bonito cuento de un perro con el que los ni\u00f1os descubrir\u00e1n el gran coraz\u00f3n que tienen nuestros amigos peludos. Se trata de \u00abEl perrito de la estaci\u00f3n\u00bb, una historia de p\u00e9rdida y espera, con final feliz, en la que un perrito logra reencontrase con su amo despu\u00e9s de mucho tiempo. En [&hellip;]<\/p>\n","protected":false},"author":6,"featured_media":0,"parent":0,"menu_order":0,"comment_status":"closed","ping_status":"closed","template":"","meta":{"yasr_overall_rating":0,"yasr_post_is_review":"","yasr_auto_insert_disabled":"","yasr_review_type":""},"yasr_visitor_votes":{"number_of_votes":224,"sum_votes":1001,"stars_attributes":{"read_only":false,"span_bottom":false}},"yoast_head":"<!-- This site is optimized with the Yoast SEO plugin v14.5 - https:\/\/yoast.com\/wordpress\/plugins\/seo\/ -->\n<meta name=\"description\" content=\"Este cuento de un perro pone de relieve valores como la fidelidad, la amistad, la paciencia y el arrojo. Incluye versi\u00f3n en audiocuento inmersivo gratis.\" \/>\n<meta name=\"robots\" content=\"index, follow\" \/>\n<meta name=\"googlebot\" content=\"index, follow, max-snippet:-1, max-image-preview:large, max-video-preview:-1\" \/>\n<meta name=\"bingbot\" content=\"index, follow, max-snippet:-1, max-image-preview:large, max-video-preview:-1\" \/>\n<link rel=\"canonical\" href=\"https:\/\/www.mumablue.com\/blog\/cuento-de-un-perro-ninos-audiocuento\/\" \/>\n<meta property=\"og:locale\" content=\"es_ES\" \/>\n<meta property=\"og:type\" content=\"article\" \/>\n<meta property=\"og:title\" content=\"Cuento de un perro fiel para ni\u00f1os + audiocuento - Blog Mumablue\" \/>\n<meta property=\"og:description\" content=\"Este cuento de un perro pone de relieve valores como la fidelidad, la amistad, la paciencia y el arrojo. Incluye versi\u00f3n en audiocuento inmersivo gratis.\" \/>\n<meta property=\"og:url\" content=\"https:\/\/www.mumablue.com\/blog\/cuento-de-un-perro-ninos-audiocuento\/\" \/>\n<meta property=\"og:site_name\" content=\"Blog Mumablue\" \/>\n<meta property=\"article:publisher\" content=\"https:\/\/www.facebook.com\/mumablue\/\" \/>\n<meta property=\"article:modified_time\" content=\"2025-06-02T16:25:04+00:00\" \/>\n<meta property=\"og:image\" content=\"https:\/\/www.mumablue.com\/blog\/wp-content\/uploads\/2022\/05\/El-perrito-de-la-estaci\u00f3n.jpg\" \/>\n<meta name=\"twitter:card\" content=\"summary_large_image\" \/>\n<script type=\"application\/ld+json\" class=\"yoast-schema-graph\">{\"@context\":\"https:\/\/schema.org\",\"@graph\":[{\"@type\":\"Organization\",\"@id\":\"https:\/\/www.mumablue.com\/blog\/#organization\",\"name\":\"Mumablue\",\"url\":\"https:\/\/www.mumablue.com\/blog\/\",\"sameAs\":[\"https:\/\/www.facebook.com\/mumablue\/\",\"https:\/\/www.instagram.com\/mumablue\/?hl=es\"],\"logo\":{\"@type\":\"ImageObject\",\"@id\":\"https:\/\/www.mumablue.com\/blog\/#logo\",\"inLanguage\":\"es\",\"url\":\"https:\/\/www.mumablue.com\/blog\/wp-content\/uploads\/2020\/05\/Blog-Mumablue.png\",\"width\":749,\"height\":269,\"caption\":\"Mumablue\"},\"image\":{\"@id\":\"https:\/\/www.mumablue.com\/blog\/#logo\"}},{\"@type\":\"WebSite\",\"@id\":\"https:\/\/www.mumablue.com\/blog\/#website\",\"url\":\"https:\/\/www.mumablue.com\/blog\/\",\"name\":\"Blog Mumablue\",\"description\":\"Un blog de cuentos y audiocuentos gratis para ni\\u00f1os.\",\"publisher\":{\"@id\":\"https:\/\/www.mumablue.com\/blog\/#organization\"},\"potentialAction\":[{\"@type\":\"SearchAction\",\"target\":\"https:\/\/www.mumablue.com\/blog\/?s={search_term_string}\",\"query-input\":\"required name=search_term_string\"}],\"inLanguage\":\"es\"},{\"@type\":\"ImageObject\",\"@id\":\"https:\/\/www.mumablue.com\/blog\/cuento-de-un-perro-ninos-audiocuento\/#primaryimage\",\"inLanguage\":\"es\",\"url\":\"https:\/\/www.mumablue.com\/blog\/wp-content\/uploads\/2022\/05\/El-perrito-de-la-estaci\\u00f3n.jpg\",\"width\":500,\"height\":500,\"caption\":\"cuento de un perro\"},{\"@type\":\"WebPage\",\"@id\":\"https:\/\/www.mumablue.com\/blog\/cuento-de-un-perro-ninos-audiocuento\/#webpage\",\"url\":\"https:\/\/www.mumablue.com\/blog\/cuento-de-un-perro-ninos-audiocuento\/\",\"name\":\"Cuento de un perro fiel para ni\\u00f1os + audiocuento - Blog Mumablue\",\"isPartOf\":{\"@id\":\"https:\/\/www.mumablue.com\/blog\/#website\"},\"primaryImageOfPage\":{\"@id\":\"https:\/\/www.mumablue.com\/blog\/cuento-de-un-perro-ninos-audiocuento\/#primaryimage\"},\"datePublished\":\"2022-05-24T09:07:39+00:00\",\"dateModified\":\"2025-06-02T16:25:04+00:00\",\"description\":\"Este cuento de un perro pone de relieve valores como la fidelidad, la amistad, la paciencia y el arrojo. Incluye versi\\u00f3n en audiocuento inmersivo gratis.\",\"inLanguage\":\"es\",\"potentialAction\":[{\"@type\":\"ReadAction\",\"target\":[\"https:\/\/www.mumablue.com\/blog\/cuento-de-un-perro-ninos-audiocuento\/\"]}]}]}<\/script>\n<!-- \/ Yoast SEO plugin. -->","_links":{"self":[{"href":"https:\/\/www.mumablue.com\/blog\/wp-json\/wp\/v2\/pages\/5911"}],"collection":[{"href":"https:\/\/www.mumablue.com\/blog\/wp-json\/wp\/v2\/pages"}],"about":[{"href":"https:\/\/www.mumablue.com\/blog\/wp-json\/wp\/v2\/types\/page"}],"author":[{"embeddable":true,"href":"https:\/\/www.mumablue.com\/blog\/wp-json\/wp\/v2\/users\/6"}],"replies":[{"embeddable":true,"href":"https:\/\/www.mumablue.com\/blog\/wp-json\/wp\/v2\/comments?post=5911"}],"version-history":[{"count":4,"href":"https:\/\/www.mumablue.com\/blog\/wp-json\/wp\/v2\/pages\/5911\/revisions"}],"predecessor-version":[{"id":7619,"href":"https:\/\/www.mumablue.com\/blog\/wp-json\/wp\/v2\/pages\/5911\/revisions\/7619"}],"wp:attachment":[{"href":"https:\/\/www.mumablue.com\/blog\/wp-json\/wp\/v2\/media?parent=5911"}],"curies":[{"name":"wp","href":"https:\/\/api.w.org\/{rel}","templated":true}]}}