{"id":5896,"date":"2022-05-23T15:30:22","date_gmt":"2022-05-23T15:30:22","guid":{"rendered":"https:\/\/mumablue.com\/blog\/?page_id=5896"},"modified":"2025-06-02T16:18:56","modified_gmt":"2025-06-02T16:18:56","slug":"cuento-sobre-el-medio-ambiente-para-ninos-audiocuento","status":"publish","type":"page","link":"https:\/\/www.mumablue.com\/blog\/cuento-sobre-el-medio-ambiente-para-ninos-audiocuento\/","title":{"rendered":"Cuento sobre el medio ambiente para ni\u00f1os + audiocuento"},"content":{"rendered":"<p><img decoding=\"async\" loading=\"lazy\" class=\"alignnone size-full wp-image-5897\" src=\"https:\/\/www.mumablue.com\/blog\/wp-content\/uploads\/2022\/05\/Ondina-1.jpg\" alt=\"Cuento sobre el medio ambiente \" width=\"500\" height=\"500\" srcset=\"https:\/\/www.mumablue.com\/blog\/wp-content\/uploads\/2022\/05\/Ondina-1.jpg 500w, https:\/\/www.mumablue.com\/blog\/wp-content\/uploads\/2022\/05\/Ondina-1-300x300.jpg 300w, https:\/\/www.mumablue.com\/blog\/wp-content\/uploads\/2022\/05\/Ondina-1-150x150.jpg 150w\" sizes=\"(max-width: 500px) 100vw, 500px\" \/><\/p>\n<p>Muchos pap\u00e1s y mam\u00e1s buscamos un cuento sobre el medio ambiente con el que <strong>ense\u00f1ar a los peques la importancia de cuidar y respetar el mundo en que vivimos<\/strong>, sobre todo teniendo en cuenta que ser\u00e1 el planeta del que nuestros hijos depender\u00e1n a lo largo de su vida. Por eso hemos escrito un cuento sobre el medio ambiente muy especial, una historia que <strong>habla sobre la importancia de la huella ecol\u00f3gica y el respeto de los entornos naturales.<\/strong><\/p>\n<p>Ondina es una ninfa de las aguas que habita en un precioso estanque de aguas cristalina, pero <strong>la enorme afluencia de excursionistas amenaza con destruir su entorno<\/strong>, y eso ella, como guardiana de las aguas, no lo puede permitir.<\/p>\n<p><strong>Aqu\u00ed tienes el audiocuento para que puedas escucharlo junto con tu peque<\/strong>. Si prefieres leerle este cuento sobre el medio ambiente directamente, encontrar\u00e1s el texto m\u00e1s abajo.<\/p>\n<h6><script src=\"https:\/\/www.buzzsprout.com\/937792\/10373928-ondina.js?container_id=buzzsprout-player-10373928&#038;player=small\" type=\"text\/javascript\" charset=\"utf-8\"><\/script><br \/>\n<b>M\u00fasica:<\/b>\u00a0Dominio P\u00fablico &#8211;\u00a0<span style=\"color: #3366ff;\"><a style=\"color: #3366ff;\" href=\"https:\/\/freepd.com\/misc.php\">Forest Night<\/a><\/span>, por Phase Shift;\u00a0<span style=\"color: #3366ff;\"><a style=\"color: #3366ff;\" href=\"https:\/\/www.youtube.com\/watch?v=GbvwOQP4Bhs&amp;t=64s\">M\u00fasica de hadas y duendes<\/a>\u00a0<\/span>(TMSC);\u00a0<span style=\"color: #3366ff;\"><a style=\"color: #3366ff;\" href=\"https:\/\/www.youtube.com\/watch?v=lAeH1ITWVdk&amp;t=32s\">M\u00fasica de Hadas y duendes 2<\/a><\/span>\u00a0(TMSC);\u00a0<span style=\"color: #3366ff;\"><a style=\"color: #3366ff;\" href=\"https:\/\/freepd.com\/horror.php\">Satin danger<\/a><\/span>, por Kevin MacLeod.<\/h6>\n<p><a href=\"https:\/\/www.mumablue.com\/esp\/nuestros-cuentos-personalizados\/la-magia-del-nombre-mi-nino?utm_source=blog&amp;utm_medium=banner&amp;utm_campaign=p\u00e1ginas-audiocuentos&amp;utm_content=cuento-medio-ambiente\" target=\"_blank\" rel=\"noopener noreferrer\"><img decoding=\"async\" loading=\"lazy\" class=\"alignnone wp-image-5002 size-full\" src=\"https:\/\/www.mumablue.com\/blog\/wp-content\/uploads\/2021\/09\/Cuento-de-Hadas.jpg\" alt=\"cuento de Caperucita Roja diferente\" width=\"715\" height=\"162\" srcset=\"https:\/\/www.mumablue.com\/blog\/wp-content\/uploads\/2021\/09\/Cuento-de-Hadas.jpg 715w, https:\/\/www.mumablue.com\/blog\/wp-content\/uploads\/2021\/09\/Cuento-de-Hadas-300x68.jpg 300w, https:\/\/www.mumablue.com\/blog\/wp-content\/uploads\/2021\/09\/Cuento-de-Hadas-624x141.jpg 624w\" sizes=\"(max-width: 715px) 100vw, 715px\" \/><\/a><\/p>\n<h2>Cuento sobre el medio ambiente para leer: Ondina<\/h2>\n<p>\u00bfPrefieres le\u00e9rselo t\u00fa? \u00a1Estupenda idea! Nada suena m\u00e1s bonito que la voz de mam\u00e1 o de pap\u00e1. <strong>A continuaci\u00f3n te dejamos este cuento sobre el medio ambiente por escrito<\/strong>. Puedes poner esta m\u00fasica de fondo para crear un ambiente m\u00e1gico.<\/p>\n<p><iframe style=\"border: 0; width: 100%; height: 42px;\" src=\"https:\/\/bandcamp.com\/EmbeddedPlayer\/album=133577268\/size=small\/bgcol=ffffff\/linkcol=0687f5\/transparent=true\/\" seamless=\"\"><a href=\"https:\/\/alexandernakarada.bandcamp.com\/album\/1-lost-tales\">1. Lost Tales by Alexander Nakarada<\/a><\/iframe><\/p>\n<p>En lo m\u00e1s profundo del Bosque de los Susurros, al borde de un camino casi devorado por completo por ortigas y espinos, brota un manantial de agua fresca. La fuente forma un estanque de color turquesa del que beben las ra\u00edces de cientos de flores silvestres. Parece un lugar salido de un mundo m\u00e1gico. Y en realidad, as\u00ed es, pues bajo la superficie de l\u00edmpidas aguas habita un ser solitario y misterioso: Ondina.<\/p>\n<p>Hubo un tiempo en el que el camino que conduce al estanque de Ondina no estaba invadido por la vegetaci\u00f3n. Era un sendero despejado que serv\u00eda de ruta a excursionistas, pues discurr\u00eda por entre algunas de las zonas m\u00e1s bonitas del Bosque de los Susurros: la Pradera Irisada, el Molino Encantado, las Cascadas de Plata o el Puente de la Alegr\u00eda.<\/p>\n<p>Al principio era un camino desconocido por casi todo el mundo, pero poco a poco, se fue llenando de excursionistas. Al principio, unos pocos. Despu\u00e9s, algunos m\u00e1s\u2026 Al final, aut\u00e9nticas riadas de gente inundaban el lugar los fines de semana.<\/p>\n<p>El estanque de Ondina se encontraba al final del camino. Las aguas del manantial eran tan refrescantes que los excursionistas aprovechaban para tomar all\u00ed un descanso, montando un p\u00edcnic y, en los d\u00edas de calor, d\u00e1ndose alegres chapuzones en las pozas del estanque.<\/p>\n<p>Cuando a\u00fan los visitantes eran pocos, Ondina los miraba con curiosidad desde el fondo del estanque. A veces acariciaba los pies de los ni\u00f1os y les hac\u00eda cosquillas. Como Ondina se sent\u00eda muy sola, le gustaba escuchar sus risas de vez en cuando.<\/p>\n<p>Pero con los excursionistas no solo llegaron los ni\u00f1os y las risas: tambi\u00e9n lleg\u00f3 la destrucci\u00f3n. Muy pronto fueron demasiados pies pisoteando las flores del borde del estanque. Demasiados gritos que hac\u00edan huir a los p\u00e1jaros. Demasiados ni\u00f1os jugando a arrancar setas. Demasiada basura olvidada o lanzada, sin m\u00e1s, a las aguas del estanque.<\/p>\n<p>Poco a poco, aquel lugar que anta\u00f1o parec\u00eda salido de un cuento de hadas, se fue convirtiendo en un paisaje de \u00e1rido aspecto, de aguas sucias. Los animales abandonaron el lugar y donde antes crec\u00edan setas y bellas flores, ahora solo hab\u00eda basura. Y Ondina no pudo m\u00e1s.<\/p>\n<p>-\u00a1Yo soy la protectora de las aguas! -grit\u00f3.<\/p>\n<p>Al pronunciar estas palabras, Ondina pas\u00f3 de ser una criatura dulce y risue\u00f1a a convertirse en un ser malvado y tenebroso. Del manantial comenz\u00f3 a brotar agua envenenada y el estanque se volvi\u00f3 de un intenso color negro. Los \u00e1rboles que beb\u00edan del estanque perdieron sus hojas y se convirtieron en enormes esqueletos de madera de formas espectrales. En un santiam\u00e9n, aquel rinc\u00f3n se convirti\u00f3 en un lugar l\u00f3brego y sombr\u00edo donde los susurros se volvieron escalofriantes.<\/p>\n<p>Cuando, el fin de semana siguiente, regresaron los excursionistas, quedaron absolutamente desolados.<\/p>\n<p>-\u00bfQu\u00e9 ha ocurrido aqu\u00ed? Todo est\u00e1 muerto -se lament\u00f3 un hombre mientras observaba el caos a su alrededor.<br \/>\n-\u00a1Qu\u00e9 pena! Era un lugar tan bonito -respondi\u00f3 la mujer que lo acompa\u00f1aba.<\/p>\n<p>Entonces unos misteriosos susurros comenzaron a emerger de entre la maleza. Al principio se escuchaban bajito y se confund\u00edan con el crujir de las hojas de los \u00e1rboles. Sin embargo, poco a poco se fueron haciendo m\u00e1s y m\u00e1s fuertes, hasta el punto de que pod\u00edan distinguirse algunas frases. Era como si la propia Tierra les hablara de forma amenazante.<\/p>\n<p><em>Marchaos&#8230;<br \/>\n\u00a1Fuera!<br \/>\nAbandonad este lugar&#8230;<\/em><\/p>\n<p>-\u00bfHab\u00e9is o\u00eddo esas voces?<br \/>\n-\u00a1S\u00ed, v\u00e1monos de aqu\u00ed! Este lugar est\u00e1 maldito.<\/p>\n<p>Los excursionistas se fueron, espantados. Y nunca m\u00e1s nadie se atrevi\u00f3 a acercarse al manantial de Ondina. El sendero que conduc\u00eda hasta all\u00ed fue quedando oculto bajo la vegetaci\u00f3n.<\/p>\n<p>Y como la gente ya ni quer\u00eda ni pod\u00eda llegar hasta all\u00ed, el lugar se fue recuperando. Volvi\u00f3 a crecer la hierba y brotaron las flores, regresaron los animales, aparecieron los hongos. El agua del manantial volvi\u00f3 a borbotear con alegr\u00eda y el estanque recuper\u00f3 el color turquesa. Bajo su superficie, Ondina volv\u00eda a ser una criatura dulce y solitaria, un esp\u00edritu encargado de cuidar las aguas de los bosques.<\/p>\n<p><a href=\"https:\/\/www.mumablue.com\/esp\/nuestros-cuentos-personalizados\/la-magia-del-nombre-mi-nino?utm_source=blog&amp;utm_medium=banner&amp;utm_campaign=p\u00e1ginas-audiocuentos&amp;utm_content=cuento-medio-ambiente\" target=\"_blank\" rel=\"noopener noreferrer\"><img decoding=\"async\" loading=\"lazy\" class=\"alignnone wp-image-5002 size-full\" src=\"https:\/\/www.mumablue.com\/blog\/wp-content\/uploads\/2021\/09\/Cuento-de-Hadas.jpg\" alt=\"cuento de Caperucita Roja diferente\" width=\"715\" height=\"162\" srcset=\"https:\/\/www.mumablue.com\/blog\/wp-content\/uploads\/2021\/09\/Cuento-de-Hadas.jpg 715w, https:\/\/www.mumablue.com\/blog\/wp-content\/uploads\/2021\/09\/Cuento-de-Hadas-300x68.jpg 300w, https:\/\/www.mumablue.com\/blog\/wp-content\/uploads\/2021\/09\/Cuento-de-Hadas-624x141.jpg 624w\" sizes=\"(max-width: 715px) 100vw, 715px\" \/><\/a><\/p>\n<h2>Curiosidades sobre las ondinas<\/h2>\n<p>Las ondinas son un tipo de ninfa protectora originaria de la mitolog\u00eda escandinava y germ\u00e1nica. <strong>Son esp\u00edritus de agua dulce y est\u00e1n encargadas de proteger r\u00edos y lagos<\/strong>, y de mantener a salvo la naturaleza. Son seres amigables, pero cuando son desafiadas se convierten en despiadados esp\u00edritus capaces de causar estragos.<\/p>\n<p>Existen distintas leyendas que tienen a Ondina como protagonista, historias antiguas en las que la ninfa cae en desgracia siempre por enamorarse de un hombre. En esta pequehistoria <strong>hemos preferido destacar su condici\u00f3n de protectora de la naturaleza<\/strong>, porque estamos seguros de que t\u00fa tienes mucho m\u00e1s inter\u00e9s en proteger el medio ambiente, \u00bfa que s\u00ed?<\/p>\n<h2>Consejos para cuidar el medio ambiente para ni\u00f1os<\/h2>\n<p>La acci\u00f3n humana es la principal responsable de la destrucci\u00f3n de los ecosistemas del planeta. Si queremos poder seguir disfrutando de la naturaleza, debemos ser cuidadosos con ella. <strong>Los ni\u00f1os como t\u00fa tambi\u00e9n pueden contribuir<\/strong> enormemente, por ejemplo reciclando, reduciendo el consumo de objetos de \u201cusar y tirar\u201d y haciendo un uso responsable de recursos como el agua.<\/p>\n<p>Tambi\u00e9n <strong>puedes contribuir mucho al cuidado del medio ambiente cuando vas de excursi\u00f3n<\/strong>: Evita no salirte de los caminos para no pisar animales y plantas, no arranques flores, intenta no subirte a los \u00e1rboles, evita hablar muy alto o gritar para no molestar a los p\u00e1jaros y otros animalillos, no caces insectos y, sobre todo, lleva una bolsa para guardar la basura. <strong>\u00a1As\u00ed ayudar\u00e1s a Ondina a mantener el equilibrio de los entornos naturales!<\/strong><\/p>\n<h2>Otros cuentos sobre ecolog\u00eda y cuidado del planeta<\/h2>\n<p>Si te ha gustado este cuento sobre el cuidado del medio ambiente, puedes encontrar algunos m\u00e1s en nuestro podcast de cuentos infantiles. Te recomendamos \u00ab<span style=\"color: #3366ff;\"><a style=\"color: #3366ff;\" href=\"https:\/\/www.mumablue.com\/blog\/cuento-de-ecologia-para-leer-a-los-ninos\/\">Unas extra\u00f1as medusas<\/a><\/span>\u00ab, que <strong>habla de las consecuencias de llenar de basura el mar, sobre todo de pl\u00e1sticos<\/strong>. Gracias a este cuento, los ni\u00f1os entienden mejor las consecuencias. Tambi\u00e9n disponible en audiocuento.<\/p>\n<p>Otro de nuestros cuentos dirigidos a <strong>concienciar sobre la importancia de respetar y escuchar a la madre Tierra<\/strong> es \u00ab<a href=\"https:\/\/www.mumablue.com\/blog\/cuento-sobre-naturaleza-para-ninos-audiocuento\/\"><span style=\"color: #3366ff;\">El canto de los p\u00e1jaros<\/span><\/a>\u00ab, donde se les cuenta a los ni\u00f1os una historia real, protagonizada por la tribu de los Jarawa durante el tsunami que tuvo lugar en 2004 en el oc\u00e9ano \u00cdndico. Este cuento tambi\u00e9n se puede escuchar en su versi\u00f3n en audiocuento.<\/p>\n<p>\u00bfTe gustan nuestros cuentos y audiocuentos? <strong>Encuentra un centenar de ellos<\/strong> en nuestra p\u00e1gina de <a href=\"https:\/\/www.mumablue.com\/blog\/cuentos-infantiles-para-leer-cortos-gratis\/\"><span style=\"color: #3366ff;\">cuentos infantiles para leer o escuchar<\/span><\/a>. \u00a1Y comp\u00e1rtelos con otros ni\u00f1os, pap\u00e1s y mam\u00e1s!<\/p>\n<div style='text-align:left' class='yasr-auto-insert-visitor'><\/div>","protected":false},"excerpt":{"rendered":"<p>Muchos pap\u00e1s y mam\u00e1s buscamos un cuento sobre el medio ambiente con el que ense\u00f1ar a los peques la importancia de cuidar y respetar el mundo en que vivimos, sobre todo teniendo en cuenta que ser\u00e1 el planeta del que nuestros hijos depender\u00e1n a lo largo de su vida. Por eso hemos escrito un cuento [&hellip;]<\/p>\n","protected":false},"author":6,"featured_media":0,"parent":0,"menu_order":0,"comment_status":"closed","ping_status":"closed","template":"","meta":{"yasr_overall_rating":0,"yasr_post_is_review":"","yasr_auto_insert_disabled":"","yasr_review_type":""},"yasr_visitor_votes":{"number_of_votes":49,"sum_votes":224,"stars_attributes":{"read_only":false,"span_bottom":false}},"yoast_head":"<!-- This site is optimized with the Yoast SEO plugin v14.5 - https:\/\/yoast.com\/wordpress\/plugins\/seo\/ -->\n<meta name=\"description\" content=\"&quot;Ondina&quot; es un cuento sobre el medio ambiente que ense\u00f1a a respetar la naturaleza y habla de la importancia huella ecol\u00f3gica. \u00a1Versi\u00f3n gratis para escuchar!\" \/>\n<meta name=\"robots\" content=\"index, follow\" \/>\n<meta name=\"googlebot\" content=\"index, follow, max-snippet:-1, max-image-preview:large, max-video-preview:-1\" \/>\n<meta name=\"bingbot\" content=\"index, follow, max-snippet:-1, max-image-preview:large, max-video-preview:-1\" \/>\n<link rel=\"canonical\" href=\"https:\/\/www.mumablue.com\/blog\/cuento-sobre-el-medio-ambiente-para-ninos-audiocuento\/\" \/>\n<meta property=\"og:locale\" content=\"es_ES\" \/>\n<meta property=\"og:type\" content=\"article\" \/>\n<meta property=\"og:title\" content=\"Cuento sobre el medio ambiente para ni\u00f1os + audiocuento - Blog Mumablue\" \/>\n<meta property=\"og:description\" content=\"&quot;Ondina&quot; es un cuento sobre el medio ambiente que ense\u00f1a a respetar la naturaleza y habla de la importancia huella ecol\u00f3gica. \u00a1Versi\u00f3n gratis para escuchar!\" \/>\n<meta property=\"og:url\" content=\"https:\/\/www.mumablue.com\/blog\/cuento-sobre-el-medio-ambiente-para-ninos-audiocuento\/\" \/>\n<meta property=\"og:site_name\" content=\"Blog Mumablue\" \/>\n<meta property=\"article:publisher\" content=\"https:\/\/www.facebook.com\/mumablue\/\" \/>\n<meta property=\"article:modified_time\" content=\"2025-06-02T16:18:56+00:00\" \/>\n<meta property=\"og:image\" content=\"https:\/\/www.mumablue.com\/blog\/wp-content\/uploads\/2022\/05\/Ondina-1.jpg\" \/>\n<meta name=\"twitter:card\" content=\"summary_large_image\" \/>\n<script type=\"application\/ld+json\" class=\"yoast-schema-graph\">{\"@context\":\"https:\/\/schema.org\",\"@graph\":[{\"@type\":\"Organization\",\"@id\":\"https:\/\/www.mumablue.com\/blog\/#organization\",\"name\":\"Mumablue\",\"url\":\"https:\/\/www.mumablue.com\/blog\/\",\"sameAs\":[\"https:\/\/www.facebook.com\/mumablue\/\",\"https:\/\/www.instagram.com\/mumablue\/?hl=es\"],\"logo\":{\"@type\":\"ImageObject\",\"@id\":\"https:\/\/www.mumablue.com\/blog\/#logo\",\"inLanguage\":\"es\",\"url\":\"https:\/\/www.mumablue.com\/blog\/wp-content\/uploads\/2020\/05\/Blog-Mumablue.png\",\"width\":749,\"height\":269,\"caption\":\"Mumablue\"},\"image\":{\"@id\":\"https:\/\/www.mumablue.com\/blog\/#logo\"}},{\"@type\":\"WebSite\",\"@id\":\"https:\/\/www.mumablue.com\/blog\/#website\",\"url\":\"https:\/\/www.mumablue.com\/blog\/\",\"name\":\"Blog Mumablue\",\"description\":\"Un blog de cuentos y audiocuentos gratis para ni\\u00f1os.\",\"publisher\":{\"@id\":\"https:\/\/www.mumablue.com\/blog\/#organization\"},\"potentialAction\":[{\"@type\":\"SearchAction\",\"target\":\"https:\/\/www.mumablue.com\/blog\/?s={search_term_string}\",\"query-input\":\"required name=search_term_string\"}],\"inLanguage\":\"es\"},{\"@type\":\"ImageObject\",\"@id\":\"https:\/\/www.mumablue.com\/blog\/cuento-sobre-el-medio-ambiente-para-ninos-audiocuento\/#primaryimage\",\"inLanguage\":\"es\",\"url\":\"https:\/\/www.mumablue.com\/blog\/wp-content\/uploads\/2022\/05\/Ondina-1.jpg\",\"width\":500,\"height\":500,\"caption\":\"Cuento sobre el medio ambiente\"},{\"@type\":\"WebPage\",\"@id\":\"https:\/\/www.mumablue.com\/blog\/cuento-sobre-el-medio-ambiente-para-ninos-audiocuento\/#webpage\",\"url\":\"https:\/\/www.mumablue.com\/blog\/cuento-sobre-el-medio-ambiente-para-ninos-audiocuento\/\",\"name\":\"Cuento sobre el medio ambiente para ni\\u00f1os + audiocuento - Blog Mumablue\",\"isPartOf\":{\"@id\":\"https:\/\/www.mumablue.com\/blog\/#website\"},\"primaryImageOfPage\":{\"@id\":\"https:\/\/www.mumablue.com\/blog\/cuento-sobre-el-medio-ambiente-para-ninos-audiocuento\/#primaryimage\"},\"datePublished\":\"2022-05-23T15:30:22+00:00\",\"dateModified\":\"2025-06-02T16:18:56+00:00\",\"description\":\"\\\"Ondina\\\" es un cuento sobre el medio ambiente que ense\\u00f1a a respetar la naturaleza y habla de la importancia huella ecol\\u00f3gica. \\u00a1Versi\\u00f3n gratis para escuchar!\",\"inLanguage\":\"es\",\"potentialAction\":[{\"@type\":\"ReadAction\",\"target\":[\"https:\/\/www.mumablue.com\/blog\/cuento-sobre-el-medio-ambiente-para-ninos-audiocuento\/\"]}]}]}<\/script>\n<!-- \/ Yoast SEO plugin. -->","_links":{"self":[{"href":"https:\/\/www.mumablue.com\/blog\/wp-json\/wp\/v2\/pages\/5896"}],"collection":[{"href":"https:\/\/www.mumablue.com\/blog\/wp-json\/wp\/v2\/pages"}],"about":[{"href":"https:\/\/www.mumablue.com\/blog\/wp-json\/wp\/v2\/types\/page"}],"author":[{"embeddable":true,"href":"https:\/\/www.mumablue.com\/blog\/wp-json\/wp\/v2\/users\/6"}],"replies":[{"embeddable":true,"href":"https:\/\/www.mumablue.com\/blog\/wp-json\/wp\/v2\/comments?post=5896"}],"version-history":[{"count":4,"href":"https:\/\/www.mumablue.com\/blog\/wp-json\/wp\/v2\/pages\/5896\/revisions"}],"predecessor-version":[{"id":7616,"href":"https:\/\/www.mumablue.com\/blog\/wp-json\/wp\/v2\/pages\/5896\/revisions\/7616"}],"wp:attachment":[{"href":"https:\/\/www.mumablue.com\/blog\/wp-json\/wp\/v2\/media?parent=5896"}],"curies":[{"name":"wp","href":"https:\/\/api.w.org\/{rel}","templated":true}]}}