{"id":5557,"date":"2022-01-03T10:04:50","date_gmt":"2022-01-03T10:04:50","guid":{"rendered":"https:\/\/mumablue.com\/blog\/?page_id=5557"},"modified":"2025-06-02T16:16:45","modified_gmt":"2025-06-02T16:16:45","slug":"cuento-de-los-reyes-magos-audiocuento","status":"publish","type":"page","link":"https:\/\/www.mumablue.com\/blog\/cuento-de-los-reyes-magos-audiocuento\/","title":{"rendered":"Cuento de los Reyes Magos divertido + audiocuento"},"content":{"rendered":"<p><img decoding=\"async\" loading=\"lazy\" class=\"alignnone size-full wp-image-5551\" src=\"https:\/\/www.mumablue.com\/blog\/wp-content\/uploads\/2021\/12\/Los-Reyes-Magos-de-desoriente-1.jpg\" alt=\"Cuento de los Reyes Magos\" width=\"500\" height=\"500\" srcset=\"https:\/\/www.mumablue.com\/blog\/wp-content\/uploads\/2021\/12\/Los-Reyes-Magos-de-desoriente-1.jpg 500w, https:\/\/www.mumablue.com\/blog\/wp-content\/uploads\/2021\/12\/Los-Reyes-Magos-de-desoriente-1-300x300.jpg 300w, https:\/\/www.mumablue.com\/blog\/wp-content\/uploads\/2021\/12\/Los-Reyes-Magos-de-desoriente-1-150x150.jpg 150w\" sizes=\"(max-width: 500px) 100vw, 500px\" \/><\/p>\n<p>Para estas Navidades hemos creado un cuento de los Reyes Magos para ni\u00f1os muy especial, <strong>una propuesta diferente y divertida con la que los peque\u00f1os disfrutar\u00e1n a tope<\/strong>. En \u00abLos Reyes Magos de desoriente\u00bb cualquier posa es posible, como acabar en el Polo Norte o conocer una esquimal que se ha portado fenomenal. \u00a1Os va a sorprender!<\/p>\n<p>\u00a1Y tenemos una sorpresa! Este cuento de los Reyes Magos tiene una<strong> versi\u00f3n para escuchar, teatralizada, con efectos sonoros y ambientes<\/strong>, y un cierre musical de excepci\u00f3n.<\/p>\n<div id=\"buzzsprout-player-9822157\"><\/div>\n<p><script src=\"https:\/\/www.buzzsprout.com\/937792\/9822157-los-reyes-magos-de-desoriente.js?container_id=buzzsprout-player-9822157&#038;player=small\" type=\"text\/javascript\" charset=\"utf-8\"><\/script><\/p>\n<p><strong>GUI\u00d3N:<\/strong>\u00a0Elena Lostal\u00e9<br \/>\n<strong>REALIZACI\u00d3N, EDICI\u00d3N y MONTAJE:<\/strong>\u00a0Elena Lostal\u00e9<br \/>\n<strong>M\u00daSICA:<\/strong> Public Domain Oh, <span style=\"color: #3366ff;\"><a style=\"color: #3366ff;\" href=\"https:\/\/commons.wikimedia.org\/wiki\/File:Oh,_Christmas_Tree_(ISRC_USUAN1100366).mp3\">Christmas Tree<\/a><\/span> (Kevin MacLeod) y <span style=\"color: #3366ff;\"><a style=\"color: #3366ff;\" href=\"https:\/\/commons.wikimedia.org\/wiki\/File:Oh_Christmas_Tree_-_Raptor_-_United_States_Air_Force_Heartland_of_America_Band.mp3\">Oh Christmas Tree<\/a><\/span> (US Air Force Heartland of America Band).<\/p>\n<p>VOCES:<br \/>\n<strong>Jor L <\/strong>Melchor<br \/>\n<strong>Xabier Olza<\/strong>\u00a0Gaspar y Baltasar<br \/>\n<strong>Elena Lostal\u00e9<\/strong> Esquimal<\/p>\n<p>Si lo prefieres, <strong>pod\u00e9is leer o representar esta historia en familia, aqu\u00ed te dejamos el texto<\/strong>.<\/p>\n<h2>Cuento de los Reyes Magos: Los Reyes Magos de desoriente<\/h2>\n<p>Melchor, Gaspar y Baltasar llevaban un largo rato caminando sobre la nieve.<\/p>\n<p>-\u00bfPero d\u00f3nde diantres estamos? -pregunt\u00f3 Melchor, quien se hab\u00eda tenido que envolver en su capa para no quedarse congelado.<\/p>\n<p>-No s\u00e9\u2026 esto no tiene mucha pinta de ser un desierto -respondi\u00f3 Gaspar, asomando un poco la naricilla por encima de la bufanda.<\/p>\n<p>-Un desierto, es\u2026 pero de hielo\u2026 -puntualiz\u00f3 Baltasar.<\/p>\n<p>-Seg\u00fan mis c\u00e1lculos deber\u00edamos estar atravesando el Sahara -anunci\u00f3 Melchor mirando un peque\u00f1o mapa que llevaba en la mano.<\/p>\n<p>-Pues yo acabo de ver un reno, Melchor\u2026 -replic\u00f3 Gaspar.<\/p>\n<p>-\u00bfUn reno? \u00bfY lo dices tan pancho, Gaspar? -pregunt\u00f3 Melchor, abriendo mucho los ojos por la sorpresa.<\/p>\n<p>-No s\u00e9, me ha extra\u00f1ado\u2026 pero como ahora el mundo es tan global\u2026 -respondi\u00f3 Gaspar encogi\u00e9ndose de hombros.<\/p>\n<p>-A m\u00ed me da que la estrella esta que nos gu\u00eda se ha quedado sin cobertura o algo\u2026 -dedujo Baltasar.<\/p>\n<p>-\u00bfC\u00f3mo se va a quedar sin cobertura una estrella? \u00a1No digas tonter\u00edas, Baltasar! -ri\u00f3 Melchor.<\/p>\n<p>-Pues no s\u00e9, entonces ser\u00e1 la bater\u00eda\u2026 -insisiti\u00f3 el tercer rey mago.<\/p>\n<p>-Ahhhh, ahora lo entiendo\u2026 Como es la Estrella Polar nos ha guiado hasta el Polo Norte -exclam\u00f3 Gaspar, como si acabara de hacer un gran descubrimiento cient\u00edfico.<\/p>\n<p>\u00bfY eso qu\u00e9 tiene que ver? -pregunt\u00f3 Baltasar, ciertamente desconcertado por dicha afirmaci\u00f3n.<\/p>\n<p>-No s\u00e9, querr\u00eda volver a casa\u2026 tendr\u00e1 morri\u00f1a -argument\u00f3 Gaspar.<\/p>\n<p>Los tres Reyes continuaron caminando. Los camellos se hund\u00edan en la nieve a cada paso, cargados, como iban, con todos los regalos. Al rato, Melchor se detuvo en seco y exclam\u00f3:<\/p>\n<p>-\u00a1Anda, mira! \u00a1 Un esquimal!<\/p>\n<p>Los Reyes Magos se acercaron al esquimal.<\/p>\n<p>-Buenas tardes, se\u00f1or -salud\u00f3 Melchor.<\/p>\n<p>-Se\u00f1ora -respondi\u00f3 el esquimal quien, en realidad, era una mujer esquimal.<\/p>\n<p>-Uy, claro, se\u00f1ora. Disculpe mi torpeza, do\u00f1a esquimala, pero es que bajo tanta capa de pieles no se sabe si es usted una mujer, un hombre o un oso polar\u2026 \u00bfsabe por d\u00f3nde se llega al desierto del Sahara? -pregunt\u00f3 Melchor.<\/p>\n<p>-L\u00f3gicamente, por abajo -indic\u00f3 la esquimal.<\/p>\n<p>-\u00bfL\u00f3gicamente? -pregunt\u00f3 Baltasar con desconcierto.<\/p>\n<p>-S\u00ed, si siguen ustedes para arriba se salen del mundo -argument\u00f3 la esquimal con tono de estar diciendo la mayor verdad del mundo.<\/p>\n<p>-Pues s\u00ed, tiene su l\u00f3gica -murmur\u00f3 Baltasar para si, mes\u00e1ndose la barba.<\/p>\n<p>-\u00bfY ustedes qui\u00e9nes son? -pregunt\u00f3 el esquimal, entornando mucho los ojos a causa de la desconfianza que le produc\u00eda encontrar a tres se\u00f1ores con tres camellos en mitad del inh\u00f3spito Polo Norte.<\/p>\n<p>-Melchor,<\/p>\n<p>-Gaspar,<\/p>\n<p>-Y Baltasar. Somos los Reyes Magos de Oriente.<\/p>\n<p>-Hmmm, pues muy orientados no est\u00e1n\u2026 -respondi\u00f3 la esquimal. Luego, dijo: -Miren, ustedes sigan todo para abajo, todo, todo para abajo. Y cuando lleguen a Espa\u00f1a, m\u00e1s para\u00a0 abajo. Y ya en el puerto de Tarifa embarcan en un Ferry y cruzan el Estrecho.<\/p>\n<p>-\u00a1Uy, si es Estrecho ser\u00e1 un camino corto! -celebr\u00f3 Gaspar, a quien el camino ya se le estaba haciendo un poco largo.<\/p>\n<p>-No se crea\u2026 \u00a1Ancha es Castilla! -contradijo la esquimal.<\/p>\n<p>-Bueno, pues gracias, eh, do\u00f1a esquimala\u2026 Aqu\u00ed le dejamos ya los regalos que le corresponden a usted.<\/p>\n<p>-\u00a1Un momento! -interrumpi\u00f3 Baltasar, sujetando fuertemente los paquetes para la esquimala.\u00a0 \u00a0-\u00bfHa sido usted buena?<\/p>\n<p>-Claro, me he portado fenomenal, \u00bfacaso lo duda?<\/p>\n<p>-No, lo digo por eso de \u201cEsquimala\u201d\u2026 \u00bfHa sido usted \u201cEsquibuena\u201d? -insisti\u00f3 Baltasar.<\/p>\n<p>-\u00a1Uy! \u00a1Esquibuen\u00edsima! Me he portado fenomenal con mis toooodos mis vecinos este a\u00f1o (con los cuatro). He metido varios glaciares en mi congelador (para evitar el deshielo, ya saben) y he salvado a cinco focas de ser devoradas por una orca (la orca muri\u00f3 de hambre, pero bueno, mejor uno que cinco\u2026)<\/p>\n<p>-\u00bfLa bondad se mide por unidades o al peso, Melchor? Es una duda que<br \/>\nsiempre tengo\u2026 -pregunt\u00f3 Gaspar entre dientes.<\/p>\n<p>-\u00a1Ya no como ni pececillos de lo buena que soy! Me he hecho vegetariana -continu\u00f3 hablando la esquimal.<\/p>\n<p>-\u00a1Vaya! \u00a1Y nosotros que le tra\u00edamos como regalo una ca\u00f1a de pescar! -se lament\u00f3 Melchor.<\/p>\n<p>-Buena es. Esa se la endi\u00f1o yo a mi cu\u00f1ado por su cumplea\u00f1os, no tengan pena -respondi\u00f3 r\u00e1pidamente la esquimal, agarrando el paquete.<\/p>\n<p>-\u00a1Nos ponemos en marcha! Gracias por su ayuda y que siga usted siendo tan<br \/>\nesquibuen\u00edsima -se despidi\u00f3 Melchor.<\/p>\n<p>Y los tres Reyes Magos, algo m\u00e1s orientados que al principio, comenzaron a caminar hacia abajo, siempre hacia abajo. Mientras se alejaban, la esquimal les grit\u00f3:<\/p>\n<p>-Recuerden: todo para abajo, tooooodo para abajo. Y llegan.<\/p>\n<p>Despu\u00e9s, dijo para s\u00ed:<\/p>\n<p>-Qu\u00e9 se\u00f1ores m\u00e1s majos que van repartiendo regalos por ah\u00ed\u2026 me recordaban a Pap\u00e1 Noel\u2026 pero qu\u00e9 renos jorobados tan raros llevaban\u2026<\/p>\n<h2><a href=\"https:\/\/www.mumablue.com\/esp\/nuestros-cuentos-personalizados\/cuento-personalizado-de-navidad?utm_source=blog&amp;utm_medium=banner&amp;utm_campaign=p\u00e1ginas-audiocuentos&amp;utm_content=cuento-reyes-magos\"><img decoding=\"async\" loading=\"lazy\" class=\"alignnone wp-image-5297\" src=\"https:\/\/www.mumablue.com\/blog\/wp-content\/uploads\/2021\/11\/Tu-peque-salva-la-Navidad-1.jpg\" alt=\"cuento de Pap\u00e1 Noel\" width=\"715\" height=\"162\" srcset=\"https:\/\/www.mumablue.com\/blog\/wp-content\/uploads\/2021\/11\/Tu-peque-salva-la-Navidad-1.jpg 815w, https:\/\/www.mumablue.com\/blog\/wp-content\/uploads\/2021\/11\/Tu-peque-salva-la-Navidad-1-300x68.jpg 300w, https:\/\/www.mumablue.com\/blog\/wp-content\/uploads\/2021\/11\/Tu-peque-salva-la-Navidad-1-768x174.jpg 768w, https:\/\/www.mumablue.com\/blog\/wp-content\/uploads\/2021\/11\/Tu-peque-salva-la-Navidad-1-624x142.jpg 624w\" sizes=\"(max-width: 715px) 100vw, 715px\" \/><\/a><\/h2>\n<h2>Otro audiocuento de Reyes teatralizado<\/h2>\n<p>Si te ha gustado la versi\u00f3n para escuchar de este cuento de los Reyes Magos para ni\u00f1os, te invitamos a descubrir el audiocuento sobre este mismo tema que grabamos el a\u00f1o pasado, una pieza muy especial porque <strong>colaboraron en su creaci\u00f3n grandes personalidades del mundo de la interpretaci\u00f3n radiof\u00f3nica<\/strong>. Con gui\u00f3n de Federico Volpini y voces que pertenecieron al cuadro de actores de Radio Nacional de Espa\u00f1a, este <span style=\"color: #3366ff;\"><a style=\"color: #3366ff;\" href=\"https:\/\/www.mumablue.com\/blog\/mumablue\/audiocuento-de-reyes-magos-audiodrama-es\/\">Audiocuento Especial Reyes Magos<\/a><\/span> te va a sorprender.<\/p>\n<p>Imagen: <span style=\"color: #3366ff;\"><a style=\"color: #3366ff;\" href=\"https:\/\/www.freepik.es\/vector-gratis\/escena-nieve-e-iceberg_6105157.htm#query=esquimal&amp;position=5&amp;from_view=search\">Paisaje nevado<\/a><\/span> y <a href=\"https:\/\/www.freepik.es\/vector-gratis\/ilustracion-epifania-dibujada-mano_11299465.htm#query=reyes%20magos&amp;position=9&amp;from_view=search\"><span style=\"color: #3366ff;\">Reyes Magos<\/span><\/a> (Freepik)<\/p>\n<div style='text-align:left' class='yasr-auto-insert-visitor'><\/div>","protected":false},"excerpt":{"rendered":"<p>Para estas Navidades hemos creado un cuento de los Reyes Magos para ni\u00f1os muy especial, una propuesta diferente y divertida con la que los peque\u00f1os disfrutar\u00e1n a tope. En \u00abLos Reyes Magos de desoriente\u00bb cualquier posa es posible, como acabar en el Polo Norte o conocer una esquimal que se ha portado fenomenal. \u00a1Os va [&hellip;]<\/p>\n","protected":false},"author":6,"featured_media":0,"parent":0,"menu_order":0,"comment_status":"closed","ping_status":"closed","template":"","meta":{"yasr_overall_rating":0,"yasr_post_is_review":"","yasr_auto_insert_disabled":"","yasr_review_type":""},"yasr_visitor_votes":{"number_of_votes":25,"sum_votes":94,"stars_attributes":{"read_only":false,"span_bottom":false}},"yoast_head":"<!-- This site is optimized with the Yoast SEO plugin v14.5 - https:\/\/yoast.com\/wordpress\/plugins\/seo\/ -->\n<meta name=\"description\" content=\"\u00a1Un cuento de los Reyes Magos que no te esperas! Los Reyes Magos de desoriente es una historia divertida para leer o escuchar en su versi\u00f3n teatralizada.\" \/>\n<meta name=\"robots\" content=\"index, follow\" \/>\n<meta name=\"googlebot\" content=\"index, follow, max-snippet:-1, max-image-preview:large, max-video-preview:-1\" \/>\n<meta name=\"bingbot\" content=\"index, follow, max-snippet:-1, max-image-preview:large, max-video-preview:-1\" \/>\n<link rel=\"canonical\" href=\"https:\/\/www.mumablue.com\/blog\/cuento-de-los-reyes-magos-audiocuento\/\" \/>\n<meta property=\"og:locale\" content=\"es_ES\" \/>\n<meta property=\"og:type\" content=\"article\" \/>\n<meta property=\"og:title\" content=\"Cuento de los Reyes Magos divertido + audiocuento - Blog Mumablue\" \/>\n<meta property=\"og:description\" content=\"\u00a1Un cuento de los Reyes Magos que no te esperas! Los Reyes Magos de desoriente es una historia divertida para leer o escuchar en su versi\u00f3n teatralizada.\" \/>\n<meta property=\"og:url\" content=\"https:\/\/www.mumablue.com\/blog\/cuento-de-los-reyes-magos-audiocuento\/\" \/>\n<meta property=\"og:site_name\" content=\"Blog Mumablue\" \/>\n<meta property=\"article:publisher\" content=\"https:\/\/www.facebook.com\/mumablue\/\" \/>\n<meta property=\"article:modified_time\" content=\"2025-06-02T16:16:45+00:00\" \/>\n<meta property=\"og:image\" content=\"https:\/\/www.mumablue.com\/blog\/wp-content\/uploads\/2021\/12\/Los-Reyes-Magos-de-desoriente-1.jpg\" \/>\n<meta name=\"twitter:card\" content=\"summary_large_image\" \/>\n<script type=\"application\/ld+json\" class=\"yoast-schema-graph\">{\"@context\":\"https:\/\/schema.org\",\"@graph\":[{\"@type\":\"Organization\",\"@id\":\"https:\/\/www.mumablue.com\/blog\/#organization\",\"name\":\"Mumablue\",\"url\":\"https:\/\/www.mumablue.com\/blog\/\",\"sameAs\":[\"https:\/\/www.facebook.com\/mumablue\/\",\"https:\/\/www.instagram.com\/mumablue\/?hl=es\"],\"logo\":{\"@type\":\"ImageObject\",\"@id\":\"https:\/\/www.mumablue.com\/blog\/#logo\",\"inLanguage\":\"es\",\"url\":\"https:\/\/www.mumablue.com\/blog\/wp-content\/uploads\/2020\/05\/Blog-Mumablue.png\",\"width\":749,\"height\":269,\"caption\":\"Mumablue\"},\"image\":{\"@id\":\"https:\/\/www.mumablue.com\/blog\/#logo\"}},{\"@type\":\"WebSite\",\"@id\":\"https:\/\/www.mumablue.com\/blog\/#website\",\"url\":\"https:\/\/www.mumablue.com\/blog\/\",\"name\":\"Blog Mumablue\",\"description\":\"Un blog de cuentos y audiocuentos gratis para ni\\u00f1os.\",\"publisher\":{\"@id\":\"https:\/\/www.mumablue.com\/blog\/#organization\"},\"potentialAction\":[{\"@type\":\"SearchAction\",\"target\":\"https:\/\/www.mumablue.com\/blog\/?s={search_term_string}\",\"query-input\":\"required name=search_term_string\"}],\"inLanguage\":\"es\"},{\"@type\":\"ImageObject\",\"@id\":\"https:\/\/www.mumablue.com\/blog\/cuento-de-los-reyes-magos-audiocuento\/#primaryimage\",\"inLanguage\":\"es\",\"url\":\"https:\/\/www.mumablue.com\/blog\/wp-content\/uploads\/2021\/12\/Los-Reyes-Magos-de-desoriente-1.jpg\",\"width\":500,\"height\":500,\"caption\":\"Cuento de los Reyes Magos\"},{\"@type\":\"WebPage\",\"@id\":\"https:\/\/www.mumablue.com\/blog\/cuento-de-los-reyes-magos-audiocuento\/#webpage\",\"url\":\"https:\/\/www.mumablue.com\/blog\/cuento-de-los-reyes-magos-audiocuento\/\",\"name\":\"Cuento de los Reyes Magos divertido + audiocuento - Blog Mumablue\",\"isPartOf\":{\"@id\":\"https:\/\/www.mumablue.com\/blog\/#website\"},\"primaryImageOfPage\":{\"@id\":\"https:\/\/www.mumablue.com\/blog\/cuento-de-los-reyes-magos-audiocuento\/#primaryimage\"},\"datePublished\":\"2022-01-03T10:04:50+00:00\",\"dateModified\":\"2025-06-02T16:16:45+00:00\",\"description\":\"\\u00a1Un cuento de los Reyes Magos que no te esperas! Los Reyes Magos de desoriente es una historia divertida para leer o escuchar en su versi\\u00f3n teatralizada.\",\"inLanguage\":\"es\",\"potentialAction\":[{\"@type\":\"ReadAction\",\"target\":[\"https:\/\/www.mumablue.com\/blog\/cuento-de-los-reyes-magos-audiocuento\/\"]}]}]}<\/script>\n<!-- \/ Yoast SEO plugin. -->","_links":{"self":[{"href":"https:\/\/www.mumablue.com\/blog\/wp-json\/wp\/v2\/pages\/5557"}],"collection":[{"href":"https:\/\/www.mumablue.com\/blog\/wp-json\/wp\/v2\/pages"}],"about":[{"href":"https:\/\/www.mumablue.com\/blog\/wp-json\/wp\/v2\/types\/page"}],"author":[{"embeddable":true,"href":"https:\/\/www.mumablue.com\/blog\/wp-json\/wp\/v2\/users\/6"}],"replies":[{"embeddable":true,"href":"https:\/\/www.mumablue.com\/blog\/wp-json\/wp\/v2\/comments?post=5557"}],"version-history":[{"count":5,"href":"https:\/\/www.mumablue.com\/blog\/wp-json\/wp\/v2\/pages\/5557\/revisions"}],"predecessor-version":[{"id":7615,"href":"https:\/\/www.mumablue.com\/blog\/wp-json\/wp\/v2\/pages\/5557\/revisions\/7615"}],"wp:attachment":[{"href":"https:\/\/www.mumablue.com\/blog\/wp-json\/wp\/v2\/media?parent=5557"}],"curies":[{"name":"wp","href":"https:\/\/api.w.org\/{rel}","templated":true}]}}