{"id":5516,"date":"2021-12-27T11:05:09","date_gmt":"2021-12-27T11:05:09","guid":{"rendered":"https:\/\/mumablue.com\/blog\/?page_id=5516"},"modified":"2025-06-02T16:14:37","modified_gmt":"2025-06-02T16:14:37","slug":"cuento-navideno-para-ninos-corto-audiocuento-gratis","status":"publish","type":"page","link":"https:\/\/www.mumablue.com\/blog\/cuento-navideno-para-ninos-corto-audiocuento-gratis\/","title":{"rendered":"Cuento navide\u00f1o para ni\u00f1os corto + audiocuento gratis"},"content":{"rendered":"<p><img decoding=\"async\" loading=\"lazy\" class=\"alignnone size-full wp-image-5519\" src=\"https:\/\/www.mumablue.com\/blog\/wp-content\/uploads\/2021\/12\/El-\u00e1rbol-de-Navidad-1.jpg\" alt=\"cuento navide\u00f1o para ni\u00f1os\" width=\"500\" height=\"500\" srcset=\"https:\/\/www.mumablue.com\/blog\/wp-content\/uploads\/2021\/12\/El-\u00e1rbol-de-Navidad-1.jpg 500w, https:\/\/www.mumablue.com\/blog\/wp-content\/uploads\/2021\/12\/El-\u00e1rbol-de-Navidad-1-300x300.jpg 300w, https:\/\/www.mumablue.com\/blog\/wp-content\/uploads\/2021\/12\/El-\u00e1rbol-de-Navidad-1-150x150.jpg 150w\" sizes=\"(max-width: 500px) 100vw, 500px\" \/><\/p>\n<p>Si buscas <strong>un cuento navide\u00f1o para ni\u00f1os, corto y con valores, \u00abEl \u00e1rbol de Navidad\u00bb te gustar\u00e1.<\/strong> Se trata de un relato sencillo que comienza el d\u00eda de Nochebuena, cuando el peque\u00f1o Pablo adorna el arbolito junto a su mam\u00e1, en la caba\u00f1a del bosque en la que ambos viven. Cuando un desafortunado accidente destruya el \u00e1rbol, los animales del bosque acudir\u00e1n en ayuda de Pablo para devolverle todo el cari\u00f1o que el ni\u00f1o les ha dado. \u00a1Y el regalo ser\u00e1 realmente sorprendente!<\/p>\n<p><strong>En este cuento de Navidad para ni\u00f1os se trata el tema de la bondad<\/strong> y c\u00f3mo ayudar a los dem\u00e1s se acaba volviendo en favor de las personas bondadosas. Encontrar\u00e1s el texto para leer m\u00e1s abajo, pero <strong>si lo prefieres puedes escuchar la versi\u00f3n en audiocuento.<\/strong><\/p>\n<h6><script src=\"https:\/\/www.buzzsprout.com\/937792\/9784209-el-arbol-de-navidad.js?container_id=buzzsprout-player-9784209&#038;player=small\" type=\"text\/javascript\" charset=\"utf-8\"><\/script>M\u00fasica Public Domain: <a href=\"https:\/\/freepd.com\/Page2\/\"><span style=\"color: #3366ff;\">Edgar&#8217;s Bells<\/span><\/a> (glbtm); <span style=\"color: #3366ff;\"><a style=\"color: #3366ff;\" href=\"https:\/\/www.youtube.com\/watch?v=VLLcaU8hWGg\">Silent night<\/a><\/span>, music By Pedro; <span style=\"color: #3366ff;\"><a style=\"color: #3366ff;\" href=\"https:\/\/freepd.com\/Page2\/\">Chill bells<\/a><\/span>, por Frank Nora; <span style=\"color: #3366ff;\"><a style=\"color: #3366ff;\" href=\"https:\/\/freepd.com\/misc.php\">Icicles Melting<\/a><\/span>, por Kevin Macleod y <span style=\"color: #3366ff;\"><a style=\"color: #3366ff;\" href=\"https:\/\/freepd.com\/romantic.php\">Winter<\/a><\/span>, por Alexander Nakarada.<\/h6>\n<h2><a href=\"https:\/\/www.mumablue.com\/esp\/nuestros-cuentos-personalizados\/cuento-personalizado-de-navidad?utm_source=blog&amp;utm_medium=banner&amp;utm_campaign=p\u00e1ginas-audiocuentos&amp;utm_content=cuento-navideno-ninos\"><img decoding=\"async\" loading=\"lazy\" class=\"alignnone wp-image-5297\" src=\"https:\/\/www.mumablue.com\/blog\/wp-content\/uploads\/2021\/11\/Tu-peque-salva-la-Navidad-1.jpg\" alt=\"cuento de Pap\u00e1 Noel\" width=\"715\" height=\"162\" srcset=\"https:\/\/www.mumablue.com\/blog\/wp-content\/uploads\/2021\/11\/Tu-peque-salva-la-Navidad-1.jpg 815w, https:\/\/www.mumablue.com\/blog\/wp-content\/uploads\/2021\/11\/Tu-peque-salva-la-Navidad-1-300x68.jpg 300w, https:\/\/www.mumablue.com\/blog\/wp-content\/uploads\/2021\/11\/Tu-peque-salva-la-Navidad-1-768x174.jpg 768w, https:\/\/www.mumablue.com\/blog\/wp-content\/uploads\/2021\/11\/Tu-peque-salva-la-Navidad-1-624x142.jpg 624w\" sizes=\"(max-width: 715px) 100vw, 715px\" \/><\/a><\/h2>\n<h2>Cuento navide\u00f1o para ni\u00f1os: El \u00e1rbol de Navidad<\/h2>\n<p>Era invierno en el bosque. En un peque\u00f1o claro humeaba la chimenea de una bonita caba\u00f1a. Dentro de ella, el peque\u00f1o Pablo decoraba el \u00e1rbol de Navidad junto con su mam\u00e1 \u00a1Era uno de los momentos de mayor felicidad para \u00e9l!<\/p>\n<p>-Ac\u00e9rcame las bolas plateadas, Pablo. Vamos a irlas anudando.<br \/>\n-\u00bfPuedo poner yo la estrella, mam\u00e1?<br \/>\n-\u00a1Claro! Pero la estrella se pone al final. Ten paciencia.<\/p>\n<p>Pablo viv\u00eda solo con su mam\u00e1. Como la caba\u00f1a estaba aislada, no hab\u00eda muchos ni\u00f1os cerca. As\u00ed que Pablo se hab\u00eda hecho amigo de los animalitos del bosque. Jugaba con ellos, les contaba sus secretos aunque \u00e9stos no le respondieran, les ofrec\u00eda comida en invierno y agua en verano\u2026 Incluso, en una ocasi\u00f3n, salv\u00f3 a un b\u00faho real que hab\u00eda ca\u00eddo en una trampa puesta por cazadores.<\/p>\n<p>-\u00a1Tranquilo! Te voy a liberar. No tengas miedo -le tranquiliz\u00f3 Pablo.<\/p>\n<p>Por eso, aquella tarde de Nochebuena, muchos de los animales se agolpaban tras el cristal de la ventana. Quer\u00edan ser testigos de la felicidad de su amigo. Y, por supuesto, tambi\u00e9n quer\u00edan curiosear y poder ver totalmente adornado el \u00e1rbol de Navidad.<\/p>\n<p>Cuando lleg\u00f3 la noche, el \u00e1rbol estaba completamente adornado con bolas de navidad rojas, cintas de plata y doradas pi\u00f1as. Por supuesto, la gran estrella coronaba el \u00e1rbol, que estaba iluminado por docenas de lucecitas blancas.<\/p>\n<p>-Ha quedado precioso -determin\u00f3 la mam\u00e1 de Pablo.<br \/>\n-\u00a1Es el mejor \u00e1rbol de Navidad del mundo! -exclam\u00f3 el ni\u00f1o con gran entusiasmo.<\/p>\n<p>Sin embargo, aquella madrugada de Nochebuena, algo fall\u00f3. Una de las luces provoc\u00f3 un cortocircuito. Al instante, el \u00e1rbol de Navidad ard\u00eda con furia y se consum\u00eda en sus propias llamas. El fuego pronto alcanz\u00f3 las cortinas y comenz\u00f3 a devorar el sal\u00f3n. La mam\u00e1 de Pablo se despert\u00f3 por el humo y lograron salir de la casa antes de que el fuego les cerrara el paso.<\/p>\n<p>-\u00a1Deprisa, Pablo! Tenemos que salir de aqu\u00ed -orden\u00f3 su madre-. Toma, col\u00f3cate esta toalla mojada contra la nariz y camina agachado, por debajo del humo. \u00a1R\u00e1pido!<\/p>\n<p>En la oscuridad de la noche, la mam\u00e1 de Pablo se lamentaban de su desgracia. Su casa estaba en llamas, quedar\u00eda completamente destruida. \u00a1No tendr\u00edan ning\u00fan lugar donde vivir! Pablo, quien todav\u00eda no era consciente del problema que supondr\u00eda quedarse sin casa, lloraba porque se hab\u00eda quemado su bonito \u00e1rbol de Navidad.<\/p>\n<p>-\u00a1Mam\u00e1! Nos hab\u00eda quedado taaaaan bonito&#8230; \u00a1Es injusto! -se lamentaba Pablo entre l\u00e1grimas.<\/p>\n<p>Una vez que el fuego acab\u00f3 de devorar la casa, Pablo y su mam\u00e1 se refugiaron en el cobertizo. All\u00ed, sobre un mont\u00f3n de paja, derrotados por el cansancio, se quedaron dormidos.<\/p>\n<p>Los animales del bosque hab\u00edan presenciado toda la escena, pues hab\u00edan acudido al lugar alertados por las furiosas llamas del incendio. Todos estaban muy preocupados por su amigo Pablo. Debatieron largo rato sobre c\u00f3mo podr\u00edan ayudarle, hasta que el gran b\u00faho tuvo una idea:<\/p>\n<p>-\u00a1Adornaremos el abeto que tienen en el jard\u00edn para que Pablo pueda tener un \u00e1rbol de Navidad!<\/p>\n<p>As\u00ed, los ratones recolectaron rojas manzanas silvestres, las ardillas buscaron pi\u00f1as y nueces y las pintaron con polvo de mica dorada, las ara\u00f1as tejieron largos hilos de seda en torno al abeto, los p\u00e1jaros m\u00e1s vistosos cedieron algunas de sus plumas de colores, los topos buscaron bajo la tierra bonitas y brillantes piedras con las que decorar las ramas y las \u00e1guilas volaron alto, muy alto, y bajaron del cielo una estrella que colocaron en lo alto del \u00e1rbol de Navidad.<\/p>\n<p>A la ma\u00f1ana siguiente, cuando Pablo despert\u00f3 crey\u00f3 que todo hab\u00eda sido una pesadilla. Pero pronto se dio cuenta de la realidad, al ver que estaba durmiendo en el cobertizo. Entonces sali\u00f3 al jard\u00edn para contemplar el desastre\u2026 \u00a1Y lo que vio le dej\u00f3 maravillado! Delante del cobertizo estaba el \u00e1rbol de Navidad m\u00e1s bonito que hab\u00eda visto jam\u00e1s. Los adornos destellaban bajo la luz del sol. \u00a1Parec\u00eda un \u00e1rbol salido de un mundo m\u00e1gico!<\/p>\n<p>-\u00a1Mam\u00e1! \u00a1Ven! \u00a1Tienes que ver esto! -llam\u00f3 el ni\u00f1o.<\/p>\n<p>La mam\u00e1 de Pablo, adormecida, acudi\u00f3 a la llamada de su hijo. Al ver el precioso \u00e1rbol qued\u00f3 maravillada. Entonces se acerc\u00f3 para observarlo mejor.<\/p>\n<p>-No te lo vas a creer, Pablo. \u00a1El \u00e1rbol est\u00e1 lleno de piedras preciosas! \u00a1Mira! Son rub\u00edes y esmeraldas\u2026 \u00a1Hasta diamantes! \u00a1Podremos vender estas piedras preciosas y construir una nueva casa!<\/p>\n<p>Con l\u00e1grimas en los ojos, alz\u00f3 a Pablo en brazos y lo abraz\u00f3.<\/p>\n<p>Los animales del bosque no entend\u00edan el motivo de tanta alegr\u00eda. No sab\u00edan lo que eran los diamantes o las esmeraldas ni por qu\u00e9 eran tan valiosos. Pero no les import\u00f3. Estaban demasiado contentos por haber hecho tan felices a Pablo y tambi\u00e9n a su mam\u00e1 en el d\u00eda de Navidad.<\/p>\n<h2>Este no es el \u00fanico cuento navide\u00f1o para ni\u00f1os disponible<\/h2>\n<p>\u00a1Si a tu peque le ha gustado este cuento navide\u00f1o para ni\u00f1os, tenemos maravillosas noticias! Puedes acceder a <strong>otros muchos, tanto en su versi\u00f3n para leer como para escuchar<\/strong>, en nuestra secci\u00f3n de <a href=\"https:\/\/www.mumablue.com\/blog\/cuentos-de-navidad-para-ninos-gratis-audiocuentos\/\"><span style=\"color: #3366ff;\">cuentos de Navidad infantiles<\/span><\/a>.<\/p>\n<h2><a href=\"https:\/\/www.mumablue.com\/esp\/nuestros-cuentos-personalizados\/cuento-personalizado-de-navidad?utm_source=blog&amp;utm_medium=banner&amp;utm_campaign=p\u00e1ginas-audiocuentos&amp;utm_content=cuento-navideno-ninos\"><img decoding=\"async\" loading=\"lazy\" class=\"alignnone wp-image-5297\" src=\"https:\/\/www.mumablue.com\/blog\/wp-content\/uploads\/2021\/11\/Tu-peque-salva-la-Navidad-1.jpg\" alt=\"cuento de Pap\u00e1 Noel\" width=\"715\" height=\"162\" srcset=\"https:\/\/www.mumablue.com\/blog\/wp-content\/uploads\/2021\/11\/Tu-peque-salva-la-Navidad-1.jpg 815w, https:\/\/www.mumablue.com\/blog\/wp-content\/uploads\/2021\/11\/Tu-peque-salva-la-Navidad-1-300x68.jpg 300w, https:\/\/www.mumablue.com\/blog\/wp-content\/uploads\/2021\/11\/Tu-peque-salva-la-Navidad-1-768x174.jpg 768w, https:\/\/www.mumablue.com\/blog\/wp-content\/uploads\/2021\/11\/Tu-peque-salva-la-Navidad-1-624x142.jpg 624w\" sizes=\"(max-width: 715px) 100vw, 715px\" \/><\/a><\/h2>\n<p>All\u00ed encontrar\u00e1s distintos tipos de relatos, historias para todos los gustos: desde recreaciones de los<strong> cl\u00e1sicos como \u00abCanci\u00f3n de Navidad\u00bb, de Charles Dickens o \u00abEl Cascanueces<\/strong> <strong>y el rey de los ratones\u00bb<\/strong>, de E.T.A Hoffmann, hasta un villancico muy loco para cantar o escuchar, las versiones para escuchar de los cuentos personalizados Mumablue \u00abMisi\u00f3n: Salvar la Navidad\u00bb o \u00abMi cuento de Navidad\u00bb (ya descatalogado en su versi\u00f3n impresa pero disponible para leer y escuchar online\u00bb, una historia para \u00abenga\u00f1arle\u00bb en el D\u00eda de los Inocentes o un <strong>especial Reyes Magos realizado en colaboraci\u00f3n con el cuadro de actores de Radio Nacional de Espa\u00f1a.<\/strong><\/p>\n<p>\u00a1Y eso no es todo! <strong>Ecuentra cuentos y audiocuentos de fantas\u00eda, aventura, historia, humor, \u00abmiedo\u00bb&#8230;<\/strong> en nuestra p\u00e1gina de <span style=\"color: #3366ff;\"><a style=\"color: #3366ff;\" href=\"https:\/\/www.mumablue.com\/blog\/cuentos-infantiles-para-leer-cortos-gratis\/\">cuentos infantiles gratis<\/a><\/span>. \u00a1Si te gustan, comparte! Nos viene fenomenal llegar a muchos m\u00e1s peques \u00a1No dejes de ense\u00f1arles este cuento navide\u00f1o para ni\u00f1os!<\/p>\n<div style='text-align:left' class='yasr-auto-insert-visitor'><\/div>","protected":false},"excerpt":{"rendered":"<p>Si buscas un cuento navide\u00f1o para ni\u00f1os, corto y con valores, \u00abEl \u00e1rbol de Navidad\u00bb te gustar\u00e1. Se trata de un relato sencillo que comienza el d\u00eda de Nochebuena, cuando el peque\u00f1o Pablo adorna el arbolito junto a su mam\u00e1, en la caba\u00f1a del bosque en la que ambos viven. Cuando un desafortunado accidente destruya [&hellip;]<\/p>\n","protected":false},"author":6,"featured_media":0,"parent":0,"menu_order":0,"comment_status":"closed","ping_status":"closed","template":"","meta":{"yasr_overall_rating":0,"yasr_post_is_review":"","yasr_auto_insert_disabled":"","yasr_review_type":""},"yasr_visitor_votes":{"number_of_votes":32,"sum_votes":142,"stars_attributes":{"read_only":false,"span_bottom":false}},"yoast_head":"<!-- This site is optimized with the Yoast SEO plugin v14.5 - https:\/\/yoast.com\/wordpress\/plugins\/seo\/ -->\n<meta name=\"description\" content=\"&quot;El \u00e1rbol de Navidad&quot; es un cuento navide\u00f1o para ni\u00f1os que ense\u00f1a c\u00f3mo ser bueno con los dem\u00e1s acaba dando sus frutos. \u00a1Incluye audiocuento gratis!\" \/>\n<meta name=\"robots\" content=\"index, follow\" \/>\n<meta name=\"googlebot\" content=\"index, follow, max-snippet:-1, max-image-preview:large, max-video-preview:-1\" \/>\n<meta name=\"bingbot\" content=\"index, follow, max-snippet:-1, max-image-preview:large, max-video-preview:-1\" \/>\n<link rel=\"canonical\" href=\"https:\/\/www.mumablue.com\/blog\/cuento-navideno-para-ninos-corto-audiocuento-gratis\/\" \/>\n<meta property=\"og:locale\" content=\"es_ES\" \/>\n<meta property=\"og:type\" content=\"article\" \/>\n<meta property=\"og:title\" content=\"Cuento navide\u00f1o para ni\u00f1os corto + audiocuento gratis - Blog Mumablue\" \/>\n<meta property=\"og:description\" content=\"&quot;El \u00e1rbol de Navidad&quot; es un cuento navide\u00f1o para ni\u00f1os que ense\u00f1a c\u00f3mo ser bueno con los dem\u00e1s acaba dando sus frutos. \u00a1Incluye audiocuento gratis!\" \/>\n<meta property=\"og:url\" content=\"https:\/\/www.mumablue.com\/blog\/cuento-navideno-para-ninos-corto-audiocuento-gratis\/\" \/>\n<meta property=\"og:site_name\" content=\"Blog Mumablue\" \/>\n<meta property=\"article:publisher\" content=\"https:\/\/www.facebook.com\/mumablue\/\" \/>\n<meta property=\"article:modified_time\" content=\"2025-06-02T16:14:37+00:00\" \/>\n<meta property=\"og:image\" content=\"https:\/\/www.mumablue.com\/blog\/wp-content\/uploads\/2021\/12\/El-\u00e1rbol-de-Navidad-1.jpg\" \/>\n<meta name=\"twitter:card\" content=\"summary_large_image\" \/>\n<script type=\"application\/ld+json\" class=\"yoast-schema-graph\">{\"@context\":\"https:\/\/schema.org\",\"@graph\":[{\"@type\":\"Organization\",\"@id\":\"https:\/\/www.mumablue.com\/blog\/#organization\",\"name\":\"Mumablue\",\"url\":\"https:\/\/www.mumablue.com\/blog\/\",\"sameAs\":[\"https:\/\/www.facebook.com\/mumablue\/\",\"https:\/\/www.instagram.com\/mumablue\/?hl=es\"],\"logo\":{\"@type\":\"ImageObject\",\"@id\":\"https:\/\/www.mumablue.com\/blog\/#logo\",\"inLanguage\":\"es\",\"url\":\"https:\/\/www.mumablue.com\/blog\/wp-content\/uploads\/2020\/05\/Blog-Mumablue.png\",\"width\":749,\"height\":269,\"caption\":\"Mumablue\"},\"image\":{\"@id\":\"https:\/\/www.mumablue.com\/blog\/#logo\"}},{\"@type\":\"WebSite\",\"@id\":\"https:\/\/www.mumablue.com\/blog\/#website\",\"url\":\"https:\/\/www.mumablue.com\/blog\/\",\"name\":\"Blog Mumablue\",\"description\":\"Un blog de cuentos y audiocuentos gratis para ni\\u00f1os.\",\"publisher\":{\"@id\":\"https:\/\/www.mumablue.com\/blog\/#organization\"},\"potentialAction\":[{\"@type\":\"SearchAction\",\"target\":\"https:\/\/www.mumablue.com\/blog\/?s={search_term_string}\",\"query-input\":\"required name=search_term_string\"}],\"inLanguage\":\"es\"},{\"@type\":\"ImageObject\",\"@id\":\"https:\/\/www.mumablue.com\/blog\/cuento-navideno-para-ninos-corto-audiocuento-gratis\/#primaryimage\",\"inLanguage\":\"es\",\"url\":\"https:\/\/www.mumablue.com\/blog\/wp-content\/uploads\/2021\/12\/El-\\u00e1rbol-de-Navidad-1.jpg\",\"width\":500,\"height\":500,\"caption\":\"cuento navide\\u00f1o para ni\\u00f1os\"},{\"@type\":\"WebPage\",\"@id\":\"https:\/\/www.mumablue.com\/blog\/cuento-navideno-para-ninos-corto-audiocuento-gratis\/#webpage\",\"url\":\"https:\/\/www.mumablue.com\/blog\/cuento-navideno-para-ninos-corto-audiocuento-gratis\/\",\"name\":\"Cuento navide\\u00f1o para ni\\u00f1os corto + audiocuento gratis - Blog Mumablue\",\"isPartOf\":{\"@id\":\"https:\/\/www.mumablue.com\/blog\/#website\"},\"primaryImageOfPage\":{\"@id\":\"https:\/\/www.mumablue.com\/blog\/cuento-navideno-para-ninos-corto-audiocuento-gratis\/#primaryimage\"},\"datePublished\":\"2021-12-27T11:05:09+00:00\",\"dateModified\":\"2025-06-02T16:14:37+00:00\",\"description\":\"\\\"El \\u00e1rbol de Navidad\\\" es un cuento navide\\u00f1o para ni\\u00f1os que ense\\u00f1a c\\u00f3mo ser bueno con los dem\\u00e1s acaba dando sus frutos. \\u00a1Incluye audiocuento gratis!\",\"inLanguage\":\"es\",\"potentialAction\":[{\"@type\":\"ReadAction\",\"target\":[\"https:\/\/www.mumablue.com\/blog\/cuento-navideno-para-ninos-corto-audiocuento-gratis\/\"]}]}]}<\/script>\n<!-- \/ Yoast SEO plugin. -->","_links":{"self":[{"href":"https:\/\/www.mumablue.com\/blog\/wp-json\/wp\/v2\/pages\/5516"}],"collection":[{"href":"https:\/\/www.mumablue.com\/blog\/wp-json\/wp\/v2\/pages"}],"about":[{"href":"https:\/\/www.mumablue.com\/blog\/wp-json\/wp\/v2\/types\/page"}],"author":[{"embeddable":true,"href":"https:\/\/www.mumablue.com\/blog\/wp-json\/wp\/v2\/users\/6"}],"replies":[{"embeddable":true,"href":"https:\/\/www.mumablue.com\/blog\/wp-json\/wp\/v2\/comments?post=5516"}],"version-history":[{"count":5,"href":"https:\/\/www.mumablue.com\/blog\/wp-json\/wp\/v2\/pages\/5516\/revisions"}],"predecessor-version":[{"id":7614,"href":"https:\/\/www.mumablue.com\/blog\/wp-json\/wp\/v2\/pages\/5516\/revisions\/7614"}],"wp:attachment":[{"href":"https:\/\/www.mumablue.com\/blog\/wp-json\/wp\/v2\/media?parent=5516"}],"curies":[{"name":"wp","href":"https:\/\/api.w.org\/{rel}","templated":true}]}}