{"id":5499,"date":"2021-12-15T10:28:10","date_gmt":"2021-12-15T10:28:10","guid":{"rendered":"https:\/\/mumablue.com\/blog\/?page_id=5499"},"modified":"2025-06-03T08:18:05","modified_gmt":"2025-06-03T08:18:05","slug":"poema-de-hermanos-para-ninos-audiopoesia-gratis","status":"publish","type":"page","link":"https:\/\/www.mumablue.com\/blog\/poema-de-hermanos-para-ninos-audiopoesia-gratis\/","title":{"rendered":"Poema de hermanos para ni\u00f1os + audiopoes\u00eda gratis"},"content":{"rendered":"<p><img decoding=\"async\" loading=\"lazy\" class=\"alignnone size-full wp-image-5501\" src=\"https:\/\/www.mumablue.com\/blog\/wp-content\/uploads\/2021\/12\/Gritafuerte-y-Gritam\u00e1s-1.jpg\" alt=\"Poema de hermanos para ni\u00f1os\" width=\"500\" height=\"500\" srcset=\"https:\/\/www.mumablue.com\/blog\/wp-content\/uploads\/2021\/12\/Gritafuerte-y-Gritam\u00e1s-1.jpg 500w, https:\/\/www.mumablue.com\/blog\/wp-content\/uploads\/2021\/12\/Gritafuerte-y-Gritam\u00e1s-1-300x300.jpg 300w, https:\/\/www.mumablue.com\/blog\/wp-content\/uploads\/2021\/12\/Gritafuerte-y-Gritam\u00e1s-1-150x150.jpg 150w\" sizes=\"(max-width: 500px) 100vw, 500px\" \/><\/p>\n<p>Os traemos un poema de hermanos para ni\u00f1os, muy divertido, que refleja esa sana rivalidad que existe entre los hermanos cuando son ni\u00f1os pero que puede llegar a sacar de quicio a los pap\u00e1s.\u00a0 <strong>En este relato rimado, Gritafuerte y Gritam\u00e1s son dos hermanos que compiten todo el tiempo<\/strong> y que no est\u00e1n conformes con nada cuando est\u00e1n juntos.<\/p>\n<p>Este poema de hermanos para ni\u00f1os se construye sobre situaciones cotidianas en busca de que los peque\u00f1os lectores se vean identificados y les cale mejor el mensaje final que, <strong>a trav\u00e9s del humor,<\/strong> <strong>pone de relieve lo absurdo que es pelearse<\/strong> cuando \u00abhay mundo para ambos\u00bb.<\/p>\n<p>Si tienes la posibilidad, te recomendamos que conozcas este <strong>poema de hermanos para ni\u00f1os en su versi\u00f3n audiopoes\u00eda.<\/strong><\/p>\n<h6><script src=\"https:\/\/www.buzzsprout.com\/937792\/9656010-gritafuerte-y-gritamas.js?container_id=buzzsprout-player-9656010&#038;player=small\" type=\"text\/javascript\" charset=\"utf-8\"><\/script>M\u00fasica Public Domain: <span style=\"color: #3366ff;\"><a style=\"color: #3366ff;\" href=\"https:\/\/freepd.com\/comedy.php\">My Giant Bunny Friend<\/a><\/span>, por Brian Teoh.<\/h6>\n<h2>Poema de hermanos para ni\u00f1os<\/h2>\n<h3 style=\"text-align: center;\">Gritafuerte y Gritam\u00e1s<\/h3>\n<p style=\"text-align: center;\">Gritafuerte y Gritam\u00e1s<br \/>\nson dos ni\u00f1os caprichosos.<br \/>\nGritafuerte es quisquillosa,<br \/>\nGritam\u00e1s es un rabioso.<\/p>\n<p style=\"text-align: center;\">Su mam\u00e1 ya est\u00e1 hasta el mo\u00f1o<br \/>\nde escucharlos pelear.<br \/>\nSi el uno dice: \u201cSoy feo\u201d<br \/>\nLa otra responde: \u201cYo, m\u00e1s\u201d.<\/p>\n<p style=\"text-align: center;\">Gritam\u00e1s y Gritafuerte<br \/>\nse comparan sin cesar.<br \/>\n\u00ab\u00a1Sus guisantes son m\u00e1s verdes!\u00bb<br \/>\n\u00ab\u00a1Tiene una lenteja m\u00e1s!\u00bb<\/p>\n<p style=\"text-align: center;\">Su pap\u00e1 ya est\u00e1 hasta el gorro<br \/>\nde o\u00edrlos lloriquear.<br \/>\nSi la una dice: \u201cMe duele\u201d<br \/>\nEl otro gime: \u201cA m\u00ed, m\u00e1s\u201d<\/p>\n<p style=\"text-align: center;\">Gritafuerte y Gritam\u00e1s<br \/>\nno se calman ni en el parque.<br \/>\n\u00ab\u00a1Ha arrancado el tobog\u00e1n!\u00bb<br \/>\n\u00ab\u00a1Porque el suyo era m\u00e1s grande!\u00bb<\/p>\n<p style=\"text-align: center;\">Su abuelos no soportan<br \/>\ntanto mal comportamiento.<br \/>\nSi el uno exclama: \u00ab\u00a1Una caca!\u00bb<br \/>\nLa otra responde: \u00ab\u00a1Yo quiero!\u00bb<\/p>\n<p style=\"text-align: center;\">Gritam\u00e1s y Gritafuerte<br \/>\nvan al cole enfurru\u00f1ados.<br \/>\n\u00ab\u00a1Tiene un ejercicio menos!\u00bb<br \/>\n\u00ab\u00a1No me sientes a su lado!\u00bb<\/p>\n<p style=\"text-align: center;\">Sus profes ya no toleran<br \/>\nque sean tan mal educados<br \/>\nSi la una dice: \u201cNo entiendo\u201d<br \/>\nEl otro chincha: \u201cQu\u00e9 raro\u2026\u201d<\/p>\n<p style=\"text-align: center;\">Gritafuerte y Gritam\u00e1s<br \/>\nni jugando est\u00e1n contentos:<br \/>\n\u00ab\u00a1Ha arreglado mi mu\u00f1eca!\u00bb<br \/>\n\u00ab\u00a1Ha construido mi LEGO!\u00bb<\/p>\n<p style=\"text-align: center;\">Su mam\u00e1 dice, enfadada:<br \/>\n\u00ab\u00a1Asomaos al balc\u00f3n!<br \/>\n\u00bfNo lo veis, cabezas huecas?<br \/>\n\u00a1Hay mundo para los dos!\u00bb<\/p>\n<h2>Cuentos personalizados para hermanos<\/h2>\n<p>Mumablue es una editorial de cuentos personalizados en papel, \u00bflo sab\u00edas? En nuestro cat\u00e1logo disponemos de diferentes t\u00edtulos que podr\u00e1s personalizar para dos o tres hermanos. Por ejemplo, <span style=\"color: #3366ff;\"><a style=\"color: #3366ff;\" href=\"https:\/\/www.mumablue.com\/esp\/nuestros-cuentos-personalizados\/cuento-llegada-hermanito?utm_source=blog&amp;utm_medium=link&amp;utm_campaign=p\u00e1ginas-audiocuentos&amp;utm_content=poema-hermanos\">\u00ab(Nombre) y su hermanito (Nombre)\u00bb<\/a><\/span>, un cuento editado en papel, que educa en valores y que <strong>ayudar\u00e1 a tu peque mayor a superar el s\u00edndrome del pr\u00edncipe destronado<\/strong> ante la llegada de un nuevo hermanito.<\/p>\n<p>Tambi\u00e9n <strong>podr\u00e1s personalizar cuentos para toda la familia en la que hasta tres hermanos protagonizar\u00e1n historias<\/strong> asombrosas en compa\u00f1\u00eda de sus pap\u00e1s, sus t\u00edos o sus abuelos. Como <a href=\"https:\/\/www.mumablue.com\/esp\/nuestros-cuentos-personalizados\/cuento-personalizado-familia?utm_source=blog&amp;utm_medium=link&amp;utm_campaign=p\u00e1ginas-audiocuentos&amp;utm_content=poema-hermanos\">Juntos<\/a>, uno de nuestros superventas. O <span style=\"color: #3366ff;\"><a style=\"color: #3366ff;\" href=\"https:\/\/www.mumablue.com\/esp\/nuestros-cuentos-personalizados\/cuento-dinosaurios-personalizado?utm_source=blog&amp;utm_medium=link&amp;utm_campaign=p\u00e1ginas-audiocuentos&amp;utm_content=poema-hermanos\">\u00ab\u00bfD\u00f3nde est\u00e1n los (Apellidos familiares)?\u00bb<\/a><\/span>, un libro-juego de \u00abbusca y encuentra\u00bb que plantea una aventura entre dinosaurios para toda la familia y en la que tus peques podr\u00e1n jugar a encontrarse a s\u00ed mismos en cada p\u00e1gina.<\/p>\n<p>Otra propuesta que te puede interesar es<strong> \u00abChucheritis\u00bb, en la que dos hermanos viven una aventura en compa\u00f1\u00eda de la ardilla Li<\/strong> en la que descubrir\u00e1n el valor de la amistad y la generosidad, a la vez que aprenden que no es bueno comer demasiadas golosinas. Pulsa en la imagen de debajo para personalizar el tuyo.<\/p>\n<h2><a href=\"https:\/\/www.mumablue.com\/esp\/nuestros-cuentos-personalizados\/chucheritis-es?utm_source=blog&amp;utm_medium=banner&amp;utm_campaign=p\u00e1ginas-audiocuentos&amp;utm_content=poema-hermanos\"><img decoding=\"async\" loading=\"lazy\" class=\"alignnone size-full wp-image-4578\" src=\"https:\/\/www.mumablue.com\/blog\/wp-content\/uploads\/2021\/07\/cuento-personalizado-hermanos.jpg\" alt=\"Cuento sobre alimentaci\u00f3n saludable\" width=\"715\" height=\"162\" srcset=\"https:\/\/www.mumablue.com\/blog\/wp-content\/uploads\/2021\/07\/cuento-personalizado-hermanos.jpg 715w, https:\/\/www.mumablue.com\/blog\/wp-content\/uploads\/2021\/07\/cuento-personalizado-hermanos-300x68.jpg 300w, https:\/\/www.mumablue.com\/blog\/wp-content\/uploads\/2021\/07\/cuento-personalizado-hermanos-624x141.jpg 624w\" sizes=\"(max-width: 715px) 100vw, 715px\" \/><\/a><\/h2>\n<h2>Otras poes\u00edas divertidas para ni\u00f1os gratis<\/h2>\n<p>Si te ha gustado este poema de hermanos para ni\u00f1os, <strong>te invitamos a descubrir otras poes\u00edas divertidas, educativas y llenas de valores<\/strong> en la secci\u00f3n de <a href=\"https:\/\/www.mumablue.com\/blog\/poesias-para-ninos-cortas\/\"><span style=\"color: #3366ff;\">Poemas gratuitos para ni\u00f1os<\/span><\/a> del blog de Mumablue. Ah\u00ed tu peque encontrar\u00e1 desde recetas para hacer misteriosas pociones, <strong>instrucciones para capturar un drag\u00f3n, granjas llenas de animales locos de remate<\/strong> o nuevos puntos de vista sobre los cuentos cl\u00e1sicos, hasta nanas, poemas para aprender los planetas o distintas figuras ret\u00f3ricas o poes\u00edas para comer de todo.<\/p>\n<p>Esperamos que tu peque disfrute con nuestra propuesta. Si os gusta lo que hacemos en Mumablue, <strong>te invitamos a compartir nuestros poemas, y tambi\u00e9n nuestros <\/strong><span style=\"color: #3366ff;\"><a style=\"color: #3366ff;\" href=\"https:\/\/www.mumablue.com\/blog\/cuentos-infantiles-para-leer-cortos-gratis\/\"><strong>cuentos y audiocuentos para ni\u00f1os<\/strong><\/a><\/span><strong>.<\/strong> \u00a1Y si tienes que hacer un regalo, echa un vistazo a nuestro cat\u00e1logo de <span style=\"color: #3366ff;\"><a style=\"color: #3366ff;\" href=\"https:\/\/www.mumablue.com\/?utm_source=blog&amp;utm_medium=link&amp;utm_campaign=p\u00e1ginas-audiocuentos&amp;utm_content=poema-hermanos\">cuentos personalizados<\/a><\/span> en el que el tu peque ser\u00e1 el aut\u00e9ntico protagonista!<\/p>\n<div style='text-align:left' class='yasr-auto-insert-visitor'><\/div>","protected":false},"excerpt":{"rendered":"<p>Os traemos un poema de hermanos para ni\u00f1os, muy divertido, que refleja esa sana rivalidad que existe entre los hermanos cuando son ni\u00f1os pero que puede llegar a sacar de quicio a los pap\u00e1s.\u00a0 En este relato rimado, Gritafuerte y Gritam\u00e1s son dos hermanos que compiten todo el tiempo y que no est\u00e1n conformes con [&hellip;]<\/p>\n","protected":false},"author":6,"featured_media":0,"parent":0,"menu_order":0,"comment_status":"closed","ping_status":"closed","template":"","meta":{"yasr_overall_rating":0,"yasr_post_is_review":"","yasr_auto_insert_disabled":"","yasr_review_type":""},"yasr_visitor_votes":{"number_of_votes":18,"sum_votes":62,"stars_attributes":{"read_only":false,"span_bottom":false}},"yoast_head":"<!-- This site is optimized with the Yoast SEO plugin v14.5 - https:\/\/yoast.com\/wordpress\/plugins\/seo\/ -->\n<meta name=\"description\" content=\"Poema de hermanos para ni\u00f1os en el que, en clave de humor, se pone de relieve la rivalidad existente entre muchos hermanos cuando son peque\u00f1os.\" \/>\n<meta name=\"robots\" content=\"index, follow\" \/>\n<meta name=\"googlebot\" content=\"index, follow, max-snippet:-1, max-image-preview:large, max-video-preview:-1\" \/>\n<meta name=\"bingbot\" content=\"index, follow, max-snippet:-1, max-image-preview:large, max-video-preview:-1\" \/>\n<link rel=\"canonical\" href=\"https:\/\/www.mumablue.com\/blog\/poema-de-hermanos-para-ninos-audiopoesia-gratis\/\" \/>\n<meta property=\"og:locale\" content=\"es_ES\" \/>\n<meta property=\"og:type\" content=\"article\" \/>\n<meta property=\"og:title\" content=\"Poema de hermanos para ni\u00f1os + audiopoes\u00eda gratis - Blog Mumablue\" \/>\n<meta property=\"og:description\" content=\"Poema de hermanos para ni\u00f1os en el que, en clave de humor, se pone de relieve la rivalidad existente entre muchos hermanos cuando son peque\u00f1os.\" \/>\n<meta property=\"og:url\" content=\"https:\/\/www.mumablue.com\/blog\/poema-de-hermanos-para-ninos-audiopoesia-gratis\/\" \/>\n<meta property=\"og:site_name\" content=\"Blog Mumablue\" \/>\n<meta property=\"article:publisher\" content=\"https:\/\/www.facebook.com\/mumablue\/\" \/>\n<meta property=\"article:modified_time\" content=\"2025-06-03T08:18:05+00:00\" \/>\n<meta property=\"og:image\" content=\"https:\/\/www.mumablue.com\/blog\/wp-content\/uploads\/2021\/12\/Gritafuerte-y-Gritam\u00e1s-1.jpg\" \/>\n<meta name=\"twitter:card\" content=\"summary_large_image\" \/>\n<script type=\"application\/ld+json\" class=\"yoast-schema-graph\">{\"@context\":\"https:\/\/schema.org\",\"@graph\":[{\"@type\":\"Organization\",\"@id\":\"https:\/\/www.mumablue.com\/blog\/#organization\",\"name\":\"Mumablue\",\"url\":\"https:\/\/www.mumablue.com\/blog\/\",\"sameAs\":[\"https:\/\/www.facebook.com\/mumablue\/\",\"https:\/\/www.instagram.com\/mumablue\/?hl=es\"],\"logo\":{\"@type\":\"ImageObject\",\"@id\":\"https:\/\/www.mumablue.com\/blog\/#logo\",\"inLanguage\":\"es\",\"url\":\"https:\/\/www.mumablue.com\/blog\/wp-content\/uploads\/2020\/05\/Blog-Mumablue.png\",\"width\":749,\"height\":269,\"caption\":\"Mumablue\"},\"image\":{\"@id\":\"https:\/\/www.mumablue.com\/blog\/#logo\"}},{\"@type\":\"WebSite\",\"@id\":\"https:\/\/www.mumablue.com\/blog\/#website\",\"url\":\"https:\/\/www.mumablue.com\/blog\/\",\"name\":\"Blog Mumablue\",\"description\":\"Un blog de cuentos y audiocuentos gratis para ni\\u00f1os.\",\"publisher\":{\"@id\":\"https:\/\/www.mumablue.com\/blog\/#organization\"},\"potentialAction\":[{\"@type\":\"SearchAction\",\"target\":\"https:\/\/www.mumablue.com\/blog\/?s={search_term_string}\",\"query-input\":\"required name=search_term_string\"}],\"inLanguage\":\"es\"},{\"@type\":\"ImageObject\",\"@id\":\"https:\/\/www.mumablue.com\/blog\/poema-de-hermanos-para-ninos-audiopoesia-gratis\/#primaryimage\",\"inLanguage\":\"es\",\"url\":\"https:\/\/www.mumablue.com\/blog\/wp-content\/uploads\/2021\/12\/Gritafuerte-y-Gritam\\u00e1s-1.jpg\",\"width\":500,\"height\":500,\"caption\":\"Poema de hermanos para ni\\u00f1os\"},{\"@type\":\"WebPage\",\"@id\":\"https:\/\/www.mumablue.com\/blog\/poema-de-hermanos-para-ninos-audiopoesia-gratis\/#webpage\",\"url\":\"https:\/\/www.mumablue.com\/blog\/poema-de-hermanos-para-ninos-audiopoesia-gratis\/\",\"name\":\"Poema de hermanos para ni\\u00f1os + audiopoes\\u00eda gratis - Blog Mumablue\",\"isPartOf\":{\"@id\":\"https:\/\/www.mumablue.com\/blog\/#website\"},\"primaryImageOfPage\":{\"@id\":\"https:\/\/www.mumablue.com\/blog\/poema-de-hermanos-para-ninos-audiopoesia-gratis\/#primaryimage\"},\"datePublished\":\"2021-12-15T10:28:10+00:00\",\"dateModified\":\"2025-06-03T08:18:05+00:00\",\"description\":\"Poema de hermanos para ni\\u00f1os en el que, en clave de humor, se pone de relieve la rivalidad existente entre muchos hermanos cuando son peque\\u00f1os.\",\"inLanguage\":\"es\",\"potentialAction\":[{\"@type\":\"ReadAction\",\"target\":[\"https:\/\/www.mumablue.com\/blog\/poema-de-hermanos-para-ninos-audiopoesia-gratis\/\"]}]}]}<\/script>\n<!-- \/ Yoast SEO plugin. -->","_links":{"self":[{"href":"https:\/\/www.mumablue.com\/blog\/wp-json\/wp\/v2\/pages\/5499"}],"collection":[{"href":"https:\/\/www.mumablue.com\/blog\/wp-json\/wp\/v2\/pages"}],"about":[{"href":"https:\/\/www.mumablue.com\/blog\/wp-json\/wp\/v2\/types\/page"}],"author":[{"embeddable":true,"href":"https:\/\/www.mumablue.com\/blog\/wp-json\/wp\/v2\/users\/6"}],"replies":[{"embeddable":true,"href":"https:\/\/www.mumablue.com\/blog\/wp-json\/wp\/v2\/comments?post=5499"}],"version-history":[{"count":8,"href":"https:\/\/www.mumablue.com\/blog\/wp-json\/wp\/v2\/pages\/5499\/revisions"}],"predecessor-version":[{"id":7646,"href":"https:\/\/www.mumablue.com\/blog\/wp-json\/wp\/v2\/pages\/5499\/revisions\/7646"}],"wp:attachment":[{"href":"https:\/\/www.mumablue.com\/blog\/wp-json\/wp\/v2\/media?parent=5499"}],"curies":[{"name":"wp","href":"https:\/\/api.w.org\/{rel}","templated":true}]}}