{"id":5462,"date":"2021-11-29T16:39:26","date_gmt":"2021-11-29T16:39:26","guid":{"rendered":"https:\/\/mumablue.com\/blog\/?page_id=5462"},"modified":"2025-06-02T16:06:46","modified_gmt":"2025-06-02T16:06:46","slug":"biografia-de-beethoven-para-ninos-audiocuento-gratis","status":"publish","type":"page","link":"https:\/\/www.mumablue.com\/blog\/biografia-de-beethoven-para-ninos-audiocuento-gratis\/","title":{"rendered":"Biograf\u00eda de Beethoven para ni\u00f1os + audiocuento gratis"},"content":{"rendered":"<p><img decoding=\"async\" loading=\"lazy\" class=\"alignnone size-full wp-image-5454\" src=\"https:\/\/www.mumablue.com\/blog\/wp-content\/uploads\/2021\/11\/Beethoven-el-m\u00fasico-sordo-2.jpg\" alt=\"Biograf\u00eda de Beethoven para ni\u00f1os\" width=\"500\" height=\"500\" srcset=\"https:\/\/www.mumablue.com\/blog\/wp-content\/uploads\/2021\/11\/Beethoven-el-m\u00fasico-sordo-2.jpg 500w, https:\/\/www.mumablue.com\/blog\/wp-content\/uploads\/2021\/11\/Beethoven-el-m\u00fasico-sordo-2-300x300.jpg 300w, https:\/\/www.mumablue.com\/blog\/wp-content\/uploads\/2021\/11\/Beethoven-el-m\u00fasico-sordo-2-150x150.jpg 150w\" sizes=\"(max-width: 500px) 100vw, 500px\" \/><\/p>\n<p>\u00abBeethoven, el m\u00fasico sordo\u00bb <strong>es una biograf\u00eda de Beethoven para ni\u00f1os narrada como un cuento<\/strong>, creada por <a href=\"https:\/\/www.mumablue.com\/?utm_source=blog&amp;utm_medium=link&amp;utm_campaign=p\u00e1ginas-audiocuentos&amp;utm_content=biografia-beethoven\"><span style=\"color: #0000ff;\">Mumablue<\/span><\/a>, en la que los peques se podr\u00e1n aproximar de manera sencilla a los episodios m\u00e1s relevantes de la vida del compositor. \u00a1Aprender\u00e1n un mont\u00f3n de historia de la m\u00fasica mientras se divierten!<\/p>\n<p>Puedes leerle directamente a tu peque el cuento que encontrar\u00e1s m\u00e1s abajo o invitarle a escuchar esta biograf\u00eda de Beethoven para ni\u00f1os en <strong>su versi\u00f3n en audiocuento, un montaje que mezcla narrativa y teatro<\/strong>, musicalizado con las m\u00e1s famosas piezas del compositor. \u00a1Os va encantar!<\/p>\n<h6><script src=\"https:\/\/www.buzzsprout.com\/937792\/9628528-beethoven-el-musico-sordo.js?container_id=buzzsprout-player-9628528&#038;player=small\" type=\"text\/javascript\" charset=\"utf-8\"><\/script><\/h6>\n<p><strong>IDEA ORIGINAL:<\/strong>\u00a0Cristina Rodr\u00edguez Blanco<br \/>\n<strong>GUI\u00d3N:<\/strong>\u00a0Elena Lostal\u00e9<br \/>\n<strong>REALIZACI\u00d3N, EDICI\u00d3N y MONTAJE:<\/strong>\u00a0Elena Lostal\u00e9<br \/>\n<strong>M\u00daSICAS: <\/strong>CC 3.0:\u00a0<span style=\"color: #3366ff;\"><a style=\"color: #3366ff;\" href=\"https:\/\/freemusicarchive.org\/music\/The_Concert\/Selections_Spring_2011\/beethoven_op47_1902\" target=\"_blank\" rel=\"noopener noreferrer\">Violin Sonata No. 9 in A Major<\/a><\/span>, por Corey Cerovsek, violin; Paavali Jumppanen, piano;\u00a0\u00a0<span style=\"color: #3366ff;\"><a style=\"color: #3366ff;\" href=\"https:\/\/freemusicarchive.org\/music\/CIRCUSMARCUS\/Divers_classiques\/Beethoven_-_Bagatelle_op119_n9\" target=\"_blank\" rel=\"noopener noreferrer\">Beethoven &#8211; Bagatelle op.119 n\u00ba9<\/a><\/span>, por Circus Marcus.<br \/>\n<a href=\"https:\/\/commons.wikimedia.org\/wiki\/File:Ludwig_van_Beethoven_-_sonata_no._15_in_d_major,_op._28_%27pastorale%27_-_i._allegro.ogg\" target=\"_blank\" rel=\"noopener noreferrer\">\u00a0<\/a>M\u00fasica CC 0:\u00a0<span style=\"color: #3366ff;\"><a style=\"color: #3366ff;\" href=\"https:\/\/commons.wikimedia.org\/wiki\/File:Ludwig_van_Beethoven_-_sonata_no._15_in_d_major,_op._28_%27pastorale%27_-_i._allegro.ogg\" target=\"_blank\" rel=\"noopener noreferrer\">Sonata no. 15 in d major, op. 28 &#8216;pastorale&#8217; &#8211; i. allegro<\/a><\/span>\u00a0y\u00a0<span style=\"color: #3366ff;\"><a style=\"color: #3366ff;\" href=\"https:\/\/commons.wikimedia.org\/wiki\/File:02_Horenstein_9._Beethoven_Pantheon_XP_2250_-_2._Satz.flac\" target=\"_blank\" rel=\"noopener noreferrer\">Horenstein 9. Beethoven Pantheon XP 2250 &#8211; 2. Satz.flac<\/a><\/span>\u00a0(Wikimedia);\u00a0\u00a0<span style=\"color: #3366ff;\"><a style=\"color: #3366ff;\" href=\"https:\/\/lamusicagratis.com\/decargar-musica\/pathetique-sonata-para-piano-n-o-8\" target=\"_blank\" rel=\"noopener noreferrer\">Path\u00e9tique \u2013 Sonata para piano n.\u00ba 8<\/a><\/span>,\u00a0\u00a0<span style=\"color: #3366ff;\"><a style=\"color: #3366ff;\" href=\"https:\/\/lamusicagratis.com\/decargar-musica\/sonata-para-piano-n-o-14\" target=\"_blank\" rel=\"noopener noreferrer\">Claro de luna<\/a><\/span>,\u00a0\u00a0<span style=\"color: #3366ff;\"><a style=\"color: #3366ff;\" href=\"https:\/\/lamusicagratis.com\/decargar-musica\/para-elisa\" target=\"_blank\" rel=\"noopener noreferrer\">Para Elisa<\/a><\/span>\u00a0y\u00a0\u00a0<span style=\"color: #3366ff;\"><a style=\"color: #3366ff;\" href=\"https:\/\/lamusicagratis.com\/decargar-musica\/oda-a-la-alegria\" target=\"_blank\" rel=\"noopener noreferrer\">Oda a la alegr\u00eda<\/a><\/span>\u00a0(La m\u00fasica gratis).<\/p>\n<p>VOCES:<br \/>\n<strong>Elena Lostal\u00e9<\/strong> NARRACI\u00d3N, MADRE BEETHOVEN, RECEPCIONISTA, BEETHOVEN NI\u00d1O, CONDESA, HOMBRE 1, MUJER 2, BEETHOVEN, MUJER 3, <span style=\"font-weight: 400;\">JOSEPHINE.<\/span><br \/>\n<strong>Jor L<\/strong> MOZART, HOMBRE 2<br \/>\n<strong>\u00c1lvaro Ribagorda<\/strong> PADRE BEETHOVEN,<br \/>\n<strong>Celia You:<\/strong> ELISA<\/p>\n<p>Si prefieres le\u00e9rselo directamente tambi\u00e9n es una gran idea. A continuaci\u00f3n puedes encontrar la biograf\u00eda de Beethoven para ni\u00f1os en su versi\u00f3n para leer. <strong>\u00a1Y puedes poner de fondo esta m\u00fasica de una de las obras m\u00e1s reconocidas: la Sinfon\u00eda Her\u00f3ica!<\/strong><\/p>\n<p><iframe loading=\"lazy\" src=\"\/\/commons.wikimedia.org\/wiki\/File:Beethoven_SymphonyNo.3Eroica_LudwigVanBeethoven-SymphonyNo.3InEFlatMajorEroicaOp.55-01-AllegroConBrio.ogg?embedplayer=yes\" width=\"600\" height=\"100\" frameborder=\"&quot;0&lt;\/p\"><iframe loading=\"lazy\" src=\"\/\/commons.wikimedia.org\/wiki\/File:02_Horenstein_9._Beethoven_Pantheon_XP_2250_-_2._Satz.flac?embedplayer=yes\" width=\"600\" height=\"20\" frameborder=\"0\" allowfullscreen=\"allowfullscreen\"><span data-mce-type=\"bookmark\" style=\"display: inline-block; width: 0px; overflow: hidden; line-height: 0;\" class=\"mce_SELRES_start\">\ufeff<\/span><span data-mce-type=\"bookmark\" style=\"display: inline-block; width: 0px; overflow: hidden; line-height: 0;\" class=\"mce_SELRES_start\">\ufeff<\/span><span data-mce-type=\"bookmark\" style=\"display: inline-block; width: 0px; overflow: hidden; line-height: 0;\" class=\"mce_SELRES_start\">\ufeff<\/span><span data-mce-type=\"bookmark\" style=\"display: inline-block; width: 0px; overflow: hidden; line-height: 0;\" class=\"mce_SELRES_start\">\ufeff<\/span><span data-mce-type=\"bookmark\" style=\"display: inline-block; width: 0px; overflow: hidden; line-height: 0;\" class=\"mce_SELRES_start\">\ufeff<\/span><\/iframe><\/iframe><\/p>\n<h2>Biograf\u00eda de Beethoven para ni\u00f1os: Beethoven, el m\u00fasico sordo<\/h2>\n<p>Ludwig van Beethoven naci\u00f3 en la ciudad alemana de Bonn en 1770, hace m\u00e1s de 250 a\u00f1os. Su familia descend\u00eda de campesinos, pero su abuelo decidi\u00f3 hacerse m\u00fasico. Johann, el padre de Mozart sigui\u00f3 sus pasos y tambi\u00e9n se convirti\u00f3 en m\u00fasico. \u00a1Y quiso que su hijo tambi\u00e9n se dedicara a la m\u00fasica! Pero no solo eso: quer\u00eda que Beethoven se convirtiera en un ni\u00f1o prodigio, como lo hab\u00eda sido el peque\u00f1o Mozart. De manera que Johann ense\u00f1\u00f3 a Beethoven a tocar el clarinete, el \u00f3rgano y el piano desde muy peque\u00f1o.<\/p>\n<p>&#8211; Ludwig, cari\u00f1o, \u00bfpuedes dejar de tocar la flautita, que me duele la cabeza? -se quejaba su mam\u00e1.<br \/>\n&#8211; \u00bf\u00a1Flau-ti-ta!? \u00a1Pero Mar\u00eda! Es un clarinete del taller del mism\u00edsimo J\u00f3hann Sebasti\u00e1n Denner -respond\u00eda el pap\u00e1 de Beethoven.<\/p>\n<p>La mam\u00e1 de Beethoven estaba enferma y pasaba mucho tiempo en la cama. Eso hizo que el padre de Beethoven cultivara a\u00fan m\u00e1s su obsesi\u00f3n: deseaba con todas sus fuerzas que su peque\u00f1o fuera considerado un ni\u00f1o prodigio. As\u00ed que cuando cumpli\u00f3 siete a\u00f1os, su padre le consigui\u00f3 su primera actuaci\u00f3n en p\u00fablico. \u00a1Ser\u00eda en la importante ciudad de Colonia!<\/p>\n<p>&#8211; \u00bfNombre del peque\u00f1o artista? -pregunt\u00f3 la secretaria del mostrador de inscripciones.<br \/>\n&#8211; Ludwig Van Beethoven, se\u00f1ora -repuso el pap\u00e1 de Beethoven.<br \/>\n&#8211; \u00bfEdad? -indag\u00f3 la secretaria.<br \/>\n&#8211; Siete a\u00f1o\u2026 \u00a1AY! -comenz\u00f3 a decir el peque\u00f1o Beethoven, pero un fuerte pisot\u00f3n de su pap\u00e1 le interrumpi\u00f3.<br \/>\n&#8211; Seis. Seis a\u00f1os, tiene, el ni\u00f1o -corrigi\u00f3 el pap\u00e1.<br \/>\n&#8211; Uh, eres todo un ni\u00f1o prodigio, entonces -canturre\u00f3 la secretaria mirando al peque\u00f1o m\u00fasico por encima de sus redondas gafitas.<\/p>\n<p>Efectivamente. Para que Beethoven pareciera m\u00e1s prodigioso, su pap\u00e1 minti\u00f3 sobre su edad. Y todo el mundo le crey\u00f3. Por eso siempre se pens\u00f3 que el m\u00fasico era m\u00e1s joven de lo que en realidad era. A\u00fan as\u00ed, Beethoven era un genio. Desde muy pronto comenz\u00f3 a tomar clases de m\u00fasica con importantes maestros y, con tan solo 11 a\u00f1os, compuso su primera obra musical, titulada Nueve variaciones sobre una marcha de Ernst Christoph Dressler. Y se la dedic\u00f3 nada menos que a la condesa Wolf-Metternich.<\/p>\n<p><span style=\"font-size: 1rem;\">&#8211; Ooooy, me encanta. \u00a1Me encanta! Qu\u00e9 ni\u00f1o tan adorable -aplaud\u00eda la condesa Wolf-Metternich, y ordenaba: &#8211; <\/span>\u00a1Que le den un caramelo!<\/p>\n<p>Un a\u00f1o despu\u00e9s, Beethoven fue contratado para tocar la viola en la orquesta de la corte del pr\u00edncipe elector de Colonia Maximiliano Francisco. En esta \u00e9poca ya eran muchos los entendidos musicales que le comparaban con Mozart. \u00a1Sin duda el pap\u00e1 de Beethoven se hab\u00eda salido con la suya! Con 17 a\u00f1os consigui\u00f3 viajar a Viena, que por aquel entonces era una corte que atra\u00eda a los m\u00e1s ilustres compositores del momento. Se cree que en Viena Beethoven conoci\u00f3 al mism\u00edsimo Wolfgang Amadeus Mozart.<\/p>\n<p>&#8211; Recuerden su nombre, este joven har\u00e1 hablar al mundo\u2026 -aclamaba Mozart.<br \/>\n&#8211; \u00bfCon qui\u00e9n hablas, Amadeus? &#8211; preguntaba su mujer.<br \/>\n&#8211; No, con nadie, Constanze. Total, dentro de dos siglos dir\u00e1n que si todo esto no pas\u00f3,<br \/>\nque si es una leyenda\u2026 &#8211; se quejaba Mozart en tono burl\u00f3n, muy indignado.<\/p>\n<p>Sin embargo, pronto sobrevino la desgracia. La madre de Beethoven enferm\u00f3 de tuberculosis y muri\u00f3. El padre enferm\u00f3 de tristeza, comenz\u00f3 a beber mucho alcohol y acab\u00f3 en la c\u00e1rcel. Entonces Beethoven se hizo cargo de sus hermanos y comenz\u00f3 a trabajar tocando el viol\u00edn en una orquesta y como profesor de piano. Cuando su padre muri\u00f3, regres\u00f3 a Viena y su fama no hizo m\u00e1s que crecer. La corte, la nobleza y la Iglesia valoraban mucho la m\u00fasica de Beethoven y le ayudaron a conseguir su sue\u00f1o.<\/p>\n<p><span style=\"font-size: 1rem;\">&#8211; Ooooy, me encanta. \u00a1Me encanta! Qu\u00e9 chico tan\u00a0<\/span>virtuoso. \u00a1Que le paguen todo lo que \u00e9l quiera! &#8211;<span style=\"font-size: 1rem;\">aplaud\u00eda la condesa Wolf-Metternich.<\/span><\/p>\n<p>Pero la mala suerte volver\u00eda a visitar al compositor: cuando cumpli\u00f3 26 a\u00f1os, Beethoven comenz\u00f3 a escuchar unos extra\u00f1os zumbidos que proven\u00edan del interior de su o\u00eddo. Dos a\u00f1os despu\u00e9s, el extraordinario m\u00fasico y compositor comenz\u00f3 a quedarse sordo. \u00a1Imaginaos lo dram\u00e1tico que fue! \u00a1Un m\u00fasico no puede ser m\u00fasico si se queda sordo! Pero Beethoven era un aut\u00e9ntico genio. Este hecho no le desanim\u00f3 y compuso sus obras m\u00e1s importantes en los a\u00f1os en los que avanzaba su sordera.<\/p>\n<p>&#8211; Beethoven, \u00bftienes ya lista tu Segunda sinfon\u00eda? &#8211; le preguntaba un amigo.<br \/>\n&#8211; \u00bfQu\u00e9 diceeeees? \u00bfQue la comida est\u00e1 inmunda este mediod\u00eda? \u00a1Pues a m\u00ed que me traigan un bocata de lomo! -respond\u00eda Beethoven, quien cada vez o\u00eda peor.<br \/>\n&#8211; SIN-FO-N\u00cdA. SE-GUN-DA SINFON\u00cdA -gritaba su amigo.<br \/>\n&#8211; \u00a1Ahhhh! Vale, nada, oye\u2026 si van a ir a la poller\u00eda, pues que sea de pollo\u2026 \u00a1Con queso! -zanjaba Beethoven.<\/p>\n<p>Sin embargo, aunque esta enfermedad no afect\u00f3 a su virtud art\u00edstica, s\u00ed lo hizo sobre su \u00e1nimo. Beethoven se convirti\u00f3 en un hombre gru\u00f1\u00f3n y de mal genio. Este cambio en su car\u00e1cter, sumado al inicio de una \u00e9poca de revoluciones en Europa, hizo que su m\u00fasica dejara de ser fresca y ligera y se convirtiera en \u00e9pica y turbulenta. En estos a\u00f1os compuso Sonata Pat\u00e9tica, Claro de luna o Sinfon\u00eda Her\u00f3ica.<\/p>\n<p>&#8211; Es un maestro, f\u00edjate con qu\u00e9 presteza mueve los dedos -susurraban los espectadores que acud\u00edan al auditorio a escucharlo tocar.<\/p>\n<p>&#8211; \u00a1No hablen si lo que tienen que decir no es mejor que mi m\u00fasica! -rega\u00f1aba Beethoven, entonces, cerrando de un golpe la tapa del piano.<\/p>\n<p>Otro problema se le present\u00f3 al compositor: el mal de amores. Beethoven se enamor\u00f3 de la condesa Josephine Brunswick, una joven viuda que tambi\u00e9n estaba enamorada de \u00e9l. Sin embargo, en aquella \u00e9poca estaba muy mal visto que los miembros de la nobleza se casaran con gente vulgar, de manera que se tuvieron que separar.<\/p>\n<p>&#8211; \u00a1Pero Josephine, cari\u00f1o, no puedes abandonarme! -suplicaba Beethoven.<br \/>\n&#8211; O sea, Ludwig, yo te quiero mucho y todo eso, \u00bfsabes? pero es que la gente de MI clase no puede juntarse con el populacho. \u00a1Imagina el esc\u00e1ndalo!<br \/>\n&#8211; \u00bfEEEHH?<br \/>\n&#8211; EL-ES-C\u00c1N-DA-LO -repet\u00eda Josephine.<br \/>\n&#8211; Eso da igual\u2026 \u00a1Olvid\u00e9monos del qu\u00e9 dir\u00e1n, amor m\u00edo! -insist\u00eda el m\u00fasico.<br \/>\n&#8211; Ya, claro, te dar\u00e1 igual a ti, que te est\u00e1s quedando sordo y no lo oyes\u2026<\/p>\n<p><iframe loading=\"lazy\" src=\"\/\/commons.wikimedia.org\/wiki\/File:Fur_Elise.ogg?embedplayer=yes\" width=\"600\" height=\"100\" frameborder=\"0\" allowfullscreen=\"allowfullscreen\" data-mce-fragment=\"1\"><span data-mce-type=\"bookmark\" style=\"display: inline-block; width: 0px; overflow: hidden; line-height: 0;\" class=\"mce_SELRES_start\">\ufeff<\/span><\/iframe><\/p>\n<p>Cuando Beethoven ten\u00eda 38 a\u00f1os conoci\u00f3 a Elisabeth R\u00f6ckel, una cantante alemana. Y se hicieron muy amigos. Tanto, que el m\u00fasico compuso para ella una de sus piezas m\u00e1s conocidas. Se llamaba \u201cPara Elisa\u201d.<\/p>\n<p>&#8211; Jo, Ludwig, c\u00f3mo te lo curras. \u00bfDe verdad es para m\u00ed? -exclamaba Elisabeth.<br \/>\n&#8211; Para ti, s\u00ed. Para Elisa -repet\u00eda Beethoven con solemnidad.<\/p>\n<p>En los a\u00f1os siguientes, y a pesar de que su sordera iba en aumento, Beethoven compuso importantes piezas musicales, entre ellas la sinfon\u00eda n\u00famero 5, conocida como la Oda a la alegr\u00eda.<\/p>\n<p>A partir de este momento, Beethoven no par\u00f3 de componer maravillosas obras maestras de la m\u00fasica, a pesar de que cada vez ofrec\u00eda menos conciertos frente al p\u00fablico. Adem\u00e1s, cada vez ten\u00eda menos dinero. Se plante\u00f3, entonces, abandonar Viena. Para evitar que se marchara, dos pr\u00edncipes, que eran grandes admiradores de su m\u00fasica, le pusieron un sueldo anual \u00a1de 4.000 florines!<\/p>\n<p>&#8211; Ooooy, me encanta. \u00a1Me encanta! \u00a1Este hombre es un aut\u00e9ntico GENIO. \u00a1Que lo llenen de oro! -aplaud\u00eda la condesa <span style=\"font-size: 1rem;\">Wolf-Metternich.<\/span><\/p>\n<p><iframe loading=\"lazy\" src=\"\/\/commons.wikimedia.org\/wiki\/File:02_Horenstein_9._Beethoven_Pantheon_XP_2250_-_2._Satz.flac?embedplayer=yes\" width=\"600\" height=\"100\" frameborder=\"0\" allowfullscreen=\"allowfullscreen\"><span data-mce-type=\"bookmark\" style=\"display: inline-block; width: 0px; overflow: hidden; line-height: 0;\" class=\"mce_SELRES_start\">\ufeff<\/span><\/iframe><\/p>\n<p>Gracias a ello, Beethoven se convirti\u00f3 en el primer artista y compositor independiente de la historia, pues todos los m\u00fasicos eran sirvientes en las casas de los arist\u00f3cratas. Hasta ahora. Beethoven puso como condici\u00f3n poder crear las obras que \u00c9L QUISIERA. Y as\u00ed vieron la luz obras como La victoria de Wellington y su S\u00e9ptima y Octava sinfon\u00edas\u2026 y la Novena: su \u00faltimo gran \u00e9xito. Beethoven ten\u00eda 52 a\u00f1os.<\/p>\n<p>Beethoven pas\u00f3 sus \u00faltimos a\u00f1os en soledad. Su sordera casi le imped\u00eda totalmente, los pr\u00edncipes le hab\u00edan retirado el salario y casi no ten\u00eda dinero, su salud empeor\u00f3 y tan solo manten\u00eda el contacto con un pu\u00f1ado de amigos. Beethoven ya no o\u00eda y casi no com\u00eda. Su enfermedad se agrav\u00f3 y muri\u00f3 con 56 a\u00f1os, a causa de un fallo en el h\u00edgado. Mor\u00eda as\u00ed uno de los mejores m\u00fasicos y compositores de m\u00fasica cl\u00e1sica de todos los tiempos.<\/p>\n<p>\u00abAplaudid amigos, la comedia ha terminado\u00bb -dec\u00eda Beethoven.<\/p>\n<h2>Descubre m\u00e1s biograf\u00edas de personajes hist\u00f3ricos para ni\u00f1os<\/h2>\n<p>Si te ha gustado esta biograf\u00eda de Beethoven para ni\u00f1os, puede que te interese descubrir otras historias, para leer y escuchar, de personajes hist\u00f3ricos. Los ni\u00f1os alucinan con <strong>\u00ab<span style=\"color: #3366ff;\"><a style=\"color: #3366ff;\" href=\"https:\/\/www.mumablue.com\/blog\/historia-de-cleopatra-para-ninos-audiocuento-gratis\/\">Cleopatra, la \u00faltima reina de Egipto<\/a><\/span>\u00ab, un cuento en el que se narra la emocionante vida<\/strong> de la reina entre las reinas y su ca\u00edda a manos del imperio romano.<\/p>\n<p>Si tu peque es m\u00e1s de ciencia, disfrutar\u00e1 a tope con la biograf\u00eda de Marie Curie, un cuento en el que se habla de la vida y los grandes descubrimientos de una de las cient\u00edficas m\u00e1s importantes de la historia. Te invitamos a descubrir <strong>\u00ab<span style=\"color: #3366ff;\"><a style=\"color: #3366ff;\" href=\"https:\/\/www.mumablue.com\/blog\/biografia-de-marie-curie-para-ninos-audiocuento\/\">Marie Curie, la extraordinaria cient\u00edfica<\/a><\/span>\u00bb en sus versiones para leer o escuchar.<\/strong><\/p>\n<p><img decoding=\"async\" loading=\"lazy\" class=\"\" src=\"https:\/\/emoji.slack-edge.com\/T064P4B7V\/pam\/b4c5a7cb1acaf1fb.gif\" alt=\":pam:\" width=\"29\" height=\"29\" \/> \u00bfTe ha gustado esta biograf\u00eda de Beethoven para ni\u00f1os?<strong> Te invitamos a compartirla con otros mam\u00e1s o pap\u00e1s, o con el profe de m\u00fasica de tu peque<\/strong>. \u00a1Seguro que les encanta!<\/p>\n<p>Imagen fondo:\u00a0<span style=\"color: #3366ff;\"><a style=\"color: #3366ff;\" href=\"https:\/\/www.freepik.es\/vector-gratis\/escenario-teatro-e-ilustracion-publica-dibujos-animados_3834880.htm#page=1&amp;query=auditorio&amp;position=2&amp;from_view=search\" target=\"_blank\" rel=\"noopener noreferrer\">Teatro<\/a>\u00a0<\/span>(Freepik)<\/p>\n<div style='text-align:left' class='yasr-auto-insert-visitor'><\/div>","protected":false},"excerpt":{"rendered":"<p>\u00abBeethoven, el m\u00fasico sordo\u00bb es una biograf\u00eda de Beethoven para ni\u00f1os narrada como un cuento, creada por Mumablue, en la que los peques se podr\u00e1n aproximar de manera sencilla a los episodios m\u00e1s relevantes de la vida del compositor. \u00a1Aprender\u00e1n un mont\u00f3n de historia de la m\u00fasica mientras se divierten! Puedes leerle directamente a tu [&hellip;]<\/p>\n","protected":false},"author":6,"featured_media":0,"parent":0,"menu_order":0,"comment_status":"closed","ping_status":"closed","template":"","meta":{"yasr_overall_rating":0,"yasr_post_is_review":"","yasr_auto_insert_disabled":"","yasr_review_type":""},"yasr_visitor_votes":{"number_of_votes":24,"sum_votes":98,"stars_attributes":{"read_only":false,"span_bottom":false}},"yoast_head":"<!-- This site is optimized with the Yoast SEO plugin v14.5 - https:\/\/yoast.com\/wordpress\/plugins\/seo\/ -->\n<meta name=\"description\" content=\"Con esta biograf\u00eda de Beethoven para ni\u00f1os, para leer o escuchar, tu peque aprender\u00e1 mucho sobre la vida y obra del asombroso compositor. \u00a1Con m\u00fasicas!\" \/>\n<meta name=\"robots\" content=\"index, follow\" \/>\n<meta name=\"googlebot\" content=\"index, follow, max-snippet:-1, max-image-preview:large, max-video-preview:-1\" \/>\n<meta name=\"bingbot\" content=\"index, follow, max-snippet:-1, max-image-preview:large, max-video-preview:-1\" \/>\n<link rel=\"canonical\" href=\"https:\/\/www.mumablue.com\/blog\/biografia-de-beethoven-para-ninos-audiocuento-gratis\/\" \/>\n<meta property=\"og:locale\" content=\"es_ES\" \/>\n<meta property=\"og:type\" content=\"article\" \/>\n<meta property=\"og:title\" content=\"Biograf\u00eda de Beethoven para ni\u00f1os + audiocuento gratis - Blog Mumablue\" \/>\n<meta property=\"og:description\" content=\"Con esta biograf\u00eda de Beethoven para ni\u00f1os, para leer o escuchar, tu peque aprender\u00e1 mucho sobre la vida y obra del asombroso compositor. \u00a1Con m\u00fasicas!\" \/>\n<meta property=\"og:url\" content=\"https:\/\/www.mumablue.com\/blog\/biografia-de-beethoven-para-ninos-audiocuento-gratis\/\" \/>\n<meta property=\"og:site_name\" content=\"Blog Mumablue\" \/>\n<meta property=\"article:publisher\" content=\"https:\/\/www.facebook.com\/mumablue\/\" \/>\n<meta property=\"article:modified_time\" content=\"2025-06-02T16:06:46+00:00\" \/>\n<meta property=\"og:image\" content=\"https:\/\/www.mumablue.com\/blog\/wp-content\/uploads\/2021\/11\/Beethoven-el-m\u00fasico-sordo-2.jpg\" \/>\n<meta name=\"twitter:card\" content=\"summary_large_image\" \/>\n<script type=\"application\/ld+json\" class=\"yoast-schema-graph\">{\"@context\":\"https:\/\/schema.org\",\"@graph\":[{\"@type\":\"Organization\",\"@id\":\"https:\/\/www.mumablue.com\/blog\/#organization\",\"name\":\"Mumablue\",\"url\":\"https:\/\/www.mumablue.com\/blog\/\",\"sameAs\":[\"https:\/\/www.facebook.com\/mumablue\/\",\"https:\/\/www.instagram.com\/mumablue\/?hl=es\"],\"logo\":{\"@type\":\"ImageObject\",\"@id\":\"https:\/\/www.mumablue.com\/blog\/#logo\",\"inLanguage\":\"es\",\"url\":\"https:\/\/www.mumablue.com\/blog\/wp-content\/uploads\/2020\/05\/Blog-Mumablue.png\",\"width\":749,\"height\":269,\"caption\":\"Mumablue\"},\"image\":{\"@id\":\"https:\/\/www.mumablue.com\/blog\/#logo\"}},{\"@type\":\"WebSite\",\"@id\":\"https:\/\/www.mumablue.com\/blog\/#website\",\"url\":\"https:\/\/www.mumablue.com\/blog\/\",\"name\":\"Blog Mumablue\",\"description\":\"Un blog de cuentos y audiocuentos gratis para ni\\u00f1os.\",\"publisher\":{\"@id\":\"https:\/\/www.mumablue.com\/blog\/#organization\"},\"potentialAction\":[{\"@type\":\"SearchAction\",\"target\":\"https:\/\/www.mumablue.com\/blog\/?s={search_term_string}\",\"query-input\":\"required name=search_term_string\"}],\"inLanguage\":\"es\"},{\"@type\":\"ImageObject\",\"@id\":\"https:\/\/www.mumablue.com\/blog\/biografia-de-beethoven-para-ninos-audiocuento-gratis\/#primaryimage\",\"inLanguage\":\"es\",\"url\":\"https:\/\/www.mumablue.com\/blog\/wp-content\/uploads\/2021\/11\/Beethoven-el-m\\u00fasico-sordo-2.jpg\",\"width\":500,\"height\":500,\"caption\":\"Biograf\\u00eda de Beethoven para ni\\u00f1os\"},{\"@type\":\"WebPage\",\"@id\":\"https:\/\/www.mumablue.com\/blog\/biografia-de-beethoven-para-ninos-audiocuento-gratis\/#webpage\",\"url\":\"https:\/\/www.mumablue.com\/blog\/biografia-de-beethoven-para-ninos-audiocuento-gratis\/\",\"name\":\"Biograf\\u00eda de Beethoven para ni\\u00f1os + audiocuento gratis - Blog Mumablue\",\"isPartOf\":{\"@id\":\"https:\/\/www.mumablue.com\/blog\/#website\"},\"primaryImageOfPage\":{\"@id\":\"https:\/\/www.mumablue.com\/blog\/biografia-de-beethoven-para-ninos-audiocuento-gratis\/#primaryimage\"},\"datePublished\":\"2021-11-29T16:39:26+00:00\",\"dateModified\":\"2025-06-02T16:06:46+00:00\",\"description\":\"Con esta biograf\\u00eda de Beethoven para ni\\u00f1os, para leer o escuchar, tu peque aprender\\u00e1 mucho sobre la vida y obra del asombroso compositor. \\u00a1Con m\\u00fasicas!\",\"inLanguage\":\"es\",\"potentialAction\":[{\"@type\":\"ReadAction\",\"target\":[\"https:\/\/www.mumablue.com\/blog\/biografia-de-beethoven-para-ninos-audiocuento-gratis\/\"]}]}]}<\/script>\n<!-- \/ Yoast SEO plugin. -->","_links":{"self":[{"href":"https:\/\/www.mumablue.com\/blog\/wp-json\/wp\/v2\/pages\/5462"}],"collection":[{"href":"https:\/\/www.mumablue.com\/blog\/wp-json\/wp\/v2\/pages"}],"about":[{"href":"https:\/\/www.mumablue.com\/blog\/wp-json\/wp\/v2\/types\/page"}],"author":[{"embeddable":true,"href":"https:\/\/www.mumablue.com\/blog\/wp-json\/wp\/v2\/users\/6"}],"replies":[{"embeddable":true,"href":"https:\/\/www.mumablue.com\/blog\/wp-json\/wp\/v2\/comments?post=5462"}],"version-history":[{"count":8,"href":"https:\/\/www.mumablue.com\/blog\/wp-json\/wp\/v2\/pages\/5462\/revisions"}],"predecessor-version":[{"id":7608,"href":"https:\/\/www.mumablue.com\/blog\/wp-json\/wp\/v2\/pages\/5462\/revisions\/7608"}],"wp:attachment":[{"href":"https:\/\/www.mumablue.com\/blog\/wp-json\/wp\/v2\/media?parent=5462"}],"curies":[{"name":"wp","href":"https:\/\/api.w.org\/{rel}","templated":true}]}}