{"id":5317,"date":"2021-11-15T13:42:55","date_gmt":"2021-11-15T13:42:55","guid":{"rendered":"https:\/\/mumablue.com\/blog\/?page_id=5317"},"modified":"2025-06-02T16:03:52","modified_gmt":"2025-06-02T16:03:52","slug":"cuento-de-gnomos-para-ninos-audiocuento-gratis","status":"publish","type":"page","link":"https:\/\/www.mumablue.com\/blog\/cuento-de-gnomos-para-ninos-audiocuento-gratis\/","title":{"rendered":"Cuento de gnomos para ni\u00f1os + audiocuento gratis"},"content":{"rendered":"<p><img decoding=\"async\" loading=\"lazy\" class=\"alignnone size-full wp-image-5318\" src=\"https:\/\/www.mumablue.com\/blog\/wp-content\/uploads\/2021\/11\/Umvyn-el-gnomo-gru\u00f1\u00f3n-2.jpg\" alt=\"Cuento de gnomos para ni\u00f1os\" width=\"500\" height=\"500\" srcset=\"https:\/\/www.mumablue.com\/blog\/wp-content\/uploads\/2021\/11\/Umvyn-el-gnomo-gru\u00f1\u00f3n-2.jpg 500w, https:\/\/www.mumablue.com\/blog\/wp-content\/uploads\/2021\/11\/Umvyn-el-gnomo-gru\u00f1\u00f3n-2-300x300.jpg 300w, https:\/\/www.mumablue.com\/blog\/wp-content\/uploads\/2021\/11\/Umvyn-el-gnomo-gru\u00f1\u00f3n-2-150x150.jpg 150w\" sizes=\"(max-width: 500px) 100vw, 500px\" \/><\/p>\n<p>El cuento de gnomos para ni\u00f1os que viene a continuaci\u00f3n es m\u00e1s que una historia fant\u00e1stica de estas simp\u00e1ticas criaturas del bosque, es <strong>un relato creado por <a href=\"https:\/\/www.mumablue.com\/?utm_source=blog&amp;utm_medium=link&amp;utm_campaign=p\u00e1ginas-audiocuentos&amp;utm_content=cuento-gnomos\">Mumablue<\/a> que contiene un importante mensaje acerca de la actitud ante la vida<\/strong>, y c\u00f3mo tener un enfoque positivo hace que las cosas salgan bien.<\/p>\n<p>El gnomo Umvyn se ha convertido en un gru\u00f1\u00f3n, todo le parece mal, de todo se queja y cualquier cosa que haga le sale del rev\u00e9s. \u00a1Est\u00e1 convencido de que tiene un mal de ojo! Cuando su esposa le d\u00e9 un ultim\u00e1tum, Umvyn acudir\u00e1 a la caba\u00f1a de la bruja del bosque en busca de un remedio y <strong>descubrir\u00e1 las palabras m\u00e1gicas con las que poder librarse de su maldici\u00f3n<\/strong>.<\/p>\n<p>Si lo deseas, <strong>puedes escuchar este cuento de gnomos para ni\u00f1os en formato audiocuento<\/strong>, un montaje con evocadoras m\u00fasicas y efectos que ofrece a tu peque una experiencia inmersiva.\u00a0 \u00a1Que lo disfrut\u00e9is!<\/p>\n<h6><script src=\"https:\/\/www.buzzsprout.com\/937792\/9550227-umvyn-el-gnomo-grunon.js?container_id=buzzsprout-player-9550227&#038;player=small\" type=\"text\/javascript\" charset=\"utf-8\"><\/script>M\u00fasicas CC0:\u00a0<span style=\"color: #3366ff;\"><a style=\"color: #3366ff;\" href=\"https:\/\/freepd.com\/comedy.php\">Foam rubber<\/a><\/span>, por Alexander Nakarada;\u00a0<span style=\"color: #3366ff;\"><a style=\"color: #3366ff;\" href=\"https:\/\/freepd.com\/misc.php\">Brewing potions<\/a><\/span>\u00a0e\u00a0<span style=\"color: #3366ff;\"><a style=\"color: #3366ff;\" href=\"https:\/\/freepd.com\/upbeat.php\">Inspiration<\/a><\/span>, por Rafael Krux.<\/h6>\n<p>Si prefieres leer t\u00fa mismo este cuento de gnomos para ni\u00f1os, puedes encontrar el texto a continuaci\u00f3n. Si deseas hacer de la lectura un momento todav\u00eda m\u00e1s m\u00e1gico, <strong>puedes poner esta m\u00fasica de fondo para crear algo de ambiente.<\/strong><\/p>\n<p><iframe style=\"border: 0; width: 95%; height: 42px;\" src=\"https:\/\/bandcamp.com\/EmbeddedPlayer\/album=1560542386\/size=small\/bgcol=ffffff\/linkcol=0687f5\/track=310029252\/transparent=true\/\" seamless=\"\"><span data-mce-type=\"bookmark\" style=\"display: inline-block; width: 0px; overflow: hidden; line-height: 0;\" class=\"mce_SELRES_start\">\ufeff<\/span><a href=\"https:\/\/alexandernakarada.bandcamp.com\/album\/complete-discography-creative-commons-by-40\">Complete Discography (Creative Commons BY 4.0) by Alexander Nakarada<\/a><\/iframe><\/p>\n<h2>Cuento de gnomos para ni\u00f1os: \u00abUmvyn, el gnomo gru\u00f1\u00f3n\u00bb<\/h2>\n<p>En lo m\u00e1s profundo del bosque, junto a la ra\u00edz del roble centenario, viv\u00eda Umvyn. Umvyn era un gnomo de larga barba blanca y rostro surcado por las arrugas. Vest\u00eda un un guardapolvos de color azul sujeto por una gruesa correa de cuero, botas de piel de cerdo salvaje y un enorme gorro puntiagudo de color rojo. Med\u00eda 15 cent\u00edmetros y ten\u00eda 280 a\u00f1os.<\/p>\n<p>A primera vista, Umvyn era un gnomo como cualquier otro. Sin embargo, \u00e9ste no pose\u00eda el car\u00e1cter amable y bonach\u00f3n que es propio de los gnomos de los bosques. Muy al contrario, Umvyn era un gnomo gru\u00f1\u00f3n. Nada le parec\u00eda bien y se quejaba constantemente de su mala suerte.<\/p>\n<p>Es por eso que los gnomos de su comunidad hab\u00edan ido alej\u00e1ndose de \u00e9l poco a poco, lo que hab\u00eda convertido a Umvyn en un gnomo hura\u00f1o y desconfiado. La \u00fanica persona que continuaba a su lado era \u00c9ilibi, su mujer, quien pasaba el d\u00eda escuchando c\u00f3mo Umvyn refunfu\u00f1aba por todo.<\/p>\n<p>&#8211; Esta sopa se ha quedado fr\u00eda -se quej\u00f3 Umvyn tras dar un gran sorbo.<br \/>\n&#8211; Deja, la volver\u00e9 a calentar -respondi\u00f3 \u00c9ilibi, complaciente.<br \/>\n&#8211; \u00a1Uy! Ahora quema. \u00bfLo haces adrede, \u00c9ilibi? -acus\u00f3 el gnomo dando grandes boqueos.<br \/>\n&#8211; \u00bfAdrede? \u00a1Viejo desagradecido! Adrede te la voy a echar por encima de esa cabeza hueca que tienes -amenaz\u00f3 \u00c9ilibi, muy enfadada.<\/p>\n<p>Sus vecinos hac\u00eda tiempo que no contaban con Umvyn para las celebraciones o las reuniones sociales. Y ya casi ninguno se atrev\u00eda a acercarse a la casa del gnomo gru\u00f1\u00f3n.<\/p>\n<p>&#8211; \u00a1Eh, muchacho! Largo de aqu\u00ed, est\u00e1s pisoteando mi huerto -le grit\u00f3 Umvyn a un joven gnomo<br \/>\n&#8211; siento mucho, Umvyn, yo no\u2026 -se disculp\u00f3 el chico.<br \/>\n&#8211; \u00a1T\u00fa, nada! \u00a1Largo! Ve a hacer algo de provecho -exhort\u00f3 Umvyn con aspereza.<br \/>\n&#8211; Te traigo noticias que podr\u00edan ser de tu inter\u00e9s -insisti\u00f3 el joven gnomo.<br \/>\n&#8211; \u00a1No quiero saber nada de nadie! \u00a1No me molestes! -zanj\u00f3 Umvyn.<\/p>\n<p>Daba igual lo que saliera mal, el gnomo gru\u00f1\u00f3n siempre buscaba un culpable para todas sus desgracias.<\/p>\n<p>&#8211; Vaya, ya se me ha vuelto a romper el martillo. Seguro que alguien me ha echado mal de ojo -se quejaba, constantemente, el gnomo gru\u00f1\u00f3n.<\/p>\n<p>Todo le parec\u00eda mal, de todo se quejaba. \u00a1Hasta de las fuerzas de la Naturaleza, tan valoradas por los gnomos de los bosques!<\/p>\n<p>&#8211; Qu\u00e9 asco de d\u00eda. \u00a1Odio la lluvia! -renegaba, cada vez que se escuchaba un trueno.<\/p>\n<p>En definitiva, Umvyn se hab\u00eda convertido en los \u00faltimos a\u00f1os en un gnomo amargado. Y se estaba quedando solo sin darse cuenta.<\/p>\n<p>\u00ab\u00a1Estoy harto de todo!\u00bb, \u00ab\u00a1Qu\u00e9 aburrimiento de gente!\u00bb, \u00ab\u00a1Menuda caca de la vaca!\u00bb, \u00ab\u00a1Ese es un caradura!\u00bb, \u00ab\u00a1Pero qu\u00e9 mala suerte tengo!\u00bb<\/p>\n<p>&#8211; \u00a1Bastaaaaaaaa! -Le grit\u00f3 un d\u00eda su mujer, quien ya no aguantaba m\u00e1s.<\/p>\n<p>\u00c9ilibi se puso seria. Inst\u00f3 a Umvyn a sentarse en la silla de c\u00e1scaras de nuez de la salita de estar y a escucharla atentamente.<\/p>\n<p>&#8211; No s\u00e9 qu\u00e9 es lo que te pasa pero eres un gnomo amargado\u2026 \u00a1y me est\u00e1s amargando a m\u00ed tambi\u00e9n! Miro a nuestro alrededor y no veo motivos para tanta queja. Lo tienes todo, Umvyn. Una acogedora casa en el mejor lugar del bosque, bajo un roble centenario, con lo dif\u00edciles que son de conseguir. Un huerto pr\u00f3spero que nos da alubias, patatas y guisantes con los que mantener siempre nuestra barriga llena. Un pozo de agua de manantial, un cuarto lleno de herramientas\u2026 \u00a1Hasta tenemos grillo guardi\u00e1n!\u00a1No tienes motivos para estar siempre quej\u00e1ndote, as\u00ed que, o esto termina, o me vuelvo a vivir a casa de mis padres! \u00a1Es una advertencia, gnomo gru\u00f1\u00f3n!<\/p>\n<p>Tras aquellas palabras Umvyn se qued\u00f3 sorprendido. \u00a1Jam\u00e1s hab\u00eda visto a \u00c9ilibi tan enfadada! Ella era una gnomo dulce, afable y cari\u00f1osa\u2026 pero tambi\u00e9n era cabezota. Umvyn sab\u00eda que si \u00c9ilibi dec\u00eda algo, lo hac\u00eda. De manera que se propuso solucionar el problema. Y como estaba convencido de que lo que ten\u00eda era un mal de ojo, se fue a ver a la bruja del bosque para que \u00e9sta le ayudara a deshacerse de la maldici\u00f3n.<\/p>\n<p>La puerta de la caba\u00f1a de la bruja se abri\u00f3 con un largo y agonizante chirrido.<\/p>\n<p>&#8211; Qu\u00e9 asco de puerta, que mal abre -se quej\u00f3 Umvyn, nada m\u00e1s entrar.<br \/>\n&#8211; \u00bfQui\u00e9n es? \u00a1Oh! \u00a1Eres t\u00fa, Umvyn! \u00bfQu\u00e9 te trae por aqu\u00ed? -pregunt\u00f3 la bruja.<br \/>\n&#8211; S\u00ed, soy yo. \u00a1Qu\u00e9 fr\u00edo hace en esta caba\u00f1a! -volvi\u00f3 a quejarse el gnomo.<br \/>\n&#8211; \u00bfHas venido s\u00f3lo a quejarte o para algo m\u00e1s? -reproch\u00f3 la bruja, mientras remov\u00eda un l\u00edquido hediondo que coc\u00eda en un caldero.<br \/>\n&#8211; He venido para que me ayudes a quitarme un mal de ojo que tengo, bruja -inform\u00f3 el gnomo. Despu\u00e9s, tras olisquear el ambiente, a\u00f1adi\u00f3: -\u00a1Qu\u00e9 asco! \u00a1Qu\u00e9 mal huele esa poci\u00f3n! \u00bfQu\u00e9 est\u00e1s cocinando? \u00bfPis de mofeta?<br \/>\n&#8211; Deja de quejarte por todo, Umvyn, y cu\u00e9ntame qu\u00e9 te ocurre de una vez -insisti\u00f3 la bruja.<br \/>\n&#8211; Ocurre que todo me sale mal, las cosas siempre se tuercen, las personas se han vuelto odiosas conmigo, cualquier cosa en la que trabajo se rompe o sale mal. \u00a1Creo que soy v\u00edctima de una maldici\u00f3n! Y vengo en busca de un conjuro para acabar con ella.<\/p>\n<p>La bruja del bosque guard\u00f3 silencio. Observ\u00f3 a Umvyn durante largo rato abriendo mucho los ojos. Luego los cerr\u00f3 y coloc\u00f3 sus manos sobre la cabeza del gnomo, esperando recibir alguna se\u00f1al de la maldici\u00f3n. La bruja no encontr\u00f3 ni rastro de un mal de ojo en el gnomo gru\u00f1\u00f3n. Sin embargo, decidi\u00f3 seguirle el juego. Fingiendo mucha seriedad, le dijo:<\/p>\n<p>&#8211; S\u00ed, es cierto. Parece que alguien te ha echado un mal de ojo -confirm\u00f3 la bruja, levantando mucho una ceja.<br \/>\n&#8211; \u00a1Lo sab\u00eda! \u00bfY puedes ver qui\u00e9n ha sido? -indag\u00f3 Umvyn.<br \/>\n&#8211; S\u00ed\u2026 pero no te puedo dar esa informaci\u00f3n. Es por la Ley de Protecci\u00f3n de Datos, ya sabes\u2026<br \/>\n&#8211; Ya, comprendo. Bueno, \u00bfy qu\u00e9 r\u00e1banos podemos hacer para espantar la maldici\u00f3n? \u00bfTienes alg\u00fan conjuro? \u00bfUn bebedizo m\u00e1gico, quiz\u00e1? \u00bfAlg\u00fan amuleto? -interrog\u00f3 el gnomo.<br \/>\n&#8211; No\u2026 en tu caso lo que mejor van a funcionar son unas palabras m\u00e1gicas -asegur\u00f3 la hechicera.<br \/>\n&#8211; \u00a1Palabras m\u00e1gicas! Qu\u00e9 f\u00e1cil. Bien, dime, \u00bfy cu\u00e1les son esas palabras m\u00e1gicas? \u00bfAbra cadabra pata de cabra o algo as\u00ed?<br \/>\n&#8211; No\u2026 exactamente\u2026<br \/>\n&#8211; \u00bfTreguna, mekoides, trecorum satis dee? -prob\u00f3, de nuevo, Umvyn.<br \/>\n&#8211; Hmmm\u2026 bueno. Digamos que no se trata de unas palabras m\u00e1gicas concretas. Me explico: lo \u00fanico que tienes que hacer es comenzar a sustituir las palabras negativas que utilizas normalmente por palabras positivas. \u00a1Cada vez que lo hagas estar\u00e1s pronunciando las palabras m\u00e1gicas!<\/p>\n<p>El gnomo enmudeci\u00f3. Levant\u00f3 mucho una ceja y mir\u00f3 a la bruja con desconfianza.<\/p>\n<p>&#8211; No te estar\u00e1s burlando de m\u00ed, bruja tramposa -acus\u00f3.<br \/>\n&#8211; No. En efecto esas son las palabras m\u00e1gicas que te librar\u00e1n de la maldici\u00f3n -asegur\u00f3 la hechicera.<br \/>\n&#8211; \u00bfSeguro? \u00a1Tu cara no es de fiar!<\/p>\n<p>La bruja, que ya estaba un poco harta de aguantar las impertinencias de Umvyn, decidi\u00f3 darle un peque\u00f1o escarmiento.<\/p>\n<p>&#8211; Seguro. Pero para que funcione, deber\u00e1s beber un trago de mi poci\u00f3n de pis de mofeta.<\/p>\n<p>La bruja le acerc\u00f3 un cacillo de la apestosa poci\u00f3n, un denso y burbujeante l\u00edquido verde que ol\u00eda peor que mil trolls muertos. Entonces Umvyn, con la boca torcida por el asco y tap\u00e1ndose la nariz se la bebi\u00f3 de un gran trago.<\/p>\n<p>&#8211; Antes de que digas nada, recuerda pronunciar las palabras m\u00e1gicas -record\u00f3 la bruja.<br \/>\n&#8211; \u00a1Oh, bruja! Qu\u00e9 poci\u00f3n m\u00e1s sabrosa. El sabor es un poco fuerte para mi gusto, pero te agradezco mucho que me la hayas ofrecido -practic\u00f3 el gnomo.<\/p>\n<p>En ese momento, la bruja aprovech\u00f3 y, sin que Umvyn se diera cuenta, form\u00f3 un halo m\u00e1gico con su varita alrededor del gnomo.<\/p>\n<p>-\u00a1Estupendo! \u00a1Ha funcionado! -celebr\u00f3 el gnomo.<br \/>\n&#8211; Ya ves. Ahora deber\u00e1s seguir utilizando las palabras m\u00e1gicas cada vez que hables y ya ver\u00e1s c\u00f3mo, poco a poco, te ir\u00e1 abandonando la mala suerte.<\/p>\n<p>Muy contento y agradecido, el gnomo Umvyn se march\u00f3 de la caba\u00f1a de la bruja, quien cerr\u00f3 la puerta y volvi\u00f3 a sus quehaceres m\u00e1gicos.<\/p>\n<p>&#8211; Otro problema arreglado con terapia psicol\u00f3gica. \u00a1Al final monto un gabinete! -murmur\u00f3 la bruja para s\u00ed, una vez Umvyn se hubo marchado.<\/p>\n<p>Poco convencido al principio, Umvyn comenz\u00f3 a pronunciar las palabras m\u00e1gicas cada vez que abr\u00eda la boca. Pero pronto se dio cuenta de que la magia funcionaba, porque las palabras positivas hac\u00edan aparecer otras palabras positivas y creaban frases bonitas, y entonces emerg\u00edan los sentimientos positivos. En ese clima, la gente se volv\u00eda m\u00e1s amable, y mejoraba su suerte.<\/p>\n<p>&#8211; Oh, esta sopa est\u00e1 deliciosa, quiz\u00e1 un poco fr\u00eda. \u00a1Pero mucho mejor, porque hoy el d\u00eda est\u00e1 caluroso!<\/p>\n<p>&#8211; Muchacho! Ven! No, no te preocupes por pisar la siembra. \u00a1Este a\u00f1o la cosecha ser\u00e1 muy abundante! \u00bfHay buenas noticias para m\u00ed?<\/p>\n<p>&#8211; Oh, vaya. Se ha roto otra vez. \u00a1No importa! Este martillo estaba ya muy viejo. \u00a1Aprovechar\u00e9 para fabricar uno nuevo el fin de semana y as\u00ed me divertir\u00e9!<\/p>\n<p>-Fant\u00e1stico, al fin llueve. Los cultivos crecer\u00e1n r\u00e1pidamente. Y se llenar\u00e1 el pozo. \u00a1Y qu\u00e9 bien huele la lluvia!<\/p>\n<p>-\u00a1Qu\u00e9 maravilloso es todo!<\/p>\n<p>-\u00a1Qu\u00e9 gente m\u00e1s amable y divertida!<\/p>\n<p>&#8211; \u00a1Qu\u00e9 chulada!<\/p>\n<p>&#8211; \u00a1Ese gnomo siempre fue un tipo listo!<\/p>\n<p>&#8211; \u00a1Pero qu\u00e9 buena suerte tengo!<\/p>\n<p>A partir de ese momento, al gnomo Umvyn todo comenz\u00f3 a salirle bien. Las cosas ya no se le romp\u00edan, no sent\u00eda que lo persiguiera la mala suerte, sus amigos y vecinos volvieron a tratar con \u00e9l y a invitarlo a las reuniones sociales y su querida esposa \u00c9ilibi volvi\u00f3 a ser amable y cari\u00f1osa. \u00a1Las palabras m\u00e1gicas funcionaban! As\u00ed que Umvyn las sigui\u00f3 utilizando durante toooda su larga vida. Y as\u00ed fue como se convirti\u00f3 en un gnomo feliz y rodeado de buena suerte y mejores amigos hasta el fin de sus d\u00edas.<\/p>\n<p><a href=\"https:\/\/www.mumablue.com\/esp\/nuestros-cuentos-personalizados\/la-magia-del-nombre-mi-nino?utm_source=blog&amp;utm_medium=banner&amp;utm_campaign=p\u00e1ginas-audiocuentos&amp;utm_content=cuento-gnomos\"><img decoding=\"async\" loading=\"lazy\" class=\"alignnone size-full wp-image-5043\" src=\"https:\/\/www.mumablue.com\/blog\/wp-content\/uploads\/2021\/09\/Cuento-de-Fantas\u00eda.jpg\" alt=\"Cuentos de fantas\u00eda\" width=\"715\" height=\"162\" srcset=\"https:\/\/www.mumablue.com\/blog\/wp-content\/uploads\/2021\/09\/Cuento-de-Fantas\u00eda.jpg 715w, https:\/\/www.mumablue.com\/blog\/wp-content\/uploads\/2021\/09\/Cuento-de-Fantas\u00eda-300x68.jpg 300w, https:\/\/www.mumablue.com\/blog\/wp-content\/uploads\/2021\/09\/Cuento-de-Fantas\u00eda-624x141.jpg 624w\" sizes=\"(max-width: 715px) 100vw, 715px\" \/><\/a><\/p>\n<h2>Otros cuentos de fantas\u00eda que educan en valores<\/h2>\n<p>Si te ha gustado este cuento de gnomos para ni\u00f1os te recomendamos que eches un vistazo a nuestra p\u00e1gina de <a href=\"https:\/\/www.mumablue.com\/blog\/cuentos-infantiles-para-leer-cortos-gratis\/\"><span style=\"color: #3366ff;\">cuentos infantiles para leer<\/span><\/a>. All\u00ed encontrar\u00e9is <strong>cuentos de hadas, unicornios, dragones, brujas, duendes<\/strong>&#8230; Una amplia oferta de cuentos de fantas\u00eda, pero tambi\u00e9n de aventuras, de \u00abmiedo\u00bb, divertidos, cl\u00e1sicos&#8230; \u00a1No parar\u00e1n de ped\u00edrtelos!<\/p>\n<p>Si te ha gustado este cuento de gnomos para ni\u00f1os y nuestro podcast de audiocuentos gratis, <strong>comp\u00e1rtelo con otros pap\u00e1s y mam\u00e1s y asegura la continuidad de este bonito proyecto<\/strong>. \u00a1Lo \u00fanico que pedimos a cambio es ser escuchados!<\/p>\n<p>Imagen:\u00a0<span style=\"color: #3366ff;\"><a style=\"color: #3366ff;\" href=\"https:\/\/www.freepik.es\/vector-gratis\/escena-bosque-fantasia-familia-gnomos_19014032.htm#page=1&amp;query=gnomo%20bosque&amp;position=2&amp;from_view=search\">Bosque con gnomo<\/a><\/span>\u00a0(Freepik)<\/p>\n<div style='text-align:left' class='yasr-auto-insert-visitor'><\/div>","protected":false},"excerpt":{"rendered":"<p>El cuento de gnomos para ni\u00f1os que viene a continuaci\u00f3n es m\u00e1s que una historia fant\u00e1stica de estas simp\u00e1ticas criaturas del bosque, es un relato creado por Mumablue que contiene un importante mensaje acerca de la actitud ante la vida, y c\u00f3mo tener un enfoque positivo hace que las cosas salgan bien. El gnomo Umvyn [&hellip;]<\/p>\n","protected":false},"author":6,"featured_media":0,"parent":0,"menu_order":0,"comment_status":"closed","ping_status":"closed","template":"","meta":{"yasr_overall_rating":0,"yasr_post_is_review":"","yasr_auto_insert_disabled":"","yasr_review_type":""},"yasr_visitor_votes":{"number_of_votes":177,"sum_votes":820,"stars_attributes":{"read_only":false,"span_bottom":false}},"yoast_head":"<!-- This site is optimized with the Yoast SEO plugin v14.5 - https:\/\/yoast.com\/wordpress\/plugins\/seo\/ -->\n<meta name=\"description\" content=\"Un cuento de gnomos para ni\u00f1os que ense\u00f1a la importancia de tener una actitud positiva en la vida. \u00a1Y puedes escuchar su versi\u00f3n en audiocuento, gratis!\" \/>\n<meta name=\"robots\" content=\"index, follow\" \/>\n<meta name=\"googlebot\" content=\"index, follow, max-snippet:-1, max-image-preview:large, max-video-preview:-1\" \/>\n<meta name=\"bingbot\" content=\"index, follow, max-snippet:-1, max-image-preview:large, max-video-preview:-1\" \/>\n<link rel=\"canonical\" href=\"https:\/\/www.mumablue.com\/blog\/cuento-de-gnomos-para-ninos-audiocuento-gratis\/\" \/>\n<meta property=\"og:locale\" content=\"es_ES\" \/>\n<meta property=\"og:type\" content=\"article\" \/>\n<meta property=\"og:title\" content=\"Cuento de gnomos para ni\u00f1os + audiocuento gratis - Blog Mumablue\" \/>\n<meta property=\"og:description\" content=\"Un cuento de gnomos para ni\u00f1os que ense\u00f1a la importancia de tener una actitud positiva en la vida. \u00a1Y puedes escuchar su versi\u00f3n en audiocuento, gratis!\" \/>\n<meta property=\"og:url\" content=\"https:\/\/www.mumablue.com\/blog\/cuento-de-gnomos-para-ninos-audiocuento-gratis\/\" \/>\n<meta property=\"og:site_name\" content=\"Blog Mumablue\" \/>\n<meta property=\"article:publisher\" content=\"https:\/\/www.facebook.com\/mumablue\/\" \/>\n<meta property=\"article:modified_time\" content=\"2025-06-02T16:03:52+00:00\" \/>\n<meta property=\"og:image\" content=\"https:\/\/www.mumablue.com\/blog\/wp-content\/uploads\/2021\/11\/Umvyn-el-gnomo-gru\u00f1\u00f3n-2.jpg\" \/>\n<meta name=\"twitter:card\" content=\"summary_large_image\" \/>\n<script type=\"application\/ld+json\" class=\"yoast-schema-graph\">{\"@context\":\"https:\/\/schema.org\",\"@graph\":[{\"@type\":\"Organization\",\"@id\":\"https:\/\/www.mumablue.com\/blog\/#organization\",\"name\":\"Mumablue\",\"url\":\"https:\/\/www.mumablue.com\/blog\/\",\"sameAs\":[\"https:\/\/www.facebook.com\/mumablue\/\",\"https:\/\/www.instagram.com\/mumablue\/?hl=es\"],\"logo\":{\"@type\":\"ImageObject\",\"@id\":\"https:\/\/www.mumablue.com\/blog\/#logo\",\"inLanguage\":\"es\",\"url\":\"https:\/\/www.mumablue.com\/blog\/wp-content\/uploads\/2020\/05\/Blog-Mumablue.png\",\"width\":749,\"height\":269,\"caption\":\"Mumablue\"},\"image\":{\"@id\":\"https:\/\/www.mumablue.com\/blog\/#logo\"}},{\"@type\":\"WebSite\",\"@id\":\"https:\/\/www.mumablue.com\/blog\/#website\",\"url\":\"https:\/\/www.mumablue.com\/blog\/\",\"name\":\"Blog Mumablue\",\"description\":\"Un blog de cuentos y audiocuentos gratis para ni\\u00f1os.\",\"publisher\":{\"@id\":\"https:\/\/www.mumablue.com\/blog\/#organization\"},\"potentialAction\":[{\"@type\":\"SearchAction\",\"target\":\"https:\/\/www.mumablue.com\/blog\/?s={search_term_string}\",\"query-input\":\"required name=search_term_string\"}],\"inLanguage\":\"es\"},{\"@type\":\"ImageObject\",\"@id\":\"https:\/\/www.mumablue.com\/blog\/cuento-de-gnomos-para-ninos-audiocuento-gratis\/#primaryimage\",\"inLanguage\":\"es\",\"url\":\"https:\/\/www.mumablue.com\/blog\/wp-content\/uploads\/2021\/11\/Umvyn-el-gnomo-gru\\u00f1\\u00f3n-2.jpg\",\"width\":500,\"height\":500,\"caption\":\"Cuento de gnomos para ni\\u00f1os\"},{\"@type\":\"WebPage\",\"@id\":\"https:\/\/www.mumablue.com\/blog\/cuento-de-gnomos-para-ninos-audiocuento-gratis\/#webpage\",\"url\":\"https:\/\/www.mumablue.com\/blog\/cuento-de-gnomos-para-ninos-audiocuento-gratis\/\",\"name\":\"Cuento de gnomos para ni\\u00f1os + audiocuento gratis - Blog Mumablue\",\"isPartOf\":{\"@id\":\"https:\/\/www.mumablue.com\/blog\/#website\"},\"primaryImageOfPage\":{\"@id\":\"https:\/\/www.mumablue.com\/blog\/cuento-de-gnomos-para-ninos-audiocuento-gratis\/#primaryimage\"},\"datePublished\":\"2021-11-15T13:42:55+00:00\",\"dateModified\":\"2025-06-02T16:03:52+00:00\",\"description\":\"Un cuento de gnomos para ni\\u00f1os que ense\\u00f1a la importancia de tener una actitud positiva en la vida. \\u00a1Y puedes escuchar su versi\\u00f3n en audiocuento, gratis!\",\"inLanguage\":\"es\",\"potentialAction\":[{\"@type\":\"ReadAction\",\"target\":[\"https:\/\/www.mumablue.com\/blog\/cuento-de-gnomos-para-ninos-audiocuento-gratis\/\"]}]}]}<\/script>\n<!-- \/ Yoast SEO plugin. -->","_links":{"self":[{"href":"https:\/\/www.mumablue.com\/blog\/wp-json\/wp\/v2\/pages\/5317"}],"collection":[{"href":"https:\/\/www.mumablue.com\/blog\/wp-json\/wp\/v2\/pages"}],"about":[{"href":"https:\/\/www.mumablue.com\/blog\/wp-json\/wp\/v2\/types\/page"}],"author":[{"embeddable":true,"href":"https:\/\/www.mumablue.com\/blog\/wp-json\/wp\/v2\/users\/6"}],"replies":[{"embeddable":true,"href":"https:\/\/www.mumablue.com\/blog\/wp-json\/wp\/v2\/comments?post=5317"}],"version-history":[{"count":7,"href":"https:\/\/www.mumablue.com\/blog\/wp-json\/wp\/v2\/pages\/5317\/revisions"}],"predecessor-version":[{"id":7606,"href":"https:\/\/www.mumablue.com\/blog\/wp-json\/wp\/v2\/pages\/5317\/revisions\/7606"}],"wp:attachment":[{"href":"https:\/\/www.mumablue.com\/blog\/wp-json\/wp\/v2\/media?parent=5317"}],"curies":[{"name":"wp","href":"https:\/\/api.w.org\/{rel}","templated":true}]}}