{"id":5292,"date":"2021-12-14T08:30:55","date_gmt":"2021-12-14T08:30:55","guid":{"rendered":"https:\/\/mumablue.com\/blog\/?page_id=5292"},"modified":"2025-06-02T16:11:40","modified_gmt":"2025-06-02T16:11:40","slug":"cuento-de-papa-noel-para-leer-audiocuento-gratis","status":"publish","type":"page","link":"https:\/\/www.mumablue.com\/blog\/cuento-de-papa-noel-para-leer-audiocuento-gratis\/","title":{"rendered":"Cuento de Pap\u00e1 Noel para leer + audiocuento gratis"},"content":{"rendered":"<p><img decoding=\"async\" loading=\"lazy\" class=\"alignnone wp-image-5294 size-full\" src=\"https:\/\/www.mumablue.com\/blog\/wp-content\/uploads\/2021\/11\/Misi\u00f3n-salvar-la-Navidad-1.jpg\" alt=\"Cuento de Pap\u00e1 Noel\" width=\"500\" height=\"500\" srcset=\"https:\/\/www.mumablue.com\/blog\/wp-content\/uploads\/2021\/11\/Misi\u00f3n-salvar-la-Navidad-1.jpg 500w, https:\/\/www.mumablue.com\/blog\/wp-content\/uploads\/2021\/11\/Misi\u00f3n-salvar-la-Navidad-1-300x300.jpg 300w, https:\/\/www.mumablue.com\/blog\/wp-content\/uploads\/2021\/11\/Misi\u00f3n-salvar-la-Navidad-1-150x150.jpg 150w\" sizes=\"(max-width: 500px) 100vw, 500px\" \/><\/p>\n<p>Se acercan las Navidades y los pap\u00e1s buscan un bonito cuento de Pap\u00e1 Noel para leer a su peque, una historia llena de magia e ilusi\u00f3n, pero tambi\u00e9n <strong>rica en valores y que ponga de relieve el aut\u00e9ntico esp\u00edritu de la Navidad<\/strong>. Este cuento de Pap\u00e1 Noel que os dejamos re\u00fane esos requisitos, poniendo en valor la solidaridad, la bondad y la generosidad.<\/p>\n<p>En \u00abMisi\u00f3n: salvar la Navidad\u00bb, Mumablue, el peque\u00f1o protagonista se enfrenta a un gran reto. <strong>Pap\u00e1 Noel ha sufrido un aparatoso accidente de trineo en Nochebuena y no podr\u00e1 hacerse cargo de la entrega de los regalos<\/strong>. Mumablue deber\u00e1 tomar las riendas (del trineo y de la situaci\u00f3n) y sustituir a Pap\u00e1 Noel repartiendo regalos por el mundo. Ser\u00e1 al visitar una casa muy pobre cuando se d\u00e9 cuenta de que en el mundo existen ni\u00f1os que no pueden siquiera tener un regalo de Navidad, lo que desembocar\u00e1 en un bonito acto de generosidad por su parte.<\/p>\n<h2>Audiocuento de Pap\u00e1 Noel. \u00a1Esc\u00fachalo!<\/h2>\n<p>M\u00e1s abajo tienes disponible el texto de \u00abMisi\u00f3n: salvar la Navidad\u00bb, pero si lo prefieres <strong>pod\u00e9is escucharlo directamente en su m\u00e1gica versi\u00f3n en audiocuento<\/strong>, narrado en segunda persona para que tu peque sienta que es el protagonista de la historia.<\/p>\n<h6><script src=\"https:\/\/www.buzzsprout.com\/937792\/9717131-mision-salvar-la-navidad.js?container_id=buzzsprout-player-9717131&#038;player=small\" type=\"text\/javascript\" charset=\"utf-8\"><\/script>M\u00fasica Public Domain:\u00a0<span style=\"color: #3366ff;\"><a style=\"color: #3366ff;\" href=\"https:\/\/www.youtube.com\/watch?v=JYh00dNA8jM\">M\u00fasica navide\u00f1a instumental<\/a><\/span>\u00a0y\u00a0<span style=\"color: #3366ff;\"><a style=\"color: #3366ff;\" href=\"https:\/\/www.youtube.com\/watch?v=i-376rp55pk\">M\u00fasica navide\u00f1a sin copyright<\/a><\/span>, de TMSC;\u00a0 M\u00fasica Creative Commons 3.0:\u00a0<span style=\"color: #3366ff;\"><a style=\"color: #3366ff;\" href=\"https:\/\/incompetech.com\/music\/royalty-free\/?genre=Holiday\">Holiday Weasel<\/a><\/span>, por Kevin MacLeod.<\/h6>\n<p>\u00bfTe gustar\u00eda personalizar esta historia para tu peque y que se convierta en el \u00fanico protagonista con su nombre y su avatar? <strong>\u00a1Pincha en la imagen! Es un regalo \u00fanico.<\/strong><\/p>\n<p><a href=\"https:\/\/www.mumablue.com\/esp\/nuestros-cuentos-personalizados\/cuento-personalizado-de-navidad?utm_source=blog&amp;utm_medium=banner&amp;utm_campaign=paginas-audiocuentos&amp;utm_content=cuento-papa-noel\"><img decoding=\"async\" loading=\"lazy\" class=\"alignnone size-full wp-image-7496\" src=\"https:\/\/www.mumablue.com\/blog\/wp-content\/uploads\/2025\/04\/Banner-Salva-Navidad.jpg\" alt=\"\" width=\"250\" height=\"375\" srcset=\"https:\/\/www.mumablue.com\/blog\/wp-content\/uploads\/2025\/04\/Banner-Salva-Navidad.jpg 250w, https:\/\/www.mumablue.com\/blog\/wp-content\/uploads\/2025\/04\/Banner-Salva-Navidad-200x300.jpg 200w\" sizes=\"(max-width: 250px) 100vw, 250px\" \/><\/a><\/p>\n<h3><img decoding=\"async\" loading=\"lazy\" class=\"alignnone wp-image-583 ls-is-cached lazyloaded\" src=\"https:\/\/www.mumablue.com\/blog\/wp-content\/uploads\/2020\/03\/favicon.ico\" alt=\"\" width=\"44\" height=\"44\" data-src=\"https:\/\/www.mumablue.com\/blog\/wp-content\/uploads\/2020\/03\/favicon.ico\" \/>\u00a0 <span style=\"color: #800080;\">\u00a1\u00danete al\u00a0<span style=\"color: #3366ff;\"><a style=\"color: #3366ff;\" href=\"https:\/\/www.mumablue.com\/esp\/inicio#mumaClub\" target=\"_blank\" rel=\"noopener\">MumaClub<\/a><\/span>\u00a0y consigue 10% descuento en cuentos personalizados!<\/span><\/h3>\n<blockquote><p>Si prefieres le\u00e9rselo directamente a tu peque, aqu\u00ed tienes el texto. Puedes poner estas melod\u00edas navide\u00f1as de fondo para hacerlo a\u00fan m\u00e1s m\u00e1gico.<\/p>\n<p><iframe style=\"border: 0; width: 95%; height: 42px;\" src=\"https:\/\/bandcamp.com\/EmbeddedPlayer\/album=2337403151\/size=small\/bgcol=ffffff\/linkcol=0687f5\/track=3915847484\/transparent=true\/\" seamless=\"\"><a href=\"https:\/\/alexandernakarada.bandcamp.com\/album\/collection-christmas\">Collection &#8211; Christmas by Alexander Nakarada<\/a><\/iframe><\/p>\n<p><iframe style=\"border: 0; width: 95%; height: 42px;\" src=\"https:\/\/bandcamp.com\/EmbeddedPlayer\/album=2337403151\/size=small\/bgcol=ffffff\/linkcol=0687f5\/track=126656019\/transparent=true\/\" seamless=\"\"><span data-mce-type=\"bookmark\" style=\"display: inline-block; width: 0px; overflow: hidden; line-height: 0;\" class=\"mce_SELRES_start\">\ufeff<\/span><a href=\"https:\/\/alexandernakarada.bandcamp.com\/album\/collection-christmas\">Collection &#8211; Christmas by Alexander Nakarada<\/a><\/iframe><\/p>\n<h2>Cuento de Pap\u00e1 Noel para leer: \u00abMisi\u00f3n: salvar la Navidad\u00bb<\/h2>\n<p>Es Nochebuena y Mumablue no puede dormir. Siente un hormigueo en la tripa. \u00a1Est\u00e1 demasiado entusiasmado ante la llegada de Pap\u00e1 Noel! Este a\u00f1o se ha portado muy bien, as\u00ed que ha pedido tres regalos en su carta. \u00a1Est\u00e1 convencido de que Pap\u00e1 Noel se los traer\u00e1 todos!<\/p>\n<p>Justo cuando Mumablue logra conciliar el sue\u00f1o, un gran estruendo lo despierta. A trav\u00e9s de la ventana, distingue el trineo de Pap\u00e1 Noel. \u00a1Ha chocado contra un \u00e1rbol! Mumablue corre hacia la calle a toda velocidad para ayudar a Pap\u00e1 Noel, quien ha salido disparado y yace en el suelo.<\/p>\n<p>-Esto me pasa por no abrocharme el cintur\u00f3n de seguridad -se lamenta el viejo bonach\u00f3n.<\/p>\n<p>Una vez liberado el trineo, Pap\u00e1 Noel se muestra mareado, cojea y no se encuentra bien. Mumablue le invita a entrar en casa y le ayuda a tumbarse en el sof\u00e1.<\/p>\n<p>-Te agradezco mucho tu ayuda. Eres un ni\u00f1o muy bueno\u2026 -dice Pap\u00e1 Noel.<br \/>\n&#8211; Me llamo Mumablue. \u00a1No tienes que agradecerme nada, lo hago encantado!<\/p>\n<p>Pasan los minutos, pero Pap\u00e1 Noel no mejora. Est\u00e1 un poquito nervioso porque este incidente podr\u00eda arruinar el reparto de los regalos.. Pap\u00e1 Noel piensa que la \u00fanica soluci\u00f3n es que Mumablue se haga cargo de las entregas.<\/p>\n<p>-No puedo levantarme, me da vueltas la cabeza&#8230; \u00bfPodr\u00edas repartir los regalos por mi? -pide Pap\u00e1 Noel.<br \/>\n-\u00a1Por supuesto que s\u00ed! Expl\u00edcame c\u00f3mo debo hacerlo -acepta Mumablue.<\/p>\n<p>Con dificultad, Pap\u00e1 Noel se levanta y camina hasta su trineo. Los renos parecen muy preocupados y comienzan a inquietarse. Pap\u00e1 Noel los tranquiliza mientras hace que Mumablue los acaricie para que los animales se familiaricen con su olor.<br \/>\nTe presento a Brioso, Danzar\u00edn, Bromista, Cometa, Saltar\u00edn, Cupido, Trueno, Rel\u00e1mpago\u2026 \u00a1Y, por supuesto, a Rodolfo!<\/p>\n<p>Pap\u00e1 Noel ense\u00f1a a Mumablue a utilizar el ordenador de a bordo. Contiene todas direcciones de las entregas y se encarga de guiar a Pap\u00e1 Noel en caso de que las nubes oculten la estrella polar. Resultar\u00e1 muy \u00fatil para Mumablue, pues a\u00fan no sabe guiarse por las estrellas.<\/p>\n<p>&#8211; Esta pantalla indica qu\u00e9 paquetes van a cada casa -se\u00f1ala Pap\u00e1 Noel.<br \/>\n&#8211; \u00a1Estupendo! As\u00ed no tendr\u00e9 miedo a equivocarme -responde Mumablue.<br \/>\n&#8211; Recuerda que debes dejar los regalos seg\u00fan la tradici\u00f3n de cada familia: bajo el \u00e1rbol, en el calcet\u00edn o junto al par de zapatos.<\/p>\n<p>El farolillo m\u00e1gico es lo que m\u00e1s asombra a Mumablue. Permite ver con absoluta claridad sin que nadie se despierte, pues su luz no es percibida por las personas.<\/p>\n<p>-Le ped\u00ed a mis elfos que inventaran este artilugio porque estaba harto de darme golpes en las espinillas contra los muebles -recuerda Pap\u00e1 Noel, satisfecho con su idea.<\/p>\n<p>Para terminar, Pap\u00e1 Noel ata a la mu\u00f1eca de Mumablue su reloj m\u00e1gico, capaz de hacer que el tiempo pase m\u00e1s despacio para poder entregar todos los regalos en una sola noche.<\/p>\n<p>-\u00a1Y si alg\u00fan ni\u00f1o o ni\u00f1a se despierta, podr\u00e1s parar el tiempo y pasar por delante de sus narices sin que te vea! Ho, ho, ho -r\u00ede Pap\u00e1 Noel.<\/p>\n<p>Despu\u00e9s de hacer un mont\u00f3n de preguntas, Mumablue lo tiene todo claro. As\u00ed que se sube al trineo, se despide de Pap\u00e1 Noel y agita las riendas. Los renos se ponen en marcha y el trineo se eleva suavemente.<\/p>\n<p>-\u00a1Y no olvides abrocharte el cintur\u00f3n de seguridad! -grita Pap\u00e1 Noel mientras Mumablue se aleja por el aire.<\/p>\n<p>En su primera parada Mumablue est\u00e1 muy nervioso, teme olvidar alguna indicaci\u00f3n y que la entrega de regalos no le salga bien. Pero sabe que la misi\u00f3n es muy importante, as\u00ed que respira hondo y se lanza por la chimenea.<\/p>\n<p>Una vez en el interior de la casa, enciende el farolillo m\u00e1gico y coloca los regalos bajo el \u00e1rbol \u00a1Ha sido muy f\u00e1cil! M\u00e1s tranquilo y confiado, reanuda su viaje sin entretenerse. \u00a1Le queda todo un mundo por delante!<\/p>\n<p>Mumablue no se siente cansado a pesar de que lleva ya miles de casas recorridas. Los distintos tipos de comida que le dejan como obsequio en muchos hogares le llenan de una misteriosa energ\u00eda: turr\u00f3n, galletas de jengibre, pasteles de frutas\u2026 Saborea cada una de esas delicias sin prisa, mientras el reloj m\u00e1gico hace que el tiempo pase m\u00e1s despacio.<\/p>\n<p>-\u00a1Me encantar\u00eda tener uno como este! -le dice Mumablue al reno Rodolfo.<\/p>\n<p>Tras visitar infinidad de casas llenas de bonitos y coloridos adornos navide\u00f1os, Mumablue llega a una vivienda muy distinta. Nada decora su puerta o sus ventanas y se nota que es una casa muy vieja. El ordenador le muestra que los regalos no contienen juguetes, sino objetos de uso dom\u00e9stico.<br \/>\n\u201cQu\u00e9 raro, \u00bfser\u00e1 que aqu\u00ed no vive ning\u00fan ni\u00f1o?\u201d -piensa Mumablue.<\/p>\n<p>Una vez en el interior de la casa, Mumablue se muestra todav\u00eda m\u00e1s confundido. Est\u00e1 claro que all\u00ed viven ni\u00f1os. Lo sabe por los peque\u00f1os calcetines que cuelgan sobre la chimenea. Se ven todos remendados. Un ruido de pasos que se acercan saca a Mumablue de su ensimismamiento y lo pone alerta.<\/p>\n<p>Con extraordinaria rapidez, Mumablue pulsa el bot\u00f3n de parar el tiempo del reloj m\u00e1gico. \u00a1No puede permitir que le descubran! El causante de los pasos es un ni\u00f1o de unos cuatro a\u00f1os que ha quedado petrificado al detenerse el tiempo. Seg\u00fan el listado, se trata del peque\u00f1o Timmy. Pero\u2026 \u00bfEs posible que Timmy le haya pedido a Pap\u00e1 Noel una sart\u00e9n?<\/p>\n<p>Entonces Mumablue se da cuenta de lo que ocurre. La familia es tan pobre que los ni\u00f1os han encargado objetos que se necesitan en casa, utensilios que har\u00e1n m\u00e1s f\u00e1cil la vida para todos. Mumablue est\u00e1 muy conmovido. \u00a1No es justo que en el mundo haya ni\u00f1os que no puedan siquiera tener un regalo de Navidad!<\/p>\n<p>\u00a1No, se\u00f1or! \u00a1Eso no puede ser! Al menos, no lo ser\u00e1 mientras dependa de \u00e9l. De manera que Mumablue corre al trineo en busca de sus propios regalos. Delicadamente coloca sus paquetes junto a los otros. Mumablue se regocija pensando en lo contentos que se pondr\u00e1n Timmy y sus hermanos cuando despierten y descubran la sorpresa!<\/p>\n<p>Tras visitar otras muchas casas m\u00e1s, Mumablue regresa con la misi\u00f3n cumplida. Cuando Pap\u00e1 Noel revisa si las entregas est\u00e1n correctas, el ordenador marca una incidencia: los regalos de Mumablue est\u00e1n en otra casa. Pap\u00e1 Noel sonr\u00ede enternecido: se ha dado cuenta de que no se trata de un fallo sino de un acto de generosidad.<br \/>\n-Todo correcto, Mumablue. Has conseguido que ning\u00fan ni\u00f1o se quede sin regalo de Navidad. -dice Pap\u00e1 Noel con disimulo mientras se despide chocando los cinco.<\/p>\n<p>En la ma\u00f1ana de Navidad no hay ning\u00fan paquete para Mumablue.. Su familia est\u00e1 muy asombrada porque saben que Mumablue se ha portado muy bien.<br \/>\n-Le ped\u00ed a Pap\u00e1 Noel que le llevara mis regalos a otros ni\u00f1os que los necesitaran m\u00e1s que yo- explica Mumablue, mientras imagina con ilusi\u00f3n la alegr\u00eda que se llevar\u00e1n Timmy y sus hermanos cuando descubran sus regalos.<\/p>\n<p>En ese momento llaman a la puerta. Al abrir, Mumablue descubre un misterioso paquete para \u00e9l. Lo acompa\u00f1a una nota que dice: \u201c\u00bfPensabas que no me enterar\u00eda de tu acto de generosidad? Peque\u00f1o Mumablue&#8230; \u00a1Pap\u00e1 Noel lo sabe todo! Gracias por ser tan solidario. \u00a1Feliz Navidad, amigo!\u201d<\/p>\n<p>En el interior del paquete encuentra un regalo. Es justo lo que Mumablue quer\u00eda: \u00a1Un reloj m\u00e1gico, especial para \u00e9l, con el que podr\u00e1 controlar el tiempo!<\/p>\n<p><a href=\"https:\/\/www.mumablue.com\/esp\/nuestros-cuentos-personalizados\/cuento-personalizado-mama?utm_source=blog&amp;utm_medium=banner&amp;utm_campaign=paginas-audiocuentos&amp;utm_content=cuento-papa-noel\" target=\"_blank\" rel=\"noopener\"><img decoding=\"async\" loading=\"lazy\" class=\"alignnone wp-image-7470 size-full\" src=\"https:\/\/www.mumablue.com\/blog\/wp-content\/uploads\/2025\/04\/Banner-Madre.jpg\" alt=\"\" width=\"300\" height=\"460\" srcset=\"https:\/\/www.mumablue.com\/blog\/wp-content\/uploads\/2025\/04\/Banner-Madre.jpg 300w, https:\/\/www.mumablue.com\/blog\/wp-content\/uploads\/2025\/04\/Banner-Madre-196x300.jpg 196w\" sizes=\"(max-width: 300px) 100vw, 300px\" \/><\/a><\/p>\n<h3><img decoding=\"async\" loading=\"lazy\" class=\"alignnone wp-image-583 ls-is-cached lazyloaded\" src=\"https:\/\/www.mumablue.com\/blog\/wp-content\/uploads\/2020\/03\/favicon.ico\" alt=\"\" width=\"44\" height=\"44\" data-src=\"https:\/\/www.mumablue.com\/blog\/wp-content\/uploads\/2020\/03\/favicon.ico\" \/>\u00a0\u00a0<span style=\"color: #800080;\">\u00a1Descubre\u00a0<\/span><span style=\"color: #3366ff;\"><a style=\"color: #3366ff;\" href=\"https:\/\/www.mumablue.com\/blog\/cuentos-de-navidad-para-ninos-gratis-audiocuentos\/\" target=\"_blank\" rel=\"noopener\">m\u00e1s cuentos de Navidad<\/a><\/span>\u00a0<span style=\"color: #800080;\">gratis!<\/span><\/h3>\n<\/blockquote>\n<h2>Otros cuentos de Navidad para leer y escuchar<\/h2>\n<p>Si te ha gustado este cuento con Pap\u00e1 Noel para leer, tenemos buenas noticias. Puedes encontrar muchos <span style=\"color: #3366ff;\"><a style=\"color: #3366ff;\" href=\"https:\/\/www.mumablue.com\/blog\/cuentos-infantiles-para-leer-cortos-gratis\/\">otros cuentos de Navidad<\/a><\/span> para leer y escuchar, totalmente gratis, y disfrutar estas Navidades con las mejores historias, entre las que destaca nuestro audiocuento estrella: <strong>una versi\u00f3n fiel de la obra \u00abCanci\u00f3n de Navidad\u00bb, de Charles Dickens.<\/strong> \u00a1Apta para toda la familia!<\/p>\n<p>\u00a1Y eso no es todo! Te dejamos <strong>una propuesta de regalo original para estas Navidades, un cuento de Pap\u00e1 Noel personalizado <\/strong>que siempre triunfa, de manera que tu peque podr\u00e1 protagonizar la historia que acab\u00e1is de escuchar con su nombre propio y un avatar que puedes configurar acorde a sus rasgos f\u00edsicos que aparecer\u00e1 en todas y cada una de las ilustraciones del cuento.<\/p>\n<p><strong>Si quieres hacer un regalo inolvidable, de gran valor sentimental<\/strong>, \u00ab<span style=\"color: #3366ff;\"><a style=\"color: #3366ff;\" href=\"https:\/\/www.mumablue.com\/esp\/nuestros-cuentos-personalizados\/cuento-personalizado-de-navidad?utm_source=blog&amp;utm_medium=link&amp;utm_campaign=p\u00e1ginas-audiocuentos&amp;utm_content=cuento-papa-noel\">(Nombre de tu peque) salva la Navidad<\/a><\/span>\u00bb es el cuento de Pap\u00e1 Noel personalizado con el que aprender\u00e1 en primera persona los valores del aut\u00e9ntico esp\u00edritu de la Navidad.<\/p>\n<div style='text-align:left' class='yasr-auto-insert-visitor'><\/div>","protected":false},"excerpt":{"rendered":"<p>Se acercan las Navidades y los pap\u00e1s buscan un bonito cuento de Pap\u00e1 Noel para leer a su peque, una historia llena de magia e ilusi\u00f3n, pero tambi\u00e9n rica en valores y que ponga de relieve el aut\u00e9ntico esp\u00edritu de la Navidad. Este cuento de Pap\u00e1 Noel que os dejamos re\u00fane esos requisitos, poniendo en [&hellip;]<\/p>\n","protected":false},"author":6,"featured_media":0,"parent":0,"menu_order":0,"comment_status":"closed","ping_status":"closed","template":"","meta":{"yasr_overall_rating":0,"yasr_post_is_review":"","yasr_auto_insert_disabled":"","yasr_review_type":""},"yasr_visitor_votes":{"number_of_votes":270,"sum_votes":1210,"stars_attributes":{"read_only":false,"span_bottom":false}},"yoast_head":"<!-- This site is optimized with the Yoast SEO plugin v14.5 - https:\/\/yoast.com\/wordpress\/plugins\/seo\/ -->\n<meta name=\"description\" content=\"Un bonito cuento de Pap\u00e1 Noel para leer online, para escuchar o personalizado e impreso a todo color. \u00a1Descubrir\u00e1 el aut\u00e9tico esp\u00edritu de la Navidad!\" \/>\n<meta name=\"robots\" content=\"index, follow\" \/>\n<meta name=\"googlebot\" content=\"index, follow, max-snippet:-1, max-image-preview:large, max-video-preview:-1\" \/>\n<meta name=\"bingbot\" content=\"index, follow, max-snippet:-1, max-image-preview:large, max-video-preview:-1\" \/>\n<link rel=\"canonical\" href=\"https:\/\/www.mumablue.com\/blog\/cuento-de-papa-noel-para-leer-audiocuento-gratis\/\" \/>\n<meta property=\"og:locale\" content=\"es_ES\" \/>\n<meta property=\"og:type\" content=\"article\" \/>\n<meta property=\"og:title\" content=\"Cuento de Pap\u00e1 Noel para leer + audiocuento gratis - Blog Mumablue\" \/>\n<meta property=\"og:description\" content=\"Un bonito cuento de Pap\u00e1 Noel para leer online, para escuchar o personalizado e impreso a todo color. \u00a1Descubrir\u00e1 el aut\u00e9tico esp\u00edritu de la Navidad!\" \/>\n<meta property=\"og:url\" content=\"https:\/\/www.mumablue.com\/blog\/cuento-de-papa-noel-para-leer-audiocuento-gratis\/\" \/>\n<meta property=\"og:site_name\" content=\"Blog Mumablue\" \/>\n<meta property=\"article:publisher\" content=\"https:\/\/www.facebook.com\/mumablue\/\" \/>\n<meta property=\"article:modified_time\" content=\"2025-06-02T16:11:40+00:00\" \/>\n<meta property=\"og:image\" content=\"https:\/\/www.mumablue.com\/blog\/wp-content\/uploads\/2021\/11\/Misi\u00f3n-salvar-la-Navidad-1.jpg\" \/>\n<meta name=\"twitter:card\" content=\"summary_large_image\" \/>\n<script type=\"application\/ld+json\" class=\"yoast-schema-graph\">{\"@context\":\"https:\/\/schema.org\",\"@graph\":[{\"@type\":\"Organization\",\"@id\":\"https:\/\/www.mumablue.com\/blog\/#organization\",\"name\":\"Mumablue\",\"url\":\"https:\/\/www.mumablue.com\/blog\/\",\"sameAs\":[\"https:\/\/www.facebook.com\/mumablue\/\",\"https:\/\/www.instagram.com\/mumablue\/?hl=es\"],\"logo\":{\"@type\":\"ImageObject\",\"@id\":\"https:\/\/www.mumablue.com\/blog\/#logo\",\"inLanguage\":\"es\",\"url\":\"https:\/\/www.mumablue.com\/blog\/wp-content\/uploads\/2020\/05\/Blog-Mumablue.png\",\"width\":749,\"height\":269,\"caption\":\"Mumablue\"},\"image\":{\"@id\":\"https:\/\/www.mumablue.com\/blog\/#logo\"}},{\"@type\":\"WebSite\",\"@id\":\"https:\/\/www.mumablue.com\/blog\/#website\",\"url\":\"https:\/\/www.mumablue.com\/blog\/\",\"name\":\"Blog Mumablue\",\"description\":\"Un blog de cuentos y audiocuentos gratis para ni\\u00f1os.\",\"publisher\":{\"@id\":\"https:\/\/www.mumablue.com\/blog\/#organization\"},\"potentialAction\":[{\"@type\":\"SearchAction\",\"target\":\"https:\/\/www.mumablue.com\/blog\/?s={search_term_string}\",\"query-input\":\"required name=search_term_string\"}],\"inLanguage\":\"es\"},{\"@type\":\"ImageObject\",\"@id\":\"https:\/\/www.mumablue.com\/blog\/cuento-de-papa-noel-para-leer-audiocuento-gratis\/#primaryimage\",\"inLanguage\":\"es\",\"url\":\"https:\/\/www.mumablue.com\/blog\/wp-content\/uploads\/2021\/11\/Misi\\u00f3n-salvar-la-Navidad-1.jpg\",\"width\":500,\"height\":500,\"caption\":\"Cuento de Pap\\u00e1 Noel\"},{\"@type\":\"WebPage\",\"@id\":\"https:\/\/www.mumablue.com\/blog\/cuento-de-papa-noel-para-leer-audiocuento-gratis\/#webpage\",\"url\":\"https:\/\/www.mumablue.com\/blog\/cuento-de-papa-noel-para-leer-audiocuento-gratis\/\",\"name\":\"Cuento de Pap\\u00e1 Noel para leer + audiocuento gratis - Blog Mumablue\",\"isPartOf\":{\"@id\":\"https:\/\/www.mumablue.com\/blog\/#website\"},\"primaryImageOfPage\":{\"@id\":\"https:\/\/www.mumablue.com\/blog\/cuento-de-papa-noel-para-leer-audiocuento-gratis\/#primaryimage\"},\"datePublished\":\"2021-12-14T08:30:55+00:00\",\"dateModified\":\"2025-06-02T16:11:40+00:00\",\"description\":\"Un bonito cuento de Pap\\u00e1 Noel para leer online, para escuchar o personalizado e impreso a todo color. \\u00a1Descubrir\\u00e1 el aut\\u00e9tico esp\\u00edritu de la Navidad!\",\"inLanguage\":\"es\",\"potentialAction\":[{\"@type\":\"ReadAction\",\"target\":[\"https:\/\/www.mumablue.com\/blog\/cuento-de-papa-noel-para-leer-audiocuento-gratis\/\"]}]}]}<\/script>\n<!-- \/ Yoast SEO plugin. -->","_links":{"self":[{"href":"https:\/\/www.mumablue.com\/blog\/wp-json\/wp\/v2\/pages\/5292"}],"collection":[{"href":"https:\/\/www.mumablue.com\/blog\/wp-json\/wp\/v2\/pages"}],"about":[{"href":"https:\/\/www.mumablue.com\/blog\/wp-json\/wp\/v2\/types\/page"}],"author":[{"embeddable":true,"href":"https:\/\/www.mumablue.com\/blog\/wp-json\/wp\/v2\/users\/6"}],"replies":[{"embeddable":true,"href":"https:\/\/www.mumablue.com\/blog\/wp-json\/wp\/v2\/comments?post=5292"}],"version-history":[{"count":18,"href":"https:\/\/www.mumablue.com\/blog\/wp-json\/wp\/v2\/pages\/5292\/revisions"}],"predecessor-version":[{"id":7612,"href":"https:\/\/www.mumablue.com\/blog\/wp-json\/wp\/v2\/pages\/5292\/revisions\/7612"}],"wp:attachment":[{"href":"https:\/\/www.mumablue.com\/blog\/wp-json\/wp\/v2\/media?parent=5292"}],"curies":[{"name":"wp","href":"https:\/\/api.w.org\/{rel}","templated":true}]}}