{"id":5238,"date":"2021-11-10T12:22:08","date_gmt":"2021-11-10T12:22:08","guid":{"rendered":"https:\/\/mumablue.com\/blog\/?page_id=5238"},"modified":"2025-06-02T13:21:15","modified_gmt":"2025-06-02T13:21:15","slug":"el-mito-de-aracne-para-ninos-audiocuento-gratis","status":"publish","type":"page","link":"https:\/\/www.mumablue.com\/blog\/el-mito-de-aracne-para-ninos-audiocuento-gratis\/","title":{"rendered":"El mito de Aracne para ni\u00f1os + audiocuento gratis"},"content":{"rendered":"<p><img decoding=\"async\" loading=\"lazy\" class=\"alignnone size-full wp-image-5240\" src=\"https:\/\/www.mumablue.com\/blog\/wp-content\/uploads\/2021\/11\/El-mito-de-Aracne-2.jpg\" alt=\"mito de Aracne para ni\u00f1os\" width=\"500\" height=\"500\" srcset=\"https:\/\/www.mumablue.com\/blog\/wp-content\/uploads\/2021\/11\/El-mito-de-Aracne-2.jpg 500w, https:\/\/www.mumablue.com\/blog\/wp-content\/uploads\/2021\/11\/El-mito-de-Aracne-2-300x300.jpg 300w, https:\/\/www.mumablue.com\/blog\/wp-content\/uploads\/2021\/11\/El-mito-de-Aracne-2-150x150.jpg 150w\" sizes=\"(max-width: 500px) 100vw, 500px\" \/><\/p>\n<p>El mito de Aracne para ni\u00f1os, como la mayor\u00eda de los mitos, es un poco dif\u00edcil de contar, ya que los relatos mitol\u00f3gicos cl\u00e1sicos no escatimaban en episodios truculentos que en modo alguno resultan adecuados para los m\u00e1s peque\u00f1os. Sin embargo, <strong>en <a href=\"https:\/\/www.mumablue.com\/?utm_source=blog&amp;utm_medium=link&amp;utm_campaign=p\u00e1ginas-audiocuentos&amp;utm_content=mito-aracne\">Mumablue<\/a> adaptamos los mitos cl\u00e1sicos m\u00e1s famosos al entendimiento y la sensibilidad infantil<\/strong>, para que los peques se inicien en el conocimiento de la cultura cl\u00e1sica.<\/p>\n<p>Este mito de Aracne para ni\u00f1os se basa en la versi\u00f3n que ofreci\u00f3 el poeta romano Ovidio en su obra \u00abLa Metamorfosis\u00bb y <strong>cuenta la historia de c\u00f3mo la diosa Atenea castig\u00f3 a la hilandera Aracne por su vanidad y soberbia<\/strong>, convirti\u00e9ndola en ara\u00f1a y conden\u00e1ndola a tejer telas de ara\u00f1a por el resto de su vida. Un mito que ense\u00f1a los valores de la humildad y la modestia.<\/p>\n<h2>Audiocuento El mito de Arance<\/h2>\n<p><strong>M\u00e1s abajo puedes encontrar el texto del mito de Aracne para ni\u00f1os, en su versi\u00f3n para leer.<\/strong> Pero si lo prefieres en formato para escuchar, con el relato ambientado con m\u00fasicas y efectos, puedes optar por el audiocuento.<\/p>\n<h6><script src=\"https:\/\/www.buzzsprout.com\/937792\/9511471-el-mito-de-aracne.js?container_id=buzzsprout-player-9511471&#038;player=small\" type=\"text\/javascript\" charset=\"utf-8\"><\/script>M\u00fasicas CC 3.0:\u00a0<span style=\"color: #3366ff;\"><a style=\"color: #3366ff;\" href=\"https:\/\/freemusicarchive.org\/music\/Kevin_MacLeod\/Contemporary_Sampler\/Cattails\" target=\"_blank\" rel=\"noopener noreferrer\">Cattails<\/a><\/span>\u00a0y\u00a0<span style=\"color: #3366ff;\"><a style=\"color: #3366ff;\" href=\"https:\/\/freemusicarchive.org\/music\/Kevin_MacLeod\/Contemporary_Sampler\/Gagool\" target=\"_blank\" rel=\"noopener noreferrer\">Gagool<\/a><\/span>, por Kevin MacLeod.\u00a0<span style=\"color: #3366ff;\"><a style=\"color: #3366ff;\" href=\"https:\/\/freesound.org\/people\/RepDac3\/sounds\/348655\/\" target=\"_blank\" rel=\"noopener noreferrer\">Harfe Impro Harp Diverse<\/a><\/span>, por Monika Gatt.<\/h6>\n<p><strong>\u00bfPrefieres leerlo t\u00fa mismo? \u00a1Buena idea!<\/strong> Te dejamos una musiquita de ambiente para que le puedas poner de fondo y darle un toque mucho m\u00e1s especial a tu relato.<\/p>\n<p><iframe style=\"border: 0; width: 95%; height: 42px;\" src=\"https:\/\/bandcamp.com\/EmbeddedPlayer\/album=2145112995\/size=small\/bgcol=ffffff\/linkcol=0687f5\/track=3051319060\/transparent=true\/\" seamless=\"\"><span data-mce-type=\"bookmark\" style=\"display: inline-block; width: 0px; overflow: hidden; line-height: 0;\" class=\"mce_SELRES_start\">\ufeff<\/span><span data-mce-type=\"bookmark\" style=\"display: inline-block; width: 0px; overflow: hidden; line-height: 0;\" class=\"mce_SELRES_start\">\ufeff<\/span><span data-mce-type=\"bookmark\" style=\"display: inline-block; width: 0px; overflow: hidden; line-height: 0;\" class=\"mce_SELRES_start\">\ufeff<\/span><a href=\"https:\/\/alexandernakarada.bandcamp.com\/album\/the-classics-and-their-remakes\">The Classics (and their remakes) by Alexander Nakarada<\/a><\/iframe><\/p>\n<h2>El mito de Aracne para ni\u00f1os<\/h2>\n<p>Aracne era una joven de extraordinaria belleza que viv\u00eda en la regi\u00f3n de Lidia, pero la hermosura no era su \u00fanica virtud. \u00a1La muchacha ten\u00eda una extraordinaria habilidad para tejer y bordar! \u00a1Una aut\u00e9ntica artista en el uso del telar! Su trabajo era de un realismo incre\u00edble y todo aquel que ve\u00eda uno de sus telares quedaba asombrado. Poco a poco su fama se extendi\u00f3. La gente acud\u00eda a su taller para admirar su obra y pronto comenz\u00f3 a decirse que Aracne era la mejor tejedora de Lidia. No falt\u00f3 quien lleg\u00f3 a referirse a ella como la digna disc\u00edpula de la diosa Atenea.<\/p>\n<p>Pero estas alabanzas a sus telares tuvieron un efecto negativo en Aracne, quien termin\u00f3 por cre\u00e9rselo demasiado. Se volvi\u00f3 entonces una joven engre\u00edda, soberbia.. y comenz\u00f3 a decir de s\u00ed misma que era la mejor tejedora del mundo.<\/p>\n<p>&#8211; \u00bfDisc\u00edpula de Atenea? \u00bfDisc\u00edpula? \u00a1Qu\u00e9 tonter\u00eda! Yo soy mucho mejor tejedora que esa diosa -presum\u00eda Aracne.<\/p>\n<p>Estas palabras llegaron a o\u00eddos de Atenea, quien se enfureci\u00f3 tremendamente por la vanidad de Aracne y decidi\u00f3 darle un escarmiento. Atenea se disfraz\u00f3 de anciana y acudi\u00f3 al taller de la joven bordadora. Tras observar detenidamente sus tapices, la anciana dijo:<\/p>\n<p>&#8211; Oh, estos bordados son extraordinarios, joven. Son tan realistas&#8230; \u00a1Parece como si estuvieran hechos por la mism\u00edsima Atenea! -le reconoci\u00f3 la vetusta mujer.<\/p>\n<p>&#8211; Salta a la vista, buena anciana, que la calidad de mis bordados supera con creces a los de la diosa Atenea -respondi\u00f3 Aracne, llena de soberbia.<\/p>\n<p>&#8211; Nooo, ni\u00f1a. No debes decir eso. \u00a1Ofender\u00e1s a la diosa! -le aconsej\u00f3 la anciana.<\/p>\n<p>&#8211; \u00bfOfenderla? Si se ofende ser\u00e1 porque sabe que s\u00f3lo hay verdad en mis palabras -se burl\u00f3 Aracne.<\/p>\n<p>&#8211; No deber\u00edas enfrentarte a Atenea. \u00a1Tu soberbia podr\u00eda tener consecuencias terribles! -advirti\u00f3 de nuevo la extra\u00f1a mujer.<\/p>\n<p>&#8211; \u00a1No tengo ning\u00fan miedo! Es m\u00e1s, si tuviera a Atenea ahora mismo aqu\u00ed delante la retar\u00eda a competir. \u00a1As\u00ed sabr\u00edamos qui\u00e9n de las dos es mejor tejedora! &#8211; concluy\u00f3 Aracne, con exceso de orgullo.<\/p>\n<p>&#8211; \u00a1As\u00ed sea, Aracne! \u00a1Yo soy Atenea! Competir\u00e9 contigo, si as\u00ed lo deseas -la ret\u00f3 la vieja<\/p>\n<p>Mientras dec\u00eda estas palabras, el disfraz de anciana se desvanec\u00eda. Su negro y harapiento vestido se transform\u00f3 en una blanca t\u00fanica y las arrugas desaparecieron y dieron paso al bello rostro de Atenea.<\/p>\n<p>Entonces ambas comenzaron a tejer. Atenea elabor\u00f3 un asombroso tapiz que representaba su propia victoria sobre Poseid\u00f3n. Aracne, yendo un paso m\u00e1s en su afrenta a los dioses, teji\u00f3 una escena donde \u00e9stos, disfrazados de animales, protagonizaban situaciones grotescas.<\/p>\n<p>Cuando ambas terminaron, Atenea reconoci\u00f3 que la destreza de la joven Aracne era perfecta. Sin embargo, se enfad\u00f3 much\u00edsimo con la joven por haber ridiculizado a los dioses en las escenas representadas. En un arranque de ira, Atenea destruy\u00f3 el tapiz de Aracne y roci\u00f3 los hilos del telar con una poci\u00f3n de ac\u00f3nito. En ese momento los hilos se convirtieron en telas de ara\u00f1a que rodearon a Aracne transform\u00e1ndola en ara\u00f1a.<\/p>\n<p>&#8211; Este es el castigo por ofender a los dioses con tu altaner\u00eda y falta de humildad. Yo te condeno a ti y a todos tus descendientes a vivir colgando de un hilo -maldijo Atenea.<\/p>\n<p>Y as\u00ed fue c\u00f3mo Atenea castig\u00f3 a Aracne a pasar el resto de tu vida haciendo lo que mejor sab\u00eda hacer: tejiendo. \u00a1Tejiendo telas de ara\u00f1a!<\/p>\n<h2>Curiosidades sobre el mito de Aracne<\/h2>\n<p>El mito de Aracne -tal y como os lo hemos contado- se recoge en el libro del poeta romano Ovidio titulado \u201cLa Metamorfosis\u201d. Otros escritores de la era cl\u00e1sica, como Virgilio o Plinio, hablaron tambi\u00e9n de Aracne en sus escritos, por ser uno de los mitos que mejor <strong>ense\u00f1a el valor de la humildad, a no ser orgulloso y a no ofender a los dioses.<\/strong><\/p>\n<p>En la antigua Roma, los mitos se utilizaban para explicar la realidad o dotar de razones a los hechos de la naturaleza. El mito de Aracne sugiere que <strong>el arte de tejer se origin\u00f3 cuando los humanos comenzaron a imitar la labor de las ara\u00f1as<\/strong> y es muy probable que sea cierto, ya que en todas las civilizaciones se utiliza la t\u00e9cnica de tejer desde muy antiguo.<\/p>\n<p>Las ara\u00f1as construyen sus telara\u00f1as de forma met\u00f3dica, hilvanando los hilos de seda que sale de su abdomen. \u00a1Es uno de los materiales m\u00e1s resistentes que existen! Por este motivo y por el modo en que las ara\u00f1as entretejen estos hilos, <strong>las telas de ara\u00f1a son una estructura \u00fanica en la naturaleza<\/strong>, estudiada por muchos cient\u00edficos que quieren imitarla.<\/p>\n<p>El mito de Aracne tambi\u00e9n se ha reflejado en el arte occidental de una u otra forma. Por ejemplo, <strong>inspir\u00f3 al gran pintor espa\u00f1ol Diego de Vel\u00e1zquez para pintar su famoso cuadro \u201cLas hilanderas\u201d<\/strong>, que puede contemplarse en el Museo del Prado de Madrid.<\/p>\n<h2>M\u00e1s mitos cl\u00e1sicos para ni\u00f1os gratis<\/h2>\n<p>\u00bfTe ha gustado nuestra versi\u00f3n del mito de Aracne para ni\u00f1os? Entonces tal vez te apetezca descubrir alguno m\u00e1s en nuestra <span style=\"color: #3366ff;\"><a style=\"color: #3366ff;\" href=\"https:\/\/www.mumablue.com\/blog\/cuentos-infantiles-para-leer-cortos-gratis\/\">p\u00e1gina de cuentos infantiles<\/a><\/span>, en la secci\u00f3n de mitolog\u00eda e historia para ni\u00f1os. <strong>All\u00ed encontrar\u00e1s, entre otros, \u00abEl mito de Narciso\u00bb o \u00abEl mito de Medusa\u00bb<\/strong>. Todos ellos totalmente gratis y con su correspondiente audiocuento. \u00a1Aprender es divertido!<\/p>\n<p>Si te gustan nuestros cuentos y deseas que el proyecto contin\u00fae, <strong>puedes contribuir a ello tan s\u00f3lo compartiendo nuestras historias con otros mam\u00e1s y pap\u00e1s.\u00a0<\/strong><\/p>\n<p>Imagen: <span style=\"color: #3366ff;\"><a style=\"color: #3366ff;\" href=\"https:\/\/www.freepik.es\/vector-gratis\/palacio-griego-antiguo-pilares-enredaderas-hiedra_13318781.htm#page=1&amp;query=greek%20temple&amp;position=36&amp;from_view=search\" target=\"_blank\" rel=\"noopener noreferrer\">Palacio griego<\/a><\/span>\u00a0y\u00a0<span style=\"color: #3366ff;\"><a style=\"color: #3366ff;\" href=\"https:\/\/www.freepik.es\/vector-gratis\/personaje-dibujos-animados-arana-banner-fuente-nope-aislado_16456673.htm#page=1&amp;query=Arachne&amp;position=14&amp;from_view=search\" target=\"_blank\" rel=\"noopener noreferrer\">ara\u00f1a<\/a><\/span>\u00a0(Freepik)<\/p>\n<div style='text-align:left' class='yasr-auto-insert-visitor'><\/div>","protected":false},"excerpt":{"rendered":"<p>El mito de Aracne para ni\u00f1os, como la mayor\u00eda de los mitos, es un poco dif\u00edcil de contar, ya que los relatos mitol\u00f3gicos cl\u00e1sicos no escatimaban en episodios truculentos que en modo alguno resultan adecuados para los m\u00e1s peque\u00f1os. Sin embargo, en Mumablue adaptamos los mitos cl\u00e1sicos m\u00e1s famosos al entendimiento y la sensibilidad infantil, [&hellip;]<\/p>\n","protected":false},"author":6,"featured_media":0,"parent":0,"menu_order":0,"comment_status":"closed","ping_status":"closed","template":"","meta":{"yasr_overall_rating":0,"yasr_post_is_review":"","yasr_auto_insert_disabled":"","yasr_review_type":""},"yasr_visitor_votes":{"number_of_votes":22,"sum_votes":80,"stars_attributes":{"read_only":false,"span_bottom":false}},"yoast_head":"<!-- This site is optimized with the Yoast SEO plugin v14.5 - https:\/\/yoast.com\/wordpress\/plugins\/seo\/ -->\n<meta name=\"description\" content=\"Esta versi\u00f3n del mito de Aracne para ni\u00f1os se basa en el relato que el poeta romano Ovidio public\u00f3 en su obra cl\u00e1sica &quot;La metamorfosis&quot; \u00a1Audiocuento gratis!\" \/>\n<meta name=\"robots\" content=\"index, follow\" \/>\n<meta name=\"googlebot\" content=\"index, follow, max-snippet:-1, max-image-preview:large, max-video-preview:-1\" \/>\n<meta name=\"bingbot\" content=\"index, follow, max-snippet:-1, max-image-preview:large, max-video-preview:-1\" \/>\n<link rel=\"canonical\" href=\"https:\/\/www.mumablue.com\/blog\/el-mito-de-aracne-para-ninos-audiocuento-gratis\/\" \/>\n<meta property=\"og:locale\" content=\"es_ES\" \/>\n<meta property=\"og:type\" content=\"article\" \/>\n<meta property=\"og:title\" content=\"El mito de Aracne para ni\u00f1os + audiocuento gratis - Blog Mumablue\" \/>\n<meta property=\"og:description\" content=\"Esta versi\u00f3n del mito de Aracne para ni\u00f1os se basa en el relato que el poeta romano Ovidio public\u00f3 en su obra cl\u00e1sica &quot;La metamorfosis&quot; \u00a1Audiocuento gratis!\" \/>\n<meta property=\"og:url\" content=\"https:\/\/www.mumablue.com\/blog\/el-mito-de-aracne-para-ninos-audiocuento-gratis\/\" \/>\n<meta property=\"og:site_name\" content=\"Blog Mumablue\" \/>\n<meta property=\"article:publisher\" content=\"https:\/\/www.facebook.com\/mumablue\/\" \/>\n<meta property=\"article:modified_time\" content=\"2025-06-02T13:21:15+00:00\" \/>\n<meta property=\"og:image\" content=\"https:\/\/www.mumablue.com\/blog\/wp-content\/uploads\/2021\/11\/El-mito-de-Aracne-2.jpg\" \/>\n<meta name=\"twitter:card\" content=\"summary_large_image\" \/>\n<script type=\"application\/ld+json\" class=\"yoast-schema-graph\">{\"@context\":\"https:\/\/schema.org\",\"@graph\":[{\"@type\":\"Organization\",\"@id\":\"https:\/\/www.mumablue.com\/blog\/#organization\",\"name\":\"Mumablue\",\"url\":\"https:\/\/www.mumablue.com\/blog\/\",\"sameAs\":[\"https:\/\/www.facebook.com\/mumablue\/\",\"https:\/\/www.instagram.com\/mumablue\/?hl=es\"],\"logo\":{\"@type\":\"ImageObject\",\"@id\":\"https:\/\/www.mumablue.com\/blog\/#logo\",\"inLanguage\":\"es\",\"url\":\"https:\/\/www.mumablue.com\/blog\/wp-content\/uploads\/2020\/05\/Blog-Mumablue.png\",\"width\":749,\"height\":269,\"caption\":\"Mumablue\"},\"image\":{\"@id\":\"https:\/\/www.mumablue.com\/blog\/#logo\"}},{\"@type\":\"WebSite\",\"@id\":\"https:\/\/www.mumablue.com\/blog\/#website\",\"url\":\"https:\/\/www.mumablue.com\/blog\/\",\"name\":\"Blog Mumablue\",\"description\":\"Un blog de cuentos y audiocuentos gratis para ni\\u00f1os.\",\"publisher\":{\"@id\":\"https:\/\/www.mumablue.com\/blog\/#organization\"},\"potentialAction\":[{\"@type\":\"SearchAction\",\"target\":\"https:\/\/www.mumablue.com\/blog\/?s={search_term_string}\",\"query-input\":\"required name=search_term_string\"}],\"inLanguage\":\"es\"},{\"@type\":\"ImageObject\",\"@id\":\"https:\/\/www.mumablue.com\/blog\/el-mito-de-aracne-para-ninos-audiocuento-gratis\/#primaryimage\",\"inLanguage\":\"es\",\"url\":\"https:\/\/www.mumablue.com\/blog\/wp-content\/uploads\/2021\/11\/El-mito-de-Aracne-2.jpg\",\"width\":500,\"height\":500,\"caption\":\"mito de Aracne para ni\\u00f1os\"},{\"@type\":\"WebPage\",\"@id\":\"https:\/\/www.mumablue.com\/blog\/el-mito-de-aracne-para-ninos-audiocuento-gratis\/#webpage\",\"url\":\"https:\/\/www.mumablue.com\/blog\/el-mito-de-aracne-para-ninos-audiocuento-gratis\/\",\"name\":\"El mito de Aracne para ni\\u00f1os + audiocuento gratis - Blog Mumablue\",\"isPartOf\":{\"@id\":\"https:\/\/www.mumablue.com\/blog\/#website\"},\"primaryImageOfPage\":{\"@id\":\"https:\/\/www.mumablue.com\/blog\/el-mito-de-aracne-para-ninos-audiocuento-gratis\/#primaryimage\"},\"datePublished\":\"2021-11-10T12:22:08+00:00\",\"dateModified\":\"2025-06-02T13:21:15+00:00\",\"description\":\"Esta versi\\u00f3n del mito de Aracne para ni\\u00f1os se basa en el relato que el poeta romano Ovidio public\\u00f3 en su obra cl\\u00e1sica \\\"La metamorfosis\\\" \\u00a1Audiocuento gratis!\",\"inLanguage\":\"es\",\"potentialAction\":[{\"@type\":\"ReadAction\",\"target\":[\"https:\/\/www.mumablue.com\/blog\/el-mito-de-aracne-para-ninos-audiocuento-gratis\/\"]}]}]}<\/script>\n<!-- \/ Yoast SEO plugin. -->","_links":{"self":[{"href":"https:\/\/www.mumablue.com\/blog\/wp-json\/wp\/v2\/pages\/5238"}],"collection":[{"href":"https:\/\/www.mumablue.com\/blog\/wp-json\/wp\/v2\/pages"}],"about":[{"href":"https:\/\/www.mumablue.com\/blog\/wp-json\/wp\/v2\/types\/page"}],"author":[{"embeddable":true,"href":"https:\/\/www.mumablue.com\/blog\/wp-json\/wp\/v2\/users\/6"}],"replies":[{"embeddable":true,"href":"https:\/\/www.mumablue.com\/blog\/wp-json\/wp\/v2\/comments?post=5238"}],"version-history":[{"count":4,"href":"https:\/\/www.mumablue.com\/blog\/wp-json\/wp\/v2\/pages\/5238\/revisions"}],"predecessor-version":[{"id":7603,"href":"https:\/\/www.mumablue.com\/blog\/wp-json\/wp\/v2\/pages\/5238\/revisions\/7603"}],"wp:attachment":[{"href":"https:\/\/www.mumablue.com\/blog\/wp-json\/wp\/v2\/media?parent=5238"}],"curies":[{"name":"wp","href":"https:\/\/api.w.org\/{rel}","templated":true}]}}