{"id":5231,"date":"2021-11-10T11:47:21","date_gmt":"2021-11-10T11:47:21","guid":{"rendered":"https:\/\/mumablue.com\/blog\/?page_id=5231"},"modified":"2021-11-10T12:51:08","modified_gmt":"2021-11-10T12:51:08","slug":"cuento-sobre-naturaleza-para-ninos-audiocuento","status":"publish","type":"page","link":"https:\/\/www.mumablue.com\/blog\/cuento-sobre-naturaleza-para-ninos-audiocuento\/","title":{"rendered":"Cuento sobre naturaleza para ni\u00f1os + audiocuento"},"content":{"rendered":"<p><img decoding=\"async\" loading=\"lazy\" class=\"alignnone size-full wp-image-5232\" src=\"https:\/\/www.mumablue.com\/blog\/wp-content\/uploads\/2021\/11\/El-canto-de-los-p\u00e1jaros.jpg\" alt=\"cuento sobre naturaleza para ni\u00f1os\" width=\"500\" height=\"500\" srcset=\"https:\/\/www.mumablue.com\/blog\/wp-content\/uploads\/2021\/11\/El-canto-de-los-p\u00e1jaros.jpg 500w, https:\/\/www.mumablue.com\/blog\/wp-content\/uploads\/2021\/11\/El-canto-de-los-p\u00e1jaros-300x300.jpg 300w, https:\/\/www.mumablue.com\/blog\/wp-content\/uploads\/2021\/11\/El-canto-de-los-p\u00e1jaros-150x150.jpg 150w\" sizes=\"(max-width: 500px) 100vw, 500px\" \/><\/p>\n<p>Aqu\u00ed tienes un cuento sobre naturaleza para ni\u00f1os <strong>que habla de la importancia de saber escuchar a la Madre Tierra.<\/strong> \u00abEl canto de los p\u00e1jaros\u00bb es un relato basado en hechos reales y cuenta la historia de la tribu de los indios Jarawa, quienes lograros sobrevivir en su totalidad al tsunami del Oc\u00e9ano \u00cdndico que tuvo lugar en el 2004, gracias a su ancestral comuni\u00f3n con la naturaleza: supieron interpretar las se\u00f1ales de los animales y huyeron tierra adentro.<\/p>\n<p>Este cuento sobre naturaleza para ni\u00f1os, rico en valores, parte de una cat\u00e1strofe natural, con la dureza que conlleva, y <strong>ense\u00f1a a los ni\u00f1os la importancia de saber interpretar las se\u00f1ales de nuestro entorno<\/strong> dejando de lado el ego humano.<\/p>\n<h2>Audiocuento sobre naturaleza que ense\u00f1a valores<\/h2>\n<p>Si lo prefieres, este cuento sobre naturaleza para ni\u00f1os se lo contamos nosotros, pues hemos creado <strong>la versi\u00f3n en audiocuento con ambientaci\u00f3n musical y sonora.<\/strong> Si lo que buscas es el texto para leerlo directamente, lo puedes encontrar m\u00e1s abajo.<\/p>\n<h6><script src=\"https:\/\/www.buzzsprout.com\/937792\/9387556-el-canto-de-los-pajaros.js?container_id=buzzsprout-player-9387556&#038;player=small\" type=\"text\/javascript\" charset=\"utf-8\"><\/script>M\u00fasicas:\u00a0<span style=\"color: #3366ff;\"><a style=\"color: #3366ff;\" href=\"https:\/\/freepd.com\/horror.php\" target=\"_blank\" rel=\"noopener noreferrer\">Dawn of the Apolalypse<\/a><\/span>, por Rafael Krux;\u00a0<span style=\"color: #3366ff;\"><a style=\"color: #3366ff;\" href=\"https:\/\/freepd.com\/romantic.php\" target=\"_blank\" rel=\"noopener noreferrer\">Burt&#8217;s Requiem<\/a><\/span>, por Alexander Nakarada; <a href=\"https:\/\/freepd.com\/misc.php\" target=\"_blank\" rel=\"noopener noreferrer\"><span style=\"color: #3366ff;\">Adding<\/span> <span style=\"color: #3366ff;\">the sun<\/span><\/a>, por Kevin MacLeod.<\/h6>\n<p>Si prefieres leer el cuento directamente, <strong>puedes optar por hacerlo sobre esta m\u00fasica de fondo<\/strong>. As\u00ed crear\u00e1s una atm\u00f3sfera mucho m\u00e1s envolvente para el relato.<\/p>\n<p><iframe style=\"border: 0; width: 95%; height: 42px;\" src=\"https:\/\/bandcamp.com\/EmbeddedPlayer\/album=2145112995\/size=small\/bgcol=ffffff\/linkcol=0687f5\/track=3728517402\/transparent=true\/\" seamless=\"\"><span data-mce-type=\"bookmark\" style=\"display: inline-block; width: 0px; overflow: hidden; line-height: 0;\" class=\"mce_SELRES_start\">\ufeff<\/span><a href=\"https:\/\/alexandernakarada.bandcamp.com\/album\/the-classics-and-their-remakes\">The Classics (and their remakes) by Alexander Nakarada<\/a><\/iframe><\/p>\n<h2>Cuento sobre naturaleza para ni\u00f1os: El canto de los p\u00e1jaros<\/h2>\n<p><span style=\"color: #ff9900;\"><i><span style=\"font-weight: 400;\">Esta historia est\u00e1 basada en hechos reales.<\/span><\/i><\/span><\/p>\n<p>Aquella ma\u00f1ana, en las costas del Oc\u00e9ano \u00cdndico, algo comenz\u00f3 a ir mal. Era muy extra\u00f1o: el mar comenz\u00f3 a retirarse de la tierra, dejando al descubierto playas gigantes. Los p\u00e1jaros cantaban de un modo diferente y los elefantes, comenzaron a huir tierra adentro. Los habitantes estaban muy asombrados: nunca antes hab\u00edan visto c\u00f3mo el mar desaparec\u00eda. Tampoco hab\u00edan visto a los animales tan nerviosos. Y se quedaron mirando.<\/p>\n<p>Pero en una isla en medio del Pac\u00edfico, la tribu de los jarawa no quiso esperar. El jefe de la tribu dio una orden clara y rotunda a los habitantes de la isla de Andam\u00e1n.<\/p>\n<p>&#8211; \u00a1R\u00e1pido! \u00a1Debemos subir a la monta\u00f1a!<\/p>\n<p>Todos los jarawa le hicieron caso de inmediato. Ten\u00edan muy claro que un gran peligro se avecinaba. Agarraron a sus hijos y huyeron tierra adentro.<\/p>\n<p>Los habitantes de otros lugares del \u00cdndico continuaban mirando asombrados la huida del mar. Hasta que \u00e9ste se detuvo. Entonces, una ola gigantesca, de 30 metros de altura, comenz\u00f3 a acercarse r\u00e1pidamente a la costa. Entonces lleg\u00f3 a la orilla&#8230;<\/p>\n<p>El mar comenz\u00f3 a engullir la tierra, arrastrando todo lo que encontraba a su paso, arrancando palmeras, trag\u00e1ndose a las personas\u2026 destroz\u00e1ndolo todo. \u00a1Se trataba de un tsunami! Un enorme maremoto hab\u00eda hecho que el mar se desbordara, provocando el caos.<\/p>\n<p>&#8211; \u00a1El mar! \u00a1Nos traga el mar!<br \/>\n-\u00a1Socorro!<br \/>\n&#8211; \u00a1Huyamos!<\/p>\n<p>Cuando el agua se retir\u00f3, tan solo se o\u00eda el silencio. Un silencio largo, hueco, como de otro planeta. El paisaje se hab\u00eda transformado: todo era lodo, escombros, \u00e1rboles ca\u00eddos, casas derrumbadas. Muchas personas no lograron sobrevivir a la gran inundaci\u00f3n y se ahogaron. \u00a1Se trataba de una terrible desgracia!<\/p>\n<p>Pasaron tres d\u00edas. La desolaci\u00f3n era absoluta en las costas del Oc\u00e9ano \u00cdndico. Los supervivientes intentaban reponerse a la cat\u00e1strofe mientras la autoridades se esforzaban por restablecer el orden y buscar a las personas desaparecidas. Entonces alguien se acord\u00f3 de los jarawa.<\/p>\n<p>&#8211; \u00a1Seguramente no haya supervivientes! Ellos solos, en una peque\u00f1a isla. Si aqu\u00ed el mar engull\u00f3 gran parte de la costa, es probable que se haya tragado esa isla por completo -se lament\u00f3 uno de los responsables de la patrulla de rescate.<\/p>\n<p>&#8211; \u00a1Debemos ir! -replic\u00f3 su ayudante.<\/p>\n<p>&#8211; Ser\u00e1 in\u00fatil. \u00a1Si pa\u00edses tan importantes como La India o Tailandia, con tecnolog\u00eda, \u00a1con sism\u00f3grafos capaces de predecir tsunamis!, no han sido capaces de anticipar esta desgracia, \u00bfCrees que una tribu prehist\u00f3rica lo habr\u00e1 conseguido? Imposible -desisti\u00f3 el responsable.<\/p>\n<p>&#8211; \u00a1Pero debemos comprobar cu\u00e1l ha sido su suerte y prestar ayuda a los supervivientes! Si los hay&#8230; -insisti\u00f3 el ayudante.<\/p>\n<p>As\u00ed que se pusieron en marcha. El equipo de rescate se mont\u00f3 en un helic\u00f3ptero y vol\u00f3 hasta las islas Andam\u00e1n. Pero cuando llegaron no encontraron a nadie. No hab\u00eda ni rastro de los jarawa. En ninguna playa. Era como si se los hubiera tragado el mar.<\/p>\n<p>&#8211; Son una tribu de pescadores, viven muy cerca de la playa. Seguramente los sorprendi\u00f3 el tsunami y el agua los arrastr\u00f3 mar adentro. Vay\u00e1monos. No hay nada que hacer\u2026 -quiso rendirse el responsable de la patrulla de rescate.<\/p>\n<p>&#8211; \u00a1No podemos rendirnos! Busquemos un poco m\u00e1s. Miremos en el interior de la isla -propuso el ayudante.<\/p>\n<p>Los rescatadores sobrevolaron la isla. De pronto, el piloto divis\u00f3 a un grupo de personas en lo alto de una monta\u00f1a. \u00a1Eran los jarawa!<\/p>\n<p>Despu\u00e9s de tres d\u00edas sin apenas comida ni agua, bajo un sol abrasador, los miembros de la tribu estaban desfallecidos. Pero estaban vivos. Todos. Desde el primero hasta el \u00faltimo.<\/p>\n<p>&#8211; \u00bfC\u00f3mo logr\u00e1steis sobrevivir? \u00a1Es imposible! Las costas continentales han quedado arrasadas -pregunt\u00f3, muy desconcertado, uno de los rescatadores.<\/p>\n<p>El anciano jefe los mir\u00f3 fijamente. Guard\u00f3 unos segundos de silencio y luego dijo:<\/p>\n<p>&#8211; Mi mundo est\u00e1 en la selva. Tu mundo est\u00e1 ah\u00ed fuera. Los jarawa supimos que se avecinaba una desgracia porque escuchamos cantar a los p\u00e1jaros.<\/p>\n<p>&#8211; \u00bfA los p\u00e1jaros? -se extra\u00f1\u00f3 el rescatador.<\/p>\n<p>&#8211; Los hombres como t\u00fa, que se llaman a s\u00ed mismos \u201ccivilizados\u201d, han conseguido muchas cosas. El hombre \u201ccivilizado\u201d ha conquistado tierras, personas, animales\u2026 \u00a1Incluso asegura haber viajado a las estrellas! A cambio, hab\u00e9is dejado de fijaros en las cosas importantes. Ya no entend\u00e9is las palabras de la Madre Tierra. No sab\u00e9is interpretar las se\u00f1ales de los animales. Y hace mucho, mucho tiempo, que dejasteis de escuchar a los p\u00e1jaros.<\/p>\n<h2>Curiosidades sobre el tsunami del \u00cdndico<\/h2>\n<p><strong>En diciembre de 2004 tuvo lugar uno de los m\u00e1s terribles tsunamis de la historia<\/strong>: un terremoto ocurrido en el Oc\u00e9ano \u00cdndico cre\u00f3 olas gigantescas que inundaron las costas de varios pa\u00edses asi\u00e1ticos como Sri Lanka, Tailandia, La India, Indonesia o Malasia. Fue una aut\u00e9ntica cat\u00e1strofe natural en la que murieron miles de personas.<\/p>\n<p>Cerca del punto en el que se origin\u00f3 el terremoto se encuentran las islas Andam\u00e1n. En una de ellas viv\u00edan <strong>los jarawa, una tribu que durante miles de a\u00f1os ha vivido en las selvas de las Islas Andam\u00e1n<\/strong>, en La India, sin apenas contacto con ninguna otra civilizaci\u00f3n.<\/p>\n<p>Tras el terrible tsunami del \u00cdndico, los jarawa sorprendieron al mundo entero, ya que <strong>pudieron salvar sus vidas gracias a su ancestral conocimiento de la naturaleza<\/strong>. \u00a1Supieron entender lo que el mar y los animales les estaban diciendo! Uno de los propios ind\u00edgenas lo cont\u00f3: \u201cpudimos escapar porque escuchamos cantar a los p\u00e1jaros\u201d.<\/p>\n<p>Sin embargo, la tribu que logr\u00f3 sobrevivir al gran tsunami <strong>se enfrenta desde hace varios a\u00f1os a una amenaza a\u00fan peor: el hombre \u201ccivilizado\u201d<\/strong>. Colonos llegados de otros lugares de la India invaden sus tierras, roban su caza y les contagian enfermedades para las que no est\u00e1n preparados. Incluso se organizan \u201csafaris humanos\u201d, excursiones para que los turistas vean c\u00f3mo viven los jarawa, sin su permiso.<\/p>\n<p>La frase que pronuncia el jefe de la tribu en el cuento es real: <strong>\u201cMi mundo est\u00e1 en la selva. Tu mundo est\u00e1 ah\u00ed fuera\u201d<\/strong>. Lo dijo un jarawa llamado Ashu, en 2005, para hacerle ver a los hombres civilizados que no son bienvenidos en su selva.<\/p>\n<h2>Otro cuento sobre naturaleza para ni\u00f1os que os gustar\u00e1<\/h2>\n<p>Si hab\u00e9is disfrutado con la lectura de este cuento sobre naturaleza para ni\u00f1os, tal vez os interese descubrir otras propuestas de Mumablue. Por ejemplo, \u00ab<a href=\"https:\/\/www.mumablue.com\/blog\/cuento-de-ecologia-para-leer-a-los-ninos\/\"><span style=\"color: #3366ff;\">Unas extra\u00f1as medusas<\/span><\/a>\u00ab, <strong>un cuento que habla del respeto del Medio Ambiente<\/strong> y que alerta sobre el uso excesivo de pl\u00e1sticos y la repercusi\u00f3n que tiene en el medio marino.<\/p>\n<p>Adem\u00e1s te ofrecemos <a href=\"https:\/\/www.mumablue.com\/blog\/cuentos-infantiles-para-leer-cortos-gratis\/\"><span style=\"color: #3366ff;\">muchos otros cuentos gratis<\/span><\/a>, con su correspondiente audiocuento. Hay de muchos tipos: <strong>aventuras, humor, \u00abmiedo\u00bb, hist\u00f3ricos, fantas\u00eda, mitol\u00f3gicos, teatralizados<\/strong>&#8230; \u00a1No te pierdas el cat\u00e1logo de cuentos gratuitos m\u00e1s originales, enternecedores y divertidos! Es un regalo que Mumablue le ofrece a tu peque a cambio de nada. Si quieres ayudarnos a continuar con el proyecto, tan s\u00f3lo debes compartir nuestros cuentos con otros pap\u00e1s y mam\u00e1s. \u00a1As\u00ed de sencillo y de gratis! \ud83d\ude0a<\/p>\n<p>Imagen:\u00a0<span style=\"color: #3366ff;\"><a style=\"color: #3366ff;\" href=\"https:\/\/www.freepik.es\/vector-gratis\/dibujos-animados-aves-voladoras-cielo-nubes-sol-ilustracion_13110256.htm#page=1&amp;query=BIRDS&amp;position=18&amp;from_view=search\" target=\"_blank\" rel=\"noopener noreferrer\">P\u00e1jaros<\/a><\/span>\u00a0y\u00a0<span style=\"color: #3366ff;\"><a style=\"color: #3366ff;\" href=\"https:\/\/www.freepik.es\/vector-gratis\/escena-playa-tropical-muchas-palmeras-dia_14443182.htm#page=1&amp;query=ISLAND&amp;position=36&amp;from_view=search\" target=\"_blank\" rel=\"noopener noreferrer\">Fondo Isla<\/a><\/span>, Freepik.<\/p>\n<div style='text-align:left' class='yasr-auto-insert-visitor'><\/div>","protected":false},"excerpt":{"rendered":"<p>Aqu\u00ed tienes un cuento sobre naturaleza para ni\u00f1os que habla de la importancia de saber escuchar a la Madre Tierra. \u00abEl canto de los p\u00e1jaros\u00bb es un relato basado en hechos reales y cuenta la historia de la tribu de los indios Jarawa, quienes lograros sobrevivir en su totalidad al tsunami del Oc\u00e9ano \u00cdndico que [&hellip;]<\/p>\n","protected":false},"author":6,"featured_media":0,"parent":0,"menu_order":0,"comment_status":"closed","ping_status":"closed","template":"","meta":{"yasr_overall_rating":0,"yasr_post_is_review":"","yasr_auto_insert_disabled":"","yasr_review_type":"BlogPosting"},"yasr_visitor_votes":{"number_of_votes":34,"sum_votes":147,"stars_attributes":{"read_only":false,"span_bottom":false}},"yoast_head":"<!-- This site is optimized with the Yoast SEO plugin v14.5 - https:\/\/yoast.com\/wordpress\/plugins\/seo\/ -->\n<meta name=\"description\" content=\"&quot;El canto de los p\u00e1jaros&quot; es un cuento sobre naturaleza para ni\u00f1os, basado en hechos reales, sobre la importancia de saber escuchar a la Madre Naturaleza.\" \/>\n<meta name=\"robots\" content=\"index, follow\" \/>\n<meta name=\"googlebot\" content=\"index, follow, max-snippet:-1, max-image-preview:large, max-video-preview:-1\" \/>\n<meta name=\"bingbot\" content=\"index, follow, max-snippet:-1, max-image-preview:large, max-video-preview:-1\" \/>\n<link rel=\"canonical\" href=\"https:\/\/www.mumablue.com\/blog\/cuento-sobre-naturaleza-para-ninos-audiocuento\/\" \/>\n<meta property=\"og:locale\" content=\"es_ES\" \/>\n<meta property=\"og:type\" content=\"article\" \/>\n<meta property=\"og:title\" content=\"Cuento sobre naturaleza para ni\u00f1os + audiocuento - Blog Mumablue\" \/>\n<meta property=\"og:description\" content=\"&quot;El canto de los p\u00e1jaros&quot; es un cuento sobre naturaleza para ni\u00f1os, basado en hechos reales, sobre la importancia de saber escuchar a la Madre Naturaleza.\" \/>\n<meta property=\"og:url\" content=\"https:\/\/www.mumablue.com\/blog\/cuento-sobre-naturaleza-para-ninos-audiocuento\/\" \/>\n<meta property=\"og:site_name\" content=\"Blog Mumablue\" \/>\n<meta property=\"article:publisher\" content=\"https:\/\/www.facebook.com\/mumablue\/\" \/>\n<meta property=\"article:modified_time\" content=\"2021-11-10T12:51:08+00:00\" \/>\n<meta property=\"og:image\" content=\"https:\/\/www.mumablue.com\/blog\/wp-content\/uploads\/2021\/11\/El-canto-de-los-p\u00e1jaros.jpg\" \/>\n<meta name=\"twitter:card\" content=\"summary_large_image\" \/>\n<script type=\"application\/ld+json\" class=\"yoast-schema-graph\">{\"@context\":\"https:\/\/schema.org\",\"@graph\":[{\"@type\":\"Organization\",\"@id\":\"https:\/\/www.mumablue.com\/blog\/#organization\",\"name\":\"Mumablue\",\"url\":\"https:\/\/www.mumablue.com\/blog\/\",\"sameAs\":[\"https:\/\/www.facebook.com\/mumablue\/\",\"https:\/\/www.instagram.com\/mumablue\/?hl=es\"],\"logo\":{\"@type\":\"ImageObject\",\"@id\":\"https:\/\/www.mumablue.com\/blog\/#logo\",\"inLanguage\":\"es\",\"url\":\"https:\/\/www.mumablue.com\/blog\/wp-content\/uploads\/2020\/05\/Blog-Mumablue.png\",\"width\":749,\"height\":269,\"caption\":\"Mumablue\"},\"image\":{\"@id\":\"https:\/\/www.mumablue.com\/blog\/#logo\"}},{\"@type\":\"WebSite\",\"@id\":\"https:\/\/www.mumablue.com\/blog\/#website\",\"url\":\"https:\/\/www.mumablue.com\/blog\/\",\"name\":\"Blog Mumablue\",\"description\":\"Un blog de cuentos y audiocuentos gratis para ni\\u00f1os.\",\"publisher\":{\"@id\":\"https:\/\/www.mumablue.com\/blog\/#organization\"},\"potentialAction\":[{\"@type\":\"SearchAction\",\"target\":\"https:\/\/www.mumablue.com\/blog\/?s={search_term_string}\",\"query-input\":\"required name=search_term_string\"}],\"inLanguage\":\"es\"},{\"@type\":\"ImageObject\",\"@id\":\"https:\/\/www.mumablue.com\/blog\/cuento-sobre-naturaleza-para-ninos-audiocuento\/#primaryimage\",\"inLanguage\":\"es\",\"url\":\"https:\/\/www.mumablue.com\/blog\/wp-content\/uploads\/2021\/11\/El-canto-de-los-p\\u00e1jaros.jpg\",\"width\":500,\"height\":500,\"caption\":\"cuento sobre naturaleza para ni\\u00f1os\"},{\"@type\":\"WebPage\",\"@id\":\"https:\/\/www.mumablue.com\/blog\/cuento-sobre-naturaleza-para-ninos-audiocuento\/#webpage\",\"url\":\"https:\/\/www.mumablue.com\/blog\/cuento-sobre-naturaleza-para-ninos-audiocuento\/\",\"name\":\"Cuento sobre naturaleza para ni\\u00f1os + audiocuento - Blog Mumablue\",\"isPartOf\":{\"@id\":\"https:\/\/www.mumablue.com\/blog\/#website\"},\"primaryImageOfPage\":{\"@id\":\"https:\/\/www.mumablue.com\/blog\/cuento-sobre-naturaleza-para-ninos-audiocuento\/#primaryimage\"},\"datePublished\":\"2021-11-10T11:47:21+00:00\",\"dateModified\":\"2021-11-10T12:51:08+00:00\",\"description\":\"\\\"El canto de los p\\u00e1jaros\\\" es un cuento sobre naturaleza para ni\\u00f1os, basado en hechos reales, sobre la importancia de saber escuchar a la Madre Naturaleza.\",\"inLanguage\":\"es\",\"potentialAction\":[{\"@type\":\"ReadAction\",\"target\":[\"https:\/\/www.mumablue.com\/blog\/cuento-sobre-naturaleza-para-ninos-audiocuento\/\"]}]}]}<\/script>\n<!-- \/ Yoast SEO plugin. -->","_links":{"self":[{"href":"https:\/\/www.mumablue.com\/blog\/wp-json\/wp\/v2\/pages\/5231"}],"collection":[{"href":"https:\/\/www.mumablue.com\/blog\/wp-json\/wp\/v2\/pages"}],"about":[{"href":"https:\/\/www.mumablue.com\/blog\/wp-json\/wp\/v2\/types\/page"}],"author":[{"embeddable":true,"href":"https:\/\/www.mumablue.com\/blog\/wp-json\/wp\/v2\/users\/6"}],"replies":[{"embeddable":true,"href":"https:\/\/www.mumablue.com\/blog\/wp-json\/wp\/v2\/comments?post=5231"}],"version-history":[{"count":2,"href":"https:\/\/www.mumablue.com\/blog\/wp-json\/wp\/v2\/pages\/5231\/revisions"}],"predecessor-version":[{"id":5249,"href":"https:\/\/www.mumablue.com\/blog\/wp-json\/wp\/v2\/pages\/5231\/revisions\/5249"}],"wp:attachment":[{"href":"https:\/\/www.mumablue.com\/blog\/wp-json\/wp\/v2\/media?parent=5231"}],"curies":[{"name":"wp","href":"https:\/\/api.w.org\/{rel}","templated":true}]}}