{"id":5145,"date":"2021-10-29T11:05:48","date_gmt":"2021-10-29T11:05:48","guid":{"rendered":"https:\/\/mumablue.com\/blog\/?page_id=5145"},"modified":"2021-10-29T11:07:44","modified_gmt":"2021-10-29T11:07:44","slug":"poema-con-aliteracion-para-ninos-audiocuento","status":"publish","type":"page","link":"https:\/\/www.mumablue.com\/blog\/poema-con-aliteracion-para-ninos-audiocuento\/","title":{"rendered":"Poema con aliteraci\u00f3n para ni\u00f1os + audiocuento"},"content":{"rendered":"<p><img decoding=\"async\" loading=\"lazy\" class=\"alignnone size-full wp-image-5146\" src=\"https:\/\/www.mumablue.com\/blog\/wp-content\/uploads\/2021\/10\/El-baile-de-la-lib\u00e9lula_500.jpg\" alt=\"poema con aliteraci\u00f3n para ni\u00f1os\" width=\"500\" height=\"500\" srcset=\"https:\/\/www.mumablue.com\/blog\/wp-content\/uploads\/2021\/10\/El-baile-de-la-lib\u00e9lula_500.jpg 500w, https:\/\/www.mumablue.com\/blog\/wp-content\/uploads\/2021\/10\/El-baile-de-la-lib\u00e9lula_500-300x300.jpg 300w, https:\/\/www.mumablue.com\/blog\/wp-content\/uploads\/2021\/10\/El-baile-de-la-lib\u00e9lula_500-150x150.jpg 150w\" sizes=\"(max-width: 500px) 100vw, 500px\" \/><\/p>\n<p>Si est\u00e1s buscando un poema con aliteraci\u00f3n para ni\u00f1os con el que poder <strong>ense\u00f1ar de modo sencillo en qu\u00e9 consiste esta figura ret\u00f3rica<\/strong>, est\u00e1s en el lugar adecuado. En Mumablue hemos creado el poema \u00abEl baile de la lib\u00e9lula\u00bb y hemos jugado con la letra ele para construir unos versos repletos de sonoras aliteraciones.<\/p>\n<p>Adem\u00e1s, <strong>este poema con aliteraci\u00f3n para ni\u00f1os lo hemos grabado sobre una bonita pieza de Chopin<\/strong> para hacer de la experiencia de la escucha algo a\u00fan m\u00e1s po\u00e9tico y did\u00e1ctico. Puedes escucharlo a continuaci\u00f3n. Si lo quieres en texto, puedes encontrarlo escrito m\u00e1s abajo.<\/p>\n<h2>Poema con aliteraci\u00f3n para ni\u00f1os, para escuchar<\/h2>\n<h6><script src=\"https:\/\/www.buzzsprout.com\/937792\/9333685-el-baile-de-la-libelula.js?container_id=buzzsprout-player-9333685&#038;player=small\" type=\"text\/javascript\" charset=\"utf-8\"><\/script>M\u00fasica Public Domain: <span style=\"color: #3366ff;\"><a style=\"color: #3366ff;\" href=\"https:\/\/lamusicagratis.com\/decargar-musica\/waltz-in-a-minor-b-150\">Waltz in A minor (B. 150)<\/a><\/span>, de Fr\u00e9d\u00e9ric Chopin<\/h6>\n<p>El baile de la lib\u00e9lula es un poema con aliteraci\u00f3n para ni\u00f1os, <strong>una figura ret\u00f3rica que consiste en repetir varios sonidos dentro de una misma palabra o frase<\/strong>. El ejemplo de aliteraci\u00f3n que se suele estudiar en el cole est\u00e1 en un verso de Rub\u00e9n Dar\u00edo, que dice as\u00ed: \u201cCon el ala aleve del leve abanico\u201d.<\/p>\n<p>Una figura de estilo o figura ret\u00f3rica es una forma distinta de utilizar las palabras para hacerlas m\u00e1s expresivas o bellas. Se utilizan en el lenguaje literario, sobre todo en poes\u00eda, y e<strong>s un modo que tiene el poeta de hablarle directamente a nuestro coraz\u00f3n.<\/strong><\/p>\n<h2 style=\"text-align: center;\">El baile de la lib\u00e9lula<\/h2>\n<p style=\"text-align: center;\">Baila la lib\u00e9lula<br \/>\ncon leve aleteo,<br \/>\nse eleva en la brisa<br \/>\ny levanta el vuelo.<\/p>\n<p style=\"text-align: center;\">Luce, palaciega,<br \/>\nsus alas azules.<br \/>\nSon sus atalayas<br \/>\nlilos y abedules.<\/p>\n<p style=\"text-align: center;\">Vuela, baila, vuela,<br \/>\npeque\u00f1a lib\u00e9lula.<\/p>\n<p style=\"text-align: center;\">Baila, vuela, baila,<br \/>\ndama colilarga.<\/p>\n<p style=\"text-align: center;\">En lagunas l\u00edmpidas<br \/>\nes diosa naval.<br \/>\nCorcel del diablo en<br \/>\nreino celestial.<\/p>\n<p style=\"text-align: center;\">Al alba deslumbra,<br \/>\n\u00a1Al primer albor!<br \/>\nbaile que embelesa,<br \/>\nfalda tornasol.<\/p>\n<p style=\"text-align: center;\">Vuela, baila, vuela,<br \/>\npeque\u00f1a lib\u00e9lula.<\/p>\n<p style=\"text-align: center;\">Baila, vuela, baila,<br \/>\ndama colilarga.<\/p>\n<p style=\"text-align: center;\">Alas que son velas<br \/>\nal viento Levante.<br \/>\nDanza revoltosa,<br \/>\nulular silbante.<\/p>\n<p style=\"text-align: center;\">Baila la lib\u00e9lula<br \/>\ncon leve aleteo<br \/>\nse eleva en la brisa<br \/>\ny levanta el vuelo.<\/p>\n<h2>Curiosidades sobre las lib\u00e9lulas<\/h2>\n<p>Las lib\u00e9lulas son insectos que viven cerca de lagos, charcos, r\u00edos y tierras pantanosas, ya que los beb\u00e9s de lib\u00e9lula, cuando nacen, son acu\u00e1ticos. <strong>Las lib\u00e9lulas son uno de los insectos m\u00e1s fascinantes que existen.<\/strong> Vuelan a mucha velocidad y son capaces de ver en todas direcciones sin girar la cabeza. \u00a1Sus ojos se componen de 30 mil peque\u00f1as partes y cada una de ellas funciona como un solo ojo! \u00a1Alucinante!<\/p>\n<p>Las lib\u00e9lulas son insectos bastante grandes, \u00a1pero no te asustes! No pican y son s\u00faper bonitas, de vivos colores que brillan con el sol. Tan deslumbrantes son que a lo largo de los siglos se las ha venerado en muchas culturas, como en Jap\u00f3n. <strong>Los nativos americanos las consideraban sagradas y cre\u00edan que se alimentaban del propio viento.<\/strong><\/p>\n<p>Si te ha gustado este poema con aliteraci\u00f3n para ni\u00f1os <strong>tenemos muchas otras poes\u00edas, tiernas o muy divertidas.<\/strong> Puedes encontrarlas todas en nuestra p\u00e1gina de <a href=\"https:\/\/www.mumablue.com\/blog\/poesias-para-ninos-cortas\/\"><span style=\"color: #3366ff;\">Poemas infantiles<\/span><\/a>. \u00a1Si te gustan comp\u00e1rtelas con otros pap\u00e1s o con los profes de tu hijo! Seguro que te lo agradecer\u00e1n.<\/p>\n<p>Imagen:\u00a0<span style=\"color: #3366ff;\"><a style=\"color: #3366ff;\" href=\"https:\/\/www.freepik.es\/vector-gratis\/naturaleza-paisaje-hermoso-ilustracion-plana-valle-bosque-abetos-paisaje-turismo-naturaleza_12953555.htm#page=3&amp;query=lake&amp;position=4\" target=\"_blank\" rel=\"noopener noreferrer\">Fondo<\/a><\/span>\u00a0y\u00a0<a href=\"https:\/\/www.freepik.es\/vector-gratis\/errores-dibujos-animados-bebe-insecto-divertido-bicho-feliz-linda-mariquita_10722677.htm#page=2&amp;query=dragonfly&amp;position=4\"><span style=\"color: #3366ff;\">lib\u00e9lula<\/span><\/a>\u00a0obtenidas a trav\u00e9s de Freepik.<\/p>\n<div style='text-align:left' class='yasr-auto-insert-visitor'><\/div>","protected":false},"excerpt":{"rendered":"<p>Si est\u00e1s buscando un poema con aliteraci\u00f3n para ni\u00f1os con el que poder ense\u00f1ar de modo sencillo en qu\u00e9 consiste esta figura ret\u00f3rica, est\u00e1s en el lugar adecuado. En Mumablue hemos creado el poema \u00abEl baile de la lib\u00e9lula\u00bb y hemos jugado con la letra ele para construir unos versos repletos de sonoras aliteraciones. Adem\u00e1s, [&hellip;]<\/p>\n","protected":false},"author":6,"featured_media":0,"parent":0,"menu_order":0,"comment_status":"closed","ping_status":"closed","template":"","meta":{"yasr_overall_rating":0,"yasr_post_is_review":"","yasr_auto_insert_disabled":"","yasr_review_type":"BlogPosting"},"yasr_visitor_votes":{"number_of_votes":79,"sum_votes":362,"stars_attributes":{"read_only":false,"span_bottom":false}},"yoast_head":"<!-- This site is optimized with the Yoast SEO plugin v14.5 - https:\/\/yoast.com\/wordpress\/plugins\/seo\/ -->\n<meta name=\"description\" content=\"&quot;El baile de la lib\u00e9lula&quot; es un bello poema con aliteraci\u00f3n para ni\u00f1os. Pod\u00e9is leerlo, aprenderlo o escuchar su versi\u00f3n en audio, \u00a1con m\u00fasica de Copin!\" \/>\n<meta name=\"robots\" content=\"index, follow\" \/>\n<meta name=\"googlebot\" content=\"index, follow, max-snippet:-1, max-image-preview:large, max-video-preview:-1\" \/>\n<meta name=\"bingbot\" content=\"index, follow, max-snippet:-1, max-image-preview:large, max-video-preview:-1\" \/>\n<link rel=\"canonical\" href=\"https:\/\/www.mumablue.com\/blog\/poema-con-aliteracion-para-ninos-audiocuento\/\" \/>\n<meta property=\"og:locale\" content=\"es_ES\" \/>\n<meta property=\"og:type\" content=\"article\" \/>\n<meta property=\"og:title\" content=\"Poema con aliteraci\u00f3n para ni\u00f1os + audiocuento - Blog Mumablue\" \/>\n<meta property=\"og:description\" content=\"&quot;El baile de la lib\u00e9lula&quot; es un bello poema con aliteraci\u00f3n para ni\u00f1os. Pod\u00e9is leerlo, aprenderlo o escuchar su versi\u00f3n en audio, \u00a1con m\u00fasica de Copin!\" \/>\n<meta property=\"og:url\" content=\"https:\/\/www.mumablue.com\/blog\/poema-con-aliteracion-para-ninos-audiocuento\/\" \/>\n<meta property=\"og:site_name\" content=\"Blog Mumablue\" \/>\n<meta property=\"article:publisher\" content=\"https:\/\/www.facebook.com\/mumablue\/\" \/>\n<meta property=\"article:modified_time\" content=\"2021-10-29T11:07:44+00:00\" \/>\n<meta property=\"og:image\" content=\"https:\/\/www.mumablue.com\/blog\/wp-content\/uploads\/2021\/10\/El-baile-de-la-lib\u00e9lula_500.jpg\" \/>\n<meta name=\"twitter:card\" content=\"summary_large_image\" \/>\n<script type=\"application\/ld+json\" class=\"yoast-schema-graph\">{\"@context\":\"https:\/\/schema.org\",\"@graph\":[{\"@type\":\"Organization\",\"@id\":\"https:\/\/www.mumablue.com\/blog\/#organization\",\"name\":\"Mumablue\",\"url\":\"https:\/\/www.mumablue.com\/blog\/\",\"sameAs\":[\"https:\/\/www.facebook.com\/mumablue\/\",\"https:\/\/www.instagram.com\/mumablue\/?hl=es\"],\"logo\":{\"@type\":\"ImageObject\",\"@id\":\"https:\/\/www.mumablue.com\/blog\/#logo\",\"inLanguage\":\"es\",\"url\":\"https:\/\/www.mumablue.com\/blog\/wp-content\/uploads\/2020\/05\/Blog-Mumablue.png\",\"width\":749,\"height\":269,\"caption\":\"Mumablue\"},\"image\":{\"@id\":\"https:\/\/www.mumablue.com\/blog\/#logo\"}},{\"@type\":\"WebSite\",\"@id\":\"https:\/\/www.mumablue.com\/blog\/#website\",\"url\":\"https:\/\/www.mumablue.com\/blog\/\",\"name\":\"Blog Mumablue\",\"description\":\"Un blog de cuentos y audiocuentos gratis para ni\\u00f1os.\",\"publisher\":{\"@id\":\"https:\/\/www.mumablue.com\/blog\/#organization\"},\"potentialAction\":[{\"@type\":\"SearchAction\",\"target\":\"https:\/\/www.mumablue.com\/blog\/?s={search_term_string}\",\"query-input\":\"required name=search_term_string\"}],\"inLanguage\":\"es\"},{\"@type\":\"ImageObject\",\"@id\":\"https:\/\/www.mumablue.com\/blog\/poema-con-aliteracion-para-ninos-audiocuento\/#primaryimage\",\"inLanguage\":\"es\",\"url\":\"https:\/\/www.mumablue.com\/blog\/wp-content\/uploads\/2021\/10\/El-baile-de-la-lib\\u00e9lula_500.jpg\",\"width\":500,\"height\":500,\"caption\":\"poema con aliteraci\\u00f3n para ni\\u00f1os\"},{\"@type\":\"WebPage\",\"@id\":\"https:\/\/www.mumablue.com\/blog\/poema-con-aliteracion-para-ninos-audiocuento\/#webpage\",\"url\":\"https:\/\/www.mumablue.com\/blog\/poema-con-aliteracion-para-ninos-audiocuento\/\",\"name\":\"Poema con aliteraci\\u00f3n para ni\\u00f1os + audiocuento - Blog Mumablue\",\"isPartOf\":{\"@id\":\"https:\/\/www.mumablue.com\/blog\/#website\"},\"primaryImageOfPage\":{\"@id\":\"https:\/\/www.mumablue.com\/blog\/poema-con-aliteracion-para-ninos-audiocuento\/#primaryimage\"},\"datePublished\":\"2021-10-29T11:05:48+00:00\",\"dateModified\":\"2021-10-29T11:07:44+00:00\",\"description\":\"\\\"El baile de la lib\\u00e9lula\\\" es un bello poema con aliteraci\\u00f3n para ni\\u00f1os. Pod\\u00e9is leerlo, aprenderlo o escuchar su versi\\u00f3n en audio, \\u00a1con m\\u00fasica de Copin!\",\"inLanguage\":\"es\",\"potentialAction\":[{\"@type\":\"ReadAction\",\"target\":[\"https:\/\/www.mumablue.com\/blog\/poema-con-aliteracion-para-ninos-audiocuento\/\"]}]}]}<\/script>\n<!-- \/ Yoast SEO plugin. -->","_links":{"self":[{"href":"https:\/\/www.mumablue.com\/blog\/wp-json\/wp\/v2\/pages\/5145"}],"collection":[{"href":"https:\/\/www.mumablue.com\/blog\/wp-json\/wp\/v2\/pages"}],"about":[{"href":"https:\/\/www.mumablue.com\/blog\/wp-json\/wp\/v2\/types\/page"}],"author":[{"embeddable":true,"href":"https:\/\/www.mumablue.com\/blog\/wp-json\/wp\/v2\/users\/6"}],"replies":[{"embeddable":true,"href":"https:\/\/www.mumablue.com\/blog\/wp-json\/wp\/v2\/comments?post=5145"}],"version-history":[{"count":4,"href":"https:\/\/www.mumablue.com\/blog\/wp-json\/wp\/v2\/pages\/5145\/revisions"}],"predecessor-version":[{"id":5152,"href":"https:\/\/www.mumablue.com\/blog\/wp-json\/wp\/v2\/pages\/5145\/revisions\/5152"}],"wp:attachment":[{"href":"https:\/\/www.mumablue.com\/blog\/wp-json\/wp\/v2\/media?parent=5145"}],"curies":[{"name":"wp","href":"https:\/\/api.w.org\/{rel}","templated":true}]}}