{"id":4947,"date":"2021-09-27T17:08:11","date_gmt":"2021-09-27T17:08:11","guid":{"rendered":"https:\/\/mumablue.com\/blog\/?page_id=4947"},"modified":"2025-06-02T13:15:46","modified_gmt":"2025-06-02T13:15:46","slug":"cuento-sobre-el-tiempo-para-ninos-audiocuento-gratis","status":"publish","type":"page","link":"https:\/\/www.mumablue.com\/blog\/cuento-sobre-el-tiempo-para-ninos-audiocuento-gratis\/","title":{"rendered":"Cuento sobre el tiempo para ni\u00f1os + audiocuento gratis"},"content":{"rendered":"<p><img decoding=\"async\" loading=\"lazy\" class=\"alignnone size-full wp-image-4950\" src=\"https:\/\/www.mumablue.com\/blog\/wp-content\/uploads\/2021\/09\/Los-ladrones-de-tiempo-1.jpg\" alt=\"Cuento sobre el tiempo para ni\u00f1os\" width=\"500\" height=\"500\" srcset=\"https:\/\/www.mumablue.com\/blog\/wp-content\/uploads\/2021\/09\/Los-ladrones-de-tiempo-1.jpg 500w, https:\/\/www.mumablue.com\/blog\/wp-content\/uploads\/2021\/09\/Los-ladrones-de-tiempo-1-300x300.jpg 300w, https:\/\/www.mumablue.com\/blog\/wp-content\/uploads\/2021\/09\/Los-ladrones-de-tiempo-1-150x150.jpg 150w\" sizes=\"(max-width: 500px) 100vw, 500px\" \/><\/p>\n<p>Si buscabas un cuento sobre el tiempo para ni\u00f1os puede que hayas encontrado una opci\u00f3n diferente. Se trata de \u00abLos ladrones de tiempo\u00bb, <strong>una historia en la que los ni\u00f1os descubrir\u00e1n por qu\u00e9 es importante disfrutar del tiempo<\/strong> y c\u00f3mo hay actividades en la vida que nos lo roban.<\/p>\n<p>En este relato, tiempo es sin\u00f3nimo de vida. En \u00e9l, los malvados ladrones de tiempo se esconden en aquellas actividades cotidianas que no le aportan nada al alma, y, poco a poco, <strong>se hacen con el control absoluto del tiempo y la vida de las personas.<\/strong><\/p>\n<p>Si te apetece, puedes disfrutar de este cuento sobre el tiempo para ni\u00f1os<strong> en su versi\u00f3n \u00abaudiocuento\u00bb, en la que dos peques interact\u00faan con la narradora<\/strong> y se utilizan m\u00fasicas y efectos que sugieren el paso del tiempo.<\/p>\n<h6><script src=\"https:\/\/www.buzzsprout.com\/937792\/9267042-los-ladrones-de-tiempo.js?container_id=buzzsprout-player-9267042&#038;player=small\" type=\"text\/javascript\" charset=\"utf-8\"><\/script>M\u00fasicas CC 2.0 :\u00a0<span style=\"color: #3366ff;\"><a style=\"color: #3366ff;\" href=\"https:\/\/freepd.com\/comedy.php\" target=\"_blank\" rel=\"noopener noreferrer\">Night in the castle<\/a><\/span>\u00a0y\u00a0<span style=\"color: #3366ff;\"><a style=\"color: #3366ff;\" href=\"https:\/\/freepd.com\/misc.php\" target=\"_blank\" rel=\"noopener noreferrer\">Burning Trapezoid of fire<\/a><\/span>, por Kevin MacLeod.<br \/>\nM\u00fasicas CC 0:\u00a0<span style=\"color: #3366ff;\"><a style=\"color: #3366ff;\" href=\"https:\/\/freepd.com\/scoring.php\" target=\"_blank\" rel=\"noopener noreferrer\">Patron Saint of Heists<\/a><\/span>, por Bryan Tech;\u00a0<span style=\"color: #3366ff;\"><a style=\"color: #3366ff;\" href=\"https:\/\/freesound.org\/people\/kennysvoice\/sounds\/489367\/\" target=\"_blank\" rel=\"noopener noreferrer\">Clockit-30<\/a><\/span>, por Kennysvoice y\u00a0<span style=\"color: #3366ff;\"><a style=\"color: #3366ff;\" href=\"https:\/\/freepd.com\/Page2\/\" target=\"_blank\" rel=\"noopener noreferrer\">Dragon dance<\/a><\/span>, por Rafael Krux.<\/h6>\n<p><strong>Si prefieres leerle t\u00fa mismo este cuento sobre el tiempo para ni\u00f1os es una gran idea<\/strong>. \u00a1As\u00ed podr\u00e9is pasar juntos ese valioso tiempo del que se habla en el relato! Para que la experiencia sea a\u00fan m\u00e1s inmersiva, puedes dejar de fondo esta m\u00fasica mientras lo lees&#8230;<\/p>\n<p><iframe loading=\"lazy\" style=\"border-radius: 12px;\" src=\"https:\/\/open.spotify.com\/embed\/track\/5HuW227TALMdx9CBDV9la2?utm_source=generator\" width=\"600\" height=\"100\" frameborder=\"0\" allowfullscreen=\"allowfullscreen\"><span data-mce-type=\"bookmark\" style=\"display: inline-block; width: 0px; overflow: hidden; line-height: 0;\" class=\"mce_SELRES_start\">\ufeff<\/span><span data-mce-type=\"bookmark\" style=\"display: inline-block; width: 0px; overflow: hidden; line-height: 0;\" class=\"mce_SELRES_start\">\ufeff<\/span><\/iframe><\/p>\n<h2>Cuento sobre el tiempo para ni\u00f1os: Los ladrones de tiempo<\/h2>\n<p>\u00bfSab\u00e9is, ni\u00f1as y ni\u00f1os, qui\u00e9nes son los seres m\u00e1s peligrosos<br \/>\nde la tierra? Tal vez sean\u2026 \u00bflos duendes burlones? \u00bfLas brujas? \u00bfLos ogros, quiz\u00e1? Pues no. Ninguno de ellos le llega a la suela del zapato a las criaturas m\u00e1s peligrosas de la Tierra: hablamos de los ladrones de tiempo.<\/p>\n<p>La buena noticia es que no deb\u00e9is temer nada de ellos. Todav\u00eda es pronto. Los ladrones de tiempo tienen el cuello r\u00edgido y no ven por debajo de su nariz. De manera que no pueden robarle a los ni\u00f1os su tiempo, sencillamente porque no los ven.<\/p>\n<p>&#8211; \u00bfEntonces por qu\u00e9 son tan peligrosos, mam\u00e1? -pregunt\u00f3 la peque\u00f1a Alejandra.<\/p>\n<p>El problema viene cuando los ni\u00f1os crecen y se colocan a la altura de los ojos de los ladrones de tiempo. Entonces estos comienzan a robarles primero minutos; luego, horas; despu\u00e9s, d\u00edas. Hasta que una ma\u00f1ana cualquiera, la persona se da cuenta de que los ladrones de tiempo le han robado la vida entera.<\/p>\n<p>&#8211; Yo nunca he visto un ladr\u00f3n de tiempo -inform\u00f3 Pedrito.<\/p>\n<p>Eso es porque los ladrones de tiempo se esconden en diferentes sitios para que no los veamos. Por ejemplo en los vagones de metro de las grandes ciudades, tras la pantalla del televisor, en las colas de los supermercados o dentro de los tel\u00e9fonos m\u00f3viles. Sin embargo, nunca encontrar\u00e9is un ladr\u00f3n de tiempo viviendo entre las p\u00e1ginas de un libro, en una mochila de excursionista, dentro de una tarta de cumplea\u00f1os o en el interior de un juguete. \u00a1Odian esos lugares porque desde ah\u00ed no pueden robarnos el tiempo! Tampoco a los mayores.<\/p>\n<p>&#8211; \u00a1Venga ya! Te lo est\u00e1s inventando. Los ladrones de tiempo no existen -se burl\u00f3 Alejandra.<\/p>\n<p>\u00bfEso crees? Os voy a contar una historia que ocurri\u00f3 de verdad, para que ve\u00e1is lo peligrosos que son estos ladrones de tiempo. Es la historia de la se\u00f1orita Fading.<\/p>\n<p>La se\u00f1orita Fading viv\u00eda en una peque\u00f1a aldea entre dos monta\u00f1as. Su casa ten\u00eda un huerto donde cultivaba verduras y hortalizas. Tambi\u00e9n ten\u00edan una vaquita que le daba leche y un pu\u00f1ado de gallinas que pon\u00edan huevos. La se\u00f1orita Fading obten\u00eda de su peque\u00f1a granja todo lo necesario para comer y lo que le sobraba lo vend\u00eda en el mercado y se sacaba un poco de dinero. No era mucho, pero suficiente para comprar todo lo que necesitaba, como pan o jab\u00f3n.<\/p>\n<p>&#8211; \u00bfNo necesitaba ropa, mam\u00e1?<\/p>\n<p>&#8211; S\u00ed, pero ella misma se cos\u00eda sus blusas y se tej\u00eda sus jers\u00e9is.<\/p>\n<p>&#8211; \u00bfY tampoco pod\u00eda comprar un coche?<\/p>\n<p>&#8211; No le hac\u00eda falta. Las distancias eran muy cortas y se apa\u00f1aba con una bicicleta. Dejadme, dejadme seguir.<\/p>\n<p>La se\u00f1orita Fading viv\u00eda feliz, pero poco a poco, la gente se empez\u00f3 a marchar a la ciudad y la aldea se fue quedando sin vecinos.<\/p>\n<p>&#8211; \u00bfPor qu\u00e9 quer\u00edan vivir en la ciudad? -interrumpi\u00f3 de nuevo Alejandra.<\/p>\n<p>&#8211; Pues supongo que para poder comprarse m\u00e1s ropa y un coche -sentenci\u00f3 Pedrito.<\/p>\n<p>&#8211; \u00bfPara qu\u00e9? \u00a1Si no los necesitaban! \u00bfVerdad, mam\u00e1?<\/p>\n<p>Lleg\u00f3 un d\u00eda en el que la se\u00f1orita Fading se qued\u00f3 sola en la aldea. Cerr\u00f3 la peque\u00f1a tienda donde compraba el pan y el jab\u00f3n. Las calles se quedaron desiertas y \u00fanicamente hablaba con su vaca y sus gallinas. Hasta que un d\u00eda no pudo aguantar m\u00e1s. La se\u00f1orita Fading hizo las maletas, llev\u00f3 a sus animales a una protectora, cerr\u00f3 la puerta de su casita con llave y se march\u00f3 a la ciudad a trabajar como recepcionista de un hotel.<\/p>\n<p>El hotel estaba en un barrio muy c\u00e9ntrico de la ciudad, pero la se\u00f1orita Fading no ten\u00eda dinero suficiente para pagar un alquiler en esa zona, de modo que se instal\u00f3 en una peque\u00f1a buhardilla en las afueras. Estaba lej\u00edsimos de su trabajo, as\u00ed que todas las ma\u00f1anas deb\u00eda coger un autob\u00fas y hacer una hora de viaje para llegar hasta el hotel. En ese autob\u00fas es donde se encontr\u00f3 con el primer ladr\u00f3n de tiempo.<\/p>\n<p>&#8211; \u00bfY c\u00f3mo era, mam\u00e1? \u00bfD\u00f3nde lo vio? -pregunt\u00f3 Alejandra con gran curiosidad.<\/p>\n<p>&#8211; No lo vio. Estaba escondido bajo el asiento del autob\u00fas&#8230;<\/p>\n<p>Pasaron los d\u00edas, las semanas y los meses. Y, en cada viaje en autob\u00fas, all\u00ed estaba el ladr\u00f3n de tiempo, al acecho. La se\u00f1orita Fading, que era muy simp\u00e1tica, se hab\u00eda hecho amiga de sus compa\u00f1eras de trabajo y sal\u00edan de vez en cuando a pasear, al cine o a tomar una Coca-cola. Pero un buen d\u00eda, un nuevo ladr\u00f3n de tiempo se fue a vivir entre los cojines del sof\u00e1 de la se\u00f1orita Fading. Ya no le apetec\u00eda tanto quedar con sus amigas, prefer\u00eda pasar las tardes recostada en el sof\u00e1 comiendo patatas fritas y helado. As\u00ed que, poco a poco, fue perdiendo el \u00e1nimo\u2026 \u00a1y tambi\u00e9n la forma!<\/p>\n<p>&#8211; \u00a1Entonces, si te comes un ladr\u00f3n de tiempo, engordas! -dedujo Alejandra.<\/p>\n<p>&#8211; \u00bfSe pueden comer los ladrones de tiempo, mam\u00e1? -intervino Pedrito, con los ojos como platos.<\/p>\n<p>Unos meses despu\u00e9s, apareci\u00f3 en el mundo un invento revolucionario. \u00a1Los tel\u00e9fonos con internet! Cuando la se\u00f1orita Fading se compr\u00f3 uno no se dio cuenta de que dentro llevaba oculto otro ladr\u00f3n de tiempo. Pasaba todo el rato escribiendo mensajes, leyendo noticias, jugando a juegos\u2026 Ya apenas sal\u00eda de casa para nada, excepto para ir a trabajar al hotel donde, por cierto, viv\u00eda otro ladr\u00f3n de tiempo escondido en el armario de las s\u00e1banas limpias.<\/p>\n<p>Diez a\u00f1os despu\u00e9s de que llegara a la gran ciudad, la se\u00f1orita Fading comenz\u00f3 a sentirse muy sola. Hac\u00eda much\u00edsimo tiempo que hab\u00eda dejado de salir a divertirse y conocer gente. Pens\u00f3 en volver a quedar de nuevo con sus amigas del trabajo, pero no ten\u00eda tiempo. Fantase\u00f3 con la idea de conocer un chico del que enamorarse, pero claro, eso le llevar\u00eda un tiempo. Valor\u00f3 la posibilidad de apuntarse a clases de baile, pero \u00bfde d\u00f3nde sacar\u00eda el tiempo? Imagin\u00f3 que podr\u00eda escribir un libro, pero tampoco encontraba tiempo. \u00a1Incluso se le ocurri\u00f3 que tal vez podr\u00eda adoptar un ni\u00f1o!<\/p>\n<p>&#8211; \u00a1Pero pens\u00f3 que los ni\u00f1os vienen con un ladr\u00f3n de tiempo debajo del brazo! \u00bfA que s\u00ed? -ri\u00f3 Pedrito.<\/p>\n<p>&#8211; Exacto. Eso es, precisamente, lo que la se\u00f1orita Fading crey\u00f3, sin saber que ocurre todo lo contrario.\u00a0Los ladrones de tiempo no ven a los ni\u00f1os, acordaos de que no pueden mirar por debajo de su nariz. As\u00ed que los ni\u00f1os disponen de todo el tiempo del mundo para compartir con sus pap\u00e1s. Cuando alguien est\u00e1 en compa\u00f1\u00eda de un ni\u00f1o, los ladrones de tiempo desaparecen.<\/p>\n<p>Un d\u00eda, la se\u00f1orita Fading vio en un escaparate un televisor muy moderno y muy grande. Pens\u00f3 que ser\u00eda estupendo poder ver sus programas de televisi\u00f3n favoritos en aquella pantalla gigantesca. Pero era muy caro, as\u00ed que pidi\u00f3 a su jefe poder trabajar horas extra en el hotel. En el sobrecito donde recibi\u00f3 el dinero por esas horas de m\u00e1s iba otro ladr\u00f3n de tiempo. En la tele ven\u00eda escondido otro ladr\u00f3n de tiempo. Nada m\u00e1s encenderla, vio el anuncio de un tel\u00e9fono \u00faltimo modelo y se encaprich\u00f3 de \u00e9l, de modo que trabaj\u00f3 m\u00e1s horas extra. Sal\u00eda tan tarde del hotel que deb\u00eda coger un tren nocturno para volver a casa que hac\u00eda paradas por toda la ciudad.<\/p>\n<p>&#8211; \u00bfAdivin\u00e1is qui\u00e9n era el maquinista?<\/p>\n<p>&#8211; \u00a1Un ladr\u00f3n de tiempo! -aventur\u00f3 Alejandra, dando un respingo.<\/p>\n<p>&#8211; Efectivamente.<\/p>\n<p>Pasaron las semanas, los meses, los a\u00f1os&#8230; Pas\u00f3 todo el tiempo que la se\u00f1orita Fading no ten\u00eda porque se lo estaban robando. Y le pas\u00f3 por delante de las narices sin que se diera cuenta. Hasta que una ma\u00f1ana la se\u00f1orita Fading comenz\u00f3 a desvanecerse. Sin m\u00e1s. Su carne se volvi\u00f3 transparente poco a poco y un buen d\u00eda desapareci\u00f3. Los ladrones de tiempo se lo hab\u00edan arrebatado todo. Nadie la ech\u00f3 de menos.<\/p>\n<p>&#8211; \u00bfNi siquiera en el hotel? -pregunt\u00f3 Pedrito.<\/p>\n<p>&#8211; Ni siquiera. Al ver que no aparec\u00eda, el due\u00f1o contrat\u00f3 a otra persona. As\u00ed de sencillo.<\/p>\n<p>&#8211; \u00a1Qu\u00e9 historia m\u00e1s triste!<\/p>\n<p>Ya veis, ni\u00f1os, lo peligrosos que son los ladrones de tiempo. Vosotros a\u00fan est\u00e1is a salvo, pero cuando se\u00e1is lo suficientemente grandes como para llegarles a la altura de la nariz deb\u00e9is andaros con cuidado y no bajar la guardia. Los ladrones de tiempo est\u00e1n por todas partes deseando arrebatarle a la gente las mejores horas de su vida.<\/p>\n<h2>M\u00e1s cuentos para reflexionar, gratis o personalizados<\/h2>\n<p>Si te ha gustado este cuento sobre el tiempo para ni\u00f1os puedes encontrar muchos m\u00e1s en nuestra pagina de <span style=\"color: #3366ff;\"><a style=\"color: #3366ff;\" href=\"https:\/\/www.mumablue.com\/blog\/cuentos-infantiles-para-leer-cortos-gratis\/\">cuentos infantiles para leer<\/a><\/span>&#8230; <strong>Descubrir\u00e1 cuentos ricos en valores, divertidos, fant\u00e1sticos, teatralizados&#8230;<\/strong><\/p>\n<p>Todos nuestros cuentos gratis para leer est\u00e1n pensados para que tu peque pueda reflexionar sobre aspectos de la vida que ya le afectan, siempre con un lenguaje sencillo y <strong>llenos de sorpresas y maravillosos personajes<\/strong>: un pirata que no encuentra una isla perdida porque cuando la encuentra deja de estar perdida, un peque\u00f1o fara\u00f3n todopoderoso hasta que llega su mam\u00e1 a ponerle firme, una ping\u00fcina que sue\u00f1a con abandonar la Ant\u00e1rtida y conocer el mundo de colores, un unicornio que ha perdido su <em>cuerno de leche<\/em>&#8230;\u00a0 \u00a1Las propuestas son interminables y muy divertidas!<\/p>\n<p><strong>\u00bfLo mejor? Que todos y cada uno de nuestros cuentos para escuchar<\/strong>, al igual que este cuento sobre el tiempo para ni\u00f1os, cuentan con su correspondiente audiocuento totalmente gratis. \u00a1Desc\u00fabrelos! Y, si te gustan, no olvides compartirlos con otros pap\u00e1s y mam\u00e1s. \u00a1Ah! Y no te olvides de nuestros <a href=\"https:\/\/www.mumablue.com\/blog\/poesias-para-ninos-cortas\/\"><span style=\"color: #3366ff;\">poemas infantiles<\/span><\/a>. \u00a1Los favoritos de los ni\u00f1os!<\/p>\n<p><strong>Mumablue es una marca de cuentos personalizados para ni\u00f1os<\/strong> que tiene como misi\u00f3n despertar en los m\u00e1s peque\u00f1os el amor por la lectura. Conoce <span style=\"color: #3366ff;\"><a style=\"color: #3366ff;\" href=\"https:\/\/www.mumablue.com\/esp\/nuestros-cuentos-personalizados?utm_source=blog&amp;utm_medium=link&amp;utm_campaign=p\u00e1ginas-audiocuentos&amp;utm_content=cuento-sobre-tiempo\" target=\"_blank\" rel=\"noopener noreferrer\">nuestros cuentos personalizados<\/a><\/span> y hazle un regalo \u00fanico e inolvidable.<\/p>\n<p>Imagen Freepik: <a href=\"https:\/\/www.freepik.es\/vector-gratis\/ciudad-abandonada-fantasmas-caminando-oscuridad_15205220.htm#page=1&amp;query=hombres%20misteriosos&amp;position=18\" target=\"_blank\" rel=\"noopener noreferrer\"><span style=\"color: #3366ff;\">Fondo<\/span><\/a>, <span style=\"color: #3366ff;\"><a style=\"color: #3366ff;\" href=\"https:\/\/www.freepik.es\/vector-gratis\/personajes-halloween-miedo-fantasma-zombie_16957064.htm#page=1&amp;query=scary%20creatures&amp;position=48\" target=\"_blank\" rel=\"noopener noreferrer\">fantasma<\/a><\/span>, <a href=\"https:\/\/www.freepik.es\/vector-gratis\/coleccion-dibujos-animados-muebles-casa-blanca_3823980.htm#page=1&amp;query=reloj%20de%20p%C3%A9ndulo&amp;position=3\" target=\"_blank\" rel=\"noopener noreferrer\"><span style=\"color: #3366ff;\">reloj<\/span><\/a><\/p>\n<div style='text-align:left' class='yasr-auto-insert-visitor'><\/div>","protected":false},"excerpt":{"rendered":"<p>Si buscabas un cuento sobre el tiempo para ni\u00f1os puede que hayas encontrado una opci\u00f3n diferente. Se trata de \u00abLos ladrones de tiempo\u00bb, una historia en la que los ni\u00f1os descubrir\u00e1n por qu\u00e9 es importante disfrutar del tiempo y c\u00f3mo hay actividades en la vida que nos lo roban. En este relato, tiempo es sin\u00f3nimo [&hellip;]<\/p>\n","protected":false},"author":6,"featured_media":0,"parent":0,"menu_order":0,"comment_status":"closed","ping_status":"closed","template":"","meta":{"yasr_overall_rating":0,"yasr_post_is_review":"","yasr_auto_insert_disabled":"","yasr_review_type":""},"yasr_visitor_votes":{"number_of_votes":22,"sum_votes":102,"stars_attributes":{"read_only":false,"span_bottom":false}},"yoast_head":"<!-- This site is optimized with the Yoast SEO plugin v14.5 - https:\/\/yoast.com\/wordpress\/plugins\/seo\/ -->\n<meta name=\"description\" content=\"&quot;Los ladrones de tiempo&quot; es un cuento sobre el tiempo para ni\u00f1os se ense\u00f1a a gastar el tiempo en aquellas cosas que le aportan al alma. \u00a1Audiocuento gratis!\" \/>\n<meta name=\"robots\" content=\"index, follow\" \/>\n<meta name=\"googlebot\" content=\"index, follow, max-snippet:-1, max-image-preview:large, max-video-preview:-1\" \/>\n<meta name=\"bingbot\" content=\"index, follow, max-snippet:-1, max-image-preview:large, max-video-preview:-1\" \/>\n<link rel=\"canonical\" href=\"https:\/\/www.mumablue.com\/blog\/cuento-sobre-el-tiempo-para-ninos-audiocuento-gratis\/\" \/>\n<meta property=\"og:locale\" content=\"es_ES\" \/>\n<meta property=\"og:type\" content=\"article\" \/>\n<meta property=\"og:title\" content=\"Cuento sobre el tiempo para ni\u00f1os + audiocuento gratis - Blog Mumablue\" \/>\n<meta property=\"og:description\" content=\"&quot;Los ladrones de tiempo&quot; es un cuento sobre el tiempo para ni\u00f1os se ense\u00f1a a gastar el tiempo en aquellas cosas que le aportan al alma. \u00a1Audiocuento gratis!\" \/>\n<meta property=\"og:url\" content=\"https:\/\/www.mumablue.com\/blog\/cuento-sobre-el-tiempo-para-ninos-audiocuento-gratis\/\" \/>\n<meta property=\"og:site_name\" content=\"Blog Mumablue\" \/>\n<meta property=\"article:publisher\" content=\"https:\/\/www.facebook.com\/mumablue\/\" \/>\n<meta property=\"article:modified_time\" content=\"2025-06-02T13:15:46+00:00\" \/>\n<meta property=\"og:image\" content=\"https:\/\/www.mumablue.com\/blog\/wp-content\/uploads\/2021\/09\/Los-ladrones-de-tiempo-1.jpg\" \/>\n<meta name=\"twitter:card\" content=\"summary_large_image\" \/>\n<script type=\"application\/ld+json\" class=\"yoast-schema-graph\">{\"@context\":\"https:\/\/schema.org\",\"@graph\":[{\"@type\":\"Organization\",\"@id\":\"https:\/\/www.mumablue.com\/blog\/#organization\",\"name\":\"Mumablue\",\"url\":\"https:\/\/www.mumablue.com\/blog\/\",\"sameAs\":[\"https:\/\/www.facebook.com\/mumablue\/\",\"https:\/\/www.instagram.com\/mumablue\/?hl=es\"],\"logo\":{\"@type\":\"ImageObject\",\"@id\":\"https:\/\/www.mumablue.com\/blog\/#logo\",\"inLanguage\":\"es\",\"url\":\"https:\/\/www.mumablue.com\/blog\/wp-content\/uploads\/2020\/05\/Blog-Mumablue.png\",\"width\":749,\"height\":269,\"caption\":\"Mumablue\"},\"image\":{\"@id\":\"https:\/\/www.mumablue.com\/blog\/#logo\"}},{\"@type\":\"WebSite\",\"@id\":\"https:\/\/www.mumablue.com\/blog\/#website\",\"url\":\"https:\/\/www.mumablue.com\/blog\/\",\"name\":\"Blog Mumablue\",\"description\":\"Un blog de cuentos y audiocuentos gratis para ni\\u00f1os.\",\"publisher\":{\"@id\":\"https:\/\/www.mumablue.com\/blog\/#organization\"},\"potentialAction\":[{\"@type\":\"SearchAction\",\"target\":\"https:\/\/www.mumablue.com\/blog\/?s={search_term_string}\",\"query-input\":\"required name=search_term_string\"}],\"inLanguage\":\"es\"},{\"@type\":\"ImageObject\",\"@id\":\"https:\/\/www.mumablue.com\/blog\/cuento-sobre-el-tiempo-para-ninos-audiocuento-gratis\/#primaryimage\",\"inLanguage\":\"es\",\"url\":\"https:\/\/www.mumablue.com\/blog\/wp-content\/uploads\/2021\/09\/Los-ladrones-de-tiempo-1.jpg\",\"width\":500,\"height\":500,\"caption\":\"Cuento sobre el tiempo para ni\\u00f1os\"},{\"@type\":\"WebPage\",\"@id\":\"https:\/\/www.mumablue.com\/blog\/cuento-sobre-el-tiempo-para-ninos-audiocuento-gratis\/#webpage\",\"url\":\"https:\/\/www.mumablue.com\/blog\/cuento-sobre-el-tiempo-para-ninos-audiocuento-gratis\/\",\"name\":\"Cuento sobre el tiempo para ni\\u00f1os + audiocuento gratis - Blog Mumablue\",\"isPartOf\":{\"@id\":\"https:\/\/www.mumablue.com\/blog\/#website\"},\"primaryImageOfPage\":{\"@id\":\"https:\/\/www.mumablue.com\/blog\/cuento-sobre-el-tiempo-para-ninos-audiocuento-gratis\/#primaryimage\"},\"datePublished\":\"2021-09-27T17:08:11+00:00\",\"dateModified\":\"2025-06-02T13:15:46+00:00\",\"description\":\"\\\"Los ladrones de tiempo\\\" es un cuento sobre el tiempo para ni\\u00f1os se ense\\u00f1a a gastar el tiempo en aquellas cosas que le aportan al alma. \\u00a1Audiocuento gratis!\",\"inLanguage\":\"es\",\"potentialAction\":[{\"@type\":\"ReadAction\",\"target\":[\"https:\/\/www.mumablue.com\/blog\/cuento-sobre-el-tiempo-para-ninos-audiocuento-gratis\/\"]}]}]}<\/script>\n<!-- \/ Yoast SEO plugin. -->","_links":{"self":[{"href":"https:\/\/www.mumablue.com\/blog\/wp-json\/wp\/v2\/pages\/4947"}],"collection":[{"href":"https:\/\/www.mumablue.com\/blog\/wp-json\/wp\/v2\/pages"}],"about":[{"href":"https:\/\/www.mumablue.com\/blog\/wp-json\/wp\/v2\/types\/page"}],"author":[{"embeddable":true,"href":"https:\/\/www.mumablue.com\/blog\/wp-json\/wp\/v2\/users\/6"}],"replies":[{"embeddable":true,"href":"https:\/\/www.mumablue.com\/blog\/wp-json\/wp\/v2\/comments?post=4947"}],"version-history":[{"count":6,"href":"https:\/\/www.mumablue.com\/blog\/wp-json\/wp\/v2\/pages\/4947\/revisions"}],"predecessor-version":[{"id":7600,"href":"https:\/\/www.mumablue.com\/blog\/wp-json\/wp\/v2\/pages\/4947\/revisions\/7600"}],"wp:attachment":[{"href":"https:\/\/www.mumablue.com\/blog\/wp-json\/wp\/v2\/media?parent=4947"}],"curies":[{"name":"wp","href":"https:\/\/api.w.org\/{rel}","templated":true}]}}