{"id":4889,"date":"2021-09-21T16:44:48","date_gmt":"2021-09-21T16:44:48","guid":{"rendered":"https:\/\/mumablue.com\/blog\/?page_id=4889"},"modified":"2025-06-02T13:14:48","modified_gmt":"2025-06-02T13:14:48","slug":"cuento-para-adaptarse-al-colegio-audiocuento-gratis","status":"publish","type":"page","link":"https:\/\/www.mumablue.com\/blog\/cuento-para-adaptarse-al-colegio-audiocuento-gratis\/","title":{"rendered":"Cuento para adaptarse al colegio + audiocuento gratis"},"content":{"rendered":"<p><img decoding=\"async\" loading=\"lazy\" class=\"alignnone size-full wp-image-4894\" src=\"https:\/\/www.mumablue.com\/blog\/wp-content\/uploads\/2021\/09\/El-nuevo-cole-2.jpg\" alt=\"Cuento para adaptarse al colegio\" width=\"500\" height=\"500\" srcset=\"https:\/\/www.mumablue.com\/blog\/wp-content\/uploads\/2021\/09\/El-nuevo-cole-2.jpg 500w, https:\/\/www.mumablue.com\/blog\/wp-content\/uploads\/2021\/09\/El-nuevo-cole-2-300x300.jpg 300w, https:\/\/www.mumablue.com\/blog\/wp-content\/uploads\/2021\/09\/El-nuevo-cole-2-150x150.jpg 150w\" sizes=\"(max-width: 500px) 100vw, 500px\" \/><\/p>\n<p>Sois muchos los pap\u00e1s que busc\u00e1is <strong>cuentos para adaptarse al colegio y ayudar a los m\u00e1s peques<\/strong> a darse cuenta de que un nuevo cole es un lugar maravilloso lleno de extraordinarias aventuras. Por eso hemos creado este cuento para adaptarse al colegio, para que os sirva de ayuda tanto a padres como a profesores.<\/p>\n<p><strong>\u00abEl cole nuevo\u00bb es una propuesta sorprendente y rompedora<\/strong>, que se aleja de la argumentaci\u00f3n cl\u00e1sica a la hora de abordar el problema. En su lugar hace un planteamiento en el que, tras un giro de punto de vista, el ni\u00f1o descubrir\u00e1 que sus temores son tan absurdos como habituales.<\/p>\n<p>Adem\u00e1s, <strong>puedes disfrutar de su versi\u00f3n en audiocuento<\/strong>, donde las m\u00fasicas y los efectos sonoros se combinan creando una atm\u00f3sfera acorde con la percepci\u00f3n del ni\u00f1o. \u00a1No dejes de escuchar este cuento para adaptarse al colegio!<\/p>\n<h6><script src=\"https:\/\/www.buzzsprout.com\/937792\/9227366-el-cole-nuevo.js?container_id=buzzsprout-player-9227366&#038;player=small\" type=\"text\/javascript\" charset=\"utf-8\"><\/script>M\u00fasicas CC 2.0:\u00a0<span style=\"color: #3366ff;\"><a style=\"color: #3366ff;\" href=\"https:\/\/freemusicarchive.org\/music\/Kevin_MacLeod\" target=\"_blank\" rel=\"noopener noreferrer\">Carefree<\/a><\/span>\u00a0y\u00a0<span style=\"color: #3366ff;\"><a style=\"color: #3366ff;\" href=\"https:\/\/freemusicarchive.org\/music\/Kevin_MacLeod\" target=\"_blank\" rel=\"noopener noreferrer\">Gagool<\/a><\/span>, por Kevin MacLeod.<\/h6>\n<blockquote>\n<h3 style=\"text-align: center;\"><span style=\"color: #800080;\">\u00bfTe preocupa el acoso escolar?<\/span><\/h3>\n<h2 style=\"text-align: center;\"><span style=\"color: #800080;\">\u00a1Este <span style=\"color: #3366ff;\"><a style=\"color: #3366ff;\" href=\"https:\/\/www.mumablue.com\/blog\/cuento-contra-el-bullying-audiocuento-gratis\/\" target=\"_blank\" rel=\"noopener noreferrer\">cuento sobre el bullying<\/a><\/span> ense\u00f1a a identificarlo!<\/span><\/h2>\n<\/blockquote>\n<p>Si lo prefieres, este cuento para adaptarse al colegio se lo puedes leer t\u00fa directamente. Para que la experiencia sea m\u00e1s m\u00e1gica, <strong>puedes hacer sonar de fondo esta m\u00fasica<\/strong> que te facilitamos.<\/p>\n<p><iframe style=\"border: 0; width: 100%; height: 42px;\" src=\"https:\/\/bandcamp.com\/EmbeddedPlayer\/album=2998382470\/size=small\/bgcol=ffffff\/linkcol=0687f5\/track=2078570968\/transparent=true\/\" seamless=\"\"><a href=\"https:\/\/alexandernakarada.bandcamp.com\/album\/2-cinematic\">2. Cinematic by Alexander Nakarada<\/a><\/iframe><\/p>\n<h2>Cuento para adaptarse al colegio: \u00abEl cole nuevo\u00bb<\/h2>\n<p><span style=\"font-weight: 400;\">Aquella ma\u00f1ana, cuando Alba se despert\u00f3, not\u00f3 como si un mill\u00f3n de hormigas se pasearan por su est\u00f3mago. Abri\u00f3 los ojos de par en par y salt\u00f3 de la cama. \u00a1Estaba muy nerviosa porque empezaba en un nuevo colegio!\u00a0<\/span><\/p>\n<p><span style=\"font-weight: 400;\">Durante el desayuno, apenas pronunci\u00f3 palabra alguna. Solo pod\u00eda imaginar c\u00f3mo ser\u00eda su nuevo cole, sus nuevos compa\u00f1eros, si los ni\u00f1os y las ni\u00f1as ser\u00edan cari\u00f1osos con ella, si le gustar\u00eda su aula, si la comida estar\u00eda rica\u2026<\/span><\/p>\n<p><span style=\"font-weight: 400;\">&#8211; V\u00e1monos ya o llegar\u00e1s tarde el primer d\u00eda.<\/span><\/p>\n<p><span style=\"font-weight: 400;\">Alba se calz\u00f3, agarr\u00f3 un estuche y una agenda y sali\u00f3 por la puerta.<\/span><\/p>\n<p><span style=\"font-weight: 400;\">Al entrar en el colegio la invadi\u00f3 una sensaci\u00f3n muy extra\u00f1a: todo era desconocido para ella y el edificio le pareci\u00f3 inmenso, casi aterrador. Muchos de los ni\u00f1os que iban hacia sus aulas en ese momento la miraron con curiosidad. Pero ninguno le dijo nada. A Alba le parecieron peque\u00f1os monstruitos que se re\u00edan de forma horripilante.<\/span><\/p>\n<p><span style=\"font-weight: 400;\">Fue la directora de su nuevo cole la que le indic\u00f3 a Alba cu\u00e1l ser\u00eda su aula. Como era su primer d\u00eda, la acompa\u00f1\u00f3 y se la present\u00f3 a la clase. Los ni\u00f1os la miraban con ojos penetrantes. Alba estaba muy asustada. Tem\u00eda equivocarse, fallar, y que se rieran de ella.<\/span><\/p>\n<p><span style=\"font-weight: 400;\">Cuando la directora se march\u00f3, Alba se sent\u00f3. No sab\u00eda por d\u00f3nde empezar. No conoc\u00eda a nadie. No recordaba absolutamente nada: ni de lengua, ni de matem\u00e1ticas\u2026 era como si todo lo aprendido se hubiera borrado de su mente. Pensaba que este nuevo cole era much\u00edsimo peor que su antiguo cole.<\/span><\/p>\n<p><span style=\"font-weight: 400;\">A la hora del recreo Alba no sali\u00f3 al patio. Se qued\u00f3 en clase repasando sus tareas y ojeando los libros de texto. \u00a1No quer\u00eda juntarse con nadie! Le daba mucha verg\u00fcenza. Pensaba que sus nuevos compa\u00f1eros empezar\u00edan a hacerle preguntas y Alba no ten\u00eda ganas de hablar. \u00a1Solo ten\u00eda ganas de gritar y de salir corriendo de ese lugar!<\/span><\/p>\n<p><span style=\"font-weight: 400;\">Por fin, tras una jornada que a Alba le pareci\u00f3 una eternidad, son\u00f3 el timbre. No le gustaba nada su nuevo cole: los ni\u00f1os le parec\u00edan seres monstruosos, aterradores. Tambi\u00e9n la directora, quien le hab\u00eda dado un mont\u00f3n de instrucciones que no comprend\u00eda.<\/span><\/p>\n<p><span style=\"font-weight: 400;\">Una vez en casa, se dispuso a tumbarse en el sof\u00e1 y relajarse, olvidarse de lo odioso que hab\u00eda sido su primer d\u00eda de cole. Tan solo ten\u00eda ganas de dormir, de desaparecer\u2026 Entonces son\u00f3 el tel\u00e9fono.<\/span><\/p>\n<p><span style=\"font-weight: 400;\">&#8211; Hola, mam\u00e1\u2026<\/span><\/p>\n<p><span style=\"font-weight: 400;\">&#8211; \u00bfQu\u00e9 tal tu primer d\u00eda, hija\u2026?<\/span><\/p>\n<p><span style=\"font-weight: 400;\">&#8211; Muy mal. \u00a1Ha sido horrible! \u00a1Ma\u00f1ana no quiero volver! \u00a1Ni pasado! \u00a1No quiero ir al cole nunca m\u00e1s!<\/span><\/p>\n<p><span style=\"font-weight: 400;\">&#8211; Pero Alba, eso no es posible. Sabes que hay que ir al colegio\u2026<\/span><\/p>\n<p><span style=\"font-weight: 400;\">&#8211; \u00a1No quiero, mam\u00e1!<\/span><\/p>\n<p><span style=\"font-weight: 400;\">&#8211; \u00a1Alba! \u00a1Hay que ir, y punto!<\/span><\/p>\n<p><span style=\"font-weight: 400;\">&#8211; Pero mam\u00e1, no lo entiendo\u2026 \u00bfpor qu\u00e9 tengo que ir al colegio?<\/span><\/p>\n<p><span style=\"font-weight: 400;\">&#8211; \u00bfQue por qu\u00e9? \u00bfDe verdad me est\u00e1s preguntando eso? Tienes que ir al cole porque tienes 40 a\u00f1os y eres la maestra.<\/span><\/p>\n<p><a href=\"https:\/\/www.mumablue.com\/esp\/nuestros-cuentos-personalizados\/aventuras-en-alaska?utm_source=blog&amp;utm_medium=banner&amp;utm_campaign=p\u00e1ginas-audiocuentos&amp;utm_content=cuento-adaptarse-colegio\"><img decoding=\"async\" loading=\"lazy\" class=\"alignnone size-full wp-image-7596\" src=\"https:\/\/www.mumablue.com\/blog\/wp-content\/uploads\/2025\/06\/Cuento-contra-el-bullying.jpg\" alt=\"\" width=\"715\" height=\"162\" srcset=\"https:\/\/www.mumablue.com\/blog\/wp-content\/uploads\/2025\/06\/Cuento-contra-el-bullying.jpg 715w, https:\/\/www.mumablue.com\/blog\/wp-content\/uploads\/2025\/06\/Cuento-contra-el-bullying-300x68.jpg 300w, https:\/\/www.mumablue.com\/blog\/wp-content\/uploads\/2025\/06\/Cuento-contra-el-bullying-624x141.jpg 624w\" sizes=\"(max-width: 715px) 100vw, 715px\" \/><\/a><\/p>\n<h2>Expl\u00edcale a tu hijo por qu\u00e9 le ocurre esto<\/h2>\n<p><span style=\"font-weight: 400;\">A todas las personas, grandes y peque\u00f1as, nos asusta lo desconocido. No importa si eres un alumno o un maestro: todo el mundo se pone muy nervioso cuando tiene que enfrentarse a un cambio importante. Esto es as\u00ed porque cuando todo es nuevo para nosotros, sentimos que perdemos el control e imaginamos un mont\u00f3n de situaciones terribles a las que no podremos hacer frente.<\/span><\/p>\n<p><span style=\"font-weight: 400;\">El miedo hace que nos sintamos peque\u00f1itos, muy diminutos. Entonces todo nos parece m\u00e1s grande, monstruoso e incontrolable. Pero no es real, se trata tan s\u00f3lo del fruto de nuestra imaginaci\u00f3n. Muchos ni\u00f1os lo pasan mal cuando tienen que ir al cole por primera vez, o cuando cambian a un cole nuevo. \u00a1Pero eso tambi\u00e9n le ocurre a algunos adultos al cambiar de trabajo o de ciudad!<\/span><\/p>\n<p><span style=\"font-weight: 400;\">La buena noticia es que es una sensaci\u00f3n que se pasa con el tiempo. \u00a1En un par de semanas ya te habr\u00e1s familiarizado con el nuevo lugar y con tus nuevos compa\u00f1eros o vecinos. \u00a1Solo hay que tener un poco de paciencia!\u00a0<\/span><\/p>\n<h2>Cuentos y audiocuentos que abordan los problemas de los ni\u00f1os<\/h2>\n<p>Los ni\u00f1os se enfrentan a diversas dificultades desde que son muy peque\u00f1os, relacionadas con los miedos, la autoestima, poner en valor sus capacidades&#8230; en Mumablue contemplamos todas y cada una de estas posibilidades en un serie de <a href=\"https:\/\/www.mumablue.com\/blog\/cuentos-con-valores-para-ninos-leer-gratis\/\"><span style=\"color: #3366ff;\">cuentos con valores<\/span><\/a> que <strong>ense\u00f1an a los ni\u00f1os a ser pacientes, a no rendirse, a descubrir sus fortalezas<\/strong>, a relacionarse con los dem\u00e1s de un modo saludable&#8230;<\/p>\n<p>Adem\u00e1s, en el \u00e1mbito escolar, tambi\u00e9n hemos querido contemplar la realidad de aquellos ni\u00f1os cuya inteligencia, superior a la media, les hace muchas veces sentirse bichos raros. Este problema lo abordamos en el relato \u00ab<a href=\"https:\/\/www.mumablue.com\/blog\/cuento-de-brujas-para-ninos-gratis-audiocuento\/\"><span style=\"color: #3366ff;\">La brujita Fuegoazul<\/span><\/a>\u00ab, un cuento para adaptarse al colegio <strong>pensado para aprender a comprender a los alumnos superdotados.<\/strong><\/p>\n<p>Si te gustan nuestros cuentos y audiocuentos gratis, puedes compartirlos con otros pap\u00e1s y mam\u00e1s, ponerlos en el grupo de WhatsApp del cole o hac\u00e9rselos llegar a los maestros. <strong>\u00a1El 100,99% de los ni\u00f1os recomiendan los cuentos Mumablue! \ud83d\ude09<\/strong><\/p>\n<div style='text-align:left' class='yasr-auto-insert-visitor'><\/div>","protected":false},"excerpt":{"rendered":"<p>Sois muchos los pap\u00e1s que busc\u00e1is cuentos para adaptarse al colegio y ayudar a los m\u00e1s peques a darse cuenta de que un nuevo cole es un lugar maravilloso lleno de extraordinarias aventuras. Por eso hemos creado este cuento para adaptarse al colegio, para que os sirva de ayuda tanto a padres como a profesores. [&hellip;]<\/p>\n","protected":false},"author":6,"featured_media":0,"parent":0,"menu_order":0,"comment_status":"closed","ping_status":"closed","template":"","meta":{"yasr_overall_rating":0,"yasr_post_is_review":"","yasr_auto_insert_disabled":"","yasr_review_type":""},"yasr_visitor_votes":{"number_of_votes":17,"sum_votes":81,"stars_attributes":{"read_only":false,"span_bottom":false}},"yoast_head":"<!-- This site is optimized with the Yoast SEO plugin v14.5 - https:\/\/yoast.com\/wordpress\/plugins\/seo\/ -->\n<meta name=\"description\" content=\"Este cuento para adaptarse al colegio invita al ni\u00f1o a superar sus temores a partir de un sorprendente cambio en el punto de vista. \u00a1Os sorprender\u00e1!\" \/>\n<meta name=\"robots\" content=\"index, follow\" \/>\n<meta name=\"googlebot\" content=\"index, follow, max-snippet:-1, max-image-preview:large, max-video-preview:-1\" \/>\n<meta name=\"bingbot\" content=\"index, follow, max-snippet:-1, max-image-preview:large, max-video-preview:-1\" \/>\n<link rel=\"canonical\" href=\"https:\/\/www.mumablue.com\/blog\/cuento-para-adaptarse-al-colegio-audiocuento-gratis\/\" \/>\n<meta property=\"og:locale\" content=\"es_ES\" \/>\n<meta property=\"og:type\" content=\"article\" \/>\n<meta property=\"og:title\" content=\"Cuento para adaptarse al colegio + audiocuento gratis - Blog Mumablue\" \/>\n<meta property=\"og:description\" content=\"Este cuento para adaptarse al colegio invita al ni\u00f1o a superar sus temores a partir de un sorprendente cambio en el punto de vista. \u00a1Os sorprender\u00e1!\" \/>\n<meta property=\"og:url\" content=\"https:\/\/www.mumablue.com\/blog\/cuento-para-adaptarse-al-colegio-audiocuento-gratis\/\" \/>\n<meta property=\"og:site_name\" content=\"Blog Mumablue\" \/>\n<meta property=\"article:publisher\" content=\"https:\/\/www.facebook.com\/mumablue\/\" \/>\n<meta property=\"article:modified_time\" content=\"2025-06-02T13:14:48+00:00\" \/>\n<meta property=\"og:image\" content=\"https:\/\/www.mumablue.com\/blog\/wp-content\/uploads\/2021\/09\/El-nuevo-cole-2.jpg\" \/>\n<meta name=\"twitter:card\" content=\"summary_large_image\" \/>\n<script type=\"application\/ld+json\" class=\"yoast-schema-graph\">{\"@context\":\"https:\/\/schema.org\",\"@graph\":[{\"@type\":\"Organization\",\"@id\":\"https:\/\/www.mumablue.com\/blog\/#organization\",\"name\":\"Mumablue\",\"url\":\"https:\/\/www.mumablue.com\/blog\/\",\"sameAs\":[\"https:\/\/www.facebook.com\/mumablue\/\",\"https:\/\/www.instagram.com\/mumablue\/?hl=es\"],\"logo\":{\"@type\":\"ImageObject\",\"@id\":\"https:\/\/www.mumablue.com\/blog\/#logo\",\"inLanguage\":\"es\",\"url\":\"https:\/\/www.mumablue.com\/blog\/wp-content\/uploads\/2020\/05\/Blog-Mumablue.png\",\"width\":749,\"height\":269,\"caption\":\"Mumablue\"},\"image\":{\"@id\":\"https:\/\/www.mumablue.com\/blog\/#logo\"}},{\"@type\":\"WebSite\",\"@id\":\"https:\/\/www.mumablue.com\/blog\/#website\",\"url\":\"https:\/\/www.mumablue.com\/blog\/\",\"name\":\"Blog Mumablue\",\"description\":\"Un blog de cuentos y audiocuentos gratis para ni\\u00f1os.\",\"publisher\":{\"@id\":\"https:\/\/www.mumablue.com\/blog\/#organization\"},\"potentialAction\":[{\"@type\":\"SearchAction\",\"target\":\"https:\/\/www.mumablue.com\/blog\/?s={search_term_string}\",\"query-input\":\"required name=search_term_string\"}],\"inLanguage\":\"es\"},{\"@type\":\"ImageObject\",\"@id\":\"https:\/\/www.mumablue.com\/blog\/cuento-para-adaptarse-al-colegio-audiocuento-gratis\/#primaryimage\",\"inLanguage\":\"es\",\"url\":\"https:\/\/www.mumablue.com\/blog\/wp-content\/uploads\/2021\/09\/El-nuevo-cole-2.jpg\",\"width\":500,\"height\":500,\"caption\":\"Cuento para adaptarse al colegio\"},{\"@type\":\"WebPage\",\"@id\":\"https:\/\/www.mumablue.com\/blog\/cuento-para-adaptarse-al-colegio-audiocuento-gratis\/#webpage\",\"url\":\"https:\/\/www.mumablue.com\/blog\/cuento-para-adaptarse-al-colegio-audiocuento-gratis\/\",\"name\":\"Cuento para adaptarse al colegio + audiocuento gratis - Blog Mumablue\",\"isPartOf\":{\"@id\":\"https:\/\/www.mumablue.com\/blog\/#website\"},\"primaryImageOfPage\":{\"@id\":\"https:\/\/www.mumablue.com\/blog\/cuento-para-adaptarse-al-colegio-audiocuento-gratis\/#primaryimage\"},\"datePublished\":\"2021-09-21T16:44:48+00:00\",\"dateModified\":\"2025-06-02T13:14:48+00:00\",\"description\":\"Este cuento para adaptarse al colegio invita al ni\\u00f1o a superar sus temores a partir de un sorprendente cambio en el punto de vista. \\u00a1Os sorprender\\u00e1!\",\"inLanguage\":\"es\",\"potentialAction\":[{\"@type\":\"ReadAction\",\"target\":[\"https:\/\/www.mumablue.com\/blog\/cuento-para-adaptarse-al-colegio-audiocuento-gratis\/\"]}]}]}<\/script>\n<!-- \/ Yoast SEO plugin. -->","_links":{"self":[{"href":"https:\/\/www.mumablue.com\/blog\/wp-json\/wp\/v2\/pages\/4889"}],"collection":[{"href":"https:\/\/www.mumablue.com\/blog\/wp-json\/wp\/v2\/pages"}],"about":[{"href":"https:\/\/www.mumablue.com\/blog\/wp-json\/wp\/v2\/types\/page"}],"author":[{"embeddable":true,"href":"https:\/\/www.mumablue.com\/blog\/wp-json\/wp\/v2\/users\/6"}],"replies":[{"embeddable":true,"href":"https:\/\/www.mumablue.com\/blog\/wp-json\/wp\/v2\/comments?post=4889"}],"version-history":[{"count":6,"href":"https:\/\/www.mumablue.com\/blog\/wp-json\/wp\/v2\/pages\/4889\/revisions"}],"predecessor-version":[{"id":7599,"href":"https:\/\/www.mumablue.com\/blog\/wp-json\/wp\/v2\/pages\/4889\/revisions\/7599"}],"wp:attachment":[{"href":"https:\/\/www.mumablue.com\/blog\/wp-json\/wp\/v2\/media?parent=4889"}],"curies":[{"name":"wp","href":"https:\/\/api.w.org\/{rel}","templated":true}]}}