{"id":4731,"date":"2021-07-30T11:42:38","date_gmt":"2021-07-30T11:42:38","guid":{"rendered":"https:\/\/mumablue.com\/blog\/?page_id=4731"},"modified":"2025-04-28T09:50:19","modified_gmt":"2025-04-28T09:50:19","slug":"cuentos-de-halloween-para-ninos-gratis-audiocuentos","status":"publish","type":"page","link":"https:\/\/www.mumablue.com\/blog\/cuentos-de-halloween-para-ninos-gratis-audiocuentos\/","title":{"rendered":"Cuentos de Halloween para ni\u00f1os gratis + audiocuentos"},"content":{"rendered":"<p><img decoding=\"async\" loading=\"lazy\" class=\"alignnone wp-image-4738 size-full\" src=\"https:\/\/www.mumablue.com\/blog\/wp-content\/uploads\/2021\/07\/Cuentos-infantiles-Halloween-1.jpg\" alt=\"Cuentos de Halloween para ni\u00f1os\" width=\"500\" height=\"500\" srcset=\"https:\/\/www.mumablue.com\/blog\/wp-content\/uploads\/2021\/07\/Cuentos-infantiles-Halloween-1.jpg 500w, https:\/\/www.mumablue.com\/blog\/wp-content\/uploads\/2021\/07\/Cuentos-infantiles-Halloween-1-300x300.jpg 300w, https:\/\/www.mumablue.com\/blog\/wp-content\/uploads\/2021\/07\/Cuentos-infantiles-Halloween-1-150x150.jpg 150w\" sizes=\"(max-width: 500px) 100vw, 500px\" \/><\/p>\n<p>\u00a1Llega la \u00e9poca m\u00e1s terror\u00edfica del a\u00f1o! Y qu\u00e9 mejor que celebrarla con un buen pu\u00f1ado de cuentos de Halloween para ni\u00f1os protagonizados por vampiros, zombies, momias, fantasmas, monstruos&#8230; <strong>A trav\u00e9s de divertidos relatos y poemas, tu peque se dar\u00e1 cuenta de que los personajes m\u00e1s aterradores no lo son tanto<\/strong>&#8230; \u00a1m\u00e1s bien tienen unas cualidades \u00abmuy humanas\u00bb que los hace parecer muy divertidos. As\u00ed no tendr\u00e1n pesadillas con ellos \ud83d\ude09<\/p>\n<p><a href=\"https:\/\/www.mumablue.com\/esp\/nuestros-cuentos-personalizados\/cuento-de-brujas-personalizado?utm_source=blog&amp;utm_medium=blog-content&amp;utm_campaign=article-page&amp;utm_content=cuentos-halloween\" target=\"_blank\" rel=\"noopener noreferrer\"><img decoding=\"async\" loading=\"lazy\" class=\"alignnone wp-image-6326 size-full\" src=\"https:\/\/www.mumablue.com\/blog\/wp-content\/uploads\/2022\/10\/Cuento-de-miedo.png\" alt=\"Cuento de Halloween para leer\" width=\"715\" height=\"162\" srcset=\"https:\/\/www.mumablue.com\/blog\/wp-content\/uploads\/2022\/10\/Cuento-de-miedo.png 715w, https:\/\/www.mumablue.com\/blog\/wp-content\/uploads\/2022\/10\/Cuento-de-miedo-300x68.png 300w, https:\/\/www.mumablue.com\/blog\/wp-content\/uploads\/2022\/10\/Cuento-de-miedo-624x141.png 624w\" sizes=\"(max-width: 715px) 100vw, 715px\" \/><\/a><\/p>\n<h2>Cuentos de Halloween para ni\u00f1os, para leer y escuchar<\/h2>\n<h4><strong><a href=\"https:\/\/www.mumablue.com\/blog\/poesia-divertida-para-ninos-monstruos\/\">\ud83c\udf12<\/a><\/strong><strong><a href=\"https:\/\/www.mumablue.com\/blog\/cuento-de-monstruos-para-leer-a-los-ninos\/\">\u00a0<span style=\"color: #0000ff;\">El peque\u00f1o monstruo que viv\u00eda dentro del armario<\/span><\/a><\/strong><\/h4>\n<p>El peque\u00f1o monstruo que vive dentro del armario no puede dormir tiene mucho miedo porque cree que vive un ni\u00f1o fuera del armario! <strong>Un relato que cambia el punto de vista<\/strong> y as\u00ed hace comprender a tu peque lo absurdo que resulta estar asustado por aquello que no puede verse. <span style=\"color: #0000ff;\"><a style=\"color: #0000ff;\" href=\"https:\/\/www.mumablue.com\/blog\/cuento-de-monstruos-para-leer-a-los-ninos\/\">Leer<\/a>.<\/span><\/p>\n<h4><strong><a href=\"https:\/\/www.mumablue.com\/blog\/cuento-de-fantasmas-para-leer\/\">\ud83d\udc7b <span style=\"color: #0000ff;\">Plasma, el fantasma<\/span><\/a><\/strong><\/h4>\n<p>Plasma es un fantasma novato. Acaba de heredar un destartalado castillo de su t\u00edo Ernesto, el espectro. Cuando llega la noche de su debut, est\u00e1 muy nervioso. Al fin se arma de valor y se propone asustar a la princesita. <strong>\u00a1Una ni\u00f1a repelente que no le tiene ning\u00fan miedo a los fantasmas!<\/strong> Sin duda uno de los cuentos de Halloween para ni\u00f1os menos aterradores. <span style=\"color: #0000ff;\"><a style=\"color: #0000ff;\" href=\"https:\/\/www.mumablue.com\/blog\/cuento-de-fantasmas-para-leer\/\">Leer<\/a>.<\/span><\/p>\n<p><a href=\"https:\/\/www.mumablue.com\/blog\/cuento-de-zombies-para-ninos-muy-divertido\/\"><strong>\ud83e\udddf <span style=\"color: #0000ff;\">El zombie Malacara<\/span><\/strong><\/a><\/p>\n<p>Despu\u00e9s de medio siglo, un zombie sale de la tumba. Tiene muy mala cara, la muerte no le ha sentado muy bien. Entonces acudir\u00e1 al centro est\u00e9tico m\u00e1s chic del cementerio:\u00a0 el Centro de Belleza Moriloli. <strong>Un cuento terror\u00edficamente divertido que pone de relieve el valor de la autoestima.<\/strong> \u00a1El m\u00e1s pocho y divertido de todos los cuentos de Halloween para ni\u00f1os! <span style=\"color: #0000ff;\"><a style=\"color: #0000ff;\" href=\"https:\/\/www.mumablue.com\/blog\/cuento-de-zombies-para-ninos-muy-divertido\/\">Leer<\/a>.<\/span><\/p>\n<p><strong><a href=\"https:\/\/www.mumablue.com\/blog\/poesia-graciosa-para-ninos\/\">\ud83c\udf6d<\/a><\/strong><span style=\"color: #0000ff;\"><strong><a style=\"color: #0000ff;\" href=\"https:\/\/www.mumablue.com\/blog\/cuento-divertido-para-leer\/\">\u00a0La verdadera historia de Hansel y Grettel<\/a><\/strong><\/span><\/p>\n<p>En esta divertida historia, <strong>la bruja de Hansel y Gretel ofrece su propia versi\u00f3n del cuento.<\/strong> Resulta que las cosas no ocurrieron como las contaron los ni\u00f1os, m\u00e1s bien todo lo contrario. A trav\u00e9s de un nuevo punto de vista de uno de los cuentos m\u00e1s populares, el ni\u00f1o aprender\u00e1 que para conocer la verdad es importante escuchar a todas las partes. <a href=\"https:\/\/www.mumablue.com\/blog\/cuento-divertido-para-leer\/\">Leer<\/a>.<\/p>\n<p><a href=\"https:\/\/www.mumablue.com\/deu\/nuestros-cuentos-personalizados\/cuento-de-brujas-personalizado?utm_source=blog&amp;utm_medium=blog-content&amp;utm_campaign=article-page&amp;utm_content=cuentos-halloween\" target=\"_blank\" rel=\"noopener noreferrer\"><img decoding=\"async\" loading=\"lazy\" class=\"alignnone wp-image-6317 size-full\" src=\"https:\/\/www.mumablue.com\/blog\/wp-content\/uploads\/2022\/10\/Cuento-de-halloween-personalizado-2.jpg\" alt=\"cuento de brujas\" width=\"715\" height=\"162\" srcset=\"https:\/\/www.mumablue.com\/blog\/wp-content\/uploads\/2022\/10\/Cuento-de-halloween-personalizado-2.jpg 715w, https:\/\/www.mumablue.com\/blog\/wp-content\/uploads\/2022\/10\/Cuento-de-halloween-personalizado-2-300x68.jpg 300w, https:\/\/www.mumablue.com\/blog\/wp-content\/uploads\/2022\/10\/Cuento-de-halloween-personalizado-2-624x141.jpg 624w\" sizes=\"(max-width: 715px) 100vw, 715px\" \/><\/a><\/p>\n<h2>Poemas de Halloween para ni\u00f1os muy divertidos<\/h2>\n<h4><span style=\"color: #0000ff;\"><strong><a style=\"color: #0000ff;\" href=\"https:\/\/www.mumablue.com\/blog\/poema-para-ninos-corto\/\">\ud83d\udc3a La peque\u00f1a vampira<\/a><\/strong><\/span><\/h4>\n<p>La peque\u00f1a vampira tiene muy preocupados a sus padres, abuelos y amigos: le aburre la noche, no le gusta vivir en el cementerio y prefiere el zumo de puerro antes que la sangre. \u00bfPor qu\u00e9 ser\u00e1? <strong>La poes\u00eda para ni\u00f1os m\u00e1s exitosa que acumula cerca de 19.000 escuchas<\/strong> en su versi\u00f3n sonora.\u00a0 <span style=\"color: #0000ff;\"><a style=\"color: #0000ff;\" href=\"https:\/\/www.mumablue.com\/blog\/poema-para-ninos-corto\/\">Leer<\/a>.<\/span><\/p>\n<p>\ud83d\udd2e\u00a0<span style=\"color: #3366ff;\"><strong><a style=\"color: #3366ff;\" href=\"https:\/\/www.mumablue.com\/blog\/poema-con-palabras-esdrujulas-ninos-primaria\/\" target=\"_blank\" rel=\"noopener noreferrer\">Conjuro esdr\u00fajulo<\/a><\/strong><\/span><\/p>\n<p>Al tiempo que una misteriosa bruja prepara una poci\u00f3n m\u00e1gica aprendemos las palabras esdr\u00fajulas. Un poema did\u00e1ctico para que tu peque se apunte un tanto con el profe de lengua. <a href=\"https:\/\/www.mumablue.com\/blog\/poema-con-palabras-esdrujulas-ninos-primaria\/\" target=\"_blank\" rel=\"noopener noreferrer\">Leer<\/a>.<\/p>\n<h4><span style=\"color: #0000ff;\"><strong><a style=\"color: #0000ff;\" href=\"https:\/\/www.mumablue.com\/blog\/poesia-divertida-para-ninos-monstruos\/\">\ud83c\udf12\u00a0La momia \u201cno quiero\u201d<\/a><\/strong><\/span><\/h4>\n<p>La momia \u00abno quiero\u00bb se parece a muchos ni\u00f1os, a cualquier cosa que se le pide responde: \u201cno quiero, no quiero\u201d. Sin embargo, existe una raz\u00f3n de peso para ello,<strong> un motivo sorprendente y de lo m\u00e1s divertido que tu peque no se espera<\/strong>. <span style=\"color: #0000ff;\"><a style=\"color: #0000ff;\" href=\"https:\/\/www.mumablue.com\/blog\/poesia-divertida-para-ninos-monstruos\/\">Leer<\/a>.<\/span><\/p>\n<h4><span style=\"color: #0000ff;\"><strong><a style=\"color: #0000ff;\" href=\"https:\/\/www.mumablue.com\/blog\/poesia-graciosa-para-ninos\/\">\ud83d\udd2e Una poci\u00f3n misteriosa<\/a><\/strong><\/span><\/h4>\n<p>La receta secreta de una poci\u00f3n m\u00e1gica ahora est\u00e1 al alcance de tu peque, quien <strong>aprender\u00e1 a elaborar esta receta a golpe de rima y verso<\/strong>. Conseguir los ingredientes ser\u00e1 un poco m\u00e1s dif\u00edcil\u2026 \u00a1Pero nada es imposible con imaginaci\u00f3n y un buen caldero!<span style=\"color: #0000ff;\">\u00a0<a style=\"color: #0000ff;\" href=\"https:\/\/www.mumablue.com\/blog\/poesia-graciosa-para-ninos\/\">Leer<\/a>.<\/span><\/p>\n<h2>Teatro de Halloween para representar en familia<\/h2>\n<p><strong><span style=\"color: #0000ff;\"><span class=\"emoji\">\ud83c\udf83 <\/span><\/span><\/strong><a href=\"https:\/\/www.mumablue.com\/blog\/cuento-de-halloween-corto-para-ninos-audiocuento\/\" target=\"_blank\" rel=\"noopener\"><strong><span style=\"color: #0000ff;\"><span class=\"emoji\">N<\/span>oche de Halloween<\/span><\/strong><\/a><\/p>\n<p>Si hab\u00e9is disfrutado con nuestros cuentos de Halloween para ni\u00f1os y con los divertidos poemas, <strong>es el momento de que conozc\u00e1is la culminaci\u00f3n de todos ellos<\/strong>. Noche de Halloween es<strong> una propuesta de teatro para representar en familia o para escuchar<\/strong> en formato radioteatro (ya acumula 16.000 escuchas), en el que tu peque se reencontrar\u00e1 con los personajes de todos los relatos anteriores. Una desternillante historia en la que los monstruos se preparan para asustar a los ni\u00f1os la noche de Halloween\u201d. \u00a1Pero todo es un aut\u00e9ntico desastre! <span style=\"color: #0000ff;\"><a style=\"color: #0000ff;\" href=\"https:\/\/www.mumablue.com\/blog\/cuento-de-halloween-corto-para-ninos-audiocuento\/\">Leer<\/a>.<\/span><\/p>\n<p><strong><span style=\"color: #0000ff;\"><span class=\"emoji\">\ud83c\udf83 <span style=\"color: #3366ff;\"><a style=\"color: #3366ff;\" href=\"https:\/\/www.mumablue.com\/blog\/historias-de-halloween-para-ninos-audiocuento\/\" target=\"_blank\" rel=\"noopener noreferrer\">Historias de Halloween alrededor de la hoguera<\/a><\/span><\/span><\/span><\/strong><\/p>\n<p>Un nuevo cap\u00edtulo teatralizado en el que los monstruos m\u00e1s torpes y divertidos viven una noche de Halloween especial. En esta ocasi\u00f3n, fantasmas, vampiros y zombies han decidido celebrar esta fiesta lejos del viejo caser\u00f3n encantado, en el bosque, <strong>contando historias aterradoras que les ocurrieron con ni\u00f1os. \u00a1Cambia el punto de vista!<\/strong> <a href=\"https:\/\/www.mumablue.com\/blog\/historias-de-halloween-para-ninos-audiocuento\/\"><span style=\"color: #3366ff;\">Leer.<\/span><\/a><\/p>\n<h4 style=\"text-align: left;\"><strong><span style=\"color: #3366ff;\">\ud83d\udc7b<\/span><\/strong> <span style=\"color: #3366ff;\"><a style=\"color: #3366ff;\" href=\"https:\/\/www.mumablue.com\/blog\/cuento-de-miedo-para-ninos-teatralizado-audiocuento\/\" target=\"_blank\" rel=\"noopener noreferrer\"><strong>Escuela de fantasmas<\/strong><\/a>\u00a0<\/span><\/h4>\n<p>A la escuela de fantasmas van a estudiar todos aquellos monstruos que no consiguen asustar. El maestro, don Gladiolo, intentar\u00e1 <strong>ense\u00f1arles las pautas que deben seguir para convertirse en aterradores fantasmas<\/strong>&#8230; \u00a1Pero lo cierto es que estos alumnos son un aut\u00e9ntico desastre! <span style=\"color: #3366ff;\"><a style=\"color: #3366ff;\" href=\"https:\/\/www.mumablue.com\/blog\/cuento-de-miedo-para-ninos-teatralizado-audiocuento\/\">Leer.<\/a><\/span><\/p>\n<p><a href=\"https:\/\/www.mumablue.com\/esp\/nuestros-cuentos-personalizados\/cuento-de-brujas-personalizado?utm_source=blog&amp;utm_medium=blog-content&amp;utm_campaign=article-page&amp;utm_content=cuentos-halloween\" target=\"_blank\" rel=\"noopener noreferrer\"><img decoding=\"async\" loading=\"lazy\" class=\"alignnone wp-image-6326 size-full\" src=\"https:\/\/www.mumablue.com\/blog\/wp-content\/uploads\/2022\/10\/Cuento-de-miedo.png\" alt=\"Cuento de Halloween para leer\" width=\"715\" height=\"162\" srcset=\"https:\/\/www.mumablue.com\/blog\/wp-content\/uploads\/2022\/10\/Cuento-de-miedo.png 715w, https:\/\/www.mumablue.com\/blog\/wp-content\/uploads\/2022\/10\/Cuento-de-miedo-300x68.png 300w, https:\/\/www.mumablue.com\/blog\/wp-content\/uploads\/2022\/10\/Cuento-de-miedo-624x141.png 624w\" sizes=\"(max-width: 715px) 100vw, 715px\" \/><\/a><\/p>\n<p>Si te han gustado nuestros cuentos de Halloween para ni\u00f1os, tenemos grandes noticias. \u00a1No son los \u00fanicos! Tambi\u00e9n <strong>hemos preparado para tu peque una selecci\u00f3n de <a href=\"https:\/\/www.mumablue.com\/blog\/audiocuentos-de-navidad-para-ninos-gratis\/\"><span style=\"color: #0000ff;\">audiocuentos de Navidad<\/span><\/a>,<\/strong> <a href=\"https:\/\/www.mumablue.com\/blog\/cuentos-infantiles-para-dormir-cortos-y-tranquilos\/\"><span style=\"color: #0000ff;\">cuentos para dormir<\/span><\/a>, y <a href=\"https:\/\/www.mumablue.com\/blog\/cuentos-con-valores-para-ninos-leer-gratis\/\"><span style=\"color: #0000ff;\">cuentos con valores<\/span><\/a>. Todos ellos acompa\u00f1ados de su propio audiocuento, claro. Adem\u00e1s, te ofrecemos todos nuestros<span style=\"color: #0000ff;\"><a style=\"color: #0000ff;\" href=\"https:\/\/www.mumablue.com\/blog\/cuentos-infantiles-para-leer-cortos-gratis\/\"> cuentos para leer gratis<\/a><\/span> as\u00ed como la totalidad de nuestros <a href=\"https:\/\/www.mumablue.com\/blog\/poemas-para-ninos\/\"><span style=\"color: #0000ff;\">poemas para ni\u00f1os<\/span><\/a>.<\/p>\n<p>Los audiocuentos forman parte del podcast \u00ab<span style=\"color: #3366ff;\"><a style=\"color: #3366ff;\" href=\"https:\/\/www.mumablue.com\/blog\/pequehistorias\/\">Pequehistorias<\/a><\/span>\u00ab, creado por Mumablue para aliviar el encierro de los ni\u00f1os durante el confinamiento que, en poco menos de a\u00f1o y medio ya acumula m\u00e1s de 750.000 escuchas y est\u00e1 considerado como <span style=\"color: #3366ff;\"><a style=\"color: #3366ff;\" href=\"https:\/\/www.podcastyradio.es\/podcasts-infantiles\/\">uno de los mejores podcast para escuchar en familia<\/a><\/span>.<\/p>\n<p>\u00bfTe han gustado? \u00a1Nos alegramos! Los hemos creado para hacer disfrutar a tu peque, a cambio de nada. Pero s\u00ed <strong>hay una cosa que puedes hacer por nosotros&#8230; \u00a1Compartirlos con otros ni\u00f1os<\/strong> para que la magia de <span style=\"color: #3366ff;\"><a style=\"color: #3366ff;\" href=\"https:\/\/www.mumablue.com?utm_source=blog&amp;utm_medium=link&amp;utm_campaign=p\u00e1ginas-audiocuentos&amp;utm_content=cuentos-de-halloween\">Mumablue<\/a><\/span> llegue hasta el \u00faltimo rinc\u00f3n del mundo!<\/p>\n<div style='text-align:left' class='yasr-auto-insert-visitor'><\/div>","protected":false},"excerpt":{"rendered":"<p>\u00a1Llega la \u00e9poca m\u00e1s terror\u00edfica del a\u00f1o! Y qu\u00e9 mejor que celebrarla con un buen pu\u00f1ado de cuentos de Halloween para ni\u00f1os protagonizados por vampiros, zombies, momias, fantasmas, monstruos&#8230; A trav\u00e9s de divertidos relatos y poemas, tu peque se dar\u00e1 cuenta de que los personajes m\u00e1s aterradores no lo son tanto&#8230; \u00a1m\u00e1s bien tienen unas [&hellip;]<\/p>\n","protected":false},"author":6,"featured_media":0,"parent":0,"menu_order":0,"comment_status":"closed","ping_status":"closed","template":"","meta":{"yasr_overall_rating":0,"yasr_post_is_review":"","yasr_auto_insert_disabled":"","yasr_review_type":""},"yasr_visitor_votes":{"number_of_votes":18,"sum_votes":82,"stars_attributes":{"read_only":false,"span_bottom":false}},"yoast_head":"<!-- This site is optimized with the Yoast SEO plugin v14.5 - https:\/\/yoast.com\/wordpress\/plugins\/seo\/ -->\n<meta name=\"description\" content=\"\u00a1Estos cuentos de Halloween para ni\u00f1os son terror\u00edficamente divertidos! Versiones para leerle a los peques, disponibles tambi\u00e9n en audiocuento para escuchar\" \/>\n<meta name=\"robots\" content=\"index, follow\" \/>\n<meta name=\"googlebot\" content=\"index, follow, max-snippet:-1, max-image-preview:large, max-video-preview:-1\" \/>\n<meta name=\"bingbot\" content=\"index, follow, max-snippet:-1, max-image-preview:large, max-video-preview:-1\" \/>\n<link rel=\"canonical\" href=\"https:\/\/www.mumablue.com\/blog\/cuentos-de-halloween-para-ninos-gratis-audiocuentos\/\" \/>\n<meta property=\"og:locale\" content=\"es_ES\" \/>\n<meta property=\"og:type\" content=\"article\" \/>\n<meta property=\"og:title\" content=\"Cuentos de Halloween para ni\u00f1os gratis + audiocuentos - Blog Mumablue\" \/>\n<meta property=\"og:description\" content=\"\u00a1Estos cuentos de Halloween para ni\u00f1os son terror\u00edficamente divertidos! Versiones para leerle a los peques, disponibles tambi\u00e9n en audiocuento para escuchar\" \/>\n<meta property=\"og:url\" content=\"https:\/\/www.mumablue.com\/blog\/cuentos-de-halloween-para-ninos-gratis-audiocuentos\/\" \/>\n<meta property=\"og:site_name\" content=\"Blog Mumablue\" \/>\n<meta property=\"article:publisher\" content=\"https:\/\/www.facebook.com\/mumablue\/\" \/>\n<meta property=\"article:modified_time\" content=\"2025-04-28T09:50:19+00:00\" \/>\n<meta property=\"og:image\" content=\"https:\/\/www.mumablue.com\/blog\/wp-content\/uploads\/2021\/07\/Cuentos-infantiles-Halloween-1.jpg\" \/>\n<meta name=\"twitter:card\" content=\"summary_large_image\" \/>\n<script type=\"application\/ld+json\" class=\"yoast-schema-graph\">{\"@context\":\"https:\/\/schema.org\",\"@graph\":[{\"@type\":\"Organization\",\"@id\":\"https:\/\/www.mumablue.com\/blog\/#organization\",\"name\":\"Mumablue\",\"url\":\"https:\/\/www.mumablue.com\/blog\/\",\"sameAs\":[\"https:\/\/www.facebook.com\/mumablue\/\",\"https:\/\/www.instagram.com\/mumablue\/?hl=es\"],\"logo\":{\"@type\":\"ImageObject\",\"@id\":\"https:\/\/www.mumablue.com\/blog\/#logo\",\"inLanguage\":\"es\",\"url\":\"https:\/\/www.mumablue.com\/blog\/wp-content\/uploads\/2020\/05\/Blog-Mumablue.png\",\"width\":749,\"height\":269,\"caption\":\"Mumablue\"},\"image\":{\"@id\":\"https:\/\/www.mumablue.com\/blog\/#logo\"}},{\"@type\":\"WebSite\",\"@id\":\"https:\/\/www.mumablue.com\/blog\/#website\",\"url\":\"https:\/\/www.mumablue.com\/blog\/\",\"name\":\"Blog Mumablue\",\"description\":\"Un blog de cuentos y audiocuentos gratis para ni\\u00f1os.\",\"publisher\":{\"@id\":\"https:\/\/www.mumablue.com\/blog\/#organization\"},\"potentialAction\":[{\"@type\":\"SearchAction\",\"target\":\"https:\/\/www.mumablue.com\/blog\/?s={search_term_string}\",\"query-input\":\"required name=search_term_string\"}],\"inLanguage\":\"es\"},{\"@type\":\"ImageObject\",\"@id\":\"https:\/\/www.mumablue.com\/blog\/cuentos-de-halloween-para-ninos-gratis-audiocuentos\/#primaryimage\",\"inLanguage\":\"es\",\"url\":\"https:\/\/www.mumablue.com\/blog\/wp-content\/uploads\/2021\/07\/Cuentos-infantiles-Halloween-1.jpg\",\"width\":500,\"height\":500},{\"@type\":\"WebPage\",\"@id\":\"https:\/\/www.mumablue.com\/blog\/cuentos-de-halloween-para-ninos-gratis-audiocuentos\/#webpage\",\"url\":\"https:\/\/www.mumablue.com\/blog\/cuentos-de-halloween-para-ninos-gratis-audiocuentos\/\",\"name\":\"Cuentos de Halloween para ni\\u00f1os gratis + audiocuentos - Blog Mumablue\",\"isPartOf\":{\"@id\":\"https:\/\/www.mumablue.com\/blog\/#website\"},\"primaryImageOfPage\":{\"@id\":\"https:\/\/www.mumablue.com\/blog\/cuentos-de-halloween-para-ninos-gratis-audiocuentos\/#primaryimage\"},\"datePublished\":\"2021-07-30T11:42:38+00:00\",\"dateModified\":\"2025-04-28T09:50:19+00:00\",\"description\":\"\\u00a1Estos cuentos de Halloween para ni\\u00f1os son terror\\u00edficamente divertidos! Versiones para leerle a los peques, disponibles tambi\\u00e9n en audiocuento para escuchar\",\"inLanguage\":\"es\",\"potentialAction\":[{\"@type\":\"ReadAction\",\"target\":[\"https:\/\/www.mumablue.com\/blog\/cuentos-de-halloween-para-ninos-gratis-audiocuentos\/\"]}]}]}<\/script>\n<!-- \/ Yoast SEO plugin. -->","_links":{"self":[{"href":"https:\/\/www.mumablue.com\/blog\/wp-json\/wp\/v2\/pages\/4731"}],"collection":[{"href":"https:\/\/www.mumablue.com\/blog\/wp-json\/wp\/v2\/pages"}],"about":[{"href":"https:\/\/www.mumablue.com\/blog\/wp-json\/wp\/v2\/types\/page"}],"author":[{"embeddable":true,"href":"https:\/\/www.mumablue.com\/blog\/wp-json\/wp\/v2\/users\/6"}],"replies":[{"embeddable":true,"href":"https:\/\/www.mumablue.com\/blog\/wp-json\/wp\/v2\/comments?post=4731"}],"version-history":[{"count":11,"href":"https:\/\/www.mumablue.com\/blog\/wp-json\/wp\/v2\/pages\/4731\/revisions"}],"predecessor-version":[{"id":7523,"href":"https:\/\/www.mumablue.com\/blog\/wp-json\/wp\/v2\/pages\/4731\/revisions\/7523"}],"wp:attachment":[{"href":"https:\/\/www.mumablue.com\/blog\/wp-json\/wp\/v2\/media?parent=4731"}],"curies":[{"name":"wp","href":"https:\/\/api.w.org\/{rel}","templated":true}]}}