{"id":4730,"date":"2021-11-17T17:22:35","date_gmt":"2021-11-17T17:22:35","guid":{"rendered":"https:\/\/mumablue.com\/blog\/?page_id=4730"},"modified":"2025-05-23T07:54:44","modified_gmt":"2025-05-23T07:54:44","slug":"cuentos-de-navidad-para-ninos-gratis-audiocuentos","status":"publish","type":"page","link":"https:\/\/www.mumablue.com\/blog\/cuentos-de-navidad-para-ninos-gratis-audiocuentos\/","title":{"rendered":"Cuentos de Navidad para ni\u00f1os gratis + audiocuentos"},"content":{"rendered":"<p><img decoding=\"async\" loading=\"lazy\" class=\"alignnone size-full wp-image-4732\" src=\"https:\/\/www.mumablue.com\/blog\/wp-content\/uploads\/2021\/07\/Cuentos-navide\u00f1os.jpg\" alt=\"cuentos de Navidad para ni\u00f1os\" width=\"500\" height=\"500\" srcset=\"https:\/\/www.mumablue.com\/blog\/wp-content\/uploads\/2021\/07\/Cuentos-navide\u00f1os.jpg 500w, https:\/\/www.mumablue.com\/blog\/wp-content\/uploads\/2021\/07\/Cuentos-navide\u00f1os-300x300.jpg 300w, https:\/\/www.mumablue.com\/blog\/wp-content\/uploads\/2021\/07\/Cuentos-navide\u00f1os-150x150.jpg 150w\" sizes=\"(max-width: 500px) 100vw, 500px\" \/><\/p>\n<p>Si est\u00e1s buscando <strong>cuentos de Navidad para ni\u00f1os originales, tiernos, divertidos&#8230;<\/strong> e incluso propuestas descabelladas, has llegado al mejor de los sitios. Te ofrecemos una selecci\u00f3n de cuentos de Navidad para leer a tus hijos que, adem\u00e1s, <strong>incluyen las versi\u00f3n en audiocuento<\/strong> para que disfrut\u00e9is de las historias en familia o los peques se entretengan, disfruten y aprendan mientras t\u00fa te relajas.<\/p>\n<p><strong>Todos los cuentos de Navidad para ni\u00f1os de nuestro blog son gratis<\/strong>. En ellos viven los elfos, los Reyes Magos, los fantasmas de Dickens y, por supuesto, el tan querido Pap\u00e1 Noel. \u00a1Que los disfrut\u00e9is!<\/p>\n<h3><img decoding=\"async\" loading=\"lazy\" class=\"alignnone wp-image-583 ls-is-cached lazyloaded\" src=\"https:\/\/www.mumablue.com\/blog\/wp-content\/uploads\/2020\/03\/favicon.ico\" alt=\"\" width=\"44\" height=\"44\" data-src=\"https:\/\/www.mumablue.com\/blog\/wp-content\/uploads\/2020\/03\/favicon.ico\" \/>\u00a0 <span style=\"color: #800080;\">\u00a1\u00danete al\u00a0<span style=\"color: #3366ff;\"><a style=\"color: #3366ff;\" href=\"https:\/\/www.mumablue.com\/esp\/inicio#mumaClub\" target=\"_blank\" rel=\"noopener\">MumaClub<\/a><\/span>\u00a0y consigue 10% descuento en cuentos personalizados!<\/span><\/h3>\n<h2>Cuentos de Navidad para ni\u00f1os, para leer y escuchar<\/h2>\n<p><strong><span style=\"color: #3366ff;\"><a href=\"https:\/\/www.mumablue.com\/blog\/cuento-de-navidad-para-leer-a-los-ninos\/\">\ud83c\udf85<\/a><a style=\"color: #3366ff;\" href=\"https:\/\/www.mumablue.com\/blog\/cuento-de-navidad-para-leer-a-los-ninos\/\"> Mi cuento de Navidad<\/a><\/span><\/strong><\/p>\n<p>Durante los preparativos de Navidad en la aldea de Pap\u00e1 Noel, la carta de un ni\u00f1o genera un espectacular revuelo entre los elfos. \u00a1No ha pedido nada para s\u00ed mismo! Como recompensa, ser\u00e1 invitado a la aldea, a conocer al mism\u00edsimo Santa Claus y a <strong>descubrir todos los secretos que hacen posible que ning\u00fan ni\u00f1o se quede sin su regalo<\/strong> en Navidad. Est\u00e1 disponible, adem\u00e1s, en audiocuento. <a href=\"https:\/\/www.mumablue.com\/blog\/cuento-de-navidad-para-leer-a-los-ninos\/\"><span style=\"color: #3366ff;\">Ver<\/span><\/a>.<\/p>\n<p><strong><span style=\"color: #3366ff;\">\ud83c\udf84 <\/span><\/strong><a href=\"https:\/\/www.mumablue.com\/blog\/cuento-navideno-para-ninos-corto-audiocuento-gratis\/\"><strong><span style=\"color: #3366ff;\">El \u00e1rbol de Navidad<\/span><\/strong><\/a><\/p>\n<p>Una bonita historia en la que los animalitos del bosque ayudar\u00e1n a su amigo Pablo cuando suceda un terrible accidente la noche de Nochebuena. En este cuento<strong> se pone de relieve el valor de la bondad y de la amistad<\/strong>. <span style=\"color: #3366ff;\"><a style=\"color: #3366ff;\" href=\"https:\/\/www.mumablue.com\/blog\/cuento-navideno-para-ninos-corto-audiocuento-gratis\/\">Ver<\/a><\/span>.<\/p>\n<p>\ud83c\udf85 <strong><span style=\"color: #3366ff;\"><a style=\"color: #3366ff;\" href=\"https:\/\/www.mumablue.com\/blog\/cuento-de-papa-noel-para-leer-audiocuento-gratis\/\">Misi\u00f3n: Salvar la Navidad<\/a><\/span><\/strong><\/p>\n<p>En Nochebuena, <strong>Pap\u00e1 Noel sufre un accidente de trineo. \u00a1Necesitar\u00e1 ayuda para repartir los regalos!<\/strong> El peque\u00f1o protagonista se har\u00e1 cargo de la situaci\u00f3n y, en su viaje por los distintos hogares del mundo, descubrir\u00e1 que hay ni\u00f1os muy pobres que apenas tienen juguetes. Un cuento que ense\u00f1a a los ni\u00f1os el aut\u00e9ntico esp\u00edritu navide\u00f1o. <span style=\"color: #3366ff;\"><a style=\"color: #3366ff;\" href=\"https:\/\/www.mumablue.com\/blog\/cuento-de-papa-noel-para-leer-audiocuento-gratis\/\">Ver<\/a><\/span>.<\/p>\n<p><a style=\"font-size: 1rem;\" href=\"https:\/\/www.mumablue.com\/esp\/cuentos-personalizados-navidad?utm_source=blog&amp;utm_medium=cuentos-navidad&amp;utm_campaign=article-page&amp;utm_content=landing-ventas-cuentos-navidad\" target=\"_blank\" rel=\"noopener noreferrer\"><img decoding=\"async\" loading=\"lazy\" class=\"alignnone wp-image-6585 size-full\" src=\"https:\/\/www.mumablue.com\/blog\/wp-content\/uploads\/2022\/11\/BANNER-BLOG-NAVIDAD-2.jpg\" alt=\"\" width=\"715\" height=\"216\" srcset=\"https:\/\/www.mumablue.com\/blog\/wp-content\/uploads\/2022\/11\/BANNER-BLOG-NAVIDAD-2.jpg 715w, https:\/\/www.mumablue.com\/blog\/wp-content\/uploads\/2022\/11\/BANNER-BLOG-NAVIDAD-2-300x91.jpg 300w, https:\/\/www.mumablue.com\/blog\/wp-content\/uploads\/2022\/11\/BANNER-BLOG-NAVIDAD-2-624x189.jpg 624w\" sizes=\"(max-width: 715px) 100vw, 715px\" \/><\/a><\/p>\n<h4><strong><a href=\"https:\/\/www.mumablue.com\/blog\/cuento-de-fantasmas-para-leer\/\">\ud83d\udc7b<\/a><\/strong><strong><span style=\"color: #3366ff;\"><a style=\"color: #3366ff;\" href=\"https:\/\/www.mumablue.com\/blog\/cancion-de-navidad-de-charles-dickens-para-ninos-audiocuento\/\">Canci\u00f3n de Navidad, de Charles Dickens<\/a><\/span><\/strong><\/h4>\n<p>Se trata de una <strong>adaptaci\u00f3n de la famosa novela del escritor ingl\u00e9s<\/strong>, uno de los cuentos de Navidad por excelencia. A trav\u00e9s de un resumen pormenorizado, en el que se han mantenido todas las partes relevantes de la historia,<strong> los ni\u00f1os tendr\u00e1n acceso a una de las obras cumbre de la literatura universal<\/strong>, llena de valores, donde subyace una gran ense\u00f1anza. \u00a1Y cuenta con versi\u00f3n para escuchar con una envolvente atm\u00f3sfera victoriana! <span style=\"color: #3366ff;\"><a style=\"color: #3366ff;\" href=\"https:\/\/www.mumablue.com\/blog\/cancion-de-navidad-de-charles-dickens-para-ninos-audiocuento\/\">Ver<\/a><\/span>.<\/p>\n<p><strong><span style=\"color: #3366ff;\">\ud83c\udf81 <a style=\"color: #3366ff;\" href=\"https:\/\/www.mumablue.com\/blog\/el-cascanueces-y-el-rey-de-los-ratones-resumen-audiocuento\/\">El Cascanueces y el rey de los ratones (Hoffmann)<\/a><\/span><\/strong><\/p>\n<p>Cl\u00e1sico navide\u00f1o de la literatura universal en el que los hechos cotidianos se entremezclan con la inagotable imaginaci\u00f3n de Marie, la ni\u00f1a protagonista. <strong>Un audiocuento Especial Navidad, con m\u00fasica del ballet \u00abEl Cascanueces\u00bb, de Tchaikovsky<\/strong>, con el que aprender\u00e1n mientras se divierten. <a href=\"https:\/\/www.mumablue.com\/blog\/el-cascanueces-y-el-rey-de-los-ratones-resumen-audiocuento\/\"><span style=\"color: #3366ff;\">Ver<\/span><\/a>.<\/p>\n<p><strong><span style=\"color: #3366ff;\">\ud83d\udc51 <a style=\"color: #3366ff;\" href=\"https:\/\/www.mumablue.com\/blog\/cuento-de-los-reyes-magos-audiocuento\/\">Los Reyes Magos de desoriente<\/a><\/span><\/strong><\/p>\n<p>Los Reyes Magos est\u00e1n un poco desorientados&#8230; deber\u00edan estar cruzando el desierto del Sahara pero se hallan en el Polo Norte. Tras un hilarante encuentro con un esquimal continuar\u00e1n su camino hacia Oriente.<strong> Un relato teatralizado de lo m\u00e1s divertido.<\/strong> <a href=\"https:\/\/www.mumablue.com\/blog\/cuento-de-los-reyes-magos-audiocuento\/\"><span style=\"color: #3366ff;\">Ver<\/span><\/a>.<\/p>\n<p><strong><span style=\"color: #3366ff;\"><a style=\"color: #3366ff;\" href=\"https:\/\/www.mumablue.com\/blog\/villancico-divertido-para-ninos-cantar-escuchar\/\">\ud83c\udfb6 Loco Villancico<\/a><\/span><\/strong><\/p>\n<p>M\u00e1s que un cuento para escuchar. M\u00e1s que un poema. Loco villancico es la letra de una canci\u00f3n, la reinvenci\u00f3n del Jingle Bells adaptada a los ni\u00f1os, con el punto de vista desde el que los peques viven las fechas navide\u00f1as. <strong>Todos conocen la melod\u00eda, solo hay que aprenderse esta nueva letra y empezar a divertirse.<\/strong> \u00a1Y adem\u00e1s puedes escucharlo entonado por unos personajes de cuento muy especiales! <span style=\"color: #3366ff;\"><a style=\"color: #3366ff;\" href=\"https:\/\/www.mumablue.com\/blog\/villancico-divertido-para-ninos-cantar-escuchar\/\">Ver<\/a><\/span>.<\/p>\n<h2>Audiocuentos de Navidad para ni\u00f1os<\/h2>\n<p>Todos los cuentos anteriores, adem\u00e1s de disponibles para leer directamente a los peques, cuentan con su propia versi\u00f3n en audiocuento. Sin embargo, hay dos propuestas que, por su naturaleza nativa de audio, \u00fanicamente est\u00e1n <strong>disponibles para escuchar, pues su transcripci\u00f3n para lectura romper\u00eda la magia<\/strong>. Los pod\u00e9is escuchar directamente a continuaci\u00f3n.<\/p>\n<p><span style=\"color: #800080;\"><strong>\u00a1No vienen los Reyes!<\/strong><\/span><\/p>\n<p>Este audiocuento es <strong>para escuchar el D\u00eda de los Santos Inocentes<\/strong>, cuando los medios de comunicaci\u00f3n dan la noticia de que Sus Majestades de Oriente no podr\u00e1n venir este a\u00f1o. (Este audiocuento est\u00e1 sujeto a la actualidad que se viv\u00eda en las Navidades de 2020)<\/p>\n<div id=\"buzzsprout-player-7029379\"><\/div>\n<p><script src=\"https:\/\/www.buzzsprout.com\/937792\/7029379-no-vienen-los-reyes.js?container_id=buzzsprout-player-7029379&#038;player=small\" type=\"text\/javascript\" charset=\"utf-8\"><\/script><\/p>\n<p><span style=\"color: #800080;\"><strong>Especial Reyes Magos<\/strong><\/span><\/p>\n<p>Pieza de<strong> radioteatro para ni\u00f1os, protagonizada por ni\u00f1os<\/strong>, realizada en colaboraci\u00f3n con <a href=\"https:\/\/audiodrama.es\/\" target=\"_blank\" rel=\"noopener noreferrer\"><span style=\"color: #3366ff;\">Audiodrama Colectivo<\/span><\/a>, una asociaci\u00f3n nacida de <strong>Radio Nacional de Espa\u00f1a<\/strong> que persigue mantener vivo el teatro radiof\u00f3nico cl\u00e1sico que tanto gustaba a nuestros padres y abuelos.<\/p>\n<div id=\"buzzsprout-player-7133506\"><\/div>\n<p><script src=\"https:\/\/www.buzzsprout.com\/937792\/7133506-especial-reyes-magos.js?container_id=buzzsprout-player-7133506&#038;player=small\" type=\"text\/javascript\" charset=\"utf-8\"><\/script><\/p>\n<blockquote>\n<h3><img decoding=\"async\" loading=\"lazy\" class=\"alignnone wp-image-583 ls-is-cached lazyloaded\" src=\"https:\/\/www.mumablue.com\/blog\/wp-content\/uploads\/2020\/03\/favicon.ico\" alt=\"\" width=\"44\" height=\"44\" data-src=\"https:\/\/www.mumablue.com\/blog\/wp-content\/uploads\/2020\/03\/favicon.ico\" \/>\u00a0\u00a0<span style=\"color: #800080;\">\u00a1Descubre <\/span><span style=\"color: #3366ff;\"><a style=\"color: #3366ff;\" href=\"https:\/\/www.mumablue.com\/blog\/cuentos-sobre-empatia-para-ninos-audiocuentos-gratis\/\" target=\"_blank\" rel=\"noopener\">cuentos para desarrollar la empat\u00eda<\/a><\/span>\u00a0<span style=\"color: #800080;\">gratis!<\/span><\/h3>\n<\/blockquote>\n<h2>Cuentos personalizados de Navidad impresos, para regalar<\/h2>\n<p>En Mumablue tambi\u00e9n ofrecemos <strong>cuentos personalizados impresos para regalar en Navidad a muy buen precio.<\/strong>\u00a0El primero de ellos est\u00e1 pensado para un personaje, se trata de \u00ab<a href=\"https:\/\/www.mumablue.com\/esp\/nuestros-cuentos-personalizados\/cuento-personalizado-de-navidad?\/?utm_source=blog&amp;utm_medium=link&amp;utm_campaign=p\u00e1ginas-audiocuentos&amp;utm_content=cuentos-navidad\"><span style=\"color: #3366ff;\">(Nombre de tu peque) salva la Navidad<\/span><\/a>\u00ab, una historia personalizada que le har\u00e1 so\u00f1ar a\u00fan m\u00e1s, si cabe, es la \u00e9poca navide\u00f1a, en la que TODO debe ser m\u00e1gico. As\u00ed es este cuento, ya que estar\u00e1 <strong>protagonizado en primera persona por el ni\u00f1o o ni\u00f1a que lo reciba como regalo<\/strong>, con su nombre propio e ilustraciones que lo representan con gran fidelidad, en funci\u00f3n de sus rasgos f\u00edsicos.<\/p>\n<p><a href=\"https:\/\/www.mumablue.com\/esp\/nuestros-cuentos-personalizados\/cuento-personalizado-de-navidad?utm_source=blog&amp;utm_medium=cuentos-navidad&amp;utm_campaign=article-page&amp;utm_content=salva-navidad\" target=\"_blank\" rel=\"noopener noreferrer\"><img decoding=\"async\" loading=\"lazy\" class=\"alignnone wp-image-5356\" src=\"https:\/\/www.mumablue.com\/blog\/wp-content\/uploads\/2021\/11\/Tu-peque-salva-la-Navidad-1-1.jpg\" alt=\"Cuentos de Navidad para ni\u00f1os\" width=\"715\" height=\"162\" srcset=\"https:\/\/www.mumablue.com\/blog\/wp-content\/uploads\/2021\/11\/Tu-peque-salva-la-Navidad-1-1.jpg 815w, https:\/\/www.mumablue.com\/blog\/wp-content\/uploads\/2021\/11\/Tu-peque-salva-la-Navidad-1-1-300x68.jpg 300w, https:\/\/www.mumablue.com\/blog\/wp-content\/uploads\/2021\/11\/Tu-peque-salva-la-Navidad-1-1-768x174.jpg 768w, https:\/\/www.mumablue.com\/blog\/wp-content\/uploads\/2021\/11\/Tu-peque-salva-la-Navidad-1-1-624x142.jpg 624w\" sizes=\"(max-width: 715px) 100vw, 715px\" \/><\/a><\/p>\n<p>Al igual que el resto de cuentos del cat\u00e1logo Mumablue, \u00ab<a href=\"https:\/\/www.mumablue.com\/esp\/nuestros-cuentos-personalizados\/cuento-personalizado-de-navidad?\/?utm_source=blog&amp;utm_medium=link&amp;utm_campaign=p\u00e1ginas-audiocuentos&amp;utm_content=cuentos-navidad\"><span style=\"color: #3366ff;\">(Nombre de tu peque) salva la Navidad<\/span><\/a>\u00bb\u00a0es rico en valores. En este caso, <strong>se pone de relieve la bondad, la generosidad y la solidaridad<\/strong>, actitudes que son inherentes al esp\u00edritu navide\u00f1o. Al ser un cuento personalizado, el peque\u00f1o lector interioriza mucho mejor la ense\u00f1anza de estos valores, ya que protagoniza en primera persona un relato que le lleva a un comportamiento generoso y bueno.<\/p>\n<p>La historia comienza cuando, la noche de Nochebuena, tu peque escucha un gran estruendo en la calle. <strong>El trineo de Pap\u00e1 Noel se ha estrellado contra una farola y el anciano bonach\u00f3n est\u00e1 muy dolorido<\/strong> por el accidente. \u00a1No podr\u00e1 entregar los regalos! Entonces le pedir\u00e1 a tu peque que los entregue en su lugar. En su recorrido por el mundo, el ni\u00f1o o ni\u00f1a protagonista descubrir\u00e1 que existen ni\u00f1os con menos suerte y tratar\u00e1 de mejorar la Navidad de una familia pobre mediante un inconmensurable acto de generosidad. \u00a1Sin duda se trata de <strong>uno de los cuentos de Navidad para ni\u00f1os m\u00e1s completo, original e ilusionante<\/strong>!<\/p>\n<p>La segunda opci\u00f3n en cuanto a cuentos de Navidad para ni\u00f1os personalizados es \u00ab<a href=\"https:\/\/www.mumablue.com\/esp\/nuestros-cuentos-personalizados\/cuento-personalizado-de-navidad-familia\/?utm_source=blog&amp;utm_medium=link&amp;utm_campaign=p\u00e1ginas-audiocuentos&amp;utm_content=cuentos-navidad\" target=\"_blank\" rel=\"noopener noreferrer\"><span style=\"color: #3366ff;\">Navidades juntos<\/span><\/a>\u00ab, <strong>un relato enternecedor protagonizado por toda la familia<\/strong>, en el que <strong>se pueden personalizar hasta tres ni\u00f1os y dos adultos<\/strong>, siendo los ni\u00f1os hermanos entre s\u00ed, y los adultos padres, abuelos, t\u00edos o padrinos. \u00a1Sin duda un maravilloso regalo para decir cu\u00e1nto les quieres!<\/p>\n<p><a href=\"https:\/\/www.mumablue.com\/esp\/nuestros-cuentos-personalizados\/cuento-personalizado-de-navidad-familia?utm_source=blog&amp;amp;utm_medium=cuentos-navidad&amp;amp;utm_campaign=article-page&amp;amp;utm_content=navidades-juntos\" target=\"_blank\" rel=\"noopener noreferrer\"><img decoding=\"async\" loading=\"lazy\" class=\"alignnone wp-image-6601 size-full\" src=\"https:\/\/www.mumablue.com\/blog\/wp-content\/uploads\/2022\/12\/Banner-navidades-juntos.jpg\" alt=\"cuentos de navidad para ni\u00f1os\" width=\"715\" height=\"162\" srcset=\"https:\/\/www.mumablue.com\/blog\/wp-content\/uploads\/2022\/12\/Banner-navidades-juntos.jpg 715w, https:\/\/www.mumablue.com\/blog\/wp-content\/uploads\/2022\/12\/Banner-navidades-juntos-300x68.jpg 300w, https:\/\/www.mumablue.com\/blog\/wp-content\/uploads\/2022\/12\/Banner-navidades-juntos-624x141.jpg 624w\" sizes=\"(max-width: 715px) 100vw, 715px\" \/><\/a><\/p>\n<p>\u00abNavidades juntos\u00bb recupera el planteamiento de \u00abJuntos\u00bb, el \u00e9xito de ventas de Mumablue, y lo ampl\u00eda en cuanto a n\u00famero de hermanos, una demanda hist\u00f3rica entre nuestros clientes. A todo ello le suma el contexto navide\u00f1o, una \u00e9poca en la que se pone de relieve el valor de la familia. As\u00ed, <strong>los protagonistas de este cuento compartir\u00e1n los momentos m\u00e1s significativos de estas fiestas<\/strong>, tales como visitar un mercadillo navide\u00f1o, montar el \u00e1rbol, acudir a una cabalgata o recibir a los Reyes Magos, entre otras muchas. Un relato costumbrista lleno de magia.<\/p>\n<p>Si quieres ver c\u00f3mo quedar\u00edan estas bonitas historia protagonizadas por miembros de tu familia, puedes leerlos y acceder a una <a href=\"https:\/\/www.mumablue.com\/esp?\/?utm_source=blog&amp;utm_medium=link&amp;utm_campaign=p\u00e1ginas-audiocuentos&amp;utm_content=cuentos-navidad\"><span style=\"color: #3366ff;\">previsualizaci\u00f3n completa gratis<\/span><\/a> y <strong>decidir m\u00e1s f\u00e1cilmente si los pones en la carta a Pap\u00e1 Noel<\/strong>. \ud83d\ude09 Date de alta en el Mumaclub desde nuestra web si quieres recibir ofertas y descuentos exclusivos en nuestros cuentos.<\/p>\n<div style='text-align:left' class='yasr-auto-insert-visitor'><\/div>","protected":false},"excerpt":{"rendered":"<p>Si est\u00e1s buscando cuentos de Navidad para ni\u00f1os originales, tiernos, divertidos&#8230; e incluso propuestas descabelladas, has llegado al mejor de los sitios. Te ofrecemos una selecci\u00f3n de cuentos de Navidad para leer a tus hijos que, adem\u00e1s, incluyen las versi\u00f3n en audiocuento para que disfrut\u00e9is de las historias en familia o los peques se entretengan, [&hellip;]<\/p>\n","protected":false},"author":6,"featured_media":0,"parent":0,"menu_order":0,"comment_status":"closed","ping_status":"closed","template":"","meta":{"yasr_overall_rating":0,"yasr_post_is_review":"","yasr_auto_insert_disabled":"","yasr_review_type":""},"yasr_visitor_votes":{"number_of_votes":11,"sum_votes":47,"stars_attributes":{"read_only":false,"span_bottom":false}},"yoast_head":"<!-- This site is optimized with the Yoast SEO plugin v14.5 - https:\/\/yoast.com\/wordpress\/plugins\/seo\/ -->\n<meta name=\"description\" content=\"Cuentos de Navidad para ni\u00f1os, gratis, para leer o escuchar en audiocuento. Opci\u00f3n para regalo, impreso, personalizado y protagonizada por tu peque.\" \/>\n<meta name=\"robots\" content=\"index, follow\" \/>\n<meta name=\"googlebot\" content=\"index, follow, max-snippet:-1, max-image-preview:large, max-video-preview:-1\" \/>\n<meta name=\"bingbot\" content=\"index, follow, max-snippet:-1, max-image-preview:large, max-video-preview:-1\" \/>\n<link rel=\"canonical\" href=\"https:\/\/www.mumablue.com\/blog\/cuentos-de-navidad-para-ninos-gratis-audiocuentos\/\" \/>\n<meta property=\"og:locale\" content=\"es_ES\" \/>\n<meta property=\"og:type\" content=\"article\" \/>\n<meta property=\"og:title\" content=\"Cuentos de Navidad para ni\u00f1os gratis + audiocuentos - Blog Mumablue\" \/>\n<meta property=\"og:description\" content=\"Cuentos de Navidad para ni\u00f1os, gratis, para leer o escuchar en audiocuento. Opci\u00f3n para regalo, impreso, personalizado y protagonizada por tu peque.\" \/>\n<meta property=\"og:url\" content=\"https:\/\/www.mumablue.com\/blog\/cuentos-de-navidad-para-ninos-gratis-audiocuentos\/\" \/>\n<meta property=\"og:site_name\" content=\"Blog Mumablue\" \/>\n<meta property=\"article:publisher\" content=\"https:\/\/www.facebook.com\/mumablue\/\" \/>\n<meta property=\"article:modified_time\" content=\"2025-05-23T07:54:44+00:00\" \/>\n<meta property=\"og:image\" content=\"https:\/\/www.mumablue.com\/blog\/wp-content\/uploads\/2021\/07\/Cuentos-navide\u00f1os.jpg\" \/>\n<meta name=\"twitter:card\" content=\"summary_large_image\" \/>\n<script type=\"application\/ld+json\" class=\"yoast-schema-graph\">{\"@context\":\"https:\/\/schema.org\",\"@graph\":[{\"@type\":\"Organization\",\"@id\":\"https:\/\/www.mumablue.com\/blog\/#organization\",\"name\":\"Mumablue\",\"url\":\"https:\/\/www.mumablue.com\/blog\/\",\"sameAs\":[\"https:\/\/www.facebook.com\/mumablue\/\",\"https:\/\/www.instagram.com\/mumablue\/?hl=es\"],\"logo\":{\"@type\":\"ImageObject\",\"@id\":\"https:\/\/www.mumablue.com\/blog\/#logo\",\"inLanguage\":\"es\",\"url\":\"https:\/\/www.mumablue.com\/blog\/wp-content\/uploads\/2020\/05\/Blog-Mumablue.png\",\"width\":749,\"height\":269,\"caption\":\"Mumablue\"},\"image\":{\"@id\":\"https:\/\/www.mumablue.com\/blog\/#logo\"}},{\"@type\":\"WebSite\",\"@id\":\"https:\/\/www.mumablue.com\/blog\/#website\",\"url\":\"https:\/\/www.mumablue.com\/blog\/\",\"name\":\"Blog Mumablue\",\"description\":\"Un blog de cuentos y audiocuentos gratis para ni\\u00f1os.\",\"publisher\":{\"@id\":\"https:\/\/www.mumablue.com\/blog\/#organization\"},\"potentialAction\":[{\"@type\":\"SearchAction\",\"target\":\"https:\/\/www.mumablue.com\/blog\/?s={search_term_string}\",\"query-input\":\"required name=search_term_string\"}],\"inLanguage\":\"es\"},{\"@type\":\"ImageObject\",\"@id\":\"https:\/\/www.mumablue.com\/blog\/cuentos-de-navidad-para-ninos-gratis-audiocuentos\/#primaryimage\",\"inLanguage\":\"es\",\"url\":\"https:\/\/www.mumablue.com\/blog\/wp-content\/uploads\/2021\/07\/Cuentos-navide\\u00f1os.jpg\",\"width\":500,\"height\":500,\"caption\":\"cuentos de Navidad para ni\\u00f1os\"},{\"@type\":\"WebPage\",\"@id\":\"https:\/\/www.mumablue.com\/blog\/cuentos-de-navidad-para-ninos-gratis-audiocuentos\/#webpage\",\"url\":\"https:\/\/www.mumablue.com\/blog\/cuentos-de-navidad-para-ninos-gratis-audiocuentos\/\",\"name\":\"Cuentos de Navidad para ni\\u00f1os gratis + audiocuentos - Blog Mumablue\",\"isPartOf\":{\"@id\":\"https:\/\/www.mumablue.com\/blog\/#website\"},\"primaryImageOfPage\":{\"@id\":\"https:\/\/www.mumablue.com\/blog\/cuentos-de-navidad-para-ninos-gratis-audiocuentos\/#primaryimage\"},\"datePublished\":\"2021-11-17T17:22:35+00:00\",\"dateModified\":\"2025-05-23T07:54:44+00:00\",\"description\":\"Cuentos de Navidad para ni\\u00f1os, gratis, para leer o escuchar en audiocuento. Opci\\u00f3n para regalo, impreso, personalizado y protagonizada por tu peque.\",\"inLanguage\":\"es\",\"potentialAction\":[{\"@type\":\"ReadAction\",\"target\":[\"https:\/\/www.mumablue.com\/blog\/cuentos-de-navidad-para-ninos-gratis-audiocuentos\/\"]}]}]}<\/script>\n<!-- \/ Yoast SEO plugin. -->","_links":{"self":[{"href":"https:\/\/www.mumablue.com\/blog\/wp-json\/wp\/v2\/pages\/4730"}],"collection":[{"href":"https:\/\/www.mumablue.com\/blog\/wp-json\/wp\/v2\/pages"}],"about":[{"href":"https:\/\/www.mumablue.com\/blog\/wp-json\/wp\/v2\/types\/page"}],"author":[{"embeddable":true,"href":"https:\/\/www.mumablue.com\/blog\/wp-json\/wp\/v2\/users\/6"}],"replies":[{"embeddable":true,"href":"https:\/\/www.mumablue.com\/blog\/wp-json\/wp\/v2\/comments?post=4730"}],"version-history":[{"count":23,"href":"https:\/\/www.mumablue.com\/blog\/wp-json\/wp\/v2\/pages\/4730\/revisions"}],"predecessor-version":[{"id":7540,"href":"https:\/\/www.mumablue.com\/blog\/wp-json\/wp\/v2\/pages\/4730\/revisions\/7540"}],"wp:attachment":[{"href":"https:\/\/www.mumablue.com\/blog\/wp-json\/wp\/v2\/media?parent=4730"}],"curies":[{"name":"wp","href":"https:\/\/api.w.org\/{rel}","templated":true}]}}