{"id":4703,"date":"2021-11-19T09:39:33","date_gmt":"2021-11-19T09:39:33","guid":{"rendered":"https:\/\/mumablue.com\/blog\/?page_id=4703"},"modified":"2025-04-08T11:27:14","modified_gmt":"2025-04-08T11:27:14","slug":"cuento-del-ratoncito-perez-audiocuento-elige-tu-aventura-gratis","status":"publish","type":"page","link":"https:\/\/www.mumablue.com\/blog\/cuento-del-ratoncito-perez-audiocuento-elige-tu-aventura-gratis\/","title":{"rendered":"Cuento del ratoncito P\u00e9rez + audiocuento elige tu aventura gratis"},"content":{"rendered":"<p><img decoding=\"async\" loading=\"lazy\" class=\"alignnone size-full wp-image-5378\" src=\"https:\/\/www.mumablue.com\/blog\/wp-content\/uploads\/2021\/11\/El-misterio-del-ratoncito-P\u00e9rez-1.png\" alt=\"Cuento del ratoncito P\u00e9rez\" width=\"500\" height=\"500\" srcset=\"https:\/\/www.mumablue.com\/blog\/wp-content\/uploads\/2021\/11\/El-misterio-del-ratoncito-P\u00e9rez-1.png 500w, https:\/\/www.mumablue.com\/blog\/wp-content\/uploads\/2021\/11\/El-misterio-del-ratoncito-P\u00e9rez-1-300x300.png 300w, https:\/\/www.mumablue.com\/blog\/wp-content\/uploads\/2021\/11\/El-misterio-del-ratoncito-P\u00e9rez-1-150x150.png 150w\" sizes=\"(max-width: 500px) 100vw, 500px\" \/><\/p>\n<p>La propuesta de hoy os va a encantar, \u00a1ya lo ver\u00e9is! Se trata de un cuento del ratoncito P\u00e9rez para leer que da mucho de s\u00ed. No s\u00f3lo te ofrecemos una versi\u00f3n para que se lo puedas leer a tu peque directamente, sino que <strong>tambi\u00e9n podr\u00e1s disfrutar de un audiocuento del ratoncito P\u00e9rez en formato elige tu propia aventura<\/strong>, en una versi\u00f3n extendida. \u00a1Algo que nunca se ha hecho!<\/p>\n<p>Adem\u00e1s, si le gusta este audiocuento lo pod\u00e9is conseguir en versi\u00f3n impresa y personalizada,<strong> un cuento del ratoncito P\u00e9rez en el que tu peque ser\u00e1 el \u00fanico protagonista con su nombre propio<\/strong> y diversas ilustraciones que le representen atendiendo a sus rasgos f\u00edsicos. Haz clic en la imagen para conseguirlo.<\/p>\n<p><a href=\"https:\/\/www.mumablue.com\/esp\/nuestros-cuentos-personalizados\/cuento-personalizado-ratoncito-perez?utm_source=blog&amp;utm_medium=banner&amp;utm_campaign=p\u00e1ginas-audiocuentos&amp;utm_content=cuento-navidad-leer=cuento-ratoncito-perez\"><img decoding=\"async\" loading=\"lazy\" class=\"alignnone wp-image-5375 size-full\" src=\"https:\/\/www.mumablue.com\/blog\/wp-content\/uploads\/2021\/11\/Cuento-personalizado-rat\u00f3n-P\u00e9rez.jpg\" alt=\"cuento del ratoncito P\u00e9rez\" width=\"715\" height=\"163\" srcset=\"https:\/\/www.mumablue.com\/blog\/wp-content\/uploads\/2021\/11\/Cuento-personalizado-rat\u00f3n-P\u00e9rez.jpg 715w, https:\/\/www.mumablue.com\/blog\/wp-content\/uploads\/2021\/11\/Cuento-personalizado-rat\u00f3n-P\u00e9rez-300x68.jpg 300w, https:\/\/www.mumablue.com\/blog\/wp-content\/uploads\/2021\/11\/Cuento-personalizado-rat\u00f3n-P\u00e9rez-624x142.jpg 624w\" sizes=\"(max-width: 715px) 100vw, 715px\" \/><\/a><\/p>\n<p>Aqu\u00ed ten\u00e9is el audiocuento del ratoncito P\u00e9rez en formato \u00abelige tu propia aventura\u00bb y narrado en segunda persona.<\/p>\n<p>Para una buena experiencia de escucha sigue estos sencillos pasos:<\/p>\n<ol>\n<li><strong>Pulsa <em>play<\/em><\/strong> para comenzar a escuchar \u00abEl misterio del ratoncito P\u00e9rez\u00bb<\/li>\n<li>En la ventanita que se te despliega, <strong>pulsa en \u00abReproducir en Navegador\u00bb<\/strong><\/li>\n<li><strong>Sigue las indicaciones de recorrido<\/strong> que se dan al final de cada uno de los audios.<\/li>\n<li><strong>Elige tu camino antes de que se termine la cola de silencio<\/strong> que hay al final de cada audio para evitar que salte el siguiente fragmento y se rompa la magia. Si ves que no te va a dar tiempo, pausa el audio.<\/li>\n<li>Una vez finalizado un recorrido, <strong>vuelve al principio e intenta una aventura diferente<\/strong>.<\/li>\n<\/ol>\n<p><iframe loading=\"lazy\" src=\"https:\/\/www.ivoox.com\/player_es_podcast_1356342_zp_1.html?c1=1b475a\" width=\"200%\" height=\"440\" frameborder=\"0\" scrolling=\"no\" allowfullscreen=\"allowfullscreen\"><span data-mce-type=\"bookmark\" style=\"display: inline-block; width: 0px; overflow: hidden; line-height: 0;\" class=\"mce_SELRES_start\">\ufeff<\/span><\/iframe><\/p>\n<h6><strong>M\u00fasicas Public Domain: <a href=\"https:\/\/freepd.com\/upbeat.php\"><span style=\"color: #3366ff;\">And Just like that<\/span><\/a>, por Brian Teoh; <a href=\"https:\/\/freepd.com\/Page2\/\"><span style=\"color: #3366ff;\">Picket Villian<\/span><\/a> (Anonymous); <span style=\"color: #3366ff;\"><a style=\"color: #3366ff;\" href=\"https:\/\/freepd.com\/scoring.php\">Novus initium<\/a><\/span>, por Alexander Nakarada; <a href=\"https:\/\/freepd.com\/romantic.php\"><span style=\"color: #3366ff;\">Romantic inspiration<\/span><\/a>, por Rafael Krux.<\/strong><\/h6>\n<p><strong>Si lo que buscabas es un cuento del rat\u00f3n P\u00e9rez para leer<\/strong>, sin m\u00e1s, encontrar\u00e1s una de las historias que aqu\u00ed se plantean, narrada de forma lineal, a continuaci\u00f3n.<\/p>\n<h2>El misterio de ratoncito P\u00e9rez<\/h2>\n<p>\u00a1Hoy es un d\u00eda muy especial! Est\u00e1s feliz porque se te ha ca\u00eddo un diente. Por la noche lo pondr\u00e1s bajo la almohada para que lo recoja el ratoncito P\u00e9rez. \u00bfQu\u00e9 te dejar\u00e1 a cambio? A pesar de los nervios que sientes en el est\u00f3mago, por fin consigues dormirte.<\/p>\n<p>A la ma\u00f1ana siguiente, sobre tu mesilla, hay un paquetito muy bien envuelto. \u00a1Es un Diario de Explorador! En \u00e9l podr\u00e1s escribir todas tus maravillosas aventuras. Algo que brilla en el suelo llama tu atenci\u00f3n. \u00a1Es tu diente! \u00a1Seguro que el ratoncito P\u00e9rez lo ha perdido mientras sal\u00eda de la habitaci\u00f3n!<\/p>\n<p>Sabes que lo m\u00e1s correcto es<span style=\"font-weight: 400;\"> devolv\u00e9rselo. \u00a1Ser\u00e1 la primera gran aventura para tu nuevo Diario de Explorador! Pero no sabe d\u00f3nde encontrarlo. Si fueras rat\u00f3n te esconder\u00edas&#8230; \u00a1En el parque! Es un lugar tranquilo, hay flores y viven animales.<\/span><\/p>\n<p><span style=\"font-weight: 400;\">Al entrar en el parque te topas con una curiosa encrucijada. El camino de la izquierda contin\u00faa por el parque municipal y el camino de la derecha se adentra en el Bosque Tenebroso. Del interior del bosque provienen graznidos de aves misteriosas. Es dif\u00edcil saber si un rat\u00f3n elegir\u00eda un lugar as\u00ed para esconderse, pero sabes que no deber\u00edas adentrarte en ese lugar tenebroso sin la compa\u00f1\u00eda de un adulto.<\/span><\/p>\n<p>De manera que decides continuar por el parque y\u00a0<span style=\"font-weight: 400;\">buscar entre los laber\u00ednticos caminos hechos con setos. Al llegar a una zona boscosa, escuchas un ruido entre las hojas secas. \u00bfSer\u00e1 el ratoncito P\u00e9rez? No, es una ardilla que est\u00e1 recolectando avellanas para llenar su despensa.\u00a0<\/span><\/p>\n<p><span style=\"font-weight: 400;\">&#8211; Hola. Busco al ratoncito P\u00e9rez para devolverle un diente que ha perdido. \u00bfLo has visto? -preguntas.<\/span><\/p>\n<p><span style=\"font-weight: 400;\">&#8211; Quiz\u00e1 lo encuentres en el Gran \u00c1rbol de los Ratones que est\u00e1 al otro lado de la carretera. Puedes intentar cruzarla o buscar en la orilla del r\u00edo. A veces va all\u00ed a refrescarse- responde la ardilla.<\/span><\/p>\n<p><span style=\"font-weight: 400;\">Cruzar la carretera es a\u00fan m\u00e1s peligroso que un bosque t\u00e9trico, as\u00ed que decides mirar en la orilla del r\u00edo. Al llegar, escuchas un chapoteo y unos gemidos. \u00a1Un perrito ha ca\u00eddo al r\u00edo y no sabe nadar! Acudes a rescatarlo sin pens\u00e1rtelo dos veces. Una vez fuera del agua, te das cuenta de que el cachorro se ha perdido. Al levantar la vista para buscar al due\u00f1o, ves un gran cartel en la fachada del edificio de enfrente.<\/span><\/p>\n<p><i><span style=\"font-weight: 400;\">DETECTIVE: Encuentro cualquier cosa, por dif\u00edcil que sea<\/span><\/i><\/p>\n<p><span style=\"font-size: 1rem;\">\u00a1Eso es! \u00a1Podr\u00edas pedirle a un detective que te ayude a encontrar al ratoncito P\u00e9rez. Pero pronto tu entusiasmo se desvanece: lo m\u00e1s correcto ser\u00eda buscar al due\u00f1o del cachorro y continuar la b\u00fasqueda cuando el perrito est\u00e9 completamente a salvo.<\/span><\/p>\n<p><span style=\"font-weight: 400;\">Tras preguntar a varias personas consigues encontrar al due\u00f1o. Se trata de un se\u00f1or con un gran bigote que abraza a su perro, entre l\u00e1grimas, mientras \u00e9ste le propina grandes lametazos en la cara. <\/span><\/p>\n<p><span style=\"font-size: 1rem;\">El se\u00f1or del bigote est\u00e1 muy agradecido y te recompensa con una brillante moneda. \u00a1Podr\u00e1s comprar un mont\u00f3n de golosinas! O tal vez deber\u00edas ir al mercado y gastar el dinero en v\u00edveres que te permitan continuar la b\u00fasqueda&#8230;\u00a0<\/span><\/p>\n<p>La idea de poder comprar muchas golosinas es demasiado tentadora, de manera que olvidas tu misi\u00f3n y te diriges\u00a0<span style=\"font-weight: 400;\">hasta la tienda de dulces. \u00a1Es incre\u00edble! Cientos, miles de golosinas se amontonan por todas partes. Hay caramelos, gominolas, chocolate\u2026 \u00a1Con la moneda podr\u00e1s comprar un mont\u00f3n de cada!<\/span><\/p>\n<p><span style=\"font-size: 1rem;\">Regresas al parque cargada con una gran bolsa de chuches y te sientas en un banco. Comes una golosina tras otra cuando ves aproximarse un grupo de ni\u00f1os.\u00a0<\/span><\/p>\n<p><span style=\"font-weight: 400;\">-\u00bfNos das unas pocas? -pregunta uno de ellos.<\/span><\/p>\n<p><span style=\"font-weight: 400;\">Sabes que hay que ser generosa pero son demasiados ni\u00f1os. \u00a1Si las repartes te quedar\u00e1s sin ninguna!<\/span><\/p>\n<p>Tras dudar un momento decides que lo mejor es compartirlas y as\u00ed hacer nuevos amigos que te puedan ayudar en tu b\u00fasqueda. Mientras os hart\u00e1is a dulces, le cuentas a los ni\u00f1os cu\u00e1l es tu misi\u00f3n. Cuando acabas de contar tu historia,\u00a0<span style=\"font-weight: 400;\">uno de los ni\u00f1os te desvela el tan bien guardado secreto: el ratoncito P\u00e9rez vive en el mercado donde trabaja su pap\u00e1, entre el puesto de los quesos y el de las flores. Corres hacia el mercado como alma que lleva el diablo y encuentras una peque\u00f1a puertecita justo en el lugar que te ha indicado el ni\u00f1o.<\/span><\/p>\n<p><span style=\"font-weight: 400;\">Entonces te agachas, empujas suavemente la puertecita con los nudillos y mira por el agujero. \u00a1Es una preciosa casita de marfil! Desde el suelo hasta el techo, todo est\u00e1 construido con brillantes dientes de leche. No hay ni rastro del ratoncito P\u00e9rez\/Hada de los dientes. \u00a1Seguramente se haya asustado y est\u00e9 escondido\/a!<\/span><\/p>\n<p><span style=\"font-size: 1rem;\">Como si hablaras con un fantasma, explicas el motivo de tu visita mientras depositas el diente dentro de la casita y te alejas. El ratoncito P\u00e9rez se aproxima despacio, agarra el diente y lo observa detenidamente antes de darse cuenta de que es el mismo que perdi\u00f3 anoche. \u00a1Te ha reconocido! Enternecido por tu bondad, corre a abrazarte y te da las gracias.<\/span><\/p>\n<p><span style=\"font-weight: 400;\">\u00a1Has cumplido tu misi\u00f3n! El ratoncito P\u00e9rez te propone dar un paseo por el parque. Mientras descansais bajo unos bonitos \u00e1rboles, le relatas tu extraordinaria aventura mientras el rat\u00f3n te escucha con atenci\u00f3n. \u00a1Sin duda ser\u00e1 una historia incre\u00edble para su Diario de Explorador!<\/span><\/p>\n<p><span style=\"font-weight: 400;\">A partir de ahora<\/span><span style=\"font-weight: 400;\">, cada vez que se <\/span><span style=\"font-weight: 400;\">te caiga<\/span><span style=\"font-weight: 400;\"> un nuevo diente, lo <\/span><span style=\"font-weight: 400;\">dejar\u00e1s<\/span><span style=\"font-weight: 400;\"> bajo la almohada junto con tu Diario de Explorador y una peque\u00f1a linterna. As\u00ed el ratoncito P\u00e9rez se mantendr\u00e1 bien informado de sus \u00faltimas y maravillosas aventuras.<\/span><\/p>\n<h3 style=\"text-align: center;\"><span style=\"color: #800080;\">Accede a la versi\u00f3n en ingl\u00e9s: <a href=\"https:\/\/www.mumablue.com\/blog\/tooth-fairy-story-for-kids\/\">The Mistery of Tooth Fairy<\/a><\/span><\/h3>\n<h2>Cuento del ratoncito P\u00e9rez personalizado, impreso, tipo \u00abelige tu aventura\u00bb<\/h2>\n<p><img decoding=\"async\" loading=\"lazy\" class=\"alignnone size-full wp-image-5169\" src=\"https:\/\/www.mumablue.com\/blog\/wp-content\/uploads\/2021\/11\/CUENTO-RAT\u00d3N-P\u00c9REZ.jpg\" alt=\"Cuento personalizado del ratoncito P\u00e9rez\" width=\"500\" height=\"308\" srcset=\"https:\/\/www.mumablue.com\/blog\/wp-content\/uploads\/2021\/11\/CUENTO-RAT\u00d3N-P\u00c9REZ.jpg 500w, https:\/\/www.mumablue.com\/blog\/wp-content\/uploads\/2021\/11\/CUENTO-RAT\u00d3N-P\u00c9REZ-300x185.jpg 300w\" sizes=\"(max-width: 500px) 100vw, 500px\" \/><\/p>\n<p>Si a tu peque le ha gustado nuestra propuesta, puedes ir un paso m\u00e1s all\u00e1, porque en Mumablue hemos creado el cuento \u00ab<span style=\"color: #3366ff;\"><a style=\"color: #3366ff;\" href=\"https:\/\/www.mumablue.com\/esp\/nuestros-cuentos-personalizados\/cuento-personalizado-ratoncito-perez?utm_source=blog&amp;utm_medium=link&amp;utm_campaign=p\u00e1ginas-audiocuentos&amp;utm_content=cuento-ratoncito-perez\">(Nombre de tu peque) y el misterio del ratoncito P\u00e9rez<\/a><\/span>\u00ab, una propuesta editorial \u00fanica, ya que <strong>se trata del primer cuento personalizado en formato \u00abelige tu propia aventura\u00bb<\/strong>, de manera que no s\u00f3lo estar\u00e1 protagonizada por el ni\u00f1o o ni\u00f1a que lo recibe, en primera persona, sino que \u00e9ste podr\u00e1 determinar el recorrido del relato.<\/p>\n<p>Este cuento del ratoncito P\u00e9rez es comienza cuando el peque\u00f1o protagonista pierde un diente de leche y lo deja debajo de la almohada, tal y como le est\u00e1 sucediendo al ni\u00f1o o la ni\u00f1a en la vida real. Es por eso que su lectura se convierte en una experiencia inmersiva realmente m\u00e1gica. A lo largo del relato, el peque\u00f1o lector <strong>deber\u00e1 enfrentarse a diversas decisiones asentadas sobre valores como la prudencia, la bondad o la generosidad<\/strong>. S\u00f3lo si toma las decisiones correctas lograr\u00e1 cumplir la misi\u00f3n.<\/p>\n<p>\u00ab<span style=\"color: #3366ff;\"><a style=\"color: #3366ff;\" href=\"https:\/\/www.mumablue.com\/esp\/nuestros-cuentos-personalizados\/cuento-personalizado-ratoncito-perez?utm_source=blog&amp;utm_medium=link&amp;utm_campaign=p\u00e1ginas-audiocuentos&amp;utm_content=cuento-ratoncito-perez\">(Nombre de tu peque) y el misterio del ratoncito P\u00e9rez<\/a><\/span>\u00bb se construye sobre dos historias principales, ampliamente diferenciadas, y cada una de ellas posibilita diversos desarrollos distintos, hasta el punto de que <strong>el peque\u00f1o encontrar\u00e1 25 historias diferentes en un solo libro.<\/strong> El cuento tiene dos finales: uno en el que se logra el objetivo y otro en el que no. Todos los cuentos Mumablue educan en valores pero, en este caso, no se le indica al ni\u00f1o de forma directa lo que es bueno o malo, sino que se le invita a descubrirlo por s\u00ed mismo: <strong>solo si toma las decisiones correctas en cada p\u00e1gina lograr\u00e1 cumplir su misi\u00f3n.<\/strong><\/p>\n<p><a href=\"https:\/\/www.mumablue.com\/esp\/nuestros-cuentos-personalizados\/cuento-personalizado-ratoncito-perez?utm_source=blog&amp;utm_medium=banner&amp;utm_campaign=p\u00e1ginas-audiocuentos&amp;utm_content=cuento-navidad-leer=cuento-ratoncito-perez\"><img decoding=\"async\" loading=\"lazy\" class=\"alignnone wp-image-5375 size-full\" src=\"https:\/\/www.mumablue.com\/blog\/wp-content\/uploads\/2021\/11\/Cuento-personalizado-rat\u00f3n-P\u00e9rez.jpg\" alt=\"cuento del ratoncito P\u00e9rez\" width=\"715\" height=\"163\" srcset=\"https:\/\/www.mumablue.com\/blog\/wp-content\/uploads\/2021\/11\/Cuento-personalizado-rat\u00f3n-P\u00e9rez.jpg 715w, https:\/\/www.mumablue.com\/blog\/wp-content\/uploads\/2021\/11\/Cuento-personalizado-rat\u00f3n-P\u00e9rez-300x68.jpg 300w, https:\/\/www.mumablue.com\/blog\/wp-content\/uploads\/2021\/11\/Cuento-personalizado-rat\u00f3n-P\u00e9rez-624x142.jpg 624w\" sizes=\"(max-width: 715px) 100vw, 715px\" \/><\/a><\/p>\n<h2>C\u00f3mo son los cuentos personalizados Mumablue<\/h2>\n<p>Nuestros cuentos nacieron con un \u00fanico objetivo: despertar en ni\u00f1os y ni\u00f1as el amor por la lectura. Es por ello que <strong>cada cuento es \u00fanico y se imprime en exclusiva para cada ni\u00f1o, que lo protagoniza con su nombre<\/strong> propio y se descubre en cada ilustraci\u00f3n gracias al avanzado motor de personalizaci\u00f3n de Mumablue, que permite crear un avatar del peque atendiendo a sus rasgos f\u00edsicos principales: color de piel, forma y color de ojos, peinado y color de pelo&#8230; o a\u00f1adiendo complementos como gafas, lazos o pendientes. Algunos de ellos permiten <strong>personalizar, incluso, la propia portada, como es el caso de este cuento del ratoncito P\u00e9rez.<\/strong><\/p>\n<p>El resultado es un ejemplar \u00fanico, con bonitas ilustraciones realizadas a mano, impreso en papel de alta calidad revestido de barniz antihuellas. Todos los cuentos personalizados est\u00e1n encuadernados en tapa dura y tienen una medida ergon\u00f3mica de 22&#215;22 cm. \u00a0Mumablue. 41 p\u00e1ginas a todo color entre las que destaca una 100% personalizable, donde <strong>se puede a\u00f1adir una dedicatoria personal para el ni\u00f1o e incluir una foto del peque\u00f1o<\/strong>. \u00a1As\u00ed se convierte en un bonito recuerdo para toda la vida!<\/p>\n<p>Si tienes curiosidad y deseas ver c\u00f3mo quedar\u00eda, puedes <strong>personalizar a tu peque en tres minutos y acceder gratis a una previsualizaci\u00f3n<\/strong> completa del cuento. Eso s\u00ed, recuerda que en la <em>preview<\/em> no ser\u00e1 posible recrear una lectura interactiva atendiendo a las decisiones que se tomen a lo largo de la lectura, pero ser\u00e1 suficiente para que te hagas una idea de c\u00f3mo quedar\u00eda con tu peque en las ilustraciones y de cu\u00e1les son las dos historias principales.<\/p>\n<p>\u00a1Sin duda este cuento del rat\u00f3n P\u00e9rez personalizado <strong>ser\u00e1 el mejor regalo que el ratoncito le deje bajo la almohada a tu peque<\/strong> cuando se le caiga un diente!<\/p>\n<div style='text-align:left' class='yasr-auto-insert-visitor'><\/div>","protected":false},"excerpt":{"rendered":"<p>La propuesta de hoy os va a encantar, \u00a1ya lo ver\u00e9is! Se trata de un cuento del ratoncito P\u00e9rez para leer que da mucho de s\u00ed. No s\u00f3lo te ofrecemos una versi\u00f3n para que se lo puedas leer a tu peque directamente, sino que tambi\u00e9n podr\u00e1s disfrutar de un audiocuento del ratoncito P\u00e9rez en formato [&hellip;]<\/p>\n","protected":false},"author":6,"featured_media":0,"parent":0,"menu_order":0,"comment_status":"closed","ping_status":"closed","template":"","meta":{"yasr_overall_rating":0,"yasr_post_is_review":"","yasr_auto_insert_disabled":"","yasr_review_type":""},"yasr_visitor_votes":{"number_of_votes":130,"sum_votes":566,"stars_attributes":{"read_only":false,"span_bottom":false}},"yoast_head":"<!-- This site is optimized with the Yoast SEO plugin v14.5 - https:\/\/yoast.com\/wordpress\/plugins\/seo\/ -->\n<meta name=\"description\" content=\"Cuento del ratoncito P\u00e9rez en tres versiones: cuento para leer, audiocuento interactivo y versi\u00f3n impresa personalizada tipo &quot;elige tu aventura&quot;. \u00a1Flipar\u00e1!\" \/>\n<meta name=\"robots\" content=\"index, follow\" \/>\n<meta name=\"googlebot\" content=\"index, follow, max-snippet:-1, max-image-preview:large, max-video-preview:-1\" \/>\n<meta name=\"bingbot\" content=\"index, follow, max-snippet:-1, max-image-preview:large, max-video-preview:-1\" \/>\n<link rel=\"canonical\" href=\"https:\/\/www.mumablue.com\/blog\/cuento-del-ratoncito-perez-audiocuento-elige-tu-aventura-gratis\/\" \/>\n<meta property=\"og:locale\" content=\"es_ES\" \/>\n<meta property=\"og:type\" content=\"article\" \/>\n<meta property=\"og:title\" content=\"Cuento del ratoncito P\u00e9rez + audiocuento elige tu aventura gratis - Blog Mumablue\" \/>\n<meta property=\"og:description\" content=\"Cuento del ratoncito P\u00e9rez en tres versiones: cuento para leer, audiocuento interactivo y versi\u00f3n impresa personalizada tipo &quot;elige tu aventura&quot;. \u00a1Flipar\u00e1!\" \/>\n<meta property=\"og:url\" content=\"https:\/\/www.mumablue.com\/blog\/cuento-del-ratoncito-perez-audiocuento-elige-tu-aventura-gratis\/\" \/>\n<meta property=\"og:site_name\" content=\"Blog Mumablue\" \/>\n<meta property=\"article:publisher\" content=\"https:\/\/www.facebook.com\/mumablue\/\" \/>\n<meta property=\"article:modified_time\" content=\"2025-04-08T11:27:14+00:00\" \/>\n<meta property=\"og:image\" content=\"https:\/\/www.mumablue.com\/blog\/wp-content\/uploads\/2021\/11\/El-misterio-del-ratoncito-P\u00e9rez-1.png\" \/>\n<meta name=\"twitter:card\" content=\"summary_large_image\" \/>\n<script type=\"application\/ld+json\" class=\"yoast-schema-graph\">{\"@context\":\"https:\/\/schema.org\",\"@graph\":[{\"@type\":\"Organization\",\"@id\":\"https:\/\/www.mumablue.com\/blog\/#organization\",\"name\":\"Mumablue\",\"url\":\"https:\/\/www.mumablue.com\/blog\/\",\"sameAs\":[\"https:\/\/www.facebook.com\/mumablue\/\",\"https:\/\/www.instagram.com\/mumablue\/?hl=es\"],\"logo\":{\"@type\":\"ImageObject\",\"@id\":\"https:\/\/www.mumablue.com\/blog\/#logo\",\"inLanguage\":\"es\",\"url\":\"https:\/\/www.mumablue.com\/blog\/wp-content\/uploads\/2020\/05\/Blog-Mumablue.png\",\"width\":749,\"height\":269,\"caption\":\"Mumablue\"},\"image\":{\"@id\":\"https:\/\/www.mumablue.com\/blog\/#logo\"}},{\"@type\":\"WebSite\",\"@id\":\"https:\/\/www.mumablue.com\/blog\/#website\",\"url\":\"https:\/\/www.mumablue.com\/blog\/\",\"name\":\"Blog Mumablue\",\"description\":\"Un blog de cuentos y audiocuentos gratis para ni\\u00f1os.\",\"publisher\":{\"@id\":\"https:\/\/www.mumablue.com\/blog\/#organization\"},\"potentialAction\":[{\"@type\":\"SearchAction\",\"target\":\"https:\/\/www.mumablue.com\/blog\/?s={search_term_string}\",\"query-input\":\"required name=search_term_string\"}],\"inLanguage\":\"es\"},{\"@type\":\"ImageObject\",\"@id\":\"https:\/\/www.mumablue.com\/blog\/cuento-del-ratoncito-perez-audiocuento-elige-tu-aventura-gratis\/#primaryimage\",\"inLanguage\":\"es\",\"url\":\"https:\/\/www.mumablue.com\/blog\/wp-content\/uploads\/2021\/11\/El-misterio-del-ratoncito-P\\u00e9rez-1.png\",\"width\":500,\"height\":500,\"caption\":\"Cuento del ratoncito P\\u00e9rez\"},{\"@type\":\"WebPage\",\"@id\":\"https:\/\/www.mumablue.com\/blog\/cuento-del-ratoncito-perez-audiocuento-elige-tu-aventura-gratis\/#webpage\",\"url\":\"https:\/\/www.mumablue.com\/blog\/cuento-del-ratoncito-perez-audiocuento-elige-tu-aventura-gratis\/\",\"name\":\"Cuento del ratoncito P\\u00e9rez + audiocuento elige tu aventura gratis - Blog Mumablue\",\"isPartOf\":{\"@id\":\"https:\/\/www.mumablue.com\/blog\/#website\"},\"primaryImageOfPage\":{\"@id\":\"https:\/\/www.mumablue.com\/blog\/cuento-del-ratoncito-perez-audiocuento-elige-tu-aventura-gratis\/#primaryimage\"},\"datePublished\":\"2021-11-19T09:39:33+00:00\",\"dateModified\":\"2025-04-08T11:27:14+00:00\",\"description\":\"Cuento del ratoncito P\\u00e9rez en tres versiones: cuento para leer, audiocuento interactivo y versi\\u00f3n impresa personalizada tipo \\\"elige tu aventura\\\". \\u00a1Flipar\\u00e1!\",\"inLanguage\":\"es\",\"potentialAction\":[{\"@type\":\"ReadAction\",\"target\":[\"https:\/\/www.mumablue.com\/blog\/cuento-del-ratoncito-perez-audiocuento-elige-tu-aventura-gratis\/\"]}]}]}<\/script>\n<!-- \/ Yoast SEO plugin. -->","_links":{"self":[{"href":"https:\/\/www.mumablue.com\/blog\/wp-json\/wp\/v2\/pages\/4703"}],"collection":[{"href":"https:\/\/www.mumablue.com\/blog\/wp-json\/wp\/v2\/pages"}],"about":[{"href":"https:\/\/www.mumablue.com\/blog\/wp-json\/wp\/v2\/types\/page"}],"author":[{"embeddable":true,"href":"https:\/\/www.mumablue.com\/blog\/wp-json\/wp\/v2\/users\/6"}],"replies":[{"embeddable":true,"href":"https:\/\/www.mumablue.com\/blog\/wp-json\/wp\/v2\/comments?post=4703"}],"version-history":[{"count":12,"href":"https:\/\/www.mumablue.com\/blog\/wp-json\/wp\/v2\/pages\/4703\/revisions"}],"predecessor-version":[{"id":7440,"href":"https:\/\/www.mumablue.com\/blog\/wp-json\/wp\/v2\/pages\/4703\/revisions\/7440"}],"wp:attachment":[{"href":"https:\/\/www.mumablue.com\/blog\/wp-json\/wp\/v2\/media?parent=4703"}],"curies":[{"name":"wp","href":"https:\/\/api.w.org\/{rel}","templated":true}]}}