{"id":4662,"date":"2021-07-12T11:59:58","date_gmt":"2021-07-12T11:59:58","guid":{"rendered":"https:\/\/mumablue.com\/blog\/?page_id=4662"},"modified":"2025-04-08T08:23:27","modified_gmt":"2025-04-08T08:23:27","slug":"felicitaciones-de-cumpleanos-originales-para-ninos-gratis","status":"publish","type":"page","link":"https:\/\/www.mumablue.com\/blog\/felicitaciones-de-cumpleanos-originales-para-ninos-gratis\/","title":{"rendered":"Felicitaciones de cumplea\u00f1os originales para ni\u00f1os gratis"},"content":{"rendered":"<p><img decoding=\"async\" loading=\"lazy\" class=\"alignnone size-full wp-image-4340\" src=\"https:\/\/www.mumablue.com\/blog\/wp-content\/uploads\/2021\/07\/Regalo-original-cumplea\u00f1os-ni\u00f1os.jpg\" alt=\"Regalos originales de cumplea\u00f1os para ni\u00f1os\" width=\"500\" height=\"499\" srcset=\"https:\/\/www.mumablue.com\/blog\/wp-content\/uploads\/2021\/07\/Regalo-original-cumplea\u00f1os-ni\u00f1os.jpg 500w, https:\/\/www.mumablue.com\/blog\/wp-content\/uploads\/2021\/07\/Regalo-original-cumplea\u00f1os-ni\u00f1os-300x300.jpg 300w, https:\/\/www.mumablue.com\/blog\/wp-content\/uploads\/2021\/07\/Regalo-original-cumplea\u00f1os-ni\u00f1os-150x150.jpg 150w\" sizes=\"(max-width: 500px) 100vw, 500px\" \/><\/p>\n<p>Si est\u00e1s buscando felicitaciones de cumplea\u00f1os originales para ni\u00f1os es porque dentro de poco es el cumple de un peque muy especial&#8230; \u00a1Y eso hay que celebrarlo! La originalidad es relativa: son muchos los sitios donde se dan ideas de felicitaciones de cumplea\u00f1os originales para ni\u00f1os, pero nosotros vamos m\u00e1s all\u00e1:<strong> \u00a1Te ofrecemos dos tipos de felicitaciones \u00fanicas!<\/strong><\/p>\n<p>La primera de ellas te la regalamos: es gratuita. <strong>Se trata de una audio-felicitaci\u00f3n de cumplea\u00f1os muy especial<\/strong>, en la que los personajes de los cuentos felicitan al peque, habl\u00e1ndole directamente. \u00bfNo es fant\u00e1stico? Los ni\u00f1os ALUCINAN, literalmente, cuando la escuchan. Te la dejamos aqu\u00ed para que puedas utilizarla cuando quieras.<\/p>\n<h2>Audio-felicitaci\u00f3n de cumplea\u00f1os<\/h2>\n<h6><iframe id=\"audio_72664604\" style=\"width: 100%;\" src=\"https:\/\/www.ivoox.com\/player_ej_72664604_6_1.html\" height=\"200\" frameborder=\"0\" scrolling=\"no\" allowfullscreen=\"allowfullscreen\"><\/iframe>M\u00fasica Dominio P\u00fablico: <span style=\"color: #3366ff;\"><a style=\"color: #3366ff;\" href=\"https:\/\/www.youtube.com\/watch?v=mD-E3WBChZ8\">Happy Birthday Metal Cover<\/a><\/span> (AlHer94), <span style=\"color: #3366ff;\"><a style=\"color: #3366ff;\" href=\"https:\/\/www.youtube.com\/watch?v=IjSCRDLC6MA\">It&#8217;s your birthday<\/a><\/span> (Monk Turner &amp; Fascinoma)<\/h6>\n<p>\u00a1Espera! Si tienes tiempo porque a\u00fan faltan un par de d\u00edas para su cumple, te sugerimos que, antes de ponerle su audio-felicitaci\u00f3n de cumplea\u00f1os, le introduzcas a los personajes ense\u00f1\u00e1ndole estos dos audiocuentos la mar de divertidos.<strong> \u00a1Disfrutar\u00e1 a\u00fan m\u00e1s si reconoce sus voces en su audio-felicitaci\u00f3n!<\/strong><\/p>\n<div id=\"buzzsprout-player-6395023\"><\/div>\n<p><script src=\"https:\/\/www.buzzsprout.com\/937792\/6395023-caperucita-rebelde.js?container_id=buzzsprout-player-6395023&#038;player=small\" type=\"text\/javascript\" charset=\"utf-8\"><\/script><\/p>\n<div id=\"buzzsprout-player-3355783\"><\/div>\n<p><script src=\"https:\/\/www.buzzsprout.com\/937792\/3355783-la-verdadera-historia-de-hansel-y-gretel.js?container_id=buzzsprout-player-3355783&#038;player=small\" type=\"text\/javascript\" charset=\"utf-8\"><\/script><\/p>\n<h2>Cuento personalizado de cumplea\u00f1os para ni\u00f1os<\/h2>\n<p>Si quieres ir mucho m\u00e1s all\u00e1 y obsequiar al peque con una idea inigualable, te dejamos la segunda propuesta de felicitaciones de cumplea\u00f1os originales para ni\u00f1os: \u00ab<span style=\"color: #3366ff;\"><a style=\"color: #3366ff;\" href=\"https:\/\/www.mumablue.com\/esp\/nuestros-cuentos-personalizados\/cumpleanos?utm_source=blog&amp;utm_medium=link&amp;utm_campaign=p\u00e1ginas-audiocuentos&amp;utm_content=felicitaciones-cumpleanos\" target=\"_blank\" rel=\"noopener noreferrer\">\u00a1Feliz cumplea\u00f1os, (nombre de tu peque)!<\/a><\/span>\u00ab, un <strong>libro-juego de cumplea\u00f1os, protagonizado por el ni\u00f1o o ni\u00f1a cumplea\u00f1ero, interactivo<\/strong>, en el que el peque har\u00e1 un recorrido siguiendo las indicaciones que se le dan en cada p\u00e1gina (tocar, pulsar, soplar, agitar el cuento). Cada una de estas acciones influye directamente en lo que ocurre en la p\u00e1gina siguiente, algo que, a ojos de un ni\u00f1o, es pura magia.<\/p>\n<p><img decoding=\"async\" loading=\"lazy\" class=\"alignnone size-full wp-image-4353\" src=\"https:\/\/www.mumablue.com\/blog\/wp-content\/uploads\/2021\/07\/Cuento-personalizado-cumplea\u00f1os-ni\u00f1os-2.jpg\" alt=\"regalos de cumplea\u00f1os originales para ni\u00f1os\" width=\"715\" height=\"729\" srcset=\"https:\/\/www.mumablue.com\/blog\/wp-content\/uploads\/2021\/07\/Cuento-personalizado-cumplea\u00f1os-ni\u00f1os-2.jpg 715w, https:\/\/www.mumablue.com\/blog\/wp-content\/uploads\/2021\/07\/Cuento-personalizado-cumplea\u00f1os-ni\u00f1os-2-294x300.jpg 294w, https:\/\/www.mumablue.com\/blog\/wp-content\/uploads\/2021\/07\/Cuento-personalizado-cumplea\u00f1os-ni\u00f1os-2-624x636.jpg 624w\" sizes=\"(max-width: 715px) 100vw, 715px\" \/><\/p>\n<p>\u00a1Pero ah\u00ed no acaba la magia! Se trata de un cuento personalizado, protagonizado en cada caso por el ni\u00f1o o ni\u00f1a que celebra su cumple,<strong> con su nombre propio y un avatar que t\u00fa puedes personalizar para lograr una ilustraci\u00f3n identificativa del ni\u00f1o<\/strong>, f\u00edsicamente id\u00e9ntica si atendemos a sus rasgos principales, que aparecer\u00e1 a lo largo de las p\u00e1ginas de esta aventura interactiva personalizada. \u00a1Desde la portada!<\/p>\n<p>Adem\u00e1s de eso, el peque encontrar\u00e1 una secci\u00f3n de \u00abBusca y encuentra\u00bb. Este cuento personalizado de cumplea\u00f1os cuenta con una p\u00e1gina 100% personalizable<strong> en la que puedes escribir una felicitaci\u00f3n de cumplea\u00f1os original y \u00fanica<\/strong>, as\u00ed como subir una fotograf\u00eda real del peque\u00f1o, de manera que no s\u00f3lo sea una de las felicitaciones originales para ni\u00f1os hechas con m\u00e1s cari\u00f1o, sino que se convierta en un bonito recuerdo para toda la vida.<\/p>\n<p><span style=\"color: #333300;\">\u00ab\u00a1Feliz cumplea\u00f1os, (nombre de tu peque)!\u00bb<\/span> es un cuento personalizado de cumplea\u00f1os <strong>adecuado para ni\u00f1os de entre 2 y 5 a\u00f1os<\/strong>. Puedes personalizar al ni\u00f1o o ni\u00f1a que cumple a\u00f1os en tan s\u00f3lo un par de minutos y acceder a una <strong><a href=\"https:\/\/www.mumablue.com\/esp\/nuestros-cuentos-personalizados\/cumpleanos\/personalizar?utm_source=blog&amp;utm_medium=link&amp;utm_campaign=p\u00e1ginas-audiocuentos&amp;utm_content=felicitaciones-cumpleanos\" target=\"_blank\" rel=\"noopener noreferrer\"><span style=\"color: #3366ff;\">previsualizaci\u00f3n completa<\/span><\/a>, totalmente gratis<\/strong>, de c\u00f3mo quedar\u00eda y cu\u00e1l es el recorrido interactivo que propone. \u00a1Y si te gusta, pues ya tienes un regalo original y \u00fanico que hacerle!<\/p>\n<p><a href=\"https:\/\/www.mumablue.com\/esp\/nuestros-cuentos-personalizados\/cumpleanos?utm_source=blog&amp;utm_medium=banner&amp;utm_campaign=p\u00e1ginas-audiocuentos&amp;utm_content=felicitaciones-cumpleanos\" target=\"_blank\" rel=\"noopener noreferrer\"><img decoding=\"async\" loading=\"lazy\" class=\"alignnone wp-image-4658 size-full\" src=\"https:\/\/www.mumablue.com\/blog\/wp-content\/uploads\/2021\/07\/cuento-personalizado-cumplea\u00f1os.jpg\" alt=\"felicitaciones de cumplea\u00f1os originales para ni\u00f1os\" width=\"715\" height=\"162\" srcset=\"https:\/\/www.mumablue.com\/blog\/wp-content\/uploads\/2021\/07\/cuento-personalizado-cumplea\u00f1os.jpg 715w, https:\/\/www.mumablue.com\/blog\/wp-content\/uploads\/2021\/07\/cuento-personalizado-cumplea\u00f1os-300x68.jpg 300w, https:\/\/www.mumablue.com\/blog\/wp-content\/uploads\/2021\/07\/cuento-personalizado-cumplea\u00f1os-624x141.jpg 624w\" sizes=\"(max-width: 715px) 100vw, 715px\" \/><\/a><\/p>\n<h2>Felicitaciones de cumplea\u00f1os originales para ni\u00f1os&#8230; y m\u00e1s<\/h2>\n<p>Esperamos que te hayan gustado nuestras propuestas de felicitaciones de cumplea\u00f1os originales para ni\u00f1os. Se nos ocurri\u00f3 escribir este post y ofreceros nuestras propuestas porque Mumablue va siempre un paso m\u00e1s all\u00e1 de la originalidad: <strong>apostamos por lo exclusivo, lo personalizado, lo hecho a medida<\/strong>. Cuentos o felicitaciones que hagan al ni\u00f1o sentirse \u00fanico y especial, como realmente es para las personas que le quieren.<\/p>\n<p>Y si os han gustado los audiocuentos esto no acaba aqu\u00ed. \u00a1Convierte en especiales tambi\u00e9n todos los d\u00edas de su \u00abno-cumplea\u00f1os\u00bb con las <span style=\"color: #3366ff;\"><a style=\"color: #3366ff;\" href=\"https:\/\/www.mumablue.com\/blog\/pequehistorias\/\">Pequehistorias<\/a><\/span> de Mumablue!, <strong>audiocuentos gratis divertidos, originales, algunos en verso, otros teatralizados<\/strong>, otros educativos, otros llenos de valores&#8230; un sinf\u00edn de opciones para elegir que har\u00e1n que tu peque se familiarice con la magia de la radio y se olvide de las pantallas durante un rato.<\/p>\n<div style='text-align:left' class='yasr-auto-insert-visitor'><\/div>","protected":false},"excerpt":{"rendered":"<p>Si est\u00e1s buscando felicitaciones de cumplea\u00f1os originales para ni\u00f1os es porque dentro de poco es el cumple de un peque muy especial&#8230; \u00a1Y eso hay que celebrarlo! La originalidad es relativa: son muchos los sitios donde se dan ideas de felicitaciones de cumplea\u00f1os originales para ni\u00f1os, pero nosotros vamos m\u00e1s all\u00e1: \u00a1Te ofrecemos dos tipos [&hellip;]<\/p>\n","protected":false},"author":6,"featured_media":0,"parent":0,"menu_order":0,"comment_status":"closed","ping_status":"closed","template":"","meta":{"yasr_overall_rating":0,"yasr_post_is_review":"","yasr_auto_insert_disabled":"","yasr_review_type":""},"yasr_visitor_votes":{"number_of_votes":13,"sum_votes":62,"stars_attributes":{"read_only":false,"span_bottom":false}},"yoast_head":"<!-- This site is optimized with the Yoast SEO plugin v14.5 - https:\/\/yoast.com\/wordpress\/plugins\/seo\/ -->\n<meta name=\"description\" content=\"Dos felicitaciones de cumplea\u00f1os originales para ni\u00f1os que no te imaginas: Audio-felicitaci\u00f3n gratis y muy sorprendente y cuento personalizado exclusivo.\" \/>\n<meta name=\"robots\" content=\"index, follow\" \/>\n<meta name=\"googlebot\" content=\"index, follow, max-snippet:-1, max-image-preview:large, max-video-preview:-1\" \/>\n<meta name=\"bingbot\" content=\"index, follow, max-snippet:-1, max-image-preview:large, max-video-preview:-1\" \/>\n<link rel=\"canonical\" href=\"https:\/\/www.mumablue.com\/blog\/felicitaciones-de-cumpleanos-originales-para-ninos-gratis\/\" \/>\n<meta property=\"og:locale\" content=\"es_ES\" \/>\n<meta property=\"og:type\" content=\"article\" \/>\n<meta property=\"og:title\" content=\"Felicitaciones de cumplea\u00f1os originales para ni\u00f1os gratis - Blog Mumablue\" \/>\n<meta property=\"og:description\" content=\"Dos felicitaciones de cumplea\u00f1os originales para ni\u00f1os que no te imaginas: Audio-felicitaci\u00f3n gratis y muy sorprendente y cuento personalizado exclusivo.\" \/>\n<meta property=\"og:url\" content=\"https:\/\/www.mumablue.com\/blog\/felicitaciones-de-cumpleanos-originales-para-ninos-gratis\/\" \/>\n<meta property=\"og:site_name\" content=\"Blog Mumablue\" \/>\n<meta property=\"article:publisher\" content=\"https:\/\/www.facebook.com\/mumablue\/\" \/>\n<meta property=\"article:modified_time\" content=\"2025-04-08T08:23:27+00:00\" \/>\n<meta property=\"og:image\" content=\"https:\/\/www.mumablue.com\/blog\/wp-content\/uploads\/2021\/07\/Regalo-original-cumplea\u00f1os-ni\u00f1os.jpg\" \/>\n<meta name=\"twitter:card\" content=\"summary_large_image\" \/>\n<script type=\"application\/ld+json\" class=\"yoast-schema-graph\">{\"@context\":\"https:\/\/schema.org\",\"@graph\":[{\"@type\":\"Organization\",\"@id\":\"https:\/\/www.mumablue.com\/blog\/#organization\",\"name\":\"Mumablue\",\"url\":\"https:\/\/www.mumablue.com\/blog\/\",\"sameAs\":[\"https:\/\/www.facebook.com\/mumablue\/\",\"https:\/\/www.instagram.com\/mumablue\/?hl=es\"],\"logo\":{\"@type\":\"ImageObject\",\"@id\":\"https:\/\/www.mumablue.com\/blog\/#logo\",\"inLanguage\":\"es\",\"url\":\"https:\/\/www.mumablue.com\/blog\/wp-content\/uploads\/2020\/05\/Blog-Mumablue.png\",\"width\":749,\"height\":269,\"caption\":\"Mumablue\"},\"image\":{\"@id\":\"https:\/\/www.mumablue.com\/blog\/#logo\"}},{\"@type\":\"WebSite\",\"@id\":\"https:\/\/www.mumablue.com\/blog\/#website\",\"url\":\"https:\/\/www.mumablue.com\/blog\/\",\"name\":\"Blog Mumablue\",\"description\":\"Un blog de cuentos y audiocuentos gratis para ni\\u00f1os.\",\"publisher\":{\"@id\":\"https:\/\/www.mumablue.com\/blog\/#organization\"},\"potentialAction\":[{\"@type\":\"SearchAction\",\"target\":\"https:\/\/www.mumablue.com\/blog\/?s={search_term_string}\",\"query-input\":\"required name=search_term_string\"}],\"inLanguage\":\"es\"},{\"@type\":\"ImageObject\",\"@id\":\"https:\/\/www.mumablue.com\/blog\/felicitaciones-de-cumpleanos-originales-para-ninos-gratis\/#primaryimage\",\"inLanguage\":\"es\",\"url\":\"https:\/\/www.mumablue.com\/blog\/wp-content\/uploads\/2021\/07\/Regalo-original-cumplea\\u00f1os-ni\\u00f1os.jpg\",\"width\":500,\"height\":499,\"caption\":\"Regalos originales de cumplea\\u00f1os para ni\\u00f1os\"},{\"@type\":\"WebPage\",\"@id\":\"https:\/\/www.mumablue.com\/blog\/felicitaciones-de-cumpleanos-originales-para-ninos-gratis\/#webpage\",\"url\":\"https:\/\/www.mumablue.com\/blog\/felicitaciones-de-cumpleanos-originales-para-ninos-gratis\/\",\"name\":\"Felicitaciones de cumplea\\u00f1os originales para ni\\u00f1os gratis - Blog Mumablue\",\"isPartOf\":{\"@id\":\"https:\/\/www.mumablue.com\/blog\/#website\"},\"primaryImageOfPage\":{\"@id\":\"https:\/\/www.mumablue.com\/blog\/felicitaciones-de-cumpleanos-originales-para-ninos-gratis\/#primaryimage\"},\"datePublished\":\"2021-07-12T11:59:58+00:00\",\"dateModified\":\"2025-04-08T08:23:27+00:00\",\"description\":\"Dos felicitaciones de cumplea\\u00f1os originales para ni\\u00f1os que no te imaginas: Audio-felicitaci\\u00f3n gratis y muy sorprendente y cuento personalizado exclusivo.\",\"inLanguage\":\"es\",\"potentialAction\":[{\"@type\":\"ReadAction\",\"target\":[\"https:\/\/www.mumablue.com\/blog\/felicitaciones-de-cumpleanos-originales-para-ninos-gratis\/\"]}]}]}<\/script>\n<!-- \/ Yoast SEO plugin. -->","_links":{"self":[{"href":"https:\/\/www.mumablue.com\/blog\/wp-json\/wp\/v2\/pages\/4662"}],"collection":[{"href":"https:\/\/www.mumablue.com\/blog\/wp-json\/wp\/v2\/pages"}],"about":[{"href":"https:\/\/www.mumablue.com\/blog\/wp-json\/wp\/v2\/types\/page"}],"author":[{"embeddable":true,"href":"https:\/\/www.mumablue.com\/blog\/wp-json\/wp\/v2\/users\/6"}],"replies":[{"embeddable":true,"href":"https:\/\/www.mumablue.com\/blog\/wp-json\/wp\/v2\/comments?post=4662"}],"version-history":[{"count":10,"href":"https:\/\/www.mumablue.com\/blog\/wp-json\/wp\/v2\/pages\/4662\/revisions"}],"predecessor-version":[{"id":7425,"href":"https:\/\/www.mumablue.com\/blog\/wp-json\/wp\/v2\/pages\/4662\/revisions\/7425"}],"wp:attachment":[{"href":"https:\/\/www.mumablue.com\/blog\/wp-json\/wp\/v2\/media?parent=4662"}],"curies":[{"name":"wp","href":"https:\/\/api.w.org\/{rel}","templated":true}]}}