{"id":4537,"date":"2021-07-12T10:23:13","date_gmt":"2021-07-12T10:23:13","guid":{"rendered":"https:\/\/mumablue.com\/blog\/?page_id=4537"},"modified":"2025-04-08T11:22:12","modified_gmt":"2025-04-08T11:22:12","slug":"cuento-de-hadas-madrinas-para-ninos-audiocuento","status":"publish","type":"page","link":"https:\/\/www.mumablue.com\/blog\/cuento-de-hadas-madrinas-para-ninos-audiocuento\/","title":{"rendered":"Cuento de hadas madrinas para ni\u00f1os + audiocuento"},"content":{"rendered":"<p><img decoding=\"async\" loading=\"lazy\" class=\"alignnone size-full wp-image-4644\" src=\"https:\/\/www.mumablue.com\/blog\/wp-content\/uploads\/2021\/07\/La-magia-de-Mumablue_.jpg\" alt=\"cuento de hadas madrinas para ni\u00f1os\" width=\"500\" height=\"500\" srcset=\"https:\/\/www.mumablue.com\/blog\/wp-content\/uploads\/2021\/07\/La-magia-de-Mumablue_.jpg 500w, https:\/\/www.mumablue.com\/blog\/wp-content\/uploads\/2021\/07\/La-magia-de-Mumablue_-300x300.jpg 300w, https:\/\/www.mumablue.com\/blog\/wp-content\/uploads\/2021\/07\/La-magia-de-Mumablue_-150x150.jpg 150w\" sizes=\"(max-width: 500px) 100vw, 500px\" \/><\/p>\n<p>Si buscas un cuento de hadas madrinas para ni\u00f1os est\u00e1s de suerte, porque te ofrecemos tres versiones del mismo relato para que puedas elegir la que m\u00e1s te guste, ya sea su versi\u00f3n en <strong>audiocuento para escuchar directamente, el texto para que se lo puedas leer con tu propia voz o la versi\u00f3n personalizada, impresa<\/strong> a todo color y llena de sorpresas, en la que tu peque ser\u00e1 el protagonista absoluto del relato.<\/p>\n<p>Aqu\u00ed<strong> tienes la versi\u00f3n para escuchar<\/strong> de este cuento de hadas madrinas para ni\u00f1os, protagonizado por Mumablue.<\/p>\n<h6><script src=\"https:\/\/www.buzzsprout.com\/937792\/8362021-la-magia-de-mumablue.js?container_id=buzzsprout-player-8362021&#038;player=small\" type=\"text\/javascript\" charset=\"utf-8\"><\/script>M\u00fasica Public Domain: <span style=\"color: #3366ff;\"><a style=\"color: #3366ff;\" href=\"https:\/\/freepd.com\/Page2\/\">Horned Flute<\/a><\/span> y <span style=\"color: #3366ff;\"><a style=\"color: #3366ff;\" href=\"https:\/\/freepd.com\/misc.php\">Funkerific<\/a><\/span> por Kevin MacLeod; <span style=\"color: #3366ff;\"><a style=\"color: #3366ff;\" href=\"https:\/\/lamusicagratis.com\/decargar-musica\/waltz-in-a-minor-b-150\">Waltz in A minor<\/a><\/span> (Chopin), <span style=\"color: #3366ff;\"><a style=\"color: #3366ff;\" href=\"https:\/\/lamusicagratis.com\/decargar-musica\/en-el-salon-del-rey-de-la-montana\">En el sal\u00f3n del rey de la monta\u00f1a<\/a><\/span> (Edvard Grieg), <span style=\"color: #3366ff;\"><a style=\"color: #3366ff;\" href=\"https:\/\/lamusicagratis.com\/decargar-musica\/el-cascanueces-marcha\">El cascanueces<\/a><\/span> (Tchaikovsky) y <span style=\"color: #3366ff;\"><a style=\"color: #3366ff;\" href=\"https:\/\/freepd.com\/romantic.php\">Landra&#8217;s dream<\/a><\/span> por Jason Shaw.<\/h6>\n<h2>La magia de (tu peque) personalizado, el mejor regalo<\/h2>\n<p>Si a tu ni\u00f1o o ni\u00f1a le ha gustado el audiocuento, seguro que la versi\u00f3n personalizada en exclusiva le va a encantar. \u00abLa magia de (tu peque)\u00bb <strong>es un cuento \u00fanico para cada lector, ya que se personaliza con el nombre del ni\u00f1o que lo recibe<\/strong>. Adem\u00e1s, es posible crear un avatar del peque para que aparezca en todas las ilustraciones representado con su apariencia: color y corte de pelo, color de ojos, tipo de piel, complementos&#8230;<\/p>\n<p><a href=\"https:\/\/www.mumablue.com\/esp\/nuestros-cuentos-personalizados\/la-magia-del-nombre-mi-nino?utm_source=blog&amp;utm_medium=banner&amp;utm_campaign=p\u00e1ginas-audiocuentos&amp;utm_content=cuento-hadas-madrinas\" target=\"_blank\" rel=\"noopener noreferrer\"><img decoding=\"async\" loading=\"lazy\" class=\"alignnone wp-image-4641 size-full\" src=\"https:\/\/www.mumablue.com\/blog\/wp-content\/uploads\/2021\/07\/cuento-personalizado-hadas-madrinas.jpg\" alt=\"Cuento de hadas madrinas para ni\u00f1os\" width=\"715\" height=\"162\" srcset=\"https:\/\/www.mumablue.com\/blog\/wp-content\/uploads\/2021\/07\/cuento-personalizado-hadas-madrinas.jpg 715w, https:\/\/www.mumablue.com\/blog\/wp-content\/uploads\/2021\/07\/cuento-personalizado-hadas-madrinas-300x68.jpg 300w, https:\/\/www.mumablue.com\/blog\/wp-content\/uploads\/2021\/07\/cuento-personalizado-hadas-madrinas-624x141.jpg 624w\" sizes=\"(max-width: 715px) 100vw, 715px\" \/><\/a><\/p>\n<p><span style=\"color: #3366ff;\"><a style=\"color: #3366ff;\" href=\"https:\/\/www.mumablue.com\/esp\/nuestros-cuentos-personalizados\/la-magia-del-nombre-mi-nino?utm_source=blog&amp;utm_medium=link&amp;utm_campaign=p\u00e1ginas-audiocuentos&amp;utm_content=cuento-hadas-madrinas\" target=\"_blank\" rel=\"noopener noreferrer\">\u00abLa magia de (tu peque)\u00bb<\/a><\/span> es un cuento de hadas madrinas para ni\u00f1os que se personaliza desde la propia portada, de manera que el ni\u00f1o o ni\u00f1a que lo recibe experimente un inter\u00e9s inmediato por su lectura. Todos los cuentos Mumablue, al ser personalizados,<strong> favorecen la creaci\u00f3n del h\u00e1bito de lectura entre los m\u00e1s peque\u00f1os.<\/strong><\/p>\n<p>Este es un cuento de hadas madrinas para ni\u00f1os, adem\u00e1s de para ni\u00f1as. No contempla la visi\u00f3n cl\u00e1sica en la que las hadas siempre est\u00e1n vinculadas a una princesa. En \u00abLa magia de (tu peque)\u00bb <strong>hacemos un planteamiento moderno de la figura del hada madrina a trav\u00e9s de un relato m\u00e1s contempor\u00e1neo<\/strong>: al peque protagonista le ha abandonado la suerte y descubre que necesita un hada madrina. Por esta raz\u00f3n, organizar\u00e1 un <em>casting<\/em> para encontrar una nueva y, en esta b\u00fasqueda, aprender\u00e1 cu\u00e1les son las virtudes realmente importantes en las personas.<\/p>\n<p><img decoding=\"async\" loading=\"lazy\" class=\"alignnone size-full wp-image-3799\" src=\"https:\/\/www.mumablue.com\/blog\/wp-content\/uploads\/2021\/03\/Cuento-Personalizado-Magia-Nombre.jpg\" alt=\"cuento con portada personalizada\" width=\"500\" height=\"500\" srcset=\"https:\/\/www.mumablue.com\/blog\/wp-content\/uploads\/2021\/03\/Cuento-Personalizado-Magia-Nombre.jpg 500w, https:\/\/www.mumablue.com\/blog\/wp-content\/uploads\/2021\/03\/Cuento-Personalizado-Magia-Nombre-300x300.jpg 300w, https:\/\/www.mumablue.com\/blog\/wp-content\/uploads\/2021\/03\/Cuento-Personalizado-Magia-Nombre-150x150.jpg 150w\" sizes=\"(max-width: 500px) 100vw, 500px\" \/><\/p>\n<p>\u00abLa magia de (tu peque)\u00bb hace de la figura del hada madrina algo apto tanto para ni\u00f1as como para ni\u00f1os, <strong>una visi\u00f3n inclusiva porque en Mumablue creemos que los ni\u00f1os varones tambi\u00e9n tienen derecho a ser cuidados<\/strong>, a contar con alguien que los salve sin que deban ser siempre ellos \u00ablos salvadores\u00bb, que es el rol que tradicionalmente les ha asignado los cuentos cl\u00e1sicos. Un ni\u00f1o es un ser igual de vulnerable que una ni\u00f1a y debe aprender a dejarse cuidar desde peque\u00f1o para convertirse en un adulto emocionalmente fuerte. Es tan importante saber cuidar como saber ser cuidado.<\/p>\n<p>Si te parece interesante, puedes acceder a una <span style=\"color: #3366ff;\"><a style=\"color: #3366ff;\" href=\"https:\/\/www.mumablue.com\/esp\/nuestros-cuentos-personalizados\/la-magia-del-nombre-mi-nino\/personalizar?utm_source=blog&amp;utm_medium=link&amp;utm_campaign=p\u00e1ginas-audiocuentos&amp;utm_content=cuento-hadas-madrinas\" target=\"_blank\" rel=\"noopener noreferrer\">previsualizaci\u00f3n completa del cuento<\/a><\/span>, gratis, y ver c\u00f3mo quedar\u00eda personalizado para tu peque, sea ni\u00f1a o sea ni\u00f1o. Tambi\u00e9n puedes leerlo directamente a continuaci\u00f3n, si lo que deseas es tener m\u00e1s informaci\u00f3n sobre el relato.<\/p>\n<h2>La magia de Mumablue, cuento de hadas madrinas para ni\u00f1os diferente<\/h2>\n<p>Mumablue siempre ha sido un ni\u00f1o muy afortunado, pero \u00faltimamente todo le sale mal y no sabe por qu\u00e9. Si intenta hacer cabriolas, tropieza y se cae; si est\u00e1 dibujando, se le sale la tinta del rotulador; y cada vez que sale a la calle, empieza a llover.<\/p>\n<p>Una maestra le cuenta que a todos los ni\u00f1os se les asigna un hada madrina cuando nacen y que ellas son las responsables de cambiar el destino y la suerte. Pero a veces, desaparecen. Sin m\u00e1s. \u00a1Se esfuman!<\/p>\n<p>-Eso es que has perdido la suerte. Necesitas encontrar un hada madrina- le desvela su profesora.<\/p>\n<p>Una maestra le explica que las hadas madrinas son seres m\u00e1gicos y bondadosos que se encargan de cambiar el destino de los ni\u00f1os y mejorar su suerte.<\/p>\n<p>Mumablue sabe que su maestra siempre tiene raz\u00f3n. \u00a1Necesita encontrar un hada madrina cuanto antes! Pero no sabe por d\u00f3nde empezar a buscar. Nunca ha visto una y no tiene ni idea de d\u00f3nde viven.<\/p>\n<p>Entonces tiene una idea: organizar\u00e1 un casting. As\u00ed podr\u00e1 elegir entre varias y encontrar el hada madrina de sus sue\u00f1os. Ilusionado, imprime unos carteles y los coloca por las calles de su barrio.<\/p>\n<p style=\"text-align: center;\"><em>CASTING<\/em><br \/>\n<em>Hada madrina<\/em><br \/>\n<em>Al menos 1.000 a\u00f1os de experiencia<\/em><br \/>\n<em>M\u00e1ster en encauzamiento del curso de la vida<\/em><br \/>\n<em>Nivel avanzado de magia<\/em><br \/>\n<em>Varita propia<\/em><\/p>\n<p>Esa misma noche, Mumablue se despierta con unos golpecitos que alguien da, t\u00edmidamente, en el cristal de su ventana. \u00a1Ser\u00e1 la primera candidata a hada madrina!<\/p>\n<p>Muy entusiasmado, se levanta y descorre las cortinas. \u00a1No puede creer lo que ven sus ojos! Una extra\u00f1a mujer revolotea en el exterior. Sus peque\u00f1as alas le mantienen suspendida junto al alf\u00e9izar de la ventana.<\/p>\n<p>-Buenas noches, se\u00f1orito. Vengo por el casting- informa la peque\u00f1a figurilla.<\/p>\n<p>Mumablue la invita a pasar. Se llama Nube y se nota que es un hada muy refinada. Va muy elegante y demuestra unos modales exquisitos.<\/p>\n<p>-Mu\u00e9strame qu\u00e9 puedes hacer- pide Mumablue.<\/p>\n<p>Nube mueve en c\u00edrculos su varita. Al momento, la habitaci\u00f3n est\u00e1 ordenada con esmero y su ropa viste reluciente. A Mumablue se le escapa una sonrisa imaginando que nunca m\u00e1s tendr\u00e1 que preocuparse de si ensucia su ropa o de recoger su habitaci\u00f3n.<\/p>\n<p>La segunda noche, un repiqueteo de dedos en el cristal despierta a Mumablue. Es Mazap\u00e1n, un hada madrina a la que le encanta la cocina. \u00a1Mejor dicho, la comida!<\/p>\n<p>-\u00bfEs aqu\u00ed donde se busca hada madrina?- pregunta la segunda hada.<\/p>\n<p>Mazap\u00e1n le muestra sus habilidades y Mumablue queda perplejo. \u00a1Con un toque de varita m\u00e1gica, ha conseguido que las coles de Bruselas sepan a helado de chocolate!<\/p>\n<p>-Con Mazap\u00e1n nunca m\u00e1s tendr\u00eda que preocuparme por comer lo que no me gusta- piensa Mumablue.<\/p>\n<p>La tercera noche lo que despierta a Mumablue es un fuerte golpe en la ventana y un ruido de cristales. Ante ella, frot\u00e1ndose la cabeza all\u00ed donde empieza a aparecer un chich\u00f3n, est\u00e1 Arco\u00edris.<\/p>\n<p>&#8211; Perdona por lo del cristal. Ahora mismo lo arreglo- se disculpa el ser alado.<\/p>\n<p>A Arco\u00edris no s\u00f3lo le cuesta calcular distancias cuando vuela, tampoco parece controlar muy bien la magia. En lugar de recomponer el cristal, todos los juguetes han salido disparados de las estanter\u00edas.<\/p>\n<p>-Perd\u00f3name, por favor. No se me dan muy bien los hechizos- se lamenta Arco\u00edris.<\/p>\n<p>Mumablue piensa que este hada no mola nada. Es torpe, novata y no parece controlar sus poderes. Si ni siquiera domina lo b\u00e1sico, \u00bfc\u00f3mo va a ser capaz de cambiar su suerte y su destino?<\/p>\n<p>Pero entonces se da cuenta de que Arco\u00edris est\u00e1 avergonzada, azorada y un poquito triste. No sabe c\u00f3mo consolarla y hacerle sentir que no tiene importancia.<\/p>\n<p>-\u00a1\u00c1nimo! Con paciencia y pr\u00e1ctica dominar\u00e1s la varita. \u00a1Yo conf\u00edo en ti! -exclama Mumablue.<\/p>\n<p>Entonces ocurre algo maravilloso: de la varita surgen mil destellos de colores y un haz de luz inunda la habitaci\u00f3n. \u00a1Sin darse cuenta Mumablue ha pronunciado las palabras m\u00e1gicas!<\/p>\n<p>Por la sorpresa, Mumablue da un paso atr\u00e1s y tropieza con uno de sus juguetes. Pero cuando est\u00e1 a punto de golpearse contra el pico de la mesa, el tiempo se detiene y queda suspendido en el aire. \u00a1Arco\u00edris ha cambiado su destino!<\/p>\n<p>Arco\u00edris est\u00e1 content\u00edsima. Las palabras m\u00e1gicas de Mumablue la han llenado de confianza. \u00a1A partir de ahora ser\u00e1 un hada madrina superlativa!<\/p>\n<p>Mumablue se da cuenta de que Arco\u00edris se ha convertido en el hada madrina perfecta al depositar en ella su CONFIANZA, una fuerza mucho m\u00e1s prodigiosa que todas las magias del mundo juntas.<\/p>\n<p>Ahora a Mumablue vuelve a sonre\u00edrle la suerte. \u00bfSuerte? \u00a1No! Ahora sabe que su hada madrina vela por \u00e9l, le allana el camino e intercede para evitar que le ocurran cosas malas. \u00a1Y eso le llena de seguridad y hace que todo le salga mucho mejor! Y con Mumablue y Arco\u00edris felices y contentos, Mumablue se despide hasta el pr\u00f3ximo cuento.<\/p>\n<p><a href=\"https:\/\/www.mumablue.com\/esp\/nuestros-cuentos-personalizados\/la-magia-del-nombre-mi-nino?utm_source=blog&amp;utm_medium=banner&amp;utm_campaign=p\u00e1ginas-audiocuentos&amp;utm_content=cuento-hadas-madrinas\" target=\"_blank\" rel=\"noopener noreferrer\"><img decoding=\"async\" loading=\"lazy\" class=\"alignnone wp-image-4641 size-full\" src=\"https:\/\/www.mumablue.com\/blog\/wp-content\/uploads\/2021\/07\/cuento-personalizado-hadas-madrinas.jpg\" alt=\"Cuento de hadas madrinas para ni\u00f1os\" width=\"715\" height=\"162\" srcset=\"https:\/\/www.mumablue.com\/blog\/wp-content\/uploads\/2021\/07\/cuento-personalizado-hadas-madrinas.jpg 715w, https:\/\/www.mumablue.com\/blog\/wp-content\/uploads\/2021\/07\/cuento-personalizado-hadas-madrinas-300x68.jpg 300w, https:\/\/www.mumablue.com\/blog\/wp-content\/uploads\/2021\/07\/cuento-personalizado-hadas-madrinas-624x141.jpg 624w\" sizes=\"(max-width: 715px) 100vw, 715px\" \/><\/a><\/p>\n<h2>M\u00e1s como este cuento de hadas madrinas para ni\u00f1os<\/h2>\n<p>Si a tu peque le ha gustado este cuento de hadas madrinas para ni\u00f1os, tenemos buenas noticias. <strong>Todos los cuentos <span style=\"color: #3366ff;\"><a style=\"color: #3366ff;\" href=\"https:\/\/www.mumablue.com\/esp\/nuestros-cuentos-personalizados?utm_source=blog&amp;utm_medium=link&amp;utm_campaign=p\u00e1ginas-audiocuentos&amp;utm_content=cuento-hadas-madrinas\" target=\"_blank\" rel=\"noopener noreferrer\">personalizados Mumablue<\/a><\/span> son ricos en valores<\/strong>, tenemos m\u00e1s de 10 t\u00edtulos para elegir, para ni\u00f1os de diferentes edades.<\/p>\n<p>Si prefer\u00eds escuchar m\u00e1s audiocuentos gratis de los t\u00edtulos de nuestro cat\u00e1logo, pod\u00e9is encontrarlos todos en la p\u00e1gina de <a href=\"https:\/\/www.mumablue.com\/blog\/audiocuentos-mumablue\/\"><span style=\"color: #3366ff;\">audiocuentos Mumable<\/span><\/a>, dentro de la secci\u00f3n <a href=\"https:\/\/www.mumablue.com\/blog\/pequehistorias\/\"><span style=\"color: #3366ff;\">Pequehistorias<\/span><\/a> en la que, adem\u00e1s, <strong>encontrar\u00e9is muchos otros relatos sonoros originales y diferentes<\/strong>, incluyendo poemas, reinvenciones de cuentos cl\u00e1sicos, audiocuentos teatralizados&#8230; \u00a1No nos pierdas la pista! <strong>Ofrecemos gran cantidad de contenido literario para ni\u00f1os<\/strong> en diferentes formatos para hacer que tu peque se convierta en un aut\u00e9ntico amante de la lectura.<\/p>\n<div style='text-align:left' class='yasr-auto-insert-visitor'><\/div>","protected":false},"excerpt":{"rendered":"<p>Si buscas un cuento de hadas madrinas para ni\u00f1os est\u00e1s de suerte, porque te ofrecemos tres versiones del mismo relato para que puedas elegir la que m\u00e1s te guste, ya sea su versi\u00f3n en audiocuento para escuchar directamente, el texto para que se lo puedas leer con tu propia voz o la versi\u00f3n personalizada, impresa [&hellip;]<\/p>\n","protected":false},"author":6,"featured_media":0,"parent":0,"menu_order":0,"comment_status":"closed","ping_status":"closed","template":"","meta":{"yasr_overall_rating":0,"yasr_post_is_review":"","yasr_auto_insert_disabled":"","yasr_review_type":""},"yasr_visitor_votes":{"number_of_votes":33,"sum_votes":141,"stars_attributes":{"read_only":false,"span_bottom":false}},"yoast_head":"<!-- This site is optimized with the Yoast SEO plugin v14.5 - https:\/\/yoast.com\/wordpress\/plugins\/seo\/ -->\n<meta name=\"description\" content=\"Un cuento de hadas madrinas para ni\u00f1os y ni\u00f1as. \u00a1Ellos tambi\u00e9n merecen tener a alguien que los cuide y no ser siempre los salvadores! Audiocuento gratis.\" \/>\n<meta name=\"robots\" content=\"index, follow\" \/>\n<meta name=\"googlebot\" content=\"index, follow, max-snippet:-1, max-image-preview:large, max-video-preview:-1\" \/>\n<meta name=\"bingbot\" content=\"index, follow, max-snippet:-1, max-image-preview:large, max-video-preview:-1\" \/>\n<link rel=\"canonical\" href=\"https:\/\/www.mumablue.com\/blog\/cuento-de-hadas-madrinas-para-ninos-audiocuento\/\" \/>\n<meta property=\"og:locale\" content=\"es_ES\" \/>\n<meta property=\"og:type\" content=\"article\" \/>\n<meta property=\"og:title\" content=\"Cuento de hadas madrinas para ni\u00f1os + audiocuento - Blog Mumablue\" \/>\n<meta property=\"og:description\" content=\"Un cuento de hadas madrinas para ni\u00f1os y ni\u00f1as. \u00a1Ellos tambi\u00e9n merecen tener a alguien que los cuide y no ser siempre los salvadores! Audiocuento gratis.\" \/>\n<meta property=\"og:url\" content=\"https:\/\/www.mumablue.com\/blog\/cuento-de-hadas-madrinas-para-ninos-audiocuento\/\" \/>\n<meta property=\"og:site_name\" content=\"Blog Mumablue\" \/>\n<meta property=\"article:publisher\" content=\"https:\/\/www.facebook.com\/mumablue\/\" \/>\n<meta property=\"article:modified_time\" content=\"2025-04-08T11:22:12+00:00\" \/>\n<meta property=\"og:image\" content=\"https:\/\/www.mumablue.com\/blog\/wp-content\/uploads\/2021\/07\/La-magia-de-Mumablue_.jpg\" \/>\n<meta name=\"twitter:card\" content=\"summary_large_image\" \/>\n<script type=\"application\/ld+json\" class=\"yoast-schema-graph\">{\"@context\":\"https:\/\/schema.org\",\"@graph\":[{\"@type\":\"Organization\",\"@id\":\"https:\/\/www.mumablue.com\/blog\/#organization\",\"name\":\"Mumablue\",\"url\":\"https:\/\/www.mumablue.com\/blog\/\",\"sameAs\":[\"https:\/\/www.facebook.com\/mumablue\/\",\"https:\/\/www.instagram.com\/mumablue\/?hl=es\"],\"logo\":{\"@type\":\"ImageObject\",\"@id\":\"https:\/\/www.mumablue.com\/blog\/#logo\",\"inLanguage\":\"es\",\"url\":\"https:\/\/www.mumablue.com\/blog\/wp-content\/uploads\/2020\/05\/Blog-Mumablue.png\",\"width\":749,\"height\":269,\"caption\":\"Mumablue\"},\"image\":{\"@id\":\"https:\/\/www.mumablue.com\/blog\/#logo\"}},{\"@type\":\"WebSite\",\"@id\":\"https:\/\/www.mumablue.com\/blog\/#website\",\"url\":\"https:\/\/www.mumablue.com\/blog\/\",\"name\":\"Blog Mumablue\",\"description\":\"Un blog de cuentos y audiocuentos gratis para ni\\u00f1os.\",\"publisher\":{\"@id\":\"https:\/\/www.mumablue.com\/blog\/#organization\"},\"potentialAction\":[{\"@type\":\"SearchAction\",\"target\":\"https:\/\/www.mumablue.com\/blog\/?s={search_term_string}\",\"query-input\":\"required name=search_term_string\"}],\"inLanguage\":\"es\"},{\"@type\":\"ImageObject\",\"@id\":\"https:\/\/www.mumablue.com\/blog\/cuento-de-hadas-madrinas-para-ninos-audiocuento\/#primaryimage\",\"inLanguage\":\"es\",\"url\":\"https:\/\/www.mumablue.com\/blog\/wp-content\/uploads\/2021\/07\/La-magia-de-Mumablue_.jpg\",\"width\":500,\"height\":500,\"caption\":\"cuento de hadas madrinas para ni\\u00f1os\"},{\"@type\":\"WebPage\",\"@id\":\"https:\/\/www.mumablue.com\/blog\/cuento-de-hadas-madrinas-para-ninos-audiocuento\/#webpage\",\"url\":\"https:\/\/www.mumablue.com\/blog\/cuento-de-hadas-madrinas-para-ninos-audiocuento\/\",\"name\":\"Cuento de hadas madrinas para ni\\u00f1os + audiocuento - Blog Mumablue\",\"isPartOf\":{\"@id\":\"https:\/\/www.mumablue.com\/blog\/#website\"},\"primaryImageOfPage\":{\"@id\":\"https:\/\/www.mumablue.com\/blog\/cuento-de-hadas-madrinas-para-ninos-audiocuento\/#primaryimage\"},\"datePublished\":\"2021-07-12T10:23:13+00:00\",\"dateModified\":\"2025-04-08T11:22:12+00:00\",\"description\":\"Un cuento de hadas madrinas para ni\\u00f1os y ni\\u00f1as. \\u00a1Ellos tambi\\u00e9n merecen tener a alguien que los cuide y no ser siempre los salvadores! Audiocuento gratis.\",\"inLanguage\":\"es\",\"potentialAction\":[{\"@type\":\"ReadAction\",\"target\":[\"https:\/\/www.mumablue.com\/blog\/cuento-de-hadas-madrinas-para-ninos-audiocuento\/\"]}]}]}<\/script>\n<!-- \/ Yoast SEO plugin. -->","_links":{"self":[{"href":"https:\/\/www.mumablue.com\/blog\/wp-json\/wp\/v2\/pages\/4537"}],"collection":[{"href":"https:\/\/www.mumablue.com\/blog\/wp-json\/wp\/v2\/pages"}],"about":[{"href":"https:\/\/www.mumablue.com\/blog\/wp-json\/wp\/v2\/types\/page"}],"author":[{"embeddable":true,"href":"https:\/\/www.mumablue.com\/blog\/wp-json\/wp\/v2\/users\/6"}],"replies":[{"embeddable":true,"href":"https:\/\/www.mumablue.com\/blog\/wp-json\/wp\/v2\/comments?post=4537"}],"version-history":[{"count":12,"href":"https:\/\/www.mumablue.com\/blog\/wp-json\/wp\/v2\/pages\/4537\/revisions"}],"predecessor-version":[{"id":7438,"href":"https:\/\/www.mumablue.com\/blog\/wp-json\/wp\/v2\/pages\/4537\/revisions\/7438"}],"wp:attachment":[{"href":"https:\/\/www.mumablue.com\/blog\/wp-json\/wp\/v2\/media?parent=4537"}],"curies":[{"name":"wp","href":"https:\/\/api.w.org\/{rel}","templated":true}]}}