{"id":4505,"date":"2021-07-08T08:48:00","date_gmt":"2021-07-08T08:48:00","guid":{"rendered":"https:\/\/mumablue.com\/blog\/?page_id=4505"},"modified":"2025-04-08T08:53:45","modified_gmt":"2025-04-08T08:53:45","slug":"cuento-sobre-alimentacion-saludable-para-ninos-gratis","status":"publish","type":"page","link":"https:\/\/www.mumablue.com\/blog\/cuento-sobre-alimentacion-saludable-para-ninos-gratis\/","title":{"rendered":"Cuento sobre alimentaci\u00f3n saludable para ni\u00f1os gratis"},"content":{"rendered":"<p><a href=\"https:\/\/www.mumablue.com\/blog\/wp-content\/uploads\/2021\/07\/11-Chucheritis-1.jpg\"><img decoding=\"async\" loading=\"lazy\" class=\"alignnone wp-image-4513 size-full\" src=\"https:\/\/www.mumablue.com\/blog\/wp-content\/uploads\/2021\/07\/11-Chucheritis-1.jpg\" alt=\"cuento sobre alimentaci\u00f3n saludable para ni\u00f1os\" width=\"500\" height=\"500\" srcset=\"https:\/\/www.mumablue.com\/blog\/wp-content\/uploads\/2021\/07\/11-Chucheritis-1.jpg 500w, https:\/\/www.mumablue.com\/blog\/wp-content\/uploads\/2021\/07\/11-Chucheritis-1-300x300.jpg 300w, https:\/\/www.mumablue.com\/blog\/wp-content\/uploads\/2021\/07\/11-Chucheritis-1-150x150.jpg 150w\" sizes=\"(max-width: 500px) 100vw, 500px\" \/><\/a><\/p>\n<p>\u00abChucheritis\u00bb es un cuento sobre alimentaci\u00f3n saludable para ni\u00f1os que <strong>ense\u00f1a la importancia de la mesura a trav\u00e9s de un relato sobre comer muchas golosinas<\/strong>. Puedes disfrutar de este relato en su versi\u00f3n para leer online, en formato audiocuento o conseguir el cuento impreso personalizado en exclusiva para tu peque.<\/p>\n<p>A trav\u00e9s de<strong> una aventura extraordinaria protagonizada por dos ni\u00f1os<\/strong>, \u00abChucheritis\u00bb cuenta la historia de c\u00f3mo \u00e9stos conocen a la ardilla Li quien les da dinero para que compren nueces. Pero los ni\u00f1os rompen su promesa y se lo gastan todo en golosinas. Esto les provocar\u00e1 una <em>chucheritis<\/em> aguda que los har\u00e1 encoger hasta volverse diminutos. \u00a1Ahora todo lo que les rodea es muy peligroso!<\/p>\n<p>Te recomendamos escuchar este cuento sobre alimentaci\u00f3n saludable para ni\u00f1os en su<strong> versi\u00f3n audiocuento, ya que est\u00e1 narrada en segunda persona<\/strong> como si tu peque fuera uno de los protagonistas de la historia.<\/p>\n<div id=\"buzzsprout-player-3381982\"><\/div>\n<p><script src=\"https:\/\/www.buzzsprout.com\/937792\/3381982-chucheritis.js?container_id=buzzsprout-player-3381982&#038;player=small\" type=\"text\/javascript\" charset=\"utf-8\"><\/script> M\u00fasica Public Domain: <span style=\"color: #3366ff;\"><a style=\"color: #3366ff;\" href=\"https:\/\/freepd.com\/upbeat.php\">Inspiration<\/a><\/span> por Rafael Krux, <a href=\"https:\/\/freepd.com\/misc.php\"><span style=\"color: #3366ff;\">Funkeriffic<\/span><\/a> y <span style=\"color: #3366ff;\"><a style=\"color: #3366ff;\" href=\"https:\/\/freepd.com\/scoring.php\">Driving Concern<\/a><\/span> por Kevin MacLeod.<\/p>\n<h2>Cuento sobre alimentaci\u00f3n saludable para ni\u00f1os impreso y personalizado para dos ni\u00f1os<\/h2>\n<p>La historia original de \u00ab<a href=\"https:\/\/www.mumablue.com\/esp\/nuestros-cuentos-personalizados\/chucheritis-es?utm_source=blog&amp;utm_medium=link&amp;utm_campaign=p\u00e1ginas-audiocuentos&amp;utm_content=cuento-alimentacion-saludable\" target=\"_blank\" rel=\"noopener noreferrer\"><span style=\"color: #3366ff;\">Chucheritis<\/span><\/a>\u00bb se encuentra en un cuento personalizado para dos ni\u00f1os, editado por Mumablue, <strong>un libro infantil en el que es posible personalizar a los dos peque\u00f1os protagonistas<\/strong> del relato, con el parentesco de hermanos o primos, pero tambi\u00e9n con la condici\u00f3n de amigos. El cuento se asienta sobre diferentes valores tales como la moderaci\u00f3n, la generosidad y la camarader\u00eda.<\/p>\n<p><a href=\"https:\/\/www.mumablue.com\/esp\/nuestros-cuentos-personalizados\/chucheritis-es?utm_source=blog&amp;utm_medium=banner&amp;utm_campaign=p\u00e1ginas-audiocuentos&amp;utm_content=cuento-alimentacion-saludable\" target=\"_blank\" rel=\"noopener noreferrer\"><img decoding=\"async\" loading=\"lazy\" class=\"alignnone wp-image-4578 size-full\" src=\"https:\/\/www.mumablue.com\/blog\/wp-content\/uploads\/2021\/07\/cuento-personalizado-hermanos.jpg\" alt=\"Cuento sobre alimentaci\u00f3n saludable\" width=\"715\" height=\"162\" srcset=\"https:\/\/www.mumablue.com\/blog\/wp-content\/uploads\/2021\/07\/cuento-personalizado-hermanos.jpg 715w, https:\/\/www.mumablue.com\/blog\/wp-content\/uploads\/2021\/07\/cuento-personalizado-hermanos-300x68.jpg 300w, https:\/\/www.mumablue.com\/blog\/wp-content\/uploads\/2021\/07\/cuento-personalizado-hermanos-624x141.jpg 624w\" sizes=\"(max-width: 715px) 100vw, 715px\" \/><\/a><\/p>\n<h3><img decoding=\"async\" loading=\"lazy\" class=\"alignnone wp-image-583 ls-is-cached lazyloaded\" src=\"https:\/\/www.mumablue.com\/blog\/wp-content\/uploads\/2020\/03\/favicon.ico\" alt=\"\" width=\"44\" height=\"44\" data-src=\"https:\/\/www.mumablue.com\/blog\/wp-content\/uploads\/2020\/03\/favicon.ico\" \/>\u00a0 <span style=\"color: #800080;\">\u00a1\u00danete al\u00a0<span style=\"color: #3366ff;\"><a style=\"color: #3366ff;\" href=\"https:\/\/www.mumablue.com\/esp\/inicio#mumaClub\" target=\"_blank\" rel=\"noopener\">MumaClub<\/a><\/span>\u00a0y consigue 10% descuento en cuentos personalizados!<\/span><\/h3>\n<p>Adem\u00e1s de poder dotar a cada ni\u00f1o de su propio nombre, color y corte de pelo, color de ojos o tono de piel, entre otros, es posible elegir el rango de edad entre peque\u00f1o, mediano o grande, para que la identificaci\u00f3n de los ni\u00f1os lectores con sus avatares sea a\u00fan mayor por comparaci\u00f3n con el otro. <strong>Puedes caracterizar a los personajes y acceder gratis a una <a href=\"https:\/\/www.mumablue.com\/esp\/nuestros-cuentos-personalizados\/chucheritis-es\/personalizar?utm_source=blog&amp;utm_medium=link&amp;utm_campaign=p\u00e1ginas-audiocuentos&amp;utm_content=cuento-alimentacion-saludable\" target=\"_blank\" rel=\"noopener noreferrer\"><span style=\"color: #3366ff;\">previsualizaci\u00f3n completa<\/span><\/a> <\/strong>de c\u00f3mo quedar\u00eda para ellos este cuento de caramelos para ni\u00f1os entrando en la web de Mumablue.<\/p>\n<p>\u00abChucheritis\u00bb es una bonita historia ilustrada a todo color, encuadernada en tapa dura y con papel de alta calidad al que se le ha aplicado un barniz antihuellas y antimanchas que lo hace m\u00e1s resistente a la manipulaci\u00f3n por parte de los ni\u00f1os. Incluye una p\u00e1gina extra con el juego del \u00abBusca\u00bb y <strong>una secci\u00f3n donde se le explica a los ni\u00f1os por qu\u00e9 no es bueno comer mucho az\u00facar<\/strong>. La \u00faltima p\u00e1gina es 100% personalizable, ya que los pap\u00e1s pueden a\u00f1adir una dedicatoria personal para los ni\u00f1os e incluir una foto real de los peque\u00f1os.<\/p>\n<p><a href=\"https:\/\/www.mumablue.com\/blog\/wp-content\/uploads\/2021\/07\/Chucheritis.jpg\"><img decoding=\"async\" loading=\"lazy\" class=\"alignnone wp-image-4516 size-full\" src=\"https:\/\/www.mumablue.com\/blog\/wp-content\/uploads\/2021\/07\/Chucheritis.jpg\" alt=\"cuento sobre alimentaci\u00f3n saludable para ni\u00f1os\" width=\"715\" height=\"364\" srcset=\"https:\/\/www.mumablue.com\/blog\/wp-content\/uploads\/2021\/07\/Chucheritis.jpg 715w, https:\/\/www.mumablue.com\/blog\/wp-content\/uploads\/2021\/07\/Chucheritis-300x153.jpg 300w, https:\/\/www.mumablue.com\/blog\/wp-content\/uploads\/2021\/07\/Chucheritis-624x318.jpg 624w\" sizes=\"(max-width: 715px) 100vw, 715px\" \/><\/a><\/p>\n<p>Si tienes prisa y quieres <strong>acceder directamente al texto para leerle a tu peque<\/strong> este cuento sobre alimentaci\u00f3n saludable para ni\u00f1os, lo tienes a continuaci\u00f3n.<\/p>\n<h2>Chucheritis<\/h2>\n<p>Mumablue y Sara son dos hermanos a los que les encanta jugar juntos. Se lo pasan fenomenal dejando volar su imaginaci\u00f3n, inventando juegos y protagonizando historias divertid\u00edsimas.<\/p>\n<p>Un d\u00eda, mientras paseaban por el parque, vieron una tienda de golosinas. A trav\u00e9s del escaparate contemplaron la variedad de chucher\u00edas m\u00e1s alucinante que hab\u00edan visto jam\u00e1s. Sara le pidi\u00f3 a Mumablue algo de dinero para entrar y comprar.<br \/>\nJo, no tengo nada, ni una moneda\u2026<\/p>\n<p>De pronto, pas\u00f3 a su lado una ardilla disfrazada de superh\u00e9roe cuya capa era nada m\u00e1s y nada menos que un billete: \u00a1era dinero! Mumablue y Sara observaron c\u00f3mo el curioso roedor se lanzaba una y otra vez desde lo alto de una cornisa intentando volar sin ning\u00fan \u00e9xito.<\/p>\n<p>Sara y Mumablue se miraron. Ambos hab\u00edan tenido la misma idea: convencer a la ardilla para que les entregara el billete y as\u00ed poder entrar en la tienda y comprar un mont\u00f3n de caramelos.<\/p>\n<p>&#8211; Hola, somos Mumablue y Sara. \u00bfC\u00f3mo te llamas?<br \/>\n&#8211; Me llamo Li y soy una superhero\u00edna.<\/p>\n<p>&#8211; Si de verdad quieres ser una superhero\u00edna, nosotros podemos ayudarte -dijo Mumablue.<br \/>\n&#8211; \u00bfC\u00f3mo?<br \/>\n&#8211; Con el billete que tienes por capa podemos comprar muchas nueces para que las repartas entre todos tus amigos: \u00a1eso s\u00ed te convertir\u00e1 en una superhero\u00edna de verdad! -a\u00f1adi\u00f3 Sara.<\/p>\n<p>La intr\u00e9pida ardilla ten\u00eda tantas ganas de ser una superhero\u00edna que la idea de las nueces le pareci\u00f3 fant\u00e1stica. As\u00ed que entreg\u00f3 su capa a Sara y a Mumablue.<\/p>\n<p>Una vez tuvieron el billete en sus manos, Sara y Mumablue entraron en la tienda a toda velocidad. Se les hac\u00eda la boca agua con tantos dulces por todas partes.<\/p>\n<p>Comenzaron a pedir chucher\u00edas de todos los colores, sabores y formas, mientras Madame Sugary iba sumando en su caja registradora. Cuando se dieron cuenta, se hab\u00edan gastado todo el dinero que ten\u00edan. Salieron de la tienda entusiasmados con su gran bot\u00edn.<\/p>\n<p>De vuelta en el parque, corrieron a sentarse en un banco para admirar todos los tesoros azucarados que hab\u00edan adquirido. Mientras se llevaban una chucher\u00eda tras otra a la boca y las tragaban sin apenas masticarlas, les interrumpi\u00f3 la ardilla.<br \/>\n\u00bfD\u00f3nde est\u00e1n mis nueces?<\/p>\n<p>Mumablue y Sara hab\u00edan olvidado por completo las nueces de la ardilla Li. Estaban tan embriagados por las suculentas gominolas, que no cumplieron su promesa.<br \/>\nPara compensar a Li por semejante faena, le ofrecieron parte del bot\u00edn; pero como las ardillas no comen dulces, Li rechaz\u00f3 la oferta.<\/p>\n<p>Li se alej\u00f3 muy triste, abandonando su idea de convertirse en una superhero\u00edna. Sara y Mumablue continuaron atiborr\u00e1ndose de golosinas sin prestar atenci\u00f3n a la tristeza de la ardilla.<\/p>\n<p>Y entonces sucedi\u00f3 algo muy extra\u00f1o. Alrededor de los hermanos todo empez\u00f3 a ser cada vez m\u00e1s y m\u00e1s grande&#8230; \u00bfo eran ellos los que empeque\u00f1ec\u00edan? \u00a1Se hab\u00edan vuelto diminutos!<\/p>\n<p>Mumablue y Sara estaban asustad\u00edsimos. Ahora el c\u00e9sped del parque era gigantesco y parec\u00edan hallarse en mitad de la jungla. En ese momento vieron c\u00f3mo se acercaba una ara\u00f1a del tama\u00f1o de un caballo.<\/p>\n<p>&#8211; \u00a1Socorrooo! -gritaban los ni\u00f1os.<\/p>\n<p>Li, que ten\u00eda un o\u00eddo de ardilla muy fino, los escuch\u00f3 y acudi\u00f3 r\u00e1pidamente en su ayuda. Sorprendida al ver lo diminutos que eran, les invit\u00f3 a subir a su lomo y as\u00ed consiguieron alejarse de la ara\u00f1a. Sara y Mumablue respiraron muy aliviados.<\/p>\n<p>Mumablue estaba seguro de que la culpa hab\u00eda sido de las chucher\u00edas, as\u00ed que Sara propuso ir a ver a Madame Sugary. Pero cuando llegaron a la tienda, ya hab\u00eda cerrado. Repararon en un cartel en el escaparate que les daba una pista sobre qu\u00e9 hacer.<\/p>\n<p>La consulta del doctor no se encontraba muy lejos. Para llegar lo antes posible, Li decidi\u00f3 corretear por techos, toldos y cornisas, evitando as\u00ed el tr\u00e1fico de coches y los pisotones de los peatones. Sara y Mumablue tragaron saliva, \u00a1Li corr\u00eda veloz como un rayo!<\/p>\n<p>Una vez llegaron y saltaron desde el lomo para entrar por el hueco de la puerta, una red atrap\u00f3 a la ardilla. Era Zamper, due\u00f1o de una tienda de mascotas, que quer\u00eda a Li para encerrarla en una jaula y colocarla en su escaparate. Mumablue y Sara no pudieron hacer nada, \u00a1eran muy peque\u00f1os! Deb\u00edan recuperar su tama\u00f1o cuanto antes.<\/p>\n<p>Junto a la puerta hab\u00eda un enorme bot\u00f3n rojo y un cartel que invitaba a llamar al timbre. Lo hicieron y, s\u00fabitamente, apareci\u00f3 un doctor con una lupa, los coloc\u00f3 en la palma de su mano y los subi\u00f3 a su mesa de diagn\u00f3sticos.<\/p>\n<p>&#8211; Est\u00e1 clar\u00edsimo: \u00a1otro caso agudo de <em>chucheritis<\/em> desenfrenada! -diagnostic\u00f3 el doctor -Deb\u00e9is tomar una gota de este jarabe.<\/p>\n<p>Tragaron el jarabe y recuperaron su tama\u00f1o original.\u00a0Sara y Mumablue tuvieron una idea para liberar a su nueva amiga Li. Regresaron al parque y, con lo que quedaba del bot\u00edn de golosinas, montaron un peque\u00f1o puesto de venta de dulces. Con el dinero que consiguieron, corrieron a la tienda de mascotas de Zamper.<\/p>\n<p>Li se puso content\u00edsima cuando los vio llegar. Mumablue y Sara pagaron su rescate y le hicieron entrega de la sorpresa que hab\u00edan preparado para ella: un saco repleto de nueces.<br \/>\nY con Sara, Mumablue y Li felices y contentos, Mumablue se despide hasta el pr\u00f3ximo cuento.<\/p>\n<h2><a href=\"https:\/\/www.mumablue.com\/esp\/nuestros-cuentos-personalizados\/chucheritis-es?utm_source=blog&amp;utm_medium=banner&amp;utm_campaign=p\u00e1ginas-audiocuentos&amp;utm_content=cuento-alimentacion-saludable\" target=\"_blank\" rel=\"noopener noreferrer\"><img decoding=\"async\" loading=\"lazy\" class=\"alignnone wp-image-4578 size-full\" src=\"https:\/\/www.mumablue.com\/blog\/wp-content\/uploads\/2021\/07\/cuento-personalizado-hermanos.jpg\" alt=\"Cuento sobre alimentaci\u00f3n saludable\" width=\"715\" height=\"162\" srcset=\"https:\/\/www.mumablue.com\/blog\/wp-content\/uploads\/2021\/07\/cuento-personalizado-hermanos.jpg 715w, https:\/\/www.mumablue.com\/blog\/wp-content\/uploads\/2021\/07\/cuento-personalizado-hermanos-300x68.jpg 300w, https:\/\/www.mumablue.com\/blog\/wp-content\/uploads\/2021\/07\/cuento-personalizado-hermanos-624x141.jpg 624w\" sizes=\"(max-width: 715px) 100vw, 715px\" \/><\/a><\/h2>\n<h2>\u00a1Tenemos decenas de cuentos y audiocuentos gratis!<\/h2>\n<p>Si os ha gustado este cuento sobre alimentaci\u00f3n saludable para ni\u00f1os, os recomendamos buscar otros muchos en nuestra p\u00e1gina de <span style=\"color: #3366ff;\"><a style=\"color: #3366ff;\" href=\"https:\/\/www.mumablue.com\/blog\/cuentos-infantiles-para-leer-cortos-gratis\/\">cuentos infantiles cortos y divertidos<\/a><\/span>. En ella puedes encontrar todos los cuentos personalizados Mumablue en su versi\u00f3n para leer online, adem\u00e1s de decenas de historias exclusivas para leer online. <strong>Si prefieres escucharlos gratis, visita la p\u00e1gina de <span style=\"color: #3366ff;\"><a style=\"color: #3366ff;\" href=\"https:\/\/www.mumablue.com\/blog\/audiocuentos-mumablue\/\">audiocuentos Mumablue<\/a><\/span>.<\/strong><\/p>\n<p>Y si tienes que hacer un regalo dentro de poco, no te olvides de echarle un vistazo a nuestro <span style=\"color: #3366ff;\"><a style=\"color: #3366ff;\" href=\"https:\/\/www.mumablue.com\/esp\/nuestros-cuentos-personalizados?utm_source=blog&amp;utm_medium=link&amp;utm_campaign=p\u00e1ginas-audiocuentos&amp;utm_content=cuento-alimentacion-saludable\" target=\"_blank\" rel=\"noopener noreferrer\">cat\u00e1logo de cuentos personalizados<\/a><\/span>, los hay para uno, dos o tres personajes. <strong>M\u00e1s de 10 t\u00edtulos para elegir, cada uno de ellos con un relato que ense\u00f1a distintos valores.<\/strong><\/p>\n<div style='text-align:left' class='yasr-auto-insert-visitor'><\/div>","protected":false},"excerpt":{"rendered":"<p>\u00abChucheritis\u00bb es un cuento sobre alimentaci\u00f3n saludable para ni\u00f1os que ense\u00f1a la importancia de la mesura a trav\u00e9s de un relato sobre comer muchas golosinas. Puedes disfrutar de este relato en su versi\u00f3n para leer online, en formato audiocuento o conseguir el cuento impreso personalizado en exclusiva para tu peque. A trav\u00e9s de una aventura [&hellip;]<\/p>\n","protected":false},"author":6,"featured_media":0,"parent":0,"menu_order":0,"comment_status":"closed","ping_status":"closed","template":"","meta":{"yasr_overall_rating":0,"yasr_post_is_review":"","yasr_auto_insert_disabled":"","yasr_review_type":""},"yasr_visitor_votes":{"number_of_votes":32,"sum_votes":138,"stars_attributes":{"read_only":false,"span_bottom":false}},"yoast_head":"<!-- This site is optimized with the Yoast SEO plugin v14.5 - https:\/\/yoast.com\/wordpress\/plugins\/seo\/ -->\n<meta name=\"description\" content=\"&quot;Chucheritis&quot; es un cuento sobre alimentaci\u00f3n saludable para ni\u00f1os en el que se ense\u00f1a a no comer tantos dulces. \u00a1Incluye audiocuento gratis!\" \/>\n<meta name=\"robots\" content=\"index, follow\" \/>\n<meta name=\"googlebot\" content=\"index, follow, max-snippet:-1, max-image-preview:large, max-video-preview:-1\" \/>\n<meta name=\"bingbot\" content=\"index, follow, max-snippet:-1, max-image-preview:large, max-video-preview:-1\" \/>\n<link rel=\"canonical\" href=\"https:\/\/www.mumablue.com\/blog\/cuento-sobre-alimentacion-saludable-para-ninos-gratis\/\" \/>\n<meta property=\"og:locale\" content=\"es_ES\" \/>\n<meta property=\"og:type\" content=\"article\" \/>\n<meta property=\"og:title\" content=\"Cuento sobre alimentaci\u00f3n saludable para ni\u00f1os gratis - Blog Mumablue\" \/>\n<meta property=\"og:description\" content=\"&quot;Chucheritis&quot; es un cuento sobre alimentaci\u00f3n saludable para ni\u00f1os en el que se ense\u00f1a a no comer tantos dulces. \u00a1Incluye audiocuento gratis!\" \/>\n<meta property=\"og:url\" content=\"https:\/\/www.mumablue.com\/blog\/cuento-sobre-alimentacion-saludable-para-ninos-gratis\/\" \/>\n<meta property=\"og:site_name\" content=\"Blog Mumablue\" \/>\n<meta property=\"article:publisher\" content=\"https:\/\/www.facebook.com\/mumablue\/\" \/>\n<meta property=\"article:modified_time\" content=\"2025-04-08T08:53:45+00:00\" \/>\n<meta property=\"og:image\" content=\"https:\/\/www.mumablue.com\/blog\/wp-content\/uploads\/2021\/07\/11-Chucheritis-1.jpg\" \/>\n<meta name=\"twitter:card\" content=\"summary_large_image\" \/>\n<script type=\"application\/ld+json\" class=\"yoast-schema-graph\">{\"@context\":\"https:\/\/schema.org\",\"@graph\":[{\"@type\":\"Organization\",\"@id\":\"https:\/\/www.mumablue.com\/blog\/#organization\",\"name\":\"Mumablue\",\"url\":\"https:\/\/www.mumablue.com\/blog\/\",\"sameAs\":[\"https:\/\/www.facebook.com\/mumablue\/\",\"https:\/\/www.instagram.com\/mumablue\/?hl=es\"],\"logo\":{\"@type\":\"ImageObject\",\"@id\":\"https:\/\/www.mumablue.com\/blog\/#logo\",\"inLanguage\":\"es\",\"url\":\"https:\/\/www.mumablue.com\/blog\/wp-content\/uploads\/2020\/05\/Blog-Mumablue.png\",\"width\":749,\"height\":269,\"caption\":\"Mumablue\"},\"image\":{\"@id\":\"https:\/\/www.mumablue.com\/blog\/#logo\"}},{\"@type\":\"WebSite\",\"@id\":\"https:\/\/www.mumablue.com\/blog\/#website\",\"url\":\"https:\/\/www.mumablue.com\/blog\/\",\"name\":\"Blog Mumablue\",\"description\":\"Un blog de cuentos y audiocuentos gratis para ni\\u00f1os.\",\"publisher\":{\"@id\":\"https:\/\/www.mumablue.com\/blog\/#organization\"},\"potentialAction\":[{\"@type\":\"SearchAction\",\"target\":\"https:\/\/www.mumablue.com\/blog\/?s={search_term_string}\",\"query-input\":\"required name=search_term_string\"}],\"inLanguage\":\"es\"},{\"@type\":\"ImageObject\",\"@id\":\"https:\/\/www.mumablue.com\/blog\/cuento-sobre-alimentacion-saludable-para-ninos-gratis\/#primaryimage\",\"inLanguage\":\"es\",\"url\":\"https:\/\/www.mumablue.com\/blog\/wp-content\/uploads\/2021\/07\/11-Chucheritis-1.jpg\",\"width\":500,\"height\":500},{\"@type\":\"WebPage\",\"@id\":\"https:\/\/www.mumablue.com\/blog\/cuento-sobre-alimentacion-saludable-para-ninos-gratis\/#webpage\",\"url\":\"https:\/\/www.mumablue.com\/blog\/cuento-sobre-alimentacion-saludable-para-ninos-gratis\/\",\"name\":\"Cuento sobre alimentaci\\u00f3n saludable para ni\\u00f1os gratis - Blog Mumablue\",\"isPartOf\":{\"@id\":\"https:\/\/www.mumablue.com\/blog\/#website\"},\"primaryImageOfPage\":{\"@id\":\"https:\/\/www.mumablue.com\/blog\/cuento-sobre-alimentacion-saludable-para-ninos-gratis\/#primaryimage\"},\"datePublished\":\"2021-07-08T08:48:00+00:00\",\"dateModified\":\"2025-04-08T08:53:45+00:00\",\"description\":\"\\\"Chucheritis\\\" es un cuento sobre alimentaci\\u00f3n saludable para ni\\u00f1os en el que se ense\\u00f1a a no comer tantos dulces. \\u00a1Incluye audiocuento gratis!\",\"inLanguage\":\"es\",\"potentialAction\":[{\"@type\":\"ReadAction\",\"target\":[\"https:\/\/www.mumablue.com\/blog\/cuento-sobre-alimentacion-saludable-para-ninos-gratis\/\"]}]}]}<\/script>\n<!-- \/ Yoast SEO plugin. -->","_links":{"self":[{"href":"https:\/\/www.mumablue.com\/blog\/wp-json\/wp\/v2\/pages\/4505"}],"collection":[{"href":"https:\/\/www.mumablue.com\/blog\/wp-json\/wp\/v2\/pages"}],"about":[{"href":"https:\/\/www.mumablue.com\/blog\/wp-json\/wp\/v2\/types\/page"}],"author":[{"embeddable":true,"href":"https:\/\/www.mumablue.com\/blog\/wp-json\/wp\/v2\/users\/6"}],"replies":[{"embeddable":true,"href":"https:\/\/www.mumablue.com\/blog\/wp-json\/wp\/v2\/comments?post=4505"}],"version-history":[{"count":15,"href":"https:\/\/www.mumablue.com\/blog\/wp-json\/wp\/v2\/pages\/4505\/revisions"}],"predecessor-version":[{"id":7433,"href":"https:\/\/www.mumablue.com\/blog\/wp-json\/wp\/v2\/pages\/4505\/revisions\/7433"}],"wp:attachment":[{"href":"https:\/\/www.mumablue.com\/blog\/wp-json\/wp\/v2\/media?parent=4505"}],"curies":[{"name":"wp","href":"https:\/\/api.w.org\/{rel}","templated":true}]}}