{"id":4493,"date":"2021-07-07T12:59:17","date_gmt":"2021-07-07T12:59:17","guid":{"rendered":"https:\/\/mumablue.com\/blog\/?page_id=4493"},"modified":"2025-04-08T11:23:26","modified_gmt":"2025-04-08T11:23:26","slug":"cuento-de-familia-para-ninos-audiocuento-gratis","status":"publish","type":"page","link":"https:\/\/www.mumablue.com\/blog\/cuento-de-familia-para-ninos-audiocuento-gratis\/","title":{"rendered":"Cuento de familia para ni\u00f1os + audiocuento gratis"},"content":{"rendered":"<p><a href=\"https:\/\/www.mumablue.com\/blog\/wp-content\/uploads\/2021\/07\/29-Juntos-1.jpg\"><img decoding=\"async\" loading=\"lazy\" class=\"alignnone size-full wp-image-4486\" src=\"https:\/\/www.mumablue.com\/blog\/wp-content\/uploads\/2021\/07\/29-Juntos-1.jpg\" alt=\"cuento de familia para ni\u00f1os\" width=\"500\" height=\"500\" srcset=\"https:\/\/www.mumablue.com\/blog\/wp-content\/uploads\/2021\/07\/29-Juntos-1.jpg 500w, https:\/\/www.mumablue.com\/blog\/wp-content\/uploads\/2021\/07\/29-Juntos-1-300x300.jpg 300w, https:\/\/www.mumablue.com\/blog\/wp-content\/uploads\/2021\/07\/29-Juntos-1-150x150.jpg 150w\" sizes=\"(max-width: 500px) 100vw, 500px\" \/><\/a><\/p>\n<p>Este cuento de familia para ni\u00f1os te va a sorprender, porque no es s\u00f3lo un cuento: son tres. Tres versiones sobre una bonita historia, \u00abJuntos\u00bb, que puedes disfrutar en su <strong>versi\u00f3n escrita para leer online, escuchar en su versi\u00f3n audiocuento o conseguir impresa<\/strong> y personalizada para tu peque y uno o dos adultos de su familia: padres, abuelos, t\u00edos o padrinos. \u00a1Le va a encantar!<\/p>\n<p><strong>El audiocuento de \u00abJuntos\u00bb es muy especial,<\/strong> porque en \u00e9l se han mezclado m\u00fasicas y efectos sonoros para crear una aut\u00e9ntica experiencia radiof\u00f3nica y evocadora.<\/p>\n<h6><script src=\"https:\/\/www.buzzsprout.com\/937792\/3961514-juntos.js?container_id=buzzsprout-player-3961514&#038;player=small\" type=\"text\/javascript\" charset=\"utf-8\"><\/script>M\u00fasica Public Domain: <a href=\"https:\/\/freepd.com\/upbeat.php\"><span style=\"color: #3366ff;\">Happy Whistling Ukulele<\/span><\/a> por Rafael Krux<\/h6>\n<h2>\u00abJuntos\u00bb personalizado para hasta 5 personajes<\/h2>\n<p>Este cuento de familia para ni\u00f1os naci\u00f3 siendo <strong>un cuento personalizado, impreso e ilustrado a todo color que a\u00fan puedes conseguir<\/strong>. En \u00abJuntos\u00bb cada vivencia cotidiana se convierte en una aventura si se realiza en compa\u00f1\u00eda de la familia: hacer la colada se torna viaje submarino, jugar en el parque en un divertido encuentro entre indios y vaqueros, la vuelta a casa es un maravillosos viaje en globo&#8230; \u00a1Junto a seres queridos y un poco de imaginaci\u00f3n todo es posible!<\/p>\n<p><img decoding=\"async\" loading=\"lazy\" class=\"alignnone size-full wp-image-6697\" src=\"https:\/\/www.mumablue.com\/blog\/wp-content\/uploads\/2023\/03\/cuento-personalizado-familia.jpg\" alt=\"cuento de familia para ni\u00f1os\" width=\"500\" height=\"500\" srcset=\"https:\/\/www.mumablue.com\/blog\/wp-content\/uploads\/2023\/03\/cuento-personalizado-familia.jpg 500w, https:\/\/www.mumablue.com\/blog\/wp-content\/uploads\/2023\/03\/cuento-personalizado-familia-300x300.jpg 300w, https:\/\/www.mumablue.com\/blog\/wp-content\/uploads\/2023\/03\/cuento-personalizado-familia-150x150.jpg 150w\" sizes=\"(max-width: 500px) 100vw, 500px\" \/><\/p>\n<p>\u00ab<a href=\"https:\/\/www.mumablue.com\/esp\/nuestros-cuentos-personalizados\/juntos-es?utm_source=blog&amp;utm_medium=link&amp;utm_campaign=p\u00e1ginas-audiocuentos&amp;utm_content=cuento-familia-ni\u00f1os\" target=\"_blank\" rel=\"noopener noreferrer\"><span style=\"color: #3366ff;\">Juntos<\/span><\/a>\u00bb es un cuento personalizado en el que <strong>hasta tres ni\u00f1os protagonizan el relato junto a uno o dos adultos de su entorno familiar<\/strong>: pap\u00e1, mam\u00e1, abuelos, t\u00edos&#8230; Se crea e imprime en exclusiva para tu peque, porque es posible caracterizar a los personajes, incluyendo los nombres propios del ni\u00f1o y sus familiares, as\u00ed como crear avatares para cada uno de ellos atendiendo a los rasgos f\u00edsicos de cada uno, de modo que resulte en un cuento hecho a medida para cada familia. <strong>\u00a1Es el <em>best seller<\/em> de los cuentos Mumablue!<\/strong><\/p>\n<p>Adem\u00e1s del relato, ilustrado manualmente y a todo color, el cuento incluye una secci\u00f3n de \u00abBusca\u00bb, <strong>una p\u00e1gina extra en la que se explica al ni\u00f1o el valor de la familia<\/strong> y la importancia de saber de d\u00f3nde procede, y una p\u00e1gina final 100% personalizable donde es posible escribir una dedicatoria personal e incluir una fotograf\u00eda de toda la familia.<\/p>\n<p>En \u00ab<a href=\"https:\/\/www.mumablue.com\/esp\/nuestros-cuentos-personalizados\/juntos-1?utm_source=blog&amp;utm_medium=blog-content&amp;utm_campaign=article-page&amp;utm_content=audiocuento-juntos\" target=\"_blank\" rel=\"noopener noreferrer\"><span style=\"color: #3366ff;\">Juntos<\/span><\/a>\u00ab, adem\u00e1s es posible seleccionar el parentesco de padres y escoger personalizar a dos pap\u00e1s o dos mam\u00e1s, porque en Mumablue creemos en todos los modelos de familia y queremos que todos los ni\u00f1os del mundo puedan verse representados en esta historia.<\/p>\n<p><a href=\"https:\/\/www.mumablue.com\/esp\/nuestros-cuentos-personalizados\/juntos-es?utm_source=blog&amp;utm_medium=banner&amp;utm_campaign=p\u00e1ginas-audiocuentos&amp;utm_content=cuento-familia-ni\u00f1os\" target=\"_blank\" rel=\"noopener noreferrer\"><img decoding=\"async\" loading=\"lazy\" class=\"alignnone wp-image-4611 size-full\" src=\"https:\/\/www.mumablue.com\/blog\/wp-content\/uploads\/2021\/07\/cuento-personalizado-familias-1.jpg\" alt=\"cuento de familia\" width=\"715\" height=\"162\" srcset=\"https:\/\/www.mumablue.com\/blog\/wp-content\/uploads\/2021\/07\/cuento-personalizado-familias-1.jpg 715w, https:\/\/www.mumablue.com\/blog\/wp-content\/uploads\/2021\/07\/cuento-personalizado-familias-1-300x68.jpg 300w, https:\/\/www.mumablue.com\/blog\/wp-content\/uploads\/2021\/07\/cuento-personalizado-familias-1-624x141.jpg 624w\" sizes=\"(max-width: 715px) 100vw, 715px\" \/><\/a><\/p>\n<h3><img decoding=\"async\" loading=\"lazy\" class=\"alignnone wp-image-583 ls-is-cached lazyloaded\" src=\"https:\/\/www.mumablue.com\/blog\/wp-content\/uploads\/2020\/03\/favicon.ico\" alt=\"\" width=\"44\" height=\"44\" data-src=\"https:\/\/www.mumablue.com\/blog\/wp-content\/uploads\/2020\/03\/favicon.ico\" \/>\u00a0 <span style=\"color: #800080;\">\u00a1\u00danete al\u00a0<span style=\"color: #3366ff;\"><a style=\"color: #3366ff;\" href=\"https:\/\/www.mumablue.com\/esp\/inicio#mumaClub\" target=\"_blank\" rel=\"noopener\">MumaClub<\/a><\/span>\u00a0y consigue 10% descuento en cuentos personalizados!<\/span><\/h3>\n<p>Otra opci\u00f3n es <strong>que le leas a tu peque el cuento directamente usando el texto que te dejamos<\/strong> a continuaci\u00f3n. Si lo quieres personalizar y que mole mucho m\u00e1s, sustituye el nombre de \u00abMumablue\u00bb por el de tu ni\u00f1o o ni\u00f1a a lo largo del relato.<\/p>\n<h2>\u00abJuntos\u00bb para leer online en familia<\/h2>\n<p>Me llamo Mumablue y mis padres son los mejores padres del barrio. \u00a1Qu\u00e9 digo del barrio! Del pa\u00eds. \u00a1No, no&#8230;! Del planeta. \u00a1Mejor! Del universo. Porque cuando estoy con ellos vivo las aventuras m\u00e1s alucinantes que nadie pueda imaginar.<\/p>\n<p>Si llenamos el cesto de la ropa sucia, jugamos a la liga de los encestadores de \u00e9lite. A mam\u00e1 no se le da mal y pap\u00e1 va mejorando, pero yo&#8230; \u00a1yo soy un hacha! Con una mano a la espalda, de medio lado, hacia atr\u00e1s con antebrazo lanzadera&#8230; Cuanto m\u00e1s complicado, m\u00e1s puntos. \u00a1Ya llevo diez!<\/p>\n<p>Despu\u00e9s viajamos en submarino, aventur\u00e1ndonos en una expedici\u00f3n de alt\u00edsimo riesgo para clasificar nuevas especies lavatr\u00edpedas, como nuestros \u00faltimos hallazgos: el calcetipez, el guant\u00f3cpotus o la cangremiseta.<\/p>\n<p>Algunas especies son muy peligrosas; otras, solo raras y escurridizas. Y las hay muy divertidas, como el pez pantis. \u00a1Mumablue! \u00a1Atrapa esa boafanda constrictor! -apremia pap\u00e1.<\/p>\n<p>Ahora toca ir un rato al parque, debemos asegurarnos de que todo est\u00e1 en orden y el mundo se encuentra a salvo.<\/p>\n<p>Cuando parece que impera la calma&#8230; \u00a1Nos atacan! R\u00e1pido, tenemos que improvisar un fuerte y protegernos\u2026<\/p>\n<p>Pero un buen sheriff sabe que debe velar por la concordia y devolver la tranquilidad que el pueblo necesita. As\u00ed, hacemos las pompas de la paz y lo festejamos merendando todos juntos en el parque. Indios y vaqueros compartimos ricos s\u00e1ndwiches y queso.<\/p>\n<p>El viaje de vuelta a casa siempre lo hacemos en globo. Nos gusta sentir el viento acariciando nuestras mejillas mientras jugamos a hacerle cosquillas a las nubes.<\/p>\n<p>De vez en cuando, alguna se r\u00ede m\u00e1s de la cuenta y llora de la risa. Entonces tenemos que sacar las botas y los chubasqueros.<\/p>\n<p>&#8211; \u00a1Por fin en casa! -dice mam\u00e1- \u00a1Ahora, a la ba\u00f1era, Mumablue! Y la aventura contin\u00faa.<\/p>\n<p>Me sumerjo entre peces de todos los colores, una tortuga cantarina, patos que bailan y un cangrejo que toca el tambor.<\/p>\n<p>Pap\u00e1 ha preparado una rica cena, pero antes de disfrutarla toca organizar un gran desfile&#8230; \u00a1para poner la mesa a golpe de cacerola, con la cuchara y el cuchar\u00f3n!<\/p>\n<p>Con la barriga llena, nos vamos de safari. Encontramos cocodrilos, cebras, jirafas y monos, y acompa\u00f1amos a cada uno de ellos a su guarida.<\/p>\n<p>Despu\u00e9s de lavarnos los dientes, preparamos nuestro gran viaje espacial.<\/p>\n<p>Dejamos los malos sue\u00f1os encerrados en el armario y subimos con nosotros a la nave solo aquellos que son dulces, sorprendentes y divertidos.<\/p>\n<p>Nos tapamos la nariz para fingir voz rob\u00f3tica y comenzamos la cuenta atr\u00e1s: 10, 9, 8, 7, 6, 5, 4, 3, 2, 1&#8230; \u00a1Despegamos! El piloto Mumablue y los comandantes pap\u00e1 y mam\u00e1 se preparan para el lanzamiento.<\/p>\n<p>Al llegar a la Luna, alunizamos. Juntos nos acurrucamos para despedirnos de un hermoso d\u00eda mientras contamos estrellas.<\/p>\n<p>Poco a poco voy cerrando los ojos y, con un beso de mis padres, bostezo y me duermo.<\/p>\n<p>Cada d\u00eda es una aventura extraordinaria, porque lo mejor de un viaje son las personas con las que viajas. Y mis padres son los mejores, \u00a1los s\u00faper mejores! Y con todos felices y contentos, Mumablue se despide hasta el pr\u00f3ximo cuento.<\/p>\n<h2><a href=\"https:\/\/www.mumablue.com\/esp\/nuestros-cuentos-personalizados\/juntos-es?utm_source=blog&amp;utm_medium=banner&amp;utm_campaign=p\u00e1ginas-audiocuentos&amp;utm_content=cuento-familia-ni\u00f1os\" target=\"_blank\" rel=\"noopener noreferrer\"><img decoding=\"async\" loading=\"lazy\" class=\"alignnone wp-image-4611 size-full\" src=\"https:\/\/www.mumablue.com\/blog\/wp-content\/uploads\/2021\/07\/cuento-personalizado-familias-1.jpg\" alt=\"cuento de familia\" width=\"715\" height=\"162\" srcset=\"https:\/\/www.mumablue.com\/blog\/wp-content\/uploads\/2021\/07\/cuento-personalizado-familias-1.jpg 715w, https:\/\/www.mumablue.com\/blog\/wp-content\/uploads\/2021\/07\/cuento-personalizado-familias-1-300x68.jpg 300w, https:\/\/www.mumablue.com\/blog\/wp-content\/uploads\/2021\/07\/cuento-personalizado-familias-1-624x141.jpg 624w\" sizes=\"(max-width: 715px) 100vw, 715px\" \/><\/a><\/h2>\n<h2>Otro cuento de familia para ni\u00f1os de Mumablue<\/h2>\n<p>\u00abJuntos\u00bb no es la \u00fanica historia sobre el valor de la familia que tenemos preparada para ti. Si te ha gustado este cuento de familia para ni\u00f1os te invitamos a descubrir \u00abChucheritis\u00bb, <strong>una historia pensada para ser coprotagonizada por dos hermanos<\/strong>, primos o incluso amigos.<\/p>\n<p>\u00ab<span style=\"color: #3366ff;\"><a style=\"color: #3366ff;\" href=\"https:\/\/www.mumablue.com\/esp\/nuestros-cuentos-personalizados\/chucheritis-es?utm_source=blog&amp;utm_medium=link&amp;utm_campaign=p\u00e1ginas-audiocuentos&amp;utm_content=cuento-familia-ni\u00f1os\" target=\"_blank\" rel=\"noopener noreferrer\">Chucheritis<\/a><\/span>\u00bb tambi\u00e9n est\u00e1 disponible en edici\u00f3n impresa, personalizada. Y, por supuesto, puedes disfrutarlo<strong> gratis en su versi\u00f3n audiocuento en la secci\u00f3n de <span style=\"color: #3366ff;\"><a style=\"color: #3366ff;\" href=\"https:\/\/www.mumablue.com\/blog\/audiocuentos-mumablue\/\">Audiocuentos Mumablue<\/a><\/span><\/strong> para escuchar, de nuestro blog.<\/p>\n<div style='text-align:left' class='yasr-auto-insert-visitor'><\/div>","protected":false},"excerpt":{"rendered":"<p>Este cuento de familia para ni\u00f1os te va a sorprender, porque no es s\u00f3lo un cuento: son tres. Tres versiones sobre una bonita historia, \u00abJuntos\u00bb, que puedes disfrutar en su versi\u00f3n escrita para leer online, escuchar en su versi\u00f3n audiocuento o conseguir impresa y personalizada para tu peque y uno o dos adultos de su [&hellip;]<\/p>\n","protected":false},"author":6,"featured_media":0,"parent":0,"menu_order":0,"comment_status":"closed","ping_status":"closed","template":"","meta":{"yasr_overall_rating":0,"yasr_post_is_review":"","yasr_auto_insert_disabled":"","yasr_review_type":""},"yasr_visitor_votes":{"number_of_votes":28,"sum_votes":118,"stars_attributes":{"read_only":false,"span_bottom":false}},"yoast_head":"<!-- This site is optimized with the Yoast SEO plugin v14.5 - https:\/\/yoast.com\/wordpress\/plugins\/seo\/ -->\n<meta name=\"description\" content=\"&quot;Juntos&quot; es el cuento de familia para ni\u00f1os en tres versiones: audiocuento, para leer online o impreso personalizado para toda la famila. \u00a1Alucinar\u00e1!\" \/>\n<meta name=\"robots\" content=\"index, follow\" \/>\n<meta name=\"googlebot\" content=\"index, follow, max-snippet:-1, max-image-preview:large, max-video-preview:-1\" \/>\n<meta name=\"bingbot\" content=\"index, follow, max-snippet:-1, max-image-preview:large, max-video-preview:-1\" \/>\n<link rel=\"canonical\" href=\"https:\/\/www.mumablue.com\/blog\/cuento-de-familia-para-ninos-audiocuento-gratis\/\" \/>\n<meta property=\"og:locale\" content=\"es_ES\" \/>\n<meta property=\"og:type\" content=\"article\" \/>\n<meta property=\"og:title\" content=\"Cuento de familia para ni\u00f1os + audiocuento gratis - Blog Mumablue\" \/>\n<meta property=\"og:description\" content=\"&quot;Juntos&quot; es el cuento de familia para ni\u00f1os en tres versiones: audiocuento, para leer online o impreso personalizado para toda la famila. \u00a1Alucinar\u00e1!\" \/>\n<meta property=\"og:url\" content=\"https:\/\/www.mumablue.com\/blog\/cuento-de-familia-para-ninos-audiocuento-gratis\/\" \/>\n<meta property=\"og:site_name\" content=\"Blog Mumablue\" \/>\n<meta property=\"article:publisher\" content=\"https:\/\/www.facebook.com\/mumablue\/\" \/>\n<meta property=\"article:modified_time\" content=\"2025-04-08T11:23:26+00:00\" \/>\n<meta property=\"og:image\" content=\"https:\/\/www.mumablue.com\/blog\/wp-content\/uploads\/2021\/07\/29-Juntos-1.jpg\" \/>\n<meta name=\"twitter:card\" content=\"summary_large_image\" \/>\n<script type=\"application\/ld+json\" class=\"yoast-schema-graph\">{\"@context\":\"https:\/\/schema.org\",\"@graph\":[{\"@type\":\"Organization\",\"@id\":\"https:\/\/www.mumablue.com\/blog\/#organization\",\"name\":\"Mumablue\",\"url\":\"https:\/\/www.mumablue.com\/blog\/\",\"sameAs\":[\"https:\/\/www.facebook.com\/mumablue\/\",\"https:\/\/www.instagram.com\/mumablue\/?hl=es\"],\"logo\":{\"@type\":\"ImageObject\",\"@id\":\"https:\/\/www.mumablue.com\/blog\/#logo\",\"inLanguage\":\"es\",\"url\":\"https:\/\/www.mumablue.com\/blog\/wp-content\/uploads\/2020\/05\/Blog-Mumablue.png\",\"width\":749,\"height\":269,\"caption\":\"Mumablue\"},\"image\":{\"@id\":\"https:\/\/www.mumablue.com\/blog\/#logo\"}},{\"@type\":\"WebSite\",\"@id\":\"https:\/\/www.mumablue.com\/blog\/#website\",\"url\":\"https:\/\/www.mumablue.com\/blog\/\",\"name\":\"Blog Mumablue\",\"description\":\"Un blog de cuentos y audiocuentos gratis para ni\\u00f1os.\",\"publisher\":{\"@id\":\"https:\/\/www.mumablue.com\/blog\/#organization\"},\"potentialAction\":[{\"@type\":\"SearchAction\",\"target\":\"https:\/\/www.mumablue.com\/blog\/?s={search_term_string}\",\"query-input\":\"required name=search_term_string\"}],\"inLanguage\":\"es\"},{\"@type\":\"ImageObject\",\"@id\":\"https:\/\/www.mumablue.com\/blog\/cuento-de-familia-para-ninos-audiocuento-gratis\/#primaryimage\",\"inLanguage\":\"es\",\"url\":\"https:\/\/www.mumablue.com\/blog\/wp-content\/uploads\/2021\/07\/29-Juntos-1.jpg\",\"width\":500,\"height\":500,\"caption\":\"cuento de familia para ni\\u00f1os\"},{\"@type\":\"WebPage\",\"@id\":\"https:\/\/www.mumablue.com\/blog\/cuento-de-familia-para-ninos-audiocuento-gratis\/#webpage\",\"url\":\"https:\/\/www.mumablue.com\/blog\/cuento-de-familia-para-ninos-audiocuento-gratis\/\",\"name\":\"Cuento de familia para ni\\u00f1os + audiocuento gratis - Blog Mumablue\",\"isPartOf\":{\"@id\":\"https:\/\/www.mumablue.com\/blog\/#website\"},\"primaryImageOfPage\":{\"@id\":\"https:\/\/www.mumablue.com\/blog\/cuento-de-familia-para-ninos-audiocuento-gratis\/#primaryimage\"},\"datePublished\":\"2021-07-07T12:59:17+00:00\",\"dateModified\":\"2025-04-08T11:23:26+00:00\",\"description\":\"\\\"Juntos\\\" es el cuento de familia para ni\\u00f1os en tres versiones: audiocuento, para leer online o impreso personalizado para toda la famila. \\u00a1Alucinar\\u00e1!\",\"inLanguage\":\"es\",\"potentialAction\":[{\"@type\":\"ReadAction\",\"target\":[\"https:\/\/www.mumablue.com\/blog\/cuento-de-familia-para-ninos-audiocuento-gratis\/\"]}]}]}<\/script>\n<!-- \/ Yoast SEO plugin. -->","_links":{"self":[{"href":"https:\/\/www.mumablue.com\/blog\/wp-json\/wp\/v2\/pages\/4493"}],"collection":[{"href":"https:\/\/www.mumablue.com\/blog\/wp-json\/wp\/v2\/pages"}],"about":[{"href":"https:\/\/www.mumablue.com\/blog\/wp-json\/wp\/v2\/types\/page"}],"author":[{"embeddable":true,"href":"https:\/\/www.mumablue.com\/blog\/wp-json\/wp\/v2\/users\/6"}],"replies":[{"embeddable":true,"href":"https:\/\/www.mumablue.com\/blog\/wp-json\/wp\/v2\/comments?post=4493"}],"version-history":[{"count":12,"href":"https:\/\/www.mumablue.com\/blog\/wp-json\/wp\/v2\/pages\/4493\/revisions"}],"predecessor-version":[{"id":7436,"href":"https:\/\/www.mumablue.com\/blog\/wp-json\/wp\/v2\/pages\/4493\/revisions\/7436"}],"wp:attachment":[{"href":"https:\/\/www.mumablue.com\/blog\/wp-json\/wp\/v2\/media?parent=4493"}],"curies":[{"name":"wp","href":"https:\/\/api.w.org\/{rel}","templated":true}]}}