{"id":4461,"date":"2021-07-07T11:56:15","date_gmt":"2021-07-07T11:56:15","guid":{"rendered":"https:\/\/mumablue.com\/blog\/?page_id=4461"},"modified":"2025-04-08T11:24:48","modified_gmt":"2025-04-08T11:24:48","slug":"cuento-de-unicornios-para-ninos-audio-cuento-gratis","status":"publish","type":"page","link":"https:\/\/www.mumablue.com\/blog\/cuento-de-unicornios-para-ninos-audio-cuento-gratis\/","title":{"rendered":"Cuento de unicornios para ni\u00f1os + audiocuento gratis"},"content":{"rendered":"<p><a href=\"https:\/\/www.mumablue.com\/blog\/wp-content\/uploads\/2021\/07\/El-Reino-de-Miri\u00f1\u00e1n_.jpg\"><img decoding=\"async\" loading=\"lazy\" class=\"alignnone size-full wp-image-4462\" src=\"https:\/\/www.mumablue.com\/blog\/wp-content\/uploads\/2021\/07\/El-Reino-de-Miri\u00f1\u00e1n_.jpg\" alt=\"cuento de unicornios para ni\u00f1os\" width=\"500\" height=\"500\" srcset=\"https:\/\/www.mumablue.com\/blog\/wp-content\/uploads\/2021\/07\/El-Reino-de-Miri\u00f1\u00e1n_.jpg 500w, https:\/\/www.mumablue.com\/blog\/wp-content\/uploads\/2021\/07\/El-Reino-de-Miri\u00f1\u00e1n_-300x300.jpg 300w, https:\/\/www.mumablue.com\/blog\/wp-content\/uploads\/2021\/07\/El-Reino-de-Miri\u00f1\u00e1n_-150x150.jpg 150w\" sizes=\"(max-width: 500px) 100vw, 500px\" \/><\/a><\/p>\n<p>\u00bfBuscabas un cuento de unicornios para ni\u00f1os? \u00a1Estupendo! Porque te traemos tres versiones de \u00abEl Reino de Miri\u00f1\u00e1n\u00bb, una historia en la que el ni\u00f1o protagonista deber\u00e1 salvar a los unicornios dela codicia humana. Este cuento de unicornios para ni\u00f1os es rico en valores y <strong>puedes disfrutarlo en versi\u00f3n audiocuento, le\u00e9rselo directamente a tu peque o conseguirlo impreso<\/strong> y personalizado en exclusiva para \u00e9l.<\/p>\n<p>Te dejamos la versi\u00f3n para escuchar, antes de nada, por si no tienes tiempo o prefer\u00eds disfrutar de la<strong> historia acompa\u00f1ada de una atm\u00f3sfera envolvente e inmersiva<\/strong> de cuidadas m\u00fasicas y efectos sonoros.<\/p>\n<h6><script src=\"https:\/\/www.buzzsprout.com\/937792\/3200128-el-reino-de-mirinan.js?container_id=buzzsprout-player-3200128&#038;player=small\" type=\"text\/javascript\" charset=\"utf-8\"><\/script>M\u00fasica Public Domain: <span style=\"color: #3366ff;\"><a style=\"color: #3366ff;\" href=\"https:\/\/freepd.com\/scoring.php\">Magic in the garden, Dreams of vain<\/a><\/span>\u00a0y <span style=\"color: #3366ff;\"><a style=\"color: #3366ff;\" href=\"https:\/\/freepd.com\/epic.php\">Emotional Blockbuster<\/a><\/span>, por Rafael Krux; <span style=\"color: #3366ff;\"><a style=\"color: #3366ff;\" href=\"https:\/\/lamusicagratis.com\/decargar-musica\/morning-mood\">Morning Mood (Gynt Suite n\u00b01)<\/a><\/span> de Edvard Grieg<\/h6>\n<h2>Cuento de unicornios para ni\u00f1os personalizado e ilustrado<\/h2>\n<p>\u00abEl Reino de Miri\u00f1\u00e1n\u00bb es, en origen, un cuento de unicornios para ni\u00f1os personalizado en el que <strong>es posible convertir a tu peque en el \u00fanico protagonista del relato<\/strong> gracias a que se puede determinar el nombre propio del ni\u00f1o o ni\u00f1a, as\u00ed como crear un avatar para las ilustraciones con gran parecido f\u00edsico, configur\u00e1ndolo mediante su color y corte de pelo, su color de ojos, tono de piel o complementos adicionales.<\/p>\n<p><a href=\"https:\/\/www.mumablue.com\/esp\/nuestros-cuentos-personalizados\/el-reino-de-mirinian?utm_source=blog&amp;utm_medium=banner&amp;utm_campaign=p\u00e1ginas-audiocuentos&amp;utm_content=cuento-unicornios-ni\u00f1os\" target=\"_blank\" rel=\"noopener noreferrer\"><img decoding=\"async\" loading=\"lazy\" class=\"alignnone wp-image-4559 size-full\" src=\"https:\/\/www.mumablue.com\/blog\/wp-content\/uploads\/2021\/07\/cuento-personalizado-unicornios.jpg\" alt=\"Cuento de unicornios para ni\u00f1os\" width=\"715\" height=\"162\" srcset=\"https:\/\/www.mumablue.com\/blog\/wp-content\/uploads\/2021\/07\/cuento-personalizado-unicornios.jpg 715w, https:\/\/www.mumablue.com\/blog\/wp-content\/uploads\/2021\/07\/cuento-personalizado-unicornios-300x68.jpg 300w, https:\/\/www.mumablue.com\/blog\/wp-content\/uploads\/2021\/07\/cuento-personalizado-unicornios-624x141.jpg 624w\" sizes=\"(max-width: 715px) 100vw, 715px\" \/><\/a><\/p>\n<h3><img decoding=\"async\" loading=\"lazy\" class=\"alignnone wp-image-583 ls-is-cached lazyloaded\" src=\"https:\/\/www.mumablue.com\/blog\/wp-content\/uploads\/2020\/03\/favicon.ico\" alt=\"\" width=\"44\" height=\"44\" data-src=\"https:\/\/www.mumablue.com\/blog\/wp-content\/uploads\/2020\/03\/favicon.ico\" \/>\u00a0 <span style=\"color: #800080;\">\u00a1\u00danete al\u00a0<span style=\"color: #3366ff;\"><a style=\"color: #3366ff;\" href=\"https:\/\/www.mumablue.com\/esp\/inicio#mumaClub\" target=\"_blank\" rel=\"noopener\">MumaClub<\/a><\/span>\u00a0y consigue 10% descuento en cuentos personalizados!<\/span><\/h3>\n<p>En este cuento de unicornios para ni\u00f1os, el peque\u00f1o protagonista ser\u00e1 requerido para una importante misi\u00f3n:<strong> lograr que los unicornios regresen al Reino desde su exilio en la Isla de las Orop\u00e9ndolas<\/strong>, a donde tuvieron que huir para proteger sus huevos de oro de la codicia de los hombres. Acompa\u00f1ado por su mascota, un simp\u00e1tico lori, el protagonista del relato vivir\u00e1 una aventura no exenta de peligros que terminar\u00e1 con un final feliz.<\/p>\n<p>Como todos los cuentos personalizados Mumablue, este cuento de unicornios para ni\u00f1os basa su historia en la transmisi\u00f3n de valores. \u00ab<a href=\"https:\/\/www.mumablue.com\/esp\/nuestros-cuentos-personalizados\/el-reino-de-mirinian?utm_source=blog&amp;utm_medium=link&amp;utm_campaign=p\u00e1ginas-audiocuentos&amp;utm_content=cuento-unicornios-ni\u00f1os\" target=\"_blank\" rel=\"noopener noreferrer\"><span style=\"color: #3366ff;\">El Reino de Miri\u00f1\u00e1n<\/span><\/a>\u00bb transmite tres ense\u00f1anzas principales: <strong>el respeto por los animales y el entorno, la importancia de la familia y el valor de la empat\u00eda<\/strong>. Cuenta con una p\u00e1gina extra de \u00abBusca y encuentra\u00bb, un apartado \u00abSab\u00edas que\u00bb y una p\u00e1gina especial que permite escribir una dedicatoria propia y subir una foto real de ni\u00f1o o ni\u00f1a protagonista.<\/p>\n<p><a href=\"https:\/\/www.mumablue.com\/blog\/wp-content\/uploads\/2021\/07\/New-Project-20-1.jpg\"><img decoding=\"async\" loading=\"lazy\" class=\"alignnone size-full wp-image-4465\" src=\"https:\/\/www.mumablue.com\/blog\/wp-content\/uploads\/2021\/07\/New-Project-20-1.jpg\" alt=\"cuento de unicornios para ni\u00f1os\" width=\"715\" height=\"359\" srcset=\"https:\/\/www.mumablue.com\/blog\/wp-content\/uploads\/2021\/07\/New-Project-20-1.jpg 715w, https:\/\/www.mumablue.com\/blog\/wp-content\/uploads\/2021\/07\/New-Project-20-1-300x151.jpg 300w, https:\/\/www.mumablue.com\/blog\/wp-content\/uploads\/2021\/07\/New-Project-20-1-624x313.jpg 624w\" sizes=\"(max-width: 715px) 100vw, 715px\" \/><\/a><\/p>\n<h2>\u00abEl Reino de Miri\u00f1\u00e1n\u00bb para leer a los ni\u00f1os<\/h2>\n<p>En El Reino de Miri\u00f1\u00e1n hab\u00eda una preciosa casa en la cumbre de una monta\u00f1a muy alta. Era el hogar de un ni\u00f1o extraordinario que crec\u00eda feliz junto a su familia. \u00bfAdivinas su nombre? Mumablue, se llamaba.<\/p>\n<p>Mumablue ten\u00eda un don especial: mov\u00eda objetos con la mente, deten\u00eda la lluvia para poder salir a jugar e incluso hablaba con Lori, su mascota.<\/p>\n<p>Una noche, una luci\u00e9rnaga entr\u00f3 por la ventana, despert\u00f3 a Lori y le dio un mensaje para Mumablue, que dorm\u00eda a pierna suelta.\u00a0Apenas asomaron los primeros rayos de sol, Lori despert\u00f3 a Mumablue.<\/p>\n<p>&#8211; Una luci\u00e9rnaga me ha dado un mensaje para ti. Dice que los unicornios necesitan tu ayuda.<\/p>\n<p>&#8211; \u00bfUnicornios? Pero si los unicornios no existen -se sorprendi\u00f3 Mumablue.<\/p>\n<p>Lori le explic\u00f3 que hubo un tiempo en el que los unicornios conviv\u00edan con los habitantes del Reino de Miri\u00f1\u00e1n, pero la codicia llev\u00f3 a los hombres a apoderarse de todos los huevos de oro de los que nac\u00edan los unicornios, provocando as\u00ed su desaparici\u00f3n. Solo uno de ellos qued\u00f3 en el Reino. Su nombre es Otis.<\/p>\n<p>La luci\u00e9rnaga asegur\u00f3 que los unicornios que lograron huir se escondieron en la isla de las Orop\u00e9ndolas y que hab\u00eda visto a Otis en el bosque p\u00farpura. Mientras Lori detallaba su encuentro con la luci\u00e9rnaga, Mumablue se pon\u00eda sus zapatos.<\/p>\n<p>&#8211; Mumablue, solo t\u00fa puedes ayudar a Otis a encontrar a su familia -explic\u00f3 Lori.<\/p>\n<p>Una vez partieron en busca de Otis, Mumablue pens\u00f3 en su familia.<\/p>\n<p>&#8211; Deber\u00eda haberlos avisado para que no se preocuparan -se dijo.<\/p>\n<p>De pronto, Mumablue escuch\u00f3 un ruido. Se gir\u00f3 y entonces contempl\u00f3 al ser m\u00e1s bello que<br \/>\nsus ojos hab\u00edan visto jam\u00e1s.<\/p>\n<p>&#8211; \u00a1Hola, Otis! Soy Mumablue -salud\u00f3 el peque\u00f1o.<\/p>\n<p>Otis se llev\u00f3 un susto tremendo y sali\u00f3 corriendo.<\/p>\n<p>&#8211; \u00a1Espera, por favor, detente! \u00a1Solo quiero ayudarte a encontrar a tu familia! -grit\u00f3 Mumablue.<\/p>\n<p>El unicornio se detuvo y escuch\u00f3 las palabras de Mumablue, que logr\u00f3 convencerle para ir en busca de su familia. Mumablue subi\u00f3 a lomos de Otis como pudo, puesto que nunca antes hab\u00eda montado en unicornio.<\/p>\n<p>Mumablue, Lori y Otis volaban hacia la isla de las Orop\u00e9ndolas cuando se toparon con un terrible monstruo marino. Uno de sus tent\u00e1culos atrap\u00f3 a Otis. Mumablue logr\u00f3 esquivarlo y, usando sus poderes, sac\u00f3 a la superficie algas marinas que apresaron al monstruo.<\/p>\n<p>Cuando Mumablue consigui\u00f3 liberar a Otis, subi\u00f3 a su lomo y juntos continuaron el viaje hacia la isla de las Orop\u00e9ndolas.<\/p>\n<p>La isla de las Orop\u00e9ndolas era un aut\u00e9ntico para\u00edso donde los unicornios trotaban a sus anchas. Al ver a Otis uno de ellos se acerc\u00f3.<\/p>\n<p>&#8211; Te reconocer\u00eda en cualquier parte del mundo. He pensado en ti cada segundo de cada d\u00eda. Otis, soy Arlana, tu madre.<\/p>\n<p>Otis y Arlana se dieron un fuerte abrazo. Mumablue y Lori no pod\u00edan estar m\u00e1s contentos. Despu\u00e9s emprendieron el viaje de regreso a casa junto con Otis, Arlana y el resto de los unicornios.<\/p>\n<p>En cuanto regresaron, Mumablue corri\u00f3 a abrazar a su familia. Les cont\u00f3 c\u00f3mo hab\u00eda derrotado al monstruo marino y su encuentro con los unicornios. Juntos, movilizaron al reino entero para acogerlos de nuevo y vivir en armon\u00eda.<\/p>\n<p>La historia de Mumablue y Otis corri\u00f3 como la p\u00f3lvora por todo el Reino de Miri\u00f1\u00e1n.\u00a0Sus habitantes fueron m\u00e1s felices cuando aprendieron a querer y respetar a los unicornios, a los que nunca m\u00e1s atacaron para hacerse con sus huevos de oro.<\/p>\n<p>Y con Arlana y Otis felices y contentos, Mumablue se despide hasta el pr\u00f3ximo cuento.<\/p>\n<h2><a href=\"https:\/\/www.mumablue.com\/esp\/nuestros-cuentos-personalizados\/el-reino-de-mirinian?utm_source=blog&amp;utm_medium=banner&amp;utm_campaign=p\u00e1ginas-audiocuentos&amp;utm_content=cuento-unicornios-ni\u00f1os\" target=\"_blank\" rel=\"noopener noreferrer\"><img decoding=\"async\" loading=\"lazy\" class=\"alignnone wp-image-4559 size-full\" src=\"https:\/\/www.mumablue.com\/blog\/wp-content\/uploads\/2021\/07\/cuento-personalizado-unicornios.jpg\" alt=\"Cuento de unicornios para ni\u00f1os\" width=\"715\" height=\"162\" srcset=\"https:\/\/www.mumablue.com\/blog\/wp-content\/uploads\/2021\/07\/cuento-personalizado-unicornios.jpg 715w, https:\/\/www.mumablue.com\/blog\/wp-content\/uploads\/2021\/07\/cuento-personalizado-unicornios-300x68.jpg 300w, https:\/\/www.mumablue.com\/blog\/wp-content\/uploads\/2021\/07\/cuento-personalizado-unicornios-624x141.jpg 624w\" sizes=\"(max-width: 715px) 100vw, 715px\" \/><\/a><\/h2>\n<h2>Otros cuentos de unicornios para ni\u00f1os y mucho m\u00e1s<\/h2>\n<p>Si te ha gustado este cuento de unicornios para ni\u00f1os tenemos otro que tambi\u00e9n le har\u00e1 so\u00f1ar, \u00ab<span style=\"color: #3366ff;\"><a style=\"color: #3366ff;\" href=\"https:\/\/www.mumablue.com\/blog\/cuento-de-unicornios-para-leer\/\">Al unicornio se le ha ca\u00eddo su cuerno de leche<\/a><\/span>\u00ab, en versi\u00f3n para leer online o para escuchar. Se trata de <strong>una bonita historia que pone de relieve el valor de la paciencia<\/strong>, mediante una analog\u00eda entre los dientes de leche de los ni\u00f1os y los \u00ablos cuernos de leche\u00bb de los unicornios. \u00a1Es muy bonito!<\/p>\n<p>Si lo que te ha gustado es la propuesta de cuentos personalizados impresos a todo color, puedes consultar el <a href=\"https:\/\/www.mumablue.com\/esp\/nuestros-cuentos-personalizados?utm_source=blog&amp;utm_medium=link&amp;utm_campaign=p\u00e1ginas-audiocuentos&amp;utm_content=cuento-unicornios-ni\u00f1os\" target=\"_blank\" rel=\"noopener noreferrer\"><span style=\"color: #3366ff;\">cat\u00e1logo de Mumablue<\/span><\/a>. Adem\u00e1s <strong>tienes disponibles cada uno de sus audiocuentos, gratis<\/strong>, en nuestro blog, en la secci\u00f3n <span style=\"color: #3366ff;\"><a style=\"color: #3366ff;\" href=\"https:\/\/www.mumablue.com\/blog\/audiocuentos-mumablue\/\">Cuentos Mumablue<\/a><\/span> para escuchar.<\/p>\n<div style='text-align:left' class='yasr-auto-insert-visitor'><\/div>","protected":false},"excerpt":{"rendered":"<p>\u00bfBuscabas un cuento de unicornios para ni\u00f1os? \u00a1Estupendo! Porque te traemos tres versiones de \u00abEl Reino de Miri\u00f1\u00e1n\u00bb, una historia en la que el ni\u00f1o protagonista deber\u00e1 salvar a los unicornios dela codicia humana. Este cuento de unicornios para ni\u00f1os es rico en valores y puedes disfrutarlo en versi\u00f3n audiocuento, le\u00e9rselo directamente a tu peque [&hellip;]<\/p>\n","protected":false},"author":6,"featured_media":0,"parent":0,"menu_order":0,"comment_status":"closed","ping_status":"closed","template":"","meta":{"yasr_overall_rating":0,"yasr_post_is_review":"","yasr_auto_insert_disabled":"","yasr_review_type":""},"yasr_visitor_votes":{"number_of_votes":42,"sum_votes":190,"stars_attributes":{"read_only":false,"span_bottom":false}},"yoast_head":"<!-- This site is optimized with the Yoast SEO plugin v14.5 - https:\/\/yoast.com\/wordpress\/plugins\/seo\/ -->\n<meta name=\"description\" content=\"&quot;El Reino de Miri\u00f1an&quot; es un cuento de unicornios para ni\u00f1os que pod\u00e9is leer online, escuchar en audiocuento o conseguir en su versi\u00f3n impresa personalizada.\" \/>\n<meta name=\"robots\" content=\"index, follow\" \/>\n<meta name=\"googlebot\" content=\"index, follow, max-snippet:-1, max-image-preview:large, max-video-preview:-1\" \/>\n<meta name=\"bingbot\" content=\"index, follow, max-snippet:-1, max-image-preview:large, max-video-preview:-1\" \/>\n<link rel=\"canonical\" href=\"https:\/\/www.mumablue.com\/blog\/cuento-de-unicornios-para-ninos-audio-cuento-gratis\/\" \/>\n<meta property=\"og:locale\" content=\"es_ES\" \/>\n<meta property=\"og:type\" content=\"article\" \/>\n<meta property=\"og:title\" content=\"Cuento de unicornios para ni\u00f1os + audiocuento gratis - Blog Mumablue\" \/>\n<meta property=\"og:description\" content=\"&quot;El Reino de Miri\u00f1an&quot; es un cuento de unicornios para ni\u00f1os que pod\u00e9is leer online, escuchar en audiocuento o conseguir en su versi\u00f3n impresa personalizada.\" \/>\n<meta property=\"og:url\" content=\"https:\/\/www.mumablue.com\/blog\/cuento-de-unicornios-para-ninos-audio-cuento-gratis\/\" \/>\n<meta property=\"og:site_name\" content=\"Blog Mumablue\" \/>\n<meta property=\"article:publisher\" content=\"https:\/\/www.facebook.com\/mumablue\/\" \/>\n<meta property=\"article:modified_time\" content=\"2025-04-08T11:24:48+00:00\" \/>\n<meta property=\"og:image\" content=\"https:\/\/www.mumablue.com\/blog\/wp-content\/uploads\/2021\/07\/El-Reino-de-Miri\u00f1\u00e1n_.jpg\" \/>\n<meta name=\"twitter:card\" content=\"summary_large_image\" \/>\n<script type=\"application\/ld+json\" class=\"yoast-schema-graph\">{\"@context\":\"https:\/\/schema.org\",\"@graph\":[{\"@type\":\"Organization\",\"@id\":\"https:\/\/www.mumablue.com\/blog\/#organization\",\"name\":\"Mumablue\",\"url\":\"https:\/\/www.mumablue.com\/blog\/\",\"sameAs\":[\"https:\/\/www.facebook.com\/mumablue\/\",\"https:\/\/www.instagram.com\/mumablue\/?hl=es\"],\"logo\":{\"@type\":\"ImageObject\",\"@id\":\"https:\/\/www.mumablue.com\/blog\/#logo\",\"inLanguage\":\"es\",\"url\":\"https:\/\/www.mumablue.com\/blog\/wp-content\/uploads\/2020\/05\/Blog-Mumablue.png\",\"width\":749,\"height\":269,\"caption\":\"Mumablue\"},\"image\":{\"@id\":\"https:\/\/www.mumablue.com\/blog\/#logo\"}},{\"@type\":\"WebSite\",\"@id\":\"https:\/\/www.mumablue.com\/blog\/#website\",\"url\":\"https:\/\/www.mumablue.com\/blog\/\",\"name\":\"Blog Mumablue\",\"description\":\"Un blog de cuentos y audiocuentos gratis para ni\\u00f1os.\",\"publisher\":{\"@id\":\"https:\/\/www.mumablue.com\/blog\/#organization\"},\"potentialAction\":[{\"@type\":\"SearchAction\",\"target\":\"https:\/\/www.mumablue.com\/blog\/?s={search_term_string}\",\"query-input\":\"required name=search_term_string\"}],\"inLanguage\":\"es\"},{\"@type\":\"ImageObject\",\"@id\":\"https:\/\/www.mumablue.com\/blog\/cuento-de-unicornios-para-ninos-audio-cuento-gratis\/#primaryimage\",\"inLanguage\":\"es\",\"url\":\"https:\/\/www.mumablue.com\/blog\/wp-content\/uploads\/2021\/07\/El-Reino-de-Miri\\u00f1\\u00e1n_.jpg\",\"width\":500,\"height\":500,\"caption\":\"cuento de unicornios para ni\\u00f1os\"},{\"@type\":\"WebPage\",\"@id\":\"https:\/\/www.mumablue.com\/blog\/cuento-de-unicornios-para-ninos-audio-cuento-gratis\/#webpage\",\"url\":\"https:\/\/www.mumablue.com\/blog\/cuento-de-unicornios-para-ninos-audio-cuento-gratis\/\",\"name\":\"Cuento de unicornios para ni\\u00f1os + audiocuento gratis - Blog Mumablue\",\"isPartOf\":{\"@id\":\"https:\/\/www.mumablue.com\/blog\/#website\"},\"primaryImageOfPage\":{\"@id\":\"https:\/\/www.mumablue.com\/blog\/cuento-de-unicornios-para-ninos-audio-cuento-gratis\/#primaryimage\"},\"datePublished\":\"2021-07-07T11:56:15+00:00\",\"dateModified\":\"2025-04-08T11:24:48+00:00\",\"description\":\"\\\"El Reino de Miri\\u00f1an\\\" es un cuento de unicornios para ni\\u00f1os que pod\\u00e9is leer online, escuchar en audiocuento o conseguir en su versi\\u00f3n impresa personalizada.\",\"inLanguage\":\"es\",\"potentialAction\":[{\"@type\":\"ReadAction\",\"target\":[\"https:\/\/www.mumablue.com\/blog\/cuento-de-unicornios-para-ninos-audio-cuento-gratis\/\"]}]}]}<\/script>\n<!-- \/ Yoast SEO plugin. -->","_links":{"self":[{"href":"https:\/\/www.mumablue.com\/blog\/wp-json\/wp\/v2\/pages\/4461"}],"collection":[{"href":"https:\/\/www.mumablue.com\/blog\/wp-json\/wp\/v2\/pages"}],"about":[{"href":"https:\/\/www.mumablue.com\/blog\/wp-json\/wp\/v2\/types\/page"}],"author":[{"embeddable":true,"href":"https:\/\/www.mumablue.com\/blog\/wp-json\/wp\/v2\/users\/6"}],"replies":[{"embeddable":true,"href":"https:\/\/www.mumablue.com\/blog\/wp-json\/wp\/v2\/comments?post=4461"}],"version-history":[{"count":12,"href":"https:\/\/www.mumablue.com\/blog\/wp-json\/wp\/v2\/pages\/4461\/revisions"}],"predecessor-version":[{"id":7442,"href":"https:\/\/www.mumablue.com\/blog\/wp-json\/wp\/v2\/pages\/4461\/revisions\/7442"}],"wp:attachment":[{"href":"https:\/\/www.mumablue.com\/blog\/wp-json\/wp\/v2\/media?parent=4461"}],"curies":[{"name":"wp","href":"https:\/\/api.w.org\/{rel}","templated":true}]}}