{"id":4438,"date":"2021-07-07T09:20:25","date_gmt":"2021-07-07T09:20:25","guid":{"rendered":"https:\/\/mumablue.com\/blog\/?page_id=4438"},"modified":"2025-04-08T08:53:48","modified_gmt":"2025-04-08T08:53:48","slug":"cuento-para-superar-el-miedo-audiocuento-gratis","status":"publish","type":"page","link":"https:\/\/www.mumablue.com\/blog\/cuento-para-superar-el-miedo-audiocuento-gratis\/","title":{"rendered":"Cuento para superar el miedo + audiocuento gratis"},"content":{"rendered":"<p><a href=\"https:\/\/www.mumablue.com\/blog\/wp-content\/uploads\/2021\/07\/04-Burbujas-1.jpg\"><img decoding=\"async\" loading=\"lazy\" class=\"alignnone wp-image-4439 size-full\" src=\"https:\/\/www.mumablue.com\/blog\/wp-content\/uploads\/2021\/07\/04-Burbujas-1.jpg\" alt=\"Cuento para superar el miedo\" width=\"500\" height=\"500\" srcset=\"https:\/\/www.mumablue.com\/blog\/wp-content\/uploads\/2021\/07\/04-Burbujas-1.jpg 500w, https:\/\/www.mumablue.com\/blog\/wp-content\/uploads\/2021\/07\/04-Burbujas-1-300x300.jpg 300w, https:\/\/www.mumablue.com\/blog\/wp-content\/uploads\/2021\/07\/04-Burbujas-1-150x150.jpg 150w\" sizes=\"(max-width: 500px) 100vw, 500px\" \/><\/a><\/p>\n<p>Si est\u00e1s buscando un cuento para superar el miedo, para ni\u00f1os, est\u00e1s en el lugar indicado, porque te ofrecemos <strong>una bonita historia en tres versiones (para escuchar, para leer o impresa<\/strong> y personalizada en exclusiva para tu peque). Se trata de \u00abBurbujas\u00bb, un cuento para superar el miedo que cuenta la historia de un ni\u00f1o y una tortuga.<\/p>\n<p>Te dejamos este bonito cuento para superar el miedo en su versi\u00f3n para escuchar. Si deseas <strong>acceder al texto para le\u00e9rselo a tu peque directamente, b\u00fascalo al final<\/strong> de este art\u00edculo.<\/p>\n<h6><script src=\"https:\/\/www.buzzsprout.com\/937792\/3225598-burbujas.js?container_id=buzzsprout-player-3225598&#038;player=small\" type=\"text\/javascript\" charset=\"utf-8\"><\/script>M\u00fasica Public Domain: <a href=\"https:\/\/freepd.com\/world.php\"><span style=\"color: #3366ff;\">Forest Frolic Loop<\/span><\/a> por Kevin MacLeod y <span style=\"color: #3366ff;\"><a style=\"color: #3366ff;\" href=\"https:\/\/freepd.com\/scoring.php\">Travelers Notebook<\/a><\/span> por Rafael Krux<\/h6>\n<h2>Cuento para superar el miedo impreso y personalizado para tu peque<\/h2>\n<p><strong>El protagonista de la historia tiene miedo de ba\u00f1arse en el mar<\/strong>: cree que dentro del agua viven terribles monstruos marinos. Por su parte, la tortuga Marena le teme a la superficie: piensa que la arena la atrapar\u00e1 y nunca podr\u00e1 escapar. Ambos est\u00e1n muy asustados&#8230; hasta que se conocen. Entonces, Marena invitar\u00e1 al protagonista a acompa\u00f1arlo y descubrir las maravillas que se esconden en las profundidades. Despu\u00e9s, el ni\u00f1o le ense\u00f1ar\u00e1 a la tortuga lo divertido que es jugar en la orilla del mar.<\/p>\n<p><a href=\"https:\/\/www.mumablue.com\/esp\/nuestros-cuentos-personalizados\/burbujas?utm_source=blog&amp;utm_medium=banner&amp;utm_campaign=p\u00e1ginas-audiocuentos&amp;utm_content=cuento-superar-miedo\" target=\"_blank\" rel=\"noopener noreferrer\"><img decoding=\"async\" loading=\"lazy\" class=\"alignnone wp-image-4549 size-full\" src=\"https:\/\/www.mumablue.com\/blog\/wp-content\/uploads\/2021\/07\/cuento-personalizado-superar-miedos.jpg\" alt=\"Cuento para superar el miedo\" width=\"715\" height=\"162\" srcset=\"https:\/\/www.mumablue.com\/blog\/wp-content\/uploads\/2021\/07\/cuento-personalizado-superar-miedos.jpg 715w, https:\/\/www.mumablue.com\/blog\/wp-content\/uploads\/2021\/07\/cuento-personalizado-superar-miedos-300x68.jpg 300w, https:\/\/www.mumablue.com\/blog\/wp-content\/uploads\/2021\/07\/cuento-personalizado-superar-miedos-624x141.jpg 624w\" sizes=\"(max-width: 715px) 100vw, 715px\" \/><\/a><\/p>\n<p>Esta historia parte de un cuento impreso, ilustrado y personalizado en exclusiva para cada ni\u00f1o o ni\u00f1a. Se trata de \u00ab<span style=\"color: #3366ff;\"><a style=\"color: #3366ff;\" href=\"https:\/\/www.mumablue.com\/esp\/nuestros-cuentos-personalizados\/burbujas?utm_source=blog&amp;utm_medium=link&amp;utm_campaign=p\u00e1ginas-audiocuentos&amp;utm_content=cuento-superar-miedo\" target=\"_blank\" rel=\"noopener noreferrer\">Burbujas<\/a><\/span>\u00ab, un cuento para superar el miedo editado por Mumablue en el que <strong>es posible personalizar al ni\u00f1o que lo recibe y crear un avatar con sus rasgos f\u00edsicos<\/strong>. As\u00ed, tu peque aparecer\u00e1 en las ilustraciones del cuento. Adem\u00e1s, protagonizar\u00e1 esta historia en primera persona.<\/p>\n<p>Al tratarse de un cuento personalizado, los ni\u00f1os entienden mucho mejor el mensaje de que no hay por qu\u00e9 tener miedo a lo desconocido, ya que viven la historia en primera persona y descubren, con la ayuda de la tortuga Marena, que no hay nada de temer. Adem\u00e1s, <strong>gracias a este modo de relato, se interiorizan mejor los valores<\/strong> que, en el caso de \u00abBurbujas\u00bb son, adem\u00e1s de superar los miedos, la amistad y la confianza e los dem\u00e1s.<\/p>\n<p><a href=\"https:\/\/www.mumablue.com\/blog\/wp-content\/uploads\/2021\/07\/Ni\u00f1a-morena-logo.jpg\"><img decoding=\"async\" loading=\"lazy\" class=\"alignnone wp-image-4442 size-full\" src=\"https:\/\/www.mumablue.com\/blog\/wp-content\/uploads\/2021\/07\/Ni\u00f1a-morena-logo.jpg\" alt=\"Cuento para superar el miedo\" width=\"500\" height=\"500\" srcset=\"https:\/\/www.mumablue.com\/blog\/wp-content\/uploads\/2021\/07\/Ni\u00f1a-morena-logo.jpg 500w, https:\/\/www.mumablue.com\/blog\/wp-content\/uploads\/2021\/07\/Ni\u00f1a-morena-logo-300x300.jpg 300w, https:\/\/www.mumablue.com\/blog\/wp-content\/uploads\/2021\/07\/Ni\u00f1a-morena-logo-150x150.jpg 150w\" sizes=\"(max-width: 500px) 100vw, 500px\" \/><\/a><\/p>\n<p><strong>\u00abBurbujas\u00bb es uno de los cuentos personalizados de Mumablue m\u00e1s vendidos<\/strong>. Adem\u00e1s del relato en s\u00ed mismo, cuenta con una secci\u00f3n de \u00abBusca y encuentra\u00bb, una p\u00e1gina adicional en la que se explica a los ni\u00f1os qu\u00e9 son los miedos, para qu\u00e9 sirven y c\u00f3mo superarlos, y un apartado en el que se puede personalizar una dedicatoria y subir una foto real del ni\u00f1o, de manera que este cuento para superar el miedo se convierta en un bonito recuerdo para toda la vida. Puedes curiosear y <strong><span style=\"color: #3366ff;\"><a style=\"color: #3366ff;\" href=\"https:\/\/www.mumablue.com\/esp\/nuestros-cuentos-personalizados\/burbujas?utm_source=blog&amp;utm_medium=link&amp;utm_campaign=p\u00e1ginas-audiocuentos&amp;utm_content=cuento-superar-miedo\">acceder a una previsualizaci\u00f3n<\/a><\/span> completa una vez creado el avatar de tu peque totalmente gratis<\/strong> antes de decidirte a comprar.<\/p>\n<h2>\u00abBurbujas\u00bb para leer a los ni\u00f1os<\/h2>\n<p>Mumablue es un ni\u00f1o inteligente y feliz. Vive con su familia en una preciosa casita muy cerca de la playa. A Mumablue le encanta correr, saltar y hacer pompas de jab\u00f3n.<\/p>\n<p>Marena es una tortuga simp\u00e1tica y veloz. En su caparaz\u00f3n tiene una hermosa mancha en forma de estrella, y lo que m\u00e1s le gusta es comer algas dulces con sabor a caramelo.<\/p>\n<p>Cada d\u00eda, cuando sale del colegio, Mumablue va a <span style=\"font-size: 1rem;\">jugar a la playa. Se lo pasa genial recolectando conchas y viendo c\u00f3mo caminan los cangrejos. \u00a1Son tan graciosos!<\/span><\/p>\n<p>Marena tambi\u00e9n va a la escuela. Gracias a su profesor, el sabio delf\u00edn, aprende cosas nuevas.<br \/>\nOtras veces, junto con sus amiguitos de clase, emprende emocionantes expediciones submarinas.<\/p>\n<p>En los d\u00edas de calor, Mumablue y su familia no salen de la playa. Construyen castillos de arena, juegan a\u00a0la pelota y vuelan la cometa.<\/p>\n<p>Marena disfruta con su familia de las carreras a nado bajo el agua. En ocasiones pasan d\u00edas y d\u00edas aleteando sin parar.<\/p>\n<p>Pero cuando llega la hora de meterse en el agua, Mumablue no pasa de la orilla. Y cuando la familia de Marena llega a la playa, Marena no quiere salir del agua.<\/p>\n<p>Mumablue piensa que en el mar hay monstruos\u00a0terribles a los que no quiere conocer.<br \/>\nY Marena cree que la arena de la playa la atrapar\u00e1 y no le permitir\u00e1 moverse.<\/p>\n<p>Los amigos de Mumablue y Marena no los entienden y se divierten sin ellos. Ambos est\u00e1n muy<br \/>\nasustados y, pese a que sus familias insisten en que nada malo les va a ocurrir, no se atreven a dar el paso.<\/p>\n<p>Hasta que, por fin, hartos de perderse la diversi\u00f3n, deciden intentarlo.<\/p>\n<p>Mumablue camina con decisi\u00f3n hacia el mar, mientras Marena saca la cabeza del agua y se dirige a la orilla. Y as\u00ed contin\u00faan hasta que se encuentran.<\/p>\n<p>&#8211; \u00bfQui\u00e9n eres t\u00fa? Yo soy Mumablue.<\/p>\n<p>&#8211; Me llamo Marena. Pareces muy asustado \u00bfQu\u00e9 te ocurre?<\/p>\n<p>&#8211; Me da mucho miedo el mar, hay monstruos horribles ah\u00ed dentro, responde Mumablue.<\/p>\n<p>&#8211; \u00a1Qu\u00e9 tonter\u00eda! El mar es fant\u00e1stico, ven conmigo, invita Marena.<\/p>\n<p>La tortuga le gu\u00eda por el fondo del mar y le presenta a sus maravillosos habitantes.<\/p>\n<p>&#8211; Esta es la ballena Coralina, que nos despierta todos los d\u00edas con su canto. Subidos en ella vamos a la escuela. Este es Fito el Artista, toca la trompeta como nadie junto al percusionista Pulpo Tintero.<\/p>\n<p>Mumablue est\u00e1 completamente fascinado. \u00a1El mar es muy distinto a c\u00f3mo \u00e9l lo imaginaba!<\/p>\n<p>&#8211; El mar es muy divertido, Mumablue! Por eso no salgo nunca a la playa. Bueno, por eso y porque me da un poco de miedo&#8230;<\/p>\n<p>&#8211; \u00bfMiedo? Pero si la playa es genial, Marena. \u00a1Ven conmigo!<\/p>\n<p>Mumablue sale del agua con Marena y juntos corren por la arena, bailan con los cangrejos y disfrutan de la brisa marina.<\/p>\n<p>Marena ya no tiene miedo a la playa y ayuda a Mumablue a construir castillos de arena. \u00a1Lo est\u00e1n pasando genial!<\/p>\n<p>Nunca sabes los amigos que puedes encontrar y los lugares que puedes descubrir hasta que lo intentas.<\/p>\n<p>Mumablue y Marena han comprobado que solo ten\u00edan miedo a lo desconocido, pero ahora han hecho una amistad para toda la vida entre el mar y la playa.<\/p>\n<p>Y con Marena y todos los habitantes marinos felices y contentos, Mumablue se despide hasta el pr\u00f3ximo cuento.<\/p>\n<p><a href=\"https:\/\/www.mumablue.com\/esp\/nuestros-cuentos-personalizados\/burbujas?utm_source=blog&amp;utm_medium=banner&amp;utm_campaign=p\u00e1ginas-audiocuentos&amp;utm_content=cuento-superar-miedo\" target=\"_blank\" rel=\"noopener noreferrer\"><img decoding=\"async\" loading=\"lazy\" class=\"alignnone wp-image-4549 size-full\" src=\"https:\/\/www.mumablue.com\/blog\/wp-content\/uploads\/2021\/07\/cuento-personalizado-superar-miedos.jpg\" alt=\"Cuento para superar el miedo\" width=\"715\" height=\"162\" srcset=\"https:\/\/www.mumablue.com\/blog\/wp-content\/uploads\/2021\/07\/cuento-personalizado-superar-miedos.jpg 715w, https:\/\/www.mumablue.com\/blog\/wp-content\/uploads\/2021\/07\/cuento-personalizado-superar-miedos-300x68.jpg 300w, https:\/\/www.mumablue.com\/blog\/wp-content\/uploads\/2021\/07\/cuento-personalizado-superar-miedos-624x141.jpg 624w\" sizes=\"(max-width: 715px) 100vw, 715px\" \/><\/a><\/p>\n<h3><img decoding=\"async\" loading=\"lazy\" class=\"alignnone wp-image-583 ls-is-cached lazyloaded\" src=\"https:\/\/www.mumablue.com\/blog\/wp-content\/uploads\/2020\/03\/favicon.ico\" alt=\"\" width=\"44\" height=\"44\" data-src=\"https:\/\/www.mumablue.com\/blog\/wp-content\/uploads\/2020\/03\/favicon.ico\" \/>\u00a0 <span style=\"color: #800080;\">\u00a1\u00danete al\u00a0<span style=\"color: #3366ff;\"><a style=\"color: #3366ff;\" href=\"https:\/\/www.mumablue.com\/esp\/inicio#mumaClub\" target=\"_blank\" rel=\"noopener\">MumaClub<\/a><\/span>\u00a0y consigue 10% descuento en cuentos personalizados!<\/span><\/h3>\n<h2>Otros cuentos Mumablue que le har\u00e1n so\u00f1ar<\/h2>\n<p>Esperamos que a tu peque le haya gustado este cuento para superar el miedo y que, desde ahora, cuente con una herramienta m\u00e1s para hacer frente a sus temores. Si lo deseas, puedes encontrar <span style=\"color: #3366ff;\"><a style=\"color: #3366ff;\" href=\"https:\/\/www.mumablue.com\/esp\/nuestros-cuentos-personalizados?utm_source=blog&amp;utm_medium=link&amp;utm_campaign=p\u00e1ginas-audiocuentos&amp;utm_content=cuento-superar-miedo\" target=\"_blank\" rel=\"noopener noreferrer\">m\u00e1s t\u00edtulos personalizados<\/a> <\/span>en la web de Mumablue, <strong>cada uno de ellos con una ense\u00f1anza concreta y diferentes valores<\/strong>, para que aprenda mientras se divierte.<\/p>\n<p>Si te ha gustado el audiocuento, puedes encontrar todos los basados en los cuentos impresos en nuestra secci\u00f3n de <a href=\"https:\/\/www.mumablue.com\/blog\/audiocuentos-mumablue\/\"><span style=\"color: #3366ff;\">audiocuentos Mumablue<\/span><\/a> \u00a1Son gratis! Adem\u00e1s, en nuestra p\u00e1gina de <span style=\"color: #3366ff;\"><a style=\"color: #3366ff;\" href=\"https:\/\/www.mumablue.com\/blog\/pequehistorias\">Pequehistorias<\/a><span style=\"color: #333300;\">, <strong>te ofrecemos infinidad de cuentos para escuchar de todo tipo<\/strong>, as\u00ed como poemas en audio, montados con m\u00fasicas y efectos, realizados con la t\u00e9cnica del teatro radiof\u00f3nico.<\/span><\/span><\/p>\n<div style='text-align:left' class='yasr-auto-insert-visitor'><\/div>","protected":false},"excerpt":{"rendered":"<p>Si est\u00e1s buscando un cuento para superar el miedo, para ni\u00f1os, est\u00e1s en el lugar indicado, porque te ofrecemos una bonita historia en tres versiones (para escuchar, para leer o impresa y personalizada en exclusiva para tu peque). Se trata de \u00abBurbujas\u00bb, un cuento para superar el miedo que cuenta la historia de un ni\u00f1o [&hellip;]<\/p>\n","protected":false},"author":6,"featured_media":0,"parent":0,"menu_order":0,"comment_status":"closed","ping_status":"closed","template":"","meta":{"yasr_overall_rating":0,"yasr_post_is_review":"","yasr_auto_insert_disabled":"","yasr_review_type":""},"yasr_visitor_votes":{"number_of_votes":23,"sum_votes":107,"stars_attributes":{"read_only":false,"span_bottom":false}},"yoast_head":"<!-- This site is optimized with the Yoast SEO plugin v14.5 - https:\/\/yoast.com\/wordpress\/plugins\/seo\/ -->\n<meta name=\"description\" content=\"&quot;Burbujas&quot; es un cuento para superar el miedo, para ni\u00f1os, en tres versiones: audiocuento y texto para leer o edici\u00f3n impresa personalizada. \u00a1Desc\u00fabrelo!\" \/>\n<meta name=\"robots\" content=\"index, follow\" \/>\n<meta name=\"googlebot\" content=\"index, follow, max-snippet:-1, max-image-preview:large, max-video-preview:-1\" \/>\n<meta name=\"bingbot\" content=\"index, follow, max-snippet:-1, max-image-preview:large, max-video-preview:-1\" \/>\n<link rel=\"canonical\" href=\"https:\/\/www.mumablue.com\/blog\/cuento-para-superar-el-miedo-audiocuento-gratis\/\" \/>\n<meta property=\"og:locale\" content=\"es_ES\" \/>\n<meta property=\"og:type\" content=\"article\" \/>\n<meta property=\"og:title\" content=\"Cuento para superar el miedo + audiocuento gratis - Blog Mumablue\" \/>\n<meta property=\"og:description\" content=\"&quot;Burbujas&quot; es un cuento para superar el miedo, para ni\u00f1os, en tres versiones: audiocuento y texto para leer o edici\u00f3n impresa personalizada. \u00a1Desc\u00fabrelo!\" \/>\n<meta property=\"og:url\" content=\"https:\/\/www.mumablue.com\/blog\/cuento-para-superar-el-miedo-audiocuento-gratis\/\" \/>\n<meta property=\"og:site_name\" content=\"Blog Mumablue\" \/>\n<meta property=\"article:publisher\" content=\"https:\/\/www.facebook.com\/mumablue\/\" \/>\n<meta property=\"article:modified_time\" content=\"2025-04-08T08:53:48+00:00\" \/>\n<meta property=\"og:image\" content=\"https:\/\/www.mumablue.com\/blog\/wp-content\/uploads\/2021\/07\/04-Burbujas-1.jpg\" \/>\n<meta name=\"twitter:card\" content=\"summary_large_image\" \/>\n<script type=\"application\/ld+json\" class=\"yoast-schema-graph\">{\"@context\":\"https:\/\/schema.org\",\"@graph\":[{\"@type\":\"Organization\",\"@id\":\"https:\/\/www.mumablue.com\/blog\/#organization\",\"name\":\"Mumablue\",\"url\":\"https:\/\/www.mumablue.com\/blog\/\",\"sameAs\":[\"https:\/\/www.facebook.com\/mumablue\/\",\"https:\/\/www.instagram.com\/mumablue\/?hl=es\"],\"logo\":{\"@type\":\"ImageObject\",\"@id\":\"https:\/\/www.mumablue.com\/blog\/#logo\",\"inLanguage\":\"es\",\"url\":\"https:\/\/www.mumablue.com\/blog\/wp-content\/uploads\/2020\/05\/Blog-Mumablue.png\",\"width\":749,\"height\":269,\"caption\":\"Mumablue\"},\"image\":{\"@id\":\"https:\/\/www.mumablue.com\/blog\/#logo\"}},{\"@type\":\"WebSite\",\"@id\":\"https:\/\/www.mumablue.com\/blog\/#website\",\"url\":\"https:\/\/www.mumablue.com\/blog\/\",\"name\":\"Blog Mumablue\",\"description\":\"Un blog de cuentos y audiocuentos gratis para ni\\u00f1os.\",\"publisher\":{\"@id\":\"https:\/\/www.mumablue.com\/blog\/#organization\"},\"potentialAction\":[{\"@type\":\"SearchAction\",\"target\":\"https:\/\/www.mumablue.com\/blog\/?s={search_term_string}\",\"query-input\":\"required name=search_term_string\"}],\"inLanguage\":\"es\"},{\"@type\":\"ImageObject\",\"@id\":\"https:\/\/www.mumablue.com\/blog\/cuento-para-superar-el-miedo-audiocuento-gratis\/#primaryimage\",\"inLanguage\":\"es\",\"url\":\"https:\/\/www.mumablue.com\/blog\/wp-content\/uploads\/2021\/07\/04-Burbujas-1.jpg\",\"width\":500,\"height\":500},{\"@type\":\"WebPage\",\"@id\":\"https:\/\/www.mumablue.com\/blog\/cuento-para-superar-el-miedo-audiocuento-gratis\/#webpage\",\"url\":\"https:\/\/www.mumablue.com\/blog\/cuento-para-superar-el-miedo-audiocuento-gratis\/\",\"name\":\"Cuento para superar el miedo + audiocuento gratis - Blog Mumablue\",\"isPartOf\":{\"@id\":\"https:\/\/www.mumablue.com\/blog\/#website\"},\"primaryImageOfPage\":{\"@id\":\"https:\/\/www.mumablue.com\/blog\/cuento-para-superar-el-miedo-audiocuento-gratis\/#primaryimage\"},\"datePublished\":\"2021-07-07T09:20:25+00:00\",\"dateModified\":\"2025-04-08T08:53:48+00:00\",\"description\":\"\\\"Burbujas\\\" es un cuento para superar el miedo, para ni\\u00f1os, en tres versiones: audiocuento y texto para leer o edici\\u00f3n impresa personalizada. \\u00a1Desc\\u00fabrelo!\",\"inLanguage\":\"es\",\"potentialAction\":[{\"@type\":\"ReadAction\",\"target\":[\"https:\/\/www.mumablue.com\/blog\/cuento-para-superar-el-miedo-audiocuento-gratis\/\"]}]}]}<\/script>\n<!-- \/ Yoast SEO plugin. -->","_links":{"self":[{"href":"https:\/\/www.mumablue.com\/blog\/wp-json\/wp\/v2\/pages\/4438"}],"collection":[{"href":"https:\/\/www.mumablue.com\/blog\/wp-json\/wp\/v2\/pages"}],"about":[{"href":"https:\/\/www.mumablue.com\/blog\/wp-json\/wp\/v2\/types\/page"}],"author":[{"embeddable":true,"href":"https:\/\/www.mumablue.com\/blog\/wp-json\/wp\/v2\/users\/6"}],"replies":[{"embeddable":true,"href":"https:\/\/www.mumablue.com\/blog\/wp-json\/wp\/v2\/comments?post=4438"}],"version-history":[{"count":11,"href":"https:\/\/www.mumablue.com\/blog\/wp-json\/wp\/v2\/pages\/4438\/revisions"}],"predecessor-version":[{"id":7432,"href":"https:\/\/www.mumablue.com\/blog\/wp-json\/wp\/v2\/pages\/4438\/revisions\/7432"}],"wp:attachment":[{"href":"https:\/\/www.mumablue.com\/blog\/wp-json\/wp\/v2\/media?parent=4438"}],"curies":[{"name":"wp","href":"https:\/\/api.w.org\/{rel}","templated":true}]}}