{"id":4411,"date":"2021-07-06T13:33:31","date_gmt":"2021-07-06T13:33:31","guid":{"rendered":"https:\/\/mumablue.com\/blog\/?page_id=4411"},"modified":"2025-04-08T08:56:14","modified_gmt":"2025-04-08T08:56:14","slug":"cuento-de-superheroes-para-ninos-audiocuento-gratis","status":"publish","type":"page","link":"https:\/\/www.mumablue.com\/blog\/cuento-de-superheroes-para-ninos-audiocuento-gratis\/","title":{"rendered":"Cuento de superh\u00e9roes para ni\u00f1os + audiocuento gratis"},"content":{"rendered":"<p><a href=\"https:\/\/www.mumablue.com\/blog\/wp-content\/uploads\/2021\/07\/Superpoderes.jpg\"><img decoding=\"async\" loading=\"lazy\" class=\"alignnone size-full wp-image-4416\" src=\"https:\/\/www.mumablue.com\/blog\/wp-content\/uploads\/2021\/07\/Superpoderes.jpg\" alt=\"Cuento de superh\u00e9roes para ni\u00f1os\" width=\"500\" height=\"500\" srcset=\"https:\/\/www.mumablue.com\/blog\/wp-content\/uploads\/2021\/07\/Superpoderes.jpg 500w, https:\/\/www.mumablue.com\/blog\/wp-content\/uploads\/2021\/07\/Superpoderes-300x300.jpg 300w, https:\/\/www.mumablue.com\/blog\/wp-content\/uploads\/2021\/07\/Superpoderes-150x150.jpg 150w\" sizes=\"(max-width: 500px) 100vw, 500px\" \/><\/a><\/p>\n<p>Muchos pap\u00e1s y mam\u00e1s buscan un cuento de superh\u00e9roes para ni\u00f1os, ya que <strong>se trata de relatos repletos de valores que transmitir a los m\u00e1s peque\u00f1os<\/strong>. Si es tu caso, has llegado al lugar adecuado: te ofrecemos \u00abSuperpoderes\u00bb, un cuento de superh\u00e9roes para ni\u00f1os en tres versiones diferentes, para que elijas la que m\u00e1s te guste:<strong> para leerle a tu peque directamente, para escuchar en formato audiocuento o impresa y personalizada<\/strong> en exclusiva para el ni\u00f1o protagonista.<\/p>\n<p>En \u00abSuperpoderes\u00bb el peque\u00f1o protagonista quedar\u00e1 maravillado con <em>el podereitor<\/em> durante la celebraci\u00f3n de \u00abEl d\u00eda de los inventos\u00bb en el colegio. Un incidente inesperado propiciar\u00e1 que el protagonista del relato tome las riendas de la situaci\u00f3n y <strong>consiga salvar a sus compa\u00f1eros de la desgracia sacando los superpoderes que siempre ha llevado dentro<\/strong>: valor, paciencia, tenacidad, fuerza e inteligencia. Puedes escuchar la versi\u00f3n en audiocuento o encontrar el texto al final de este art\u00edculo.<\/p>\n<h6><script src=\"https:\/\/www.buzzsprout.com\/937792\/3477481-superpoderes.js?container_id=buzzsprout-player-3477481&#038;player=small\" type=\"text\/javascript\" charset=\"utf-8\"><\/script>M\u00fasicas Public Domain: <span style=\"color: #3366ff;\"><a style=\"color: #3366ff;\" href=\"https:\/\/freepd.com\/Page2\/\">Opening theme B<\/a><\/span> por Kevin MacLeod; <span style=\"color: #3366ff;\"><a style=\"color: #3366ff;\" href=\"https:\/\/freepd.com\/upbeat.php\">Be Chillin<\/a><\/span> y <span style=\"color: #3366ff;\"><a style=\"color: #3366ff;\" href=\"https:\/\/freepd.com\/world.php\">Be Jammin<\/a><\/span>, por Alexander Nakarada; <span style=\"color: #3366ff;\"><a style=\"color: #3366ff;\" href=\"https:\/\/freepd.com\/epic.php\">Heroic adventure<\/a><\/span>, por Rafael Krux.<\/h6>\n<h2>Cuento de superh\u00e9roes para ni\u00f1os personalizado y protagonizado por tu peque<\/h2>\n<p>El original del relato \u00ab<span style=\"color: #3366ff;\"><a style=\"color: #3366ff;\" href=\"https:\/\/www.mumablue.com\/esp\/nuestros-cuentos-personalizados\/superpoderes?utm_source=blog&amp;utm_medium=link&amp;utm_campaign=p\u00e1ginas-audiocuentos&amp;utm_content=cuento-superheroes\" target=\"_blank\" rel=\"noopener noreferrer\">Superpoderes<\/a><\/span>\u00bb es un <strong>cuento personalizado en papel, impreso a todo color, en el que el ni\u00f1o es el protagonista<\/strong> absoluto del relato, gracias a que se crea un cuento \u00fanico con su nombre y su representaci\u00f3n gr\u00e1fica a lo largo de todas las ilustraciones, mediante un avatar creado con un motor de personalizaci\u00f3n que posibilita elegir los rasgos f\u00edsicos del peque\u00f1o. As\u00ed,<strong> cualquier ni\u00f1o o ni\u00f1a dispondr\u00e1 de su propia y \u00fanica edici\u00f3n de \u00abSuperpoderes\u00bb,<\/strong> representado con su corte y color de pelo, su tono de piel, su color de ojos y diversos complementos que lo definen.<\/p>\n<p><a href=\"https:\/\/www.mumablue.com\/esp\/nuestros-cuentos-personalizados\/superpoderes?utm_source=blog&amp;utm_medium=banner&amp;utm_campaign=p\u00e1ginas-audiocuentos&amp;utm_content=cuento-superheroes\" target=\"_blank\" rel=\"noopener noreferrer\"><img decoding=\"async\" loading=\"lazy\" class=\"alignnone wp-image-4607 size-full\" src=\"https:\/\/www.mumablue.com\/blog\/wp-content\/uploads\/2021\/07\/cuento-personalizado-superh\u00e9roes.jpg\" alt=\"Cuento de superh\u00e9roes para ni\u00f1os\" width=\"715\" height=\"162\" srcset=\"https:\/\/www.mumablue.com\/blog\/wp-content\/uploads\/2021\/07\/cuento-personalizado-superh\u00e9roes.jpg 715w, https:\/\/www.mumablue.com\/blog\/wp-content\/uploads\/2021\/07\/cuento-personalizado-superh\u00e9roes-300x68.jpg 300w, https:\/\/www.mumablue.com\/blog\/wp-content\/uploads\/2021\/07\/cuento-personalizado-superh\u00e9roes-624x141.jpg 624w\" sizes=\"(max-width: 715px) 100vw, 715px\" \/><\/a><\/p>\n<h3><img decoding=\"async\" loading=\"lazy\" class=\"alignnone wp-image-583 ls-is-cached lazyloaded\" src=\"https:\/\/www.mumablue.com\/blog\/wp-content\/uploads\/2020\/03\/favicon.ico\" alt=\"\" width=\"44\" height=\"44\" data-src=\"https:\/\/www.mumablue.com\/blog\/wp-content\/uploads\/2020\/03\/favicon.ico\" \/>\u00a0 <span style=\"color: #800080;\">\u00a1\u00danete al\u00a0<span style=\"color: #3366ff;\"><a style=\"color: #3366ff;\" href=\"https:\/\/www.mumablue.com\/esp\/inicio#mumaClub\" target=\"_blank\" rel=\"noopener\">MumaClub<\/a><\/span>\u00a0y consigue 10% descuento en cuentos personalizados!<\/span><\/h3>\n<p>\u00abSuperpoderes\u00bb es un cuento personalizado que destaca<strong> valores como el compa\u00f1erismo, la autoestima o la superaci\u00f3n de los miedos<\/strong>. El mensaje que subyace es que todas las personas, desde ni\u00f1os, tienen unos extraordinarios superpoderes tales como el valor, la fuerza, la tenacidad o la inteligencia, aunque no lo crean, y que \u00fanicamente hay que dejarlos aflorar. Sin duda <strong>una valiosa lecci\u00f3n que habla de las capacidades humanas.<\/strong><\/p>\n<p>Este cuento de superh\u00e9roes para ni\u00f1os en su versi\u00f3n impresa incluye una p\u00e1gina dedicada al juego de la b\u00fasqueda de distinto objetos en la ilustraci\u00f3n, un apartado en el que se explican los principales superpoderes que un ni\u00f1o lleva en su interior y una p\u00e1gina final totalmente personalizable donde <strong>es posible escribir una dedicatoria personal e incluir una foto real de peque<\/strong>. Puedes personalizar al ni\u00f1o o ni\u00f1a en tan solo un par de minutos y acceder a una previsualizaci\u00f3n de \u00ab<span style=\"color: #3366ff;\"><a style=\"color: #3366ff;\" href=\"https:\/\/www.mumablue.com\/esp\/nuestros-cuentos-personalizados\/superpoderes?utm_source=blog&amp;utm_medium=link&amp;utm_campaign=p\u00e1ginas-audiocuentos&amp;utm_content=cuento-superheroes\" target=\"_blank\" rel=\"noopener noreferrer\">Superpoderes<\/a><\/span>\u00bb totalmente gratis para que eval\u00faes si se ajusta a tus necesidades educativas.<\/p>\n<p><a href=\"https:\/\/www.mumablue.com\/blog\/wp-content\/uploads\/2021\/07\/Cuento-de-Superpoderes.jpg\"><img decoding=\"async\" loading=\"lazy\" class=\"alignnone size-full wp-image-4419\" src=\"https:\/\/www.mumablue.com\/blog\/wp-content\/uploads\/2021\/07\/Cuento-de-Superpoderes.jpg\" alt=\"cuento de superh\u00e9roes para ni\u00f1os\" width=\"715\" height=\"602\" srcset=\"https:\/\/www.mumablue.com\/blog\/wp-content\/uploads\/2021\/07\/Cuento-de-Superpoderes.jpg 715w, https:\/\/www.mumablue.com\/blog\/wp-content\/uploads\/2021\/07\/Cuento-de-Superpoderes-300x253.jpg 300w, https:\/\/www.mumablue.com\/blog\/wp-content\/uploads\/2021\/07\/Cuento-de-Superpoderes-624x525.jpg 624w\" sizes=\"(max-width: 715px) 100vw, 715px\" \/><\/a><\/p>\n<p><strong>Si prefieres le\u00e9rselo directamente<\/strong>, por ejemplo a la hora de acostarse mientras se queda dormido, te dejamos el texto online a continuaci\u00f3n.<\/p>\n<h2>Superpoderes<\/h2>\n<p>A Mumablue le encantan las historias de superh\u00e9roes. Mientras las lee, imagina que tiene poderes extraordinarios: puede volar, ser invisible o mover objetos con la mente.<\/p>\n<p>Pero en realidad, Mumablue sabe que eso es imposible, y que s\u00f3lo ocurre en las historias de ficci\u00f3n. Es m\u00e1s, ni siquiera se siente valiente: le asusta la oscuridad, cree que vive un monstruo debajo de su cama y cada vez que encuentra una ara\u00f1a huye despavorido.<\/p>\n<p>Hoy Mumablue est\u00e1 entusiasmado. Es el D\u00eda de los Inventos en el colegio. Inventores de todo el mundo se han reunido para exponer los artilugios m\u00e1s incre\u00edbles y descabellados.\u00a0Entre todos, uno llama su atenci\u00f3n. Mrs. Nexus ha inventado \u201cEl Podereitor\u201d, capaz de dar s\u00faper poderes. Mumablue est\u00e1 emocionada.<\/p>\n<p>-\u00a1Es mi oportunidad de convertirme en superhero\u00edna! -piensa Mumablue.<\/p>\n<p>Cuando Mrs. Nexus se dispone a hacer una demostraci\u00f3n, su invento suelta un ruido rar\u00edsimo, hace un cortocircuito y comienza a arder. El fuego se propaga r\u00e1pidamente por el resto de artilugios: \u201cEl Enamoradoreitor\u201d, el \u201cTeletransportador Directo al Sof\u00e1 de Casa\u201d y el \u201cClonador en Horario Laboral\u201d. \u00a1Todo se quema!<\/p>\n<p>Cunde el p\u00e1nico. La gente corre de ac\u00e1 para all\u00e1. Mumablue est\u00e1 paralizado por el miedo, pero siente que debe hacer algo.<\/p>\n<p>&#8211; \u00a1Tengo que encontrar un extintor!<\/p>\n<p>Mumablue se arma de VALOR. Con DETERMINACI\u00d3N encuentra el extintor r\u00e1pidamente. Pesa much\u00edsimo, pero se siente FUERTE. Despu\u00e9s, R\u00c1PIDA como el rayo, se dirige a apagar el fuego.<\/p>\n<p>El aire quema demasiado. Con INTELIGENCIA se sumerge en el tanque de agua de \u201cEl Generador de Nubes\u201d. Y demostrando gran LIDERAZGO indica a las personas que se dirijan, despacio, hacia la salida.<\/p>\n<p>Empapado, el aire quema menos. Mumablue acciona el extintor y, con mucha PACIENCIA y TENACIDAD, consigue apagar el fuego. \u00a1Siente que le falta el aire!<\/p>\n<p>Mumablue ha logrado extinguir el incendio. Est\u00e1 sofocada, ahogada en toses y tiene la cara llena de holl\u00edn. Pero todos la aplauden y la vitorean.<\/p>\n<p>&#8211; \u00a1Eres un h\u00e9roe, Mumablue! -exclama su maestra.<br \/>\n&#8211; Es m\u00e1s que eso, \u00a1es un superh\u00e9roe! -puntualiza Mrs. Nexus.<\/p>\n<p>Con su valiosa acci\u00f3n, Muamblue ha demostrado tener s\u00faper poderes: valor, determinaci\u00f3n, fuerza, rapidez, inteligencia, liderazgo, paciencia y tenacidad. \u00a1Ha salvado el colegio! Mumablue no cabe en s\u00ed de alegr\u00eda. \u00a1Es un superh\u00e9roe de verdad!<\/p>\n<p>&#8211; \u00a1Mrs. Nexus, \u201cEl Podereitor\u201d ha funcionado! -dice Mumablue, entusiasmado.<br \/>\n&#8211; No, en realidad los s\u00faper poderes ya eran tuyos -responde Mrs. Nexus con orgullo.<\/p>\n<p>Mumablue comprende que esos s\u00faper poderes ya los llevaba dentro. Y que todas, absolutamente todas las personas, tienen en su interior cualidades extraordinarias. S\u00f3lo hay que dejarlas salir.<\/p>\n<p>Como premio a su heroica acci\u00f3n, Mrs. Nexus le ofrece a Mumablue probar \u201cEl Podereitor\u201d.<\/p>\n<p>&#8211; \u00a1Pero si se ha quemado! -recuerda Mumablue, con decepci\u00f3n<br \/>\n&#8211; Afortunadamente, siempre llevo una versi\u00f3n de bolsillo -revela Mrs. Nexus, mientras le gui\u00f1a un ojo.<\/p>\n<p>Ante la mirada expectante de profesores y alumnos, Mrs. Nexus apunta a Mumablue con \u201cEl Podereitor\u201d. Un haz de luz envuelve al ni\u00f1o. \u00a1Y se obra el milagro! Mumablue comienza a levitar. \u00a1Puede volar! Y no s\u00f3lo eso: es capaz de mover objetos con la mente, levantar muebles usando s\u00f3lo el dedo me\u00f1ique y leer el pensamiento.<\/p>\n<p>&#8211; \u00a1Es maravilloso! -r\u00ede el peque\u00f1o Mumablue.<\/p>\n<p>Gracias a sus nuevos s\u00faper poderes y a aquellos que siempre llev\u00f3 dentro, Mumablue podr\u00e1 ayudar a todo aquel que lo necesite. Y cuanto mayor sea su bondad, m\u00e1s cari\u00f1o recibir\u00e1. Y cuanto m\u00e1s cari\u00f1o reciba, m\u00e1s grandes ser\u00e1n sus s\u00faper poderes. Y con Mrs. Nexus y todos los alumnos felices y contentos, Mumablue se despide hasta el pr\u00f3ximo cuento.<\/p>\n<h2><a href=\"https:\/\/www.mumablue.com\/esp\/nuestros-cuentos-personalizados\/superpoderes?utm_source=blog&amp;utm_medium=banner&amp;utm_campaign=p\u00e1ginas-audiocuentos&amp;utm_content=cuento-superheroes\" target=\"_blank\" rel=\"noopener noreferrer\"><img decoding=\"async\" loading=\"lazy\" class=\"alignnone wp-image-4607 size-full\" src=\"https:\/\/www.mumablue.com\/blog\/wp-content\/uploads\/2021\/07\/cuento-personalizado-superh\u00e9roes.jpg\" alt=\"Cuento de superh\u00e9roes para ni\u00f1os\" width=\"715\" height=\"162\" srcset=\"https:\/\/www.mumablue.com\/blog\/wp-content\/uploads\/2021\/07\/cuento-personalizado-superh\u00e9roes.jpg 715w, https:\/\/www.mumablue.com\/blog\/wp-content\/uploads\/2021\/07\/cuento-personalizado-superh\u00e9roes-300x68.jpg 300w, https:\/\/www.mumablue.com\/blog\/wp-content\/uploads\/2021\/07\/cuento-personalizado-superh\u00e9roes-624x141.jpg 624w\" sizes=\"(max-width: 715px) 100vw, 715px\" \/><\/a><\/h2>\n<h2>M\u00e1s cuentos Mumablue ricos en valores<\/h2>\n<p>Si te ha gustado este cuento de superh\u00e9roes para ni\u00f1os y deseas echar un vistazo a nuestro cat\u00e1logo de cuentos impresos, <strong>puedes encontrar <span style=\"color: #3366ff;\"><a style=\"color: #3366ff;\" href=\"https:\/\/www.mumablue.com\/esp\/nuestros-cuentos-personalizados?utm_source=blog&amp;utm_medium=link&amp;utm_campaign=p\u00e1ginas-audiocuentos&amp;utm_content=cuento-superheroes\" target=\"_blank\" rel=\"noopener noreferrer\">muchas otras historias personalizadas<\/a>\u00a0<\/span>en la web de Mumablue<\/strong>. Tambi\u00e9n puedes acceder gratis a todos ellos en su formato audiocuento en nuestro blog, en la p\u00e1gina de\u00a0<span style=\"color: #3366ff;\"><a style=\"color: #3366ff;\" href=\"https:\/\/www.mumablue.com\/blog\/pequehistorias\">Pequehistorias.<\/a><\/span><\/p>\n<div style='text-align:left' class='yasr-auto-insert-visitor'><\/div>","protected":false},"excerpt":{"rendered":"<p>Muchos pap\u00e1s y mam\u00e1s buscan un cuento de superh\u00e9roes para ni\u00f1os, ya que se trata de relatos repletos de valores que transmitir a los m\u00e1s peque\u00f1os. Si es tu caso, has llegado al lugar adecuado: te ofrecemos \u00abSuperpoderes\u00bb, un cuento de superh\u00e9roes para ni\u00f1os en tres versiones diferentes, para que elijas la que m\u00e1s te [&hellip;]<\/p>\n","protected":false},"author":6,"featured_media":0,"parent":0,"menu_order":0,"comment_status":"closed","ping_status":"closed","template":"","meta":{"yasr_overall_rating":0,"yasr_post_is_review":"","yasr_auto_insert_disabled":"","yasr_review_type":""},"yasr_visitor_votes":{"number_of_votes":89,"sum_votes":400,"stars_attributes":{"read_only":false,"span_bottom":false}},"yoast_head":"<!-- This site is optimized with the Yoast SEO plugin v14.5 - https:\/\/yoast.com\/wordpress\/plugins\/seo\/ -->\n<meta name=\"description\" content=\"&quot;Superpoderes&quot; es un cuento de superh\u00e9roes para ni\u00f1os, con valores, para leer y escuchar gratis o para personalizar y que tu peque sea el protagonista.\" \/>\n<meta name=\"robots\" content=\"index, follow\" \/>\n<meta name=\"googlebot\" content=\"index, follow, max-snippet:-1, max-image-preview:large, max-video-preview:-1\" \/>\n<meta name=\"bingbot\" content=\"index, follow, max-snippet:-1, max-image-preview:large, max-video-preview:-1\" \/>\n<link rel=\"canonical\" href=\"https:\/\/www.mumablue.com\/blog\/cuento-de-superheroes-para-ninos-audiocuento-gratis\/\" \/>\n<meta property=\"og:locale\" content=\"es_ES\" \/>\n<meta property=\"og:type\" content=\"article\" \/>\n<meta property=\"og:title\" content=\"Cuento de superh\u00e9roes para ni\u00f1os + audiocuento gratis - Blog Mumablue\" \/>\n<meta property=\"og:description\" content=\"&quot;Superpoderes&quot; es un cuento de superh\u00e9roes para ni\u00f1os, con valores, para leer y escuchar gratis o para personalizar y que tu peque sea el protagonista.\" \/>\n<meta property=\"og:url\" content=\"https:\/\/www.mumablue.com\/blog\/cuento-de-superheroes-para-ninos-audiocuento-gratis\/\" \/>\n<meta property=\"og:site_name\" content=\"Blog Mumablue\" \/>\n<meta property=\"article:publisher\" content=\"https:\/\/www.facebook.com\/mumablue\/\" \/>\n<meta property=\"article:modified_time\" content=\"2025-04-08T08:56:14+00:00\" \/>\n<meta property=\"og:image\" content=\"https:\/\/www.mumablue.com\/blog\/wp-content\/uploads\/2021\/07\/Superpoderes.jpg\" \/>\n<meta name=\"twitter:card\" content=\"summary_large_image\" \/>\n<script type=\"application\/ld+json\" class=\"yoast-schema-graph\">{\"@context\":\"https:\/\/schema.org\",\"@graph\":[{\"@type\":\"Organization\",\"@id\":\"https:\/\/www.mumablue.com\/blog\/#organization\",\"name\":\"Mumablue\",\"url\":\"https:\/\/www.mumablue.com\/blog\/\",\"sameAs\":[\"https:\/\/www.facebook.com\/mumablue\/\",\"https:\/\/www.instagram.com\/mumablue\/?hl=es\"],\"logo\":{\"@type\":\"ImageObject\",\"@id\":\"https:\/\/www.mumablue.com\/blog\/#logo\",\"inLanguage\":\"es\",\"url\":\"https:\/\/www.mumablue.com\/blog\/wp-content\/uploads\/2020\/05\/Blog-Mumablue.png\",\"width\":749,\"height\":269,\"caption\":\"Mumablue\"},\"image\":{\"@id\":\"https:\/\/www.mumablue.com\/blog\/#logo\"}},{\"@type\":\"WebSite\",\"@id\":\"https:\/\/www.mumablue.com\/blog\/#website\",\"url\":\"https:\/\/www.mumablue.com\/blog\/\",\"name\":\"Blog Mumablue\",\"description\":\"Un blog de cuentos y audiocuentos gratis para ni\\u00f1os.\",\"publisher\":{\"@id\":\"https:\/\/www.mumablue.com\/blog\/#organization\"},\"potentialAction\":[{\"@type\":\"SearchAction\",\"target\":\"https:\/\/www.mumablue.com\/blog\/?s={search_term_string}\",\"query-input\":\"required name=search_term_string\"}],\"inLanguage\":\"es\"},{\"@type\":\"ImageObject\",\"@id\":\"https:\/\/www.mumablue.com\/blog\/cuento-de-superheroes-para-ninos-audiocuento-gratis\/#primaryimage\",\"inLanguage\":\"es\",\"url\":\"https:\/\/www.mumablue.com\/blog\/wp-content\/uploads\/2021\/07\/Superpoderes.jpg\",\"width\":500,\"height\":500,\"caption\":\"Cuento de superh\\u00e9roes para ni\\u00f1os\"},{\"@type\":\"WebPage\",\"@id\":\"https:\/\/www.mumablue.com\/blog\/cuento-de-superheroes-para-ninos-audiocuento-gratis\/#webpage\",\"url\":\"https:\/\/www.mumablue.com\/blog\/cuento-de-superheroes-para-ninos-audiocuento-gratis\/\",\"name\":\"Cuento de superh\\u00e9roes para ni\\u00f1os + audiocuento gratis - Blog Mumablue\",\"isPartOf\":{\"@id\":\"https:\/\/www.mumablue.com\/blog\/#website\"},\"primaryImageOfPage\":{\"@id\":\"https:\/\/www.mumablue.com\/blog\/cuento-de-superheroes-para-ninos-audiocuento-gratis\/#primaryimage\"},\"datePublished\":\"2021-07-06T13:33:31+00:00\",\"dateModified\":\"2025-04-08T08:56:14+00:00\",\"description\":\"\\\"Superpoderes\\\" es un cuento de superh\\u00e9roes para ni\\u00f1os, con valores, para leer y escuchar gratis o para personalizar y que tu peque sea el protagonista.\",\"inLanguage\":\"es\",\"potentialAction\":[{\"@type\":\"ReadAction\",\"target\":[\"https:\/\/www.mumablue.com\/blog\/cuento-de-superheroes-para-ninos-audiocuento-gratis\/\"]}]}]}<\/script>\n<!-- \/ Yoast SEO plugin. -->","_links":{"self":[{"href":"https:\/\/www.mumablue.com\/blog\/wp-json\/wp\/v2\/pages\/4411"}],"collection":[{"href":"https:\/\/www.mumablue.com\/blog\/wp-json\/wp\/v2\/pages"}],"about":[{"href":"https:\/\/www.mumablue.com\/blog\/wp-json\/wp\/v2\/types\/page"}],"author":[{"embeddable":true,"href":"https:\/\/www.mumablue.com\/blog\/wp-json\/wp\/v2\/users\/6"}],"replies":[{"embeddable":true,"href":"https:\/\/www.mumablue.com\/blog\/wp-json\/wp\/v2\/comments?post=4411"}],"version-history":[{"count":10,"href":"https:\/\/www.mumablue.com\/blog\/wp-json\/wp\/v2\/pages\/4411\/revisions"}],"predecessor-version":[{"id":7434,"href":"https:\/\/www.mumablue.com\/blog\/wp-json\/wp\/v2\/pages\/4411\/revisions\/7434"}],"wp:attachment":[{"href":"https:\/\/www.mumablue.com\/blog\/wp-json\/wp\/v2\/media?parent=4411"}],"curies":[{"name":"wp","href":"https:\/\/api.w.org\/{rel}","templated":true}]}}