{"id":4384,"date":"2021-07-05T17:16:52","date_gmt":"2021-07-05T17:16:52","guid":{"rendered":"https:\/\/mumablue.com\/blog\/?page_id=4384"},"modified":"2025-04-08T08:43:01","modified_gmt":"2025-04-08T08:43:01","slug":"cuento-de-extraterrestres-para-ninos-audiocuento-gratis","status":"publish","type":"page","link":"https:\/\/www.mumablue.com\/blog\/cuento-de-extraterrestres-para-ninos-audiocuento-gratis\/","title":{"rendered":"Cuento de extraterrestres para ni\u00f1os + audiocuento gratis"},"content":{"rendered":"<p><a href=\"https:\/\/www.mumablue.com\/blog\/wp-content\/uploads\/2021\/07\/07-Planeta-Gelatina.jpg\"><img decoding=\"async\" loading=\"lazy\" class=\"alignnone size-full wp-image-4387\" src=\"https:\/\/www.mumablue.com\/blog\/wp-content\/uploads\/2021\/07\/07-Planeta-Gelatina.jpg\" alt=\"cuento de extraterrestres para ni\u00f1os\" width=\"500\" height=\"500\" srcset=\"https:\/\/www.mumablue.com\/blog\/wp-content\/uploads\/2021\/07\/07-Planeta-Gelatina.jpg 500w, https:\/\/www.mumablue.com\/blog\/wp-content\/uploads\/2021\/07\/07-Planeta-Gelatina-300x300.jpg 300w, https:\/\/www.mumablue.com\/blog\/wp-content\/uploads\/2021\/07\/07-Planeta-Gelatina-150x150.jpg 150w\" sizes=\"(max-width: 500px) 100vw, 500px\" \/><\/a><\/p>\n<p>Si buscabas un cuento de extraterrestres para ni\u00f1os has llegado al mejor sitio, porque t<strong>e ofrecemos tres versiones en una<\/strong>: un cuento para leer aqu\u00ed directamente, un audiocuento gratis y un cuento personalizado impreso en el que tu peque se convertir\u00e1 en el \u00fanico protagonista de la historia.<\/p>\n<p>En \u00abPlaneta Gelatina\u00bb, la aventura comienza cuando unos simp\u00e1ticos extraterrestres llegan a la Tierra y roban el im\u00e1n que dota al planeta de gravedad. Sin \u00e9l, todo empieza a flotar por los aires y el peque\u00f1o aventurero se embarcar\u00e1 en una misi\u00f3n junto a una mascota muy peculiar, <strong>con el objetivo de recuperar el im\u00e1n y restablecer la gravedad de la Tierra.<\/strong><\/p>\n<p><strong>Puedes disfrutar de esta historia en su versi\u00f3n en audiocuento<\/strong> y, si os gusta, conseguir el cuento personalizado ilustrado e impreso en alta calidad. Si prefieres le\u00e9rselo ahora, directamente, puedes encontrar el texto al final de este art\u00edculo.<\/p>\n<h6><script src=\"https:\/\/www.buzzsprout.com\/937792\/3311332-planeta-gelatina.js?container_id=buzzsprout-player-3311332&#038;player=small\" type=\"text\/javascript\" charset=\"utf-8\"><\/script><a href=\"https:\/\/freepd.com\/Page2\/\"><span style=\"color: #3366ff;\">M\u00fasica Public Domain<\/span><\/a>:<span style=\"color: #333333;\"> Ragga H Funky y Ragga Q Party<\/span> por Frank Nora; Solace in Imaginary Places por boringXtreme<b>;<\/b>\u00a0Your Sparking Rubber Soul (*imp*);\u00a0Vintage Education y Popcorn Slider Loop por Kevin MacLeod.<\/h6>\n<blockquote>\n<h3><img decoding=\"async\" loading=\"lazy\" class=\"alignnone wp-image-583 ls-is-cached lazyloaded\" src=\"https:\/\/www.mumablue.com\/blog\/wp-content\/uploads\/2020\/03\/favicon.ico\" alt=\"\" width=\"44\" height=\"44\" data-src=\"https:\/\/www.mumablue.com\/blog\/wp-content\/uploads\/2020\/03\/favicon.ico\" \/>\u00a0 <span style=\"color: #800080;\">\u00a1\u00danete al\u00a0<span style=\"color: #3366ff;\"><a style=\"color: #3366ff;\" href=\"https:\/\/www.mumablue.com\/esp\/inicio#mumaClub\" target=\"_blank\" rel=\"noopener\">MumaClub<\/a><\/span>\u00a0y consigue 10% descuento en cuentos personalizados!<\/span><\/h3>\n<\/blockquote>\n<h2>Cuento de extraterrestres para ni\u00f1os personalizado y protagonizado por tu peque<\/h2>\n<p>\u00abPlaneta Gelatina\u00bb es, originariamente, un cuento de extraterrestres para ni\u00f1os personalizado, editado por Mumablue, en el que <strong>cada ni\u00f1o o ni\u00f1a protagoniza la historia en primera persona, con su nombre propio<\/strong> y numerosas ilustraciones realizadas en base a los rasgos f\u00edsicos principales de cada ni\u00f1o, de manera que la lectura se convierta en una experiencia inmersiva y realmente m\u00e1gica.<\/p>\n<p><a href=\"https:\/\/www.mumablue.com\/esp\/nuestros-cuentos-personalizados\/planeta-gelatina?utm_source=blog&amp;utm_medium=banner&amp;utm_campaign=p\u00e1ginas-audiocuentos&amp;utm_content=cuento-extraterrestres\" target=\"_blank\" rel=\"noopener noreferrer\"><img decoding=\"async\" loading=\"lazy\" class=\"alignnone wp-image-4543 size-full\" src=\"https:\/\/www.mumablue.com\/blog\/wp-content\/uploads\/2021\/07\/cuento-de-marcianos.jpg\" alt=\"cuento de extraterrestres para ni\u00f1os\" width=\"715\" height=\"162\" srcset=\"https:\/\/www.mumablue.com\/blog\/wp-content\/uploads\/2021\/07\/cuento-de-marcianos.jpg 715w, https:\/\/www.mumablue.com\/blog\/wp-content\/uploads\/2021\/07\/cuento-de-marcianos-300x68.jpg 300w, https:\/\/www.mumablue.com\/blog\/wp-content\/uploads\/2021\/07\/cuento-de-marcianos-624x141.jpg 624w\" sizes=\"(max-width: 715px) 100vw, 715px\" \/><\/a><\/p>\n<p>Conseguir este cuento de extraterrestres para ni\u00f1os impreso a todo color es muy sencillo. \u00danicamente debes entrar en la web de Mumablue, elegir el cuento \u00ab<a href=\"https:\/\/www.mumablue.com\/esp\/nuestros-cuentos-personalizados\/planeta-gelatina?utm_source=blog&amp;utm_medium=link&amp;utm_campaign=p\u00e1ginas-audiocuentos&amp;utm_content=cuento-extraterrestres\" target=\"_blank\" rel=\"noopener noreferrer\"><span style=\"color: #3366ff;\">Planeta Gelatina<\/span><\/a>\u00bb y dedicar un par de minutos a elegir el corte y color de pelo del peque, el color y forma de ojos, los complementos, el tono de piel&#8230; \u00a1<strong>Como por arte de magia obtendr\u00e1s un avatar que represente a tu peque con gran fidelidad!<\/strong> Una vez indicado el g\u00e9nero y su nombre, acceder\u00e1s a una previsualizaci\u00f3n completa del cuento protagonizado en exclusiva por tu hijo o tu hija, para que puedas valorar si es de tu agrado antes de comprar.<\/p>\n<p>\u00abPlaneta Gelatina\u00bb es un cuento que se le puede leer a los ni\u00f1os desde los 2 o 3 a\u00f1os de edad, que <strong>pone de relieve valores como la generosidad, la tolerancia y la empat\u00eda<\/strong>. Adem\u00e1s, al final del cuento se incluye una p\u00e1gina de \u00abBusca y encuentra\u00bb, una secci\u00f3n \u00abTe gustar\u00e1 saber que&#8230;\u00bb en la que <strong>se explica a los ni\u00f1os de forma sencilla en qu\u00e9 consiste la ley de la gravedad<\/strong>, un sencillo experimento para realizar en casa y una p\u00e1gina 100% personalizable para incluir una dedicatoria personal y una fotograf\u00eda del peque.<\/p>\n<p><a href=\"https:\/\/www.mumablue.com\/blog\/wp-content\/uploads\/2021\/07\/Planeta-Gelatina.jpg\"><img decoding=\"async\" loading=\"lazy\" class=\"alignnone size-full wp-image-4390\" src=\"https:\/\/www.mumablue.com\/blog\/wp-content\/uploads\/2021\/07\/Planeta-Gelatina.jpg\" alt=\"Cuento de extraterrestres para ni\u00f1os\" width=\"715\" height=\"487\" srcset=\"https:\/\/www.mumablue.com\/blog\/wp-content\/uploads\/2021\/07\/Planeta-Gelatina.jpg 715w, https:\/\/www.mumablue.com\/blog\/wp-content\/uploads\/2021\/07\/Planeta-Gelatina-300x204.jpg 300w, https:\/\/www.mumablue.com\/blog\/wp-content\/uploads\/2021\/07\/Planeta-Gelatina-624x425.jpg 624w\" sizes=\"(max-width: 715px) 100vw, 715px\" \/><\/a><\/p>\n<p>Si lo que est\u00e1s buscando es <strong>un cuento para leerle t\u00fa en este momento, te facilitamos el texto<\/strong> a continuaci\u00f3n.<\/p>\n<h3><span style=\"color: #800080;\"><img decoding=\"async\" loading=\"lazy\" class=\"alignnone wp-image-583\" src=\"https:\/\/www.mumablue.com\/blog\/wp-content\/uploads\/2020\/03\/favicon.ico\" alt=\"\" width=\"44\" height=\"44\" \/>\u00a0 \u00a1Descubre <span style=\"color: #3366ff;\"><a style=\"color: #3366ff;\" href=\"https:\/\/www.mumablue.com\/blog\/cuentos-infantiles-para-leer-cortos-gratis\/\" target=\"_blank\" rel=\"noopener noreferrer\">100 cuentos m\u00e1s y audio cuentos<\/a><\/span> gratis!<\/span><\/h3>\n<h2>Planeta Gelatina para leer, gratis<\/h2>\n<p>En un futuro muy lejano viv\u00eda un ni\u00f1o llamado Mumablue. Era un ni\u00f1o muy inquieto: le encantaba aprender cosas nuevas y, cuando no entend\u00eda algo, siempre lo preguntaba. Pero, sin lugar a dudas, lo que m\u00e1s le entusiasmaba era el espacio exterior.<\/p>\n<p>Mumablue pasaba las horas contemplando estrellas y planetas. Con un s\u00faper telescopio ultra potente ve\u00eda lo que hac\u00edan sus vecinos gal\u00e1cticos. Su leal compa\u00f1ero era un simp\u00e1tico perrodrilo llamado Corcho, una mascota del futuro, mezcla de perro y cocodrilo.<\/p>\n<p>Un d\u00eda, mientras buscaba nuevos sat\u00e9lites y merendaba deliciosas galletas de polvo de estrellas, observ\u00f3 algo que le llam\u00f3 la atenci\u00f3n: una nave del planeta Gelatina se aproximaba a la Tierra.<\/p>\n<p>-\u00bfQu\u00e9 querr\u00e1n? \u00bfPor qu\u00e9 vienen a mi planeta? -se pregunt\u00f3 Mumablue.<\/p>\n<p>La nave continu\u00f3 acerc\u00e1ndose hasta que aterriz\u00f3 a escasos metros de la casa de Mumablue. Invadido por la curiosidad, Mumablue sali\u00f3 corriendo para verlos mejor.<\/p>\n<p>Una vez pisaron la Tierra, unos gelatinosos extraterrestres comenzaron a cavar un hoyo muy profundo. A Corcho le sorprendi\u00f3 la facilidad con la que consiguieron hacer un agujero tan grande. \u00a1Trabajaban muy r\u00e1pido y eran muy organizados, esos extraterrestres!<\/p>\n<p>Mumablue y Corcho continuaron espi\u00e1ndolos sin entender muy bien qu\u00e9 estaba ocurriendo. \u00bfQu\u00e9 querr\u00edan los extraterrestres? Tras una larga espera, Mumablue vio c\u00f3mo extra\u00edan del hoyo&#8230; \u00a1un im\u00e1n gigante! Lo cargaron entre todos y lo metieron en su nave espacial.<\/p>\n<p>En cuanto despegaron de la Tierra con el im\u00e1n, todo empez\u00f3 a flotar. \u00a1No hab\u00eda gravedad! \u00a1Ya no era posible mantener los pies en el suelo!<\/p>\n<p>Mumablue tuvo la misma sensaci\u00f3n que el d\u00eda que fueron de excursi\u00f3n a la Luna con el colegio y experimentaron la gravedad lunar. Era como nadar y volar a la vez.<\/p>\n<p>Mientras regresaba a casa muy apurado, Mumablue comprob\u00f3 c\u00f3mo a su alrededor todo levitaba. Entr\u00f3 con dificultad por la ventana de su dormitorio y, gracias a sus reflejos, pudo esquivar la l\u00e1mpara de la mesilla. \u00a1Casi le da en la cabeza!<\/p>\n<p>Tras tantos esfuerzos y emociones, Mumablue ten\u00eda un hambre voraz, as\u00ed que baj\u00f3 a la cocina para comer algo. Pero en cuanto abri\u00f3 un cart\u00f3n de leche, \u00e9sta empez\u00f3 a flotar y no hubo manera de beberla. Mumablue buscaba una soluci\u00f3n al problema, ya que sin gravedad todo resultaba m\u00e1s complicado. Hasta que se le ocurri\u00f3 una gran idea.<\/p>\n<p>Mumablue se dirigi\u00f3 al garaje, encendi\u00f3 el motor de su coche espacial y puso rumbo al planeta Gelatina.<\/p>\n<p>&#8211; \u00a1Solo yo s\u00e9 qui\u00e9nes son los responsables! -exclam\u00f3 Mumablue.<\/p>\n<p>Cuando se encontraba muy cerca del planeta Gelatina, una luz roja se encendi\u00f3 y el coche espacial comenz\u00f3 a pitar. \u00a1Bater\u00eda agotada! Flotaba en mitad del espacio sin poder avanzar. Muy asustado, Mumablue chillaba y agitaba los brazos con la esperanza de cruzarse con otra nave que lo ayudase.<\/p>\n<p>El se\u00f1or Flot, habitante del planeta Gelatina, vio el coche de Mumablue flotando a la deriva y decidi\u00f3 acudir en su ayuda. Mumablue respir\u00f3 aliviado. Se sent\u00eda muy agradecido con el se\u00f1or Flot.<\/p>\n<p>&#8211; \u00a1Te llevar\u00e9 a mi planeta, all\u00ed podr\u00e1s cargar tu veh\u00edculo! -le tranquiliz\u00f3 el extra\u00f1o ser espacial.<\/p>\n<p>Una vez aterrizaron en el planeta Gelatina, Mumablue se encontr\u00f3 con una gran fiesta. Los habitantes de Gelatina bailaban y cantaban todos juntos. \u00a1Se lo pasaban muy bien!<\/p>\n<p>&#8211; \u00bfQu\u00e9 hace aqu\u00ed este terr\u00edcola? -pregunt\u00f3 uno de los aliens con desconfianza.<\/p>\n<p>&#8211; Soy Mumablue y he venido a recuperar el im\u00e1n que os hab\u00e9is llevado de la Tierra. \u00a1Ahora en mi planeta todo est\u00e1 patas arriba!<\/p>\n<p>Los extraterrestres llevaron a Mumablue hasta su gran jefe.<\/p>\n<p>&#8211; Es cierto lo que dices, Mumablue, pero est\u00e1bamos hartos de flotar y flotar -respondi\u00f3 el jefe extraterrestre despu\u00e9s de escuchar las palabras del ni\u00f1o- Queremos poder bailar como vosotros, hacer caminatas, escalar, sumergirnos en el agua, comer sin que la comida levite y todo eso que hac\u00e9is los terr\u00edcolas, \u00a1es tan divertido!<\/p>\n<p>&#8211; Pero los humanos no estamos hechos para flotar y si todas las cosas vuelan por el aire ser\u00e1 un desastre. \u00a1Ni siquiera he podido merendar! -protest\u00f3 Mumablue.<\/p>\n<p>&#8211; Lo siento mucho, Mumablue, no dese\u00e1bamos molestarte. Pero nosotros tambi\u00e9n queremos gravedad. \u00bfQu\u00e9 podemos hacer?<\/p>\n<p>Mumablue comprendi\u00f3 que deb\u00eda encontrar una buena soluci\u00f3n para todos, ya que los habitantes del planeta Gelatina tambi\u00e9n necesitaban la gravedad. Propuso compartir el im\u00e1n.<br \/>\nY as\u00ed fue como partieron el gran im\u00e1n en dos mitades: una para el planeta Gelatina y otra para el planeta Tierra.<\/p>\n<p>Gracias a Mumablue, la vida en Gelatina continu\u00f3 siendo una fiesta. En la Tierra, con menos gravedad, cambiaron muchas cosas. Ahora todo resultaba m\u00e1s divertido. Los saltos en el parque eran el doble de altos, los ni\u00f1os inventaron nuevos juegos y se llenaron plazas y calles, tanto de pueblos como de ciudades.<\/p>\n<p>Y en la merienda, cuando Mumablue hac\u00eda burbujas con la leche, jugaba a explotarlas con la nariz. \u00a1Compartir trajo cosas buenas para todos! Y con terr\u00edcolas y extraterrestres felices y contentos, Mumablue se despide hasta el pr\u00f3ximo cuento.<\/p>\n<p><a href=\"https:\/\/www.mumablue.com\/esp\/nuestros-cuentos-personalizados\/planeta-gelatina?utm_source=blog&amp;utm_medium=banner&amp;utm_campaign=p\u00e1ginas-audiocuentos&amp;utm_content=cuento-extraterrestres\" target=\"_blank\" rel=\"noopener noreferrer\"><img decoding=\"async\" loading=\"lazy\" class=\"alignnone wp-image-4543 size-full\" src=\"https:\/\/www.mumablue.com\/blog\/wp-content\/uploads\/2021\/07\/cuento-de-marcianos.jpg\" alt=\"cuento de extraterrestres para ni\u00f1os\" width=\"715\" height=\"162\" srcset=\"https:\/\/www.mumablue.com\/blog\/wp-content\/uploads\/2021\/07\/cuento-de-marcianos.jpg 715w, https:\/\/www.mumablue.com\/blog\/wp-content\/uploads\/2021\/07\/cuento-de-marcianos-300x68.jpg 300w, https:\/\/www.mumablue.com\/blog\/wp-content\/uploads\/2021\/07\/cuento-de-marcianos-624x141.jpg 624w\" sizes=\"(max-width: 715px) 100vw, 715px\" \/><\/a><\/p>\n<h2>Otros cuentos Mumablue llenos de aventuras y valores<\/h2>\n<p>Si te ha gustado este cuento de extraterrestres para ni\u00f1os, puedes encontrar <a href=\"https:\/\/www.mumablue.com\/esp\/nuestros-cuentos-personalizados?utm_source=blog&amp;utm_medium=link&amp;utm_campaign=p\u00e1ginas-audiocuentos&amp;utm_content=cuento-extraterrestres\" target=\"_blank\" rel=\"noopener noreferrer\"><span style=\"color: #3366ff;\">muchas otras historias personalizadas<\/span><\/a> en la web de Mumablue, una gran idea si tienes que\u00a0hacer<strong> un regalo educativo y que ense\u00f1a valores en primera persona<\/strong>. Cuando personalices al ni\u00f1o protagonista creando su avatar, podr\u00e9is acceder a una previsualizaci\u00f3n completa del cuento impreso. Adem\u00e1s os invitamos a descubrir <span style=\"color: #3366ff;\"><a style=\"color: #3366ff;\" href=\"https:\/\/www.mumablue.com\/blog\/audiocuentos-mumablue\/\">todos los audiocuentos<\/a><\/span> del cat\u00e1logo Mumablue, completamente gratis, en la p\u00e1gina de <span style=\"color: #3366ff;\"><a style=\"color: #3366ff;\" href=\"https:\/\/www.mumablue.com\/blog\/pequehistorias\">Pequehistorias<\/a><\/span>.<\/p>\n<div style='text-align:left' class='yasr-auto-insert-visitor'><\/div>","protected":false},"excerpt":{"rendered":"<p>Si buscabas un cuento de extraterrestres para ni\u00f1os has llegado al mejor sitio, porque te ofrecemos tres versiones en una: un cuento para leer aqu\u00ed directamente, un audiocuento gratis y un cuento personalizado impreso en el que tu peque se convertir\u00e1 en el \u00fanico protagonista de la historia. En \u00abPlaneta Gelatina\u00bb, la aventura comienza cuando [&hellip;]<\/p>\n","protected":false},"author":6,"featured_media":0,"parent":0,"menu_order":0,"comment_status":"closed","ping_status":"closed","template":"","meta":{"yasr_overall_rating":0,"yasr_post_is_review":"","yasr_auto_insert_disabled":"","yasr_review_type":""},"yasr_visitor_votes":{"number_of_votes":138,"sum_votes":601,"stars_attributes":{"read_only":false,"span_bottom":false}},"yoast_head":"<!-- This site is optimized with the Yoast SEO plugin v14.5 - https:\/\/yoast.com\/wordpress\/plugins\/seo\/ -->\n<meta name=\"description\" content=\"Planeta Gelatina, cuento de extraterrestres para ni\u00f1os, educativo, con valores, disponible en audiocuento gratis, personalizado e impreso o para leer online\" \/>\n<meta name=\"robots\" content=\"index, follow\" \/>\n<meta name=\"googlebot\" content=\"index, follow, max-snippet:-1, max-image-preview:large, max-video-preview:-1\" \/>\n<meta name=\"bingbot\" content=\"index, follow, max-snippet:-1, max-image-preview:large, max-video-preview:-1\" \/>\n<link rel=\"canonical\" href=\"https:\/\/www.mumablue.com\/blog\/cuento-de-extraterrestres-para-ninos-audiocuento-gratis\/\" \/>\n<meta property=\"og:locale\" content=\"es_ES\" \/>\n<meta property=\"og:type\" content=\"article\" \/>\n<meta property=\"og:title\" content=\"Cuento de extraterrestres para ni\u00f1os + audiocuento gratis - Blog Mumablue\" \/>\n<meta property=\"og:description\" content=\"Planeta Gelatina, cuento de extraterrestres para ni\u00f1os, educativo, con valores, disponible en audiocuento gratis, personalizado e impreso o para leer online\" \/>\n<meta property=\"og:url\" content=\"https:\/\/www.mumablue.com\/blog\/cuento-de-extraterrestres-para-ninos-audiocuento-gratis\/\" \/>\n<meta property=\"og:site_name\" content=\"Blog Mumablue\" \/>\n<meta property=\"article:publisher\" content=\"https:\/\/www.facebook.com\/mumablue\/\" \/>\n<meta property=\"article:modified_time\" content=\"2025-04-08T08:43:01+00:00\" \/>\n<meta property=\"og:image\" content=\"https:\/\/www.mumablue.com\/blog\/wp-content\/uploads\/2021\/07\/07-Planeta-Gelatina.jpg\" \/>\n<meta name=\"twitter:card\" content=\"summary_large_image\" \/>\n<script type=\"application\/ld+json\" class=\"yoast-schema-graph\">{\"@context\":\"https:\/\/schema.org\",\"@graph\":[{\"@type\":\"Organization\",\"@id\":\"https:\/\/www.mumablue.com\/blog\/#organization\",\"name\":\"Mumablue\",\"url\":\"https:\/\/www.mumablue.com\/blog\/\",\"sameAs\":[\"https:\/\/www.facebook.com\/mumablue\/\",\"https:\/\/www.instagram.com\/mumablue\/?hl=es\"],\"logo\":{\"@type\":\"ImageObject\",\"@id\":\"https:\/\/www.mumablue.com\/blog\/#logo\",\"inLanguage\":\"es\",\"url\":\"https:\/\/www.mumablue.com\/blog\/wp-content\/uploads\/2020\/05\/Blog-Mumablue.png\",\"width\":749,\"height\":269,\"caption\":\"Mumablue\"},\"image\":{\"@id\":\"https:\/\/www.mumablue.com\/blog\/#logo\"}},{\"@type\":\"WebSite\",\"@id\":\"https:\/\/www.mumablue.com\/blog\/#website\",\"url\":\"https:\/\/www.mumablue.com\/blog\/\",\"name\":\"Blog Mumablue\",\"description\":\"Un blog de cuentos y audiocuentos gratis para ni\\u00f1os.\",\"publisher\":{\"@id\":\"https:\/\/www.mumablue.com\/blog\/#organization\"},\"potentialAction\":[{\"@type\":\"SearchAction\",\"target\":\"https:\/\/www.mumablue.com\/blog\/?s={search_term_string}\",\"query-input\":\"required name=search_term_string\"}],\"inLanguage\":\"es\"},{\"@type\":\"ImageObject\",\"@id\":\"https:\/\/www.mumablue.com\/blog\/cuento-de-extraterrestres-para-ninos-audiocuento-gratis\/#primaryimage\",\"inLanguage\":\"es\",\"url\":\"https:\/\/www.mumablue.com\/blog\/wp-content\/uploads\/2021\/07\/07-Planeta-Gelatina.jpg\",\"width\":500,\"height\":500,\"caption\":\"cuento de extraterrestres para ni\\u00f1os\"},{\"@type\":\"WebPage\",\"@id\":\"https:\/\/www.mumablue.com\/blog\/cuento-de-extraterrestres-para-ninos-audiocuento-gratis\/#webpage\",\"url\":\"https:\/\/www.mumablue.com\/blog\/cuento-de-extraterrestres-para-ninos-audiocuento-gratis\/\",\"name\":\"Cuento de extraterrestres para ni\\u00f1os + audiocuento gratis - Blog Mumablue\",\"isPartOf\":{\"@id\":\"https:\/\/www.mumablue.com\/blog\/#website\"},\"primaryImageOfPage\":{\"@id\":\"https:\/\/www.mumablue.com\/blog\/cuento-de-extraterrestres-para-ninos-audiocuento-gratis\/#primaryimage\"},\"datePublished\":\"2021-07-05T17:16:52+00:00\",\"dateModified\":\"2025-04-08T08:43:01+00:00\",\"description\":\"Planeta Gelatina, cuento de extraterrestres para ni\\u00f1os, educativo, con valores, disponible en audiocuento gratis, personalizado e impreso o para leer online\",\"inLanguage\":\"es\",\"potentialAction\":[{\"@type\":\"ReadAction\",\"target\":[\"https:\/\/www.mumablue.com\/blog\/cuento-de-extraterrestres-para-ninos-audiocuento-gratis\/\"]}]}]}<\/script>\n<!-- \/ Yoast SEO plugin. -->","_links":{"self":[{"href":"https:\/\/www.mumablue.com\/blog\/wp-json\/wp\/v2\/pages\/4384"}],"collection":[{"href":"https:\/\/www.mumablue.com\/blog\/wp-json\/wp\/v2\/pages"}],"about":[{"href":"https:\/\/www.mumablue.com\/blog\/wp-json\/wp\/v2\/types\/page"}],"author":[{"embeddable":true,"href":"https:\/\/www.mumablue.com\/blog\/wp-json\/wp\/v2\/users\/6"}],"replies":[{"embeddable":true,"href":"https:\/\/www.mumablue.com\/blog\/wp-json\/wp\/v2\/comments?post=4384"}],"version-history":[{"count":14,"href":"https:\/\/www.mumablue.com\/blog\/wp-json\/wp\/v2\/pages\/4384\/revisions"}],"predecessor-version":[{"id":7430,"href":"https:\/\/www.mumablue.com\/blog\/wp-json\/wp\/v2\/pages\/4384\/revisions\/7430"}],"wp:attachment":[{"href":"https:\/\/www.mumablue.com\/blog\/wp-json\/wp\/v2\/media?parent=4384"}],"curies":[{"name":"wp","href":"https:\/\/api.w.org\/{rel}","templated":true}]}}