{"id":4363,"date":"2021-07-05T12:59:05","date_gmt":"2021-07-05T12:59:05","guid":{"rendered":"https:\/\/mumablue.com\/blog\/?page_id=4363"},"modified":"2025-04-08T08:45:29","modified_gmt":"2025-04-08T08:45:29","slug":"cuento-contra-el-bullying-audiocuento-gratis","status":"publish","type":"page","link":"https:\/\/www.mumablue.com\/blog\/cuento-contra-el-bullying-audiocuento-gratis\/","title":{"rendered":"Cuento contra el bullying + audiocuento gratis"},"content":{"rendered":"<p><a href=\"https:\/\/www.mumablue.com\/blog\/wp-content\/uploads\/2021\/07\/Aventuras-en-Alaska.jpg\"><img decoding=\"async\" loading=\"lazy\" class=\"alignnone size-full wp-image-4370\" src=\"https:\/\/www.mumablue.com\/blog\/wp-content\/uploads\/2021\/07\/Aventuras-en-Alaska.jpg\" alt=\"cuento contra el bullying\" width=\"500\" height=\"500\" srcset=\"https:\/\/www.mumablue.com\/blog\/wp-content\/uploads\/2021\/07\/Aventuras-en-Alaska.jpg 500w, https:\/\/www.mumablue.com\/blog\/wp-content\/uploads\/2021\/07\/Aventuras-en-Alaska-300x300.jpg 300w, https:\/\/www.mumablue.com\/blog\/wp-content\/uploads\/2021\/07\/Aventuras-en-Alaska-150x150.jpg 150w\" sizes=\"(max-width: 500px) 100vw, 500px\" \/><\/a><\/p>\n<p>Son muchos los pap\u00e1s y mam\u00e1s que buscan un cuento contra el bullying para ni\u00f1os, con el objetivo de hacer ver a su peque esta desagradable realidad y alertarle sobre ella, tanto<strong> para que aprenda a identificar y pueda defenderse del acoso<\/strong>, como para evitar que el propio ni\u00f1o se convierta en acosador.<\/p>\n<p>Hoy os traemos una propuesta que puede ayudar en este sentido: \u00abAventuras en Alaska\u00bb. Narra la historia de un oso, Sam, que es rechazado por los otros osos del grupo, quienes le consideran un oso lento y torpe. <strong>Puedes disfrutarlo en su versi\u00f3n audiocuento, a continuaci\u00f3n<\/strong>, o bien le\u00e9rselo t\u00fa con tu propia voz. Encontrar\u00e1s el texto m\u00e1s al final de este este art\u00edculo.<\/p>\n<h6><script src=\"https:\/\/www.buzzsprout.com\/937792\/3256153-aventuras-en-alaska.js?container_id=buzzsprout-player-3256153&#038;player=small\" type=\"text\/javascript\" charset=\"utf-8\"><\/script>M\u00fasica Public Domain: <span style=\"color: #3366ff;\"><a style=\"color: #3366ff;\" href=\"https:\/\/freepd.com\/misc.php\">One step closer<\/a><\/span> por Rafael Krux, <a href=\"https:\/\/freepd.com\/misc.php\"><span style=\"color: #3366ff;\">The Crown<\/span><\/a> por Alexander Nakarada y <span style=\"color: #3366ff;\">New Age R Water Shine<\/span> por Frank Nora.<\/h6>\n<h2>Cuento contra el bullying personalizado e impreso a todo color<\/h2>\n<p>Si os ha gustado este audiocuento contra el bullying, se puede conseguir en<strong> su versi\u00f3n m\u00e1s especial: el libro personalizado e impreso a todo color<\/strong>. <a href=\"https:\/\/www.mumablue.com\/esp\/nuestros-cuentos-personalizados\/aventuras-en-alaska?utm_source=blog&amp;utm_medium=link&amp;utm_campaign=p\u00e1ginas-audiocuentos&amp;utm_content=cuento-contra-bullying\" target=\"_blank\" rel=\"noopener noreferrer\"><span style=\"color: #3366ff;\">Aventuras en Alaska<\/span><\/a> es un cuento personalizado en el que <strong>el ni\u00f1o es el protagonista de la historia con su nombre y sus rasgos f\u00edsicos<\/strong>, de manera que es mucho m\u00e1s sencillo para los peques ponerse en situaci\u00f3n, identificarse con el relato e interiorizar mejor la ense\u00f1anza de lo pernicioso que resulta el acoso entre los ni\u00f1os.<\/p>\n<p><a href=\"https:\/\/www.mumablue.com\/esp\/nuestros-cuentos-personalizados\/aventuras-en-alaska?utm_source=blog&amp;utm_medium=banner&amp;utm_campaign=p\u00e1ginas-audiocuentos&amp;utm_content=cuento-contra-bullying\" target=\"_blank\" rel=\"noopener noreferrer\"><img decoding=\"async\" loading=\"lazy\" class=\"alignnone wp-image-4602 size-full\" src=\"https:\/\/www.mumablue.com\/blog\/wp-content\/uploads\/2021\/07\/cuento-personalizado-acoso-escolar.jpg\" alt=\"Cuento contra el bullying\" width=\"715\" height=\"162\" srcset=\"https:\/\/www.mumablue.com\/blog\/wp-content\/uploads\/2021\/07\/cuento-personalizado-acoso-escolar.jpg 715w, https:\/\/www.mumablue.com\/blog\/wp-content\/uploads\/2021\/07\/cuento-personalizado-acoso-escolar-300x68.jpg 300w, https:\/\/www.mumablue.com\/blog\/wp-content\/uploads\/2021\/07\/cuento-personalizado-acoso-escolar-624x141.jpg 624w\" sizes=\"(max-width: 715px) 100vw, 715px\" \/><\/a><\/p>\n<h3><img decoding=\"async\" loading=\"lazy\" class=\"alignnone wp-image-583 ls-is-cached lazyloaded\" src=\"https:\/\/www.mumablue.com\/blog\/wp-content\/uploads\/2020\/03\/favicon.ico\" alt=\"\" width=\"44\" height=\"44\" data-src=\"https:\/\/www.mumablue.com\/blog\/wp-content\/uploads\/2020\/03\/favicon.ico\" \/>\u00a0 <span style=\"color: #800080;\">\u00a1\u00danete al\u00a0<span style=\"color: #3366ff;\"><a style=\"color: #3366ff;\" href=\"https:\/\/www.mumablue.com\/esp\/inicio#mumaClub\" target=\"_blank\" rel=\"noopener\">MumaClub<\/a><\/span>\u00a0y consigue 10% descuento en cuentos personalizados!<\/span><\/h3>\n<p>En Aventuras en Alaska impreso, el ni\u00f1o o ni\u00f1a que protagoniza el relato no es ni agente acosado ni, por supuesto, agente acosador.<strong> El peque\u00f1o protagonista est\u00e1 en el papel de verlo desde fuera, empatizar con el oso Sam y ayudarle<\/strong> a demostrar a los dem\u00e1s que merece respeto. As\u00ed, este cuento contra el bullying ense\u00f1a tambi\u00e9n la realidad de los que no est\u00e1n implicados directamente en un caso de acoso, pero que tienen en sus manos el poder de frenarlo.<\/p>\n<p>Se trata de un t\u00edtulo de gran utilidad que <strong>se asienta sobre los valores de la empat\u00eda, la autoestima y la prevenci\u00f3n del bullying<\/strong>, recomendado para ni\u00f1os desde los 2 a\u00f1os de edad, con tapa dura, impreso en alta calidad, con barniz antimanchas y antihuellas en todas las p\u00e1ginas y que incluye un juego de \u00abBusca y encuentra\u00bb, un apartado de \u00abSab\u00edas que\u00bb con informaci\u00f3n sobre Alaska, las abejas, los osos o la Aurora Boreal, y <strong>una p\u00e1gina 100% personalizable para incluir una dedicatoria propia y una foto<\/strong> del peque\u00f1o protagonista. Aventuras en Alaska no es s\u00f3lo un bonito y entretenido cuento, sino que adem\u00e1s es una herramienta educativa y un precioso recuerdo para toda la vida.<\/p>\n<p><a href=\"https:\/\/www.mumablue.com\/blog\/wp-content\/uploads\/2021\/07\/Cuento-contra-el-acoso-escolar.jpg\"><img decoding=\"async\" loading=\"lazy\" class=\"alignnone size-full wp-image-4372\" src=\"https:\/\/www.mumablue.com\/blog\/wp-content\/uploads\/2021\/07\/Cuento-contra-el-acoso-escolar.jpg\" alt=\"Cuento contra el bullying\" width=\"715\" height=\"430\" srcset=\"https:\/\/www.mumablue.com\/blog\/wp-content\/uploads\/2021\/07\/Cuento-contra-el-acoso-escolar.jpg 715w, https:\/\/www.mumablue.com\/blog\/wp-content\/uploads\/2021\/07\/Cuento-contra-el-acoso-escolar-300x180.jpg 300w, https:\/\/www.mumablue.com\/blog\/wp-content\/uploads\/2021\/07\/Cuento-contra-el-acoso-escolar-624x375.jpg 624w\" sizes=\"(max-width: 715px) 100vw, 715px\" \/><\/a><\/p>\n<h2>Aventuras en Alaska para leer a los ni\u00f1os<\/h2>\n<p>Un verano m\u00e1s, la familia de Mumablue alquil\u00f3 una casa para pasar las vacaciones en&#8230; \u00a1Alaska!\u00a0Mumablue ten\u00eda all\u00ed unos amigos muy especiales: \u00a1un grupo de oseznos! Se llamaban Clip, Lupe, Zape y Sam.\u00a0As\u00ed que, apenas puso un pie en Alaska, Mumablue fue al bosque a buscar a sus amigos.<\/p>\n<p>De pronto, apareci\u00f3 Sam. \u00a1Cu\u00e1nto hab\u00eda crecido! Mumablue se alegr\u00f3 mucho de verlo e intent\u00f3 abrazarlo, pero como Sam era tan grande, no pod\u00eda abarcar su cintura.<\/p>\n<p>&#8211; Sam, \u00bfd\u00f3nde est\u00e1n los dem\u00e1s? -pregunt\u00f3 Mumablue.<\/p>\n<p>Sam le cont\u00f3 a Mumablue que sus amigos se hab\u00edan ido de excursi\u00f3n sin \u00e9l porque le consideraban un oso lento y torpe.<\/p>\n<p>&#8211; \u00a1No te preocupes, Sam, yo te ayudar\u00e9! Te ense\u00f1ar\u00e9 a pescar y a recoger miel. Empezaremos atrapando salmones.<\/p>\n<p>Pero Sam no se mostraba muy habilidoso con los salmones. Los peces saltaban delante de \u00e9l sin que pudiera atrapar ninguno.<\/p>\n<p>Entonces encontraron un panal en un roble. Sam, al intentar alcanzar la miel, hizo que la colmena se desprendiera de la rama.\u00a0As\u00ed que tuvieron que salir corriendo para que las abejas no los picaran. \u00a1ESTABAN MUY ENFADADAS!<\/p>\n<p>&#8211; No pasa nada, Sam. Ahora vamos a intentar recoger algo de miel -le consol\u00f3 Mumablue.<\/p>\n<p>&#8211; Soy un desastre de oso, no s\u00e9 pescar salmones ni recoger miel -sigui\u00f3 lament\u00e1ndose Sam.<\/p>\n<p>&#8211; \u00c1nimo, Sam! Eres un oso estupendo y siempre ser\u00e1s mi amigo.<\/p>\n<p>En esas estaban cuando un \u00e1guila prendi\u00f3 por los hombros a Mumablue y lo elev\u00f3 unos cuantos metros de altura. \u00a1Mumablue se asust\u00f3 mucho!\u00a0Al ver c\u00f3mo la enorme rapaz se llevaba a su amigo, Sam lanz\u00f3 un rugido que se escuch\u00f3 por todos los rincones de Alaska. El \u00e1guila, despavorida, solt\u00f3 a Mumablue. Sam lo atrap\u00f3 antes de que se golpeara contra alguna roca.<\/p>\n<p>&#8211; \u00a1Sam, me has salvado! \u00a1Eres mi h\u00e9roe! Vamos a buscar a los dem\u00e1s para contarles lo valiente que has sido -exclam\u00f3 Mumablue, d\u00e1ndole un fuerte abrazo.<\/p>\n<p>\u00a1Mumablue y Sam estaban muy contentos!\u00a0Cuando encontraron a los dem\u00e1s osos, Mumablue les narr\u00f3 c\u00f3mo Sam le hab\u00eda salvado de las garras del \u00e1guila y hab\u00eda evitado que se estrellase.\u00a0Clip, Lupe y Zape felicitaron a Sam por su audacia y valent\u00eda.<\/p>\n<p>&#8211; \u00a1Muchas gracias, Mumablue! Como muestra de agradecimiento, quiero ense\u00f1arte algo que te va a sorprender -dijo el oso.<\/p>\n<p>Sam llev\u00f3 a Mumablue a contemplar la aurora boreal. Mumablue qued\u00f3 maravillado al ver el cielo te\u00f1ido de tantos colores. \u00a1Era precioso!<\/p>\n<p>&#8211; Sam, se hace tarde y tengo que volver a casa con mi familia. \u00bfNos veremos ma\u00f1ana?<\/p>\n<p>&#8211; Claro que s\u00ed, Mumablue. Te espero en la orilla del r\u00edo a primera hora para seguir practicando la pesca de salmones. \u00a1Choca esos cinco, amigo!<\/p>\n<p>Clip, Lupe y Zape comprendieron que nunca hay que abandonar a un compa\u00f1ero aunque se haya mostrado torpe en algunas ocasiones. Con la ayuda de Mumablue, Sam aprendi\u00f3 a confiar en s\u00ed mismo hasta convertirse en un leal y valiente compa\u00f1ero.<\/p>\n<p>Y con Mumablue y Sam felices y contentos, Mumablue se despide hasta el pr\u00f3ximo cuento.<\/p>\n<h2><a href=\"https:\/\/www.mumablue.com\/esp\/nuestros-cuentos-personalizados\/aventuras-en-alaska?utm_source=blog&amp;utm_medium=banner&amp;utm_campaign=p\u00e1ginas-audiocuentos&amp;utm_content=cuento-contra-bullying\" target=\"_blank\" rel=\"noopener noreferrer\"><img decoding=\"async\" loading=\"lazy\" class=\"alignnone wp-image-4602 size-full\" src=\"https:\/\/www.mumablue.com\/blog\/wp-content\/uploads\/2021\/07\/cuento-personalizado-acoso-escolar.jpg\" alt=\"Cuento contra el bullying\" width=\"715\" height=\"162\" srcset=\"https:\/\/www.mumablue.com\/blog\/wp-content\/uploads\/2021\/07\/cuento-personalizado-acoso-escolar.jpg 715w, https:\/\/www.mumablue.com\/blog\/wp-content\/uploads\/2021\/07\/cuento-personalizado-acoso-escolar-300x68.jpg 300w, https:\/\/www.mumablue.com\/blog\/wp-content\/uploads\/2021\/07\/cuento-personalizado-acoso-escolar-624x141.jpg 624w\" sizes=\"(max-width: 715px) 100vw, 715px\" \/><\/a><\/h2>\n<h2>Mumablue es mucho m\u00e1s: m\u00e1s t\u00edtulos que educan en valores<\/h2>\n<p>Si te ha gustado este cuento contra el bullying, puedes encontrar <a href=\"https:\/\/www.mumablue.com\/esp\/nuestros-cuentos-personalizados?utm_source=blog&amp;utm_medium=link&amp;utm_campaign=p\u00e1ginas-audiocuentos&amp;utm_content=cuento-contra-bullying\" target=\"_blank\" rel=\"noopener noreferrer\"><span style=\"color: #3366ff;\">muchos otros t\u00edtulos personalizados<\/span><\/a> en la web de Mumablue, <strong>ideales para hacer un regalo educativo y que ense\u00f1a valores en primera persona<\/strong>. Una vez que personalices a tu peque, podr\u00e1s acceder a una previsualizaci\u00f3n completa del cuento impreso. Tambi\u00e9n puedes encontrar <span style=\"color: #3366ff;\"><a style=\"color: #3366ff;\" href=\"https:\/\/www.mumablue.com\/blog\/audiocuentos-mumablue\/\">todos los audiocuentos<\/a><\/span> de nuestros t\u00edtulos impresos, totalmente gratis, en nuestra p\u00e1gina de <span style=\"color: #3366ff;\"><a style=\"color: #3366ff;\" href=\"https:\/\/www.mumablue.com\/blog\/pequehistorias\">Pequehistorias<\/a><\/span>.<\/p>\n<div style='text-align:left' class='yasr-auto-insert-visitor'><\/div>","protected":false},"excerpt":{"rendered":"<p>Son muchos los pap\u00e1s y mam\u00e1s que buscan un cuento contra el bullying para ni\u00f1os, con el objetivo de hacer ver a su peque esta desagradable realidad y alertarle sobre ella, tanto para que aprenda a identificar y pueda defenderse del acoso, como para evitar que el propio ni\u00f1o se convierta en acosador. Hoy os [&hellip;]<\/p>\n","protected":false},"author":6,"featured_media":0,"parent":0,"menu_order":0,"comment_status":"closed","ping_status":"closed","template":"","meta":{"yasr_overall_rating":0,"yasr_post_is_review":"","yasr_auto_insert_disabled":"","yasr_review_type":""},"yasr_visitor_votes":{"number_of_votes":19,"sum_votes":84,"stars_attributes":{"read_only":false,"span_bottom":false}},"yoast_head":"<!-- This site is optimized with the Yoast SEO plugin v14.5 - https:\/\/yoast.com\/wordpress\/plugins\/seo\/ -->\n<meta name=\"description\" content=\"&quot;Aventuras en Alaska&quot;, cuento contra el bullying con valores, en tres versiones: audiocuento gratis, personalizado e impreso a todo color y cuento para leer\" \/>\n<meta name=\"robots\" content=\"index, follow\" \/>\n<meta name=\"googlebot\" content=\"index, follow, max-snippet:-1, max-image-preview:large, max-video-preview:-1\" \/>\n<meta name=\"bingbot\" content=\"index, follow, max-snippet:-1, max-image-preview:large, max-video-preview:-1\" \/>\n<link rel=\"canonical\" href=\"https:\/\/www.mumablue.com\/blog\/cuento-contra-el-bullying-audiocuento-gratis\/\" \/>\n<meta property=\"og:locale\" content=\"es_ES\" \/>\n<meta property=\"og:type\" content=\"article\" \/>\n<meta property=\"og:title\" content=\"Cuento contra el bullying + audiocuento gratis - Blog Mumablue\" \/>\n<meta property=\"og:description\" content=\"&quot;Aventuras en Alaska&quot;, cuento contra el bullying con valores, en tres versiones: audiocuento gratis, personalizado e impreso a todo color y cuento para leer\" \/>\n<meta property=\"og:url\" content=\"https:\/\/www.mumablue.com\/blog\/cuento-contra-el-bullying-audiocuento-gratis\/\" \/>\n<meta property=\"og:site_name\" content=\"Blog Mumablue\" \/>\n<meta property=\"article:publisher\" content=\"https:\/\/www.facebook.com\/mumablue\/\" \/>\n<meta property=\"article:modified_time\" content=\"2025-04-08T08:45:29+00:00\" \/>\n<meta property=\"og:image\" content=\"https:\/\/www.mumablue.com\/blog\/wp-content\/uploads\/2021\/07\/Aventuras-en-Alaska.jpg\" \/>\n<meta name=\"twitter:card\" content=\"summary_large_image\" \/>\n<script type=\"application\/ld+json\" class=\"yoast-schema-graph\">{\"@context\":\"https:\/\/schema.org\",\"@graph\":[{\"@type\":\"Organization\",\"@id\":\"https:\/\/www.mumablue.com\/blog\/#organization\",\"name\":\"Mumablue\",\"url\":\"https:\/\/www.mumablue.com\/blog\/\",\"sameAs\":[\"https:\/\/www.facebook.com\/mumablue\/\",\"https:\/\/www.instagram.com\/mumablue\/?hl=es\"],\"logo\":{\"@type\":\"ImageObject\",\"@id\":\"https:\/\/www.mumablue.com\/blog\/#logo\",\"inLanguage\":\"es\",\"url\":\"https:\/\/www.mumablue.com\/blog\/wp-content\/uploads\/2020\/05\/Blog-Mumablue.png\",\"width\":749,\"height\":269,\"caption\":\"Mumablue\"},\"image\":{\"@id\":\"https:\/\/www.mumablue.com\/blog\/#logo\"}},{\"@type\":\"WebSite\",\"@id\":\"https:\/\/www.mumablue.com\/blog\/#website\",\"url\":\"https:\/\/www.mumablue.com\/blog\/\",\"name\":\"Blog Mumablue\",\"description\":\"Un blog de cuentos y audiocuentos gratis para ni\\u00f1os.\",\"publisher\":{\"@id\":\"https:\/\/www.mumablue.com\/blog\/#organization\"},\"potentialAction\":[{\"@type\":\"SearchAction\",\"target\":\"https:\/\/www.mumablue.com\/blog\/?s={search_term_string}\",\"query-input\":\"required name=search_term_string\"}],\"inLanguage\":\"es\"},{\"@type\":\"ImageObject\",\"@id\":\"https:\/\/www.mumablue.com\/blog\/cuento-contra-el-bullying-audiocuento-gratis\/#primaryimage\",\"inLanguage\":\"es\",\"url\":\"https:\/\/www.mumablue.com\/blog\/wp-content\/uploads\/2021\/07\/Aventuras-en-Alaska.jpg\",\"width\":500,\"height\":500},{\"@type\":\"WebPage\",\"@id\":\"https:\/\/www.mumablue.com\/blog\/cuento-contra-el-bullying-audiocuento-gratis\/#webpage\",\"url\":\"https:\/\/www.mumablue.com\/blog\/cuento-contra-el-bullying-audiocuento-gratis\/\",\"name\":\"Cuento contra el bullying + audiocuento gratis - Blog Mumablue\",\"isPartOf\":{\"@id\":\"https:\/\/www.mumablue.com\/blog\/#website\"},\"primaryImageOfPage\":{\"@id\":\"https:\/\/www.mumablue.com\/blog\/cuento-contra-el-bullying-audiocuento-gratis\/#primaryimage\"},\"datePublished\":\"2021-07-05T12:59:05+00:00\",\"dateModified\":\"2025-04-08T08:45:29+00:00\",\"description\":\"\\\"Aventuras en Alaska\\\", cuento contra el bullying con valores, en tres versiones: audiocuento gratis, personalizado e impreso a todo color y cuento para leer\",\"inLanguage\":\"es\",\"potentialAction\":[{\"@type\":\"ReadAction\",\"target\":[\"https:\/\/www.mumablue.com\/blog\/cuento-contra-el-bullying-audiocuento-gratis\/\"]}]}]}<\/script>\n<!-- \/ Yoast SEO plugin. -->","_links":{"self":[{"href":"https:\/\/www.mumablue.com\/blog\/wp-json\/wp\/v2\/pages\/4363"}],"collection":[{"href":"https:\/\/www.mumablue.com\/blog\/wp-json\/wp\/v2\/pages"}],"about":[{"href":"https:\/\/www.mumablue.com\/blog\/wp-json\/wp\/v2\/types\/page"}],"author":[{"embeddable":true,"href":"https:\/\/www.mumablue.com\/blog\/wp-json\/wp\/v2\/users\/6"}],"replies":[{"embeddable":true,"href":"https:\/\/www.mumablue.com\/blog\/wp-json\/wp\/v2\/comments?post=4363"}],"version-history":[{"count":10,"href":"https:\/\/www.mumablue.com\/blog\/wp-json\/wp\/v2\/pages\/4363\/revisions"}],"predecessor-version":[{"id":7431,"href":"https:\/\/www.mumablue.com\/blog\/wp-json\/wp\/v2\/pages\/4363\/revisions\/7431"}],"wp:attachment":[{"href":"https:\/\/www.mumablue.com\/blog\/wp-json\/wp\/v2\/media?parent=4363"}],"curies":[{"name":"wp","href":"https:\/\/api.w.org\/{rel}","templated":true}]}}