{"id":4338,"date":"2021-07-02T11:19:44","date_gmt":"2021-07-02T11:19:44","guid":{"rendered":"https:\/\/mumablue.com\/blog\/?page_id=4338"},"modified":"2021-09-30T10:05:52","modified_gmt":"2021-09-30T10:05:52","slug":"regalos-originales-de-cumpleanos-para-ninos","status":"publish","type":"page","link":"https:\/\/www.mumablue.com\/blog\/regalos-originales-de-cumpleanos-para-ninos\/","title":{"rendered":"Regalos originales de cumplea\u00f1os para ni\u00f1os"},"content":{"rendered":"<p><a href=\"https:\/\/www.mumablue.com\/blog\/wp-content\/uploads\/2021\/07\/Regalo-original-cumplea\u00f1os-ni\u00f1os.jpg\"><img decoding=\"async\" loading=\"lazy\" class=\"alignnone size-full wp-image-4339\" src=\"https:\/\/www.mumablue.com\/blog\/wp-content\/uploads\/2021\/07\/Regalo-original-cumplea\u00f1os-ni\u00f1os.jpg\" alt=\"Regalos originales de cumplea\u00f1os para ni\u00f1os\" width=\"500\" height=\"499\" srcset=\"https:\/\/www.mumablue.com\/blog\/wp-content\/uploads\/2021\/07\/Regalo-original-cumplea\u00f1os-ni\u00f1os.jpg 500w, https:\/\/www.mumablue.com\/blog\/wp-content\/uploads\/2021\/07\/Regalo-original-cumplea\u00f1os-ni\u00f1os-300x300.jpg 300w, https:\/\/www.mumablue.com\/blog\/wp-content\/uploads\/2021\/07\/Regalo-original-cumplea\u00f1os-ni\u00f1os-150x150.jpg 150w\" sizes=\"(max-width: 500px) 100vw, 500px\" \/><\/a><\/p>\n<p><strong>Los ni\u00f1os de hoy en d\u00eda lo tienen todo<\/strong>, por eso son muchas las personas que buscan regalos originales de cumplea\u00f1os para ni\u00f1os, para tratar de reavivar ese factor sorpresa en los peque\u00f1os, a los que cada vez en m\u00e1s complicado impresionar con un detalle.<\/p>\n<p>Por norma general, muchos de los objetos que se venden como regalos originales de cumplea\u00f1os para ni\u00f1os acaban siendo \u00abun trasto m\u00e1s\u00bb, o tienen de original poco m\u00e1s que \u00abla denominaci\u00f3n\u00bb Es por eso que <strong>muchos padres acaban cansados de mirar reinvenciones de lo mismo<\/strong>, sin \u00e9xito. Adem\u00e1s, muchos de ellos son regalos \u00aba secas\u00bb, no se trata de un producto espec\u00edficamente pensado para un cumplea\u00f1os.<\/p>\n<h2>Cuento personalizado interactivo de cumplea\u00f1os<\/h2>\n<p>Sabedores de esta necesidad, en Mumablue hemos creado un cuento muy especial. Se trata del <strong>\u00fanico cuento personalizado de cumplea\u00f1os interactivo del mundo, un librojuego<\/strong> en el que el peque\u00f1o cumplea\u00f1ero es el aut\u00e9ntico protagonista de la aventura, porque aparece representado en cada p\u00e1gina (y en la portada) con su nombre propio y una ilustraci\u00f3n creada a su imagen y semejanza, tal y como ocurre en los cuentos personalizado Mumablue. \u00a1Pero este cuento va m\u00e1s all\u00e1!<\/p>\n<p>\u00ab<span style=\"color: #3366ff;\"><a style=\"color: #3366ff;\" href=\"https:\/\/www.mumablue.com\/esp\/nuestros-cuentos-personalizados\/cumpleanos?utm_source=blog&amp;utm_medium=blog-content&amp;utm_campaign=article-page&amp;utm_content=regalos-cumpleanos\" target=\"_blank\" rel=\"noopener noreferrer\">Feliz cumplea\u00f1os, (Nombre del peque)!<\/a><\/span>\u00bb es una propuesta diferente porque se aborda como una aventura interactiva. A trav\u00e9s de sus p\u00e1ginas, el peque\u00f1o protagonista y cumplea\u00f1ero recibir\u00e1 indicaciones para interactuar con las ilustraciones (tocar, pulsar, soplar&#8230;) y <strong>cada acci\u00f3n influir\u00e1 en lo que ocurre en la p\u00e1gina siguiente<\/strong>. Podr\u00e1 soplar para inflar globos o crear pompas de jab\u00f3n y explotarlas, apagar la luz&#8230; \u00a1Y hasta soplar las velas de su propia tarta de cumplea\u00f1os!<\/p>\n<p><a href=\"https:\/\/www.mumablue.com\/blog\/wp-content\/uploads\/2021\/07\/Cuento-personalizado-cumplea\u00f1os-ni\u00f1os-2.jpg\"><img decoding=\"async\" loading=\"lazy\" class=\"alignnone wp-image-4352 size-full\" src=\"https:\/\/www.mumablue.com\/blog\/wp-content\/uploads\/2021\/07\/Cuento-personalizado-cumplea\u00f1os-ni\u00f1os-2.jpg\" alt=\"regalos de cumplea\u00f1os originales para ni\u00f1os\" width=\"715\" height=\"729\" srcset=\"https:\/\/www.mumablue.com\/blog\/wp-content\/uploads\/2021\/07\/Cuento-personalizado-cumplea\u00f1os-ni\u00f1os-2.jpg 715w, https:\/\/www.mumablue.com\/blog\/wp-content\/uploads\/2021\/07\/Cuento-personalizado-cumplea\u00f1os-ni\u00f1os-2-294x300.jpg 294w, https:\/\/www.mumablue.com\/blog\/wp-content\/uploads\/2021\/07\/Cuento-personalizado-cumplea\u00f1os-ni\u00f1os-2-624x636.jpg 624w\" sizes=\"(max-width: 715px) 100vw, 715px\" \/><\/a><\/p>\n<p><span style=\"color: #3366ff;\"><a style=\"color: #3366ff;\" href=\"https:\/\/www.mumablue.com\/esp\/nuestros-cuentos-personalizados\/cumpleanos?utm_source=blog&amp;utm_medium=blog-content&amp;utm_campaign=article-page&amp;utm_content=regalos-cumpleanos\" target=\"_blank\" rel=\"noopener noreferrer\">\u00abFeliz cumplea\u00f1os, (Nombre del peque)!\u00bb<\/a><\/span> es un <strong>cuento personalizado de cumplea\u00f1os recomendado para ni\u00f1os de 2-6 a\u00f1os<\/strong>. En las p\u00e1ginas izquierdas, el peque siempre aparece representado, con su propia apariencia f\u00edsica, mostrando alguna emoci\u00f3n en relaci\u00f3n a lo que acaba de suceder, como si se estuviera viendo reflejado en un espejo. Pero es en las p\u00e1ginas de la derecha donde realmente ocurre la magia y las acciones se suceden a medida que el ni\u00f1o interact\u00faa con las ilustraciones. <strong>\u00a1A los ojos de un ni\u00f1o es realmente m\u00e1gico!<\/strong><\/p>\n<p>Este cuento interactivo no solo es uno de los regalos de cumplea\u00f1os originales para ni\u00f1os m\u00e1s divertidos y diferentes, sino que tambi\u00e9n es <strong>una herramienta educativa y que despierta en los ni\u00f1os un inter\u00e9s temprano por la lectura<\/strong>. Yendo m\u00e1s all\u00e1, es un objeto que permite pasar un rato divertido en familia y, adem\u00e1s, un precioso recuerdo del cumplea\u00f1os del peque que durar\u00e1 toda la vida.<\/p>\n<h2>Todos los cuentos Mumablue son regalos originales de cumplea\u00f1os para ni\u00f1os<\/h2>\n<p><a href=\"https:\/\/www.mumablue.com\/blog\/wp-content\/uploads\/2021\/05\/PORTADA-FROZEN-ESPA\u00d1OL.jpg\"><img decoding=\"async\" loading=\"lazy\" class=\"alignnone size-full wp-image-3898\" src=\"https:\/\/www.mumablue.com\/blog\/wp-content\/uploads\/2021\/05\/PORTADA-FROZEN-ESPA\u00d1OL.jpg\" alt=\"Cuento personalizado de Frozen\" width=\"500\" height=\"500\" srcset=\"https:\/\/www.mumablue.com\/blog\/wp-content\/uploads\/2021\/05\/PORTADA-FROZEN-ESPA\u00d1OL.jpg 500w, https:\/\/www.mumablue.com\/blog\/wp-content\/uploads\/2021\/05\/PORTADA-FROZEN-ESPA\u00d1OL-300x300.jpg 300w, https:\/\/www.mumablue.com\/blog\/wp-content\/uploads\/2021\/05\/PORTADA-FROZEN-ESPA\u00d1OL-150x150.jpg 150w\" sizes=\"(max-width: 500px) 100vw, 500px\" \/><\/a><\/p>\n<p>Si el ni\u00f1o al que quieres agasajar es m\u00e1s mayor de 6 a\u00f1os. O, por su nivel lector, consideras que necesita un tipo de cuento de \u00edndole superior, en Mumablue disponemos de un cat\u00e1logo de diferentes t\u00edtulos entre los que puedes elegir el que m\u00e1s se ajuste a sus necesidades. <strong>Todos nuestros cuentos cuentan bonitas historia basadas en valores.<\/strong><\/p>\n<p>\u00bf<strong>Qu\u00e9 tal convertir al peque en un aut\u00e9ntico protagonista de Frozen?<\/strong> En \u00ab<span style=\"color: #3366ff;\"><a style=\"color: #3366ff;\" href=\"https:\/\/www.mumablue.com\/esp\/nuestros-cuentos-personalizados\/frozen-disney-elsa-y-anna?utm_source=blog&amp;utm_medium=blog-content&amp;utm_campaign=article-page&amp;utm_content=regalos-cumpleanos\" target=\"_blank\" rel=\"noopener noreferrer\">Elsa, Anna y (Nombre del ni\u00f1o)<\/a><\/span>\u00bb vivir\u00e1 una divertida aventura de hielo junto a las famosas princesas de Arendelle. <strong>Si es fan de los unicornios<\/strong>, protagonizar\u00e1 una arriesgada misi\u00f3n para salvarlos en \u00ab<span style=\"color: #3366ff;\"><a style=\"color: #3366ff;\" href=\"https:\/\/www.mumablue.com\/esp\/nuestros-cuentos-personalizados\/el-reino-de-mirinian?utm_source=blog&amp;utm_medium=blog-content&amp;utm_campaign=article-page&amp;utm_content=regalos-cumpleanos\" target=\"_blank\" rel=\"noopener noreferrer\">El Reino de Miri\u00f1\u00e1n<\/a><\/span>\u00ab. <strong>Los ni\u00f1os amantes del universo<\/strong> y de las historias espaciales disfrutar\u00e1n con la arriesgada misi\u00f3n de salvar la gravedad en \u00ab<span style=\"color: #3366ff;\"><a style=\"color: #3366ff;\" href=\"https:\/\/www.mumablue.com\/esp\/nuestros-cuentos-personalizados\/planeta-gelatina?utm_source=blog&amp;utm_medium=blog-content&amp;utm_campaign=article-page&amp;utm_content=regalos-cumpleanos\" target=\"_blank\" rel=\"noopener noreferrer\">Planeta Gelatina<\/a><\/span>\u00ab. Y <strong>si lo que deseamos es hacerles perder el miedo<\/strong> a lo desconocido, en \u00ab<span style=\"color: #3366ff;\"><a style=\"color: #3366ff;\" href=\"https:\/\/www.mumablue.com\/esp\/nuestros-cuentos-personalizados\/burbujas?utm_source=blog&amp;utm_medium=blog-content&amp;utm_campaign=article-page&amp;utm_content=regalos-cumpleanos\" target=\"_blank\" rel=\"noopener noreferrer\">Burbujas<\/a><\/span>\u00bb descubrir\u00e1n en primera persona las extraordinarias maravillas que esconde el fondo del mar.<\/p>\n<p><strong>\u00bfAcaso tu peque sue\u00f1a con ser un superh\u00e9roe?<\/strong> \u00ab<span style=\"color: #3366ff;\"><a style=\"color: #3366ff;\" href=\"https:\/\/www.mumablue.com\/esp\/nuestros-cuentos-personalizados\/superpoderes?utm_source=blog&amp;utm_medium=blog-content&amp;utm_campaign=article-page&amp;utm_content=regalos-cumpleanos\" target=\"_blank\" rel=\"noopener noreferrer\">Superpoderes<\/a><\/span>\u00bb es el cuento personalizado en el que se convertir\u00e1 en un h\u00e9roe de carne y hueso y descubrir\u00e1 los superpoderes que lleva dentro. <strong>Si prefiere las hadas madrinas<\/strong>, en \u00ab<span style=\"color: #3366ff;\"><a style=\"color: #3366ff;\" href=\"https:\/\/www.mumablue.com\/esp\/nuestros-cuentos-personalizados\/la-magia-del-nombre-mi-nino?utm_source=blog&amp;utm_medium=blog-content&amp;utm_campaign=article-page&amp;utm_content=regalos-cumpleanos\" target=\"_blank\" rel=\"noopener noreferrer\">La magia de (Nombre del ni\u00f1o)<\/a><\/span>\u00bb podr\u00e1 organizar un casting para elegir a la que m\u00e1s le guste. Y si, como padres, queremos <strong>ense\u00f1arle a identificar y combatir el bullying<\/strong>, en \u00ab<span style=\"color: #3366ff;\"><a style=\"color: #3366ff;\" href=\"https:\/\/www.mumablue.com\/esp\/nuestros-cuentos-personalizados\/aventuras-en-alaska?utm_source=blog&amp;utm_medium=blog-content&amp;utm_campaign=article-page&amp;utm_content=regalos-cumpleanos\" target=\"_blank\" rel=\"noopener noreferrer\">Aventuras en Alaska<\/a><\/span>\u00bb ayudar\u00e1 a su amigo oso a recuperar la confianza en s\u00ed mismo.<\/p>\n<p>Si te interesa descubrir los cuentos personalizados Mumablue, puedes <strong>personalizar al ni\u00f1o o ni\u00f1a protagonista y acceder a una previsualizaci\u00f3n de los cuentos completamente gratis<\/strong>. Si lo prefieres, puedes ponerle a tu peque el audiocuento gratuito de cada uno de ellos, que puedes encontrar en la p\u00e1gina de <a href=\"https:\/\/www.mumablue.com\/blog\/pequehistorias\/\"><span style=\"color: #3366ff;\">Pequehistorias<\/span><\/a> de Mumablue. Aqu\u00ed te dejamos uno de muestra. \u00a1Recuerda que en los cuentos impresos es tu peque con su nombre quien protagonizar\u00e1 el relato!<\/p>\n<div id=\"buzzsprout-player-8362021\"><\/div>\n<p><script src=\"https:\/\/www.buzzsprout.com\/937792\/8362021-la-magia-de-mumablue.js?container_id=buzzsprout-player-8362021&#038;player=small\" type=\"text\/javascript\" charset=\"utf-8\"><\/script><\/p>\n<p>\u00a1Y a\u00fan hay m\u00e1s sorpresas! En Mumablue tambi\u00e9n ofrecemos t\u00edtulos personalizados para dos y tres personajes. As\u00ed, <strong>si el ni\u00f1o cumplea\u00f1ero tiene un hermano, un primo o un amigo<\/strong> muy especial, puede coprotagonizar junto a \u00e9l \u00ab<span style=\"color: #3366ff;\"><a style=\"color: #3366ff;\" href=\"https:\/\/www.mumablue.com\/esp\/nuestros-cuentos-personalizados\/chucheritis-es?utm_source=blog&amp;utm_medium=blog-content&amp;utm_campaign=article-page&amp;utm_content=regalos-cumpleanos\" target=\"_blank\" rel=\"noopener noreferrer\">Chucheritis<\/a><\/span>\u00ab, una emocionante historia en la que adem\u00e1s se les ense\u00f1a que no deben comer demasiadas golosinas. Por su parte, \u00ab<a href=\"https:\/\/www.mumablue.com\/esp\/nuestros-cuentos-personalizados\/juntos-es?utm_source=blog&amp;utm_medium=blog-content&amp;utm_campaign=article-page&amp;utm_content=regalos-cumpleanos\" target=\"_blank\" rel=\"noopener noreferrer\"><span style=\"color: #3366ff;\">Juntos<\/span><\/a>\u00bb es el t\u00edtulo en el que <strong>el ni\u00f1o protagonizar\u00e1 un enternecedor relato en compa\u00f1\u00eda de uno o dos adultos<\/strong>, que pueden ser sus padres, sus abuelos, sus t\u00edos o sus padrinos. \u00a1Tambi\u00e9n caracterizados seg\u00fan sus rasgos f\u00edsicos!<\/p>\n<p>En definitiva: en un tiempo en el que nada parece sorprender a los m\u00e1s peque\u00f1os, regalos originales de cumplea\u00f1os para ni\u00f1os como los cuentos Mumablue son la mejor soluci\u00f3n. Porque <strong>deslumbran a los peques, quienes creer\u00e1n haberse metido dentro del cuento, pero tambi\u00e9n a los pap\u00e1s<\/strong>, que ver\u00e1n cumplido uno de sus mayores anhelos: \u00a1El peque no podr\u00e1 parar de leer!<\/p>\n<div style='text-align:left' class='yasr-auto-insert-visitor'><\/div>","protected":false},"excerpt":{"rendered":"<p>Los ni\u00f1os de hoy en d\u00eda lo tienen todo, por eso son muchas las personas que buscan regalos originales de cumplea\u00f1os para ni\u00f1os, para tratar de reavivar ese factor sorpresa en los peque\u00f1os, a los que cada vez en m\u00e1s complicado impresionar con un detalle. Por norma general, muchos de los objetos que se venden [&hellip;]<\/p>\n","protected":false},"author":6,"featured_media":0,"parent":0,"menu_order":0,"comment_status":"closed","ping_status":"closed","template":"","meta":{"yasr_overall_rating":0,"yasr_post_is_review":"","yasr_auto_insert_disabled":"","yasr_review_type":"BlogPosting"},"yasr_visitor_votes":{"number_of_votes":0,"sum_votes":0,"stars_attributes":{"read_only":false,"span_bottom":false}},"yoast_head":"<!-- This site is optimized with the Yoast SEO plugin v14.5 - https:\/\/yoast.com\/wordpress\/plugins\/seo\/ -->\n<meta name=\"description\" content=\"Los regalos originales de cumplea\u00f1os para ni\u00f1os que m\u00e1s gustan a los peques... \u00a1y tambi\u00e9n a pap\u00e1s y mam\u00e1s! Regala valores, cultura, diversi\u00f3n y exclusividad\" \/>\n<meta name=\"robots\" content=\"index, follow\" \/>\n<meta name=\"googlebot\" content=\"index, follow, max-snippet:-1, max-image-preview:large, max-video-preview:-1\" \/>\n<meta name=\"bingbot\" content=\"index, follow, max-snippet:-1, max-image-preview:large, max-video-preview:-1\" \/>\n<link rel=\"canonical\" href=\"https:\/\/www.mumablue.com\/blog\/regalos-originales-de-cumpleanos-para-ninos\/\" \/>\n<meta property=\"og:locale\" content=\"es_ES\" \/>\n<meta property=\"og:type\" content=\"article\" \/>\n<meta property=\"og:title\" content=\"Regalos originales de cumplea\u00f1os para ni\u00f1os - Blog Mumablue\" \/>\n<meta property=\"og:description\" content=\"Los regalos originales de cumplea\u00f1os para ni\u00f1os que m\u00e1s gustan a los peques... \u00a1y tambi\u00e9n a pap\u00e1s y mam\u00e1s! Regala valores, cultura, diversi\u00f3n y exclusividad\" \/>\n<meta property=\"og:url\" content=\"https:\/\/www.mumablue.com\/blog\/regalos-originales-de-cumpleanos-para-ninos\/\" \/>\n<meta property=\"og:site_name\" content=\"Blog Mumablue\" \/>\n<meta property=\"article:publisher\" content=\"https:\/\/www.facebook.com\/mumablue\/\" \/>\n<meta property=\"article:modified_time\" content=\"2021-09-30T10:05:52+00:00\" \/>\n<meta property=\"og:image\" content=\"https:\/\/www.mumablue.com\/blog\/wp-content\/uploads\/2021\/07\/Regalo-original-cumplea\u00f1os-ni\u00f1os.jpg\" \/>\n<meta name=\"twitter:card\" content=\"summary_large_image\" \/>\n<script type=\"application\/ld+json\" class=\"yoast-schema-graph\">{\"@context\":\"https:\/\/schema.org\",\"@graph\":[{\"@type\":\"Organization\",\"@id\":\"https:\/\/www.mumablue.com\/blog\/#organization\",\"name\":\"Mumablue\",\"url\":\"https:\/\/www.mumablue.com\/blog\/\",\"sameAs\":[\"https:\/\/www.facebook.com\/mumablue\/\",\"https:\/\/www.instagram.com\/mumablue\/?hl=es\"],\"logo\":{\"@type\":\"ImageObject\",\"@id\":\"https:\/\/www.mumablue.com\/blog\/#logo\",\"inLanguage\":\"es\",\"url\":\"https:\/\/www.mumablue.com\/blog\/wp-content\/uploads\/2020\/05\/Blog-Mumablue.png\",\"width\":749,\"height\":269,\"caption\":\"Mumablue\"},\"image\":{\"@id\":\"https:\/\/www.mumablue.com\/blog\/#logo\"}},{\"@type\":\"WebSite\",\"@id\":\"https:\/\/www.mumablue.com\/blog\/#website\",\"url\":\"https:\/\/www.mumablue.com\/blog\/\",\"name\":\"Blog Mumablue\",\"description\":\"Un blog de cuentos y audiocuentos gratis para ni\\u00f1os.\",\"publisher\":{\"@id\":\"https:\/\/www.mumablue.com\/blog\/#organization\"},\"potentialAction\":[{\"@type\":\"SearchAction\",\"target\":\"https:\/\/www.mumablue.com\/blog\/?s={search_term_string}\",\"query-input\":\"required name=search_term_string\"}],\"inLanguage\":\"es\"},{\"@type\":\"ImageObject\",\"@id\":\"https:\/\/www.mumablue.com\/blog\/regalos-originales-de-cumpleanos-para-ninos\/#primaryimage\",\"inLanguage\":\"es\",\"url\":\"https:\/\/www.mumablue.com\/blog\/wp-content\/uploads\/2021\/07\/Regalo-original-cumplea\\u00f1os-ni\\u00f1os.jpg\",\"width\":500,\"height\":499,\"caption\":\"Regalos originales de cumplea\\u00f1os para ni\\u00f1os\"},{\"@type\":\"WebPage\",\"@id\":\"https:\/\/www.mumablue.com\/blog\/regalos-originales-de-cumpleanos-para-ninos\/#webpage\",\"url\":\"https:\/\/www.mumablue.com\/blog\/regalos-originales-de-cumpleanos-para-ninos\/\",\"name\":\"Regalos originales de cumplea\\u00f1os para ni\\u00f1os - Blog Mumablue\",\"isPartOf\":{\"@id\":\"https:\/\/www.mumablue.com\/blog\/#website\"},\"primaryImageOfPage\":{\"@id\":\"https:\/\/www.mumablue.com\/blog\/regalos-originales-de-cumpleanos-para-ninos\/#primaryimage\"},\"datePublished\":\"2021-07-02T11:19:44+00:00\",\"dateModified\":\"2021-09-30T10:05:52+00:00\",\"description\":\"Los regalos originales de cumplea\\u00f1os para ni\\u00f1os que m\\u00e1s gustan a los peques... \\u00a1y tambi\\u00e9n a pap\\u00e1s y mam\\u00e1s! Regala valores, cultura, diversi\\u00f3n y exclusividad\",\"inLanguage\":\"es\",\"potentialAction\":[{\"@type\":\"ReadAction\",\"target\":[\"https:\/\/www.mumablue.com\/blog\/regalos-originales-de-cumpleanos-para-ninos\/\"]}]}]}<\/script>\n<!-- \/ Yoast SEO plugin. -->","_links":{"self":[{"href":"https:\/\/www.mumablue.com\/blog\/wp-json\/wp\/v2\/pages\/4338"}],"collection":[{"href":"https:\/\/www.mumablue.com\/blog\/wp-json\/wp\/v2\/pages"}],"about":[{"href":"https:\/\/www.mumablue.com\/blog\/wp-json\/wp\/v2\/types\/page"}],"author":[{"embeddable":true,"href":"https:\/\/www.mumablue.com\/blog\/wp-json\/wp\/v2\/users\/6"}],"replies":[{"embeddable":true,"href":"https:\/\/www.mumablue.com\/blog\/wp-json\/wp\/v2\/comments?post=4338"}],"version-history":[{"count":4,"href":"https:\/\/www.mumablue.com\/blog\/wp-json\/wp\/v2\/pages\/4338\/revisions"}],"predecessor-version":[{"id":5000,"href":"https:\/\/www.mumablue.com\/blog\/wp-json\/wp\/v2\/pages\/4338\/revisions\/5000"}],"wp:attachment":[{"href":"https:\/\/www.mumablue.com\/blog\/wp-json\/wp\/v2\/media?parent=4338"}],"curies":[{"name":"wp","href":"https:\/\/api.w.org\/{rel}","templated":true}]}}