{"id":4089,"date":"2021-06-15T11:08:53","date_gmt":"2021-06-15T11:08:53","guid":{"rendered":"https:\/\/mumablue.com\/blog\/?page_id=4089"},"modified":"2025-06-02T13:06:29","modified_gmt":"2025-06-02T13:06:29","slug":"cuento-de-brujas-para-ninos-gratis-audiocuento","status":"publish","type":"page","link":"https:\/\/www.mumablue.com\/blog\/cuento-de-brujas-para-ninos-gratis-audiocuento\/","title":{"rendered":"Cuento de brujas para ni\u00f1os gratis + audiocuento"},"content":{"rendered":"<p><a href=\"https:\/\/www.mumablue.com\/blog\/wp-content\/uploads\/2021\/06\/Cuento-bruja-buena.jpg\"><img decoding=\"async\" loading=\"lazy\" class=\"alignnone size-full wp-image-4090\" src=\"https:\/\/www.mumablue.com\/blog\/wp-content\/uploads\/2021\/06\/Cuento-bruja-buena.jpg\" alt=\"Cuento de brujas para ni\u00f1os\" width=\"500\" height=\"500\" srcset=\"https:\/\/www.mumablue.com\/blog\/wp-content\/uploads\/2021\/06\/Cuento-bruja-buena.jpg 500w, https:\/\/www.mumablue.com\/blog\/wp-content\/uploads\/2021\/06\/Cuento-bruja-buena-300x300.jpg 300w, https:\/\/www.mumablue.com\/blog\/wp-content\/uploads\/2021\/06\/Cuento-bruja-buena-150x150.jpg 150w\" sizes=\"(max-width: 500px) 100vw, 500px\" \/><\/a><\/p>\n<p>Este cuento de brujas para ni\u00f1os es para leer y tambi\u00e9n se puede escuchar, porque incluye su versi\u00f3n en audiocuento. <strong>La brujita Fuegoazul es un cuento de brujas buenas<\/strong>. Narra la historia de Freya, una ni\u00f1a que, el d\u00eda de su s\u00e9ptimo cumplea\u00f1os, descubre que tiene un poder especial. \u00a1Pero no le sirve para nada! Deber\u00e1 matricularse en la Escuela Superior de Brujer\u00eda para descubrir su aut\u00e9ntico poder.<\/p>\n<p>La brujita Fuegoazul es un cuento de brujas para ni\u00f1os educativo en el que <strong>subyacen distintos valores, como la importancia del esfuerzo<\/strong> por dejar salir las propias capacidades o c\u00f3mo el hecho de ser diferente a los dem\u00e1s no significa ser inferior. \u00a1Al contrario! Este cuento, adem\u00e1s, es una referencia a la realidad que viven los ni\u00f1os superdotados. Te dejamos la versi\u00f3n en audiocuento.<\/p>\n<h2>Audiocuento de brujas para ni\u00f1os<\/h2>\n<h6><script src=\"https:\/\/www.buzzsprout.com\/937792\/8699619-la-brujita-fuegoazul.js?container_id=buzzsprout-player-8699619&#038;player=small\" type=\"text\/javascript\" charset=\"utf-8\"><\/script>M\u00fasicas Public Domain:\u00a0<span style=\"color: #3366ff;\"><a style=\"color: #3366ff;\" href=\"https:\/\/www.youtube.com\/playlist?list=PLzmgree8Fgt7F_XuBVpX1-kfqglG_Oa5i\" target=\"_blank\" rel=\"noopener noreferrer\">M\u00fasica para Halloween<\/a><\/span>\u00a0(TMSC)<\/h6>\n<p><a href=\"https:\/\/www.mumablue.com\/esp\/nuestros-cuentos-personalizados\/cuento-de-brujas-personalizado?utm_source=blog&amp;utm_medium=banner&amp;utm_campaign=p\u00e1ginas-audiocuentos&amp;utm_content=cuento-brujas\" target=\"_blank\" rel=\"noopener noreferrer\"><img decoding=\"async\" loading=\"lazy\" class=\"alignnone wp-image-6317 size-full\" src=\"https:\/\/www.mumablue.com\/blog\/wp-content\/uploads\/2022\/10\/Cuento-de-halloween-personalizado-2.jpg\" alt=\"cuento de brujas\" width=\"715\" height=\"162\" srcset=\"https:\/\/www.mumablue.com\/blog\/wp-content\/uploads\/2022\/10\/Cuento-de-halloween-personalizado-2.jpg 715w, https:\/\/www.mumablue.com\/blog\/wp-content\/uploads\/2022\/10\/Cuento-de-halloween-personalizado-2-300x68.jpg 300w, https:\/\/www.mumablue.com\/blog\/wp-content\/uploads\/2022\/10\/Cuento-de-halloween-personalizado-2-624x141.jpg 624w\" sizes=\"(max-width: 715px) 100vw, 715px\" \/><\/a><\/p>\n<blockquote>\n<h3><img decoding=\"async\" loading=\"lazy\" class=\"alignnone wp-image-583 ls-is-cached lazyloaded\" src=\"https:\/\/www.mumablue.com\/blog\/wp-content\/uploads\/2020\/03\/favicon.ico\" alt=\"\" width=\"44\" height=\"44\" data-src=\"https:\/\/www.mumablue.com\/blog\/wp-content\/uploads\/2020\/03\/favicon.ico\" \/>\u00a0 <span style=\"color: #800080;\">\u00a1\u00danete al\u00a0<a style=\"color: #800080;\" href=\"https:\/\/www.mumablue.com\/esp\/inicio#mumaClub\" target=\"_blank\" rel=\"noopener\"><span style=\"color: #3366ff;\">MumaClub<\/span><\/a> y consigue 10% descuento en cuentos personalizados!<\/span><\/h3>\n<h3><\/h3>\n<h3><span style=\"font-size: 1.28571rem;\">Cuento de brujas para ni\u00f1os: La brujita Fuegoazul<\/span><\/h3>\n<\/blockquote>\n<p>Freya hab\u00eda descubierto que ten\u00eda poderes al cumplir 7 a\u00f1os. Durante aquel cumplea\u00f1os, m\u00e1s que apagar las velas, las encendi\u00f3. S\u00ed, como lo o\u00eds. Antes de que su mam\u00e1 pudiera acercar la cerilla a la tarta, de los dedos de Freya brotaron unas llamas azules muy extra\u00f1as.<\/p>\n<p>As\u00ed fue como, el d\u00eda de su s\u00e9ptimo cumplea\u00f1os, Freya gan\u00f3 un a\u00f1o\u2026 y perdi\u00f3 un nombre: a partir de ese momento todo el mundo la llamar\u00eda \u201cBrujita Fuegoazul\u201d.<\/p>\n<p>La brujita Fuegozazul proven\u00eda de un importante linaje de brujas. Ya su tatara-tatara-tatara abuela figuraba en el \u00c1rbol Geneal\u00f3gico Brujil de la familia, aunque es probable que su estirpe brujesca viniera todav\u00eda de muuuucho m\u00e1s atr\u00e1s.<\/p>\n<p>La brujita Fuegozazul, sin embargo, ten\u00eda un problema: su \u00fanica magia era ese tonto fuego azul que no serv\u00eda para nada m\u00e1s que para encender la lumbre de la cocina. \u00a1Vaya fiasco!<\/p>\n<p>La brujita conoc\u00eda, por el Gran Libro de Historia Brujesca, que las brujas pod\u00edan volar montadas en su escoba, convertir a la gente en rana o cambiar de forma. Pero ella, nada. \u00a1Es m\u00e1s! Lo suyo ni tan siquiera era piroquinesis (que es el poder de prender fuego a distancia) sino que simplemente ten\u00eda unos dedos que se encend\u00edan como si fueran un mechero. \u00a1Pues menuda birria de magia que no serv\u00eda para nada!<\/p>\n<p>As\u00ed que cuando cumpli\u00f3 18 a\u00f1os, la brujita Fuegoazul no fue a la Universidad, sino que se matricul\u00f3 en la Escuela Superior de Brujer\u00eda, por si el motivo fuera que estaba haciendo algo mal.<\/p>\n<p>Pero su problema no desapareci\u00f3. No s\u00f3lo es que su talento individual no sirviera para nada, sino que no pose\u00eda ninguno de los poderes elementales de las brujas.<\/p>\n<p>En clase de Vuelo, prendi\u00f3 fuego a la escoba con tan solo tocarla. Y todas las brujas estudiantes huyeron despavoridas para no salir ardiendo, porque las brujas tienen MUCHO miedo de morir quemadas en una hoguera.<\/p>\n<p>En clase de Transfiguraci\u00f3n no logr\u00f3 convertir un rat\u00f3n ni en sapo, ni en gusano, ni tan siquiera en musara\u00f1a. S\u00f3lo logr\u00f3 quemarle la colita.<\/p>\n<p>Y en clase de Huracanes y tormentas, \u00fanicamente gener\u00f3 una lluvia de chispas que Madame Tronar tuvo que apagar provocando un copioso aguacero.<\/p>\n<p>\u00a1Pues vaya rollo! Su poder s\u00f3lo le serv\u00eda para encender el fuego del caldero.<\/p>\n<p>&#8211; Vaya por Dios, no s\u00e9 lo que he hecho con las cerillas\u2026 \u00a1\u00c9chame una<br \/>\nmano, Fuegoazul! -le ped\u00eda siempre la profesora de Ciencias p\u00f3cimas<\/p>\n<p>&#8211; \u00a1Ya voy, Madame Poci\u00f3n! -respond\u00eda la brujita Fuegoazul y corr\u00eda, presurosa, a encender el fuego del caldero.<\/p>\n<p>La brujita se sent\u00eda inferior, pensaba que era tonta y que jam\u00e1s lograr\u00eda realizar ni un solo hechizo. Suspend\u00eda todas las asignaturas: Telequinesis, Vuelo sobre escoba, Transfiguraci\u00f3n, Ciencias p\u00f3cimas, Hechizo oral\u2026 \u00a1Hasta Gimnasia sobrehumana, que la aprobaba todo el mundo!<\/p>\n<p>Los profesores estaban muy preocupados por la brujita Fuegoazul. Estaba claro que se esforzaba, estudiaba much\u00edsimo, se sab\u00eda de memoria todos los conjuros y los recitaba sin cesar:<\/p>\n<p><em>Nubes negras de tormenta,<\/em><br \/>\n<em>aguaceros y rel\u00e1mpagos,<\/em><br \/>\n<em>convierte en mares inmensos<\/em><br \/>\n<em>toda el agua de los charcos.<\/em><\/p>\n<p>Pero nada consegu\u00eda, m\u00e1s que hacer brotar su fueguito azul.<\/p>\n<p>Entonces su tutora, Madame Cadabra, acudi\u00f3 al Alto Consejo de Brujer\u00eda Docente. Sus miembros, los brujos y brujas m\u00e1s sabios y poderosos de la Tierra, ordenaron que se presentara ante ellos la brujita Fuegoazul.<\/p>\n<p>Cuando la tuvieron delante, le pidieron que les mostrara su poder. Fuegoazul obedeci\u00f3. Llamitas azuladas surgieron de la punta de sus dedos.<\/p>\n<p>-No es magia&#8230; \u00a1Es un fuego fatuo! -sentenci\u00f3 con sorpresa la Gran Bruja Decana.<\/p>\n<p>Un murmullo se extendi\u00f3 entre los hechiceros integrantes del Consejo.<\/p>\n<p>-Ohhhh, \u00a1Incre\u00edble!<br \/>\n-\u00bfUn fuego fatuo? \u00a1No puede ser!<br \/>\n-Nunca vi un caso igual en 100 a\u00f1os<br \/>\n-\u00a1Asombroso! \u00bfDe qu\u00e9 naturaleza?<\/p>\n<p>&#8211; \u00a1Silencio! -orden\u00f3 la Bruja Decana<\/p>\n<p>La sala qued\u00f3 muda. Tan solo se escuchaba el vuelo de una mosca. Al cabo de un rato, la Gran Bruja se dirigi\u00f3 a Fuegoazul:<\/p>\n<p>&#8211; Ni\u00f1a, no se trata de un talento individual\u2026 ese fuego es el esp\u00edritu de un antepasado muy, muy poderoso, que te dota del poder supremo: tu tatara-tatara-tatara abuela. Gracias a su esp\u00edritu no s\u00f3lo tienes los poderes elementales, sino que posees TODOS los poderes superiores de la magia.<\/p>\n<p>&#8211; Entonces, \u00bfno soy tonta? -pregunt\u00f3 la brujita Fuegoazul con l\u00e1grimas de alivio en sus ojos.<\/p>\n<p>&#8211; \u00a1Claro que no! Al contrario. Lo que ocurre es que la Escuela Superior de Magia se te queda peque\u00f1a. Este poder supremo necesitas entrenarlo en La Academia de Brujas Superdotadas -le explic\u00f3 la sabia hechicera.<\/p>\n<p>Y as\u00ed fue como la brujita Fuegoazul ingres\u00f3 en La Academia de Brujas Superdotadas para dejar salir sus magn\u00edficos poderes. Ya no se sent\u00eda un bicho raro.<\/p>\n<p>En tan solo un a\u00f1o se hab\u00eda convertido en una de las brujas m\u00e1s poderosas del Mundo y cuando se gradu\u00f3 la nombraron Miembro de Honor del Alto Consejo de Brujer\u00eda Docente. Con el tiempo, llegar\u00eda a ser Bruja Decana. Y cuando muri\u00f3, con 160 a\u00f1os, se convirti\u00f3 en un fuego fatuo de color morado a la espera de que naciera su tatara-tatara-tatara nieta&#8230;<\/p>\n<p><a href=\"https:\/\/www.mumablue.com\/esp\/nuestros-cuentos-personalizados\/cuento-de-brujas-personalizado?utm_source=blog&amp;utm_medium=banner&amp;utm_campaign=p\u00e1ginas-audiocuentos&amp;utm_content=cuento-brujas\" target=\"_blank\" rel=\"noopener noreferrer\"><img decoding=\"async\" loading=\"lazy\" class=\"alignnone wp-image-6317 size-full\" src=\"https:\/\/www.mumablue.com\/blog\/wp-content\/uploads\/2022\/10\/Cuento-de-halloween-personalizado-2.jpg\" alt=\"cuento de brujas\" width=\"715\" height=\"162\" srcset=\"https:\/\/www.mumablue.com\/blog\/wp-content\/uploads\/2022\/10\/Cuento-de-halloween-personalizado-2.jpg 715w, https:\/\/www.mumablue.com\/blog\/wp-content\/uploads\/2022\/10\/Cuento-de-halloween-personalizado-2-300x68.jpg 300w, https:\/\/www.mumablue.com\/blog\/wp-content\/uploads\/2022\/10\/Cuento-de-halloween-personalizado-2-624x141.jpg 624w\" sizes=\"(max-width: 715px) 100vw, 715px\" \/><\/a><\/p>\n<p>&nbsp;<\/p>\n<h3><img decoding=\"async\" loading=\"lazy\" class=\"alignnone wp-image-583 ls-is-cached lazyloaded\" src=\"https:\/\/www.mumablue.com\/blog\/wp-content\/uploads\/2020\/03\/favicon.ico\" alt=\"\" width=\"44\" height=\"44\" data-src=\"https:\/\/www.mumablue.com\/blog\/wp-content\/uploads\/2020\/03\/favicon.ico\" \/>\u00a0 <span style=\"color: #800080;\">\u00a1Descubre\u00a0<\/span><span style=\"color: #3366ff;\"><a style=\"color: #3366ff;\" href=\"https:\/\/www.mumablue.com\/blog\/cuentos-de-halloween-para-ninos-gratis-audiocuentos\/\" target=\"_blank\" rel=\"noopener\">m\u00e1s cuentos de brujas y monstruos<\/a><\/span>\u00a0<span style=\"color: #800080;\">gratis!<\/span><\/h3>\n<h2><\/h2>\n<h2>Otros cuentos de brujas y seres fant\u00e1sticos con valores<\/h2>\n<h2><a href=\"https:\/\/www.mumablue.com\/blog\/wp-content\/uploads\/2021\/01\/La-verdadera-historia-de-Hansel-y-Grettel.jpg\"><img decoding=\"async\" loading=\"lazy\" class=\"alignnone size-full wp-image-3477\" src=\"https:\/\/www.mumablue.com\/blog\/wp-content\/uploads\/2021\/01\/La-verdadera-historia-de-Hansel-y-Grettel.jpg\" alt=\"cuento divertido para leer\" width=\"500\" height=\"500\" srcset=\"https:\/\/www.mumablue.com\/blog\/wp-content\/uploads\/2021\/01\/La-verdadera-historia-de-Hansel-y-Grettel.jpg 500w, https:\/\/www.mumablue.com\/blog\/wp-content\/uploads\/2021\/01\/La-verdadera-historia-de-Hansel-y-Grettel-300x300.jpg 300w, https:\/\/www.mumablue.com\/blog\/wp-content\/uploads\/2021\/01\/La-verdadera-historia-de-Hansel-y-Grettel-150x150.jpg 150w\" sizes=\"(max-width: 500px) 100vw, 500px\" \/><\/a><\/h2>\n<p>Si os ha gustado este cuento de brujas para ni\u00f1os, seguro que os encanta \u00ab<span style=\"color: #3366ff;\"><a style=\"color: #3366ff;\" href=\"https:\/\/www.mumablue.com\/blog\/cuento-divertido-para-leer\/\">La verdadera historia de Hansel y Gretel<\/a><\/span>\u00ab, un cuento de brujas buenas, muy divertido, en el que la bruja del cuento cl\u00e1sico ofrece su propia versi\u00f3n de la historia, explica que los ni\u00f1os se portaron muy mal con ella y nos deja <strong>una ense\u00f1anza: para conocer la verdad es necesario escuchar a todas las partes<\/strong> implicadas.<\/p>\n<p>Adem\u00e1s, puedes descubrir muchos otros cuentos con valores, sean emotivos o divertidos, en nuestra p\u00e1gina de <span style=\"color: #3366ff;\"><a style=\"color: #3366ff;\" href=\"https:\/\/www.mumablue.com\/blog\/cuentos-infantiles-para-leer-cortos-gratis\/\">cuentos cortos para leer a los ni\u00f1os<\/a><\/span>. <strong>\u00a1Cada uno de ellos va acompa\u00f1ado de su audiocuento! Contenidos gratuitos y educativos<\/strong> con los que Mumablue quiere acercar a los m\u00e1s peque\u00f1os la cultura, la imaginaci\u00f3n y los valores m\u00e1s importantes de la vida. Aventuras, fantas\u00eda, humor, versiones de cuentos cl\u00e1sicos, de \u00abmiedo\u00bb, radioteatro&#8230; \u00a1Hay m\u00e1s de 30 para elegir!<\/p>\n<p>Y si tu peque prefiere la poes\u00eda&#8230; \u00a1tambi\u00e9n hay una sorpresa para \u00e9l! En nuestra p\u00e1gina de <span style=\"color: #3366ff;\"><a style=\"color: #3366ff;\" href=\"https:\/\/www.mumablue.com\/blog\/poesias-para-ninos-cortas\/\">poes\u00edas cortas para ni\u00f1os<\/a><\/span> encontrar\u00e1s <strong>poemas divertidos, adivinanzas, lecturas de poemas cl\u00e1sicos, nanas&#8230;<\/strong> \u00a1hasta un estrafalario villancico con el que no podr\u00e1 parar de re\u00edr!<\/p>\n<p>Si te ha gustado este cuento de brujas para ni\u00f1os, comp\u00e1rtelo con otros pap\u00e1s, mam\u00e1s o ni\u00f1os. \u00a1Y s\u00famate a la ola educativa de Mumablue!<\/p>\n<div style='text-align:left' class='yasr-auto-insert-visitor'><\/div>","protected":false},"excerpt":{"rendered":"<p>Este cuento de brujas para ni\u00f1os es para leer y tambi\u00e9n se puede escuchar, porque incluye su versi\u00f3n en audiocuento. La brujita Fuegoazul es un cuento de brujas buenas. Narra la historia de Freya, una ni\u00f1a que, el d\u00eda de su s\u00e9ptimo cumplea\u00f1os, descubre que tiene un poder especial. \u00a1Pero no le sirve para nada! [&hellip;]<\/p>\n","protected":false},"author":6,"featured_media":0,"parent":0,"menu_order":0,"comment_status":"closed","ping_status":"closed","template":"","meta":{"yasr_overall_rating":0,"yasr_post_is_review":"","yasr_auto_insert_disabled":"","yasr_review_type":""},"yasr_visitor_votes":{"number_of_votes":196,"sum_votes":856,"stars_attributes":{"read_only":false,"span_bottom":false}},"yoast_head":"<!-- This site is optimized with the Yoast SEO plugin v14.5 - https:\/\/yoast.com\/wordpress\/plugins\/seo\/ -->\n<meta name=\"description\" content=\"Un cuento de brujas para ni\u00f1os que ense\u00f1a el valor del esfuerzo y explica c\u00f3mo ser diferente no quiere decir ser peor que los dem\u00e1s, sino ser especial.\" \/>\n<meta name=\"robots\" content=\"index, follow\" \/>\n<meta name=\"googlebot\" content=\"index, follow, max-snippet:-1, max-image-preview:large, max-video-preview:-1\" \/>\n<meta name=\"bingbot\" content=\"index, follow, max-snippet:-1, max-image-preview:large, max-video-preview:-1\" \/>\n<link rel=\"canonical\" href=\"https:\/\/www.mumablue.com\/blog\/cuento-de-brujas-para-ninos-gratis-audiocuento\/\" \/>\n<meta property=\"og:locale\" content=\"es_ES\" \/>\n<meta property=\"og:type\" content=\"article\" \/>\n<meta property=\"og:title\" content=\"Cuento de brujas para ni\u00f1os gratis + audiocuento - Blog Mumablue\" \/>\n<meta property=\"og:description\" content=\"Un cuento de brujas para ni\u00f1os que ense\u00f1a el valor del esfuerzo y explica c\u00f3mo ser diferente no quiere decir ser peor que los dem\u00e1s, sino ser especial.\" \/>\n<meta property=\"og:url\" content=\"https:\/\/www.mumablue.com\/blog\/cuento-de-brujas-para-ninos-gratis-audiocuento\/\" \/>\n<meta property=\"og:site_name\" content=\"Blog Mumablue\" \/>\n<meta property=\"article:publisher\" content=\"https:\/\/www.facebook.com\/mumablue\/\" \/>\n<meta property=\"article:modified_time\" content=\"2025-06-02T13:06:29+00:00\" \/>\n<meta property=\"og:image\" content=\"https:\/\/www.mumablue.com\/blog\/wp-content\/uploads\/2021\/06\/Cuento-bruja-buena.jpg\" \/>\n<meta name=\"twitter:card\" content=\"summary_large_image\" \/>\n<script type=\"application\/ld+json\" class=\"yoast-schema-graph\">{\"@context\":\"https:\/\/schema.org\",\"@graph\":[{\"@type\":\"Organization\",\"@id\":\"https:\/\/www.mumablue.com\/blog\/#organization\",\"name\":\"Mumablue\",\"url\":\"https:\/\/www.mumablue.com\/blog\/\",\"sameAs\":[\"https:\/\/www.facebook.com\/mumablue\/\",\"https:\/\/www.instagram.com\/mumablue\/?hl=es\"],\"logo\":{\"@type\":\"ImageObject\",\"@id\":\"https:\/\/www.mumablue.com\/blog\/#logo\",\"inLanguage\":\"es\",\"url\":\"https:\/\/www.mumablue.com\/blog\/wp-content\/uploads\/2020\/05\/Blog-Mumablue.png\",\"width\":749,\"height\":269,\"caption\":\"Mumablue\"},\"image\":{\"@id\":\"https:\/\/www.mumablue.com\/blog\/#logo\"}},{\"@type\":\"WebSite\",\"@id\":\"https:\/\/www.mumablue.com\/blog\/#website\",\"url\":\"https:\/\/www.mumablue.com\/blog\/\",\"name\":\"Blog Mumablue\",\"description\":\"Un blog de cuentos y audiocuentos gratis para ni\\u00f1os.\",\"publisher\":{\"@id\":\"https:\/\/www.mumablue.com\/blog\/#organization\"},\"potentialAction\":[{\"@type\":\"SearchAction\",\"target\":\"https:\/\/www.mumablue.com\/blog\/?s={search_term_string}\",\"query-input\":\"required name=search_term_string\"}],\"inLanguage\":\"es\"},{\"@type\":\"ImageObject\",\"@id\":\"https:\/\/www.mumablue.com\/blog\/cuento-de-brujas-para-ninos-gratis-audiocuento\/#primaryimage\",\"inLanguage\":\"es\",\"url\":\"https:\/\/www.mumablue.com\/blog\/wp-content\/uploads\/2021\/06\/Cuento-bruja-buena.jpg\",\"width\":500,\"height\":500,\"caption\":\"Cuento de brujas para ni\\u00f1os\"},{\"@type\":\"WebPage\",\"@id\":\"https:\/\/www.mumablue.com\/blog\/cuento-de-brujas-para-ninos-gratis-audiocuento\/#webpage\",\"url\":\"https:\/\/www.mumablue.com\/blog\/cuento-de-brujas-para-ninos-gratis-audiocuento\/\",\"name\":\"Cuento de brujas para ni\\u00f1os gratis + audiocuento - Blog Mumablue\",\"isPartOf\":{\"@id\":\"https:\/\/www.mumablue.com\/blog\/#website\"},\"primaryImageOfPage\":{\"@id\":\"https:\/\/www.mumablue.com\/blog\/cuento-de-brujas-para-ninos-gratis-audiocuento\/#primaryimage\"},\"datePublished\":\"2021-06-15T11:08:53+00:00\",\"dateModified\":\"2025-06-02T13:06:29+00:00\",\"description\":\"Un cuento de brujas para ni\\u00f1os que ense\\u00f1a el valor del esfuerzo y explica c\\u00f3mo ser diferente no quiere decir ser peor que los dem\\u00e1s, sino ser especial.\",\"inLanguage\":\"es\",\"potentialAction\":[{\"@type\":\"ReadAction\",\"target\":[\"https:\/\/www.mumablue.com\/blog\/cuento-de-brujas-para-ninos-gratis-audiocuento\/\"]}]}]}<\/script>\n<!-- \/ Yoast SEO plugin. -->","_links":{"self":[{"href":"https:\/\/www.mumablue.com\/blog\/wp-json\/wp\/v2\/pages\/4089"}],"collection":[{"href":"https:\/\/www.mumablue.com\/blog\/wp-json\/wp\/v2\/pages"}],"about":[{"href":"https:\/\/www.mumablue.com\/blog\/wp-json\/wp\/v2\/types\/page"}],"author":[{"embeddable":true,"href":"https:\/\/www.mumablue.com\/blog\/wp-json\/wp\/v2\/users\/6"}],"replies":[{"embeddable":true,"href":"https:\/\/www.mumablue.com\/blog\/wp-json\/wp\/v2\/comments?post=4089"}],"version-history":[{"count":17,"href":"https:\/\/www.mumablue.com\/blog\/wp-json\/wp\/v2\/pages\/4089\/revisions"}],"predecessor-version":[{"id":6316,"href":"https:\/\/www.mumablue.com\/blog\/wp-json\/wp\/v2\/pages\/4089\/revisions\/6316"}],"wp:attachment":[{"href":"https:\/\/www.mumablue.com\/blog\/wp-json\/wp\/v2\/media?parent=4089"}],"curies":[{"name":"wp","href":"https:\/\/api.w.org\/{rel}","templated":true}]}}