{"id":4019,"date":"2021-06-08T09:38:16","date_gmt":"2021-06-08T09:38:16","guid":{"rendered":"https:\/\/mumablue.com\/blog\/?page_id=4019"},"modified":"2025-06-02T13:07:39","modified_gmt":"2025-06-02T13:07:39","slug":"biografia-de-marie-curie-para-ninos-audiocuento","status":"publish","type":"page","link":"https:\/\/www.mumablue.com\/blog\/biografia-de-marie-curie-para-ninos-audiocuento\/","title":{"rendered":"Biograf\u00eda de Marie Curie para ni\u00f1os \u00a1Audiocuento gratis!"},"content":{"rendered":"<div><a href=\"https:\/\/www.mumablue.com\/blog\/wp-content\/uploads\/2021\/06\/Marie-Curie-historia-ni\u00f1os.jpg\"><img decoding=\"async\" loading=\"lazy\" class=\"alignnone size-full wp-image-4023\" src=\"https:\/\/www.mumablue.com\/blog\/wp-content\/uploads\/2021\/06\/Marie-Curie-historia-ni\u00f1os.jpg\" alt=\"Biograf\u00eda de Marie Curie para ni\u00f1os\" width=\"500\" height=\"500\" srcset=\"https:\/\/www.mumablue.com\/blog\/wp-content\/uploads\/2021\/06\/Marie-Curie-historia-ni\u00f1os.jpg 500w, https:\/\/www.mumablue.com\/blog\/wp-content\/uploads\/2021\/06\/Marie-Curie-historia-ni\u00f1os-300x300.jpg 300w, https:\/\/www.mumablue.com\/blog\/wp-content\/uploads\/2021\/06\/Marie-Curie-historia-ni\u00f1os-150x150.jpg 150w\" sizes=\"(max-width: 500px) 100vw, 500px\" \/><\/a><\/div>\n<p>Son muchos los padres y profesores que buscan una biograf\u00eda de Marie Curie para ni\u00f1os que les ayude a aprender mientras se divierten. Por eso os traemos una propuesta muy especial, <strong>un relato adecuado al lenguaje y entendimiento de los peques, en formato audiocuento<\/strong>, pero sin dejar de ser fiel a la realidad hist\u00f3rica de una de las cient\u00edficas m\u00e1s importantes de todos los tiempos. Si necesit\u00e1is esta biograf\u00eda de Marie Curie para ni\u00f1os<strong> en texto, pod\u00e9is encontrarla a mitad de este art\u00edculo<\/strong> en forma de cuento para leer y aprender.<\/p>\n<div><\/div>\n<p><script src=\"https:\/\/www.buzzsprout.com\/937792\/8658924-marie-curie-la-extraordinaria-cientifica.js?container_id=buzzsprout-player-8658924&#038;player=small\" type=\"text\/javascript\" charset=\"utf-8\"><\/script><\/p>\n<p>En la presente biograf\u00eda de Marie Curie para ni\u00f1os se relatan los hechos hist\u00f3ricos desde el nacimiento de la cient\u00edfica hasta su muerte, y donde se contemplan sus hitos en los campos de la f\u00edsica y la qu\u00edmica, as\u00ed como su aportaci\u00f3n al conocimiento y estudio de la radioactividad.<strong> El relato est\u00e1 salpicado de <em>sketches<\/em> explicativos de cada uno de los pasajes<\/strong>, en ocasiones divertidos, a fin de aligerar el peso del rigor hist\u00f3rico y ayudar a que los ni\u00f1os fijen en su memoria cada uno de los hitos con mayor facilidad.<\/p>\n<p>Esta biograf\u00eda de Marie Curie para ni\u00f1os es el cap\u00edtulo 12 la 3\u00aa Temporada del podcast <span style=\"color: #3366ff;\"><a style=\"color: #3366ff;\" href=\"https:\/\/www.mumablue.com\/blog\/pequehistorias\/\">Pequehistorias<\/a><\/span>, un compendio de <strong>audiocuentos educativos y con valores creado por la marca de cuentos personalizados\u00a0<span style=\"color: #3366ff;\"><a style=\"color: #3366ff;\" href=\"https:\/\/www.mumablue.com\/https:\/\/www.mumablue.com\/?utm_source=blog&amp;utm_medium=link&amp;utm_campaign=p\u00e1ginas-audiocuentos&amp;utm_content=biografia-marie-curie\">Mumablue<\/a><\/span><\/strong><span style=\"color: #3366ff;\">.<\/span> Ya en su 2\u00aa temporada, Pequehistorias fue se\u00f1alado como <span style=\"color: #3366ff;\"><a style=\"color: #3366ff;\" href=\"https:\/\/www.podcastyradio.es\/podcasts-infantiles\/\" target=\"_blank\" rel=\"noopener noreferrer\">uno de los mejores podcast infantiles en espa\u00f1ol<\/a><\/span>, a tenor de los datos de escuchas obtenidos en las diferentes plataformas. En total, los audiocuentos de Pequehistorias acumulan m\u00e1s de 500.000 escuchas en poco m\u00e1s de un a\u00f1o desde su lanzamiento.<\/p>\n<h2>Biograf\u00eda de Marie Curie para ni\u00f1os, aundiocuento con un elenco de categor\u00eda<\/h2>\n<p>\u00abMarie Curie, la extraordinaria cient\u00edfica\u00bb bebe de la magia del radioteatro cl\u00e1sico, aquella radio que ofrec\u00eda contenidos dram\u00e1ticos y reun\u00eda a familia y vecinos en torno a una radio en la Espa\u00f1a de posguerra y <strong>que tuvo su m\u00e1ximo exponente en Radio Nacional de Espa\u00f1a<\/strong>, emisora que fuera escuela para Elena Lostal\u00e9, creadora, guionista y voz principal de Pequehistorias.<\/p>\n<p>Para la grabaci\u00f3n de este cap\u00edtulo hemos contado con la colaboraci\u00f3n del que fuera<strong> director de Radio 3, Federico Volpini, heredero del radioteatro de los or\u00edgenes e impulsor del g\u00e9nero<\/strong> hasta nuestros d\u00edas a trav\u00e9s de iniciativas como <span style=\"color: #3366ff;\"><a style=\"color: #3366ff;\" href=\"https:\/\/audiodrama.es\/\" target=\"_blank\" rel=\"noopener noreferrer\">Audiodrama Colectivo<\/a><\/span>, asociaci\u00f3n encargada de mantener vivo el radioteatro surgida en Radio Nacional de Espa\u00f1a en 2006. Tambi\u00e9n ha colaborado en esta biograf\u00eda de Marie Curie para ni\u00f1os <strong>Isabel Ruiz Lara, actriz radiof\u00f3nica y presentadora del programa de Radio 3 \u00ab<span style=\"color: #3366ff;\"><a style=\"color: #3366ff;\" href=\"https:\/\/www.rtve.es\/alacarta\/audios\/tres-en-la-carretera\/\" target=\"_blank\" rel=\"noopener noreferrer\">Tres en la carretera<\/a><\/span>\u00ab<\/strong>. Ha prestado su voz, adem\u00e1s, <strong>el actor y director <span style=\"color: #3366ff;\"><a style=\"color: #3366ff;\" href=\"http:\/\/sarac.es\/representado\/xabier-olza\/\" target=\"_blank\" rel=\"noopener noreferrer\">Xabier Olza<\/a><\/span><\/strong>. En este audiocuento han participado algunas voces amateur, algunas infantiles, a las que no queremos restar ni una pizca de m\u00e9rito.<\/p>\n<p><strong>IDEA ORIGINAL:<\/strong>\u00a0Cristina Rodr\u00edguez Blanco<br \/>\n<strong>GUI\u00d3N:<\/strong>\u00a0Elena Lostal\u00e9<br \/>\n<strong>REALIZACI\u00d3N, EDICI\u00d3N y MONTAJE:<\/strong>\u00a0Elena Lostal\u00e9<br \/>\n<strong>M\u00daSICAS:<\/strong> Creative Commons y Public Domain:\u00a0<span style=\"color: #3366ff;\"><a style=\"color: #3366ff;\" href=\"https:\/\/lamusicagratis.com\/?s=CHOPIN\" target=\"_blank\" rel=\"noopener noreferrer\">M\u00fasicas Chopin<\/a>\u00a0<\/span>(lamusicagratis.com);\u00a0<span style=\"color: #3366ff;\"><a style=\"color: #3366ff;\" href=\"https:\/\/freesound.org\/people\/dobroide\/sounds\/6991\/\" target=\"_blank\" rel=\"noopener noreferrer\">Ambiente iglesia<\/a><\/span>\u00a0(dobroide);\u00a0<span style=\"color: #3366ff;\"><a style=\"color: #3366ff;\" href=\"https:\/\/www.youtube.com\/watch?v=VZkJWMNotME&amp;list=PLzmgree8Fgt4lAdyS64zIFg9eA81qDK9L&amp;index=19\" target=\"_blank\" rel=\"noopener noreferrer\">M\u00fasica francesa cinematogr\u00e1fica<\/a><\/span>\u00a0(TMSC);\u00a0<span style=\"color: #3366ff;\"><a style=\"color: #3366ff;\" href=\"https:\/\/freepd.com\/upbeat.php\" target=\"_blank\" rel=\"noopener noreferrer\">Inventing Flight<\/a><\/span>\u00a0(Brian Tech) y\u00a0<span style=\"color: #3366ff;\"><a style=\"color: #3366ff;\" href=\"https:\/\/freepd.com\/world.php\" target=\"_blank\" rel=\"noopener noreferrer\">Le Baguette<\/a><\/span>\u00a0(Alexander Nakarada).<\/p>\n<p>VOCES:<br \/>\n<strong>Elena Lostal\u00e9<\/strong> NARRACI\u00d3N, MARIE CURIE, NI\u00d1A ACOGIDA, BEDEL, BEATA<br \/>\n<strong>Alejandra Rojas Lostal\u00e9<\/strong> MARIE NI\u00d1A<br \/>\n<strong>Jor L<\/strong> PIERRE CURIE y SOLDADO<br \/>\n<strong>Federico Volpini<\/strong> ANTOINE<br \/>\n<strong>Isabel Ruiz Lara<\/strong> LOUISE<br \/>\n<strong>Valentina Olza<\/strong> BRONISLAWA<br \/>\n<strong>Nira Olza<\/strong> HELENA<br \/>\n<strong>Xabier Olza<\/strong>\u00a0HOMBRE IGLESIA<br \/>\n<strong>Cristina Rodr\u00edguez Blanco<\/strong> MUJER IGLESIA 1<br \/>\n<strong>Amparo Mantecas<\/strong> MADRE, MUJER IGLESIA 2<\/p>\n<h2>Biograf\u00eda de Marie Curie para ni\u00f1os. Un cuento para aprender<\/h2>\n<p>Hace m\u00e1s de 150 a\u00f1os, en la ciudad polaca de Varsovia, naci\u00f3 una ni\u00f1a muy especial: Mar\u00eda Salomea Sklodowska. Mar\u00eda Salomea era la quinta de cinco hermanos, pero a pesar de ser la peque\u00f1a, era la m\u00e1s inteligente de todos.<\/p>\n<p>El padre de Mar\u00eda era profesor de f\u00edsica y matem\u00e1ticas, y su madre era maestra, as\u00ed que la ni\u00f1a pronto descubri\u00f3 su amor por las ciencias naturales y la f\u00edsica. \u00a1Le parec\u00edan alucinantes!<\/p>\n<p>As\u00ed es. La peque\u00f1a Mar\u00eda prefer\u00eda leer y estudiar por encima de todo. Los libros de ciencias eran su aut\u00e9ntica pasi\u00f3n. Y tambi\u00e9n su refugio.<\/p>\n<p>Mar\u00eda no tuvo una infancia feliz. En aquella \u00e9poca, Polonia estaba bajo el dominio del Imperio ruso y los polacos no pod\u00edan practicar sus costumbres ni ser ellos mismos: todo lo que hac\u00edan ten\u00eda que ser como los rusos quer\u00edan que fuesen. \u00a1Incluso se prohibi\u00f3 el idioma polaco en los colegios!<\/p>\n<p>Pero W\u0142adys\u0142aw el pap\u00e1 de Mar\u00eda no estaba de acuerdo con renunciar a su identidad, su idioma y su pa\u00eds. Cuando los rusos se enteraron, se enfadaron much\u00edsimo. Como castigo, solo le ofrec\u00edan trabajos mal pagados, por lo que el dinero empez\u00f3 a faltar en casa de Mar\u00eda. Un buen d\u00eda, su mam\u00e1 tuvo una idea: acoger\u00edan a ni\u00f1os en su casa para poder ganar un dinero extra. \u00a1Pero claro, eso acab\u00f3 siendo un poco locura!<\/p>\n<p>La pobreza no fue el \u00fanico motivo de tristeza: antes de que Mar\u00eda cumpliera 9 a\u00f1os, su hermana Sof\u00eda muri\u00f3 de tifus, una enfermedad que transmit\u00edan los piojos y las pulgas, para la que todav\u00eda no hab\u00eda vacuna. Y la desgracia fue a m\u00e1s: cuando Mar\u00eda ten\u00eda 10 a\u00f1os, su madre muri\u00f3 de tuberculosis, una enfermedad de los pulmones, muy contagiosa, para la que tampoco exist\u00eda una vacuna en aquellos tiempos.<\/p>\n<p>Pero la peque\u00f1a Mar\u00eda no cre\u00eda en Dios, sino en la ciencia. As\u00ed que no encontraba consuelo en estas palabras. S\u00f3lo hallaba refugio en los libros de ciencias. Por eso no paraba de leer y estudiar.<\/p>\n<p>En la Polonia bajo dominaci\u00f3n rusa estaba prohibido que las mujeres estudiaran en la universidad. \u00a1Y resulta que el mayor deseo de Mar\u00eda era estudiar F\u00edsica en la universidad! As\u00ed que ella y su hermana Bronislawa se matricularon en la conocida como \u201cUniversidad Flotante\u201d, una escuela secreta llamada as\u00ed porque cambiaba constantemente de lugar para que los rusos no la descubrieran.<\/p>\n<p>Pasado un tiempo, Bronislawa se fue a estudiar a La Sorbona, una de las universidades m\u00e1s importantes de Europa, que estaba en Par\u00eds. Mar\u00eda deseaba hacer lo mismo que su hermana. Trabaj\u00f3 muy duro para poder ahorrar y matricularse en La Sorbona. \u00a1Y al fin lo consigui\u00f3! Sin embargo, el dinero solo le alcanzaba para pagar el alquiler de una peque\u00f1a buhardilla sin calefacci\u00f3n, as\u00ed que Mar\u00eda pasaba d\u00edas enteros sin poder siquiera comer. Lo \u00fanico que devoraba era un libro tras otro.<\/p>\n<p>A pesar de ello y de que no sab\u00eda hablar franc\u00e9s, pocos a\u00f1os despu\u00e9s Mar\u00eda se licenci\u00f3 en F\u00edsica. Y no s\u00f3lo eso: \u00a1Fue la n\u00famero uno de la clase! Pero la sociedad parisina de la \u00e9poca no estaba acostumbrada a reconocer los m\u00e9ritos de las mujeres y no se lo pusieron f\u00e1cil. Mar\u00eda no estaba dispuesta a rendirse y continuaba esforz\u00e1ndose con una idea en la cabeza: \u201cEs m\u00e1s dif\u00edcil cambiar lo que est\u00e1 fuera que lo que est\u00e1 dentro\u201d.<\/p>\n<p>Un a\u00f1o despu\u00e9s conoci\u00f3 a un hombre muy especial: Pierre Curie. Un cient\u00edfico que, al igual que ella, era un apasionado de la f\u00edsica. As\u00ed que muy pronto se hicieron buenos amigos y luego se enamoraron. Pronto se casaron y Maria Salomea Sklodowska cambi\u00f3 su nombre por Marie Curie.<\/p>\n<p>Pierre y Marie eran tal para cual, sab\u00edan reconocer las cosas importantes de la vida. Por eso, en lugar de gastar dinero en un banquete de boda o en unos anillos, compraron una bicicleta y se fueron de luna de miel a recorrer Francia subidos en ella.<\/p>\n<p>A pesar de que ya era licenciada en F\u00edsica, Marie Curie quiso seguir estudiando y comenz\u00f3 un doctorado. En esa misma \u00e9poca, el f\u00edsico alem\u00e1n Wilhelm Ro\u00ebntgen hab\u00eda descubierto los rayos X, que serv\u00edan para ver a trav\u00e9s de los objetos; y el cient\u00edfico franc\u00e9s Antoine Henri Becquerel\u200b, hab\u00eda descubierto la radioactividad. Fue por casualidad. Antoine hab\u00eda guardado en un caj\u00f3n unas placas fotogr\u00e1ficas junto a un trozo de uranio. Cuando volvi\u00f3 a abrir el caj\u00f3n, las fotograf\u00edas se hab\u00edan vuelto negras, lo que le hizo darse cuenta de que el uranio emit\u00eda una potente radiaci\u00f3n.<\/p>\n<p>Estos descubrimientos maravillaron a Marie Curie, quien decidi\u00f3 comenzar sus investigaciones sobre sustancias radioactivas. La investigaci\u00f3n de Marie iba tan bien, que su marido decidi\u00f3 aplazar sus estudios sobre magnetismo para ayudarla. \u00a1Y fue una gran decisi\u00f3n! En poco tiempo, Marie y Pierre descubrieron dos nuevos elementos qu\u00edmicos mucho m\u00e1s radioactivos que el uranio. Y, adem\u00e1s, tuvieron a su primera hija.<\/p>\n<p>Marie y Pierre Curie pasaron cuatro largos a\u00f1os intentando demostrar a los cient\u00edficos el valor de su hallazgo. Por fin, en el a\u00f1o 1903, reci\u00e9n iniciado el siglo XX, Marie se convirti\u00f3 en la primera mujer de la historia en recibir el premio m\u00e1s importante del mundo: el Premio Nobel de F\u00edsica. Eso s\u00ed, fue un reconocimiento compartido con su marido, Pierre, y con Antoine Becquerel.<\/p>\n<p>A pesar de que Marie hab\u00eda contribuido mucho m\u00e1s que Pierre y Antoine a las investigaciones sobre la radioactividad, no tuvo el mismo reconocimiento, pues la sociedad de la \u00e9poca a\u00fan dejaba de lado a las mujeres. Un a\u00f1o despu\u00e9s de recibir el premio naci\u00f3 su segunda hija. As\u00ed que mientras que a Pierre Curie le nombraron Catedr\u00e1tico de la Universidad de Par\u00eds, Marie cuidaba de sus hijas y continuaba investigando por su cuenta.<\/p>\n<p>Por fin, la vida parec\u00eda sonre\u00edr a Marie Curie, hasta que un d\u00eda la desgracia volvi\u00f3 a visitarla: un carro de caballos atropell\u00f3 a Pierre y \u00e9ste muri\u00f3. De modo que Marie tuvo que continuar con sus investigaciones sobre el radio ella sola.<\/p>\n<p>Gracias a su empe\u00f1o los siguientes a\u00f1os, Marie Curie realiz\u00f3 otro importante descubrimiento: la radioterapia como tratamiento del c\u00e1ncer. Y fue gracias a eso que, en 1911, gan\u00f3 otro premio Nobel; esta vez, de Qu\u00edmica. Se convirti\u00f3 entonces en la primera mujer (y \u00fanica hasta nuestros d\u00edas) en ganar dos premios Nobel.<\/p>\n<p>Tres a\u00f1os despu\u00e9s, estall\u00f3 la I Guerra Mundial. Marie Curie pens\u00f3 en c\u00f3mo podr\u00eda poner sus investigaciones al servicio de los soldados heridos en combate. Entonces tuvo una idea: \u00a1comprar\u00eda viejos veh\u00edculos y m\u00e1quinas de rayos X port\u00e1tiles y crear\u00eda ambulancias radiol\u00f3gicas para ayudar a los heridos! Su idea funcion\u00f3 y salv\u00f3 la vida de muchos soldados al facilitar que los m\u00e9dicos pudieran ver sus cuerpos por dentro, encontrar las balas y poder curarles.<\/p>\n<p>Gracias a su iniciativa, Marie Curie se convirti\u00f3 en directora del Servicio de Radiolog\u00eda de Cruz Roja francesa durante la guerra. Cuando la paz regres\u00f3 a Europa, Marie continu\u00f3 estudiando, form\u00f3 parte de varias academias cient\u00edficas y recibi\u00f3 muchos reconocimientos.<\/p>\n<p>Marie Curie muri\u00f3 con 67 a\u00f1os de leucemia, un tipo de c\u00e1ncer que, seguramente, desarroll\u00f3 por estar tanto tiempo expuesta a la peligrosa radiaci\u00f3n de los elementos que estudiaba.<\/p>\n<p>Pero Marie Curie no muri\u00f3 del todo: de ella nos quedan sus asombrosos descubrimientos y unos cuantos cuadernos de laboratorio con anotaciones cient\u00edficas de su pu\u00f1o y letra. Cuadernos que, todav\u00eda hoy, siguen siendo muy radiactivos. \u00a1Tendr\u00e1n que pasar 1.600 a\u00f1os para que desaparezca gran parte de la radiaci\u00f3n que a\u00fan impregna sus p\u00e1ginas!<\/p>\n<h2><a href=\"https:\/\/www.mumablue.com\/blog\/wp-content\/uploads\/2021\/03\/Cuento-infantil-Cleopatra.jpg\"><img decoding=\"async\" loading=\"lazy\" class=\"alignnone size-full wp-image-3714\" src=\"https:\/\/www.mumablue.com\/blog\/wp-content\/uploads\/2021\/03\/Cuento-infantil-Cleopatra.jpg\" alt=\"\" width=\"500\" height=\"500\" srcset=\"https:\/\/www.mumablue.com\/blog\/wp-content\/uploads\/2021\/03\/Cuento-infantil-Cleopatra.jpg 500w, https:\/\/www.mumablue.com\/blog\/wp-content\/uploads\/2021\/03\/Cuento-infantil-Cleopatra-300x300.jpg 300w, https:\/\/www.mumablue.com\/blog\/wp-content\/uploads\/2021\/03\/Cuento-infantil-Cleopatra-150x150.jpg 150w\" sizes=\"(max-width: 500px) 100vw, 500px\" \/><\/a><\/h2>\n<h2>Audiocuentos sobre personajes hist\u00f3ricos y mitol\u00f3gicos<\/h2>\n<p>Esta biograf\u00eda de Marie Curie para ni\u00f1os <strong>forma parte de una colecci\u00f3n de audiocuentos que, bajo la categor\u00eda de hist\u00f3ricos<\/strong>, confieren a Pequehistorias su car\u00e1cter m\u00e1s did\u00e1ctico. Las <span style=\"color: #3366ff;\"><a style=\"color: #3366ff;\" href=\"https:\/\/www.mumablue.com\/blog\/cuentos-de-historia-para-ninos\/\">Pequehistorias hist\u00f3ricas<\/a><\/span> conforman una secci\u00f3n dedicada a repasar la figura de importantes personajes de todos los tiempos, a trav\u00e9s de un lenguaje sencillo y una narrativa cercana, <strong>aligerada con m\u00fasicas y efectos y salpicada de teatralizaciones<\/strong> que dotan de frescura y humor aquellos cap\u00edtulos m\u00e1s \u00e1speros del episodio hist\u00f3rico.<\/p>\n<p>Adem\u00e1s, <strong>esta secci\u00f3n de hist\u00f3rica incluye audiocuentos de personajes mitol\u00f3gicos<\/strong>, tales como Narciso o Medusa, relatos adaptados al p\u00fablico infantil no solo en lo que respecta al lenguaje utilizado, sino en el tono y el punto de vista desde el que se abordan. Para ello, se han <strong>suavizado o suprimido aquellas partes de los mitos ligadas a episodios violentos o sexuales<\/strong>, de manera que los ni\u00f1os puedan aproximarse a la figura de dioses y h\u00e9roes de gran calado en nuestra cultura sin atender a pormenores poco adecuados para su edad.<\/p>\n<p>La literatura tambi\u00e9n tiene gran cabida en el podcast de Pequehistorias, gracias a una secci\u00f3n dedicada a la <span style=\"color: #3366ff;\"><a style=\"color: #3366ff;\" href=\"https:\/\/www.mumablue.com\/blog\/audiocuentos-literatura-universal\/\">Literatura Universal<\/a><\/span> en la que <strong>los peques pueden aproximarse a poemas o fragmentos literarios de grandes escritores<\/strong> espa\u00f1oles, no de car\u00e1cter infantil, pero s\u00ed adecuados a sus intereses y conocimientos, como \u00abLa canci\u00f3n del pirata\u00bb, de Espronceda; \u00abSonatina\u00bb, de Rub\u00e9n Dar\u00edo; o incluso una adaptaci\u00f3n para escuchar de la novela \u00abCanci\u00f3n de Navidad\u00bb, de Charles Dickens.<\/p>\n<p>\u00a1Y eso no es todo! Las Pequehistorias originales de Mumablue son divertidos o enternecedores cuentos que se asientan sobre valores o tratan aspectos de educaci\u00f3n emocional y, muchas de ellas, cuentan al final con el apartado \u00abTe gustar\u00e1 saber que\u00bb. <strong>En Mumablue tambi\u00e9n nos esforzamos para despertar en los ni\u00f1os el valor de la poes\u00eda<\/strong>, por eso hemos creado numerosos poemas para escuchar, divertidos o conmovedores, que pueden encontrarse en la secci\u00f3n de <a href=\"https:\/\/www.mumablue.com\/blog\/poemas-para-ninos\/\"><span style=\"color: #3366ff;\">Poes\u00eda de Pequehistorias<\/span><\/a>.<\/p>\n<p>Si te ha gustado esta biograf\u00eda de Marie Curie para ni\u00f1os, puedes darnos algo a cambio: <strong>comp\u00e1rtela con otros ni\u00f1os, pap\u00e1s o maestros y ay\u00fadanos<\/strong> a que este proyecto educativo de Mumablue llegue a todas esas peque\u00f1as orejitas \u00e1vidas de escuchar buenas historias.<\/p>\n<h6>Cr\u00e9ditos imagen Biograf\u00eda de Marie Curie para ni\u00f1os: <span style=\"color: #3366ff;\"><a style=\"color: #3366ff;\" href=\"https:\/\/www.freepik.es\/vectores\/mujer\" target=\"_blank\" rel=\"noopener noreferrer\">freepik.es<\/a><\/span>\u00a0Cient\u00edfica (<span style=\"color: #3366ff;\"><a style=\"color: #3366ff;\" href=\"https:\/\/www.freepik.es\/upklyak\" target=\"_blank\" rel=\"noopener noreferrer\">upklyak<\/a><\/span>)<\/h6>\n<h2><\/h2>\n<div style='text-align:left' class='yasr-auto-insert-visitor'><\/div>","protected":false},"excerpt":{"rendered":"<p>Son muchos los padres y profesores que buscan una biograf\u00eda de Marie Curie para ni\u00f1os que les ayude a aprender mientras se divierten. Por eso os traemos una propuesta muy especial, un relato adecuado al lenguaje y entendimiento de los peques, en formato audiocuento, pero sin dejar de ser fiel a la realidad hist\u00f3rica de [&hellip;]<\/p>\n","protected":false},"author":6,"featured_media":0,"parent":0,"menu_order":0,"comment_status":"closed","ping_status":"closed","template":"","meta":{"yasr_overall_rating":0,"yasr_post_is_review":"","yasr_auto_insert_disabled":"","yasr_review_type":""},"yasr_visitor_votes":{"number_of_votes":56,"sum_votes":249,"stars_attributes":{"read_only":false,"span_bottom":false}},"yoast_head":"<!-- This site is optimized with the Yoast SEO plugin v14.5 - https:\/\/yoast.com\/wordpress\/plugins\/seo\/ -->\n<meta name=\"description\" content=\"La biograf\u00eda de Marie Curie para ni\u00f1os favorita de padres y profesores, para leer o escuchar en un audiocuento musicalizado y con sketches teatralizados.\" \/>\n<meta name=\"robots\" content=\"index, follow\" \/>\n<meta name=\"googlebot\" content=\"index, follow, max-snippet:-1, max-image-preview:large, max-video-preview:-1\" \/>\n<meta name=\"bingbot\" content=\"index, follow, max-snippet:-1, max-image-preview:large, max-video-preview:-1\" \/>\n<link rel=\"canonical\" href=\"https:\/\/www.mumablue.com\/blog\/biografia-de-marie-curie-para-ninos-audiocuento\/\" \/>\n<meta property=\"og:locale\" content=\"es_ES\" \/>\n<meta property=\"og:type\" content=\"article\" \/>\n<meta property=\"og:title\" content=\"Biograf\u00eda de Marie Curie para ni\u00f1os \u00a1Audiocuento gratis! - Blog Mumablue\" \/>\n<meta property=\"og:description\" content=\"La biograf\u00eda de Marie Curie para ni\u00f1os favorita de padres y profesores, para leer o escuchar en un audiocuento musicalizado y con sketches teatralizados.\" \/>\n<meta property=\"og:url\" content=\"https:\/\/www.mumablue.com\/blog\/biografia-de-marie-curie-para-ninos-audiocuento\/\" \/>\n<meta property=\"og:site_name\" content=\"Blog Mumablue\" \/>\n<meta property=\"article:publisher\" content=\"https:\/\/www.facebook.com\/mumablue\/\" \/>\n<meta property=\"article:modified_time\" content=\"2025-06-02T13:07:39+00:00\" \/>\n<meta property=\"og:image\" content=\"https:\/\/www.mumablue.com\/blog\/wp-content\/uploads\/2021\/06\/Marie-Curie-historia-ni\u00f1os.jpg\" \/>\n<meta name=\"twitter:card\" content=\"summary_large_image\" \/>\n<script type=\"application\/ld+json\" class=\"yoast-schema-graph\">{\"@context\":\"https:\/\/schema.org\",\"@graph\":[{\"@type\":\"Organization\",\"@id\":\"https:\/\/www.mumablue.com\/blog\/#organization\",\"name\":\"Mumablue\",\"url\":\"https:\/\/www.mumablue.com\/blog\/\",\"sameAs\":[\"https:\/\/www.facebook.com\/mumablue\/\",\"https:\/\/www.instagram.com\/mumablue\/?hl=es\"],\"logo\":{\"@type\":\"ImageObject\",\"@id\":\"https:\/\/www.mumablue.com\/blog\/#logo\",\"inLanguage\":\"es\",\"url\":\"https:\/\/www.mumablue.com\/blog\/wp-content\/uploads\/2020\/05\/Blog-Mumablue.png\",\"width\":749,\"height\":269,\"caption\":\"Mumablue\"},\"image\":{\"@id\":\"https:\/\/www.mumablue.com\/blog\/#logo\"}},{\"@type\":\"WebSite\",\"@id\":\"https:\/\/www.mumablue.com\/blog\/#website\",\"url\":\"https:\/\/www.mumablue.com\/blog\/\",\"name\":\"Blog Mumablue\",\"description\":\"Un blog de cuentos y audiocuentos gratis para ni\\u00f1os.\",\"publisher\":{\"@id\":\"https:\/\/www.mumablue.com\/blog\/#organization\"},\"potentialAction\":[{\"@type\":\"SearchAction\",\"target\":\"https:\/\/www.mumablue.com\/blog\/?s={search_term_string}\",\"query-input\":\"required name=search_term_string\"}],\"inLanguage\":\"es\"},{\"@type\":\"ImageObject\",\"@id\":\"https:\/\/www.mumablue.com\/blog\/biografia-de-marie-curie-para-ninos-audiocuento\/#primaryimage\",\"inLanguage\":\"es\",\"url\":\"https:\/\/www.mumablue.com\/blog\/wp-content\/uploads\/2021\/06\/Marie-Curie-historia-ni\\u00f1os.jpg\",\"width\":500,\"height\":500,\"caption\":\"Biograf\\u00eda de Marie Curie para ni\\u00f1os\"},{\"@type\":\"WebPage\",\"@id\":\"https:\/\/www.mumablue.com\/blog\/biografia-de-marie-curie-para-ninos-audiocuento\/#webpage\",\"url\":\"https:\/\/www.mumablue.com\/blog\/biografia-de-marie-curie-para-ninos-audiocuento\/\",\"name\":\"Biograf\\u00eda de Marie Curie para ni\\u00f1os \\u00a1Audiocuento gratis! - Blog Mumablue\",\"isPartOf\":{\"@id\":\"https:\/\/www.mumablue.com\/blog\/#website\"},\"primaryImageOfPage\":{\"@id\":\"https:\/\/www.mumablue.com\/blog\/biografia-de-marie-curie-para-ninos-audiocuento\/#primaryimage\"},\"datePublished\":\"2021-06-08T09:38:16+00:00\",\"dateModified\":\"2025-06-02T13:07:39+00:00\",\"description\":\"La biograf\\u00eda de Marie Curie para ni\\u00f1os favorita de padres y profesores, para leer o escuchar en un audiocuento musicalizado y con sketches teatralizados.\",\"inLanguage\":\"es\",\"potentialAction\":[{\"@type\":\"ReadAction\",\"target\":[\"https:\/\/www.mumablue.com\/blog\/biografia-de-marie-curie-para-ninos-audiocuento\/\"]}]}]}<\/script>\n<!-- \/ Yoast SEO plugin. -->","_links":{"self":[{"href":"https:\/\/www.mumablue.com\/blog\/wp-json\/wp\/v2\/pages\/4019"}],"collection":[{"href":"https:\/\/www.mumablue.com\/blog\/wp-json\/wp\/v2\/pages"}],"about":[{"href":"https:\/\/www.mumablue.com\/blog\/wp-json\/wp\/v2\/types\/page"}],"author":[{"embeddable":true,"href":"https:\/\/www.mumablue.com\/blog\/wp-json\/wp\/v2\/users\/6"}],"replies":[{"embeddable":true,"href":"https:\/\/www.mumablue.com\/blog\/wp-json\/wp\/v2\/comments?post=4019"}],"version-history":[{"count":15,"href":"https:\/\/www.mumablue.com\/blog\/wp-json\/wp\/v2\/pages\/4019\/revisions"}],"predecessor-version":[{"id":7592,"href":"https:\/\/www.mumablue.com\/blog\/wp-json\/wp\/v2\/pages\/4019\/revisions\/7592"}],"wp:attachment":[{"href":"https:\/\/www.mumablue.com\/blog\/wp-json\/wp\/v2\/media?parent=4019"}],"curies":[{"name":"wp","href":"https:\/\/api.w.org\/{rel}","templated":true}]}}