{"id":3944,"date":"2021-05-10T18:20:42","date_gmt":"2021-05-10T18:20:42","guid":{"rendered":"https:\/\/mumablue.com\/blog\/?page_id=3944"},"modified":"2025-06-02T13:04:06","modified_gmt":"2025-06-02T13:04:06","slug":"cuento-de-andersen-original-audiocuento-gratis","status":"publish","type":"page","link":"https:\/\/www.mumablue.com\/blog\/cuento-de-andersen-original-audiocuento-gratis\/","title":{"rendered":"Cuento de Andersen original + \u00a1Audiocuento gratis!"},"content":{"rendered":"<p><a href=\"https:\/\/www.mumablue.com\/blog\/wp-content\/uploads\/2021\/05\/Buscando-a-pap\u00e1-Andersen_2.jpg\"><img decoding=\"async\" loading=\"lazy\" class=\"alignnone size-full wp-image-3945\" src=\"https:\/\/www.mumablue.com\/blog\/wp-content\/uploads\/2021\/05\/Buscando-a-pap\u00e1-Andersen_2.jpg\" alt=\"Cuento de Andersen original\" width=\"500\" height=\"500\" srcset=\"https:\/\/www.mumablue.com\/blog\/wp-content\/uploads\/2021\/05\/Buscando-a-pap\u00e1-Andersen_2.jpg 500w, https:\/\/www.mumablue.com\/blog\/wp-content\/uploads\/2021\/05\/Buscando-a-pap\u00e1-Andersen_2-300x300.jpg 300w, https:\/\/www.mumablue.com\/blog\/wp-content\/uploads\/2021\/05\/Buscando-a-pap\u00e1-Andersen_2-150x150.jpg 150w\" sizes=\"(max-width: 500px) 100vw, 500px\" \/><\/a><\/p>\n<p><a href=\"https:\/\/www.mumablue.com\/esphttps:\/\/www.mumablue.com\/?utm_source=blog&amp;utm_medium=link&amp;utm_campaign=p\u00e1ginas-audiocuentos&amp;utm_content=cuento-andersen-original\"><span style=\"color: #3366ff;\">Mumablue<\/span><\/a> os trae un cuento de Andersen original y diferente, porque se trata de una historia en la que <strong>los personajes m\u00e1s famosos de los cuentos de Andersen van en busca del famoso escritor<\/strong>, al que hace mucho tiempo que no ven.<\/p>\n<p>En este relato, La sirenita, El patito feo, Pulgarcita, El ruise\u00f1or, La Cerillera y El soldadito de plomo emprenden una b\u00fasqueda para encontrar a su \u00abpap\u00e1 de pluma\u00bb, una misi\u00f3n que les llevar\u00e1 hasta el mism\u00edsimo castillo de La Reina de las Nieves. <strong>\u00a1Los peques disfrutar\u00e1n de lo lindo al encontrar en esta historia a muchos de sus personajes de cuento favoritos!<\/strong><\/p>\n<p>Adem\u00e1s, <strong>incluye un apartado de curiosidades sobre Andersen para que los ni\u00f1os aprendan sobre literatura universal<\/strong> mientras se divierten. Para hacer de esta experiencia algo m\u00e1gico, te dejamos un bonita m\u00fasica para poner de fondo y as\u00ed puedas crearle a este cuento de Andersen diferente una atm\u00f3sfera envolvente mientras se lo lees.<\/p>\n<p>\u00a1Espera, porque viene una sorpresa! Si lo prefieres, este cuento de Andersen diferente se lo contamos nosotros. Aqu\u00ed tienes un <strong>audiocuento dramatizado lleno se evocadoras m\u00fasicas y efectos.<\/strong><\/p>\n<h2>Cuento de Andersen diferente para escuchar<\/h2>\n<h6><script src=\"https:\/\/www.buzzsprout.com\/937792\/8491201-buscando-a-papa-andersen.js?container_id=buzzsprout-player-8491201&amp;player=small\" type=\"text\/javascript\" charset=\"utf-8\"><\/script>M\u00fasica: CC 0 <span style=\"color: #3366ff;\"><a style=\"color: #3366ff;\" href=\"https:\/\/freepd.com\/scoring.php\" target=\"_blank\" rel=\"noopener noreferrer\">Magic in the garden<\/a><\/span>\u00a0y <span style=\"color: #3366ff;\"><a style=\"color: #3366ff;\" href=\"https:\/\/freepd.com\/horror.php\" target=\"_blank\" rel=\"noopener noreferrer\">Dawn of the Apocalypse<\/a><\/span>\u00a0y <span style=\"color: #3366ff;\"><a style=\"color: #3366ff;\" href=\"https:\/\/freepd.com\/Page2\/\" target=\"_blank\" rel=\"noopener noreferrer\">Dragon Dance<\/a><\/span>, de Rafael Krux; y <span style=\"color: #3366ff;\"><a style=\"color: #3366ff;\" href=\"https:\/\/freepd.com\/horror.php\" target=\"_blank\" rel=\"noopener noreferrer\">Satin danger<\/a><\/span>, de Kevin McLeod.<\/h6>\n<p><a href=\"https:\/\/www.mumablue.com\/esp\/nuestros-cuentos-personalizados\/la-magia-del-nombre-mi-nino?utm_source=blog&amp;utm_medium=banner&amp;utm_campaign=p\u00e1ginas-audiocuentos&amp;utm_content=cuento-andersen-original\" target=\"_blank\" rel=\"noopener noreferrer\"><img decoding=\"async\" loading=\"lazy\" class=\"alignnone wp-image-5002 size-full\" src=\"https:\/\/www.mumablue.com\/blog\/wp-content\/uploads\/2021\/09\/Cuento-de-Hadas.jpg\" alt=\"cuento de Caperucita Roja diferente\" width=\"715\" height=\"162\" srcset=\"https:\/\/www.mumablue.com\/blog\/wp-content\/uploads\/2021\/09\/Cuento-de-Hadas.jpg 715w, https:\/\/www.mumablue.com\/blog\/wp-content\/uploads\/2021\/09\/Cuento-de-Hadas-300x68.jpg 300w, https:\/\/www.mumablue.com\/blog\/wp-content\/uploads\/2021\/09\/Cuento-de-Hadas-624x141.jpg 624w\" sizes=\"(max-width: 715px) 100vw, 715px\" \/><\/a><\/p>\n<p>\u00bfPrefieres le\u00e9rselo t\u00fa directamente? \u00a1Es posible! Este cuento de Andersen original est\u00e1 transcrito justo aqu\u00ed debajo. <strong>Te proponemos poner esta m\u00fasica de fondo<\/strong> para darle un toque original y ambientarlo adecuadamente.<\/p>\n<p><iframe loading=\"lazy\" title=\"YouTube video player\" src=\"https:\/\/www.youtube.com\/embed\/OLjJOvz9AcM\" width=\"600\" height=\"70\" frameborder=\"0\" allowfullscreen=\"allowfullscreen\"><span data-mce-type=\"bookmark\" style=\"display: inline-block; width: 0px; overflow: hidden; line-height: 0;\" class=\"mce_SELRES_start\">\ufeff<\/span><\/iframe><\/p>\n<h2>Buscando a Pap\u00e1 Andersen<\/h2>\n<p>Hac\u00eda ya muchos a\u00f1os que El patito feo no ve\u00eda a Hans Christian Andersen, su pap\u00e1. No es que fuera su padre, padre. Como sab\u00e9is, el patito feo es, en realidad, un cisne. Lo que pasa es que Andersen fue el escritor que lo cre\u00f3. As\u00ed que en vez de decir que el patito feo naci\u00f3 de un huevo, ser\u00eda m\u00e1s justo decir que naci\u00f3 de una pluma: de la pluma y el tintero de Andersen.<\/p>\n<p>El patito feo echaba mucho de menos a su pap\u00e1. \u00bfD\u00f3nde se habr\u00eda metido? No sab\u00eda por d\u00f3nde empezar a buscar, as\u00ed que decidi\u00f3 preguntarle a sus hermanos (y con sus hermanos no nos referimos a los patos que salieron de otros huevos cuando \u00e9l naci\u00f3. Ni siquiera a los cisnes que nacieron en el nido donde debi\u00f3 haber nacido). Sus aut\u00e9nticos hermanos eran todos los personajes de cuento que nacieron de la misma pluma de la que naci\u00f3 El patito feo.<\/p>\n<p>Aquella ma\u00f1ana, El patito feo se levant\u00f3 temprano y se dirigi\u00f3 al mar en busca de La Sirenita.<\/p>\n<p>-Sirenita, sirenita, \u00bfsabes d\u00f3nde est\u00e1 pap\u00e1 Andersen? -grazn\u00f3 El patito feo.<br \/>\n-No. Hace much\u00edsimo tiempo que no lo veo -respondi\u00f3 La sirenita.<br \/>\n-\u00bfPodr\u00edas buscar en el fondo del mar? Yo no puedo respirar bajo el agua.<\/p>\n<p>La sirenita se sumergi\u00f3 de nuevo entre las olas.\u00a0Busc\u00f3 en el arrecife de coral, en cada rinc\u00f3n del barco hundido, en salas, salones y aposentos de su palacio submarino\u2026 \u00a1Hasta en la tenebrosa casa de la Bruja del Mar! Pero nada.<\/p>\n<p>-No hay ni rastro de \u00e9l en las profundidades. \u00a1Qu\u00e9 raro! -cont\u00f3 la sirenita cuando emergi\u00f3 de nuevo de entre las olas.<br \/>\n-\u00bfMe acompa\u00f1as a buscarlo?-pidi\u00f3 El patito feo.<\/p>\n<p>-\u00a1Claro! Pero tengo que pedirle las piernas a la Bruja del Mar. Y ya sabes que, mientras las tenga puestas, me quedar\u00e9 sin voz -record\u00f3 La sirenita.<\/p>\n<p>-Ahora necesitamos m\u00e1s los ojos que la voz. Si no te importa\u2026 \u00a1a m\u00ed tampoco! -zanj\u00f3 El patito feo.<\/p>\n<p>Una vez conseguidas las piernas, la sirenita muda y el patito feo se dirigieron a casa de Pulgarcita.<\/p>\n<p>-\u00a1Pulgarcita, Pulgarcita! \u00bfHas visto a pap\u00e1 Andersen? -grazn\u00f3 El patito feo.<br \/>\n-No\u2026 Ahora que lo dices, hace much\u00edsimos a\u00f1os que no s\u00e9 nada de \u00e9l -respondi\u00f3 Pulgarcita, con voz diminuta.<\/p>\n<p>Vamos en su busca. \u00bfTe vienes? He pensado que como eres diminuta podr\u00e1s mirar en lugares peque\u00f1os y estrechos, donde no podamos entrar.\u00a0Pulgarcita accedi\u00f3 a acompa\u00f1ar a La sirenita y a El patito feo. Gracias a su peque\u00f1o tama\u00f1o pudo mirar entre las ramas que se amontonaban en el suelo, dentro de las grietas de las rocas, en los t\u00faneles de los topos&#8230;<\/p>\n<p>Busc\u00f3 por todos los lugares min\u00fasculos, pero no hab\u00eda ni rastro de pap\u00e1 Andersen.<br \/>\nLa sirenita muda, el patito feo y la ni\u00f1a diminuta acudieron a pedir ayuda a su hermano El ruise\u00f1or.<\/p>\n<p>-Ruise\u00f1or, ruise\u00f1or. Buscamos a pap\u00e1 Andersen. \u00bfLo has visto? -grazn\u00f3 el patito feo.<br \/>\n-No, hace much\u00edsimo tiempo que no lo veo -trin\u00f3 el ruise\u00f1or.<\/p>\n<p>Ay\u00fadanos a buscarle. Puedes volar, podr\u00edas buscar desde las alturas. Y llamarle con tu virtuoso canto.<\/p>\n<p>El ruise\u00f1or se sum\u00f3 a sus hermanos en la b\u00fasqueda de pap\u00e1 Andersen. Mientras ellos caminaban, el peque\u00f1o p\u00e1jaro trinaba y observaba el mundo desde las alturas, fij\u00e1ndose en cualquier detalle, por lejano que estuviera. Pero tampoco desde el aire se notaba indicio alguno del paradero de Pap\u00e1 Andersen.<\/p>\n<p>As\u00ed que la sirenita muda, el patito feo y la ni\u00f1a diminuta y el ruise\u00f1or virtuoso fueron en busca de La peque\u00f1a cerillera.<\/p>\n<p>-Peque\u00f1a cerillera, estamos buscando a pap\u00e1 Andersen. \u00bfSabes d\u00f3nde est\u00e1? -grazn\u00f3 El Patito feo.<br \/>\n-No, hace a\u00f1os que no lo veo -neg\u00f3 La peque\u00f1a cerillera.<br \/>\n-\u00bfNos acompa\u00f1ar\u00edas a buscarle? Como tienes una caja de cerillas podr\u00edas mirar en los sitios m\u00e1s oscuros.<br \/>\n-S\u00f3lo me quedan dos cajas. Si las gasto no tendr\u00e9 dinero para comer\u2026 dud\u00f3 La peque\u00f1a cerillera. \u00a1Pero se trata de pap\u00e1! No puedo decir que no.<\/p>\n<p>La peque\u00f1a cerillera se uni\u00f3 a la comitiva. Prendi\u00f3 un f\u00f3sforo para buscar dentro de la cueva, otro para mirar en el interior de un \u00e1rbol hueco, uno m\u00e1s para inspeccionar la madriguera de un conejo\u2026 \u00a1Y tampoco hall\u00f3 pista alguna sobre el paradero de pap\u00e1 Andersen! As\u00ed que La sirenita muda, el patito feo, la ni\u00f1a diminuta, el ruise\u00f1or virtuoso y la cerillera pobre fueron en busca de El soldadito de plomo.<\/p>\n<p>-\u00a1Soldadito de plomo, somos tus hermanos! \u00bfHas visto a pap\u00e1 Andersen? -grazn\u00f3 El Patito feo.<br \/>\n-Es cierto que hace ya mucho tiempo que no s\u00e9 nada de \u00e9l -pareci\u00f3 caer en la cuenta El soldadito de plomo.<br \/>\n-Lo estamos buscando por todas partes, \u00bfnos ayudas a encontrarlo?<br \/>\n-Solo tengo una pierna. Camino despacio y os retrasar\u00eda -advirti\u00f3 el soldadito.<br \/>\n-Pero tienes un barquito de papel. Si navegas r\u00edo abajo podr\u00e1s buscar m\u00e1s r\u00e1pido por las orillas -argument\u00f3 El patito feo.<\/p>\n<p>El soldadito acept\u00f3 acompa\u00f1arlos. Subido en su barquito naveg\u00f3 por el r\u00edo peinando la ribera con la mirada. Pero como el barquito era de papel, pronto se deshizo con el agua.<\/p>\n<p>Despu\u00e9s de ese incidente, todos los hermanos estaban muy desanimados. \u00a1Nunca encontrar\u00edan a pap\u00e1 Andersen, a no ser que\u2026<\/p>\n<p>\u00bfY si le preguntamos a La reina de las nieves? &#8211; dijo Pulgarcita.<\/p>\n<p>Se hizo el silencio. La sirenita era la \u00fanica que intentaba hablar, pero como no le sal\u00eda la voz, negaba en\u00e9rgicamente con la cabeza mientras hac\u00eda gestos descontrolados con las manos.<\/p>\n<p>-Nuestra hermana tiene el coraz\u00f3n de hielo -grazn\u00f3 El Patito Feo<br \/>\n-Es muy peligrosa -trin\u00f3 El ruise\u00f1or<br \/>\n-\u00a1Nos va a hacer da\u00f1o! -se quej\u00f3 El soldadito de plomo.<br \/>\n\u00a1Pero tenemos que encontrar a pap\u00e1 Andersen! -Insisti\u00f3 Pulgarcita.<\/p>\n<p>Finalmente, La sirenita muda, el patito feo, la ni\u00f1a diminuta, el ruise\u00f1or virtuoso, la cerillera pobre y el soldadito cojo se encaminaron al Palacio de La Reina de las Nieves.<\/p>\n<p>El paisaje se volvi\u00f3 fr\u00edo, congelado. Nevaba tan fuerte que apenas pod\u00eda distinguirse, en lo alto de la monta\u00f1a, el palacio de hielo de La Reina de las Nieves<\/p>\n<p>Llamaron al gran port\u00f3n. Pero nadie contest\u00f3. Por arte de magia, la puerta comenz\u00f3 a abrirse. Los hermanos pasaron a un l\u00f3brego y fr\u00edo sal\u00f3n.<\/p>\n<p>-\u00bfQui\u00e9nes sois? \u00bfC\u00f3mo os atrev\u00e9is a entrar en mis dominios? -casi aull\u00f3 La Reina de las Nieves.<br \/>\n-Somos tus hermanos. Estamos buscando a pap\u00e1 Andersen. \u00bfLo has visto? -se atrevi\u00f3 a preguntar El Patito Feo.<\/p>\n<p>La Reina de las Nieves los observ\u00f3.<\/p>\n<p>-\u00bfMis hermanos? \u00a1Yo no tengo hermanos!<br \/>\n-S\u00ed, todos salimos de la misma pluma. De la pluma y el tintero de Pap\u00e1 Andersen. Lo estamos buscando, \u00bfSabes d\u00f3nde podemos encontrarlo? -insisti\u00f3 La peque\u00f1a cerillera.<\/p>\n<p>Se hizo un inc\u00f3modo silencio.<\/p>\n<p>-Est\u00e1 aqu\u00ed -respondi\u00f3 La reina de las Nieves &#8211; Se vino a vivir a mi palacio cuando me qued\u00e9 completamente sola por mi maldad. Pap\u00e1 fue el \u00fanico que nunca me abandon\u00f3 -dijo La Reina de las Nieves, notando c\u00f3mo se le quebraba la voz.<br \/>\n-\u00bfPuedes decirle que hemos venido a visitarle? -pregunt\u00f3 Pulgarcita.<\/p>\n<p>La reina de las nieves dud\u00f3.<\/p>\n<p>-Ahora mismo est\u00e1 muy ocupado. Acompa\u00f1adme, pero guardad silencio -accedi\u00f3 finalmente La Reina de las Nieves.<\/p>\n<p>Los hermanos la siguieron por intrincados pasillos, retorcidas escaleras de caracol, oscuros t\u00faneles\u2026 Hasta que al fondo de una de las galer\u00edas, vieron el resplandor de un candil que sal\u00eda por una puerta. Se acercaron sigilosos. La reina se llev\u00f3 un dedo a los labios pidi\u00e9ndoles silencio.<\/p>\n<p>-Est\u00e1 escribiendo nuevos cuentos. Es mejor no molestarle -susurr\u00f3 La Reina de las Nieves.<\/p>\n<p>All\u00ed estaba pap\u00e1 Andersen, sentado frente a su escritorio. De su pluma nac\u00edan nuevos e incre\u00edbles personajes que, acto seguido, se desvanec\u00edan en el aire. Alertado por un ruido, Pap\u00e1 Andersen levant\u00f3 la mirada en direcci\u00f3n a la puerta.<\/p>\n<p>-\u00a1Mis queridos hijos! \u00a1Qu\u00e9 alegr\u00eda volver a veros! \u00a1Oh! \u00a1M\u00edrate, patito Feo! \u00a1Pero si est\u00e1s guap\u00edsimo! Y t\u00fa, Pulgarcita\u2026 \u00a1C\u00f3mo has crecido!<\/p>\n<p>Entonces la sirenita muda, el patito feo, la ni\u00f1a diminuta, el ruise\u00f1or virtuoso, la cerillera pobre, el soldadito cojo, y hasta la malvada reina, corrieron a abrazar a su padre.<\/p>\n<p><a href=\"https:\/\/www.mumablue.com\/esp\/nuestros-cuentos-personalizados\/la-magia-del-nombre-mi-nino?utm_source=blog&amp;utm_medium=banner&amp;utm_campaign=p\u00e1ginas-audiocuentos&amp;utm_content=cuento-andersen-original\" target=\"_blank\" rel=\"noopener noreferrer\"><img decoding=\"async\" loading=\"lazy\" class=\"alignnone wp-image-5002 size-full\" src=\"https:\/\/www.mumablue.com\/blog\/wp-content\/uploads\/2021\/09\/Cuento-de-Hadas.jpg\" alt=\"cuento de Caperucita Roja diferente\" width=\"715\" height=\"162\" srcset=\"https:\/\/www.mumablue.com\/blog\/wp-content\/uploads\/2021\/09\/Cuento-de-Hadas.jpg 715w, https:\/\/www.mumablue.com\/blog\/wp-content\/uploads\/2021\/09\/Cuento-de-Hadas-300x68.jpg 300w, https:\/\/www.mumablue.com\/blog\/wp-content\/uploads\/2021\/09\/Cuento-de-Hadas-624x141.jpg 624w\" sizes=\"(max-width: 715px) 100vw, 715px\" \/><\/a><\/p>\n<h2>Curiosidades sobre Andersen<\/h2>\n<p>Hans Christian Andersen fue un escritor dan\u00e9s del siglo XIX. Escribi\u00f3 novela, teatro y poes\u00eda, pero fueron sus cuentos infantiles los que le hicieron famoso. <strong>Andersen naci\u00f3 en una familia muy pobre.<\/strong> Su padre era zapatero y se muri\u00f3 cuando \u00e9l tan s\u00f3lo ten\u00eda 11 a\u00f1os, por lo que tuvo que abandonar la escuela y ponerse a trabajar. \u00a1Pero<strong> le\u00eda cualquier libro que ca\u00eda en sus manos, sobre todo de William Shakespeare<\/strong>!<\/p>\n<p>La vida de Andersen fue muy complicada, pero eso no le impidi\u00f3 luchar mucho hasta llegar a hacerse amigo de personas muy importantes en la \u00e9poca. \u00a1Hasta de un rey! Su infelicidad tampoco afect\u00f3 a sus cuentos, que est\u00e1n llenos de gran imaginaci\u00f3n, humor y sensibilidad. Y tambi\u00e9n reflejan muchos aspectos de la vida de Andersen. Por ejemplo,<strong> se cree que El patito feo lo escribi\u00f3 porque no era muy guapo, que se diga<\/strong>. Y El ruise\u00f1or est\u00e1 inspirado en una cantante a la que \u00e9l admiraba mucho. Otros de sus cuentos est\u00e1n basados en sus desenga\u00f1os amorosos, como El soldadito de plomo, donde el soldadito representa al propio Andersen y l<strong>a bailarina representa al bailar\u00edn Harald Scharff, de quien siempre estuvo enamorado.<\/strong><\/p>\n<p>Adem\u00e1s de escribir, a Andersen le gustaba cantar y bailar. Y, sobre todo, viajar. Visit\u00f3 muchos pa\u00edses del mundo, entre ellos Espa\u00f1a. \u00a1Cuentan que siempre <strong>met\u00eda una cuerda en la maleta poder escapar por la ventana en caso de que se incendiara su habitaci\u00f3n<\/strong> del hotel!<\/p>\n<p>Adem\u00e1s de los cuentos que aparecen en esta pequehistoria, Andersen escribi\u00f3 otros muchos relatos que tal vez conozcas, como \u201cLas zapatillas rojas\u201d, \u201cLa princesa y el guisante\u201d o \u201cEl traje nuevo del emperador\u201d. \u00a1Ah! <strong>\u00bfSab\u00edas que la pel\u00edcula Frozen, de Disney, est\u00e1 inspirada en el cuento \u201cLa reina de las nieves\u201d?<\/strong> \u00a1Andersen contin\u00faa deslumbrando todav\u00eda en nuestros d\u00edas!<\/p>\n<h2>Un cuento de Andersen que no es de Andersen<\/h2>\n<p>Como hab\u00e9is podido comprobar, \u00abBuscando a pap\u00e1 Andersen\u00bb, m\u00e1s que un cuento de Andersen es un cuento sobre Andersen, una historia que parte de la idea de <strong>c\u00f3mo los personajes de los cuentos de los grandes escritores se quedan un poco hu\u00e9rfanos cuando su creador muere.\u00a0<\/strong><\/p>\n<p><strong>Si tu peque es amante de los cuentos cl\u00e1sicos, tenemos muchas otras sorpresas para \u00e9l<\/strong>, reescrituras o versiones muy locas de cuentos de toda la vida que les har\u00e1n partirse de risa, tales como \u00ab<span style=\"color: #3366ff;\"><a style=\"color: #3366ff;\" href=\"https:\/\/www.mumablue.com\/blog\/cuento-de-caperucita-roja-diferente-audiocuento-gratis\/\">Caperucita Rebelde<\/a><\/span>\u00ab, \u00ab<span style=\"color: #3366ff;\"><a style=\"color: #3366ff;\" href=\"https:\/\/www.mumablue.com\/blog\/cuento-divertido-para-leer\/\">La verdadera historia de Hansel y Gretel<\/a><\/span>\u00bb o \u00ab<span style=\"color: #3366ff;\"><a style=\"color: #3366ff;\" href=\"https:\/\/www.mumablue.com\/blog\/poesia-para-ninos-con-valores-divertida\/\">El sue\u00f1o de La Bella Durmiente<\/a><\/span>\u00ab, versiones que van en la misma l\u00ednea de este cuento de Andersen que os hemos contado.\u00a0 \u00a1Y descubre muchos <span style=\"color: #3366ff;\"><a style=\"color: #3366ff;\" href=\"https:\/\/www.mumablue.com\/blog\/cuentos-infantiles-para-leer-cortos-gratis\/\">otros cuentos gratis originales<\/a><\/span> de Mumablue! Pero si lo que le gusta es la poes\u00eda, lo mejor ser\u00e1 que visites nuestra p\u00e1gina de <span style=\"color: #3366ff;\"><a style=\"color: #3366ff;\" href=\"https:\/\/www.mumablue.com\/blog\/poesias-para-ninos-cortas\/\">poemas infantiles gratis<\/a><\/span> y divertidos. \u00a1Son un \u00e9xito! <strong>Todos ellos con su propio audiocuento gratis\u00a0<\/strong>\ud83d\ude42<\/p>\n<div style='text-align:left' class='yasr-auto-insert-visitor'><\/div>","protected":false},"excerpt":{"rendered":"<p>Mumablue os trae un cuento de Andersen original y diferente, porque se trata de una historia en la que los personajes m\u00e1s famosos de los cuentos de Andersen van en busca del famoso escritor, al que hace mucho tiempo que no ven. En este relato, La sirenita, El patito feo, Pulgarcita, El ruise\u00f1or, La Cerillera [&hellip;]<\/p>\n","protected":false},"author":6,"featured_media":0,"parent":0,"menu_order":0,"comment_status":"closed","ping_status":"closed","template":"","meta":{"yasr_overall_rating":0,"yasr_post_is_review":"","yasr_auto_insert_disabled":"","yasr_review_type":""},"yasr_visitor_votes":{"number_of_votes":87,"sum_votes":377,"stars_attributes":{"read_only":false,"span_bottom":false}},"yoast_head":"<!-- This site is optimized with the Yoast SEO plugin v14.5 - https:\/\/yoast.com\/wordpress\/plugins\/seo\/ -->\n<meta name=\"description\" content=\"En este Cuento de Andersen original los personajes de los cuentos de Andersen van en busca de su autor, de &quot;su pap\u00e1&quot; \u00a1Incluye audiocuento gratis!\" \/>\n<meta name=\"robots\" content=\"index, follow\" \/>\n<meta name=\"googlebot\" content=\"index, follow, max-snippet:-1, max-image-preview:large, max-video-preview:-1\" \/>\n<meta name=\"bingbot\" content=\"index, follow, max-snippet:-1, max-image-preview:large, max-video-preview:-1\" \/>\n<link rel=\"canonical\" href=\"https:\/\/www.mumablue.com\/blog\/cuento-de-andersen-original-audiocuento-gratis\/\" \/>\n<meta property=\"og:locale\" content=\"es_ES\" \/>\n<meta property=\"og:type\" content=\"article\" \/>\n<meta property=\"og:title\" content=\"Cuento de Andersen original + \u00a1Audiocuento gratis! - Blog Mumablue\" \/>\n<meta property=\"og:description\" content=\"En este Cuento de Andersen original los personajes de los cuentos de Andersen van en busca de su autor, de &quot;su pap\u00e1&quot; \u00a1Incluye audiocuento gratis!\" \/>\n<meta property=\"og:url\" content=\"https:\/\/www.mumablue.com\/blog\/cuento-de-andersen-original-audiocuento-gratis\/\" \/>\n<meta property=\"og:site_name\" content=\"Blog Mumablue\" \/>\n<meta property=\"article:publisher\" content=\"https:\/\/www.facebook.com\/mumablue\/\" \/>\n<meta property=\"article:modified_time\" content=\"2025-06-02T13:04:06+00:00\" \/>\n<meta property=\"og:image\" content=\"https:\/\/www.mumablue.com\/blog\/wp-content\/uploads\/2021\/05\/Buscando-a-pap\u00e1-Andersen_2.jpg\" \/>\n<meta name=\"twitter:card\" content=\"summary_large_image\" \/>\n<script type=\"application\/ld+json\" class=\"yoast-schema-graph\">{\"@context\":\"https:\/\/schema.org\",\"@graph\":[{\"@type\":\"Organization\",\"@id\":\"https:\/\/www.mumablue.com\/blog\/#organization\",\"name\":\"Mumablue\",\"url\":\"https:\/\/www.mumablue.com\/blog\/\",\"sameAs\":[\"https:\/\/www.facebook.com\/mumablue\/\",\"https:\/\/www.instagram.com\/mumablue\/?hl=es\"],\"logo\":{\"@type\":\"ImageObject\",\"@id\":\"https:\/\/www.mumablue.com\/blog\/#logo\",\"inLanguage\":\"es\",\"url\":\"https:\/\/www.mumablue.com\/blog\/wp-content\/uploads\/2020\/05\/Blog-Mumablue.png\",\"width\":749,\"height\":269,\"caption\":\"Mumablue\"},\"image\":{\"@id\":\"https:\/\/www.mumablue.com\/blog\/#logo\"}},{\"@type\":\"WebSite\",\"@id\":\"https:\/\/www.mumablue.com\/blog\/#website\",\"url\":\"https:\/\/www.mumablue.com\/blog\/\",\"name\":\"Blog Mumablue\",\"description\":\"Un blog de cuentos y audiocuentos gratis para ni\\u00f1os.\",\"publisher\":{\"@id\":\"https:\/\/www.mumablue.com\/blog\/#organization\"},\"potentialAction\":[{\"@type\":\"SearchAction\",\"target\":\"https:\/\/www.mumablue.com\/blog\/?s={search_term_string}\",\"query-input\":\"required name=search_term_string\"}],\"inLanguage\":\"es\"},{\"@type\":\"ImageObject\",\"@id\":\"https:\/\/www.mumablue.com\/blog\/cuento-de-andersen-original-audiocuento-gratis\/#primaryimage\",\"inLanguage\":\"es\",\"url\":\"https:\/\/www.mumablue.com\/blog\/wp-content\/uploads\/2021\/05\/Buscando-a-pap\\u00e1-Andersen_2.jpg\",\"width\":500,\"height\":500,\"caption\":\"Cuento de Andersen original\"},{\"@type\":\"WebPage\",\"@id\":\"https:\/\/www.mumablue.com\/blog\/cuento-de-andersen-original-audiocuento-gratis\/#webpage\",\"url\":\"https:\/\/www.mumablue.com\/blog\/cuento-de-andersen-original-audiocuento-gratis\/\",\"name\":\"Cuento de Andersen original + \\u00a1Audiocuento gratis! - Blog Mumablue\",\"isPartOf\":{\"@id\":\"https:\/\/www.mumablue.com\/blog\/#website\"},\"primaryImageOfPage\":{\"@id\":\"https:\/\/www.mumablue.com\/blog\/cuento-de-andersen-original-audiocuento-gratis\/#primaryimage\"},\"datePublished\":\"2021-05-10T18:20:42+00:00\",\"dateModified\":\"2025-06-02T13:04:06+00:00\",\"description\":\"En este Cuento de Andersen original los personajes de los cuentos de Andersen van en busca de su autor, de \\\"su pap\\u00e1\\\" \\u00a1Incluye audiocuento gratis!\",\"inLanguage\":\"es\",\"potentialAction\":[{\"@type\":\"ReadAction\",\"target\":[\"https:\/\/www.mumablue.com\/blog\/cuento-de-andersen-original-audiocuento-gratis\/\"]}]}]}<\/script>\n<!-- \/ Yoast SEO plugin. -->","_links":{"self":[{"href":"https:\/\/www.mumablue.com\/blog\/wp-json\/wp\/v2\/pages\/3944"}],"collection":[{"href":"https:\/\/www.mumablue.com\/blog\/wp-json\/wp\/v2\/pages"}],"about":[{"href":"https:\/\/www.mumablue.com\/blog\/wp-json\/wp\/v2\/types\/page"}],"author":[{"embeddable":true,"href":"https:\/\/www.mumablue.com\/blog\/wp-json\/wp\/v2\/users\/6"}],"replies":[{"embeddable":true,"href":"https:\/\/www.mumablue.com\/blog\/wp-json\/wp\/v2\/comments?post=3944"}],"version-history":[{"count":8,"href":"https:\/\/www.mumablue.com\/blog\/wp-json\/wp\/v2\/pages\/3944\/revisions"}],"predecessor-version":[{"id":7589,"href":"https:\/\/www.mumablue.com\/blog\/wp-json\/wp\/v2\/pages\/3944\/revisions\/7589"}],"wp:attachment":[{"href":"https:\/\/www.mumablue.com\/blog\/wp-json\/wp\/v2\/media?parent=3944"}],"curies":[{"name":"wp","href":"https:\/\/api.w.org\/{rel}","templated":true}]}}