{"id":3938,"date":"2021-05-10T16:38:35","date_gmt":"2021-05-10T16:38:35","guid":{"rendered":"https:\/\/mumablue.com\/blog\/?page_id=3938"},"modified":"2025-06-02T13:02:06","modified_gmt":"2025-06-02T13:02:06","slug":"cuento-de-un-caracol-para-ninos","status":"publish","type":"page","link":"https:\/\/www.mumablue.com\/blog\/cuento-de-un-caracol-para-ninos\/","title":{"rendered":"Cuento de un caracol para ni\u00f1os: \u00a1Resuelve el enigma!"},"content":{"rendered":"<p><a href=\"https:\/\/www.mumablue.com\/blog\/wp-content\/uploads\/2021\/05\/Cuentos-de-caracoles-para-ni\u00f1os.jpg\"><img decoding=\"async\" loading=\"lazy\" class=\"alignnone size-full wp-image-3940\" src=\"https:\/\/www.mumablue.com\/blog\/wp-content\/uploads\/2021\/05\/Cuentos-de-caracoles-para-ni\u00f1os.jpg\" alt=\"cuento de un caracol para ni\u00f1os\" width=\"500\" height=\"500\" srcset=\"https:\/\/www.mumablue.com\/blog\/wp-content\/uploads\/2021\/05\/Cuentos-de-caracoles-para-ni\u00f1os.jpg 500w, https:\/\/www.mumablue.com\/blog\/wp-content\/uploads\/2021\/05\/Cuentos-de-caracoles-para-ni\u00f1os-300x300.jpg 300w, https:\/\/www.mumablue.com\/blog\/wp-content\/uploads\/2021\/05\/Cuentos-de-caracoles-para-ni\u00f1os-150x150.jpg 150w\" sizes=\"(max-width: 500px) 100vw, 500px\" \/><\/a><\/p>\n<p>\u00bfBuscas un cuento de un caracol para ni\u00f1os realmente sorprendente y divertido? \u00a1Est\u00e1s en el lugar adecuado! El cuento \u00abel caracol atrapado en el tiempo\u00bb es mucho m\u00e1s que una historia: es <strong>un relato en el que se plantea un enigma que el ni\u00f1o tratar\u00e1 de descifrar a medida que avanza<\/strong> la trama.<\/p>\n<p>Floppy es un caracol curioso, que est\u00e1 cansado de vivir en su macizo de tr\u00e9boles. \u00c9l desea conocer otros entornos y sabores y por eso decide viajar hasta las matas de margaritas. \u00a1Pero ocurre algo muy extra\u00f1o! Cada vez que llega all\u00ed, como por arte de magia, vuelve a aparecer en el macizo de tr\u00e9boles, a encontrarse con la misma hormiga y a tener la misma conversaci\u00f3n. \u00bfSer\u00e1 que est\u00e1 atrapado en el tiempo? \u00a1Os invitamos a disfrutar de <strong>uno de los cuentos de caracoles para ni\u00f1os m\u00e1s extra\u00f1os y divertidos<\/strong>!<\/p>\n<h2>Cuento de un caracol para ni\u00f1os para escuchar<\/h2>\n<p>\u00bfPrefer\u00eds este cuento de un caracol para ni\u00f1os en versi\u00f3n de audio? Si la respuesta es s\u00ed, entonces tal vez os interese <strong>escuchar el audiocuento \u00abEl caracol atrapado en el tiempo\u00bb<\/strong>, con m\u00fasica, efectos y voces dramatizadas.<\/p>\n<h6><script src=\"https:\/\/www.buzzsprout.com\/937792\/8456428-el-caracol-atrapado-en-el-tiempo.js?container_id=buzzsprout-player-8456428&amp;player=small\" type=\"text\/javascript\" charset=\"utf-8\"><\/script>M\u00fasica: CC 0 <span style=\"color: #3366ff;\"><a style=\"color: #3366ff;\" href=\"https:\/\/freepd.com\/upbeat.php\" target=\"_blank\" rel=\"noopener noreferrer\">Inventing flights<\/a><\/span>\u00a0y <span style=\"color: #3366ff;\"><a style=\"color: #3366ff;\" href=\"https:\/\/freepd.com\/misc.php\">Trip Up North<\/a><\/span>, de Brian Tech; <span style=\"color: #3366ff;\"><a style=\"color: #3366ff;\" href=\"https:\/\/freepd.com\/misc.php\" target=\"_blank\" rel=\"noopener noreferrer\">A good bass for gambling<\/a><\/span>, de Komiku.<\/h6>\n<p>Pero si lo que buscas es el texto de este cuento de un caracol para ni\u00f1os y as\u00ed poderlo leer con tu propia voz, te dejamos el texto a continuaci\u00f3n Para hacerlo m\u00e1s envolvente, <strong>puedes poner esta m\u00fasica de fondo<\/strong> mientras se lo lees a tu peque.<\/p>\n<p><iframe loading=\"lazy\" style=\"border-radius: 12px;\" src=\"https:\/\/open.spotify.com\/embed\/track\/6DuWrC8ftKLVnzPmVC5rsk?utm_source=generator\" width=\"600\" height=\"80\" frameborder=\"0\" allowfullscreen=\"allowfullscreen\"><\/iframe><\/p>\n<h2>El caracol atrapado en el tiempo<\/h2>\n<p>Floppy era un caracol. Y, como todos los caracoles, era muuuuy lento.\u00a0Viv\u00eda en un macizo de verdes y sabrosos tr\u00e9boles. Pero Floppy era curioso. Se preguntaba qu\u00e9 habr\u00eda al otro lado del macetero.\u00a0Adem\u00e1s, \u00a1estaba harto de comer tr\u00e9bol, quer\u00eda descubrir otros sabores, otras texturas\u2026!\u00a0As\u00ed que un d\u00eda decidi\u00f3 explorar m\u00e1s all\u00e1 de su macizo de tr\u00e9boles.<\/p>\n<p>-\u00a1Hola! -salud\u00f3 Floppy a una hormiga.<br \/>\n-Aparta, por favor. Est\u00e1s llenando de babas nuestro hormiguero.<\/p>\n<p>Las hormigas eran muy educadas, muy disciplinadas, todas igualitas y trabajaban con una coordinaci\u00f3n envidiable. Floppy estaba seguro de que, m\u00e1s que peque\u00f1os bichitos individuales, las hormigas eran piezas id\u00e9nticas de un mismo engranaje.<\/p>\n<p>-Perdona. Lo siento mucho -dijo Floppy apart\u00e1ndose lentamente de la entrada del hormiguero- \u00bfSabes c\u00f3mo puedo llegar hasta las matas de margaritas?<br \/>\n-\u00a1Claro! Trepa hasta el borde del macetero y dir\u00edgete hacia la derecha.<br \/>\n-\u00a1Gracias!<\/p>\n<p>Con lento deslizar, Floppy se puso en marcha. Al cabo de un buen rato, lleg\u00f3 hasta las margaritas. \u00a1Qu\u00e9 lugar tan bonito!\u00a0Estaba a punto de dar un gran mordisco a una de aquellas dentadas hojas, cuando not\u00f3 que una sombra se cern\u00eda sobre \u00e9l. \u00a1Y se asust\u00f3!<\/p>\n<p>Sin pensarlo, se escondi\u00f3 en su concha. Not\u00f3 unos movimientos, unos ruidos muy extra\u00f1os\u2026 \u00a1Parec\u00eda como si su cuerpo flotara por el aire!\u00a0Al fin, todo pas\u00f3. Cuando estuvo seguro de que ya no hab\u00eda peligro, asom\u00f3 con cautela los cuernos.\u00a0Mir\u00f3 a la izquierda y a la derecha. Sac\u00f3, poco a poco, el cuerpo de su caparaz\u00f3n.\u00a0\u00a1Qu\u00e9 extra\u00f1o! De nuevo estaba en el macizo de tr\u00e9boles.<\/p>\n<p>-\u00a1Hola! -salud\u00f3 Floppy a la hormiga.<br \/>\n-Aparta, por favor. Est\u00e1s llenando de babas nuestro hormiguero.<\/p>\n<p>Floppy no entend\u00eda nada, pero era cierto. Estaba de nuevo sobre el hormiguero.<\/p>\n<p>-Perdona. Lo siento mucho. No s\u00e9 c\u00f3mo he llegado hasta aqu\u00ed\u2026 quer\u00eda ir hasta las matas de margaritas, pero\u2026<br \/>\n-Para llegar a las margaritas, trepa hasta el borde del macetero y dir\u00edgete hacia la derecha.<br \/>\n-\u00a1Gracias!<\/p>\n<p>Floppy se volvi\u00f3 a poner en camino. Y lleg\u00f3, por segunda vez, hasta las margaritas. Pero entonces, la misma sombra se abalanz\u00f3 sobre \u00e9l. Y, asustado, volvi\u00f3 a esconderse en su caparaz\u00f3n.\u00a0Una vez pasado el peligro, volvi\u00f3 a asomar los cuernos, primero, y la cabeza despu\u00e9s. La hormiga le observaba.<\/p>\n<p>-\u00a1Hola! -volvi\u00f3 a saludar Floppy.<br \/>\n-Aparta, por favor. Est\u00e1s llenando de babas nuestro hormiguero.<\/p>\n<p>\u00bfOtra vez? \u00a1Pero qu\u00e9 c\u00f3rcholis estaba pasando!<\/p>\n<p>-Perdona\u2026 otra vez\u2026 yo estaba en las matas de margaritas pero&#8230;<br \/>\n-Para llegar a las margaritas, trepa hasta el borde del macetero y dir\u00edgete hacia la derecha.<br \/>\n-\u00a1Gracias!<\/p>\n<p>No hace falta decir que Floppy, tan pronto lleg\u00f3 hasta las margaritas, apareci\u00f3 de nuevo sobre el hormiguero.<\/p>\n<p>-\u00a1Hola!<br \/>\n-Aparta, por favor. Est\u00e1s llenando de babas nuestro hormiguero.<\/p>\n<p>Y lo intent\u00f3 una y otra vez y otra vez\u2026<\/p>\n<p>-\u00a1Hola!<br \/>\n-Aparta, por favor. Est\u00e1s llenando de babas nuestro hormiguero.<\/p>\n<p>Entonces Floppy se dio cuenta de lo que estaba ocurriendo \u00a1Estaba atrapado en el tiempo! \u00a1S\u00ed, eso era! \u00a1Tan pronto llegaba hasta las margaritas, por arte de magia, viajaba al pasado! Los mismos tr\u00e9boles, la misma hormiga, encima del mismo hormiguero\u2026 \u00a1Era de locos!<\/p>\n<p>A\u00fan as\u00ed, no se dio por vencido y decidi\u00f3 intentarlo una vez m\u00e1s. Durante el laaargo camino, Floppy pens\u00f3 que, si quer\u00eda un final diferente a su aventura, deb\u00eda actuar de manera distinta.\u00a0As\u00ed que tan pronto not\u00f3 la sombra abalanz\u00e1ndose sobre \u00e9l, se mantuvo firme\u2026 y no se escondi\u00f3. Vio c\u00f3mo, efectivamente, su cuerpo se desprend\u00eda del suelo y comenzaba a flotar.<\/p>\n<p>-\u00a1Abuela, otra vez el caracol! Todo el rato se va hacia las margaritas -escuch\u00f3 decir a una vocecita infantil.<br \/>\n-Vuelve a ponerlo entre los tr\u00e9boles, as\u00ed no se comer\u00e1 las flores -respondi\u00f3 la abuela de la ni\u00f1a.<\/p>\n<p>De nuevo sobre el hormiguero, Floppy comprendi\u00f3: cada vez que llegaba hasta las margaritas, una ni\u00f1a humana volv\u00eda a colocarlo sobre el hormiguero. \u00a1Estaba claro que no lo quer\u00edan all\u00ed! Pero, \u00bfy la hormiga?<\/p>\n<p>-\u00a1Hola!<br \/>\n-Aparta, por favor. Est\u00e1s llenando de babas nuestro hormiguero.<br \/>\n-S\u00ed, ya me lo has dicho\u2026 VARIAS veces.<br \/>\n-No entiendo. \u00bfVarias veces? Es la primera vez que hablamos hoy -se sorprendi\u00f3 la hormiga.<\/p>\n<p>\u00a1Entonces Floppy levant\u00f3 sus cuernecitos y mir\u00f3 alrededor. Hab\u00eda un mont\u00f3n de hormigas cerca del hormiguero. \u00a1As\u00ed que no hab\u00eda estado hablando con la misma! Claro, es que TODAS le parec\u00edan IGUALES. Y todas se comportaban igual.<\/p>\n<p>Una vez resuelto el misterio, Floppy entendi\u00f3 lo importante que era ser observador, no dar nada por hecho y, sobre todo, que las situaciones extra\u00f1as suelen tener una explicaci\u00f3n sencilla, aunque, a veces, inventemos razones descabelladas.<\/p>\n<p>\u00a1Ah! Pero no cre\u00e1is que Floppy se rindi\u00f3. Esper\u00f3 hasta que se hizo de noche y los humanos se fueron a dormir para llegar hasta las matas de margaritas y darse un gran fest\u00edn.<\/p>\n<h2>Curiosidades sobre los caracoles para ni\u00f1os<\/h2>\n<p>Los caracoles<strong> son moluscos gaster\u00f3podos que cargan con una concha en espiral<\/strong> que utilizan para refugiarse o protegerse del exterior. \u00a1Por eso se dice que el caracol siempre lleva su casa a cuestas! La concha de los caracoles crece con ellos, por lo que no necesitan cambiarla, como s\u00ed hacen otros animales cuando se les queda peque\u00f1a.<\/p>\n<p><strong>No existen caracoles chica y caracoles chico. \u00a1Los caracoles son hermafroditas!<\/strong> Esto quiere decir que son chico y chica al mismo tiempo. \u00a1Alucinante! Estos simp\u00e1ticos animalitos, a pesar de tener los ojos al final de sus largos cuernos, no ven muy bien. Tampoco oyen y se gu\u00edan, sobre todo, por su olfato. No tienen dientes, as\u00ed que raspan las hojas para alimentarse.<\/p>\n<p>Para moverse, los caracoles se arrastran sobre su cuerpo. Esto les convierte en animales muy lentos.<strong> Si un caracol se moviera sin parar tardar\u00eda una semana en recorrer un kil\u00f3metro<\/strong>, mientras que t\u00fa puedes recorrerlo en unos 15 minutos.<\/p>\n<p>Acabemos con un poco de sabidur\u00eda: Albert Einstein, considerado el cient\u00edfico m\u00e1s importante del siglo XX, dijo:<strong> \u201cSi buscas resultados distintos no hagas siempre lo mismo\u201d<\/strong>. Y este consejo es el que sigui\u00f3 el caracol Floppy para conseguir cambiar el rumbo de su historia. \u00a1A ti tambi\u00e9n te puede ser muy \u00fatil! Recu\u00e9rdalo.<\/p>\n<h2>Cuentos de caracoles para ni\u00f1os, \u00bfpor qu\u00e9 les gustan tanto?<\/h2>\n<p>Existe un importante n\u00famero de b\u00fasquedas en internet sobre cuentos de caracoles para ni\u00f1os, y no es de extra\u00f1ar si tenemos en cuenta<strong> el inter\u00e9s que despiertan estos animalitos en los m\u00e1s peque\u00f1os<\/strong>. \u00a1Un caracol es el animal ideal para que los ni\u00f1os tengan su primer contacto con el reino animal natural!<\/p>\n<p>Todos los ni\u00f1os han encontrado alg\u00fan caracol en un jard\u00edn siendo muy peque\u00f1itos y, la gran mayor\u00eda, enseguida se han sentido atra\u00eddos por un animal inofensivo, extra\u00f1o, que pueden manipular y saben (por la reacci\u00f3n de simpat\u00eda de suspap\u00e1s y mam\u00e1s) que no les har\u00e1 da\u00f1o. <strong>Los caracoles, a ojos de un ni\u00f1o, son un animal tan extra\u00f1o como sorprendente<\/strong>: cargan con su propia casa, son asustadizos y se esconden r\u00e1pidamente, dejan un rastro de babas que les hace mucha gracia y tienen los ojos al final de unos largos cuernecitos retr\u00e1ctiles muy divertidos. \u00a1No se puede pedir m\u00e1s!<\/p>\n<p>Es precisamente esta simpat\u00eda que los caracoles despiertan en los ni\u00f1os lo que ha favorecido que <strong>estos tranquilos bichitos de jard\u00edn se conviertan en protagonistas de numerosos cuentos<\/strong> y f\u00e1bulas. Adem\u00e1s, al ser muy lentos, siempre dan juego para una trama en la que el caracol debe lograr algo, pero no es capaz debido a su lentitud. \u00a1Y en Mumablue no quer\u00edamos dejar pasar la oportunidad de dedicarles uno de nuestros cuentos para leer a los ni\u00f1os!<\/p>\n<h2>Cuento de un caracol para ni\u00f1os \u00a1Y muchos m\u00e1s, gratis<\/h2>\n<p>Este cuento de un caracol para ni\u00f1os no es el \u00fanico que en <a href=\"https:\/\/www.mumablue.com\/?utm_source=blog&amp;utm_medium=link&amp;utm_campaign=p\u00e1ginas-audiocuentos&amp;utm_content=cuento-caracol\"><span style=\"color: #3366ff;\">Mumablue<\/span><\/a> tenemos gratis para tu peque. Puedes encontrar <a href=\"https:\/\/www.mumablue.com\/blog\/cuentos-infantiles-para-leer-cortos-gratis\/\"><span style=\"color: #3366ff;\">muchos m\u00e1s cuentos gratis<\/span><\/a> dedicados a todo tipo de seres, reales o imaginarios: <strong>dragones, hadas, ping\u00fcinos, cangrejos, duendes, medusas, vikingos, mariposas, piratas&#8230;<\/strong> \u00a1Hay todo tipo de personajes y para todos los gustos! Ah, y si lo que le gusta es la poes\u00eda, tambi\u00e9n le ofrecemos numerosos <span style=\"color: #3366ff;\"><a style=\"color: #3366ff;\" href=\"https:\/\/www.mumablue.com\/blog\/poesias-para-ninos-cortas\/\">poemas para ni\u00f1os gratis<\/a><\/span> y muy divertidos.<\/p>\n<p>\u00bfOs ha gustado este cuento de un caracol para leer a los ni\u00f1os? \u00a1Pues no os pod\u00e9is perder el resto! Adem\u00e1s, <strong>todos nuestros cuentos y poemas para leer se acompa\u00f1an siempre de su respectivo audiocuento<\/strong>, narrados o dramatizados y que suponen una experiencia inmersiva y alejada de las pantallas que har\u00e1 que vuele su imaginaci\u00f3n.<\/p>\n<p>Imagen: <span style=\"color: #3366ff;\"><a style=\"color: #3366ff;\" href=\"https:\/\/www.freepik.es\/brgfx\" target=\"_blank\" rel=\"noopener noreferrer\">freepik &#8211; brgfx<\/a><\/span><\/p>\n<div style='text-align:left' class='yasr-auto-insert-visitor'><\/div>","protected":false},"excerpt":{"rendered":"<p>\u00bfBuscas un cuento de un caracol para ni\u00f1os realmente sorprendente y divertido? \u00a1Est\u00e1s en el lugar adecuado! El cuento \u00abel caracol atrapado en el tiempo\u00bb es mucho m\u00e1s que una historia: es un relato en el que se plantea un enigma que el ni\u00f1o tratar\u00e1 de descifrar a medida que avanza la trama. Floppy es [&hellip;]<\/p>\n","protected":false},"author":6,"featured_media":0,"parent":0,"menu_order":0,"comment_status":"closed","ping_status":"closed","template":"","meta":{"yasr_overall_rating":0,"yasr_post_is_review":"","yasr_auto_insert_disabled":"","yasr_review_type":""},"yasr_visitor_votes":{"number_of_votes":184,"sum_votes":838,"stars_attributes":{"read_only":false,"span_bottom":false}},"yoast_head":"<!-- This site is optimized with the Yoast SEO plugin v14.5 - https:\/\/yoast.com\/wordpress\/plugins\/seo\/ -->\n<meta name=\"description\" content=\"Descubre cuento de un caracol para ni\u00f1os en el que tendr\u00e1n que averiguar qu\u00e9 ocurre. Uno de los cuentos de caracoles para ni\u00f1os m\u00e1s original y divertido.\" \/>\n<meta name=\"robots\" content=\"index, follow\" \/>\n<meta name=\"googlebot\" content=\"index, follow, max-snippet:-1, max-image-preview:large, max-video-preview:-1\" \/>\n<meta name=\"bingbot\" content=\"index, follow, max-snippet:-1, max-image-preview:large, max-video-preview:-1\" \/>\n<link rel=\"canonical\" href=\"https:\/\/www.mumablue.com\/blog\/cuento-de-un-caracol-para-ninos\/\" \/>\n<meta property=\"og:locale\" content=\"es_ES\" \/>\n<meta property=\"og:type\" content=\"article\" \/>\n<meta property=\"og:title\" content=\"Cuento de un caracol para ni\u00f1os: \u00a1Resuelve el enigma! - Blog Mumablue\" \/>\n<meta property=\"og:description\" content=\"Descubre cuento de un caracol para ni\u00f1os en el que tendr\u00e1n que averiguar qu\u00e9 ocurre. Uno de los cuentos de caracoles para ni\u00f1os m\u00e1s original y divertido.\" \/>\n<meta property=\"og:url\" content=\"https:\/\/www.mumablue.com\/blog\/cuento-de-un-caracol-para-ninos\/\" \/>\n<meta property=\"og:site_name\" content=\"Blog Mumablue\" \/>\n<meta property=\"article:publisher\" content=\"https:\/\/www.facebook.com\/mumablue\/\" \/>\n<meta property=\"article:modified_time\" content=\"2025-06-02T13:02:06+00:00\" \/>\n<meta property=\"og:image\" content=\"https:\/\/www.mumablue.com\/blog\/wp-content\/uploads\/2021\/05\/Cuentos-de-caracoles-para-ni\u00f1os.jpg\" \/>\n<meta name=\"twitter:card\" content=\"summary_large_image\" \/>\n<script type=\"application\/ld+json\" class=\"yoast-schema-graph\">{\"@context\":\"https:\/\/schema.org\",\"@graph\":[{\"@type\":\"Organization\",\"@id\":\"https:\/\/www.mumablue.com\/blog\/#organization\",\"name\":\"Mumablue\",\"url\":\"https:\/\/www.mumablue.com\/blog\/\",\"sameAs\":[\"https:\/\/www.facebook.com\/mumablue\/\",\"https:\/\/www.instagram.com\/mumablue\/?hl=es\"],\"logo\":{\"@type\":\"ImageObject\",\"@id\":\"https:\/\/www.mumablue.com\/blog\/#logo\",\"inLanguage\":\"es\",\"url\":\"https:\/\/www.mumablue.com\/blog\/wp-content\/uploads\/2020\/05\/Blog-Mumablue.png\",\"width\":749,\"height\":269,\"caption\":\"Mumablue\"},\"image\":{\"@id\":\"https:\/\/www.mumablue.com\/blog\/#logo\"}},{\"@type\":\"WebSite\",\"@id\":\"https:\/\/www.mumablue.com\/blog\/#website\",\"url\":\"https:\/\/www.mumablue.com\/blog\/\",\"name\":\"Blog Mumablue\",\"description\":\"Un blog de cuentos y audiocuentos gratis para ni\\u00f1os.\",\"publisher\":{\"@id\":\"https:\/\/www.mumablue.com\/blog\/#organization\"},\"potentialAction\":[{\"@type\":\"SearchAction\",\"target\":\"https:\/\/www.mumablue.com\/blog\/?s={search_term_string}\",\"query-input\":\"required name=search_term_string\"}],\"inLanguage\":\"es\"},{\"@type\":\"ImageObject\",\"@id\":\"https:\/\/www.mumablue.com\/blog\/cuento-de-un-caracol-para-ninos\/#primaryimage\",\"inLanguage\":\"es\",\"url\":\"https:\/\/www.mumablue.com\/blog\/wp-content\/uploads\/2021\/05\/Cuentos-de-caracoles-para-ni\\u00f1os.jpg\",\"width\":500,\"height\":500,\"caption\":\"cuento de un caracol para ni\\u00f1os\"},{\"@type\":\"WebPage\",\"@id\":\"https:\/\/www.mumablue.com\/blog\/cuento-de-un-caracol-para-ninos\/#webpage\",\"url\":\"https:\/\/www.mumablue.com\/blog\/cuento-de-un-caracol-para-ninos\/\",\"name\":\"Cuento de un caracol para ni\\u00f1os: \\u00a1Resuelve el enigma! - Blog Mumablue\",\"isPartOf\":{\"@id\":\"https:\/\/www.mumablue.com\/blog\/#website\"},\"primaryImageOfPage\":{\"@id\":\"https:\/\/www.mumablue.com\/blog\/cuento-de-un-caracol-para-ninos\/#primaryimage\"},\"datePublished\":\"2021-05-10T16:38:35+00:00\",\"dateModified\":\"2025-06-02T13:02:06+00:00\",\"description\":\"Descubre cuento de un caracol para ni\\u00f1os en el que tendr\\u00e1n que averiguar qu\\u00e9 ocurre. Uno de los cuentos de caracoles para ni\\u00f1os m\\u00e1s original y divertido.\",\"inLanguage\":\"es\",\"potentialAction\":[{\"@type\":\"ReadAction\",\"target\":[\"https:\/\/www.mumablue.com\/blog\/cuento-de-un-caracol-para-ninos\/\"]}]}]}<\/script>\n<!-- \/ Yoast SEO plugin. -->","_links":{"self":[{"href":"https:\/\/www.mumablue.com\/blog\/wp-json\/wp\/v2\/pages\/3938"}],"collection":[{"href":"https:\/\/www.mumablue.com\/blog\/wp-json\/wp\/v2\/pages"}],"about":[{"href":"https:\/\/www.mumablue.com\/blog\/wp-json\/wp\/v2\/types\/page"}],"author":[{"embeddable":true,"href":"https:\/\/www.mumablue.com\/blog\/wp-json\/wp\/v2\/users\/6"}],"replies":[{"embeddable":true,"href":"https:\/\/www.mumablue.com\/blog\/wp-json\/wp\/v2\/comments?post=3938"}],"version-history":[{"count":11,"href":"https:\/\/www.mumablue.com\/blog\/wp-json\/wp\/v2\/pages\/3938\/revisions"}],"predecessor-version":[{"id":7588,"href":"https:\/\/www.mumablue.com\/blog\/wp-json\/wp\/v2\/pages\/3938\/revisions\/7588"}],"wp:attachment":[{"href":"https:\/\/www.mumablue.com\/blog\/wp-json\/wp\/v2\/media?parent=3938"}],"curies":[{"name":"wp","href":"https:\/\/api.w.org\/{rel}","templated":true}]}}