{"id":3823,"date":"2021-04-13T08:36:11","date_gmt":"2021-04-13T08:36:11","guid":{"rendered":"https:\/\/mumablue.com\/blog\/?page_id=3823"},"modified":"2025-05-29T13:24:05","modified_gmt":"2025-05-29T13:24:05","slug":"cuento-sobre-la-muerte-de-una-mascota-para-ninos","status":"publish","type":"page","link":"https:\/\/www.mumablue.com\/blog\/cuento-sobre-la-muerte-de-una-mascota-para-ninos\/","title":{"rendered":"Cuento sobre la muerte de una mascota para ni\u00f1os"},"content":{"rendered":"<p><a href=\"https:\/\/www.mumablue.com\/blog\/wp-content\/uploads\/2021\/04\/Polvo-de-estrellas_.jpg\"><img decoding=\"async\" loading=\"lazy\" class=\"alignnone wp-image-3824 size-full\" src=\"https:\/\/www.mumablue.com\/blog\/wp-content\/uploads\/2021\/04\/Polvo-de-estrellas_.jpg\" alt=\"Cuento sobre la muerte de una mascota\" width=\"500\" height=\"500\" srcset=\"https:\/\/www.mumablue.com\/blog\/wp-content\/uploads\/2021\/04\/Polvo-de-estrellas_.jpg 500w, https:\/\/www.mumablue.com\/blog\/wp-content\/uploads\/2021\/04\/Polvo-de-estrellas_-300x300.jpg 300w, https:\/\/www.mumablue.com\/blog\/wp-content\/uploads\/2021\/04\/Polvo-de-estrellas_-150x150.jpg 150w\" sizes=\"(max-width: 500px) 100vw, 500px\" \/><\/a><\/p>\n<p>Aqu\u00ed tienes un cuento sobre la muerte de una mascota para leer a los ni\u00f1os con un bonito mensaje: todos <strong>nuestros queridos animalitos, cuando se hacen viejos, van a parar a un jard\u00edn secreto<\/strong> donde desaparecen todos sus dolores y enfermedades, y vuelven a ser tan \u00e1giles y alegres como cuando eran cachorros. Una historia que transmite la idea de que las mascotas acaban sus d\u00edas en un lugar en el que son felices.<\/p>\n<p>Tambi\u00e9n lo tenemos disponible en audiocuento, perteneciente a nuestro podcast \u00ab<span style=\"color: #0000ff;\"><a style=\"color: #0000ff;\" href=\"https:\/\/www.mumablue.com\/blog\/pequehistorias\/\">Pequehistorias<\/a><\/span>\u00ab.<strong> \u00a1Si no tienes tiempo para le\u00e9rselo t\u00fa, se lo contamos nosotros!<\/strong><\/p>\n<h2>Audiocuento muerte mascota<\/h2>\n<h6><script src=\"https:\/\/www.buzzsprout.com\/937792\/8318962-polvo-de-estrellas.js?container_id=buzzsprout-player-8318962&amp;player=small\" type=\"text\/javascript\" charset=\"utf-8\"><\/script>M\u00fasica: CC0 <span style=\"color: #0000ff;\"><a style=\"color: #0000ff;\" href=\"https:\/\/freepd.com\/Page2\/\" target=\"_blank\" rel=\"noopener noreferrer\">New Age C Chimer<\/a><\/span>, por Frank Nora; <a href=\"https:\/\/freepd.com\/horror.php\" target=\"_blank\" rel=\"noopener noreferrer\"><span style=\"color: #0000ff;\">Satin danger<\/span><\/a>, por Kevin MacLeod; <span style=\"color: #0000ff;\"><a style=\"color: #0000ff;\" href=\"https:\/\/freepd.com\/misc.php\" target=\"_blank\" rel=\"noopener noreferrer\">Forest night<\/a><\/span>, por Phase Shift; <span style=\"color: #0000ff;\"><a style=\"color: #0000ff;\" href=\"https:\/\/freepd.com\/misc.php\">Journey of hope<\/a><\/span>, por Alexander Nakarada.<\/h6>\n<h2><a href=\"https:\/\/www.mumablue.com\/esp\/nuestros-cuentos-personalizados\/aventuras-en-alaska?utm_source=blog&amp;utm_medium=banner&amp;utm_campaign=p\u00e1ginas-audiocuentos&amp;utm_content=muerte-mascota\" target=\"_blank\" rel=\"noopener noreferrer\"><img decoding=\"async\" loading=\"lazy\" class=\"alignnone wp-image-4633 size-full\" src=\"https:\/\/www.mumablue.com\/blog\/wp-content\/uploads\/2021\/07\/cuento-de-animales-personalizado.jpg\" alt=\"cuento de animales para leer\" width=\"715\" height=\"162\" srcset=\"https:\/\/www.mumablue.com\/blog\/wp-content\/uploads\/2021\/07\/cuento-de-animales-personalizado.jpg 715w, https:\/\/www.mumablue.com\/blog\/wp-content\/uploads\/2021\/07\/cuento-de-animales-personalizado-300x68.jpg 300w, https:\/\/www.mumablue.com\/blog\/wp-content\/uploads\/2021\/07\/cuento-de-animales-personalizado-624x141.jpg 624w\" sizes=\"(max-width: 715px) 100vw, 715px\" \/><\/a><\/h2>\n<h2>Cuento sobre la muerte de una mascota que los pap\u00e1s pueden adaptar a su propio hijo<\/h2>\n<p>\u00abPolvo de estrellas\u00bb es un cuento que ofrece alivio a los peques que acaban de perder a su querido animalito, tambi\u00e9n adecuado para leer a esos ni\u00f1os cuya mascota ya es muy viejecita y empieza a asomar en la familia el temor a que el ni\u00f1o sufra cuando muera. <strong>En \u00abPolvo de estrellas\u00bb ofrecemos un discurso alternativo al de \u00abel cielo de los perros\u00bb<\/strong> que para los ni\u00f1os puede ser m\u00e1s dif\u00edcil de comprender por su abstracci\u00f3n y que, adem\u00e1s, implica hacer una referencia expl\u00edcita a la muerte. Dejamos en manos del pap\u00e1 o la mam\u00e1 ser m\u00e1s o menos claros con respecto a la muerte, pues nuestro enfoque se detiene en el envejecimiento.<\/p>\n<p>En este cuento sobre la muerte de una mascota<strong> no hemos querido mencionar la muerte\u00a0 para no herir los sentimientos de los peques<\/strong>, pero s\u00ed a su antesala: la vejez. Los adultos podr\u00e1n comprender cu\u00e1l es la verdadera naturaleza de este jard\u00edn secreto al que van las mascotas cuando envejecen gracias al gui\u00f1o utilizado para nombrar a la cuidadora de este jard\u00edn, la se\u00f1ora Estigia, en referencia a la laguna que, en la mitolog\u00eda griega, se dec\u00eda que <strong>atravesaban las almas de los difuntos transportados por el barquero Caronte<\/strong>, tal y como el poeta Virgilio relat\u00f3 en \u00abLa Eneida\u00bb.<\/p>\n<p>Ahora que ya sabes lo que nos ha motivado a escribir este cuento sobre la muerte de una mascota, te invitamos a que se lo leas a tu peque, tenga o no mascota. \u00a1Lo disfrutar\u00e1 igual! Y<strong> te dejamos una m\u00fasica para poner de fondo y crear un ambiente de lectura m\u00e1gico<\/strong>:<\/p>\n<p><iframe style=\"border: 0; width: 90%; height: 42px;\" src=\"https:\/\/bandcamp.com\/EmbeddedPlayer\/album=511335925\/size=small\/bgcol=ffffff\/linkcol=0687f5\/track=2487522227\/transparent=true\/\" seamless=\"\"><span data-mce-type=\"bookmark\" style=\"display: inline-block; width: 0px; overflow: hidden; line-height: 0;\" class=\"mce_SELRES_start\">\ufeff<\/span><span data-mce-type=\"bookmark\" style=\"display: inline-block; width: 0px; overflow: hidden; line-height: 0;\" class=\"mce_SELRES_start\">\ufeff<\/span><span data-mce-type=\"bookmark\" style=\"display: inline-block; width: 0px; overflow: hidden; line-height: 0;\" class=\"mce_SELRES_start\">\ufeff<\/span><a href=\"https:\/\/alexandernakarada.bandcamp.com\/album\/collection-acoustic-ballad\">Collection &#8211; Acoustic &amp; Ballad by Alexander Nakarada<\/a><\/iframe><\/p>\n<h2>Polvo de estrellas<\/h2>\n<p>Cuenta la leyenda que todos estamos hechos de polvo de estrella. Si hay m\u00e1s estrellas que la suma de granos de arena de todas las playas del mundo, imaginad lo dif\u00edcil que es que dos almas gemelas se encuentren. Pero a veces ocurre. Cuando dos seres provienen de la misma estrella se dice que est\u00e1n destinados a encontrarse y que siempre existir\u00e1 entre ellos una conexi\u00f3n especial.<\/p>\n<p>Maya y Chispo se volvieron inseparables desde el momento en que se conocieron. \u00a1Es indudable que estaban hechos del polvo de la misma estrella!<\/p>\n<p>Chispo siempre esperaba paciente a que Maya regresara del colegio. Les encantaba salir juntos de aventuras. Aunque Chispo ya era un perro bastante viejecito, siempre estaba pendiente de su adorada ni\u00f1a.<\/p>\n<p>Pero una ma\u00f1ana, Maya se despert\u00f3 y Chispo no estaba. Busc\u00f3 por todos los rincones de la casa. \u00a1Pero no hab\u00eda ni rastro! Hasta peg\u00f3 carteles por todo el barrio y los vecinos le ayudaron a buscar. Pero Chispo no aparec\u00eda y Maya estaba realmente triste.<\/p>\n<p>Paseando con des\u00e1nimo, repar\u00f3 en el \u00fanico lugar donde no hab\u00eda buscado: una casa de aspecto descuidado, oculta tras un jard\u00edn de espesa maleza. \u00a1Pareciera como si no lo hubieran cuidado en a\u00f1os!<\/p>\n<p>Maya se arm\u00f3 de valor y se dirigi\u00f3 hacia la casa.\u00a0 La hierba era tan alta que apenas pod\u00eda avanzar ni ver nada. Llam\u00f3 a la puerta, pero nadie contest\u00f3.<\/p>\n<p>Maya se dio cuenta de que la puerta estaba entornada, as\u00ed que la empuj\u00f3 un poquito, se asom\u00f3 t\u00edmidamente y grit\u00f3:<\/p>\n<p>-\u00bfHola? \u00bfHay alguien?<\/p>\n<p>Pero nadie contest\u00f3, de modo que Maya empuj\u00f3 un poco m\u00e1s la puerta, que se abri\u00f3 con un largo gemido de goznes, y entr\u00f3 en la misteriosa casa. Observ\u00f3 que hab\u00eda extra\u00f1os artilugios por todas partes, adem\u00e1s de correas y jaulas de todos los tama\u00f1os. De las paredes colgaban un mont\u00f3n de cuadros con retratos de mascotas<\/p>\n<p>Maya pens\u00f3 que quien viv\u00eda ah\u00ed hab\u00eda usado esos artilugios para capturar a los animales y podr\u00eda tener atrapado a Chispo.<\/p>\n<p>De pronto, una figura emergi\u00f3 de las sombras. Era una mujer ancian\u00edsima. Su pelo era ya blanco como la nieve y estaba recogido en un enorme mo\u00f1o que hab\u00eda adornado con plumas de distintos colores. Estaba tan encorvada que casi no pod\u00eda mirar al frente y su piel estaba surcada por millones de profundas arrugas. \u00a1Es una bruja!, pens\u00f3 Maya.<\/p>\n<p>&#8211; \u00bfPuedo ayudarte, joven? -pregunt\u00f3 la anciana surgida de las sombres.<br \/>\n&#8211; \u00a1Ah! Devu\u00e9lveme a Chispo. \u00bfD\u00f3nde lo tienes escondido? -acus\u00f3 Maya.<br \/>\n-\u00bfQui\u00e9n es Chispo? -se sorprendi\u00f3 la mujer.<br \/>\n-\u00a1Es mi perro y ha desaparecido! S\u00e9 que est\u00e1 aqu\u00ed.<\/p>\n<p>La anciana se qued\u00f3 un rato mirando a Maya. Al cabo de unos segundos, dijo.<\/p>\n<p>\u2013Ven conmigo, quiz\u00e1 pueda ayudarte. Por cierto, soy la se\u00f1ora Estigia.<\/p>\n<p>Entonces la se\u00f1ora Estigia dio media vuelta y con un movimiento gr\u00e1cil, casi como si flotara sobre el suelo, desapareci\u00f3 por un pasillo.<\/p>\n<p>Maya la sigui\u00f3 lo m\u00e1s r\u00e1pido que pudo hasta llegar al jard\u00edn trasero. La vegetaci\u00f3n segu\u00eda siendo espesa y tuvo que atravesar varias enredaderas y zafarse de ramas de formas caprichosas antes de llegar a una enorme y misteriosa puerta de piedra.<\/p>\n<p>La puerta llevaba a un lugar extraordinario, un mundo lleno de flores, de colores. La brisa era suave, luc\u00eda el sol y se escuchaba el canto de los p\u00e1jaros. En \u00e9l corr\u00edan y saltaban todas las mascotas que uno pueda imaginar. Algunos animales que Maya hab\u00eda visto en los cuadros corrieron a saludar a la se\u00f1ora Estigia.<\/p>\n<p>Entre ellos se encontraba Chispo que, al ver a su amita, se lanz\u00f3 sobre ella y le llen\u00f3 la cara de cari\u00f1osos leng\u00fcetazos. \u00a1Maya no pod\u00eda contener las l\u00e1grimas de alegr\u00eda!<\/p>\n<p>-\u00a1Chispo, est\u00e1s aqu\u00ed! \u00bfPor qu\u00e9 te has escapado? Me has dado un susto de muerte -solloz\u00f3 la ni\u00f1a.<\/p>\n<p>Entonces la se\u00f1ora Estigia intervino:<\/p>\n<p>-No se ha escapado. A este jard\u00edn vienen a vivir las mascotas cuando ya son demasiado viejas. Al llegar aqu\u00ed sus enfermedades desaparecen: dejan de sentir dolor en sus huesos, recuperan la vista y vuelven a ser tan \u00e1giles como cuando eran cachorros.<\/p>\n<p>Maya se sinti\u00f3 muy aliviada al descubrir que a Chispo ya no le doler\u00eda nada nunca m\u00e1s. Tambi\u00e9n se puso muy contenta cuando vio lo bien que lo pasaba en compa\u00f1\u00eda de otros animales. Estuvieron toda la tarde jugando. Al caer el sol, la se\u00f1ora Estigia le dijo a Maya que ten\u00eda que irse.<\/p>\n<p>-\u00bfPodr\u00e9 volver a visitar a Chispo otro d\u00eda? -casi suplic\u00f3 Maya.<br \/>\nLo cierto es que normalmente no acepto visitas &#8211; respondi\u00f3 la se\u00f1ora Estigia.<\/p>\n<p>La anciana estaba recostada contra una columna de piedra por la que trepaba una brillante enredadera. Parec\u00eda muy cansada. Entonces dijo:<\/p>\n<p>-No suelo hacer excepciones, pero me hago vieja, peque\u00f1a. Pronto no podr\u00e9 cuidar de mis animalitos. \u00bfQu\u00e9 te parecer\u00eda venir a ayudarme todos los d\u00edas al salir del colegio?<br \/>\n-\u00a1Me encantar\u00eda! -grit\u00f3 Maya con entusiasmo.<\/p>\n<p>Desde entonces, Maya iba muchas tardes a visitar a la se\u00f1ora Estigia. La ayudaba con el jard\u00edn y a cuidar de los animales. Cada vez eran m\u00e1s y el m\u00e1gico jard\u00edn se iba estirando hasta hacerse m\u00e1s y m\u00e1s grande. Maya creci\u00f3 y se hizo veterinaria. Y cuando la se\u00f1ora Estigia muri\u00f3, se qued\u00f3 a cargo de aquel para\u00edso animal, con su fiel amigo Chispo como ayudante. No cabe duda: \u00a1Maya y Chispo estaban hechos del polvo de la misma estrella!<\/p>\n<h2><a href=\"https:\/\/www.mumablue.com\/esp\/nuestros-cuentos-personalizados\/aventuras-en-alaska?utm_source=blog&amp;utm_medium=banner&amp;utm_campaign=p\u00e1ginas-audiocuentos&amp;utm_content=muerte-mascota\" target=\"_blank\" rel=\"noopener noreferrer\"><img decoding=\"async\" loading=\"lazy\" class=\"alignnone wp-image-4633 size-full\" src=\"https:\/\/www.mumablue.com\/blog\/wp-content\/uploads\/2021\/07\/cuento-de-animales-personalizado.jpg\" alt=\"cuento de animales para leer\" width=\"715\" height=\"162\" srcset=\"https:\/\/www.mumablue.com\/blog\/wp-content\/uploads\/2021\/07\/cuento-de-animales-personalizado.jpg 715w, https:\/\/www.mumablue.com\/blog\/wp-content\/uploads\/2021\/07\/cuento-de-animales-personalizado-300x68.jpg 300w, https:\/\/www.mumablue.com\/blog\/wp-content\/uploads\/2021\/07\/cuento-de-animales-personalizado-624x141.jpg 624w\" sizes=\"(max-width: 715px) 100vw, 715px\" \/><\/a><\/h2>\n<h2>Muchos m\u00e1s cuentos, poemas y audiocuentos gratis<\/h2>\n<p>Este cuento sobre la muerte de una mascota forma parte de una colecci\u00f3n de <strong>cuentos digitales que Mumablue pone a disposici\u00f3n de los ni\u00f1os de manera totalmente gratuita<\/strong>. Se trata de un cuento incluido dentro de la categor\u00eda \u00abValores\u00bb, pero ofrecemos cuentos de diferentes estilos y g\u00e9neros, para que cada peque encuentre sus favoritos. Puedes acceder a todos ellos en nuestra p\u00e1gina de <a href=\"https:\/\/www.mumablue.com\/blog\/cuentos-infantiles-para-leer-cortos-gratis\/\"><span style=\"color: #0000ff;\">cuentos infantiles gratis<\/span><\/a><span style=\"color: #0000ff;\">.<\/span><\/p>\n<p>All\u00ed encontrar\u00e1s historias de fantas\u00eda, aventura, humor, cuentos teatralizados, reinvenci\u00f3n de cuentos cl\u00e1sicos, \u00abde miedo\u00bb&#8230; \u00a1Todos con su correspondiente audiocuento! Pero, es m\u00e1s: <strong>si tu peque tambi\u00e9n disfruta con la poes\u00eda, ofrecemos distintos <span style=\"color: #0000ff;\"><a style=\"color: #0000ff;\" href=\"https:\/\/www.mumablue.com\/blog\/poesias-para-ninos-cortas\/\">poemas infantiles gratis<\/a><\/span><\/strong> llenos de ternura y humor.<\/p>\n<p>\u00a1Hay m\u00e1s sorpresas todav\u00eda! Todos los audiocuentos de la secci\u00f3n \u00abCat\u00e1logo Mumablue\u00bb est\u00e1n disponibles en <strong>su versi\u00f3n impresa, personalizada en exclusiva para tu peque, donde ser\u00e1 el protagonista exclusivo<\/strong> de la historia y estar\u00e1 representado con su nombre propio y protagonizar\u00e1 todas las ilustraciones mediante un avatar creado en exclusiva a partir de sus rasgos f\u00edsicos. Descubre todos los <span style=\"color: #0000ff;\"><a style=\"color: #0000ff;\" href=\"https:\/\/www.mumablue.com\/esp\/nuestros-cuentos-personalizados?utm_source=blog&amp;utm_medium=blog-content&amp;utm_campaign=article-page&amp;utm_content=mascota\">cuentos personalizados Mumablue<\/a><\/span>, <strong>el mejor regalo para tu peque. <\/strong>Esperamos que este cuento sobre la muerte de una mascota te haya sido \u00fatil.<\/p>\n<div style='text-align:left' class='yasr-auto-insert-visitor'><\/div>","protected":false},"excerpt":{"rendered":"<p>Aqu\u00ed tienes un cuento sobre la muerte de una mascota para leer a los ni\u00f1os con un bonito mensaje: todos nuestros queridos animalitos, cuando se hacen viejos, van a parar a un jard\u00edn secreto donde desaparecen todos sus dolores y enfermedades, y vuelven a ser tan \u00e1giles y alegres como cuando eran cachorros. Una historia [&hellip;]<\/p>\n","protected":false},"author":6,"featured_media":0,"parent":0,"menu_order":0,"comment_status":"closed","ping_status":"closed","template":"","meta":{"yasr_overall_rating":0,"yasr_post_is_review":"","yasr_auto_insert_disabled":"","yasr_review_type":""},"yasr_visitor_votes":{"number_of_votes":13,"sum_votes":60,"stars_attributes":{"read_only":false,"span_bottom":false}},"yoast_head":"<!-- This site is optimized with the Yoast SEO plugin v14.5 - https:\/\/yoast.com\/wordpress\/plugins\/seo\/ -->\n<meta name=\"description\" content=\"Cuento sobre la muerte de una mascota para leer que descubre al ni\u00f1o un para\u00edso imaginario al que se van a vivir las mascotas cuando son viejecitas.\" \/>\n<meta name=\"robots\" content=\"index, follow\" \/>\n<meta name=\"googlebot\" content=\"index, follow, max-snippet:-1, max-image-preview:large, max-video-preview:-1\" \/>\n<meta name=\"bingbot\" content=\"index, follow, max-snippet:-1, max-image-preview:large, max-video-preview:-1\" \/>\n<link rel=\"canonical\" href=\"https:\/\/www.mumablue.com\/blog\/cuento-sobre-la-muerte-de-una-mascota-para-ninos\/\" \/>\n<meta property=\"og:locale\" content=\"es_ES\" \/>\n<meta property=\"og:type\" content=\"article\" \/>\n<meta property=\"og:title\" content=\"Cuento sobre la muerte de una mascota para ni\u00f1os - Blog Mumablue\" \/>\n<meta property=\"og:description\" content=\"Cuento sobre la muerte de una mascota para leer que descubre al ni\u00f1o un para\u00edso imaginario al que se van a vivir las mascotas cuando son viejecitas.\" \/>\n<meta property=\"og:url\" content=\"https:\/\/www.mumablue.com\/blog\/cuento-sobre-la-muerte-de-una-mascota-para-ninos\/\" \/>\n<meta property=\"og:site_name\" content=\"Blog Mumablue\" \/>\n<meta property=\"article:publisher\" content=\"https:\/\/www.facebook.com\/mumablue\/\" \/>\n<meta property=\"article:modified_time\" content=\"2025-05-29T13:24:05+00:00\" \/>\n<meta property=\"og:image\" content=\"https:\/\/www.mumablue.com\/blog\/wp-content\/uploads\/2021\/04\/Polvo-de-estrellas_.jpg\" \/>\n<meta name=\"twitter:card\" content=\"summary_large_image\" \/>\n<script type=\"application\/ld+json\" class=\"yoast-schema-graph\">{\"@context\":\"https:\/\/schema.org\",\"@graph\":[{\"@type\":\"Organization\",\"@id\":\"https:\/\/www.mumablue.com\/blog\/#organization\",\"name\":\"Mumablue\",\"url\":\"https:\/\/www.mumablue.com\/blog\/\",\"sameAs\":[\"https:\/\/www.facebook.com\/mumablue\/\",\"https:\/\/www.instagram.com\/mumablue\/?hl=es\"],\"logo\":{\"@type\":\"ImageObject\",\"@id\":\"https:\/\/www.mumablue.com\/blog\/#logo\",\"inLanguage\":\"es\",\"url\":\"https:\/\/www.mumablue.com\/blog\/wp-content\/uploads\/2020\/05\/Blog-Mumablue.png\",\"width\":749,\"height\":269,\"caption\":\"Mumablue\"},\"image\":{\"@id\":\"https:\/\/www.mumablue.com\/blog\/#logo\"}},{\"@type\":\"WebSite\",\"@id\":\"https:\/\/www.mumablue.com\/blog\/#website\",\"url\":\"https:\/\/www.mumablue.com\/blog\/\",\"name\":\"Blog Mumablue\",\"description\":\"Un blog de cuentos y audiocuentos gratis para ni\\u00f1os.\",\"publisher\":{\"@id\":\"https:\/\/www.mumablue.com\/blog\/#organization\"},\"potentialAction\":[{\"@type\":\"SearchAction\",\"target\":\"https:\/\/www.mumablue.com\/blog\/?s={search_term_string}\",\"query-input\":\"required name=search_term_string\"}],\"inLanguage\":\"es\"},{\"@type\":\"ImageObject\",\"@id\":\"https:\/\/www.mumablue.com\/blog\/cuento-sobre-la-muerte-de-una-mascota-para-ninos\/#primaryimage\",\"inLanguage\":\"es\",\"url\":\"https:\/\/www.mumablue.com\/blog\/wp-content\/uploads\/2021\/04\/Polvo-de-estrellas_.jpg\",\"width\":500,\"height\":500,\"caption\":\"cuento de mascotas para leer\"},{\"@type\":\"WebPage\",\"@id\":\"https:\/\/www.mumablue.com\/blog\/cuento-sobre-la-muerte-de-una-mascota-para-ninos\/#webpage\",\"url\":\"https:\/\/www.mumablue.com\/blog\/cuento-sobre-la-muerte-de-una-mascota-para-ninos\/\",\"name\":\"Cuento sobre la muerte de una mascota para ni\\u00f1os - Blog Mumablue\",\"isPartOf\":{\"@id\":\"https:\/\/www.mumablue.com\/blog\/#website\"},\"primaryImageOfPage\":{\"@id\":\"https:\/\/www.mumablue.com\/blog\/cuento-sobre-la-muerte-de-una-mascota-para-ninos\/#primaryimage\"},\"datePublished\":\"2021-04-13T08:36:11+00:00\",\"dateModified\":\"2025-05-29T13:24:05+00:00\",\"description\":\"Cuento sobre la muerte de una mascota para leer que descubre al ni\\u00f1o un para\\u00edso imaginario al que se van a vivir las mascotas cuando son viejecitas.\",\"inLanguage\":\"es\",\"potentialAction\":[{\"@type\":\"ReadAction\",\"target\":[\"https:\/\/www.mumablue.com\/blog\/cuento-sobre-la-muerte-de-una-mascota-para-ninos\/\"]}]}]}<\/script>\n<!-- \/ Yoast SEO plugin. -->","_links":{"self":[{"href":"https:\/\/www.mumablue.com\/blog\/wp-json\/wp\/v2\/pages\/3823"}],"collection":[{"href":"https:\/\/www.mumablue.com\/blog\/wp-json\/wp\/v2\/pages"}],"about":[{"href":"https:\/\/www.mumablue.com\/blog\/wp-json\/wp\/v2\/types\/page"}],"author":[{"embeddable":true,"href":"https:\/\/www.mumablue.com\/blog\/wp-json\/wp\/v2\/users\/6"}],"replies":[{"embeddable":true,"href":"https:\/\/www.mumablue.com\/blog\/wp-json\/wp\/v2\/comments?post=3823"}],"version-history":[{"count":12,"href":"https:\/\/www.mumablue.com\/blog\/wp-json\/wp\/v2\/pages\/3823\/revisions"}],"predecessor-version":[{"id":7583,"href":"https:\/\/www.mumablue.com\/blog\/wp-json\/wp\/v2\/pages\/3823\/revisions\/7583"}],"wp:attachment":[{"href":"https:\/\/www.mumablue.com\/blog\/wp-json\/wp\/v2\/media?parent=3823"}],"curies":[{"name":"wp","href":"https:\/\/api.w.org\/{rel}","templated":true}]}}