{"id":3788,"date":"2021-04-06T08:11:59","date_gmt":"2021-04-06T08:11:59","guid":{"rendered":"https:\/\/mumablue.com\/blog\/?page_id=3788"},"modified":"2025-05-29T13:21:43","modified_gmt":"2025-05-29T13:21:43","slug":"cuento-de-zombies-para-ninos-muy-divertido","status":"publish","type":"page","link":"https:\/\/www.mumablue.com\/blog\/cuento-de-zombies-para-ninos-muy-divertido\/","title":{"rendered":"Cuento de zombies para ni\u00f1os muy divertido + Audiocuento"},"content":{"rendered":"<p><a href=\"https:\/\/www.mumablue.com\/blog\/wp-content\/uploads\/2021\/04\/audiocuento-de-zombies_.jpg\"><img decoding=\"async\" loading=\"lazy\" class=\"alignnone size-full wp-image-3792\" src=\"https:\/\/www.mumablue.com\/blog\/wp-content\/uploads\/2021\/04\/audiocuento-de-zombies_.jpg\" alt=\"Cuento de zombies para ni\u00f1os\" width=\"500\" height=\"500\" srcset=\"https:\/\/www.mumablue.com\/blog\/wp-content\/uploads\/2021\/04\/audiocuento-de-zombies_.jpg 500w, https:\/\/www.mumablue.com\/blog\/wp-content\/uploads\/2021\/04\/audiocuento-de-zombies_-300x300.jpg 300w, https:\/\/www.mumablue.com\/blog\/wp-content\/uploads\/2021\/04\/audiocuento-de-zombies_-150x150.jpg 150w\" sizes=\"(max-width: 500px) 100vw, 500px\" \/><\/a><\/p>\n<p>\u00bfBuscas un cuento de zombies para ni\u00f1os en el que no hay lugar para el miedo, pero s\u00ed para la risa? \u00a1Has llegado al lugar adecuado! <strong>\u00abEl zombie Malacara\u00bb es una tierna y divertida historia en la que la muerte \u00absienta de muerte\u00bb. <\/strong>Puedes elegir entre leerlo en texto, o escucharlo en versi\u00f3n audiocuento lleno de sonidos misteriosos.<\/p>\n<p>En este cuento de zombies para ni\u00f1os, el pochito protagonista, preocupado por su aspecto tras 50 a\u00f1os muerto, acudir\u00e1 al centro de belleza m\u00e1s chic del cementerio. All\u00ed le recibir\u00e1 una entusiasta esteticista que har\u00e1 todo lo posible para que se sienta guapo. <strong>Este cuento pone de relieve el valor de la autoestima<\/strong> y ense\u00f1a a los ni\u00f1os la importancia de tener una buena percepci\u00f3n de uno mismo.<\/p>\n<p><a href=\"https:\/\/www.mumablue.com\/esp\/nuestros-cuentos-personalizados\/cuento-de-brujas-personalizado\/?utm_source=blog&amp;utm_medium=banner&amp;utm_campaign=p\u00e1ginas-audiocuentos&amp;utm_content=cuento-zombies\" target=\"_blank\" rel=\"noopener noreferrer\"><img decoding=\"async\" loading=\"lazy\" class=\"alignnone wp-image-6326 size-full\" src=\"https:\/\/www.mumablue.com\/blog\/wp-content\/uploads\/2022\/10\/Cuento-de-miedo.png\" alt=\"Cuento de Halloween para leer\" width=\"715\" height=\"162\" srcset=\"https:\/\/www.mumablue.com\/blog\/wp-content\/uploads\/2022\/10\/Cuento-de-miedo.png 715w, https:\/\/www.mumablue.com\/blog\/wp-content\/uploads\/2022\/10\/Cuento-de-miedo-300x68.png 300w, https:\/\/www.mumablue.com\/blog\/wp-content\/uploads\/2022\/10\/Cuento-de-miedo-624x141.png 624w\" sizes=\"(max-width: 715px) 100vw, 715px\" \/><\/a><\/p>\n<h2>Audiocuento El zombie Malacara<\/h2>\n<p><strong>Todos los cuentos para ni\u00f1os gratis de Mumablue vienen con su correspondiente audiocuento<\/strong>, incluido dentro del podcast <span style=\"color: #3366ff;\"><a style=\"color: #3366ff;\" href=\"https:\/\/www.mumablue.com\/blog\/pequehistorias\/\">Pequehistorias<\/a><\/span>, una serie de audio ficci\u00f3n que ha cosechado gran \u00e9xito en su primer a\u00f1o de vida, llegando a superar las 350.000 descargas en tan solo 12 meses. \u00a1Gracias!<\/p>\n<p>\u00abEl zombie Malacara\u00bb en su versi\u00f3n audiocuento es <strong>una historia teatralizada, sustentada sobre fantasmales m\u00fasicas y efectos sonoros misteriosos\u00bb<\/strong> que proporcionan una atm\u00f3sfera envolvente. \u00a1Tu peque creer\u00e1 estar dentro de este cuento de zombies para ni\u00f1os!<\/p>\n<h6><script src=\"https:\/\/www.buzzsprout.com\/937792\/8227064-el-zombie-malacara.js?container_id=buzzsprout-player-8227064&amp;player=small\" type=\"text\/javascript\" charset=\"utf-8\"><\/script>M\u00fasica: CC0 <a href=\"https:\/\/freepd.com\/epic.php\" target=\"_blank\" rel=\"noopener noreferrer\"><span style=\"color: #3366ff;\">Big Eyes<\/span><\/a>\u00a0y <a href=\"https:\/\/freepd.com\/comedy.php\" target=\"_blank\" rel=\"noopener noreferrer\"><span style=\"color: #3366ff;\">Creepy comedy<\/span><\/a>, por Rafael Krux; <a href=\"https:\/\/freepd.com\/comedy.php\" target=\"_blank\" rel=\"noopener noreferrer\"><span style=\"color: #3366ff;\">Going Bananas<\/span><\/a>, por Bryan Tech.<\/h6>\n<p>Si prefieres leerlo diresctamente, te dejamos el texto a continuaci\u00f3n. Adem\u00e1s, puedes utilizar esta m\u00fasica para poner de fondo mientras le lees el cuento a tu peque, y <strong>as\u00ed crear un ambiente fantasmag\u00f3rico y de misterio.<\/strong><\/p>\n<p><iframe loading=\"lazy\" title=\"deezer-widget\" src=\"https:\/\/widget.deezer.com\/widget\/light\/album\/39654641\" width=\"600\" height=\"70\" frameborder=\"0\"><span data-mce-type=\"bookmark\" style=\"display: inline-block; width: 0px; overflow: hidden; line-height: 0;\" class=\"mce_SELRES_start\">\ufeff<\/span><\/iframe><\/p>\n<h2>Cuento de zombies para ni\u00f1os: El zombie Malacara<\/h2>\n<p>Aquella noche era l\u00fagubre y c\u00e1lida. El silencio era profundo, solemne. Nada se escuchaba en el viejo cementerio, salvo el cantar de los grillos. Hasta que el ruido de una losa descorri\u00e9ndose rompi\u00f3 la quietud.<\/p>\n<p>&#8211; Ayyyy, aaaaayyyyyyy\u2026 \u00a1Qu\u00e9 mal he dormido esta muerte! -se escuch\u00f3 quejarse a una voz de ultratumba.<\/p>\n<p>El zombie sali\u00f3 de la tumba. \u00a1Le dol\u00eda todo el cuerpo! Hizo estiramientos&#8230;<\/p>\n<p>-Un, dos, un dos, un dos&#8230;<\/p>\n<p>Se recoloc\u00f3 un poco las v\u00e9rtebras y estir\u00f3 las piernas dando peque\u00f1os saltitos.<\/p>\n<p>-Un, dos, tres, cuatro, un dos, tres, cuatro&#8230;<\/p>\n<p>Entonces se sac\u00f3 del bolsillo (claro!) un espejo de bolsillo y se mir\u00f3<br \/>\naprovechando el tenue resplandor de una farola.<\/p>\n<p>-Uhhhhh\u2026 \u00a1Qu\u00e9 mala cara tengo! -se lament\u00f3<\/p>\n<p>El zombie Malacara se pein\u00f3 un poco con los dedos los sucios mechones de pelo que todav\u00eda le<br \/>\nquedaban en la cabeza, se estir\u00f3 ligeramente la piel y se pellizc\u00f3 las mejillas para darles un poco de color.<\/p>\n<p>&#8211;<span style=\"font-size: 1rem;\">Hmmm\u2026 \u00a1Un poco mejor! -dijo, sonriendo satisfecho.<\/span><\/p>\n<p><span style=\"font-size: 1rem;\">-Uy, por Dios, Qu\u00e9 mala cara tienes. Est\u00e1s un poco\u2026 \u00a1pocho! -le dijo una fantasma muy pija que pasaba por all\u00ed.<\/span><\/p>\n<p>-Parece que has pasado toda la muerte de fiesta -brome\u00f3 el viejo vampiro.<\/p>\n<p>-\u00bfY qu\u00e9 quieres? \u00a1Lleva 50 a\u00f1os muerto! A estas alturas, lo raro es<br \/>\nque conserve la cara, por muy mala cara que tenga -respondi\u00f3 la fantasma, con voz muy, muy, pija.<\/p>\n<p>Al zombie malacara se le hab\u00edan quitado las ganas de pasear. Regres\u00f3 a su tumba, se recost\u00f3 en el ata\u00fad y encendi\u00f3 la radio para escuchar un poco de m\u00fasica. En ese momento la programaci\u00f3n se encontraba interrumpida por la pausa publicitaria y el zombie Malacara lleg\u00f3 a tiempo de escuchar un anuncio que podr\u00eda interesarle.<\/p>\n<p><em>\u00bfEl paso de los siglos se nota en tu piel?<\/em><br \/>\n<em>\u00bfTienes ojeras, bolsas, aut\u00e9nticos sacos? \u00bfEst\u00e1s p\u00e1lido por mucho que te tumbes a tomar la luna? Si sientes que has perdido lustre, visita: Centro de belleza MORILOLI. Especialistas en est\u00e9tica zombie, vamp\u00edrica, fantasmal y en peluquer\u00eda licantr\u00f3pica. Centro de belleza MORILOLI, el m\u00e1s chic del cementerio. Centro de belleza MORILOLI. La muerte te sienta de muerte.<\/em><\/p>\n<p>El zombie Malacara apag\u00f3 la radio y se fue con su mala cara a ver a<br \/>\nla esteticista. Un viejo port\u00f3n chirri\u00f3 con cansancio de sus goznes al abrirse. La esteticista salud\u00f3, emocionada.<\/p>\n<p>&#8211;<span style=\"font-size: 1rem;\">\u00a1Pero qu\u00e9 tenemos aqu\u00ed! Hmmmm\u2026 \u00a1Una cara realmente mala!<\/span><\/p>\n<p>-S\u00ed, me he levantado con unas pocas ojeras\u2026 -respondi\u00f3 el zombie Malacara con un poquito de verg\u00fcenza.<\/p>\n<p>-\u00a1No se preocupe, con Moriloli, la muerte sienta de muerte! -respondi\u00f3 la esteticista con tono cantar\u00edn y, acto seguido, le invit\u00f3 a pasar<\/p>\n<p>-Tome asiento. A ver, a veeer\u2026 Hmmmm\u2026 veamos por aqu\u00ed\u2026 mal arreglo\u2026 gire usted la<br \/>\ncabeza\u2026<\/p>\n<p>El<span style=\"font-size: 1rem;\"> zombie Malacara obedeci\u00f3 de inmediato y gir\u00f3 la cabeza tan r\u00e1pido que esta se le desprendi\u00f3 de las v\u00e9rtebras y sali\u00f3 disparada.<\/span><\/p>\n<p><span style=\"font-size: 1rem;\">-\u00a1No tanto! Espere, que yo se la recojo\u2026 -se ofreci\u00f3 amablemente Moriloli.<\/span><\/p>\n<p>-\u00bfLo ves muy mal\u2026? -pregunt\u00f3 el zombie conpreocupaci\u00f3n.<\/p>\n<p>-Pues\u2026 es que intento maquillar, pero es que la piel se va\u2026 -explic\u00f3 la esteticista mientras se quedaba con un trozo de cara del zombie en la mano. -\u00bfHa visto? \u2026 \u00a1Mal asunto! Muy mal asunto\u2026<\/p>\n<p>El zombie Malacara guard\u00f3 silencio. Se mir\u00f3 detenidamente en el espejo. Se<br \/>\nestir\u00f3 un poco la piel\u2026 y se arranc\u00f3 otro trozo.<\/p>\n<p>-Ya\u2026 estoy muy pocho&#8230;<\/p>\n<p>&#8211; \u00a1Efectivamente! Por suerte, tengo toda una gama de pieles postizas que<br \/>\nse puede usted probar. -respondi\u00f3 Moriloli, hurgando en un caj\u00f3n. -\u00bfQu\u00e9 tal esta? Es de vampiro.<\/p>\n<p>-Hmmmm, demasiado p\u00e1lida -declin\u00f3 el zombie Malacara.<\/p>\n<p><span style=\"font-size: 1rem;\">-\u00bfY \u00e9sta de hombre lobo?<\/span><\/p>\n<p>-Demasiado peluda.<\/p>\n<p>-\u00bfDe Frankenstein?<\/p>\n<p>-A veeeer\u2026 noto un tono de piel tirando a verde. \u00a1No me gusta!<\/p>\n<p>-\u00bfDe mu\u00f1eca diab\u00f3lica? -sigui\u00f3 intentando Moriloli.<\/p>\n<p>-No, esa es de chica. No me pega con la voz&#8230;<\/p>\n<p>&#8211; \u00bfY el look MOMIA? Le vendo a usted la cara, y&#8230;<\/p>\n<p>-Claro, claro, pensaba pagarle. \u00a1No me la va usted a regalar! -interrumpi\u00f3 el zombie, muy apurado.<\/p>\n<p>-Nooo, quiero decir que se la vendo de vend\u00e1rsela, no que se la<br \/>\nvendo de vend\u00e9rsela -ri\u00f3 la esteticista.<\/p>\n<p>-\u00a1Ah! Vale. No s\u00e9&#8230; \u00a1Muy aparatoso para vestirme por las ma\u00f1anas!<\/p>\n<p>-\u00a1Ya lo tengo! Esta. La m\u00e1scara de hombre invisible -concluy\u00f3 Moriloli con gran algarab\u00eda.<\/p>\n<p>-El zombie Malacara dud\u00f3. Se puso la m\u00e1scara de hombre invisible y se mir\u00f3<br \/>\nen el espejo. No era mala idea: \u00a1si no pod\u00eda conseguir una buena cara, lo mejor era no tener ninguna!<\/p>\n<p>-\u00a1Me gusta! Me la quedo.<\/p>\n<p>-\u00a1Fant\u00e1stico! Y ahora\u2026 habr\u00e1 que hacer algo con esos cuatro pelos que a<br \/>\nusted le quedan\u2026 \u00bfLe doy cita?<\/p>\n<p>-\u00a1S\u00ed, por favor!<\/p>\n<p><span style=\"font-size: 1rem;\">&#8211; \u00bfEl martes a las 3 de la madrugada?<\/span><\/p>\n<p>-Tengo dentista -se excus\u00f3 el zombie Malacara.<\/p>\n<p>-Veamos\u2026 \u00bfEl jueves a medianoche?<\/p>\n<p>-Preferir\u00eda no madrugar\u2026 -respondi\u00f3 el zombie, t\u00edmidamente.<\/p>\n<p>-Pueeees\u2026 \u00a1El jueves a las 2! As\u00ed no tendr\u00e1 que venir usted tan temprano -hizo su nueva oferta Moriloli, la mar de risue\u00f1a.<\/p>\n<p>-\u00a1Perfecto!<\/p>\n<p>Moriloli agarr\u00f3 el boli y anot\u00f3 la cita en su agenda.<\/p>\n<p>-Apuntado. Que pase usted buena noche -se despidi\u00f3.<\/p>\n<p>-Igualmente.<\/p>\n<p>Y as\u00ed, mucho m\u00e1s tranquilo y confiado gracias a la ayuda de Moriloli, el<br \/>\nzombie malacara se fue a dar su paseo por el cementerio para presumir de<br \/>\ncara nueva.<\/p>\n<p>-\u00a1Pero si no se le ve! -se quej\u00f3 una ni\u00f1a que, atentamente, escuchaba esta historia.<\/p>\n<p>-Shhhh\u2026 &#8211; la chist\u00f3 el narrador, con ternura- Eso da igual. Lo importante es que el zombie Malacara se sienta guapo.<\/p>\n<p><a href=\"https:\/\/www.mumablue.com\/esp\/nuestros-cuentos-personalizados\/cuento-de-brujas-personalizado\/?utm_source=blog&amp;utm_medium=banner&amp;utm_campaign=p\u00e1ginas-audiocuentos&amp;utm_content=cuento-zombies\" target=\"_blank\" rel=\"noopener noreferrer\"><img decoding=\"async\" loading=\"lazy\" class=\"alignnone wp-image-6326 size-full\" src=\"https:\/\/www.mumablue.com\/blog\/wp-content\/uploads\/2022\/10\/Cuento-de-miedo.png\" alt=\"Cuento de Halloween para leer\" width=\"715\" height=\"162\" srcset=\"https:\/\/www.mumablue.com\/blog\/wp-content\/uploads\/2022\/10\/Cuento-de-miedo.png 715w, https:\/\/www.mumablue.com\/blog\/wp-content\/uploads\/2022\/10\/Cuento-de-miedo-300x68.png 300w, https:\/\/www.mumablue.com\/blog\/wp-content\/uploads\/2022\/10\/Cuento-de-miedo-624x141.png 624w\" sizes=\"(max-width: 715px) 100vw, 715px\" \/><\/a><\/p>\n<p>Si a tu peque le ha gustado este cuento de zombies para ni\u00f1os,<strong> tiene much\u00edsimos m\u00e1s para elegir sobre monstruos muy peculiares.<\/strong> \u00a1Pero tambi\u00e9n de otros g\u00e9neros como Fantas\u00eda, Aventuras, Poes\u00eda divertida, Cuentos cl\u00e1sicos, Adivinanzas&#8230; Te invitamos a descubrir todos lo <span style=\"color: #3366ff;\"><a style=\"color: #3366ff;\" href=\"https:\/\/www.mumablue.com\/blog\/cuentos-infantiles-para-leer-cortos-gratis\/\">cuentos infantiles gratis<\/a><\/span> y las <span style=\"color: #3366ff;\"><a style=\"color: #3366ff;\" href=\"https:\/\/www.mumablue.com\/blog\/poesias-para-ninos-cortas\/\">poes\u00edas divertidas para ni\u00f1os<\/a><\/span> que hemos ido creando para acercar la cultura y los valores a los m\u00e1s peque\u00f1os, as\u00ed como la magia evocadora de la radio, pues cada uno de nuestros cuentos tambi\u00e9n est\u00e1 disponible para escuchar.<\/p>\n<h6>Cr\u00e9ditos imagen: freepik.com &#8211;<span style=\"color: #3366ff;\"><a style=\"color: #3366ff;\" href=\"https:\/\/www.freepik.es\/vectores\/halloween\" target=\"_blank\" rel=\"noopener noreferrer\">Halloween (vectorpouch)<\/a><\/span>\u00a0y\u00a0<span style=\"color: #3366ff;\"><a style=\"color: #3366ff;\" href=\"https:\/\/www.freepik.es\/vectores\/fondo\" target=\"_blank\" rel=\"noopener noreferrer\">Fondo (brgfx)<\/a><\/span><\/h6>\n<div style='text-align:left' class='yasr-auto-insert-visitor'><\/div>","protected":false},"excerpt":{"rendered":"<p>\u00bfBuscas un cuento de zombies para ni\u00f1os en el que no hay lugar para el miedo, pero s\u00ed para la risa? \u00a1Has llegado al lugar adecuado! \u00abEl zombie Malacara\u00bb es una tierna y divertida historia en la que la muerte \u00absienta de muerte\u00bb. Puedes elegir entre leerlo en texto, o escucharlo en versi\u00f3n audiocuento lleno [&hellip;]<\/p>\n","protected":false},"author":6,"featured_media":0,"parent":0,"menu_order":0,"comment_status":"closed","ping_status":"closed","template":"","meta":{"yasr_overall_rating":0,"yasr_post_is_review":"","yasr_auto_insert_disabled":"","yasr_review_type":""},"yasr_visitor_votes":{"number_of_votes":40,"sum_votes":181,"stars_attributes":{"read_only":false,"span_bottom":false}},"yoast_head":"<!-- This site is optimized with the Yoast SEO plugin v14.5 - https:\/\/yoast.com\/wordpress\/plugins\/seo\/ -->\n<meta name=\"description\" content=\"Un cuento de zombies para ni\u00f1os en el que no hay espacio para el miedo y s\u00ed para la diversi\u00f3n, una historia que pone de relieve el valor de la autoestima.\" \/>\n<meta name=\"robots\" content=\"index, follow\" \/>\n<meta name=\"googlebot\" content=\"index, follow, max-snippet:-1, max-image-preview:large, max-video-preview:-1\" \/>\n<meta name=\"bingbot\" content=\"index, follow, max-snippet:-1, max-image-preview:large, max-video-preview:-1\" \/>\n<link rel=\"canonical\" href=\"https:\/\/www.mumablue.com\/blog\/cuento-de-zombies-para-ninos-muy-divertido\/\" \/>\n<meta property=\"og:locale\" content=\"es_ES\" \/>\n<meta property=\"og:type\" content=\"article\" \/>\n<meta property=\"og:title\" content=\"Cuento de zombies para ni\u00f1os muy divertido + Audiocuento - Blog Mumablue\" \/>\n<meta property=\"og:description\" content=\"Un cuento de zombies para ni\u00f1os en el que no hay espacio para el miedo y s\u00ed para la diversi\u00f3n, una historia que pone de relieve el valor de la autoestima.\" \/>\n<meta property=\"og:url\" content=\"https:\/\/www.mumablue.com\/blog\/cuento-de-zombies-para-ninos-muy-divertido\/\" \/>\n<meta property=\"og:site_name\" content=\"Blog Mumablue\" \/>\n<meta property=\"article:publisher\" content=\"https:\/\/www.facebook.com\/mumablue\/\" \/>\n<meta property=\"article:modified_time\" content=\"2025-05-29T13:21:43+00:00\" \/>\n<meta property=\"og:image\" content=\"https:\/\/www.mumablue.com\/blog\/wp-content\/uploads\/2021\/04\/audiocuento-de-zombies_.jpg\" \/>\n<meta name=\"twitter:card\" content=\"summary_large_image\" \/>\n<script type=\"application\/ld+json\" class=\"yoast-schema-graph\">{\"@context\":\"https:\/\/schema.org\",\"@graph\":[{\"@type\":\"Organization\",\"@id\":\"https:\/\/www.mumablue.com\/blog\/#organization\",\"name\":\"Mumablue\",\"url\":\"https:\/\/www.mumablue.com\/blog\/\",\"sameAs\":[\"https:\/\/www.facebook.com\/mumablue\/\",\"https:\/\/www.instagram.com\/mumablue\/?hl=es\"],\"logo\":{\"@type\":\"ImageObject\",\"@id\":\"https:\/\/www.mumablue.com\/blog\/#logo\",\"inLanguage\":\"es\",\"url\":\"https:\/\/www.mumablue.com\/blog\/wp-content\/uploads\/2020\/05\/Blog-Mumablue.png\",\"width\":749,\"height\":269,\"caption\":\"Mumablue\"},\"image\":{\"@id\":\"https:\/\/www.mumablue.com\/blog\/#logo\"}},{\"@type\":\"WebSite\",\"@id\":\"https:\/\/www.mumablue.com\/blog\/#website\",\"url\":\"https:\/\/www.mumablue.com\/blog\/\",\"name\":\"Blog Mumablue\",\"description\":\"Un blog de cuentos y audiocuentos gratis para ni\\u00f1os.\",\"publisher\":{\"@id\":\"https:\/\/www.mumablue.com\/blog\/#organization\"},\"potentialAction\":[{\"@type\":\"SearchAction\",\"target\":\"https:\/\/www.mumablue.com\/blog\/?s={search_term_string}\",\"query-input\":\"required name=search_term_string\"}],\"inLanguage\":\"es\"},{\"@type\":\"ImageObject\",\"@id\":\"https:\/\/www.mumablue.com\/blog\/cuento-de-zombies-para-ninos-muy-divertido\/#primaryimage\",\"inLanguage\":\"es\",\"url\":\"https:\/\/www.mumablue.com\/blog\/wp-content\/uploads\/2021\/04\/audiocuento-de-zombies_.jpg\",\"width\":500,\"height\":500,\"caption\":\"Cuento de zombies para ni\\u00f1os\"},{\"@type\":\"WebPage\",\"@id\":\"https:\/\/www.mumablue.com\/blog\/cuento-de-zombies-para-ninos-muy-divertido\/#webpage\",\"url\":\"https:\/\/www.mumablue.com\/blog\/cuento-de-zombies-para-ninos-muy-divertido\/\",\"name\":\"Cuento de zombies para ni\\u00f1os muy divertido + Audiocuento - Blog Mumablue\",\"isPartOf\":{\"@id\":\"https:\/\/www.mumablue.com\/blog\/#website\"},\"primaryImageOfPage\":{\"@id\":\"https:\/\/www.mumablue.com\/blog\/cuento-de-zombies-para-ninos-muy-divertido\/#primaryimage\"},\"datePublished\":\"2021-04-06T08:11:59+00:00\",\"dateModified\":\"2025-05-29T13:21:43+00:00\",\"description\":\"Un cuento de zombies para ni\\u00f1os en el que no hay espacio para el miedo y s\\u00ed para la diversi\\u00f3n, una historia que pone de relieve el valor de la autoestima.\",\"inLanguage\":\"es\",\"potentialAction\":[{\"@type\":\"ReadAction\",\"target\":[\"https:\/\/www.mumablue.com\/blog\/cuento-de-zombies-para-ninos-muy-divertido\/\"]}]}]}<\/script>\n<!-- \/ Yoast SEO plugin. -->","_links":{"self":[{"href":"https:\/\/www.mumablue.com\/blog\/wp-json\/wp\/v2\/pages\/3788"}],"collection":[{"href":"https:\/\/www.mumablue.com\/blog\/wp-json\/wp\/v2\/pages"}],"about":[{"href":"https:\/\/www.mumablue.com\/blog\/wp-json\/wp\/v2\/types\/page"}],"author":[{"embeddable":true,"href":"https:\/\/www.mumablue.com\/blog\/wp-json\/wp\/v2\/users\/6"}],"replies":[{"embeddable":true,"href":"https:\/\/www.mumablue.com\/blog\/wp-json\/wp\/v2\/comments?post=3788"}],"version-history":[{"count":9,"href":"https:\/\/www.mumablue.com\/blog\/wp-json\/wp\/v2\/pages\/3788\/revisions"}],"predecessor-version":[{"id":7582,"href":"https:\/\/www.mumablue.com\/blog\/wp-json\/wp\/v2\/pages\/3788\/revisions\/7582"}],"wp:attachment":[{"href":"https:\/\/www.mumablue.com\/blog\/wp-json\/wp\/v2\/media?parent=3788"}],"curies":[{"name":"wp","href":"https:\/\/api.w.org\/{rel}","templated":true}]}}