{"id":3772,"date":"2021-04-05T17:06:45","date_gmt":"2021-04-05T17:06:45","guid":{"rendered":"https:\/\/mumablue.com\/blog\/?page_id=3772"},"modified":"2025-06-03T08:30:36","modified_gmt":"2025-06-03T08:30:36","slug":"poesia-animales-de-la-granja-divertida-y-original","status":"publish","type":"page","link":"https:\/\/www.mumablue.com\/blog\/poesia-animales-de-la-granja-divertida-y-original\/","title":{"rendered":"Poes\u00eda animales de la granja divertida y original"},"content":{"rendered":"<p><a href=\"https:\/\/www.mumablue.com\/blog\/wp-content\/uploads\/2021\/04\/La-Granja-Majareta_.jpg\"><img decoding=\"async\" loading=\"lazy\" class=\"alignnone size-full wp-image-3768\" src=\"https:\/\/www.mumablue.com\/blog\/wp-content\/uploads\/2021\/04\/La-Granja-Majareta_.jpg\" alt=\"Poes\u00eda animales de la granja\" width=\"500\" height=\"500\" srcset=\"https:\/\/www.mumablue.com\/blog\/wp-content\/uploads\/2021\/04\/La-Granja-Majareta_.jpg 500w, https:\/\/www.mumablue.com\/blog\/wp-content\/uploads\/2021\/04\/La-Granja-Majareta_-300x300.jpg 300w, https:\/\/www.mumablue.com\/blog\/wp-content\/uploads\/2021\/04\/La-Granja-Majareta_-150x150.jpg 150w\" sizes=\"(max-width: 500px) 100vw, 500px\" \/><\/a><\/p>\n<p>\u00a1Traemos una maravillosa sorpresa!<strong> La poes\u00eda animales de la granja que tu peque no se espera.<\/strong> En este divertido poema los animales est\u00e1n un poco majaretas y hacen cosas tan descabelladas como desternillantes, por ejemplo, \u00bfimaginas una gallina que se pasa empollando y le sale un huevo frito? \u00bfy a una vaca que s\u00f3lo da <em>cocacola<\/em> desde que volvi\u00f3 de Am\u00e9rica? \u00a1Pues estos y otros <strong>muchos locos animales os esperan en el poema \u00abLa Granja Majareta\u00bb!<\/strong><\/p>\n<p>Esta poes\u00eda animales de la granja est\u00e1 dirigida a aquellos que ya conocen los animales que hay en una granja y sus funciones b\u00e1sicas, de forma que puedan<strong> entender el chiste que se esconde en cada una de las estrofas del poema<\/strong>. \u00a1Pero los peques m\u00e1s peques tambi\u00e9n aprender\u00e1n los animales y se puede jugar a imitar los sonidos de cada uno de ellos tras cada estrofa!<\/p>\n<p><strong>Para hacerlo a\u00fan m\u00e1s divertido, te dejamos una musiquita folk<\/strong>, tope granjera, para que la pongas de fondo y puedas recitar sobre ella esta poes\u00eda de animales de la granja.<\/p>\n<p><iframe loading=\"lazy\" src=\"https:\/\/w.soundcloud.com\/player\/?url=https%3A\/\/api.soundcloud.com\/tracks\/293317427&amp;color=%23101111&amp;auto_play=false&amp;hide_related=false&amp;show_comments=true&amp;show_user=true&amp;show_reposts=false&amp;show_teaser=true\" width=\"600\" height=\"100\" frameborder=\"no\" scrolling=\"no\"><span data-mce-type=\"bookmark\" style=\"display: inline-block; width: 0px; overflow: hidden; line-height: 0;\" class=\"mce_SELRES_start\">\ufeff<\/span><span data-mce-type=\"bookmark\" style=\"display: inline-block; width: 0px; overflow: hidden; line-height: 0;\" class=\"mce_SELRES_start\">\ufeff<\/span><span data-mce-type=\"bookmark\" style=\"display: inline-block; width: 0px; overflow: hidden; line-height: 0;\" class=\"mce_SELRES_start\">\ufeff<\/span><span data-mce-type=\"bookmark\" style=\"display: inline-block; width: 0px; overflow: hidden; line-height: 0;\" class=\"mce_SELRES_start\">\ufeff<\/span><span data-mce-type=\"bookmark\" style=\"display: inline-block; width: 0px; overflow: hidden; line-height: 0;\" class=\"mce_SELRES_start\">\ufeff<\/span><span data-mce-type=\"bookmark\" style=\"display: inline-block; width: 0px; overflow: hidden; line-height: 0;\" class=\"mce_SELRES_start\">\ufeff<\/span><span data-mce-type=\"bookmark\" style=\"display: inline-block; width: 0px; overflow: hidden; line-height: 0;\" class=\"mce_SELRES_start\">\ufeff<\/span><\/iframe><\/p>\n<h2 style=\"text-align: center;\">Poes\u00eda animales de la granja: La Granja Majareta<\/h2>\n<p style=\"text-align: center;\">En la Granja Majareta<br \/>\nviven locos animales,<br \/>\npiensan dando volteretas<br \/>\ny tienen ideas geniales.<\/p>\n<p style=\"text-align: center;\">La gallina pone un huevo:<br \/>\nquiere tener un pollito,<br \/>\npero se pasa empollando&#8230;<br \/>\n\u00a1y le sale un huevo frito!<\/p>\n<p style=\"text-align: center;\">El cerdito, que es coqueto,<br \/>\nsiempre va muy aseado,<br \/>\nusa perfume de rosas&#8230;<br \/>\n\u00a1Tras revolcarse en el barro!<\/p>\n<p style=\"text-align: center;\">All\u00ed asoma los bigotes<br \/>\nun blanco y suave conejo.<br \/>\nHace trucos con los naipes,<br \/>\nvive dentro de un sombrero.<\/p>\n<p style=\"text-align: center;\">El pavo tiene una jaula<br \/>\ncon aire acondicionado,<br \/>\ndesde que sali\u00f3 del horno<br \/>\ndice que siempre est\u00e1 asado.<\/p>\n<p style=\"text-align: center;\">A don Gallo no le gusta<br \/>\nmadrugar por las ma\u00f1anas.<br \/>\nPor hacerse el remol\u00f3n\u2026<br \/>\n\u00a1Se ha ca\u00eddo de la cama!<\/p>\n<p style=\"text-align: center;\">Quien madruga es do\u00f1a cabra,<br \/>\npues se alist\u00f3 en la legi\u00f3n,<br \/>\ntoca pronto la corneta<br \/>\ny dispara un gran ca\u00f1\u00f3n.<\/p>\n<p style=\"text-align: center;\">El caballo acab\u00f3 harto<br \/>\nde tirar de un carro lento.<br \/>\nAhora conduce un Ferrari y<br \/>\nlleva su melena al viento.<\/p>\n<p style=\"text-align: center;\">La vaca ya no da leche,<br \/>\n\u00a1dice que no est\u00e1 de moda!<br \/>\nDesde que volvi\u00f3 de Am\u00e9rica<br \/>\nprefiere dar <em>cocacola<\/em>.<\/p>\n<p style=\"text-align: center;\">El burro se march\u00f3 lejos,<br \/>\nnadie sabe d\u00f3nde est\u00e1.<br \/>\n\u00a1Le ofrecieron una beca<br \/>\npara la universidad!<\/p>\n<p style=\"text-align: center;\">Y aqu\u00ed viene mam\u00e1 pata,<br \/>\nla m\u00e1s vieja de la granja.<br \/>\n\u00a1Escap\u00f3 en las Navidades<br \/>\nde la salsa de naranja!<\/p>\n<p style=\"text-align: center;\">La ovejita es la m\u00e1s fiera<br \/>\nde La Granja Majareta:<br \/>\n\u00a1ayer se merend\u00f3 un lobo<br \/>\ncomo si fueran croquetas!<\/p>\n<p style=\"text-align: center;\">Viven juntos y contentos,<br \/>\ncada uno en su planeta,<br \/>\nestos locos animales<br \/>\nen La Granja Majareta.<\/p>\n<h2>Poema de animales para escuchar<\/h2>\n<p>\u00a1Pero, espera! Porque tenemos una s\u00faper sorpresa m\u00e1s. La <a href=\"https:\/\/www.mumablue.com\/?utm_source=blog&amp;utm_medium=link&amp;utm_campaign=p\u00e1ginas-audiocuentos&amp;utm_content=poesia-animales-granja\"><span style=\"color: #3366ff;\">editorial de cuentos personalizados Mumablue<\/span><\/a> le ofrece a tu peque <strong>la posibilidad de escuchar este poema sobre animales de la granja<\/strong>, con una musiquita de fondo muy evocadora y, lo m\u00e1s interesante: con un mont\u00f3n de efectos sonoros que no s\u00f3lo dan voz a los distintos animales, sino que apoyan el relato en una dimensi\u00f3n auditiva que les har\u00e1 visualizar esta granja tan loca y divertida en la que ning\u00fan animal se comporta de manera normal.<\/p>\n<div><\/div>\n<h6 id=\"buzzsprout-player-8273915\"><script src=\"https:\/\/www.buzzsprout.com\/937792\/8273915-la-granja-majareta.js?container_id=buzzsprout-player-8273915&#038;player=small\" type=\"text\/javascript\" charset=\"utf-8\"><\/script>M\u00fasica: CC0 <span style=\"color: #3366ff;\"><a style=\"color: #3366ff;\" href=\"https:\/\/freepd.com\/upbeat.php\" target=\"_blank\" rel=\"noopener noreferrer\">Still Pickin<\/a><\/span>, por Kevin MacLeod<\/h6>\n<div><\/div>\n<p>En su versi\u00f3n para escuchar, esta poes\u00eda de animales de la granja es adecuada para los ni\u00f1os m\u00e1s peque\u00f1itos, aquellos que, aunque a\u00fan no entiendan todos los chistes, puedan <strong>aprender qu\u00e9 animales viven en una granja y qu\u00e9 sonido hace cada uno de ellos<\/strong>, gracias a los efectos de sonido con los que se acompa\u00f1a cada una de las estrofas del poema.<\/p>\n<h2>Por qu\u00e9 gustan tanto los cuentos de la animales de la granja<\/h2>\n<p>No nos enga\u00f1emos: todo el que tenga un ni\u00f1o tiene, al menos, un cuento relacionado con los animales de la granja. En las librer\u00edas est\u00e1n por todas partes en la secci\u00f3n de primeras lecturas, pensados, incluso, para beb\u00e9s. <strong>Con dibujos, con sonidos, con solapas, librojuegos, desplegables&#8230; Desde \u00abTeo en la Granja\u00bb a \u00abEl pollo Pepe\u00bb<\/strong>, un sinf\u00edn de t\u00edtulos sobre la granja se despliegan en librer\u00edas infantiles. Pero, \u00bfpor qu\u00e9 les gustan tanto a los ni\u00f1os los cuentos de animales de la granja?<\/p>\n<p>La mayor\u00eda de los beb\u00e9s, m\u00e1s all\u00e1 de su entorno dom\u00e9stico, el primer contacto que tienen con otras especies de seres vivos son los animales de la granja. Les llevamos a ver gallinas, a acariciar a las vaquitas, a divertirse escuchando rebuznar al burro o mirando c\u00f3mo trotan los caballos. Y no s\u00f3lo eso, sino que cuando comienzan a balbucear sus primeros sonidos, <strong>lo primero que les ense\u00f1amos los pap\u00e1s es a reproducir el sonido de los animales<\/strong>, sobre todo de los animales de la granja. \u00bfC\u00f3mo hace el pollito? P\u00edo, p\u00edo. \u00bfY la vaquita? Muuuuuu&#8230; \u00a1Les encanta! Y a los pap\u00e1s, tambi\u00e9n, porque se nos cae la baba vi\u00e9ndoles hacer de gallo o de conejito.<\/p>\n<p>Es por eso que nunca puede faltar un cuento sobre los animales de la granja en la librer\u00eda de un beb\u00e9. En cuanto aprenden a hablar, muchos padres optan por<strong> adentrar a los beb\u00e9s en el mundo de la l\u00edrica mediante la poes\u00eda de animales de la granja<\/strong>, para ellos mucho m\u00e1s divertido y sencillo de aprender, por la musicalidad y la cadencia de las rimas, lo que favorece el aprendizaje.<\/p>\n<p>\u00bfQu\u00e9 os ha parecido esta divertida poes\u00eda de animales de la granja? \u00bfLe ha gustado a tu peque? En nuestra web puedes encontrar muchos otros <span style=\"color: #3366ff;\"><a style=\"color: #3366ff;\" href=\"https:\/\/www.mumablue.com\/blog\/poesias-para-ninos-cortas\/\">poemas divertidos y gratuitos<\/a><\/span>, as\u00ed como gran variedad de<span style=\"color: #3366ff;\"> <a style=\"color: #3366ff;\" href=\"https:\/\/www.mumablue.com\/blog\/cuentos-infantiles-para-leer-cortos-gratis\/\">cuentos infantiles para leer a los ni\u00f1os<\/a><\/span>. Cada cuento, claro est\u00e1, acompa\u00f1ado de su correspondiente audiocuento, <strong>para que puedas elegir si se lo lees t\u00fa o prefieres que se lo contemos nosotros<\/strong> \ud83d\ude09<\/p>\n<h6>Cr\u00e9ditos imagen: freepik.com <span style=\"color: #3366ff;\"><a style=\"color: #3366ff;\" href=\"https:\/\/www.freepik.es\/vectores\/personaje\" target=\"_blank\" rel=\"noopener noreferrer\">Personaje (rwgusev)<\/a><\/span>\u00a0y\u00a0<span style=\"color: #3366ff;\"><a style=\"color: #3366ff;\" href=\"https:\/\/www.freepik.es\/vectores\/arbol\" target=\"_blank\" rel=\"noopener noreferrer\">\u00c1rbol (jcomp)<\/a><\/span><\/h6>\n<div style='text-align:left' class='yasr-auto-insert-visitor'><\/div>","protected":false},"excerpt":{"rendered":"<p>\u00a1Traemos una maravillosa sorpresa! La poes\u00eda animales de la granja que tu peque no se espera. En este divertido poema los animales est\u00e1n un poco majaretas y hacen cosas tan descabelladas como desternillantes, por ejemplo, \u00bfimaginas una gallina que se pasa empollando y le sale un huevo frito? \u00bfy a una vaca que s\u00f3lo da [&hellip;]<\/p>\n","protected":false},"author":6,"featured_media":0,"parent":0,"menu_order":0,"comment_status":"closed","ping_status":"closed","template":"","meta":{"yasr_overall_rating":0,"yasr_post_is_review":"","yasr_auto_insert_disabled":"","yasr_review_type":""},"yasr_visitor_votes":{"number_of_votes":10,"sum_votes":38,"stars_attributes":{"read_only":false,"span_bottom":false}},"yoast_head":"<!-- This site is optimized with the Yoast SEO plugin v14.5 - https:\/\/yoast.com\/wordpress\/plugins\/seo\/ -->\n<meta name=\"description\" content=\"La poes\u00eda animales de la granja que no se esperan. Desternillante poema protagonizado por locos animales. \u00a1Incluye audiocuento gratis con efectos sonoros!\" \/>\n<meta name=\"robots\" content=\"index, follow\" \/>\n<meta name=\"googlebot\" content=\"index, follow, max-snippet:-1, max-image-preview:large, max-video-preview:-1\" \/>\n<meta name=\"bingbot\" content=\"index, follow, max-snippet:-1, max-image-preview:large, max-video-preview:-1\" \/>\n<link rel=\"canonical\" href=\"https:\/\/www.mumablue.com\/blog\/poesia-animales-de-la-granja-divertida-y-original\/\" \/>\n<meta property=\"og:locale\" content=\"es_ES\" \/>\n<meta property=\"og:type\" content=\"article\" \/>\n<meta property=\"og:title\" content=\"Poes\u00eda animales de la granja divertida y original - Blog Mumablue\" \/>\n<meta property=\"og:description\" content=\"La poes\u00eda animales de la granja que no se esperan. Desternillante poema protagonizado por locos animales. \u00a1Incluye audiocuento gratis con efectos sonoros!\" \/>\n<meta property=\"og:url\" content=\"https:\/\/www.mumablue.com\/blog\/poesia-animales-de-la-granja-divertida-y-original\/\" \/>\n<meta property=\"og:site_name\" content=\"Blog Mumablue\" \/>\n<meta property=\"article:publisher\" content=\"https:\/\/www.facebook.com\/mumablue\/\" \/>\n<meta property=\"article:modified_time\" content=\"2025-06-03T08:30:36+00:00\" \/>\n<meta property=\"og:image\" content=\"https:\/\/www.mumablue.com\/blog\/wp-content\/uploads\/2021\/04\/La-Granja-Majareta_.jpg\" \/>\n<meta name=\"twitter:card\" content=\"summary_large_image\" \/>\n<script type=\"application\/ld+json\" class=\"yoast-schema-graph\">{\"@context\":\"https:\/\/schema.org\",\"@graph\":[{\"@type\":\"Organization\",\"@id\":\"https:\/\/www.mumablue.com\/blog\/#organization\",\"name\":\"Mumablue\",\"url\":\"https:\/\/www.mumablue.com\/blog\/\",\"sameAs\":[\"https:\/\/www.facebook.com\/mumablue\/\",\"https:\/\/www.instagram.com\/mumablue\/?hl=es\"],\"logo\":{\"@type\":\"ImageObject\",\"@id\":\"https:\/\/www.mumablue.com\/blog\/#logo\",\"inLanguage\":\"es\",\"url\":\"https:\/\/www.mumablue.com\/blog\/wp-content\/uploads\/2020\/05\/Blog-Mumablue.png\",\"width\":749,\"height\":269,\"caption\":\"Mumablue\"},\"image\":{\"@id\":\"https:\/\/www.mumablue.com\/blog\/#logo\"}},{\"@type\":\"WebSite\",\"@id\":\"https:\/\/www.mumablue.com\/blog\/#website\",\"url\":\"https:\/\/www.mumablue.com\/blog\/\",\"name\":\"Blog Mumablue\",\"description\":\"Un blog de cuentos y audiocuentos gratis para ni\\u00f1os.\",\"publisher\":{\"@id\":\"https:\/\/www.mumablue.com\/blog\/#organization\"},\"potentialAction\":[{\"@type\":\"SearchAction\",\"target\":\"https:\/\/www.mumablue.com\/blog\/?s={search_term_string}\",\"query-input\":\"required name=search_term_string\"}],\"inLanguage\":\"es\"},{\"@type\":\"ImageObject\",\"@id\":\"https:\/\/www.mumablue.com\/blog\/poesia-animales-de-la-granja-divertida-y-original\/#primaryimage\",\"inLanguage\":\"es\",\"url\":\"https:\/\/www.mumablue.com\/blog\/wp-content\/uploads\/2021\/04\/La-Granja-Majareta_.jpg\",\"width\":500,\"height\":500,\"caption\":\"Poes\\u00eda animales de la granja\"},{\"@type\":\"WebPage\",\"@id\":\"https:\/\/www.mumablue.com\/blog\/poesia-animales-de-la-granja-divertida-y-original\/#webpage\",\"url\":\"https:\/\/www.mumablue.com\/blog\/poesia-animales-de-la-granja-divertida-y-original\/\",\"name\":\"Poes\\u00eda animales de la granja divertida y original - Blog Mumablue\",\"isPartOf\":{\"@id\":\"https:\/\/www.mumablue.com\/blog\/#website\"},\"primaryImageOfPage\":{\"@id\":\"https:\/\/www.mumablue.com\/blog\/poesia-animales-de-la-granja-divertida-y-original\/#primaryimage\"},\"datePublished\":\"2021-04-05T17:06:45+00:00\",\"dateModified\":\"2025-06-03T08:30:36+00:00\",\"description\":\"La poes\\u00eda animales de la granja que no se esperan. Desternillante poema protagonizado por locos animales. \\u00a1Incluye audiocuento gratis con efectos sonoros!\",\"inLanguage\":\"es\",\"potentialAction\":[{\"@type\":\"ReadAction\",\"target\":[\"https:\/\/www.mumablue.com\/blog\/poesia-animales-de-la-granja-divertida-y-original\/\"]}]}]}<\/script>\n<!-- \/ Yoast SEO plugin. -->","_links":{"self":[{"href":"https:\/\/www.mumablue.com\/blog\/wp-json\/wp\/v2\/pages\/3772"}],"collection":[{"href":"https:\/\/www.mumablue.com\/blog\/wp-json\/wp\/v2\/pages"}],"about":[{"href":"https:\/\/www.mumablue.com\/blog\/wp-json\/wp\/v2\/types\/page"}],"author":[{"embeddable":true,"href":"https:\/\/www.mumablue.com\/blog\/wp-json\/wp\/v2\/users\/6"}],"replies":[{"embeddable":true,"href":"https:\/\/www.mumablue.com\/blog\/wp-json\/wp\/v2\/comments?post=3772"}],"version-history":[{"count":12,"href":"https:\/\/www.mumablue.com\/blog\/wp-json\/wp\/v2\/pages\/3772\/revisions"}],"predecessor-version":[{"id":7656,"href":"https:\/\/www.mumablue.com\/blog\/wp-json\/wp\/v2\/pages\/3772\/revisions\/7656"}],"wp:attachment":[{"href":"https:\/\/www.mumablue.com\/blog\/wp-json\/wp\/v2\/media?parent=3772"}],"curies":[{"name":"wp","href":"https:\/\/api.w.org\/{rel}","templated":true}]}}