{"id":3663,"date":"2021-03-11T09:33:18","date_gmt":"2021-03-11T09:33:18","guid":{"rendered":"https:\/\/mumablue.com\/blog\/?page_id=3663"},"modified":"2021-03-11T10:10:45","modified_gmt":"2021-03-11T10:10:45","slug":"cuentos-personalizados-para-ninos-gratis","status":"publish","type":"page","link":"https:\/\/www.mumablue.com\/blog\/cuentos-personalizados-para-ninos-gratis\/","title":{"rendered":"Cuentos personalizados para ni\u00f1os gratis \u00a1Desc\u00fabrelos!"},"content":{"rendered":"<p><img decoding=\"async\" loading=\"lazy\" class=\"alignnone size-full wp-image-3679\" src=\"https:\/\/www.mumablue.com\/blog\/wp-content\/uploads\/2021\/03\/Cuento-personalizado-para-dos-ni\u00f1os.jpg\" alt=\"Cuentos personalizados infantiles gratis\" width=\"715\" height=\"363\" srcset=\"https:\/\/www.mumablue.com\/blog\/wp-content\/uploads\/2021\/03\/Cuento-personalizado-para-dos-ni\u00f1os.jpg 715w, https:\/\/www.mumablue.com\/blog\/wp-content\/uploads\/2021\/03\/Cuento-personalizado-para-dos-ni\u00f1os-300x152.jpg 300w, https:\/\/www.mumablue.com\/blog\/wp-content\/uploads\/2021\/03\/Cuento-personalizado-para-dos-ni\u00f1os-624x317.jpg 624w\" sizes=\"(max-width: 715px) 100vw, 715px\" \/><\/p>\n<p>\u00a1Te ofrecemos los cuentos personalizados para ni\u00f1os gratis m\u00e1s maravillosos del mundo! S\u00ed, has le\u00eddo bien. En la web de Mumablue <strong>puedes personalizar a tu peque y acceder directamente al cuento completo, de principio a fin.<\/strong> \u00a1Pod\u00e9is leer uno diferente cada d\u00eda de la semana!<\/p>\n<p>\u00bfGratis? Pero, \u00bfc\u00f3mo es posible? Mumablue naci\u00f3<strong> con el objetivo de acercar la lectura a los m\u00e1s peque\u00f1os y despertar su amor por los libros<\/strong> gracias al atractivo de la personalizaci\u00f3n. \u00a1Pensamos que si el ni\u00f1o protagoniza una bonita historia en primera persona, ser\u00e1 m\u00e1s f\u00e1cil que germine en \u00e9l el h\u00e1bito de lectura!<\/p>\n<p><!--more--><\/p>\n<p>Los cuentos personalizados Mumablue se venden en papel para quien quiera comprarlos y hacer un bonito e inolvidable regalo. Pero <strong>todos ellos pueden personalizarse y leerse completamente gratis en la web<\/strong>. \u00a1Son historias incre\u00edbles que les encantan! Adem\u00e1s, son cuentos llenos de valores que los ni\u00f1os integran de manera natural al protagonizar las vivencias en primera persona.<\/p>\n<h2>7 cuentos personalizados para ni\u00f1os gratis<\/h2>\n<p><strong>Planeta Gelatina<\/strong><\/p>\n<p>En Planeta Gelatina el peque\u00f1o protagonista se enfrenta a una situaci\u00f3n inaudita: <strong>unos extraterrestres han robado la gravedad<\/strong>\u00a0y ahora todo flota por los aires. El valiente protagonista, acompa\u00f1ado por una mascota muy peculiar, viajar\u00e1 al planeta Gelatina para lograr restaurar la gravedad en el planeta Tierra.<\/p>\n<p><span style=\"color: #0000ff;\"><a style=\"color: #0000ff;\" href=\"https:\/\/www.mumablue.com\/esp\/nuestros-cuentos-personalizados\/planeta-gelatina\">Personal\u00edzalo para verlo y leerlo gratis<\/a><\/span>.<\/p>\n<h3><img decoding=\"async\" loading=\"lazy\" class=\"alignnone size-full wp-image-3665\" src=\"https:\/\/www.mumablue.com\/blog\/wp-content\/uploads\/2021\/03\/Cuento-personalizado-extraterrestres.jpg\" alt=\"cuentos personalizados para ni\u00f1os gratis\" width=\"715\" height=\"362\" srcset=\"https:\/\/www.mumablue.com\/blog\/wp-content\/uploads\/2021\/03\/Cuento-personalizado-extraterrestres.jpg 715w, https:\/\/www.mumablue.com\/blog\/wp-content\/uploads\/2021\/03\/Cuento-personalizado-extraterrestres-300x152.jpg 300w, https:\/\/www.mumablue.com\/blog\/wp-content\/uploads\/2021\/03\/Cuento-personalizado-extraterrestres-624x316.jpg 624w\" sizes=\"(max-width: 715px) 100vw, 715px\" \/><\/h3>\n<p><strong>El Reino de Miri\u00f1\u00e1n<\/strong><\/p>\n<p>En esta extraordinaria aventura, tu peque ser\u00e1 elegido para salvar a los unicornios, quienes tuvieron que abandonar El Reino de Miri\u00f1\u00e1n hace muchos a\u00f1os, porque la codicia de los hombres les llevaba a robar sus huevos de oro. <strong>Un viaje lleno de peligros y sorpresas en el que aprender\u00e1 a respetar el entorno<\/strong> y a los animales.<\/p>\n<p><a href=\"https:\/\/www.mumablue.com\/esp\/nuestros-cuentos-personalizados\/el-reino-de-mirinian\" target=\"_blank\" rel=\"noopener noreferrer\"><span style=\"color: #0000ff;\">Personal\u00edzalo para verlo y leerlo gratis<\/span><\/a><\/p>\n<p><strong>Aventuras en Alaska<\/strong><\/p>\n<p>Tu peque pasar\u00e1 las vacaciones de verano en Alaska. All\u00ed le esperan sus amigos, los osos. Pero algo ha cambiado: el grupo ha dado de lado a Sam porque le consideran un oso lento y torpe. Con la ayuda de su peque\u00f1o amigo, Sam recuperar\u00e1 la confianza en s\u00ed mismo y el cari\u00f1o de sus compa\u00f1eros. <strong>Una historia que trata el problema del <em>bulliyng<\/em> y ayuda a luchar contra \u00e9l.<\/strong><\/p>\n<p><a href=\"https:\/\/www.mumablue.com\/esp\/nuestros-cuentos-personalizados\/aventuras-en-alaska\" target=\"_blank\" rel=\"noopener noreferrer\"><span style=\"color: #0000ff;\">Personal\u00edzalo para verlo y leerlo gratis<\/span><\/a><\/p>\n<p><strong>Burbujas<\/strong><\/p>\n<p>A tu peque le encanta jugar en la playa, pero le asusta much\u00edsimo el mar: cree que bajo el agua le esperan terribles monstruos. A Marena, la tortuga, le encanta jugar en el fondo del mar, pero le tiene un miedo atroz a la orilla: cree que la arena la atrapar\u00e1. Cuando ambos se encuentren, descubrir\u00e1n que no tienen nada que temer y que ambos mundos son maravillosos. <strong>Burbujas es un cuento para superar los miedos<\/strong>, ideal para los ni\u00f1os m\u00e1s peque\u00f1itos, aunque apto para todos por la bonita historia de amistad que subyace.<\/p>\n<p><a href=\"https:\/\/www.mumablue.com\/esp\/nuestros-cuentos-personalizados\/burbujas\" target=\"_blank\" rel=\"noopener noreferrer\"><span style=\"color: #0000ff;\">Personal\u00edzalo para verlo y leerlo gratis<\/span><\/a><\/p>\n<p><strong><img decoding=\"async\" loading=\"lazy\" class=\"alignnone size-full wp-image-3671\" src=\"https:\/\/www.mumablue.com\/blog\/wp-content\/uploads\/2021\/03\/Cuento-superar-los-miedos-gratis.jpg\" alt=\"cuentos personalizados para ni\u00f1os gratis\" width=\"715\" height=\"364\" srcset=\"https:\/\/www.mumablue.com\/blog\/wp-content\/uploads\/2021\/03\/Cuento-superar-los-miedos-gratis.jpg 715w, https:\/\/www.mumablue.com\/blog\/wp-content\/uploads\/2021\/03\/Cuento-superar-los-miedos-gratis-300x153.jpg 300w, https:\/\/www.mumablue.com\/blog\/wp-content\/uploads\/2021\/03\/Cuento-superar-los-miedos-gratis-624x318.jpg 624w\" sizes=\"(max-width: 715px) 100vw, 715px\" \/><\/strong><\/p>\n<p><strong>Superpoderes<\/strong><\/p>\n<p>Es el D\u00eda de los Inventos en el colegio, y uno de los artilugios llama la atenci\u00f3n de tu peque. Se trata de \u00abEl podereitor\u00bb, una m\u00e1quina capaz de otorgar superpoderes. Pero un accidente har\u00e1 que en el cole se origine un incendio. Ser\u00e1 tu peque, precisamente, quien mantenga la sangre fr\u00eda y se encargue de extinguirlo, gracias a este acontecimiento,<strong> tu peque descubrir\u00e1 los superpoderes que ya llevaba dentro<\/strong>: paciencia, tenacidad, valor, fuerza e inteligencia. \u00a1Ser\u00e1 un aut\u00e9ntico superh\u00e9roe!<\/p>\n<p><span style=\"color: #0000ff;\"><a style=\"color: #0000ff;\" href=\"https:\/\/www.mumablue.com\/esp\/nuestros-cuentos-personalizados\/superpoderes\" target=\"_blank\" rel=\"noopener noreferrer\">Personal\u00edzalo para verlo y leerlo gratis<\/a><\/span><\/p>\n<p><strong>Chucheritis<\/strong><\/p>\n<p>En este <strong>cuento personalizado para dos hermanos, tus peques vivir\u00e1n una emocionante aventura<\/strong> llena de peligros junto a su nueva amiga, la ardilla Li. Aprender\u00e1n el valor de la lealtad, de la amistad y entender\u00e1n por qu\u00e9 deben ser moderados y no comer tantas golosinas. Si no tiene hermanos, podr\u00e1s elegir como co-protagonista, junto a tu peque, a un primo o a su mejor amigo.<\/p>\n<p><span style=\"color: #0000ff;\"><a style=\"color: #0000ff;\" href=\"https:\/\/www.mumablue.com\/esp\/nuestros-cuentos-personalizados\/chucheritis-es\" target=\"_blank\" rel=\"noopener noreferrer\">Personal\u00edzalo para verlo y leerlo gratis<\/a><\/span><\/p>\n<p><strong>Juntos<\/strong><\/p>\n<p>Juntos es el cuento personalizado en el que<strong> tu peque protagonizar\u00e1 una tierna historia familiar junto a ti<\/strong>, o junto a ti y tu pareja u otro miembro de la familia que elijas. \u00a1En juntos t\u00fa tambi\u00e9n eres protagonista! Entender\u00e1 c\u00f3mo las actividades cotidianas pueden convertirse en maravillosas aventuras gracias a la imaginaci\u00f3n y a la atenci\u00f3n recibida por parte de los adultos con los que convive. Est\u00e1 disponible para familias monoparentales, progenitores del mismo g\u00e9nero, t\u00edos o abuelos. \u00a1No os lo pod\u00e9is perder!<\/p>\n<p><span style=\"color: #0000ff;\"><a style=\"color: #0000ff;\" href=\"https:\/\/www.mumablue.com\/esp\/nuestros-cuentos-personalizados\/juntos-es\">Personal\u00edzalo para verlo y leerlo gratis<\/a><\/span><\/p>\n<h2>\u00a1Hay m\u00e1s! Audiocuentos gratis que les alejar\u00e1n de las pantallas<\/h2>\n<p>Espera, porque esto no es todo. En Mumablue apostamos tambi\u00e9n por la narrativa de audio. Por eso hace tiempo creamos <strong>un podcast infantil titulado Pequehistorias<\/strong>. En \u00e9l podr\u00e1s encontrar numerosos audiocuentos de todos los g\u00e9neros y categor\u00edas y escucharlos completamente gratis, sin interrupciones publicitarias. \u00a1A los peques les encantan!\u00a0 Y no es que lo digamos nosotros <strong>\u00a1En tan solo un a\u00f1o han superado las 300.000 escuchas!<\/strong><\/p>\n<p>Te dejamos como ejemplo \u00abCaperucita Rebelde\u00bb, el m\u00e1s exitoso hasta la fecha.<\/p>\n<div id=\"buzzsprout-player-6395023\"><\/div>\n<p><script src=\"https:\/\/www.buzzsprout.com\/937792\/6395023-caperucita-rebelde.js?container_id=buzzsprout-player-6395023&#038;player=small\" type=\"text\/javascript\" charset=\"utf-8\"><\/script><\/p>\n<p><span style=\"color: #0000ff;\"><a style=\"color: #0000ff;\" href=\"https:\/\/www.mumablue.com\/blog\/pequehistorias\/\">Escucha m\u00e1s audiocuentos gratis para ni\u00f1os<\/a><\/span><\/p>\n<p>\u00bfA qu\u00e9 se debe su \u00e9xito? Pequehistorias surgi\u00f3 de una manera un poco amateur, durante el duro confinamiento de marzo de 2020. En Mumablue <strong>quisimos ofrecerle a los ni\u00f1os un contenido gratuito, divertido y educativo<\/strong> que les ayudara a evadirse del encierro y los mantuviera alejados de las pantallas, una preocupaci\u00f3n creciente entre los padres en aquellas circunstancias. Comenzamos grab\u00e1ndolo con un tel\u00e9fono m\u00f3vil y realizando el montaje mientras aprend\u00edamos, sobre la marcha, c\u00f3mo funcionaba el programa de edici\u00f3n.<\/p>\n<p>El hecho de que los medios t\u00e9cnicos y materiales fueran caseros (y esto est\u00e1 muy bien para las croquetas, pero no para los podcast), no fue impedimento para que los audiocuentos gratis Mumablue comenzaran a viralizarse. La raz\u00f3n estaba en que las historias, los guiones, la musicalizaci\u00f3n y el montaje estaban <strong>realizados seg\u00fan las pautas del radioteatro cl\u00e1sico de Radio Nacional de Espa\u00f1a<\/strong>, donde se form\u00f3 y trabaj\u00f3 varios a\u00f1os la escritora y locutora art\u00edfice del proyecto. As\u00ed que, aunque el sonido no fuera de 10, el proyecto enganch\u00f3 a los ni\u00f1os desde el primer momento. Un a\u00f1o despu\u00e9s, con mejor equipo y medios, las Pequehistorias ya pueden presumir de calidad en todos los aspectos.<\/p>\n<p>Entre el extenso cat\u00e1logo de nuestros audiocuentos gratis para ni\u00f1os hay propuestas para todos los gustos: <strong>divertidos poemas infantiles, desternillantes audiocuentos teatralizados, enternecedores relatos llenos de valores<\/strong>, recitales de poemas de literatura universal, mitos adaptados a los ni\u00f1os, adivinanzas, nanas&#8230; y, por supuesto, lecturas de nuestros cuentos personalizados para ni\u00f1os gratis. Algunos audiocuentos incluyen, al final, una secci\u00f3n titulada \u00abTe gustar\u00e1 saber qu\u00e9\u00bb, en la que ofrecemos informaci\u00f3n adicional y curiosidades sobre diferentes aspectos del relato.<strong> \u00a1Porque la cultura nos parece tan importante como la propia ficci\u00f3n!<\/strong><\/p>\n<h2><img decoding=\"async\" loading=\"lazy\" class=\"alignnone size-full wp-image-3674\" src=\"https:\/\/www.mumablue.com\/blog\/wp-content\/uploads\/2021\/03\/Cuento-personalizado-para-hermanos-1.jpg\" alt=\"cuentos infantiles personalizados gratis\" width=\"640\" height=\"594\" srcset=\"https:\/\/www.mumablue.com\/blog\/wp-content\/uploads\/2021\/03\/Cuento-personalizado-para-hermanos-1.jpg 640w, https:\/\/www.mumablue.com\/blog\/wp-content\/uploads\/2021\/03\/Cuento-personalizado-para-hermanos-1-300x278.jpg 300w, https:\/\/www.mumablue.com\/blog\/wp-content\/uploads\/2021\/03\/Cuento-personalizado-para-hermanos-1-624x579.jpg 624w\" sizes=\"(max-width: 640px) 100vw, 640px\" \/><\/h2>\n<h2>Ofrecemos cuentos personalizados para ni\u00f1os gratis porque queremos que lean<\/h2>\n<p>Como dec\u00edamos al principio, en Mumablue lo que m\u00e1s nos importa es acercar la lectura a los ni\u00f1os. Por eso <strong>todos nuestros cuentos son accesibles, completamente gratis, desde la primera a la \u00faltima p\u00e1gina. \u00a1Ah! Y si tu peque\u00a0<\/strong><\/p>\n<p>Adem\u00e1s, si alguno de estos cuentos personalizados para ni\u00f1os gratis se convierte en su favorito, <strong>se lo puedes regalar cuando llegue su cumple, por Navidad, en un evento especial<\/strong>\u00a0o simplemente para premiarle por alg\u00fan acontecimiento concreto. \u00a1Ya sabes lo que les gusta a los ni\u00f1os leer su cuento favorito una y otra, y otra vez! Poder leerlos todos al completo te ayudar\u00e1 a identificar cu\u00e1l es el que m\u00e1s le gusta. \u00a1As\u00ed siempre acertar\u00e1s con el regalo!<\/p>\n<p>Ah, antes de acabar, te damos un consejo: que nuestros cuentos personalizados para ni\u00f1os gratis <strong>los le\u00e1is en pantalla grande, usando un ordenador o una tablet, ya que en m\u00f3vil se ve muy peque\u00f1ito<\/strong> y no se disfruta tanto. Y, adem\u00e1s, sufre la vista. \u00a1Dejadnos un comentario a cambio diciendo cu\u00e1l os ha gustado m\u00e1s!<\/p>\n<div style='text-align:left' class='yasr-auto-insert-visitor'><\/div>","protected":false},"excerpt":{"rendered":"<p>\u00a1Te ofrecemos los cuentos personalizados para ni\u00f1os gratis m\u00e1s maravillosos del mundo! S\u00ed, has le\u00eddo bien. En la web de Mumablue puedes personalizar a tu peque y acceder directamente al cuento completo, de principio a fin. \u00a1Pod\u00e9is leer uno diferente cada d\u00eda de la semana! \u00bfGratis? Pero, \u00bfc\u00f3mo es posible? Mumablue naci\u00f3 con el objetivo [&hellip;]<\/p>\n","protected":false},"author":6,"featured_media":0,"parent":0,"menu_order":0,"comment_status":"closed","ping_status":"closed","template":"","meta":{"yasr_overall_rating":0,"yasr_post_is_review":"","yasr_auto_insert_disabled":"","yasr_review_type":"BlogPosting"},"yasr_visitor_votes":{"number_of_votes":3,"sum_votes":10,"stars_attributes":{"read_only":false,"span_bottom":false}},"yoast_head":"<!-- This site is optimized with the Yoast SEO plugin v14.5 - https:\/\/yoast.com\/wordpress\/plugins\/seo\/ -->\n<meta name=\"description\" content=\"Te explicamos c\u00f3mo acceder a diversos cuentos personalizados para ni\u00f1os gratis, donde tu peque ser\u00e1 el protagonista absoluto de la historia. \u00a1Disfrutadlos!\" \/>\n<meta name=\"robots\" content=\"index, follow\" \/>\n<meta name=\"googlebot\" content=\"index, follow, max-snippet:-1, max-image-preview:large, max-video-preview:-1\" \/>\n<meta name=\"bingbot\" content=\"index, follow, max-snippet:-1, max-image-preview:large, max-video-preview:-1\" \/>\n<link rel=\"canonical\" href=\"https:\/\/www.mumablue.com\/blog\/cuentos-personalizados-para-ninos-gratis\/\" \/>\n<meta property=\"og:locale\" content=\"es_ES\" \/>\n<meta property=\"og:type\" content=\"article\" \/>\n<meta property=\"og:title\" content=\"Cuentos personalizados para ni\u00f1os gratis \u00a1Desc\u00fabrelos! - Blog Mumablue\" \/>\n<meta property=\"og:description\" content=\"Te explicamos c\u00f3mo acceder a diversos cuentos personalizados para ni\u00f1os gratis, donde tu peque ser\u00e1 el protagonista absoluto de la historia. \u00a1Disfrutadlos!\" \/>\n<meta property=\"og:url\" content=\"https:\/\/www.mumablue.com\/blog\/cuentos-personalizados-para-ninos-gratis\/\" \/>\n<meta property=\"og:site_name\" content=\"Blog Mumablue\" \/>\n<meta property=\"article:publisher\" content=\"https:\/\/www.facebook.com\/mumablue\/\" \/>\n<meta property=\"article:modified_time\" content=\"2021-03-11T10:10:45+00:00\" \/>\n<meta property=\"og:image\" content=\"https:\/\/www.mumablue.com\/blog\/wp-content\/uploads\/2021\/03\/Cuento-personalizado-para-dos-ni\u00f1os.jpg\" \/>\n<meta name=\"twitter:card\" content=\"summary_large_image\" \/>\n<script type=\"application\/ld+json\" class=\"yoast-schema-graph\">{\"@context\":\"https:\/\/schema.org\",\"@graph\":[{\"@type\":\"Organization\",\"@id\":\"https:\/\/www.mumablue.com\/blog\/#organization\",\"name\":\"Mumablue\",\"url\":\"https:\/\/www.mumablue.com\/blog\/\",\"sameAs\":[\"https:\/\/www.facebook.com\/mumablue\/\",\"https:\/\/www.instagram.com\/mumablue\/?hl=es\"],\"logo\":{\"@type\":\"ImageObject\",\"@id\":\"https:\/\/www.mumablue.com\/blog\/#logo\",\"inLanguage\":\"es\",\"url\":\"https:\/\/www.mumablue.com\/blog\/wp-content\/uploads\/2020\/05\/Blog-Mumablue.png\",\"width\":749,\"height\":269,\"caption\":\"Mumablue\"},\"image\":{\"@id\":\"https:\/\/www.mumablue.com\/blog\/#logo\"}},{\"@type\":\"WebSite\",\"@id\":\"https:\/\/www.mumablue.com\/blog\/#website\",\"url\":\"https:\/\/www.mumablue.com\/blog\/\",\"name\":\"Blog Mumablue\",\"description\":\"Un blog de cuentos y audiocuentos gratis para ni\\u00f1os.\",\"publisher\":{\"@id\":\"https:\/\/www.mumablue.com\/blog\/#organization\"},\"potentialAction\":[{\"@type\":\"SearchAction\",\"target\":\"https:\/\/www.mumablue.com\/blog\/?s={search_term_string}\",\"query-input\":\"required name=search_term_string\"}],\"inLanguage\":\"es\"},{\"@type\":\"ImageObject\",\"@id\":\"https:\/\/www.mumablue.com\/blog\/cuentos-personalizados-para-ninos-gratis\/#primaryimage\",\"inLanguage\":\"es\",\"url\":\"https:\/\/www.mumablue.com\/blog\/wp-content\/uploads\/2021\/03\/Cuento-personalizado-para-dos-ni\\u00f1os.jpg\",\"width\":715,\"height\":363,\"caption\":\"Cuentos personalizados infantiles gratis\"},{\"@type\":\"WebPage\",\"@id\":\"https:\/\/www.mumablue.com\/blog\/cuentos-personalizados-para-ninos-gratis\/#webpage\",\"url\":\"https:\/\/www.mumablue.com\/blog\/cuentos-personalizados-para-ninos-gratis\/\",\"name\":\"Cuentos personalizados para ni\\u00f1os gratis \\u00a1Desc\\u00fabrelos! - Blog Mumablue\",\"isPartOf\":{\"@id\":\"https:\/\/www.mumablue.com\/blog\/#website\"},\"primaryImageOfPage\":{\"@id\":\"https:\/\/www.mumablue.com\/blog\/cuentos-personalizados-para-ninos-gratis\/#primaryimage\"},\"datePublished\":\"2021-03-11T09:33:18+00:00\",\"dateModified\":\"2021-03-11T10:10:45+00:00\",\"description\":\"Te explicamos c\\u00f3mo acceder a diversos cuentos personalizados para ni\\u00f1os gratis, donde tu peque ser\\u00e1 el protagonista absoluto de la historia. \\u00a1Disfrutadlos!\",\"inLanguage\":\"es\",\"potentialAction\":[{\"@type\":\"ReadAction\",\"target\":[\"https:\/\/www.mumablue.com\/blog\/cuentos-personalizados-para-ninos-gratis\/\"]}]}]}<\/script>\n<!-- \/ Yoast SEO plugin. -->","_links":{"self":[{"href":"https:\/\/www.mumablue.com\/blog\/wp-json\/wp\/v2\/pages\/3663"}],"collection":[{"href":"https:\/\/www.mumablue.com\/blog\/wp-json\/wp\/v2\/pages"}],"about":[{"href":"https:\/\/www.mumablue.com\/blog\/wp-json\/wp\/v2\/types\/page"}],"author":[{"embeddable":true,"href":"https:\/\/www.mumablue.com\/blog\/wp-json\/wp\/v2\/users\/6"}],"replies":[{"embeddable":true,"href":"https:\/\/www.mumablue.com\/blog\/wp-json\/wp\/v2\/comments?post=3663"}],"version-history":[{"count":7,"href":"https:\/\/www.mumablue.com\/blog\/wp-json\/wp\/v2\/pages\/3663\/revisions"}],"predecessor-version":[{"id":3683,"href":"https:\/\/www.mumablue.com\/blog\/wp-json\/wp\/v2\/pages\/3663\/revisions\/3683"}],"wp:attachment":[{"href":"https:\/\/www.mumablue.com\/blog\/wp-json\/wp\/v2\/media?parent=3663"}],"curies":[{"name":"wp","href":"https:\/\/api.w.org\/{rel}","templated":true}]}}