{"id":3642,"date":"2021-03-03T17:26:24","date_gmt":"2021-03-03T17:26:24","guid":{"rendered":"https:\/\/mumablue.com\/blog\/?page_id=3642"},"modified":"2023-05-10T09:08:33","modified_gmt":"2023-05-10T09:08:33","slug":"como-hacer-cuentos-personalizados-para-ninos-tutorial","status":"publish","type":"page","link":"https:\/\/www.mumablue.com\/blog\/como-hacer-cuentos-personalizados-para-ninos-tutorial\/","title":{"rendered":"C\u00f3mo hacer cuentos personalizados para ni\u00f1os (Tutorial)"},"content":{"rendered":"<p><img decoding=\"async\" loading=\"lazy\" class=\"alignnone size-full wp-image-3967\" src=\"https:\/\/www.mumablue.com\/blog\/wp-content\/uploads\/2021\/05\/Cuentos-foto-y-dedicatoria.jpg\" alt=\"Cuentos personalizados con foto\" width=\"500\" height=\"500\" srcset=\"https:\/\/www.mumablue.com\/blog\/wp-content\/uploads\/2021\/05\/Cuentos-foto-y-dedicatoria.jpg 500w, https:\/\/www.mumablue.com\/blog\/wp-content\/uploads\/2021\/05\/Cuentos-foto-y-dedicatoria-300x300.jpg 300w, https:\/\/www.mumablue.com\/blog\/wp-content\/uploads\/2021\/05\/Cuentos-foto-y-dedicatoria-150x150.jpg 150w\" sizes=\"(max-width: 500px) 100vw, 500px\" \/><\/p>\n<p>C\u00f3mo hacer cuentos personalizados para ni\u00f1os es muy sencillo si eliges la p\u00e1gina correcta. En Mumablue hemos creado un motor de personalizaci\u00f3n muy, muy, sencillo e intuitivo, con el que <strong>cualquier persona puede personalizar un cuento para el peque de la casa de forma r\u00e1pida<\/strong>&#8230; \u00a1y tambi\u00e9n divertida! S\u00ed, has le\u00eddo bien, porque esta herramienta te har\u00e1 pasar un buen rato combinando rasgos hasta que encuentres la ilustraci\u00f3n que sea id\u00e9ntica al ni\u00f1o al que le quieres regalar el cuento. \u00a1Es magia!<\/p>\n<p>\u00bfEres poco tecnol\u00f3gico? \u00bfNo entiendes mucho de \u00abesas cosas de ordenadores\u00bb o de Internet? \u00bfO simplemente buscas informaci\u00f3n antes de ponerte a personalizar a lo loco, para estar seguro? \u00a1No te preocupes! Sea cual sea tu caso, <strong>te explicamos a continuaci\u00f3n c\u00f3mo hacer cuentos personalizados para ni\u00f1os<\/strong> de manera f\u00e1cil y r\u00e1pida, sin que tengas que moverte de tu pl\u00e1cido sof\u00e1. S\u00ed, has le\u00eddo bien. Porque <strong>los cuentos personalizados se crean a trav\u00e9s de Internet<\/strong>. \u00a1Pero es m\u00e1s f\u00e1cil que lograr encontrar la planta de \u00abLibrer\u00eda\u00bb en un centro comercial, ya lo ver\u00e1s!<\/p>\n<p><!--more--><\/p>\n<h2>C\u00f3mo hacer cuentos personalizados para ni\u00f1os<\/h2>\n<p><strong>Lo primero que tienes que hacer es entrar en la <span style=\"color: #0000ff;\"><a style=\"color: #0000ff;\" href=\"https:\/\/www.mumablue.com\/?utm_source=blog&amp;utm_medium=blog-content&amp;utm_campaign=article-page&amp;utm_content=post-como-hacer-cuentos-personalizados\" target=\"_blank\" rel=\"noopener\">web de Mumablue<\/a><\/span><\/strong>, la marca de cuentos personalizados l\u00edder en Espa\u00f1a. \u00a1Es la que permite una mayor personalizaci\u00f3n, con hasta un mill\u00f3n de combinaciones de rasgos y complementos! Nada m\u00e1s entrar en la web te vas a dar cuenta de lo sencillo que es.<\/p>\n<p><img decoding=\"async\" loading=\"lazy\" class=\"alignnone wp-image-6221 size-full\" src=\"https:\/\/www.mumablue.com\/blog\/wp-content\/uploads\/2022\/09\/Mumablue-Cuentos-personalizados-para-ni\u00f1os.jpg\" alt=\"C\u00f3mo hacer cuentos personalizados para ni\u00f1os\" width=\"715\" height=\"413\" srcset=\"https:\/\/www.mumablue.com\/blog\/wp-content\/uploads\/2022\/09\/Mumablue-Cuentos-personalizados-para-ni\u00f1os.jpg 715w, https:\/\/www.mumablue.com\/blog\/wp-content\/uploads\/2022\/09\/Mumablue-Cuentos-personalizados-para-ni\u00f1os-300x173.jpg 300w, https:\/\/www.mumablue.com\/blog\/wp-content\/uploads\/2022\/09\/Mumablue-Cuentos-personalizados-para-ni\u00f1os-624x360.jpg 624w\" sizes=\"(max-width: 715px) 100vw, 715px\" \/><\/p>\n<p>Lo primero que tienes que hacer es<strong> elegir el cuento que le quieres regalar al peque <\/strong>de entre el extenso y diverso cat\u00e1logo de Mumablue. Puede que, a simple vista, ya sepas qu\u00e9 cuento es el perfecto para ese ni\u00f1o o ni\u00f1a que tanto quieres, pero te recomendamos que leas los argumentos antes de decidirte por uno u otro, para asegurarte de que se adapta completamente a los gustos del ni\u00f1o. Una vez que sepas cu\u00e1l es el cuento ideal, pulsa \u00abVer cuento\u00bb.<\/p>\n<p><img decoding=\"async\" loading=\"lazy\" class=\"alignnone wp-image-6224 size-full\" style=\"font-size: 1rem;\" src=\"https:\/\/www.mumablue.com\/blog\/wp-content\/uploads\/2022\/09\/Cuento-personalizado-de-piratas-para-regalar-Nombre-y-el-tesoro-pirata.jpg\" alt=\"cuentos originales para regalar\" width=\"715\" height=\"384\" srcset=\"https:\/\/www.mumablue.com\/blog\/wp-content\/uploads\/2022\/09\/Cuento-personalizado-de-piratas-para-regalar-Nombre-y-el-tesoro-pirata.jpg 715w, https:\/\/www.mumablue.com\/blog\/wp-content\/uploads\/2022\/09\/Cuento-personalizado-de-piratas-para-regalar-Nombre-y-el-tesoro-pirata-300x161.jpg 300w, https:\/\/www.mumablue.com\/blog\/wp-content\/uploads\/2022\/09\/Cuento-personalizado-de-piratas-para-regalar-Nombre-y-el-tesoro-pirata-624x335.jpg 624w\" sizes=\"(max-width: 715px) 100vw, 715px\" \/><\/p>\n<p>En esta p\u00e1gina hallar\u00e1s informaci\u00f3n m\u00e1s detallada sobre el t\u00edtulo elegido. Bajo la ficha del cuento encontrar\u00e1s <strong>unas casillas para definir el g\u00e9nero y escribir el nombre del peque<\/strong>. Recuerda escribir la primera letra del nombre con may\u00fascula, porque el nombre del ni\u00f1o aparecer\u00e1 en el cuento tal y como lo escribas en este momento. Una vez hecho esto, pulsa en \u00abPersonalizar mi cuento\u00bb<\/p>\n<p><img decoding=\"async\" loading=\"lazy\" class=\"alignnone wp-image-6227 size-full\" src=\"https:\/\/www.mumablue.com\/blog\/wp-content\/uploads\/2022\/09\/Personalizando-Nombre-y-el-tesoro-pirata.jpg\" alt=\"Crear cuentos personalizados para ni\u00f1os\" width=\"715\" height=\"355\" srcset=\"https:\/\/www.mumablue.com\/blog\/wp-content\/uploads\/2022\/09\/Personalizando-Nombre-y-el-tesoro-pirata.jpg 715w, https:\/\/www.mumablue.com\/blog\/wp-content\/uploads\/2022\/09\/Personalizando-Nombre-y-el-tesoro-pirata-300x149.jpg 300w, https:\/\/www.mumablue.com\/blog\/wp-content\/uploads\/2022\/09\/Personalizando-Nombre-y-el-tesoro-pirata-624x310.jpg 624w\" sizes=\"(max-width: 715px) 100vw, 715px\" \/><\/p>\n<p>Entonces pasar\u00e1s a esta pantalla, donde podr\u00e1s <strong>elegir el tipo, corte y color de pelo, la forma y color de los ojos,<\/strong> el color y caracter\u00edsticas de la piel, el color de las cejas, el color de la ropa&#8230; y tambi\u00e9n podr\u00e1s elegir entre distintos complementos como pendientes, adornos para el pelo o gafas. \u00a1Ah! Y como en Mumablue pensamos en todo tipo de ni\u00f1os, tambi\u00e9n puedes ponerle aud\u00edfono, en caso de que lo lleve.<\/p>\n<p>Una vez que tenemos creada la ilustraci\u00f3n del peque (\u00bfHas visto qu\u00e9 f\u00e1cil?), pulsaremos sobre el bot\u00f3n \u00abGuardar personaje\u00bb.<\/p>\n<p><img decoding=\"async\" loading=\"lazy\" class=\"alignnone wp-image-3656 size-full\" src=\"https:\/\/www.mumablue.com\/blog\/wp-content\/uploads\/2021\/03\/New-Project-19.jpg\" alt=\"C\u00f3mo hacer cuentos personalizados infantiles\" width=\"715\" height=\"431\" srcset=\"https:\/\/www.mumablue.com\/blog\/wp-content\/uploads\/2021\/03\/New-Project-19.jpg 715w, https:\/\/www.mumablue.com\/blog\/wp-content\/uploads\/2021\/03\/New-Project-19-300x181.jpg 300w, https:\/\/www.mumablue.com\/blog\/wp-content\/uploads\/2021\/03\/New-Project-19-624x376.jpg 624w\" sizes=\"(max-width: 715px) 100vw, 715px\" \/><\/p>\n<p>Entonces se te abrir\u00e1 una pantalla donde puedes elegir el idioma y la tipograf\u00eda, as\u00ed como ultimar los detalles de la personalizaci\u00f3n. <strong>Ponle cari\u00f1o, porque esta parte es la m\u00e1s personal, la que m\u00e1s tendr\u00e1 tanto de ti como del ni\u00f1o<\/strong>. Tendr\u00e1s que subir una foto del peque (si no tienes y no la puedes conseguir, no pasa nada, se pondr\u00e1 por defecto la imagen del ni\u00f1o ilustrada, la que acabas de crear).<\/p>\n<p><strong>Intenta que la foto tenga buena calidad (buena resoluci\u00f3n, que no est\u00e9 borrosa)<\/strong> y cuida que el peque salga guapo, que no est\u00e9 cortado y que tenga un fondo bonito, atractivo. \u00a1Es un recuerdo para toda la vida, debe ser una foto digna de contemplar a\u00f1o tras a\u00f1o!<\/p>\n<p>Tambi\u00e9n puedes personalizar la dedicatoria. Es aqu\u00ed donde puedes hacer el regalo mucho m\u00e1s \u00abtuyo\u00bb. Para ello, <strong>escribe un breve y emotivo texto en la casilla grande.<\/strong> \u00bfNo se te ocurre nada? No te preocupes, tambi\u00e9n puedes dejar el que nosotros hemos escrito por ti. Una vez que lo tengas todo listo, pulsa en \u00abContinuar\u00bb y&#8230; <strong>\u00a1voil\u00e0! Ya tienes cuento personalizado listo<\/strong>. Para ver c\u00f3mo a quedado, <strong>puedes acceder a una previsualizaci\u00f3n completa totalmente gratis.<\/strong><\/p>\n<p><img decoding=\"async\" loading=\"lazy\" class=\"alignnone size-full wp-image-3659\" src=\"https:\/\/www.mumablue.com\/blog\/wp-content\/uploads\/2021\/03\/Tutorial-cuentos-personalizados-4.png\" alt=\"C\u00f3mo hacer cuentos personalizados para ni\u00f1os\" width=\"1459\" height=\"815\" srcset=\"https:\/\/www.mumablue.com\/blog\/wp-content\/uploads\/2021\/03\/Tutorial-cuentos-personalizados-4.png 1459w, https:\/\/www.mumablue.com\/blog\/wp-content\/uploads\/2021\/03\/Tutorial-cuentos-personalizados-4-300x168.png 300w, https:\/\/www.mumablue.com\/blog\/wp-content\/uploads\/2021\/03\/Tutorial-cuentos-personalizados-4-1024x572.png 1024w, https:\/\/www.mumablue.com\/blog\/wp-content\/uploads\/2021\/03\/Tutorial-cuentos-personalizados-4-768x429.png 768w, https:\/\/www.mumablue.com\/blog\/wp-content\/uploads\/2021\/03\/Tutorial-cuentos-personalizados-4-624x349.png 624w\" sizes=\"(max-width: 1459px) 100vw, 1459px\" \/><\/p>\n<p>\u00bfTe gusta? \u00bfS\u00ed? \u00a1Genial! Pues ahora s\u00f3lo tienes que pulsar en \u00abA\u00f1adir al carrito\u00bb y <strong>realizar tu pedido como lo har\u00edas en cualquier web de compra online<\/strong>. Si tienes cualquier duda, puedes contactar con nosotros escribiendo un mail a soporte@mumablue.com. Si prefieres averiguar c\u00f3mo hacer cuentos personalizados de un modo m\u00e1s r\u00e1pido, puedes ver este v\u00eddeo. Es probable que el aspecto actual de la p\u00e1gina haya variado un poco, pero te ayudar\u00e1 a comprender los pasos para crear este regalo tan especial.<\/p>\n<p><iframe loading=\"lazy\" title=\"\u00bfC\u00f3mo hacer un cuento personalizado Mumablue?\" width=\"625\" height=\"352\" src=\"https:\/\/www.youtube.com\/embed\/mu_fw0P745k?feature=oembed\" frameborder=\"0\" allow=\"accelerometer; autoplay; clipboard-write; encrypted-media; gyroscope; picture-in-picture; web-share\" allowfullscreen><\/iframe><\/p>\n<p>\u00a1Esperamos haber resuelto tus dudas sobre c\u00f3mo hacer cuentos personalizados! \u00a1Seguro que a tu peque le va a encantar el regalo! <strong>Ah, antes de continuar, averigua si hay alguna promoci\u00f3n activa.<\/strong> Aqu\u00ed puedes leer sobre <span style=\"color: #0000ff;\"><a style=\"color: #0000ff;\" href=\"https:\/\/www.mumablue.com\/blog\/descuentos-mumablue-como-los-consigo\">c\u00f3mo conseguir un descuento en Mumablue<\/a><\/span>.<\/p>\n<div style='text-align:left' class='yasr-auto-insert-visitor'><\/div>","protected":false},"excerpt":{"rendered":"<p>C\u00f3mo hacer cuentos personalizados para ni\u00f1os es muy sencillo si eliges la p\u00e1gina correcta. En Mumablue hemos creado un motor de personalizaci\u00f3n muy, muy, sencillo e intuitivo, con el que cualquier persona puede personalizar un cuento para el peque de la casa de forma r\u00e1pida&#8230; \u00a1y tambi\u00e9n divertida! S\u00ed, has le\u00eddo bien, porque esta herramienta [&hellip;]<\/p>\n","protected":false},"author":6,"featured_media":0,"parent":0,"menu_order":0,"comment_status":"closed","ping_status":"closed","template":"","meta":{"yasr_overall_rating":0,"yasr_post_is_review":"","yasr_auto_insert_disabled":"","yasr_review_type":"BlogPosting"},"yasr_visitor_votes":{"number_of_votes":1,"sum_votes":1,"stars_attributes":{"read_only":false,"span_bottom":false}},"yoast_head":"<!-- This site is optimized with the Yoast SEO plugin v14.5 - https:\/\/yoast.com\/wordpress\/plugins\/seo\/ -->\n<meta name=\"description\" content=\"Te explicamos en detalle c\u00f3mo hacer cuentos personalizados de forma sencilla y r\u00e1pida. \u00a1Podr\u00e1s previsualizarlos enteros, gratis, y decidir cu\u00e1l quieres!\" \/>\n<meta name=\"robots\" content=\"index, follow\" \/>\n<meta name=\"googlebot\" content=\"index, follow, max-snippet:-1, max-image-preview:large, max-video-preview:-1\" \/>\n<meta name=\"bingbot\" content=\"index, follow, max-snippet:-1, max-image-preview:large, max-video-preview:-1\" \/>\n<link rel=\"canonical\" href=\"https:\/\/www.mumablue.com\/blog\/como-hacer-cuentos-personalizados-para-ninos-tutorial\/\" \/>\n<meta property=\"og:locale\" content=\"es_ES\" \/>\n<meta property=\"og:type\" content=\"article\" \/>\n<meta property=\"og:title\" content=\"C\u00f3mo hacer cuentos personalizados para ni\u00f1os (Tutorial) - Blog Mumablue\" \/>\n<meta property=\"og:description\" content=\"Te explicamos en detalle c\u00f3mo hacer cuentos personalizados de forma sencilla y r\u00e1pida. \u00a1Podr\u00e1s previsualizarlos enteros, gratis, y decidir cu\u00e1l quieres!\" \/>\n<meta property=\"og:url\" content=\"https:\/\/www.mumablue.com\/blog\/como-hacer-cuentos-personalizados-para-ninos-tutorial\/\" \/>\n<meta property=\"og:site_name\" content=\"Blog Mumablue\" \/>\n<meta property=\"article:publisher\" content=\"https:\/\/www.facebook.com\/mumablue\/\" \/>\n<meta property=\"article:modified_time\" content=\"2023-05-10T09:08:33+00:00\" \/>\n<meta property=\"og:image\" content=\"https:\/\/www.mumablue.com\/blog\/wp-content\/uploads\/2021\/05\/Cuentos-foto-y-dedicatoria.jpg\" \/>\n<meta name=\"twitter:card\" content=\"summary_large_image\" \/>\n<script type=\"application\/ld+json\" class=\"yoast-schema-graph\">{\"@context\":\"https:\/\/schema.org\",\"@graph\":[{\"@type\":\"Organization\",\"@id\":\"https:\/\/www.mumablue.com\/blog\/#organization\",\"name\":\"Mumablue\",\"url\":\"https:\/\/www.mumablue.com\/blog\/\",\"sameAs\":[\"https:\/\/www.facebook.com\/mumablue\/\",\"https:\/\/www.instagram.com\/mumablue\/?hl=es\"],\"logo\":{\"@type\":\"ImageObject\",\"@id\":\"https:\/\/www.mumablue.com\/blog\/#logo\",\"inLanguage\":\"es\",\"url\":\"https:\/\/www.mumablue.com\/blog\/wp-content\/uploads\/2020\/05\/Blog-Mumablue.png\",\"width\":749,\"height\":269,\"caption\":\"Mumablue\"},\"image\":{\"@id\":\"https:\/\/www.mumablue.com\/blog\/#logo\"}},{\"@type\":\"WebSite\",\"@id\":\"https:\/\/www.mumablue.com\/blog\/#website\",\"url\":\"https:\/\/www.mumablue.com\/blog\/\",\"name\":\"Blog Mumablue\",\"description\":\"Un blog de cuentos y audiocuentos gratis para ni\\u00f1os.\",\"publisher\":{\"@id\":\"https:\/\/www.mumablue.com\/blog\/#organization\"},\"potentialAction\":[{\"@type\":\"SearchAction\",\"target\":\"https:\/\/www.mumablue.com\/blog\/?s={search_term_string}\",\"query-input\":\"required name=search_term_string\"}],\"inLanguage\":\"es\"},{\"@type\":\"ImageObject\",\"@id\":\"https:\/\/www.mumablue.com\/blog\/como-hacer-cuentos-personalizados-para-ninos-tutorial\/#primaryimage\",\"inLanguage\":\"es\",\"url\":\"https:\/\/www.mumablue.com\/blog\/wp-content\/uploads\/2021\/05\/Cuentos-foto-y-dedicatoria.jpg\",\"width\":500,\"height\":500,\"caption\":\"Cuentos personalizados con foto\"},{\"@type\":\"WebPage\",\"@id\":\"https:\/\/www.mumablue.com\/blog\/como-hacer-cuentos-personalizados-para-ninos-tutorial\/#webpage\",\"url\":\"https:\/\/www.mumablue.com\/blog\/como-hacer-cuentos-personalizados-para-ninos-tutorial\/\",\"name\":\"C\\u00f3mo hacer cuentos personalizados para ni\\u00f1os (Tutorial) - Blog Mumablue\",\"isPartOf\":{\"@id\":\"https:\/\/www.mumablue.com\/blog\/#website\"},\"primaryImageOfPage\":{\"@id\":\"https:\/\/www.mumablue.com\/blog\/como-hacer-cuentos-personalizados-para-ninos-tutorial\/#primaryimage\"},\"datePublished\":\"2021-03-03T17:26:24+00:00\",\"dateModified\":\"2023-05-10T09:08:33+00:00\",\"description\":\"Te explicamos en detalle c\\u00f3mo hacer cuentos personalizados de forma sencilla y r\\u00e1pida. \\u00a1Podr\\u00e1s previsualizarlos enteros, gratis, y decidir cu\\u00e1l quieres!\",\"inLanguage\":\"es\",\"potentialAction\":[{\"@type\":\"ReadAction\",\"target\":[\"https:\/\/www.mumablue.com\/blog\/como-hacer-cuentos-personalizados-para-ninos-tutorial\/\"]}]}]}<\/script>\n<!-- \/ Yoast SEO plugin. -->","_links":{"self":[{"href":"https:\/\/www.mumablue.com\/blog\/wp-json\/wp\/v2\/pages\/3642"}],"collection":[{"href":"https:\/\/www.mumablue.com\/blog\/wp-json\/wp\/v2\/pages"}],"about":[{"href":"https:\/\/www.mumablue.com\/blog\/wp-json\/wp\/v2\/types\/page"}],"author":[{"embeddable":true,"href":"https:\/\/www.mumablue.com\/blog\/wp-json\/wp\/v2\/users\/6"}],"replies":[{"embeddable":true,"href":"https:\/\/www.mumablue.com\/blog\/wp-json\/wp\/v2\/comments?post=3642"}],"version-history":[{"count":7,"href":"https:\/\/www.mumablue.com\/blog\/wp-json\/wp\/v2\/pages\/3642\/revisions"}],"predecessor-version":[{"id":6836,"href":"https:\/\/www.mumablue.com\/blog\/wp-json\/wp\/v2\/pages\/3642\/revisions\/6836"}],"wp:attachment":[{"href":"https:\/\/www.mumablue.com\/blog\/wp-json\/wp\/v2\/media?parent=3642"}],"curies":[{"name":"wp","href":"https:\/\/api.w.org\/{rel}","templated":true}]}}